{"id":86849,"date":"2026-03-28T10:05:34","date_gmt":"2026-03-28T09:05:34","guid":{"rendered":"https:\/\/www.demosmobilia.ch\/product\/stehlampe-mit-lampenschirm-aus-architekturglas\/"},"modified":"2026-04-15T10:10:06","modified_gmt":"2026-04-15T08:10:06","slug":"stehlampe-mit-lampenschirm-aus-architekturglas","status":"publish","type":"product","link":"https:\/\/www.demosmobilia.ch\/de\/product\/stehlampe-mit-lampenschirm-aus-architekturglas\/","title":{"rendered":"Stehlampe mit Lampenschirm aus Architekturglas"},"content":{"rendered":"<p data-start=\"127\" data-end=\"734\"><strong data-start=\"127\" data-end=\"221\">Sergio Asti \u2013 Innovatives italienisches Design und funktionaler Modernismus<\/strong><br data-start=\"221\" data-end=\"224\">Sergio Asti (Mailand, 1926\u20132021) war ein f\u00fchrender italienischer Architekt und Designer, bekannt f\u00fcr seinen innovativen Ansatz im Industriedesign und bei Haushaltsobjekten. Asti zeichnete sich durch die F\u00e4higkeit aus, Funktionalit\u00e4t und Sch\u00f6nheit zu verbinden, mit klaren Linien, essenziellen Formen und modernen Materialien, und pr\u00e4gte damit nachhaltig das italienische Design der 1960er und 1970er Jahre. Seine Arbeiten reichen von M\u00f6beln bis hin zu Objekten aus Glas, Keramik, Metall und Holz, immer mit einem feinen Gesp\u00fcr f\u00fcr ausgewogene Proportionen und raffinierte Details.  <\/p>\n<p data-start=\"736\" data-end=\"1104\">Die Werke von Sergio Asti werden heute von Sammlern und Interior Designern wegen ihrer zeitlosen Eleganz und Anpassungsf\u00e4higkeit an moderne und zeitgen\u00f6ssische Interieurs sehr gesch\u00e4tzt. Zu seinen ikonischsten Kreationen z\u00e4hlen Lampen, Vasen, Sitzm\u00f6bel und Wohnaccessoires, die sich durch geometrische Reinheit und minimalistische Linien auszeichnen \u2013 ein typisches Merkmal des italienischen Mid-Century-Designs. <\/p>\n<p data-start=\"1106\" data-end=\"1502\">Ein herausragendes St\u00fcck aus unserer Kollektion ist eine Lampe, die Sergio Asti zugeschrieben wird, mit leichter, linearer Struktur, die Funktionalit\u00e4t und Eleganz vereint. Die Lampe spiegelt die geometrische Reinheit und proportionale Harmonie wider, die typisch f\u00fcr Astis Arbeiten sind, und ist ideal f\u00fcr moderne, minimalistische oder mid-century inspirierte Interieurs, dank ihrer raffinierten \u00c4sthetik und starken zeitgen\u00f6ssischen Identit\u00e4t. <\/p>\n","protected":false},"excerpt":{"rendered":"<p>Sergio Asti \u2013 Innovatives italienisches Design und funktionaler ModernismusSergio Asti (Mailand, 1926\u20132021) war ein f\u00fchrender italienischer Architekt und Designer, bekannt f\u00fcr seinen innovativen Ansatz im Industriedesign und bei Haushaltsobjekten. Asti zeichnete sich durch die F\u00e4higkeit aus, Funktionalit\u00e4t und Sch\u00f6nheit zu verbinden, mit klaren Linien, essenziellen Formen und modernen Materialien, und pr\u00e4gte damit nachhaltig das italienische Design der 1960er und 1970er Jahre. Seine Arbeiten reichen von M\u00f6beln bis hin zu Objekten aus Glas, Keramik, Metall und Holz, immer mit einem feinen Gesp\u00fcr f\u00fcr ausgewogene Proportionen und raffinierte Details. Die Werke von Sergio Asti werden heute von Sammlern und Interior Designern wegen ihrer zeitlosen Eleganz und Anpassungsf\u00e4higkeit<a class=\"more-link\" href=\"https:\/\/www.demosmobilia.ch\/de\/product\/stehlampe-mit-lampenschirm-aus-architekturglas\/\">Read More &rarr;<\/a><\/p>\n","protected":false},"featured_media":86820,"template":"","meta":{"_monsterinsights_skip_tracking":false,"_monsterinsights_sitenote_active":false,"_monsterinsights_sitenote_note":"","_monsterinsights_sitenote_category":0,"kk_blocks_editor_width":"","_kiokenblocks_attr":"","_kiokenblocks_dimensions":""},"product_cat":[4106,4124],"product_tag":[],"class_list":{"0":"entry","1":"author-demosmobilia","2":"post-86849","3":"product","4":"type-product","5":"status-publish","6":"has-post-thumbnail","7":"product_production-stilnovo","8":"product_year-1960-approx","9":"product_nation-italien-de","10":"product_cat-neuheiten","11":"product_cat-stehleuchten","12":"pa_product_dimension-dia-40-x-ht-157-cm","13":"pa_product_material-milchglas-poliertes-aluminium-aluminium-marmor","15":"first","16":"instock","17":"shipping-taxable","18":"purchasable","19":"product-type-simple"},"yoast_head":"<!-- This site is optimized with the Yoast SEO plugin v24.0 - https:\/\/yoast.com\/wordpress\/plugins\/seo\/ -->\n<title>Stehlampe mit Lampenschirm aus Architekturglas &#8211; demosmobilia<\/title>\n<meta name=\"robots\" content=\"index, follow, max-snippet:-1, max-image-preview:large, max-video-preview:-1\" \/>\n<link rel=\"canonical\" href=\"https:\/\/www.demosmobilia.ch\/de\/product\/stehlampe-mit-lampenschirm-aus-architekturglas\/\" \/>\n<meta property=\"og:locale\" content=\"de_DE\" \/>\n<meta property=\"og:type\" content=\"article\" \/>\n<meta property=\"og:title\" content=\"Stehlampe mit Lampenschirm aus Architekturglas &#8211; demosmobilia\" \/>\n<meta property=\"og:description\" content=\"Sergio Asti \u2013 Innovatives italienisches Design und funktionaler ModernismusSergio Asti (Mailand, 1926\u20132021) war ein f\u00fchrender italienischer Architekt und Designer, bekannt f\u00fcr seinen innovativen Ansatz im Industriedesign und bei Haushaltsobjekten. Asti zeichnete sich durch die F\u00e4higkeit aus, Funktionalit\u00e4t und Sch\u00f6nheit zu verbinden, mit klaren Linien, essenziellen Formen und modernen Materialien, und pr\u00e4gte damit nachhaltig das italienische Design der 1960er und 1970er Jahre. Seine Arbeiten reichen von M\u00f6beln bis hin zu Objekten aus Glas, Keramik, Metall und Holz, immer mit einem feinen Gesp\u00fcr f\u00fcr ausgewogene Proportionen und raffinierte Details. Die Werke von Sergio Asti werden heute von Sammlern und Interior Designern wegen ihrer zeitlosen Eleganz und Anpassungsf\u00e4higkeitRead More &rarr;\" \/>\n<meta property=\"og:url\" content=\"https:\/\/www.demosmobilia.ch\/de\/product\/stehlampe-mit-lampenschirm-aus-architekturglas\/\" \/>\n<meta property=\"og:site_name\" content=\"demosmobilia\" \/>\n<meta property=\"article:publisher\" content=\"https:\/\/www.facebook.com\/Demos-Mobilia-1137017453131445\/\" \/>\n<meta property=\"article:modified_time\" content=\"2026-04-15T08:10:06+00:00\" \/>\n<meta property=\"og:image\" content=\"https:\/\/www.demosmobilia.ch\/wp-content\/uploads\/2026\/03\/sergio-asti-floor-lamp-arteluce-italian-design-01.jpg\" \/>\n\t<meta property=\"og:image:width\" content=\"1200\" \/>\n\t<meta property=\"og:image:height\" content=\"900\" \/>\n\t<meta property=\"og:image:type\" content=\"image\/jpeg\" \/>\n<meta name=\"twitter:card\" content=\"summary_large_image\" \/>\n<meta name=\"twitter:label1\" content=\"Gesch\u00e4tzte Lesezeit\" \/>\n\t<meta name=\"twitter:data1\" content=\"1\u00a0Minute\" \/>\n<script type=\"application\/ld+json\" class=\"yoast-schema-graph\">{\"@context\":\"https:\/\/schema.org\",\"@graph\":[{\"@type\":\"WebPage\",\"@id\":\"https:\/\/www.demosmobilia.ch\/de\/product\/stehlampe-mit-lampenschirm-aus-architekturglas\/\",\"url\":\"https:\/\/www.demosmobilia.ch\/de\/product\/stehlampe-mit-lampenschirm-aus-architekturglas\/\",\"name\":\"Stehlampe mit Lampenschirm aus Architekturglas &#8211; demosmobilia\",\"isPartOf\":{\"@id\":\"https:\/\/www.demosmobilia.ch\/de\/#website\"},\"primaryImageOfPage\":{\"@id\":\"https:\/\/www.demosmobilia.ch\/de\/product\/stehlampe-mit-lampenschirm-aus-architekturglas\/#primaryimage\"},\"image\":{\"@id\":\"https:\/\/www.demosmobilia.ch\/de\/product\/stehlampe-mit-lampenschirm-aus-architekturglas\/#primaryimage\"},\"thumbnailUrl\":\"https:\/\/www.demosmobilia.ch\/wp-content\/uploads\/2026\/03\/sergio-asti-floor-lamp-arteluce-italian-design-01.jpg\",\"datePublished\":\"2026-03-28T09:05:34+00:00\",\"dateModified\":\"2026-04-15T08:10:06+00:00\",\"breadcrumb\":{\"@id\":\"https:\/\/www.demosmobilia.ch\/de\/product\/stehlampe-mit-lampenschirm-aus-architekturglas\/#breadcrumb\"},\"inLanguage\":\"de\",\"potentialAction\":[{\"@type\":\"ReadAction\",\"target\":[\"https:\/\/www.demosmobilia.ch\/de\/product\/stehlampe-mit-lampenschirm-aus-architekturglas\/\"]}]},{\"@type\":\"ImageObject\",\"inLanguage\":\"de\",\"@id\":\"https:\/\/www.demosmobilia.ch\/de\/product\/stehlampe-mit-lampenschirm-aus-architekturglas\/#primaryimage\",\"url\":\"https:\/\/www.demosmobilia.ch\/wp-content\/uploads\/2026\/03\/sergio-asti-floor-lamp-arteluce-italian-design-01.jpg\",\"contentUrl\":\"https:\/\/www.demosmobilia.ch\/wp-content\/uploads\/2026\/03\/sergio-asti-floor-lamp-arteluce-italian-design-01.jpg\",\"width\":1200,\"height\":900},{\"@type\":\"BreadcrumbList\",\"@id\":\"https:\/\/www.demosmobilia.ch\/de\/product\/stehlampe-mit-lampenschirm-aus-architekturglas\/#breadcrumb\",\"itemListElement\":[{\"@type\":\"ListItem\",\"position\":1,\"name\":\"Home\",\"item\":\"https:\/\/www.demosmobilia.ch\/de\/\"},{\"@type\":\"ListItem\",\"position\":2,\"name\":\"Produkte\",\"item\":\"https:\/\/www.demosmobilia.ch\/de\/shop\/\"},{\"@type\":\"ListItem\",\"position\":3,\"name\":\"Stehlampe mit Lampenschirm aus Architekturglas\"}]},{\"@type\":\"WebSite\",\"@id\":\"https:\/\/www.demosmobilia.ch\/de\/#website\",\"url\":\"https:\/\/www.demosmobilia.ch\/de\/\",\"name\":\"demosmobilia\",\"description\":\"Vintage Mid Century Modern Design Furniture from the &#039;30s to the &#039;80s\",\"publisher\":{\"@id\":\"https:\/\/www.demosmobilia.ch\/de\/#organization\"},\"potentialAction\":[{\"@type\":\"SearchAction\",\"target\":{\"@type\":\"EntryPoint\",\"urlTemplate\":\"https:\/\/www.demosmobilia.ch\/de\/?s={search_term_string}\"},\"query-input\":{\"@type\":\"PropertyValueSpecification\",\"valueRequired\":true,\"valueName\":\"search_term_string\"}}],\"inLanguage\":\"de\"},{\"@type\":\"Organization\",\"@id\":\"https:\/\/www.demosmobilia.ch\/de\/#organization\",\"name\":\"demosmobilia\",\"url\":\"https:\/\/www.demosmobilia.ch\/de\/\",\"logo\":{\"@type\":\"ImageObject\",\"inLanguage\":\"de\",\"@id\":\"https:\/\/www.demosmobilia.ch\/de\/#\/schema\/logo\/image\/\",\"url\":\"https:\/\/www.demosmobilia.ch\/wp-content\/uploads\/2020\/07\/demosmobilia-logo-2020-230-160.png\",\"contentUrl\":\"https:\/\/www.demosmobilia.ch\/wp-content\/uploads\/2020\/07\/demosmobilia-logo-2020-230-160.png\",\"width\":230,\"height\":160,\"caption\":\"demosmobilia\"},\"image\":{\"@id\":\"https:\/\/www.demosmobilia.ch\/de\/#\/schema\/logo\/image\/\"},\"sameAs\":[\"https:\/\/www.facebook.com\/Demos-Mobilia-1137017453131445\/\",\"https:\/\/www.instagram.com\/demosmobilia\/\"]}]}<\/script>\n<!-- \/ Yoast SEO plugin. -->","yoast_head_json":{"title":"Stehlampe mit Lampenschirm aus Architekturglas &#8211; demosmobilia","robots":{"index":"index","follow":"follow","max-snippet":"max-snippet:-1","max-image-preview":"max-image-preview:large","max-video-preview":"max-video-preview:-1"},"canonical":"https:\/\/www.demosmobilia.ch\/de\/product\/stehlampe-mit-lampenschirm-aus-architekturglas\/","og_locale":"de_DE","og_type":"article","og_title":"Stehlampe mit Lampenschirm aus Architekturglas &#8211; demosmobilia","og_description":"Sergio Asti \u2013 Innovatives italienisches Design und funktionaler ModernismusSergio Asti (Mailand, 1926\u20132021) war ein f\u00fchrender italienischer Architekt und Designer, bekannt f\u00fcr seinen innovativen Ansatz im Industriedesign und bei Haushaltsobjekten. Asti zeichnete sich durch die F\u00e4higkeit aus, Funktionalit\u00e4t und Sch\u00f6nheit zu verbinden, mit klaren Linien, essenziellen Formen und modernen Materialien, und pr\u00e4gte damit nachhaltig das italienische Design der 1960er und 1970er Jahre. Seine Arbeiten reichen von M\u00f6beln bis hin zu Objekten aus Glas, Keramik, Metall und Holz, immer mit einem feinen Gesp\u00fcr f\u00fcr ausgewogene Proportionen und raffinierte Details. Die Werke von Sergio Asti werden heute von Sammlern und Interior Designern wegen ihrer zeitlosen Eleganz und Anpassungsf\u00e4higkeitRead More &rarr;","og_url":"https:\/\/www.demosmobilia.ch\/de\/product\/stehlampe-mit-lampenschirm-aus-architekturglas\/","og_site_name":"demosmobilia","article_publisher":"https:\/\/www.facebook.com\/Demos-Mobilia-1137017453131445\/","article_modified_time":"2026-04-15T08:10:06+00:00","og_image":[{"width":1200,"height":900,"url":"https:\/\/www.demosmobilia.ch\/wp-content\/uploads\/2026\/03\/sergio-asti-floor-lamp-arteluce-italian-design-01.jpg","type":"image\/jpeg"}],"twitter_card":"summary_large_image","twitter_misc":{"Gesch\u00e4tzte Lesezeit":"1\u00a0Minute"},"schema":{"@context":"https:\/\/schema.org","@graph":[{"@type":"WebPage","@id":"https:\/\/www.demosmobilia.ch\/de\/product\/stehlampe-mit-lampenschirm-aus-architekturglas\/","url":"https:\/\/www.demosmobilia.ch\/de\/product\/stehlampe-mit-lampenschirm-aus-architekturglas\/","name":"Stehlampe mit Lampenschirm aus Architekturglas &#8211; demosmobilia","isPartOf":{"@id":"https:\/\/www.demosmobilia.ch\/de\/#website"},"primaryImageOfPage":{"@id":"https:\/\/www.demosmobilia.ch\/de\/product\/stehlampe-mit-lampenschirm-aus-architekturglas\/#primaryimage"},"image":{"@id":"https:\/\/www.demosmobilia.ch\/de\/product\/stehlampe-mit-lampenschirm-aus-architekturglas\/#primaryimage"},"thumbnailUrl":"https:\/\/www.demosmobilia.ch\/wp-content\/uploads\/2026\/03\/sergio-asti-floor-lamp-arteluce-italian-design-01.jpg","datePublished":"2026-03-28T09:05:34+00:00","dateModified":"2026-04-15T08:10:06+00:00","breadcrumb":{"@id":"https:\/\/www.demosmobilia.ch\/de\/product\/stehlampe-mit-lampenschirm-aus-architekturglas\/#breadcrumb"},"inLanguage":"de","potentialAction":[{"@type":"ReadAction","target":["https:\/\/www.demosmobilia.ch\/de\/product\/stehlampe-mit-lampenschirm-aus-architekturglas\/"]}]},{"@type":"ImageObject","inLanguage":"de","@id":"https:\/\/www.demosmobilia.ch\/de\/product\/stehlampe-mit-lampenschirm-aus-architekturglas\/#primaryimage","url":"https:\/\/www.demosmobilia.ch\/wp-content\/uploads\/2026\/03\/sergio-asti-floor-lamp-arteluce-italian-design-01.jpg","contentUrl":"https:\/\/www.demosmobilia.ch\/wp-content\/uploads\/2026\/03\/sergio-asti-floor-lamp-arteluce-italian-design-01.jpg","width":1200,"height":900},{"@type":"BreadcrumbList","@id":"https:\/\/www.demosmobilia.ch\/de\/product\/stehlampe-mit-lampenschirm-aus-architekturglas\/#breadcrumb","itemListElement":[{"@type":"ListItem","position":1,"name":"Home","item":"https:\/\/www.demosmobilia.ch\/de\/"},{"@type":"ListItem","position":2,"name":"Produkte","item":"https:\/\/www.demosmobilia.ch\/de\/shop\/"},{"@type":"ListItem","position":3,"name":"Stehlampe mit Lampenschirm aus Architekturglas"}]},{"@type":"WebSite","@id":"https:\/\/www.demosmobilia.ch\/de\/#website","url":"https:\/\/www.demosmobilia.ch\/de\/","name":"demosmobilia","description":"Vintage Mid Century Modern Design Furniture from the &#039;30s to the &#039;80s","publisher":{"@id":"https:\/\/www.demosmobilia.ch\/de\/#organization"},"potentialAction":[{"@type":"SearchAction","target":{"@type":"EntryPoint","urlTemplate":"https:\/\/www.demosmobilia.ch\/de\/?s={search_term_string}"},"query-input":{"@type":"PropertyValueSpecification","valueRequired":true,"valueName":"search_term_string"}}],"inLanguage":"de"},{"@type":"Organization","@id":"https:\/\/www.demosmobilia.ch\/de\/#organization","name":"demosmobilia","url":"https:\/\/www.demosmobilia.ch\/de\/","logo":{"@type":"ImageObject","inLanguage":"de","@id":"https:\/\/www.demosmobilia.ch\/de\/#\/schema\/logo\/image\/","url":"https:\/\/www.demosmobilia.ch\/wp-content\/uploads\/2020\/07\/demosmobilia-logo-2020-230-160.png","contentUrl":"https:\/\/www.demosmobilia.ch\/wp-content\/uploads\/2020\/07\/demosmobilia-logo-2020-230-160.png","width":230,"height":160,"caption":"demosmobilia"},"image":{"@id":"https:\/\/www.demosmobilia.ch\/de\/#\/schema\/logo\/image\/"},"sameAs":["https:\/\/www.facebook.com\/Demos-Mobilia-1137017453131445\/","https:\/\/www.instagram.com\/demosmobilia\/"]}]}},"_links":{"self":[{"href":"https:\/\/www.demosmobilia.ch\/de\/wp-json\/wp\/v2\/product\/86849","targetHints":{"allow":["GET"]}}],"collection":[{"href":"https:\/\/www.demosmobilia.ch\/de\/wp-json\/wp\/v2\/product"}],"about":[{"href":"https:\/\/www.demosmobilia.ch\/de\/wp-json\/wp\/v2\/types\/product"}],"wp:featuredmedia":[{"embeddable":true,"href":"https:\/\/www.demosmobilia.ch\/de\/wp-json\/wp\/v2\/media\/86820"}],"wp:attachment":[{"href":"https:\/\/www.demosmobilia.ch\/de\/wp-json\/wp\/v2\/media?parent=86849"}],"wp:term":[{"taxonomy":"product_cat","embeddable":true,"href":"https:\/\/www.demosmobilia.ch\/de\/wp-json\/wp\/v2\/product_cat?post=86849"},{"taxonomy":"product_tag","embeddable":true,"href":"https:\/\/www.demosmobilia.ch\/de\/wp-json\/wp\/v2\/product_tag?post=86849"}],"curies":[{"name":"wp","href":"https:\/\/api.w.org\/{rel}","templated":true}]}}