{"id":86815,"date":"2026-03-28T08:50:42","date_gmt":"2026-03-28T07:50:42","guid":{"rendered":"https:\/\/www.demosmobilia.ch\/product\/stehlampe-leather\/"},"modified":"2026-03-28T08:50:42","modified_gmt":"2026-03-28T07:50:42","slug":"stehlampe-leather","status":"publish","type":"product","link":"https:\/\/www.demosmobilia.ch\/de\/product\/stehlampe-leather\/","title":{"rendered":"Stehlampe \u201eLeather\u201c"},"content":{"rendered":"<p data-start=\"123\" data-end=\"758\">Jacques Adnet (1900\u20131984) war einer der einflussreichsten franz\u00f6sischen Designer des 20. Jahrhunderts, bekannt f\u00fcr seinen raffinierten Stil, der Art Deco und Modernismus verbindet. Als Innenarchitekt und Designer zeichnete sich Adnet durch die innovative Nutzung von Materialien wie Leder, Metall und Glas aus und schuf M\u00f6bel und Leuchten mit klaren Linien, ausgewogenen Proportionen und starker visueller Identit\u00e4t. Seine Zusammenarbeit mit renommierten franz\u00f6sischen Herstellern pr\u00e4gte den dezenten Luxus des Pariser Designs der Nachkriegszeit.  <\/p>\n<p data-start=\"749\" data-end=\"1072\">Die Arbeiten von Jacques Adnet sind heute auf dem Sammlermarkt sehr gefragt, da sie Funktionalit\u00e4t und Raffinesse perfekt kombinieren. Seine Kreationen \u2013 darunter Spiegel, Schreibtische, Sitzm\u00f6bel und Beleuchtung \u2013 verk\u00f6rpern zeitlose Eleganz, die ideal in gehobene zeitgen\u00f6ssische Interieurs passt. <\/p>\n<p data-start=\"1074\" data-end=\"1783\">Ein herausragendes Beispiel seiner Beleuchtungskunst ist die lederbezogene Stehleuchte, die in den 1970er Jahren von Valenti (Spanien) produziert wurde. Diese Stehleuchte besticht durch ihre schlanke Struktur und hochwertige Lederbespannung, ein charakteristisches Merkmal von Adnets Designsprache. Ihre markante, strukturierte Form vermittelt eine starke, deutlich maskuline \u00c4sthetik, verst\u00e4rkt durch die Verwendung edler Materialien und minimalistischer Linien. Das Ergebnis ist ein elegantes und zeitloses St\u00fcck, das sich perfekt in moderne, klassische oder Mid-Century-inspirierte Interieurs einf\u00fcgt. Heute sind Jacques Adnet-Stehleuchten von Valenti bei Sammlern und Interior Designern sehr gesch\u00e4tzt f\u00fcr ihre Handwerkskunst, Authentizit\u00e4t und ikonisches Design.    <\/p>\n","protected":false},"excerpt":{"rendered":"<p>Jacques Adnet (1900\u20131984) war einer der einflussreichsten franz\u00f6sischen Designer des 20. Jahrhunderts, bekannt f\u00fcr seinen raffinierten Stil, der Art Deco und Modernismus verbindet. Als Innenarchitekt und Designer zeichnete sich Adnet durch die innovative Nutzung von Materialien wie Leder, Metall und Glas aus und schuf M\u00f6bel und Leuchten mit klaren Linien, ausgewogenen Proportionen und starker visueller Identit\u00e4t. Seine Zusammenarbeit mit renommierten franz\u00f6sischen Herstellern pr\u00e4gte den dezenten Luxus des Pariser Designs der Nachkriegszeit. Die Arbeiten von Jacques Adnet sind heute auf dem Sammlermarkt sehr gefragt, da sie Funktionalit\u00e4t und Raffinesse perfekt kombinieren. Seine Kreationen \u2013 darunter Spiegel, Schreibtische, Sitzm\u00f6bel und Beleuchtung \u2013 verk\u00f6rpern zeitlose Eleganz, die ideal<a class=\"more-link\" href=\"https:\/\/www.demosmobilia.ch\/de\/product\/stehlampe-leather\/\">Read More &rarr;<\/a><\/p>\n","protected":false},"featured_media":86811,"template":"","meta":{"_monsterinsights_skip_tracking":false,"_monsterinsights_sitenote_active":false,"_monsterinsights_sitenote_note":"","_monsterinsights_sitenote_category":0,"kk_blocks_editor_width":"","_kiokenblocks_attr":"","_kiokenblocks_dimensions":""},"product_cat":[4106,4124],"product_tag":[14690],"class_list":{"0":"entry","1":"author-demosmobilia","2":"post-86815","3":"product","4":"type-product","5":"status-publish","6":"has-post-thumbnail","7":"product_production-valenti","8":"product_year-1970-approx","9":"product_nation-spanien","10":"product_cat-neuheiten","11":"product_cat-stehleuchten","12":"product_tag-adnet-jacques","13":"pa_product_dimension-40-x-dia-21-x-ht-148-cm","14":"pa_product_material-leder-aluminium","16":"first","17":"instock","18":"shipping-taxable","19":"product-type-simple"},"yoast_head":"<!-- This site is optimized with the Yoast SEO plugin v24.0 - https:\/\/yoast.com\/wordpress\/plugins\/seo\/ -->\n<title>Stehlampe \u201eLeather\u201c &#8211; demosmobilia<\/title>\n<meta name=\"robots\" content=\"index, follow, max-snippet:-1, max-image-preview:large, max-video-preview:-1\" \/>\n<link rel=\"canonical\" href=\"https:\/\/www.demosmobilia.ch\/de\/product\/stehlampe-leather\/\" \/>\n<meta property=\"og:locale\" content=\"de_DE\" \/>\n<meta property=\"og:type\" content=\"article\" \/>\n<meta property=\"og:title\" content=\"Stehlampe \u201eLeather\u201c &#8211; demosmobilia\" \/>\n<meta property=\"og:description\" content=\"Jacques Adnet (1900\u20131984) war einer der einflussreichsten franz\u00f6sischen Designer des 20. Jahrhunderts, bekannt f\u00fcr seinen raffinierten Stil, der Art Deco und Modernismus verbindet. Als Innenarchitekt und Designer zeichnete sich Adnet durch die innovative Nutzung von Materialien wie Leder, Metall und Glas aus und schuf M\u00f6bel und Leuchten mit klaren Linien, ausgewogenen Proportionen und starker visueller Identit\u00e4t. Seine Zusammenarbeit mit renommierten franz\u00f6sischen Herstellern pr\u00e4gte den dezenten Luxus des Pariser Designs der Nachkriegszeit. Die Arbeiten von Jacques Adnet sind heute auf dem Sammlermarkt sehr gefragt, da sie Funktionalit\u00e4t und Raffinesse perfekt kombinieren. Seine Kreationen \u2013 darunter Spiegel, Schreibtische, Sitzm\u00f6bel und Beleuchtung \u2013 verk\u00f6rpern zeitlose Eleganz, die idealRead More &rarr;\" \/>\n<meta property=\"og:url\" content=\"https:\/\/www.demosmobilia.ch\/de\/product\/stehlampe-leather\/\" \/>\n<meta property=\"og:site_name\" content=\"demosmobilia\" \/>\n<meta property=\"article:publisher\" content=\"https:\/\/www.facebook.com\/Demos-Mobilia-1137017453131445\/\" \/>\n<meta property=\"og:image\" content=\"https:\/\/www.demosmobilia.ch\/wp-content\/uploads\/2026\/03\/jacques-adnet-leather-floor-lamp-valenti-10-1.jpg\" \/>\n\t<meta property=\"og:image:width\" content=\"1200\" \/>\n\t<meta property=\"og:image:height\" content=\"900\" \/>\n\t<meta property=\"og:image:type\" content=\"image\/jpeg\" \/>\n<meta name=\"twitter:card\" content=\"summary_large_image\" \/>\n<meta name=\"twitter:label1\" content=\"Gesch\u00e4tzte Lesezeit\" \/>\n\t<meta name=\"twitter:data1\" content=\"1\u00a0Minute\" \/>\n<script type=\"application\/ld+json\" class=\"yoast-schema-graph\">{\"@context\":\"https:\/\/schema.org\",\"@graph\":[{\"@type\":\"WebPage\",\"@id\":\"https:\/\/www.demosmobilia.ch\/de\/product\/stehlampe-leather\/\",\"url\":\"https:\/\/www.demosmobilia.ch\/de\/product\/stehlampe-leather\/\",\"name\":\"Stehlampe \u201eLeather\u201c &#8211; demosmobilia\",\"isPartOf\":{\"@id\":\"https:\/\/www.demosmobilia.ch\/de\/#website\"},\"primaryImageOfPage\":{\"@id\":\"https:\/\/www.demosmobilia.ch\/de\/product\/stehlampe-leather\/#primaryimage\"},\"image\":{\"@id\":\"https:\/\/www.demosmobilia.ch\/de\/product\/stehlampe-leather\/#primaryimage\"},\"thumbnailUrl\":\"https:\/\/www.demosmobilia.ch\/wp-content\/uploads\/2026\/03\/jacques-adnet-leather-floor-lamp-valenti-10-1.jpg\",\"datePublished\":\"2026-03-28T07:50:42+00:00\",\"dateModified\":\"2026-03-28T07:50:42+00:00\",\"breadcrumb\":{\"@id\":\"https:\/\/www.demosmobilia.ch\/de\/product\/stehlampe-leather\/#breadcrumb\"},\"inLanguage\":\"de\",\"potentialAction\":[{\"@type\":\"ReadAction\",\"target\":[\"https:\/\/www.demosmobilia.ch\/de\/product\/stehlampe-leather\/\"]}]},{\"@type\":\"ImageObject\",\"inLanguage\":\"de\",\"@id\":\"https:\/\/www.demosmobilia.ch\/de\/product\/stehlampe-leather\/#primaryimage\",\"url\":\"https:\/\/www.demosmobilia.ch\/wp-content\/uploads\/2026\/03\/jacques-adnet-leather-floor-lamp-valenti-10-1.jpg\",\"contentUrl\":\"https:\/\/www.demosmobilia.ch\/wp-content\/uploads\/2026\/03\/jacques-adnet-leather-floor-lamp-valenti-10-1.jpg\",\"width\":1200,\"height\":900},{\"@type\":\"BreadcrumbList\",\"@id\":\"https:\/\/www.demosmobilia.ch\/de\/product\/stehlampe-leather\/#breadcrumb\",\"itemListElement\":[{\"@type\":\"ListItem\",\"position\":1,\"name\":\"Home\",\"item\":\"https:\/\/www.demosmobilia.ch\/de\/\"},{\"@type\":\"ListItem\",\"position\":2,\"name\":\"Produkte\",\"item\":\"https:\/\/www.demosmobilia.ch\/de\/shop\/\"},{\"@type\":\"ListItem\",\"position\":3,\"name\":\"Stehlampe \u201eLeather\u201c\"}]},{\"@type\":\"WebSite\",\"@id\":\"https:\/\/www.demosmobilia.ch\/de\/#website\",\"url\":\"https:\/\/www.demosmobilia.ch\/de\/\",\"name\":\"demosmobilia\",\"description\":\"Vintage Mid Century Modern Design Furniture from the &#039;30s to the &#039;80s\",\"publisher\":{\"@id\":\"https:\/\/www.demosmobilia.ch\/de\/#organization\"},\"potentialAction\":[{\"@type\":\"SearchAction\",\"target\":{\"@type\":\"EntryPoint\",\"urlTemplate\":\"https:\/\/www.demosmobilia.ch\/de\/?s={search_term_string}\"},\"query-input\":{\"@type\":\"PropertyValueSpecification\",\"valueRequired\":true,\"valueName\":\"search_term_string\"}}],\"inLanguage\":\"de\"},{\"@type\":\"Organization\",\"@id\":\"https:\/\/www.demosmobilia.ch\/de\/#organization\",\"name\":\"demosmobilia\",\"url\":\"https:\/\/www.demosmobilia.ch\/de\/\",\"logo\":{\"@type\":\"ImageObject\",\"inLanguage\":\"de\",\"@id\":\"https:\/\/www.demosmobilia.ch\/de\/#\/schema\/logo\/image\/\",\"url\":\"https:\/\/www.demosmobilia.ch\/wp-content\/uploads\/2020\/07\/demosmobilia-logo-2020-230-160.png\",\"contentUrl\":\"https:\/\/www.demosmobilia.ch\/wp-content\/uploads\/2020\/07\/demosmobilia-logo-2020-230-160.png\",\"width\":230,\"height\":160,\"caption\":\"demosmobilia\"},\"image\":{\"@id\":\"https:\/\/www.demosmobilia.ch\/de\/#\/schema\/logo\/image\/\"},\"sameAs\":[\"https:\/\/www.facebook.com\/Demos-Mobilia-1137017453131445\/\",\"https:\/\/www.instagram.com\/demosmobilia\/\"]}]}<\/script>\n<!-- \/ Yoast SEO plugin. -->","yoast_head_json":{"title":"Stehlampe \u201eLeather\u201c &#8211; demosmobilia","robots":{"index":"index","follow":"follow","max-snippet":"max-snippet:-1","max-image-preview":"max-image-preview:large","max-video-preview":"max-video-preview:-1"},"canonical":"https:\/\/www.demosmobilia.ch\/de\/product\/stehlampe-leather\/","og_locale":"de_DE","og_type":"article","og_title":"Stehlampe \u201eLeather\u201c &#8211; demosmobilia","og_description":"Jacques Adnet (1900\u20131984) war einer der einflussreichsten franz\u00f6sischen Designer des 20. Jahrhunderts, bekannt f\u00fcr seinen raffinierten Stil, der Art Deco und Modernismus verbindet. Als Innenarchitekt und Designer zeichnete sich Adnet durch die innovative Nutzung von Materialien wie Leder, Metall und Glas aus und schuf M\u00f6bel und Leuchten mit klaren Linien, ausgewogenen Proportionen und starker visueller Identit\u00e4t. Seine Zusammenarbeit mit renommierten franz\u00f6sischen Herstellern pr\u00e4gte den dezenten Luxus des Pariser Designs der Nachkriegszeit. Die Arbeiten von Jacques Adnet sind heute auf dem Sammlermarkt sehr gefragt, da sie Funktionalit\u00e4t und Raffinesse perfekt kombinieren. Seine Kreationen \u2013 darunter Spiegel, Schreibtische, Sitzm\u00f6bel und Beleuchtung \u2013 verk\u00f6rpern zeitlose Eleganz, die idealRead More &rarr;","og_url":"https:\/\/www.demosmobilia.ch\/de\/product\/stehlampe-leather\/","og_site_name":"demosmobilia","article_publisher":"https:\/\/www.facebook.com\/Demos-Mobilia-1137017453131445\/","og_image":[{"width":1200,"height":900,"url":"https:\/\/www.demosmobilia.ch\/wp-content\/uploads\/2026\/03\/jacques-adnet-leather-floor-lamp-valenti-10-1.jpg","type":"image\/jpeg"}],"twitter_card":"summary_large_image","twitter_misc":{"Gesch\u00e4tzte Lesezeit":"1\u00a0Minute"},"schema":{"@context":"https:\/\/schema.org","@graph":[{"@type":"WebPage","@id":"https:\/\/www.demosmobilia.ch\/de\/product\/stehlampe-leather\/","url":"https:\/\/www.demosmobilia.ch\/de\/product\/stehlampe-leather\/","name":"Stehlampe \u201eLeather\u201c &#8211; demosmobilia","isPartOf":{"@id":"https:\/\/www.demosmobilia.ch\/de\/#website"},"primaryImageOfPage":{"@id":"https:\/\/www.demosmobilia.ch\/de\/product\/stehlampe-leather\/#primaryimage"},"image":{"@id":"https:\/\/www.demosmobilia.ch\/de\/product\/stehlampe-leather\/#primaryimage"},"thumbnailUrl":"https:\/\/www.demosmobilia.ch\/wp-content\/uploads\/2026\/03\/jacques-adnet-leather-floor-lamp-valenti-10-1.jpg","datePublished":"2026-03-28T07:50:42+00:00","dateModified":"2026-03-28T07:50:42+00:00","breadcrumb":{"@id":"https:\/\/www.demosmobilia.ch\/de\/product\/stehlampe-leather\/#breadcrumb"},"inLanguage":"de","potentialAction":[{"@type":"ReadAction","target":["https:\/\/www.demosmobilia.ch\/de\/product\/stehlampe-leather\/"]}]},{"@type":"ImageObject","inLanguage":"de","@id":"https:\/\/www.demosmobilia.ch\/de\/product\/stehlampe-leather\/#primaryimage","url":"https:\/\/www.demosmobilia.ch\/wp-content\/uploads\/2026\/03\/jacques-adnet-leather-floor-lamp-valenti-10-1.jpg","contentUrl":"https:\/\/www.demosmobilia.ch\/wp-content\/uploads\/2026\/03\/jacques-adnet-leather-floor-lamp-valenti-10-1.jpg","width":1200,"height":900},{"@type":"BreadcrumbList","@id":"https:\/\/www.demosmobilia.ch\/de\/product\/stehlampe-leather\/#breadcrumb","itemListElement":[{"@type":"ListItem","position":1,"name":"Home","item":"https:\/\/www.demosmobilia.ch\/de\/"},{"@type":"ListItem","position":2,"name":"Produkte","item":"https:\/\/www.demosmobilia.ch\/de\/shop\/"},{"@type":"ListItem","position":3,"name":"Stehlampe \u201eLeather\u201c"}]},{"@type":"WebSite","@id":"https:\/\/www.demosmobilia.ch\/de\/#website","url":"https:\/\/www.demosmobilia.ch\/de\/","name":"demosmobilia","description":"Vintage Mid Century Modern Design Furniture from the &#039;30s to the &#039;80s","publisher":{"@id":"https:\/\/www.demosmobilia.ch\/de\/#organization"},"potentialAction":[{"@type":"SearchAction","target":{"@type":"EntryPoint","urlTemplate":"https:\/\/www.demosmobilia.ch\/de\/?s={search_term_string}"},"query-input":{"@type":"PropertyValueSpecification","valueRequired":true,"valueName":"search_term_string"}}],"inLanguage":"de"},{"@type":"Organization","@id":"https:\/\/www.demosmobilia.ch\/de\/#organization","name":"demosmobilia","url":"https:\/\/www.demosmobilia.ch\/de\/","logo":{"@type":"ImageObject","inLanguage":"de","@id":"https:\/\/www.demosmobilia.ch\/de\/#\/schema\/logo\/image\/","url":"https:\/\/www.demosmobilia.ch\/wp-content\/uploads\/2020\/07\/demosmobilia-logo-2020-230-160.png","contentUrl":"https:\/\/www.demosmobilia.ch\/wp-content\/uploads\/2020\/07\/demosmobilia-logo-2020-230-160.png","width":230,"height":160,"caption":"demosmobilia"},"image":{"@id":"https:\/\/www.demosmobilia.ch\/de\/#\/schema\/logo\/image\/"},"sameAs":["https:\/\/www.facebook.com\/Demos-Mobilia-1137017453131445\/","https:\/\/www.instagram.com\/demosmobilia\/"]}]}},"_links":{"self":[{"href":"https:\/\/www.demosmobilia.ch\/de\/wp-json\/wp\/v2\/product\/86815","targetHints":{"allow":["GET"]}}],"collection":[{"href":"https:\/\/www.demosmobilia.ch\/de\/wp-json\/wp\/v2\/product"}],"about":[{"href":"https:\/\/www.demosmobilia.ch\/de\/wp-json\/wp\/v2\/types\/product"}],"wp:featuredmedia":[{"embeddable":true,"href":"https:\/\/www.demosmobilia.ch\/de\/wp-json\/wp\/v2\/media\/86811"}],"wp:attachment":[{"href":"https:\/\/www.demosmobilia.ch\/de\/wp-json\/wp\/v2\/media?parent=86815"}],"wp:term":[{"taxonomy":"product_cat","embeddable":true,"href":"https:\/\/www.demosmobilia.ch\/de\/wp-json\/wp\/v2\/product_cat?post=86815"},{"taxonomy":"product_tag","embeddable":true,"href":"https:\/\/www.demosmobilia.ch\/de\/wp-json\/wp\/v2\/product_tag?post=86815"}],"curies":[{"name":"wp","href":"https:\/\/api.w.org\/{rel}","templated":true}]}}