{"id":86770,"date":"2026-03-28T10:07:34","date_gmt":"2026-03-28T09:07:34","guid":{"rendered":"https:\/\/www.demosmobilia.ch\/product\/daenische-stehlampe-aus-glasierter-keramik\/"},"modified":"2026-03-28T10:07:34","modified_gmt":"2026-03-28T09:07:34","slug":"daenische-stehlampe-aus-glasierter-keramik","status":"publish","type":"product","link":"https:\/\/www.demosmobilia.ch\/de\/product\/daenische-stehlampe-aus-glasierter-keramik\/","title":{"rendered":"D\u00e4nische Stehlampe aus glasierter Keramik"},"content":{"rendered":"<p data-start=\"116\" data-end=\"690\"><strong data-start=\"116\" data-end=\"212\">Rigmor Nielsen \u2013 Skandinavisches Keramikdesign und Beleuchtung im Mid-Century-Stil<\/strong><br data-start=\"212\" data-end=\"215\">Rigmor Nielsen war eine d\u00e4nische Designerin, die in der Mitte des 20. Jahrhunderts t\u00e4tig war und f\u00fcr ihren Beitrag zum skandinavischen Design sowie zur Keramikkunst bekannt ist. Ihre Arbeiten verk\u00f6rpern die Prinzipien des nordischen Modernismus: klare Linien, funktionales Design und die Verwendung nat\u00fcrlicher Materialien. Ihre Entw\u00fcrfe zeichnen sich durch eine harmonische Balance zwischen minimalistischer \u00c4sthetik und handwerklicher Qualit\u00e4t aus, was sie zu einer bedeutenden Pers\u00f6nlichkeit im d\u00e4nischen Design macht.  <\/p>\n<p data-start=\"692\" data-end=\"1104\">Im Laufe ihrer Karriere arbeitete Rigmor Nielsen mit f\u00fchrenden Keramikmanufakturen zusammen und entwarf dekorative sowie funktionale Objekte f\u00fcr nationale und internationale M\u00e4rkte. Ihre Werke sind gepr\u00e4gt von strukturierten Oberfl\u00e4chen, raffinierten Glasuren und erdigen Farbt\u00f6nen \u2013 typische Merkmale der skandinavischen Keramik der 1960er und 1970er Jahre, die heute bei Sammlern und Designliebhabern weltweit sehr gefragt sind. <\/p>\n<p data-start=\"1106\" data-end=\"1727\">Ein herausragendes Beispiel ihres Schaffens sind die Keramik-Tischlampen mit konischer Basis, die f\u00fcr S\u00f8holm Stent\u00f8j (D\u00e4nemark) produziert wurden. Diese Lampen \u00fcberzeugen durch ihre elegante, schlanke Form, erg\u00e4nzt durch strukturierte Glasuren und geometrische oder abstrakte Dekore. Die Verbindung von handgefertigter Keramik und funktionalem Lichtdesign schafft zeitlose Designobjekte, die sich ideal in moderne, Vintage- oder skandinavisch inspirierte Interieurs integrieren lassen. Heute sind die S\u00f8holm-Lampen von Rigmor Nielsen begehrte Sammlerst\u00fccke, gesch\u00e4tzt f\u00fcr ihre Authentizit\u00e4t, hochwertige Verarbeitung und ihre unverwechselbare Mid-Century-\u00c4sthetik.   <\/p>\n","protected":false},"excerpt":{"rendered":"<p>Rigmor Nielsen \u2013 Skandinavisches Keramikdesign und Beleuchtung im Mid-Century-StilRigmor Nielsen war eine d\u00e4nische Designerin, die in der Mitte des 20. Jahrhunderts t\u00e4tig war und f\u00fcr ihren Beitrag zum skandinavischen Design sowie zur Keramikkunst bekannt ist. Ihre Arbeiten verk\u00f6rpern die Prinzipien des nordischen Modernismus: klare Linien, funktionales Design und die Verwendung nat\u00fcrlicher Materialien. Ihre Entw\u00fcrfe zeichnen sich durch eine harmonische Balance zwischen minimalistischer \u00c4sthetik und handwerklicher Qualit\u00e4t aus, was sie zu einer bedeutenden Pers\u00f6nlichkeit im d\u00e4nischen Design macht. Im Laufe ihrer Karriere arbeitete Rigmor Nielsen mit f\u00fchrenden Keramikmanufakturen zusammen und entwarf dekorative sowie funktionale Objekte f\u00fcr nationale und internationale M\u00e4rkte. Ihre Werke sind gepr\u00e4gt von strukturierten<a class=\"more-link\" href=\"https:\/\/www.demosmobilia.ch\/de\/product\/daenische-stehlampe-aus-glasierter-keramik\/\">Read More &rarr;<\/a><\/p>\n","protected":false},"featured_media":86765,"template":"","meta":{"_monsterinsights_skip_tracking":false,"_monsterinsights_sitenote_active":false,"_monsterinsights_sitenote_note":"","_monsterinsights_sitenote_category":0,"kk_blocks_editor_width":"","_kiokenblocks_attr":"","_kiokenblocks_dimensions":""},"product_cat":[4106,4124],"product_tag":[14679],"class_list":{"0":"entry","1":"author-demosmobilia","2":"post-86770","3":"product","4":"type-product","5":"status-publish","6":"has-post-thumbnail","7":"product_production-soholm-stentoj-denmark","8":"product_year-1960-approx","9":"product_nation-denmark-de","10":"product_cat-neuheiten","11":"product_cat-stehleuchten","12":"product_tag-nielsen-rigmor","13":"pa_product_dimension-dia-40-x-ht-159-cm","14":"pa_product_material-glasierte-keramik-messing-stoff","16":"first","17":"instock","18":"shipping-taxable","19":"purchasable","20":"product-type-simple"},"yoast_head":"<!-- This site is optimized with the Yoast SEO plugin v24.0 - https:\/\/yoast.com\/wordpress\/plugins\/seo\/ -->\n<title>D\u00e4nische Stehlampe aus glasierter Keramik &#8211; demosmobilia<\/title>\n<meta name=\"robots\" content=\"index, follow, max-snippet:-1, max-image-preview:large, max-video-preview:-1\" \/>\n<link rel=\"canonical\" href=\"https:\/\/www.demosmobilia.ch\/de\/product\/daenische-stehlampe-aus-glasierter-keramik\/\" \/>\n<meta property=\"og:locale\" content=\"de_DE\" \/>\n<meta property=\"og:type\" content=\"article\" \/>\n<meta property=\"og:title\" content=\"D\u00e4nische Stehlampe aus glasierter Keramik &#8211; demosmobilia\" \/>\n<meta property=\"og:description\" content=\"Rigmor Nielsen \u2013 Skandinavisches Keramikdesign und Beleuchtung im Mid-Century-StilRigmor Nielsen war eine d\u00e4nische Designerin, die in der Mitte des 20. Jahrhunderts t\u00e4tig war und f\u00fcr ihren Beitrag zum skandinavischen Design sowie zur Keramikkunst bekannt ist. Ihre Arbeiten verk\u00f6rpern die Prinzipien des nordischen Modernismus: klare Linien, funktionales Design und die Verwendung nat\u00fcrlicher Materialien. Ihre Entw\u00fcrfe zeichnen sich durch eine harmonische Balance zwischen minimalistischer \u00c4sthetik und handwerklicher Qualit\u00e4t aus, was sie zu einer bedeutenden Pers\u00f6nlichkeit im d\u00e4nischen Design macht. Im Laufe ihrer Karriere arbeitete Rigmor Nielsen mit f\u00fchrenden Keramikmanufakturen zusammen und entwarf dekorative sowie funktionale Objekte f\u00fcr nationale und internationale M\u00e4rkte. Ihre Werke sind gepr\u00e4gt von strukturiertenRead More &rarr;\" \/>\n<meta property=\"og:url\" content=\"https:\/\/www.demosmobilia.ch\/de\/product\/daenische-stehlampe-aus-glasierter-keramik\/\" \/>\n<meta property=\"og:site_name\" content=\"demosmobilia\" \/>\n<meta property=\"article:publisher\" content=\"https:\/\/www.facebook.com\/Demos-Mobilia-1137017453131445\/\" \/>\n<meta property=\"og:image\" content=\"https:\/\/www.demosmobilia.ch\/wp-content\/uploads\/2026\/03\/Rigmor-Nielsen-glazed-ceramic-floor-lamp-Soholm-StentoJ-Denmark-NB-1960-01b.jpg\" \/>\n\t<meta property=\"og:image:width\" content=\"1200\" \/>\n\t<meta property=\"og:image:height\" content=\"900\" \/>\n\t<meta property=\"og:image:type\" content=\"image\/jpeg\" \/>\n<meta name=\"twitter:card\" content=\"summary_large_image\" \/>\n<meta name=\"twitter:label1\" content=\"Gesch\u00e4tzte Lesezeit\" \/>\n\t<meta name=\"twitter:data1\" content=\"1\u00a0Minute\" \/>\n<script type=\"application\/ld+json\" class=\"yoast-schema-graph\">{\"@context\":\"https:\/\/schema.org\",\"@graph\":[{\"@type\":\"WebPage\",\"@id\":\"https:\/\/www.demosmobilia.ch\/de\/product\/daenische-stehlampe-aus-glasierter-keramik\/\",\"url\":\"https:\/\/www.demosmobilia.ch\/de\/product\/daenische-stehlampe-aus-glasierter-keramik\/\",\"name\":\"D\u00e4nische Stehlampe aus glasierter Keramik &#8211; demosmobilia\",\"isPartOf\":{\"@id\":\"https:\/\/www.demosmobilia.ch\/de\/#website\"},\"primaryImageOfPage\":{\"@id\":\"https:\/\/www.demosmobilia.ch\/de\/product\/daenische-stehlampe-aus-glasierter-keramik\/#primaryimage\"},\"image\":{\"@id\":\"https:\/\/www.demosmobilia.ch\/de\/product\/daenische-stehlampe-aus-glasierter-keramik\/#primaryimage\"},\"thumbnailUrl\":\"https:\/\/www.demosmobilia.ch\/wp-content\/uploads\/2026\/03\/Rigmor-Nielsen-glazed-ceramic-floor-lamp-Soholm-StentoJ-Denmark-NB-1960-01b.jpg\",\"datePublished\":\"2026-03-28T09:07:34+00:00\",\"dateModified\":\"2026-03-28T09:07:34+00:00\",\"breadcrumb\":{\"@id\":\"https:\/\/www.demosmobilia.ch\/de\/product\/daenische-stehlampe-aus-glasierter-keramik\/#breadcrumb\"},\"inLanguage\":\"de\",\"potentialAction\":[{\"@type\":\"ReadAction\",\"target\":[\"https:\/\/www.demosmobilia.ch\/de\/product\/daenische-stehlampe-aus-glasierter-keramik\/\"]}]},{\"@type\":\"ImageObject\",\"inLanguage\":\"de\",\"@id\":\"https:\/\/www.demosmobilia.ch\/de\/product\/daenische-stehlampe-aus-glasierter-keramik\/#primaryimage\",\"url\":\"https:\/\/www.demosmobilia.ch\/wp-content\/uploads\/2026\/03\/Rigmor-Nielsen-glazed-ceramic-floor-lamp-Soholm-StentoJ-Denmark-NB-1960-01b.jpg\",\"contentUrl\":\"https:\/\/www.demosmobilia.ch\/wp-content\/uploads\/2026\/03\/Rigmor-Nielsen-glazed-ceramic-floor-lamp-Soholm-StentoJ-Denmark-NB-1960-01b.jpg\",\"width\":1200,\"height\":900},{\"@type\":\"BreadcrumbList\",\"@id\":\"https:\/\/www.demosmobilia.ch\/de\/product\/daenische-stehlampe-aus-glasierter-keramik\/#breadcrumb\",\"itemListElement\":[{\"@type\":\"ListItem\",\"position\":1,\"name\":\"Home\",\"item\":\"https:\/\/www.demosmobilia.ch\/de\/\"},{\"@type\":\"ListItem\",\"position\":2,\"name\":\"Produkte\",\"item\":\"https:\/\/www.demosmobilia.ch\/de\/shop\/\"},{\"@type\":\"ListItem\",\"position\":3,\"name\":\"D\u00e4nische Stehlampe aus glasierter Keramik\"}]},{\"@type\":\"WebSite\",\"@id\":\"https:\/\/www.demosmobilia.ch\/de\/#website\",\"url\":\"https:\/\/www.demosmobilia.ch\/de\/\",\"name\":\"demosmobilia\",\"description\":\"Vintage Mid Century Modern Design Furniture from the &#039;30s to the &#039;80s\",\"publisher\":{\"@id\":\"https:\/\/www.demosmobilia.ch\/de\/#organization\"},\"potentialAction\":[{\"@type\":\"SearchAction\",\"target\":{\"@type\":\"EntryPoint\",\"urlTemplate\":\"https:\/\/www.demosmobilia.ch\/de\/?s={search_term_string}\"},\"query-input\":{\"@type\":\"PropertyValueSpecification\",\"valueRequired\":true,\"valueName\":\"search_term_string\"}}],\"inLanguage\":\"de\"},{\"@type\":\"Organization\",\"@id\":\"https:\/\/www.demosmobilia.ch\/de\/#organization\",\"name\":\"demosmobilia\",\"url\":\"https:\/\/www.demosmobilia.ch\/de\/\",\"logo\":{\"@type\":\"ImageObject\",\"inLanguage\":\"de\",\"@id\":\"https:\/\/www.demosmobilia.ch\/de\/#\/schema\/logo\/image\/\",\"url\":\"https:\/\/www.demosmobilia.ch\/wp-content\/uploads\/2020\/07\/demosmobilia-logo-2020-230-160.png\",\"contentUrl\":\"https:\/\/www.demosmobilia.ch\/wp-content\/uploads\/2020\/07\/demosmobilia-logo-2020-230-160.png\",\"width\":230,\"height\":160,\"caption\":\"demosmobilia\"},\"image\":{\"@id\":\"https:\/\/www.demosmobilia.ch\/de\/#\/schema\/logo\/image\/\"},\"sameAs\":[\"https:\/\/www.facebook.com\/Demos-Mobilia-1137017453131445\/\",\"https:\/\/www.instagram.com\/demosmobilia\/\"]}]}<\/script>\n<!-- \/ Yoast SEO plugin. -->","yoast_head_json":{"title":"D\u00e4nische Stehlampe aus glasierter Keramik &#8211; demosmobilia","robots":{"index":"index","follow":"follow","max-snippet":"max-snippet:-1","max-image-preview":"max-image-preview:large","max-video-preview":"max-video-preview:-1"},"canonical":"https:\/\/www.demosmobilia.ch\/de\/product\/daenische-stehlampe-aus-glasierter-keramik\/","og_locale":"de_DE","og_type":"article","og_title":"D\u00e4nische Stehlampe aus glasierter Keramik &#8211; demosmobilia","og_description":"Rigmor Nielsen \u2013 Skandinavisches Keramikdesign und Beleuchtung im Mid-Century-StilRigmor Nielsen war eine d\u00e4nische Designerin, die in der Mitte des 20. Jahrhunderts t\u00e4tig war und f\u00fcr ihren Beitrag zum skandinavischen Design sowie zur Keramikkunst bekannt ist. Ihre Arbeiten verk\u00f6rpern die Prinzipien des nordischen Modernismus: klare Linien, funktionales Design und die Verwendung nat\u00fcrlicher Materialien. Ihre Entw\u00fcrfe zeichnen sich durch eine harmonische Balance zwischen minimalistischer \u00c4sthetik und handwerklicher Qualit\u00e4t aus, was sie zu einer bedeutenden Pers\u00f6nlichkeit im d\u00e4nischen Design macht. Im Laufe ihrer Karriere arbeitete Rigmor Nielsen mit f\u00fchrenden Keramikmanufakturen zusammen und entwarf dekorative sowie funktionale Objekte f\u00fcr nationale und internationale M\u00e4rkte. Ihre Werke sind gepr\u00e4gt von strukturiertenRead More &rarr;","og_url":"https:\/\/www.demosmobilia.ch\/de\/product\/daenische-stehlampe-aus-glasierter-keramik\/","og_site_name":"demosmobilia","article_publisher":"https:\/\/www.facebook.com\/Demos-Mobilia-1137017453131445\/","og_image":[{"width":1200,"height":900,"url":"https:\/\/www.demosmobilia.ch\/wp-content\/uploads\/2026\/03\/Rigmor-Nielsen-glazed-ceramic-floor-lamp-Soholm-StentoJ-Denmark-NB-1960-01b.jpg","type":"image\/jpeg"}],"twitter_card":"summary_large_image","twitter_misc":{"Gesch\u00e4tzte Lesezeit":"1\u00a0Minute"},"schema":{"@context":"https:\/\/schema.org","@graph":[{"@type":"WebPage","@id":"https:\/\/www.demosmobilia.ch\/de\/product\/daenische-stehlampe-aus-glasierter-keramik\/","url":"https:\/\/www.demosmobilia.ch\/de\/product\/daenische-stehlampe-aus-glasierter-keramik\/","name":"D\u00e4nische Stehlampe aus glasierter Keramik &#8211; demosmobilia","isPartOf":{"@id":"https:\/\/www.demosmobilia.ch\/de\/#website"},"primaryImageOfPage":{"@id":"https:\/\/www.demosmobilia.ch\/de\/product\/daenische-stehlampe-aus-glasierter-keramik\/#primaryimage"},"image":{"@id":"https:\/\/www.demosmobilia.ch\/de\/product\/daenische-stehlampe-aus-glasierter-keramik\/#primaryimage"},"thumbnailUrl":"https:\/\/www.demosmobilia.ch\/wp-content\/uploads\/2026\/03\/Rigmor-Nielsen-glazed-ceramic-floor-lamp-Soholm-StentoJ-Denmark-NB-1960-01b.jpg","datePublished":"2026-03-28T09:07:34+00:00","dateModified":"2026-03-28T09:07:34+00:00","breadcrumb":{"@id":"https:\/\/www.demosmobilia.ch\/de\/product\/daenische-stehlampe-aus-glasierter-keramik\/#breadcrumb"},"inLanguage":"de","potentialAction":[{"@type":"ReadAction","target":["https:\/\/www.demosmobilia.ch\/de\/product\/daenische-stehlampe-aus-glasierter-keramik\/"]}]},{"@type":"ImageObject","inLanguage":"de","@id":"https:\/\/www.demosmobilia.ch\/de\/product\/daenische-stehlampe-aus-glasierter-keramik\/#primaryimage","url":"https:\/\/www.demosmobilia.ch\/wp-content\/uploads\/2026\/03\/Rigmor-Nielsen-glazed-ceramic-floor-lamp-Soholm-StentoJ-Denmark-NB-1960-01b.jpg","contentUrl":"https:\/\/www.demosmobilia.ch\/wp-content\/uploads\/2026\/03\/Rigmor-Nielsen-glazed-ceramic-floor-lamp-Soholm-StentoJ-Denmark-NB-1960-01b.jpg","width":1200,"height":900},{"@type":"BreadcrumbList","@id":"https:\/\/www.demosmobilia.ch\/de\/product\/daenische-stehlampe-aus-glasierter-keramik\/#breadcrumb","itemListElement":[{"@type":"ListItem","position":1,"name":"Home","item":"https:\/\/www.demosmobilia.ch\/de\/"},{"@type":"ListItem","position":2,"name":"Produkte","item":"https:\/\/www.demosmobilia.ch\/de\/shop\/"},{"@type":"ListItem","position":3,"name":"D\u00e4nische Stehlampe aus glasierter Keramik"}]},{"@type":"WebSite","@id":"https:\/\/www.demosmobilia.ch\/de\/#website","url":"https:\/\/www.demosmobilia.ch\/de\/","name":"demosmobilia","description":"Vintage Mid Century Modern Design Furniture from the &#039;30s to the &#039;80s","publisher":{"@id":"https:\/\/www.demosmobilia.ch\/de\/#organization"},"potentialAction":[{"@type":"SearchAction","target":{"@type":"EntryPoint","urlTemplate":"https:\/\/www.demosmobilia.ch\/de\/?s={search_term_string}"},"query-input":{"@type":"PropertyValueSpecification","valueRequired":true,"valueName":"search_term_string"}}],"inLanguage":"de"},{"@type":"Organization","@id":"https:\/\/www.demosmobilia.ch\/de\/#organization","name":"demosmobilia","url":"https:\/\/www.demosmobilia.ch\/de\/","logo":{"@type":"ImageObject","inLanguage":"de","@id":"https:\/\/www.demosmobilia.ch\/de\/#\/schema\/logo\/image\/","url":"https:\/\/www.demosmobilia.ch\/wp-content\/uploads\/2020\/07\/demosmobilia-logo-2020-230-160.png","contentUrl":"https:\/\/www.demosmobilia.ch\/wp-content\/uploads\/2020\/07\/demosmobilia-logo-2020-230-160.png","width":230,"height":160,"caption":"demosmobilia"},"image":{"@id":"https:\/\/www.demosmobilia.ch\/de\/#\/schema\/logo\/image\/"},"sameAs":["https:\/\/www.facebook.com\/Demos-Mobilia-1137017453131445\/","https:\/\/www.instagram.com\/demosmobilia\/"]}]}},"_links":{"self":[{"href":"https:\/\/www.demosmobilia.ch\/de\/wp-json\/wp\/v2\/product\/86770","targetHints":{"allow":["GET"]}}],"collection":[{"href":"https:\/\/www.demosmobilia.ch\/de\/wp-json\/wp\/v2\/product"}],"about":[{"href":"https:\/\/www.demosmobilia.ch\/de\/wp-json\/wp\/v2\/types\/product"}],"wp:featuredmedia":[{"embeddable":true,"href":"https:\/\/www.demosmobilia.ch\/de\/wp-json\/wp\/v2\/media\/86765"}],"wp:attachment":[{"href":"https:\/\/www.demosmobilia.ch\/de\/wp-json\/wp\/v2\/media?parent=86770"}],"wp:term":[{"taxonomy":"product_cat","embeddable":true,"href":"https:\/\/www.demosmobilia.ch\/de\/wp-json\/wp\/v2\/product_cat?post=86770"},{"taxonomy":"product_tag","embeddable":true,"href":"https:\/\/www.demosmobilia.ch\/de\/wp-json\/wp\/v2\/product_tag?post=86770"}],"curies":[{"name":"wp","href":"https:\/\/api.w.org\/{rel}","templated":true}]}}