{"id":86710,"date":"2026-04-01T08:45:18","date_gmt":"2026-04-01T06:45:18","guid":{"rendered":"https:\/\/www.demosmobilia.ch\/product\/stuhl-und-hockermodell-basket\/"},"modified":"2026-03-28T08:45:18","modified_gmt":"2026-03-28T07:45:18","slug":"stuhl-und-hockermodell-basket","status":"publish","type":"product","link":"https:\/\/www.demosmobilia.ch\/de\/product\/stuhl-und-hockermodell-basket\/","title":{"rendered":"Stuhl- und Hockermodell \u201eBasket\u201c"},"content":{"rendered":"<p>Gianfranco Legler \u2013 Einflussreicher Schweizer\u2011Italienischer Designer des Mid-Century Modern<br \/>\nGian Franco Legler (1922\u20132007) war ein schweizerisch-italienischer Industriedesigner, der als einer der bedeutendsten Vertreter des Mid-Century Modern Designs gilt. Ausgebildet in Architektur in Z\u00fcrich und mit zus\u00e4tzlicher Weiterbildung in Industriedesign in den USA, entwickelte Legler einen klaren, funktionalen Designansatz, der \u00c4sthetik, Einfachheit und Materialkompetenz vereint. Besonders bekannt ist er f\u00fcr seine ikonischen Stuhldesigns, die Eleganz und Alltagstauglichkeit verbinden.   <\/p>\n<p>Bonacina \u2013 Traditionelles Handwerk und Italienisches Design<br \/>Bonacina 1889 ist ein traditionsreiches italienisches M\u00f6belunternehmen, gegr\u00fcndet 1889 in Lurago d\u2019Erba am Comer See. Die Marke steht f\u00fcr herausragende Handwerkskunst im Flechtwerk von Rattan und Korbgeflecht und hat im 20. Jahrhundert mit zahlreichen f\u00fchrenden Designern zusammengearbeitet. Bonacina verbindet traditionelle Handwerkstechniken mit modernem Design und schafft M\u00f6belst\u00fccke, die zeitlos, elegant und funktional sind.   <\/p>\n<p>Basket Chair \u2013 Designklassiker des Mid-Century Modern<br \/>Der Basket Chair von Gian Franco Legler ist ein ikonisches Beispiel f\u00fcr italienisches Design der Nachkriegszeit. Entworfen 1951 f\u00fcr ein italienisches Restaurant und produziert von Bonacina, besticht dieser stapelbare Stuhl durch einen leichten Metallrahmen und handgeflochtene Rattan-Sitzfl\u00e4che und R\u00fcckenlehne. Der Basket Chair erhielt 1953 den renommierten Good Design Award des Museum of Modern Art (MoMA) in New York und gilt bis heute als Designklassiker, ideal f\u00fcr moderne Wohn- und Gesch\u00e4ftsr\u00e4ume weltweit.<\/p>\n","protected":false},"excerpt":{"rendered":"<p>Gianfranco Legler \u2013 Einflussreicher Schweizer\u2011Italienischer Designer des Mid-Century Modern Gian Franco Legler (1922\u20132007) war ein schweizerisch-italienischer Industriedesigner, der als einer der bedeutendsten Vertreter des Mid-Century Modern Designs gilt. Ausgebildet in Architektur in Z\u00fcrich und mit zus\u00e4tzlicher Weiterbildung in Industriedesign in den USA, entwickelte Legler einen klaren, funktionalen Designansatz, der \u00c4sthetik, Einfachheit und Materialkompetenz vereint. Besonders bekannt ist er f\u00fcr seine ikonischen Stuhldesigns, die Eleganz und Alltagstauglichkeit verbinden. Bonacina \u2013 Traditionelles Handwerk und Italienisches DesignBonacina 1889 ist ein traditionsreiches italienisches M\u00f6belunternehmen, gegr\u00fcndet 1889 in Lurago d\u2019Erba am Comer See. Die Marke steht f\u00fcr herausragende Handwerkskunst im Flechtwerk von Rattan und Korbgeflecht und hat im 20. Jahrhundert<a class=\"more-link\" href=\"https:\/\/www.demosmobilia.ch\/de\/product\/stuhl-und-hockermodell-basket\/\">Read More &rarr;<\/a><\/p>\n","protected":false},"featured_media":86666,"template":"","meta":{"_monsterinsights_skip_tracking":false,"_monsterinsights_sitenote_active":false,"_monsterinsights_sitenote_note":"","_monsterinsights_sitenote_category":0,"kk_blocks_editor_width":"","_kiokenblocks_attr":"","_kiokenblocks_dimensions":""},"product_cat":[4165,4106,4161],"product_tag":[12557],"class_list":{"0":"entry","1":"author-demosmobilia","2":"post-86710","3":"product","4":"type-product","5":"status-publish","6":"has-post-thumbnail","7":"product_production-bonacina","8":"product_year-2400","9":"product_nation-italien-de","10":"product_cat-hocker","11":"product_cat-neuheiten","12":"product_cat-stuhlen","13":"product_tag-legler-gianfranco-de","14":"pa_product_dimension-stuhl-66-x-60-x-sitzhohe-44-x-gesamthohe-77-cm-hocker-48-x-35-x-sitzhohe-40-x-gesamthohe-44-cm","15":"pa_product_material-emaillierte-metallstangen-geflochtenes-rattan","17":"first","18":"outofstock","19":"shipping-taxable","20":"purchasable","21":"product-type-simple"},"yoast_head":"<!-- This site is optimized with the Yoast SEO plugin v24.0 - https:\/\/yoast.com\/wordpress\/plugins\/seo\/ -->\n<title>Stuhl- und Hockermodell \u201eBasket\u201c &#8211; demosmobilia<\/title>\n<meta name=\"robots\" content=\"index, follow, max-snippet:-1, max-image-preview:large, max-video-preview:-1\" \/>\n<link rel=\"canonical\" href=\"https:\/\/www.demosmobilia.ch\/de\/product\/stuhl-und-hockermodell-basket\/\" \/>\n<meta property=\"og:locale\" content=\"de_DE\" \/>\n<meta property=\"og:type\" content=\"article\" \/>\n<meta property=\"og:title\" content=\"Stuhl- und Hockermodell \u201eBasket\u201c &#8211; demosmobilia\" \/>\n<meta property=\"og:description\" content=\"Gianfranco Legler \u2013 Einflussreicher Schweizer\u2011Italienischer Designer des Mid-Century Modern Gian Franco Legler (1922\u20132007) war ein schweizerisch-italienischer Industriedesigner, der als einer der bedeutendsten Vertreter des Mid-Century Modern Designs gilt. Ausgebildet in Architektur in Z\u00fcrich und mit zus\u00e4tzlicher Weiterbildung in Industriedesign in den USA, entwickelte Legler einen klaren, funktionalen Designansatz, der \u00c4sthetik, Einfachheit und Materialkompetenz vereint. Besonders bekannt ist er f\u00fcr seine ikonischen Stuhldesigns, die Eleganz und Alltagstauglichkeit verbinden. Bonacina \u2013 Traditionelles Handwerk und Italienisches DesignBonacina 1889 ist ein traditionsreiches italienisches M\u00f6belunternehmen, gegr\u00fcndet 1889 in Lurago d\u2019Erba am Comer See. Die Marke steht f\u00fcr herausragende Handwerkskunst im Flechtwerk von Rattan und Korbgeflecht und hat im 20. JahrhundertRead More &rarr;\" \/>\n<meta property=\"og:url\" content=\"https:\/\/www.demosmobilia.ch\/de\/product\/stuhl-und-hockermodell-basket\/\" \/>\n<meta property=\"og:site_name\" content=\"demosmobilia\" \/>\n<meta property=\"article:publisher\" content=\"https:\/\/www.facebook.com\/Demos-Mobilia-1137017453131445\/\" \/>\n<meta property=\"article:modified_time\" content=\"2026-03-28T07:45:18+00:00\" \/>\n<meta property=\"og:image\" content=\"https:\/\/www.demosmobilia.ch\/wp-content\/uploads\/2026\/03\/bonacina-basket-chair-stool-gianfranco-legler-1952-italian-design-01.jpg\" \/>\n\t<meta property=\"og:image:width\" content=\"1200\" \/>\n\t<meta property=\"og:image:height\" content=\"900\" \/>\n\t<meta property=\"og:image:type\" content=\"image\/jpeg\" \/>\n<meta name=\"twitter:card\" content=\"summary_large_image\" \/>\n<meta name=\"twitter:label1\" content=\"Gesch\u00e4tzte Lesezeit\" \/>\n\t<meta name=\"twitter:data1\" content=\"1\u00a0Minute\" \/>\n<script type=\"application\/ld+json\" class=\"yoast-schema-graph\">{\"@context\":\"https:\/\/schema.org\",\"@graph\":[{\"@type\":\"WebPage\",\"@id\":\"https:\/\/www.demosmobilia.ch\/de\/product\/stuhl-und-hockermodell-basket\/\",\"url\":\"https:\/\/www.demosmobilia.ch\/de\/product\/stuhl-und-hockermodell-basket\/\",\"name\":\"Stuhl- und Hockermodell \u201eBasket\u201c &#8211; demosmobilia\",\"isPartOf\":{\"@id\":\"https:\/\/www.demosmobilia.ch\/de\/#website\"},\"primaryImageOfPage\":{\"@id\":\"https:\/\/www.demosmobilia.ch\/de\/product\/stuhl-und-hockermodell-basket\/#primaryimage\"},\"image\":{\"@id\":\"https:\/\/www.demosmobilia.ch\/de\/product\/stuhl-und-hockermodell-basket\/#primaryimage\"},\"thumbnailUrl\":\"https:\/\/www.demosmobilia.ch\/wp-content\/uploads\/2026\/03\/bonacina-basket-chair-stool-gianfranco-legler-1952-italian-design-01.jpg\",\"datePublished\":\"2026-04-01T06:45:18+00:00\",\"dateModified\":\"2026-03-28T07:45:18+00:00\",\"breadcrumb\":{\"@id\":\"https:\/\/www.demosmobilia.ch\/de\/product\/stuhl-und-hockermodell-basket\/#breadcrumb\"},\"inLanguage\":\"de\",\"potentialAction\":[{\"@type\":\"ReadAction\",\"target\":[\"https:\/\/www.demosmobilia.ch\/de\/product\/stuhl-und-hockermodell-basket\/\"]}]},{\"@type\":\"ImageObject\",\"inLanguage\":\"de\",\"@id\":\"https:\/\/www.demosmobilia.ch\/de\/product\/stuhl-und-hockermodell-basket\/#primaryimage\",\"url\":\"https:\/\/www.demosmobilia.ch\/wp-content\/uploads\/2026\/03\/bonacina-basket-chair-stool-gianfranco-legler-1952-italian-design-01.jpg\",\"contentUrl\":\"https:\/\/www.demosmobilia.ch\/wp-content\/uploads\/2026\/03\/bonacina-basket-chair-stool-gianfranco-legler-1952-italian-design-01.jpg\",\"width\":1200,\"height\":900},{\"@type\":\"BreadcrumbList\",\"@id\":\"https:\/\/www.demosmobilia.ch\/de\/product\/stuhl-und-hockermodell-basket\/#breadcrumb\",\"itemListElement\":[{\"@type\":\"ListItem\",\"position\":1,\"name\":\"Home\",\"item\":\"https:\/\/www.demosmobilia.ch\/de\/\"},{\"@type\":\"ListItem\",\"position\":2,\"name\":\"Produkte\",\"item\":\"https:\/\/www.demosmobilia.ch\/de\/shop\/\"},{\"@type\":\"ListItem\",\"position\":3,\"name\":\"Stuhl- und Hockermodell \u201eBasket\u201c\"}]},{\"@type\":\"WebSite\",\"@id\":\"https:\/\/www.demosmobilia.ch\/de\/#website\",\"url\":\"https:\/\/www.demosmobilia.ch\/de\/\",\"name\":\"demosmobilia\",\"description\":\"Vintage Mid Century Modern Design Furniture from the &#039;30s to the &#039;80s\",\"publisher\":{\"@id\":\"https:\/\/www.demosmobilia.ch\/de\/#organization\"},\"potentialAction\":[{\"@type\":\"SearchAction\",\"target\":{\"@type\":\"EntryPoint\",\"urlTemplate\":\"https:\/\/www.demosmobilia.ch\/de\/?s={search_term_string}\"},\"query-input\":{\"@type\":\"PropertyValueSpecification\",\"valueRequired\":true,\"valueName\":\"search_term_string\"}}],\"inLanguage\":\"de\"},{\"@type\":\"Organization\",\"@id\":\"https:\/\/www.demosmobilia.ch\/de\/#organization\",\"name\":\"demosmobilia\",\"url\":\"https:\/\/www.demosmobilia.ch\/de\/\",\"logo\":{\"@type\":\"ImageObject\",\"inLanguage\":\"de\",\"@id\":\"https:\/\/www.demosmobilia.ch\/de\/#\/schema\/logo\/image\/\",\"url\":\"https:\/\/www.demosmobilia.ch\/wp-content\/uploads\/2020\/07\/demosmobilia-logo-2020-230-160.png\",\"contentUrl\":\"https:\/\/www.demosmobilia.ch\/wp-content\/uploads\/2020\/07\/demosmobilia-logo-2020-230-160.png\",\"width\":230,\"height\":160,\"caption\":\"demosmobilia\"},\"image\":{\"@id\":\"https:\/\/www.demosmobilia.ch\/de\/#\/schema\/logo\/image\/\"},\"sameAs\":[\"https:\/\/www.facebook.com\/Demos-Mobilia-1137017453131445\/\",\"https:\/\/www.instagram.com\/demosmobilia\/\"]}]}<\/script>\n<!-- \/ Yoast SEO plugin. -->","yoast_head_json":{"title":"Stuhl- und Hockermodell \u201eBasket\u201c &#8211; demosmobilia","robots":{"index":"index","follow":"follow","max-snippet":"max-snippet:-1","max-image-preview":"max-image-preview:large","max-video-preview":"max-video-preview:-1"},"canonical":"https:\/\/www.demosmobilia.ch\/de\/product\/stuhl-und-hockermodell-basket\/","og_locale":"de_DE","og_type":"article","og_title":"Stuhl- und Hockermodell \u201eBasket\u201c &#8211; demosmobilia","og_description":"Gianfranco Legler \u2013 Einflussreicher Schweizer\u2011Italienischer Designer des Mid-Century Modern Gian Franco Legler (1922\u20132007) war ein schweizerisch-italienischer Industriedesigner, der als einer der bedeutendsten Vertreter des Mid-Century Modern Designs gilt. Ausgebildet in Architektur in Z\u00fcrich und mit zus\u00e4tzlicher Weiterbildung in Industriedesign in den USA, entwickelte Legler einen klaren, funktionalen Designansatz, der \u00c4sthetik, Einfachheit und Materialkompetenz vereint. Besonders bekannt ist er f\u00fcr seine ikonischen Stuhldesigns, die Eleganz und Alltagstauglichkeit verbinden. Bonacina \u2013 Traditionelles Handwerk und Italienisches DesignBonacina 1889 ist ein traditionsreiches italienisches M\u00f6belunternehmen, gegr\u00fcndet 1889 in Lurago d\u2019Erba am Comer See. Die Marke steht f\u00fcr herausragende Handwerkskunst im Flechtwerk von Rattan und Korbgeflecht und hat im 20. JahrhundertRead More &rarr;","og_url":"https:\/\/www.demosmobilia.ch\/de\/product\/stuhl-und-hockermodell-basket\/","og_site_name":"demosmobilia","article_publisher":"https:\/\/www.facebook.com\/Demos-Mobilia-1137017453131445\/","article_modified_time":"2026-03-28T07:45:18+00:00","og_image":[{"width":1200,"height":900,"url":"https:\/\/www.demosmobilia.ch\/wp-content\/uploads\/2026\/03\/bonacina-basket-chair-stool-gianfranco-legler-1952-italian-design-01.jpg","type":"image\/jpeg"}],"twitter_card":"summary_large_image","twitter_misc":{"Gesch\u00e4tzte Lesezeit":"1\u00a0Minute"},"schema":{"@context":"https:\/\/schema.org","@graph":[{"@type":"WebPage","@id":"https:\/\/www.demosmobilia.ch\/de\/product\/stuhl-und-hockermodell-basket\/","url":"https:\/\/www.demosmobilia.ch\/de\/product\/stuhl-und-hockermodell-basket\/","name":"Stuhl- und Hockermodell \u201eBasket\u201c &#8211; demosmobilia","isPartOf":{"@id":"https:\/\/www.demosmobilia.ch\/de\/#website"},"primaryImageOfPage":{"@id":"https:\/\/www.demosmobilia.ch\/de\/product\/stuhl-und-hockermodell-basket\/#primaryimage"},"image":{"@id":"https:\/\/www.demosmobilia.ch\/de\/product\/stuhl-und-hockermodell-basket\/#primaryimage"},"thumbnailUrl":"https:\/\/www.demosmobilia.ch\/wp-content\/uploads\/2026\/03\/bonacina-basket-chair-stool-gianfranco-legler-1952-italian-design-01.jpg","datePublished":"2026-04-01T06:45:18+00:00","dateModified":"2026-03-28T07:45:18+00:00","breadcrumb":{"@id":"https:\/\/www.demosmobilia.ch\/de\/product\/stuhl-und-hockermodell-basket\/#breadcrumb"},"inLanguage":"de","potentialAction":[{"@type":"ReadAction","target":["https:\/\/www.demosmobilia.ch\/de\/product\/stuhl-und-hockermodell-basket\/"]}]},{"@type":"ImageObject","inLanguage":"de","@id":"https:\/\/www.demosmobilia.ch\/de\/product\/stuhl-und-hockermodell-basket\/#primaryimage","url":"https:\/\/www.demosmobilia.ch\/wp-content\/uploads\/2026\/03\/bonacina-basket-chair-stool-gianfranco-legler-1952-italian-design-01.jpg","contentUrl":"https:\/\/www.demosmobilia.ch\/wp-content\/uploads\/2026\/03\/bonacina-basket-chair-stool-gianfranco-legler-1952-italian-design-01.jpg","width":1200,"height":900},{"@type":"BreadcrumbList","@id":"https:\/\/www.demosmobilia.ch\/de\/product\/stuhl-und-hockermodell-basket\/#breadcrumb","itemListElement":[{"@type":"ListItem","position":1,"name":"Home","item":"https:\/\/www.demosmobilia.ch\/de\/"},{"@type":"ListItem","position":2,"name":"Produkte","item":"https:\/\/www.demosmobilia.ch\/de\/shop\/"},{"@type":"ListItem","position":3,"name":"Stuhl- und Hockermodell \u201eBasket\u201c"}]},{"@type":"WebSite","@id":"https:\/\/www.demosmobilia.ch\/de\/#website","url":"https:\/\/www.demosmobilia.ch\/de\/","name":"demosmobilia","description":"Vintage Mid Century Modern Design Furniture from the &#039;30s to the &#039;80s","publisher":{"@id":"https:\/\/www.demosmobilia.ch\/de\/#organization"},"potentialAction":[{"@type":"SearchAction","target":{"@type":"EntryPoint","urlTemplate":"https:\/\/www.demosmobilia.ch\/de\/?s={search_term_string}"},"query-input":{"@type":"PropertyValueSpecification","valueRequired":true,"valueName":"search_term_string"}}],"inLanguage":"de"},{"@type":"Organization","@id":"https:\/\/www.demosmobilia.ch\/de\/#organization","name":"demosmobilia","url":"https:\/\/www.demosmobilia.ch\/de\/","logo":{"@type":"ImageObject","inLanguage":"de","@id":"https:\/\/www.demosmobilia.ch\/de\/#\/schema\/logo\/image\/","url":"https:\/\/www.demosmobilia.ch\/wp-content\/uploads\/2020\/07\/demosmobilia-logo-2020-230-160.png","contentUrl":"https:\/\/www.demosmobilia.ch\/wp-content\/uploads\/2020\/07\/demosmobilia-logo-2020-230-160.png","width":230,"height":160,"caption":"demosmobilia"},"image":{"@id":"https:\/\/www.demosmobilia.ch\/de\/#\/schema\/logo\/image\/"},"sameAs":["https:\/\/www.facebook.com\/Demos-Mobilia-1137017453131445\/","https:\/\/www.instagram.com\/demosmobilia\/"]}]}},"_links":{"self":[{"href":"https:\/\/www.demosmobilia.ch\/de\/wp-json\/wp\/v2\/product\/86710","targetHints":{"allow":["GET"]}}],"collection":[{"href":"https:\/\/www.demosmobilia.ch\/de\/wp-json\/wp\/v2\/product"}],"about":[{"href":"https:\/\/www.demosmobilia.ch\/de\/wp-json\/wp\/v2\/types\/product"}],"wp:featuredmedia":[{"embeddable":true,"href":"https:\/\/www.demosmobilia.ch\/de\/wp-json\/wp\/v2\/media\/86666"}],"wp:attachment":[{"href":"https:\/\/www.demosmobilia.ch\/de\/wp-json\/wp\/v2\/media?parent=86710"}],"wp:term":[{"taxonomy":"product_cat","embeddable":true,"href":"https:\/\/www.demosmobilia.ch\/de\/wp-json\/wp\/v2\/product_cat?post=86710"},{"taxonomy":"product_tag","embeddable":true,"href":"https:\/\/www.demosmobilia.ch\/de\/wp-json\/wp\/v2\/product_tag?post=86710"}],"curies":[{"name":"wp","href":"https:\/\/api.w.org\/{rel}","templated":true}]}}