{"id":86573,"date":"2026-03-28T09:30:37","date_gmt":"2026-03-28T08:30:37","guid":{"rendered":"https:\/\/www.demosmobilia.ch\/product\/wandgarderobe-modell-1801\/"},"modified":"2026-03-28T09:30:37","modified_gmt":"2026-03-28T08:30:37","slug":"wandgarderobe-modell-1801","status":"publish","type":"product","link":"https:\/\/www.demosmobilia.ch\/de\/product\/wandgarderobe-modell-1801\/","title":{"rendered":"Wandgarderobe, Modell 1801"},"content":{"rendered":"<p>Ico Parisi: Eine Ikone des italienischen Designs des 20. Jahrhunderts<br \/>\nIco Parisi (1916\u20131996) war ein innovativer italienischer Designer und Architekt, der international f\u00fcr seinen kreativen und experimentellen Ansatz in der Innenarchitektur und im M\u00f6beldesign bekannt war. Als ausgebildeter Architekt verband Parisi stets Funktionalit\u00e4t, Eleganz und k\u00fcnstlerischen Ausdruck und verwandelte Alltagsgegenst\u00e4nde in ikonische Designobjekte. <\/p>\n<p>Stil und Ansatz<br \/>\nParisi verbindet in jedem Projekt nahtlos Kunst, Architektur und Industriedesign. Seine Kreationen sind bekannt f\u00fcr flie\u00dfende Linien, innovative Materialien und akribische Liebe zum Detail. Damit nahm er Trends vorweg und pr\u00e4gte das italienische Design der Nachkriegszeit. Jedes St\u00fcck vereint raffinierte \u00c4sthetik mit praktischer Funktionalit\u00e4t, was seine Arbeiten bei Sammlern und Designliebhabern sehr begehrt macht.  <\/p>\n<p>Zusammenarbeit mit Stildomus Selezione<br \/>\nIco Parisi arbeitete mit Stildomus Selezione zusammen und entwarf M\u00f6bel und Wohnaccessoires, die Innovation mit italienischer Handwerkskunst verbinden. Durch diese Partnerschaft schuf Parisi einzigartige und zeitgen\u00f6ssische Objekte und festigte seinen Ruf als einer der einflussreichsten italienischen Designer der Mitte des Jahrhunderts.<\/p>\n","protected":false},"excerpt":{"rendered":"<p>Ico Parisi: Eine Ikone des italienischen Designs des 20. Jahrhunderts Ico Parisi (1916\u20131996) war ein innovativer italienischer Designer und Architekt, der international f\u00fcr seinen kreativen und experimentellen Ansatz in der Innenarchitektur und im M\u00f6beldesign bekannt war. Als ausgebildeter Architekt verband Parisi stets Funktionalit\u00e4t, Eleganz und k\u00fcnstlerischen Ausdruck und verwandelte Alltagsgegenst\u00e4nde in ikonische Designobjekte. Stil und Ansatz Parisi verbindet in jedem Projekt nahtlos Kunst, Architektur und Industriedesign. Seine Kreationen sind bekannt f\u00fcr flie\u00dfende Linien, innovative Materialien und akribische Liebe zum Detail. Damit nahm er Trends vorweg und pr\u00e4gte das italienische Design der Nachkriegszeit. Jedes St\u00fcck vereint raffinierte \u00c4sthetik mit praktischer Funktionalit\u00e4t, was seine Arbeiten bei Sammlern<a class=\"more-link\" href=\"https:\/\/www.demosmobilia.ch\/de\/product\/wandgarderobe-modell-1801\/\">Read More &rarr;<\/a><\/p>\n","protected":false},"featured_media":86546,"template":"","meta":{"_monsterinsights_skip_tracking":false,"_monsterinsights_sitenote_active":false,"_monsterinsights_sitenote_note":"","_monsterinsights_sitenote_category":0,"kk_blocks_editor_width":"","_kiokenblocks_attr":"","_kiokenblocks_dimensions":""},"product_cat":[4135,4106],"product_tag":[7098],"class_list":{"0":"entry","1":"author-demosmobilia","2":"post-86573","3":"product","4":"type-product","5":"status-publish","6":"has-post-thumbnail","7":"product_production-stildomus-selezione","8":"product_year-3360","9":"product_nation-italien-de","10":"product_cat-garderobenstander","11":"product_cat-neuheiten","12":"product_tag-ico-parisi-de","13":"pa_product_dimension-84-x-6-x-ht-12-cm","14":"pa_product_material-palisanderholz-leder-vernickeltes-messing","16":"first","17":"instock","18":"shipping-taxable","19":"purchasable","20":"product-type-simple"},"yoast_head":"<!-- This site is optimized with the Yoast SEO plugin v24.0 - https:\/\/yoast.com\/wordpress\/plugins\/seo\/ -->\n<title>Wandgarderobe, Modell 1801 &#8211; demosmobilia<\/title>\n<meta name=\"robots\" content=\"index, follow, max-snippet:-1, max-image-preview:large, max-video-preview:-1\" \/>\n<link rel=\"canonical\" href=\"https:\/\/www.demosmobilia.ch\/de\/product\/wandgarderobe-modell-1801\/\" \/>\n<meta property=\"og:locale\" content=\"de_DE\" \/>\n<meta property=\"og:type\" content=\"article\" \/>\n<meta property=\"og:title\" content=\"Wandgarderobe, Modell 1801 &#8211; demosmobilia\" \/>\n<meta property=\"og:description\" content=\"Ico Parisi: Eine Ikone des italienischen Designs des 20. Jahrhunderts Ico Parisi (1916\u20131996) war ein innovativer italienischer Designer und Architekt, der international f\u00fcr seinen kreativen und experimentellen Ansatz in der Innenarchitektur und im M\u00f6beldesign bekannt war. Als ausgebildeter Architekt verband Parisi stets Funktionalit\u00e4t, Eleganz und k\u00fcnstlerischen Ausdruck und verwandelte Alltagsgegenst\u00e4nde in ikonische Designobjekte. Stil und Ansatz Parisi verbindet in jedem Projekt nahtlos Kunst, Architektur und Industriedesign. Seine Kreationen sind bekannt f\u00fcr flie\u00dfende Linien, innovative Materialien und akribische Liebe zum Detail. Damit nahm er Trends vorweg und pr\u00e4gte das italienische Design der Nachkriegszeit. Jedes St\u00fcck vereint raffinierte \u00c4sthetik mit praktischer Funktionalit\u00e4t, was seine Arbeiten bei SammlernRead More &rarr;\" \/>\n<meta property=\"og:url\" content=\"https:\/\/www.demosmobilia.ch\/de\/product\/wandgarderobe-modell-1801\/\" \/>\n<meta property=\"og:site_name\" content=\"demosmobilia\" \/>\n<meta property=\"article:publisher\" content=\"https:\/\/www.facebook.com\/Demos-Mobilia-1137017453131445\/\" \/>\n<meta property=\"og:image\" content=\"https:\/\/www.demosmobilia.ch\/wp-content\/uploads\/2026\/03\/ico-parisi-stildomus-selezione-1960-suspended-coat-rack-1960-italian-design-01.jpg\" \/>\n\t<meta property=\"og:image:width\" content=\"1200\" \/>\n\t<meta property=\"og:image:height\" content=\"900\" \/>\n\t<meta property=\"og:image:type\" content=\"image\/jpeg\" \/>\n<meta name=\"twitter:card\" content=\"summary_large_image\" \/>\n<meta name=\"twitter:label1\" content=\"Gesch\u00e4tzte Lesezeit\" \/>\n\t<meta name=\"twitter:data1\" content=\"1\u00a0Minute\" \/>\n<script type=\"application\/ld+json\" class=\"yoast-schema-graph\">{\"@context\":\"https:\/\/schema.org\",\"@graph\":[{\"@type\":\"WebPage\",\"@id\":\"https:\/\/www.demosmobilia.ch\/de\/product\/wandgarderobe-modell-1801\/\",\"url\":\"https:\/\/www.demosmobilia.ch\/de\/product\/wandgarderobe-modell-1801\/\",\"name\":\"Wandgarderobe, Modell 1801 &#8211; demosmobilia\",\"isPartOf\":{\"@id\":\"https:\/\/www.demosmobilia.ch\/de\/#website\"},\"primaryImageOfPage\":{\"@id\":\"https:\/\/www.demosmobilia.ch\/de\/product\/wandgarderobe-modell-1801\/#primaryimage\"},\"image\":{\"@id\":\"https:\/\/www.demosmobilia.ch\/de\/product\/wandgarderobe-modell-1801\/#primaryimage\"},\"thumbnailUrl\":\"https:\/\/www.demosmobilia.ch\/wp-content\/uploads\/2026\/03\/ico-parisi-stildomus-selezione-1960-suspended-coat-rack-1960-italian-design-01.jpg\",\"datePublished\":\"2026-03-28T08:30:37+00:00\",\"dateModified\":\"2026-03-28T08:30:37+00:00\",\"breadcrumb\":{\"@id\":\"https:\/\/www.demosmobilia.ch\/de\/product\/wandgarderobe-modell-1801\/#breadcrumb\"},\"inLanguage\":\"de\",\"potentialAction\":[{\"@type\":\"ReadAction\",\"target\":[\"https:\/\/www.demosmobilia.ch\/de\/product\/wandgarderobe-modell-1801\/\"]}]},{\"@type\":\"ImageObject\",\"inLanguage\":\"de\",\"@id\":\"https:\/\/www.demosmobilia.ch\/de\/product\/wandgarderobe-modell-1801\/#primaryimage\",\"url\":\"https:\/\/www.demosmobilia.ch\/wp-content\/uploads\/2026\/03\/ico-parisi-stildomus-selezione-1960-suspended-coat-rack-1960-italian-design-01.jpg\",\"contentUrl\":\"https:\/\/www.demosmobilia.ch\/wp-content\/uploads\/2026\/03\/ico-parisi-stildomus-selezione-1960-suspended-coat-rack-1960-italian-design-01.jpg\",\"width\":1200,\"height\":900},{\"@type\":\"BreadcrumbList\",\"@id\":\"https:\/\/www.demosmobilia.ch\/de\/product\/wandgarderobe-modell-1801\/#breadcrumb\",\"itemListElement\":[{\"@type\":\"ListItem\",\"position\":1,\"name\":\"Home\",\"item\":\"https:\/\/www.demosmobilia.ch\/de\/\"},{\"@type\":\"ListItem\",\"position\":2,\"name\":\"Produkte\",\"item\":\"https:\/\/www.demosmobilia.ch\/de\/shop\/\"},{\"@type\":\"ListItem\",\"position\":3,\"name\":\"Wandgarderobe, Modell 1801\"}]},{\"@type\":\"WebSite\",\"@id\":\"https:\/\/www.demosmobilia.ch\/de\/#website\",\"url\":\"https:\/\/www.demosmobilia.ch\/de\/\",\"name\":\"demosmobilia\",\"description\":\"Vintage Mid Century Modern Design Furniture from the &#039;30s to the &#039;80s\",\"publisher\":{\"@id\":\"https:\/\/www.demosmobilia.ch\/de\/#organization\"},\"potentialAction\":[{\"@type\":\"SearchAction\",\"target\":{\"@type\":\"EntryPoint\",\"urlTemplate\":\"https:\/\/www.demosmobilia.ch\/de\/?s={search_term_string}\"},\"query-input\":{\"@type\":\"PropertyValueSpecification\",\"valueRequired\":true,\"valueName\":\"search_term_string\"}}],\"inLanguage\":\"de\"},{\"@type\":\"Organization\",\"@id\":\"https:\/\/www.demosmobilia.ch\/de\/#organization\",\"name\":\"demosmobilia\",\"url\":\"https:\/\/www.demosmobilia.ch\/de\/\",\"logo\":{\"@type\":\"ImageObject\",\"inLanguage\":\"de\",\"@id\":\"https:\/\/www.demosmobilia.ch\/de\/#\/schema\/logo\/image\/\",\"url\":\"https:\/\/www.demosmobilia.ch\/wp-content\/uploads\/2020\/07\/demosmobilia-logo-2020-230-160.png\",\"contentUrl\":\"https:\/\/www.demosmobilia.ch\/wp-content\/uploads\/2020\/07\/demosmobilia-logo-2020-230-160.png\",\"width\":230,\"height\":160,\"caption\":\"demosmobilia\"},\"image\":{\"@id\":\"https:\/\/www.demosmobilia.ch\/de\/#\/schema\/logo\/image\/\"},\"sameAs\":[\"https:\/\/www.facebook.com\/Demos-Mobilia-1137017453131445\/\",\"https:\/\/www.instagram.com\/demosmobilia\/\"]}]}<\/script>\n<!-- \/ Yoast SEO plugin. -->","yoast_head_json":{"title":"Wandgarderobe, Modell 1801 &#8211; demosmobilia","robots":{"index":"index","follow":"follow","max-snippet":"max-snippet:-1","max-image-preview":"max-image-preview:large","max-video-preview":"max-video-preview:-1"},"canonical":"https:\/\/www.demosmobilia.ch\/de\/product\/wandgarderobe-modell-1801\/","og_locale":"de_DE","og_type":"article","og_title":"Wandgarderobe, Modell 1801 &#8211; demosmobilia","og_description":"Ico Parisi: Eine Ikone des italienischen Designs des 20. Jahrhunderts Ico Parisi (1916\u20131996) war ein innovativer italienischer Designer und Architekt, der international f\u00fcr seinen kreativen und experimentellen Ansatz in der Innenarchitektur und im M\u00f6beldesign bekannt war. Als ausgebildeter Architekt verband Parisi stets Funktionalit\u00e4t, Eleganz und k\u00fcnstlerischen Ausdruck und verwandelte Alltagsgegenst\u00e4nde in ikonische Designobjekte. Stil und Ansatz Parisi verbindet in jedem Projekt nahtlos Kunst, Architektur und Industriedesign. Seine Kreationen sind bekannt f\u00fcr flie\u00dfende Linien, innovative Materialien und akribische Liebe zum Detail. Damit nahm er Trends vorweg und pr\u00e4gte das italienische Design der Nachkriegszeit. Jedes St\u00fcck vereint raffinierte \u00c4sthetik mit praktischer Funktionalit\u00e4t, was seine Arbeiten bei SammlernRead More &rarr;","og_url":"https:\/\/www.demosmobilia.ch\/de\/product\/wandgarderobe-modell-1801\/","og_site_name":"demosmobilia","article_publisher":"https:\/\/www.facebook.com\/Demos-Mobilia-1137017453131445\/","og_image":[{"width":1200,"height":900,"url":"https:\/\/www.demosmobilia.ch\/wp-content\/uploads\/2026\/03\/ico-parisi-stildomus-selezione-1960-suspended-coat-rack-1960-italian-design-01.jpg","type":"image\/jpeg"}],"twitter_card":"summary_large_image","twitter_misc":{"Gesch\u00e4tzte Lesezeit":"1\u00a0Minute"},"schema":{"@context":"https:\/\/schema.org","@graph":[{"@type":"WebPage","@id":"https:\/\/www.demosmobilia.ch\/de\/product\/wandgarderobe-modell-1801\/","url":"https:\/\/www.demosmobilia.ch\/de\/product\/wandgarderobe-modell-1801\/","name":"Wandgarderobe, Modell 1801 &#8211; demosmobilia","isPartOf":{"@id":"https:\/\/www.demosmobilia.ch\/de\/#website"},"primaryImageOfPage":{"@id":"https:\/\/www.demosmobilia.ch\/de\/product\/wandgarderobe-modell-1801\/#primaryimage"},"image":{"@id":"https:\/\/www.demosmobilia.ch\/de\/product\/wandgarderobe-modell-1801\/#primaryimage"},"thumbnailUrl":"https:\/\/www.demosmobilia.ch\/wp-content\/uploads\/2026\/03\/ico-parisi-stildomus-selezione-1960-suspended-coat-rack-1960-italian-design-01.jpg","datePublished":"2026-03-28T08:30:37+00:00","dateModified":"2026-03-28T08:30:37+00:00","breadcrumb":{"@id":"https:\/\/www.demosmobilia.ch\/de\/product\/wandgarderobe-modell-1801\/#breadcrumb"},"inLanguage":"de","potentialAction":[{"@type":"ReadAction","target":["https:\/\/www.demosmobilia.ch\/de\/product\/wandgarderobe-modell-1801\/"]}]},{"@type":"ImageObject","inLanguage":"de","@id":"https:\/\/www.demosmobilia.ch\/de\/product\/wandgarderobe-modell-1801\/#primaryimage","url":"https:\/\/www.demosmobilia.ch\/wp-content\/uploads\/2026\/03\/ico-parisi-stildomus-selezione-1960-suspended-coat-rack-1960-italian-design-01.jpg","contentUrl":"https:\/\/www.demosmobilia.ch\/wp-content\/uploads\/2026\/03\/ico-parisi-stildomus-selezione-1960-suspended-coat-rack-1960-italian-design-01.jpg","width":1200,"height":900},{"@type":"BreadcrumbList","@id":"https:\/\/www.demosmobilia.ch\/de\/product\/wandgarderobe-modell-1801\/#breadcrumb","itemListElement":[{"@type":"ListItem","position":1,"name":"Home","item":"https:\/\/www.demosmobilia.ch\/de\/"},{"@type":"ListItem","position":2,"name":"Produkte","item":"https:\/\/www.demosmobilia.ch\/de\/shop\/"},{"@type":"ListItem","position":3,"name":"Wandgarderobe, Modell 1801"}]},{"@type":"WebSite","@id":"https:\/\/www.demosmobilia.ch\/de\/#website","url":"https:\/\/www.demosmobilia.ch\/de\/","name":"demosmobilia","description":"Vintage Mid Century Modern Design Furniture from the &#039;30s to the &#039;80s","publisher":{"@id":"https:\/\/www.demosmobilia.ch\/de\/#organization"},"potentialAction":[{"@type":"SearchAction","target":{"@type":"EntryPoint","urlTemplate":"https:\/\/www.demosmobilia.ch\/de\/?s={search_term_string}"},"query-input":{"@type":"PropertyValueSpecification","valueRequired":true,"valueName":"search_term_string"}}],"inLanguage":"de"},{"@type":"Organization","@id":"https:\/\/www.demosmobilia.ch\/de\/#organization","name":"demosmobilia","url":"https:\/\/www.demosmobilia.ch\/de\/","logo":{"@type":"ImageObject","inLanguage":"de","@id":"https:\/\/www.demosmobilia.ch\/de\/#\/schema\/logo\/image\/","url":"https:\/\/www.demosmobilia.ch\/wp-content\/uploads\/2020\/07\/demosmobilia-logo-2020-230-160.png","contentUrl":"https:\/\/www.demosmobilia.ch\/wp-content\/uploads\/2020\/07\/demosmobilia-logo-2020-230-160.png","width":230,"height":160,"caption":"demosmobilia"},"image":{"@id":"https:\/\/www.demosmobilia.ch\/de\/#\/schema\/logo\/image\/"},"sameAs":["https:\/\/www.facebook.com\/Demos-Mobilia-1137017453131445\/","https:\/\/www.instagram.com\/demosmobilia\/"]}]}},"_links":{"self":[{"href":"https:\/\/www.demosmobilia.ch\/de\/wp-json\/wp\/v2\/product\/86573","targetHints":{"allow":["GET"]}}],"collection":[{"href":"https:\/\/www.demosmobilia.ch\/de\/wp-json\/wp\/v2\/product"}],"about":[{"href":"https:\/\/www.demosmobilia.ch\/de\/wp-json\/wp\/v2\/types\/product"}],"wp:featuredmedia":[{"embeddable":true,"href":"https:\/\/www.demosmobilia.ch\/de\/wp-json\/wp\/v2\/media\/86546"}],"wp:attachment":[{"href":"https:\/\/www.demosmobilia.ch\/de\/wp-json\/wp\/v2\/media?parent=86573"}],"wp:term":[{"taxonomy":"product_cat","embeddable":true,"href":"https:\/\/www.demosmobilia.ch\/de\/wp-json\/wp\/v2\/product_cat?post=86573"},{"taxonomy":"product_tag","embeddable":true,"href":"https:\/\/www.demosmobilia.ch\/de\/wp-json\/wp\/v2\/product_tag?post=86573"}],"curies":[{"name":"wp","href":"https:\/\/api.w.org\/{rel}","templated":true}]}}