{"id":86384,"date":"2026-03-28T10:15:41","date_gmt":"2026-03-28T09:15:41","guid":{"rendered":"https:\/\/www.demosmobilia.ch\/product\/verstellbare-stehlampe-modell-lt3-alzabile-aus-portugiesischem-rosa-marmor\/"},"modified":"2026-03-28T10:15:41","modified_gmt":"2026-03-28T09:15:41","slug":"verstellbare-stehlampe-modell-lt3-alzabile-aus-portugiesischem-rosa-marmor","status":"publish","type":"product","link":"https:\/\/www.demosmobilia.ch\/de\/product\/verstellbare-stehlampe-modell-lt3-alzabile-aus-portugiesischem-rosa-marmor\/","title":{"rendered":"Verstellbare Stehlampe Modell LT3 Alzabile, aus portugiesischem rosa Marmor"},"content":{"rendered":"<p>Literaturhinweise: Domus 239 (Bd. VIII, 1949), S. 40 Giuliana Gramigna,<br \/>\nRepertorio 1950\u20132000, Allemandi, Turin, 2003, S. 22.<\/p>\n<p>Ignazio Gardella: Ikone der italienischen Moderne und Design-Kooperationen<\/p>\n<p>Ignazio Gardella (1905\u20131999), Architekt und Designer, gilt als eine der einflussreichsten Pers\u00f6nlichkeiten der italienischen Architektur und des Designs des 20. Jahrhunderts und ist bekannt f\u00fcr seinen rationalen, eleganten und zeitlosen Ansatz. Sein Werk verbindet technische Innovation auf perfekte Weise mit harmonischen Proportionen und schafft so Objekte und R\u00e4ume, die das zeitgen\u00f6ssische Design bis heute inspirieren. <\/p>\n<p>Eine der bedeutendsten Kooperationen Gardellas war die Zusammenarbeit mit Azucena, dem traditionsreichen italienischen Hersteller von hochwertigen M\u00f6beln und Leuchten. Gemeinsam entwickelten sie Leuchten und Einrichtungsgegenst\u00e4nde, die die Raffinesse des italienischen Designs und den eleganten Lebensstil der Mail\u00e4nder Bourgeoisie verk\u00f6rpern. Durch die Verwendung hochwertiger Materialien und eleganter Linien festigten sie Gardellas Verm\u00e4chtnis als vision\u00e4rer Designer des italienischen Modernismus. <\/p>\n<p>Ein bemerkenswertes Beispiel f\u00fcr diese Zusammenarbeit ist die Stehleuchte LT3 Alzabile, die 1949 entworfen und von Azucena hergestellt wurde. Mit ihrer schlanken, verstellbaren Struktur und den klaren architektonischen Linien schafft die LT3 eine perfekte Balance zwischen Funktionalit\u00e4t und Stil. Besonders selten ist unsere Version mit einem Sockel aus Rosa-Portogallo-Marmor aus einer der ersten Produktionsserien, der der Leuchte eine exklusive und raffinierte Eleganz verleiht und sie zu einem einzigartigen Sammlerst\u00fcck f\u00fcr Liebhaber des ikonischen italienischen Designs macht.<\/p>\n","protected":false},"excerpt":{"rendered":"<p>Literaturhinweise: Domus 239 (Bd. VIII, 1949), S. 40 Giuliana Gramigna, Repertorio 1950\u20132000, Allemandi, Turin, 2003, S. 22. Ignazio Gardella: Ikone der italienischen Moderne und Design-Kooperationen Ignazio Gardella (1905\u20131999), Architekt und Designer, gilt als eine der einflussreichsten Pers\u00f6nlichkeiten der italienischen Architektur und des Designs des 20. Jahrhunderts und ist bekannt f\u00fcr seinen rationalen, eleganten und zeitlosen Ansatz. Sein Werk verbindet technische Innovation auf perfekte Weise mit harmonischen Proportionen und schafft so Objekte und R\u00e4ume, die das zeitgen\u00f6ssische Design bis heute inspirieren. Eine der bedeutendsten Kooperationen Gardellas war die Zusammenarbeit mit Azucena, dem traditionsreichen italienischen Hersteller von hochwertigen M\u00f6beln und Leuchten. Gemeinsam entwickelten sie Leuchten und Einrichtungsgegenst\u00e4nde,<a class=\"more-link\" href=\"https:\/\/www.demosmobilia.ch\/de\/product\/verstellbare-stehlampe-modell-lt3-alzabile-aus-portugiesischem-rosa-marmor\/\">Read More &rarr;<\/a><\/p>\n","protected":false},"featured_media":86342,"template":"","meta":{"_monsterinsights_skip_tracking":false,"_monsterinsights_sitenote_active":false,"_monsterinsights_sitenote_note":"","_monsterinsights_sitenote_category":0,"kk_blocks_editor_width":"","_kiokenblocks_attr":"","_kiokenblocks_dimensions":""},"product_cat":[4106,4124],"product_tag":[6617],"class_list":{"0":"entry","1":"author-demosmobilia","2":"post-86384","3":"product","4":"type-product","5":"status-publish","6":"has-post-thumbnail","7":"product_production-azucena","8":"product_year-2421","9":"product_nation-italien-de","10":"product_cat-neuheiten","11":"product_cat-stehleuchten","12":"product_tag-gardella-ignazio-de","13":"pa_product_dimension-durchmesser-20-x-40-x-hohe-158-210-cm-durchmesser-des-lampenschirms-20-cm","14":"pa_product_material-messing-rosa-portogallo-marmor","16":"first","17":"instock","18":"shipping-taxable","19":"purchasable","20":"product-type-simple"},"yoast_head":"<!-- This site is optimized with the Yoast SEO plugin v24.0 - https:\/\/yoast.com\/wordpress\/plugins\/seo\/ -->\n<title>Verstellbare Stehlampe Modell LT3 Alzabile, aus portugiesischem rosa Marmor &#8211; demosmobilia<\/title>\n<meta name=\"robots\" content=\"index, follow, max-snippet:-1, max-image-preview:large, max-video-preview:-1\" \/>\n<link rel=\"canonical\" href=\"https:\/\/www.demosmobilia.ch\/de\/product\/verstellbare-stehlampe-modell-lt3-alzabile-aus-portugiesischem-rosa-marmor\/\" \/>\n<meta property=\"og:locale\" content=\"de_DE\" \/>\n<meta property=\"og:type\" content=\"article\" \/>\n<meta property=\"og:title\" content=\"Verstellbare Stehlampe Modell LT3 Alzabile, aus portugiesischem rosa Marmor &#8211; demosmobilia\" \/>\n<meta property=\"og:description\" content=\"Literaturhinweise: Domus 239 (Bd. VIII, 1949), S. 40 Giuliana Gramigna, Repertorio 1950\u20132000, Allemandi, Turin, 2003, S. 22. Ignazio Gardella: Ikone der italienischen Moderne und Design-Kooperationen Ignazio Gardella (1905\u20131999), Architekt und Designer, gilt als eine der einflussreichsten Pers\u00f6nlichkeiten der italienischen Architektur und des Designs des 20. Jahrhunderts und ist bekannt f\u00fcr seinen rationalen, eleganten und zeitlosen Ansatz. Sein Werk verbindet technische Innovation auf perfekte Weise mit harmonischen Proportionen und schafft so Objekte und R\u00e4ume, die das zeitgen\u00f6ssische Design bis heute inspirieren. Eine der bedeutendsten Kooperationen Gardellas war die Zusammenarbeit mit Azucena, dem traditionsreichen italienischen Hersteller von hochwertigen M\u00f6beln und Leuchten. Gemeinsam entwickelten sie Leuchten und Einrichtungsgegenst\u00e4nde,Read More &rarr;\" \/>\n<meta property=\"og:url\" content=\"https:\/\/www.demosmobilia.ch\/de\/product\/verstellbare-stehlampe-modell-lt3-alzabile-aus-portugiesischem-rosa-marmor\/\" \/>\n<meta property=\"og:site_name\" content=\"demosmobilia\" \/>\n<meta property=\"article:publisher\" content=\"https:\/\/www.facebook.com\/Demos-Mobilia-1137017453131445\/\" \/>\n<meta property=\"og:image\" content=\"https:\/\/www.demosmobilia.ch\/wp-content\/uploads\/2026\/03\/Ignazio-Gardella-LTE-Alzabile-floor-lamp-Azucena-1950-Italia-01.jpg\" \/>\n\t<meta property=\"og:image:width\" content=\"1200\" \/>\n\t<meta property=\"og:image:height\" content=\"900\" \/>\n\t<meta property=\"og:image:type\" content=\"image\/jpeg\" \/>\n<meta name=\"twitter:card\" content=\"summary_large_image\" \/>\n<meta name=\"twitter:label1\" content=\"Gesch\u00e4tzte Lesezeit\" \/>\n\t<meta name=\"twitter:data1\" content=\"1\u00a0Minute\" \/>\n<script type=\"application\/ld+json\" class=\"yoast-schema-graph\">{\"@context\":\"https:\/\/schema.org\",\"@graph\":[{\"@type\":\"WebPage\",\"@id\":\"https:\/\/www.demosmobilia.ch\/de\/product\/verstellbare-stehlampe-modell-lt3-alzabile-aus-portugiesischem-rosa-marmor\/\",\"url\":\"https:\/\/www.demosmobilia.ch\/de\/product\/verstellbare-stehlampe-modell-lt3-alzabile-aus-portugiesischem-rosa-marmor\/\",\"name\":\"Verstellbare Stehlampe Modell LT3 Alzabile, aus portugiesischem rosa Marmor &#8211; demosmobilia\",\"isPartOf\":{\"@id\":\"https:\/\/www.demosmobilia.ch\/de\/#website\"},\"primaryImageOfPage\":{\"@id\":\"https:\/\/www.demosmobilia.ch\/de\/product\/verstellbare-stehlampe-modell-lt3-alzabile-aus-portugiesischem-rosa-marmor\/#primaryimage\"},\"image\":{\"@id\":\"https:\/\/www.demosmobilia.ch\/de\/product\/verstellbare-stehlampe-modell-lt3-alzabile-aus-portugiesischem-rosa-marmor\/#primaryimage\"},\"thumbnailUrl\":\"https:\/\/www.demosmobilia.ch\/wp-content\/uploads\/2026\/03\/Ignazio-Gardella-LTE-Alzabile-floor-lamp-Azucena-1950-Italia-01.jpg\",\"datePublished\":\"2026-03-28T09:15:41+00:00\",\"dateModified\":\"2026-03-28T09:15:41+00:00\",\"breadcrumb\":{\"@id\":\"https:\/\/www.demosmobilia.ch\/de\/product\/verstellbare-stehlampe-modell-lt3-alzabile-aus-portugiesischem-rosa-marmor\/#breadcrumb\"},\"inLanguage\":\"de\",\"potentialAction\":[{\"@type\":\"ReadAction\",\"target\":[\"https:\/\/www.demosmobilia.ch\/de\/product\/verstellbare-stehlampe-modell-lt3-alzabile-aus-portugiesischem-rosa-marmor\/\"]}]},{\"@type\":\"ImageObject\",\"inLanguage\":\"de\",\"@id\":\"https:\/\/www.demosmobilia.ch\/de\/product\/verstellbare-stehlampe-modell-lt3-alzabile-aus-portugiesischem-rosa-marmor\/#primaryimage\",\"url\":\"https:\/\/www.demosmobilia.ch\/wp-content\/uploads\/2026\/03\/Ignazio-Gardella-LTE-Alzabile-floor-lamp-Azucena-1950-Italia-01.jpg\",\"contentUrl\":\"https:\/\/www.demosmobilia.ch\/wp-content\/uploads\/2026\/03\/Ignazio-Gardella-LTE-Alzabile-floor-lamp-Azucena-1950-Italia-01.jpg\",\"width\":1200,\"height\":900},{\"@type\":\"BreadcrumbList\",\"@id\":\"https:\/\/www.demosmobilia.ch\/de\/product\/verstellbare-stehlampe-modell-lt3-alzabile-aus-portugiesischem-rosa-marmor\/#breadcrumb\",\"itemListElement\":[{\"@type\":\"ListItem\",\"position\":1,\"name\":\"Home\",\"item\":\"https:\/\/www.demosmobilia.ch\/de\/\"},{\"@type\":\"ListItem\",\"position\":2,\"name\":\"Produkte\",\"item\":\"https:\/\/www.demosmobilia.ch\/de\/shop\/\"},{\"@type\":\"ListItem\",\"position\":3,\"name\":\"Verstellbare Stehlampe Modell LT3 Alzabile, aus portugiesischem rosa Marmor\"}]},{\"@type\":\"WebSite\",\"@id\":\"https:\/\/www.demosmobilia.ch\/de\/#website\",\"url\":\"https:\/\/www.demosmobilia.ch\/de\/\",\"name\":\"demosmobilia\",\"description\":\"Vintage Mid Century Modern Design Furniture from the &#039;30s to the &#039;80s\",\"publisher\":{\"@id\":\"https:\/\/www.demosmobilia.ch\/de\/#organization\"},\"potentialAction\":[{\"@type\":\"SearchAction\",\"target\":{\"@type\":\"EntryPoint\",\"urlTemplate\":\"https:\/\/www.demosmobilia.ch\/de\/?s={search_term_string}\"},\"query-input\":{\"@type\":\"PropertyValueSpecification\",\"valueRequired\":true,\"valueName\":\"search_term_string\"}}],\"inLanguage\":\"de\"},{\"@type\":\"Organization\",\"@id\":\"https:\/\/www.demosmobilia.ch\/de\/#organization\",\"name\":\"demosmobilia\",\"url\":\"https:\/\/www.demosmobilia.ch\/de\/\",\"logo\":{\"@type\":\"ImageObject\",\"inLanguage\":\"de\",\"@id\":\"https:\/\/www.demosmobilia.ch\/de\/#\/schema\/logo\/image\/\",\"url\":\"https:\/\/www.demosmobilia.ch\/wp-content\/uploads\/2020\/07\/demosmobilia-logo-2020-230-160.png\",\"contentUrl\":\"https:\/\/www.demosmobilia.ch\/wp-content\/uploads\/2020\/07\/demosmobilia-logo-2020-230-160.png\",\"width\":230,\"height\":160,\"caption\":\"demosmobilia\"},\"image\":{\"@id\":\"https:\/\/www.demosmobilia.ch\/de\/#\/schema\/logo\/image\/\"},\"sameAs\":[\"https:\/\/www.facebook.com\/Demos-Mobilia-1137017453131445\/\",\"https:\/\/www.instagram.com\/demosmobilia\/\"]}]}<\/script>\n<!-- \/ Yoast SEO plugin. -->","yoast_head_json":{"title":"Verstellbare Stehlampe Modell LT3 Alzabile, aus portugiesischem rosa Marmor &#8211; demosmobilia","robots":{"index":"index","follow":"follow","max-snippet":"max-snippet:-1","max-image-preview":"max-image-preview:large","max-video-preview":"max-video-preview:-1"},"canonical":"https:\/\/www.demosmobilia.ch\/de\/product\/verstellbare-stehlampe-modell-lt3-alzabile-aus-portugiesischem-rosa-marmor\/","og_locale":"de_DE","og_type":"article","og_title":"Verstellbare Stehlampe Modell LT3 Alzabile, aus portugiesischem rosa Marmor &#8211; demosmobilia","og_description":"Literaturhinweise: Domus 239 (Bd. VIII, 1949), S. 40 Giuliana Gramigna, Repertorio 1950\u20132000, Allemandi, Turin, 2003, S. 22. Ignazio Gardella: Ikone der italienischen Moderne und Design-Kooperationen Ignazio Gardella (1905\u20131999), Architekt und Designer, gilt als eine der einflussreichsten Pers\u00f6nlichkeiten der italienischen Architektur und des Designs des 20. Jahrhunderts und ist bekannt f\u00fcr seinen rationalen, eleganten und zeitlosen Ansatz. Sein Werk verbindet technische Innovation auf perfekte Weise mit harmonischen Proportionen und schafft so Objekte und R\u00e4ume, die das zeitgen\u00f6ssische Design bis heute inspirieren. Eine der bedeutendsten Kooperationen Gardellas war die Zusammenarbeit mit Azucena, dem traditionsreichen italienischen Hersteller von hochwertigen M\u00f6beln und Leuchten. Gemeinsam entwickelten sie Leuchten und Einrichtungsgegenst\u00e4nde,Read More &rarr;","og_url":"https:\/\/www.demosmobilia.ch\/de\/product\/verstellbare-stehlampe-modell-lt3-alzabile-aus-portugiesischem-rosa-marmor\/","og_site_name":"demosmobilia","article_publisher":"https:\/\/www.facebook.com\/Demos-Mobilia-1137017453131445\/","og_image":[{"width":1200,"height":900,"url":"https:\/\/www.demosmobilia.ch\/wp-content\/uploads\/2026\/03\/Ignazio-Gardella-LTE-Alzabile-floor-lamp-Azucena-1950-Italia-01.jpg","type":"image\/jpeg"}],"twitter_card":"summary_large_image","twitter_misc":{"Gesch\u00e4tzte Lesezeit":"1\u00a0Minute"},"schema":{"@context":"https:\/\/schema.org","@graph":[{"@type":"WebPage","@id":"https:\/\/www.demosmobilia.ch\/de\/product\/verstellbare-stehlampe-modell-lt3-alzabile-aus-portugiesischem-rosa-marmor\/","url":"https:\/\/www.demosmobilia.ch\/de\/product\/verstellbare-stehlampe-modell-lt3-alzabile-aus-portugiesischem-rosa-marmor\/","name":"Verstellbare Stehlampe Modell LT3 Alzabile, aus portugiesischem rosa Marmor &#8211; demosmobilia","isPartOf":{"@id":"https:\/\/www.demosmobilia.ch\/de\/#website"},"primaryImageOfPage":{"@id":"https:\/\/www.demosmobilia.ch\/de\/product\/verstellbare-stehlampe-modell-lt3-alzabile-aus-portugiesischem-rosa-marmor\/#primaryimage"},"image":{"@id":"https:\/\/www.demosmobilia.ch\/de\/product\/verstellbare-stehlampe-modell-lt3-alzabile-aus-portugiesischem-rosa-marmor\/#primaryimage"},"thumbnailUrl":"https:\/\/www.demosmobilia.ch\/wp-content\/uploads\/2026\/03\/Ignazio-Gardella-LTE-Alzabile-floor-lamp-Azucena-1950-Italia-01.jpg","datePublished":"2026-03-28T09:15:41+00:00","dateModified":"2026-03-28T09:15:41+00:00","breadcrumb":{"@id":"https:\/\/www.demosmobilia.ch\/de\/product\/verstellbare-stehlampe-modell-lt3-alzabile-aus-portugiesischem-rosa-marmor\/#breadcrumb"},"inLanguage":"de","potentialAction":[{"@type":"ReadAction","target":["https:\/\/www.demosmobilia.ch\/de\/product\/verstellbare-stehlampe-modell-lt3-alzabile-aus-portugiesischem-rosa-marmor\/"]}]},{"@type":"ImageObject","inLanguage":"de","@id":"https:\/\/www.demosmobilia.ch\/de\/product\/verstellbare-stehlampe-modell-lt3-alzabile-aus-portugiesischem-rosa-marmor\/#primaryimage","url":"https:\/\/www.demosmobilia.ch\/wp-content\/uploads\/2026\/03\/Ignazio-Gardella-LTE-Alzabile-floor-lamp-Azucena-1950-Italia-01.jpg","contentUrl":"https:\/\/www.demosmobilia.ch\/wp-content\/uploads\/2026\/03\/Ignazio-Gardella-LTE-Alzabile-floor-lamp-Azucena-1950-Italia-01.jpg","width":1200,"height":900},{"@type":"BreadcrumbList","@id":"https:\/\/www.demosmobilia.ch\/de\/product\/verstellbare-stehlampe-modell-lt3-alzabile-aus-portugiesischem-rosa-marmor\/#breadcrumb","itemListElement":[{"@type":"ListItem","position":1,"name":"Home","item":"https:\/\/www.demosmobilia.ch\/de\/"},{"@type":"ListItem","position":2,"name":"Produkte","item":"https:\/\/www.demosmobilia.ch\/de\/shop\/"},{"@type":"ListItem","position":3,"name":"Verstellbare Stehlampe Modell LT3 Alzabile, aus portugiesischem rosa Marmor"}]},{"@type":"WebSite","@id":"https:\/\/www.demosmobilia.ch\/de\/#website","url":"https:\/\/www.demosmobilia.ch\/de\/","name":"demosmobilia","description":"Vintage Mid Century Modern Design Furniture from the &#039;30s to the &#039;80s","publisher":{"@id":"https:\/\/www.demosmobilia.ch\/de\/#organization"},"potentialAction":[{"@type":"SearchAction","target":{"@type":"EntryPoint","urlTemplate":"https:\/\/www.demosmobilia.ch\/de\/?s={search_term_string}"},"query-input":{"@type":"PropertyValueSpecification","valueRequired":true,"valueName":"search_term_string"}}],"inLanguage":"de"},{"@type":"Organization","@id":"https:\/\/www.demosmobilia.ch\/de\/#organization","name":"demosmobilia","url":"https:\/\/www.demosmobilia.ch\/de\/","logo":{"@type":"ImageObject","inLanguage":"de","@id":"https:\/\/www.demosmobilia.ch\/de\/#\/schema\/logo\/image\/","url":"https:\/\/www.demosmobilia.ch\/wp-content\/uploads\/2020\/07\/demosmobilia-logo-2020-230-160.png","contentUrl":"https:\/\/www.demosmobilia.ch\/wp-content\/uploads\/2020\/07\/demosmobilia-logo-2020-230-160.png","width":230,"height":160,"caption":"demosmobilia"},"image":{"@id":"https:\/\/www.demosmobilia.ch\/de\/#\/schema\/logo\/image\/"},"sameAs":["https:\/\/www.facebook.com\/Demos-Mobilia-1137017453131445\/","https:\/\/www.instagram.com\/demosmobilia\/"]}]}},"_links":{"self":[{"href":"https:\/\/www.demosmobilia.ch\/de\/wp-json\/wp\/v2\/product\/86384","targetHints":{"allow":["GET"]}}],"collection":[{"href":"https:\/\/www.demosmobilia.ch\/de\/wp-json\/wp\/v2\/product"}],"about":[{"href":"https:\/\/www.demosmobilia.ch\/de\/wp-json\/wp\/v2\/types\/product"}],"wp:featuredmedia":[{"embeddable":true,"href":"https:\/\/www.demosmobilia.ch\/de\/wp-json\/wp\/v2\/media\/86342"}],"wp:attachment":[{"href":"https:\/\/www.demosmobilia.ch\/de\/wp-json\/wp\/v2\/media?parent=86384"}],"wp:term":[{"taxonomy":"product_cat","embeddable":true,"href":"https:\/\/www.demosmobilia.ch\/de\/wp-json\/wp\/v2\/product_cat?post=86384"},{"taxonomy":"product_tag","embeddable":true,"href":"https:\/\/www.demosmobilia.ch\/de\/wp-json\/wp\/v2\/product_tag?post=86384"}],"curies":[{"name":"wp","href":"https:\/\/api.w.org\/{rel}","templated":true}]}}