{"id":86178,"date":"2026-02-11T13:49:48","date_gmt":"2026-02-11T12:49:48","guid":{"rendered":"https:\/\/www.demosmobilia.ch\/product\/silbernes-tablett-mit-knotenmuster\/"},"modified":"2026-02-11T13:49:48","modified_gmt":"2026-02-11T12:49:48","slug":"silbernes-tablett-mit-knotenmuster","status":"publish","type":"product","link":"https:\/\/www.demosmobilia.ch\/de\/product\/silbernes-tablett-mit-knotenmuster\/","title":{"rendered":"Silbernes Tablett mit Knotenmuster"},"content":{"rendered":"<p data-start=\"52\" data-end=\"458\">Arrigo Finzi (1911\u20131983) war eine der bedeutendsten Pers\u00f6nlichkeiten der italienischen Silberkunst des 20. Jahrhunderts und bekannt daf\u00fcr, das Design von Silberobjekten f\u00fcr den Tischservice mit einer modernen und reduzierten \u00c4sthetik neu definiert zu haben. Als meisterhafter Silberschmied und Designer interpretierte Finzi die traditionelle italienische Handwerkskunst durch klare Linien, ausgewogene Proportionen und einen starken Fokus auf Funktionalit\u00e4t im Alltag neu. <\/p>\n<p data-start=\"460\" data-end=\"996\">Seine Produktion umfasst Tee- und Kaffeeservices, Besteck, Tabletts, Kandelaber, Tafelaufs\u00e4tze und Accessoires aus Sterlingsilber, die Eleganz und Praktikabilit\u00e4t miteinander verbinden. In der Nachkriegszeit zeichneten sich seine Serviceobjekte durch eine rationale und moderne Formensprache aus, im Einklang mit den zeitgen\u00f6ssischen Str\u00f6mungen des italienischen Designs, bei denen die Reinheit der Form \u00fcberm\u00e4\u00dfige Dekoration ersetzte. Silber wurde in seinen H\u00e4nden zu einem zeitgem\u00e4\u00dfen Material, mit handwerklicher Pr\u00e4zision verarbeitet und dazu bestimmt, Geselligkeit und Tafelkultur stilvoll zu unterstreichen.  <\/p>\n","protected":false},"excerpt":{"rendered":"<p>Arrigo Finzi (1911\u20131983) war eine der bedeutendsten Pers\u00f6nlichkeiten der italienischen Silberkunst des 20. Jahrhunderts und bekannt daf\u00fcr, das Design von Silberobjekten f\u00fcr den Tischservice mit einer modernen und reduzierten \u00c4sthetik neu definiert zu haben. Als meisterhafter Silberschmied und Designer interpretierte Finzi die traditionelle italienische Handwerkskunst durch klare Linien, ausgewogene Proportionen und einen starken Fokus auf Funktionalit\u00e4t im Alltag neu. Seine Produktion umfasst Tee- und Kaffeeservices, Besteck, Tabletts, Kandelaber, Tafelaufs\u00e4tze und Accessoires aus Sterlingsilber, die Eleganz und Praktikabilit\u00e4t miteinander verbinden. In der Nachkriegszeit zeichneten sich seine Serviceobjekte durch eine rationale und moderne Formensprache aus, im Einklang mit den zeitgen\u00f6ssischen Str\u00f6mungen des italienischen Designs, bei denen die<a class=\"more-link\" href=\"https:\/\/www.demosmobilia.ch\/de\/product\/silbernes-tablett-mit-knotenmuster\/\">Read More &rarr;<\/a><\/p>\n","protected":false},"featured_media":86158,"template":"","meta":{"_monsterinsights_skip_tracking":false,"_monsterinsights_sitenote_active":false,"_monsterinsights_sitenote_note":"","_monsterinsights_sitenote_category":0,"kk_blocks_editor_width":"","_kiokenblocks_attr":"","_kiokenblocks_dimensions":""},"product_cat":[4141,4106],"product_tag":[14588],"class_list":{"0":"entry","1":"author-demosmobilia","2":"post-86178","3":"product","4":"type-product","5":"status-publish","6":"has-post-thumbnail","7":"product_production-metargent","8":"product_year-1940-approx","9":"product_nation-italien-de","10":"product_cat-andere","11":"product_cat-neuheiten","12":"product_tag-finzi-arrigo-zugeschrieben","13":"pa_product_dimension-43-5-x-30-5-x-ht-18-5-cm","14":"pa_product_material-silber-glas","16":"first","17":"instock","18":"shipping-taxable","19":"purchasable","20":"product-type-simple"},"yoast_head":"<!-- This site is optimized with the Yoast SEO plugin v24.0 - https:\/\/yoast.com\/wordpress\/plugins\/seo\/ -->\n<title>Silbernes Tablett mit Knotenmuster &#8211; demosmobilia<\/title>\n<meta name=\"robots\" content=\"index, follow, max-snippet:-1, max-image-preview:large, max-video-preview:-1\" \/>\n<link rel=\"canonical\" href=\"https:\/\/www.demosmobilia.ch\/de\/product\/silbernes-tablett-mit-knotenmuster\/\" \/>\n<meta property=\"og:locale\" content=\"de_DE\" \/>\n<meta property=\"og:type\" content=\"article\" \/>\n<meta property=\"og:title\" content=\"Silbernes Tablett mit Knotenmuster &#8211; demosmobilia\" \/>\n<meta property=\"og:description\" content=\"Arrigo Finzi (1911\u20131983) war eine der bedeutendsten Pers\u00f6nlichkeiten der italienischen Silberkunst des 20. Jahrhunderts und bekannt daf\u00fcr, das Design von Silberobjekten f\u00fcr den Tischservice mit einer modernen und reduzierten \u00c4sthetik neu definiert zu haben. Als meisterhafter Silberschmied und Designer interpretierte Finzi die traditionelle italienische Handwerkskunst durch klare Linien, ausgewogene Proportionen und einen starken Fokus auf Funktionalit\u00e4t im Alltag neu. Seine Produktion umfasst Tee- und Kaffeeservices, Besteck, Tabletts, Kandelaber, Tafelaufs\u00e4tze und Accessoires aus Sterlingsilber, die Eleganz und Praktikabilit\u00e4t miteinander verbinden. In der Nachkriegszeit zeichneten sich seine Serviceobjekte durch eine rationale und moderne Formensprache aus, im Einklang mit den zeitgen\u00f6ssischen Str\u00f6mungen des italienischen Designs, bei denen dieRead More &rarr;\" \/>\n<meta property=\"og:url\" content=\"https:\/\/www.demosmobilia.ch\/de\/product\/silbernes-tablett-mit-knotenmuster\/\" \/>\n<meta property=\"og:site_name\" content=\"demosmobilia\" \/>\n<meta property=\"article:publisher\" content=\"https:\/\/www.facebook.com\/Demos-Mobilia-1137017453131445\/\" \/>\n<meta property=\"og:image\" content=\"https:\/\/www.demosmobilia.ch\/wp-content\/uploads\/2026\/02\/arrigo-finzi-metargent-1930-knott-tray-01.jpg\" \/>\n\t<meta property=\"og:image:width\" content=\"1200\" \/>\n\t<meta property=\"og:image:height\" content=\"900\" \/>\n\t<meta property=\"og:image:type\" content=\"image\/jpeg\" \/>\n<meta name=\"twitter:card\" content=\"summary_large_image\" \/>\n<meta name=\"twitter:label1\" content=\"Gesch\u00e4tzte Lesezeit\" \/>\n\t<meta name=\"twitter:data1\" content=\"1\u00a0Minute\" \/>\n<script type=\"application\/ld+json\" class=\"yoast-schema-graph\">{\"@context\":\"https:\/\/schema.org\",\"@graph\":[{\"@type\":\"WebPage\",\"@id\":\"https:\/\/www.demosmobilia.ch\/de\/product\/silbernes-tablett-mit-knotenmuster\/\",\"url\":\"https:\/\/www.demosmobilia.ch\/de\/product\/silbernes-tablett-mit-knotenmuster\/\",\"name\":\"Silbernes Tablett mit Knotenmuster &#8211; demosmobilia\",\"isPartOf\":{\"@id\":\"https:\/\/www.demosmobilia.ch\/de\/#website\"},\"primaryImageOfPage\":{\"@id\":\"https:\/\/www.demosmobilia.ch\/de\/product\/silbernes-tablett-mit-knotenmuster\/#primaryimage\"},\"image\":{\"@id\":\"https:\/\/www.demosmobilia.ch\/de\/product\/silbernes-tablett-mit-knotenmuster\/#primaryimage\"},\"thumbnailUrl\":\"https:\/\/www.demosmobilia.ch\/wp-content\/uploads\/2026\/02\/arrigo-finzi-metargent-1930-knott-tray-01.jpg\",\"datePublished\":\"2026-02-11T12:49:48+00:00\",\"dateModified\":\"2026-02-11T12:49:48+00:00\",\"breadcrumb\":{\"@id\":\"https:\/\/www.demosmobilia.ch\/de\/product\/silbernes-tablett-mit-knotenmuster\/#breadcrumb\"},\"inLanguage\":\"de\",\"potentialAction\":[{\"@type\":\"ReadAction\",\"target\":[\"https:\/\/www.demosmobilia.ch\/de\/product\/silbernes-tablett-mit-knotenmuster\/\"]}]},{\"@type\":\"ImageObject\",\"inLanguage\":\"de\",\"@id\":\"https:\/\/www.demosmobilia.ch\/de\/product\/silbernes-tablett-mit-knotenmuster\/#primaryimage\",\"url\":\"https:\/\/www.demosmobilia.ch\/wp-content\/uploads\/2026\/02\/arrigo-finzi-metargent-1930-knott-tray-01.jpg\",\"contentUrl\":\"https:\/\/www.demosmobilia.ch\/wp-content\/uploads\/2026\/02\/arrigo-finzi-metargent-1930-knott-tray-01.jpg\",\"width\":1200,\"height\":900},{\"@type\":\"BreadcrumbList\",\"@id\":\"https:\/\/www.demosmobilia.ch\/de\/product\/silbernes-tablett-mit-knotenmuster\/#breadcrumb\",\"itemListElement\":[{\"@type\":\"ListItem\",\"position\":1,\"name\":\"Home\",\"item\":\"https:\/\/www.demosmobilia.ch\/de\/\"},{\"@type\":\"ListItem\",\"position\":2,\"name\":\"Produkte\",\"item\":\"https:\/\/www.demosmobilia.ch\/de\/shop\/\"},{\"@type\":\"ListItem\",\"position\":3,\"name\":\"Silbernes Tablett mit Knotenmuster\"}]},{\"@type\":\"WebSite\",\"@id\":\"https:\/\/www.demosmobilia.ch\/de\/#website\",\"url\":\"https:\/\/www.demosmobilia.ch\/de\/\",\"name\":\"demosmobilia\",\"description\":\"Vintage Mid Century Modern Design Furniture from the &#039;30s to the &#039;80s\",\"publisher\":{\"@id\":\"https:\/\/www.demosmobilia.ch\/de\/#organization\"},\"potentialAction\":[{\"@type\":\"SearchAction\",\"target\":{\"@type\":\"EntryPoint\",\"urlTemplate\":\"https:\/\/www.demosmobilia.ch\/de\/?s={search_term_string}\"},\"query-input\":{\"@type\":\"PropertyValueSpecification\",\"valueRequired\":true,\"valueName\":\"search_term_string\"}}],\"inLanguage\":\"de\"},{\"@type\":\"Organization\",\"@id\":\"https:\/\/www.demosmobilia.ch\/de\/#organization\",\"name\":\"demosmobilia\",\"url\":\"https:\/\/www.demosmobilia.ch\/de\/\",\"logo\":{\"@type\":\"ImageObject\",\"inLanguage\":\"de\",\"@id\":\"https:\/\/www.demosmobilia.ch\/de\/#\/schema\/logo\/image\/\",\"url\":\"https:\/\/www.demosmobilia.ch\/wp-content\/uploads\/2020\/07\/demosmobilia-logo-2020-230-160.png\",\"contentUrl\":\"https:\/\/www.demosmobilia.ch\/wp-content\/uploads\/2020\/07\/demosmobilia-logo-2020-230-160.png\",\"width\":230,\"height\":160,\"caption\":\"demosmobilia\"},\"image\":{\"@id\":\"https:\/\/www.demosmobilia.ch\/de\/#\/schema\/logo\/image\/\"},\"sameAs\":[\"https:\/\/www.facebook.com\/Demos-Mobilia-1137017453131445\/\",\"https:\/\/www.instagram.com\/demosmobilia\/\"]}]}<\/script>\n<!-- \/ Yoast SEO plugin. -->","yoast_head_json":{"title":"Silbernes Tablett mit Knotenmuster &#8211; demosmobilia","robots":{"index":"index","follow":"follow","max-snippet":"max-snippet:-1","max-image-preview":"max-image-preview:large","max-video-preview":"max-video-preview:-1"},"canonical":"https:\/\/www.demosmobilia.ch\/de\/product\/silbernes-tablett-mit-knotenmuster\/","og_locale":"de_DE","og_type":"article","og_title":"Silbernes Tablett mit Knotenmuster &#8211; demosmobilia","og_description":"Arrigo Finzi (1911\u20131983) war eine der bedeutendsten Pers\u00f6nlichkeiten der italienischen Silberkunst des 20. Jahrhunderts und bekannt daf\u00fcr, das Design von Silberobjekten f\u00fcr den Tischservice mit einer modernen und reduzierten \u00c4sthetik neu definiert zu haben. Als meisterhafter Silberschmied und Designer interpretierte Finzi die traditionelle italienische Handwerkskunst durch klare Linien, ausgewogene Proportionen und einen starken Fokus auf Funktionalit\u00e4t im Alltag neu. Seine Produktion umfasst Tee- und Kaffeeservices, Besteck, Tabletts, Kandelaber, Tafelaufs\u00e4tze und Accessoires aus Sterlingsilber, die Eleganz und Praktikabilit\u00e4t miteinander verbinden. In der Nachkriegszeit zeichneten sich seine Serviceobjekte durch eine rationale und moderne Formensprache aus, im Einklang mit den zeitgen\u00f6ssischen Str\u00f6mungen des italienischen Designs, bei denen dieRead More &rarr;","og_url":"https:\/\/www.demosmobilia.ch\/de\/product\/silbernes-tablett-mit-knotenmuster\/","og_site_name":"demosmobilia","article_publisher":"https:\/\/www.facebook.com\/Demos-Mobilia-1137017453131445\/","og_image":[{"width":1200,"height":900,"url":"https:\/\/www.demosmobilia.ch\/wp-content\/uploads\/2026\/02\/arrigo-finzi-metargent-1930-knott-tray-01.jpg","type":"image\/jpeg"}],"twitter_card":"summary_large_image","twitter_misc":{"Gesch\u00e4tzte Lesezeit":"1\u00a0Minute"},"schema":{"@context":"https:\/\/schema.org","@graph":[{"@type":"WebPage","@id":"https:\/\/www.demosmobilia.ch\/de\/product\/silbernes-tablett-mit-knotenmuster\/","url":"https:\/\/www.demosmobilia.ch\/de\/product\/silbernes-tablett-mit-knotenmuster\/","name":"Silbernes Tablett mit Knotenmuster &#8211; demosmobilia","isPartOf":{"@id":"https:\/\/www.demosmobilia.ch\/de\/#website"},"primaryImageOfPage":{"@id":"https:\/\/www.demosmobilia.ch\/de\/product\/silbernes-tablett-mit-knotenmuster\/#primaryimage"},"image":{"@id":"https:\/\/www.demosmobilia.ch\/de\/product\/silbernes-tablett-mit-knotenmuster\/#primaryimage"},"thumbnailUrl":"https:\/\/www.demosmobilia.ch\/wp-content\/uploads\/2026\/02\/arrigo-finzi-metargent-1930-knott-tray-01.jpg","datePublished":"2026-02-11T12:49:48+00:00","dateModified":"2026-02-11T12:49:48+00:00","breadcrumb":{"@id":"https:\/\/www.demosmobilia.ch\/de\/product\/silbernes-tablett-mit-knotenmuster\/#breadcrumb"},"inLanguage":"de","potentialAction":[{"@type":"ReadAction","target":["https:\/\/www.demosmobilia.ch\/de\/product\/silbernes-tablett-mit-knotenmuster\/"]}]},{"@type":"ImageObject","inLanguage":"de","@id":"https:\/\/www.demosmobilia.ch\/de\/product\/silbernes-tablett-mit-knotenmuster\/#primaryimage","url":"https:\/\/www.demosmobilia.ch\/wp-content\/uploads\/2026\/02\/arrigo-finzi-metargent-1930-knott-tray-01.jpg","contentUrl":"https:\/\/www.demosmobilia.ch\/wp-content\/uploads\/2026\/02\/arrigo-finzi-metargent-1930-knott-tray-01.jpg","width":1200,"height":900},{"@type":"BreadcrumbList","@id":"https:\/\/www.demosmobilia.ch\/de\/product\/silbernes-tablett-mit-knotenmuster\/#breadcrumb","itemListElement":[{"@type":"ListItem","position":1,"name":"Home","item":"https:\/\/www.demosmobilia.ch\/de\/"},{"@type":"ListItem","position":2,"name":"Produkte","item":"https:\/\/www.demosmobilia.ch\/de\/shop\/"},{"@type":"ListItem","position":3,"name":"Silbernes Tablett mit Knotenmuster"}]},{"@type":"WebSite","@id":"https:\/\/www.demosmobilia.ch\/de\/#website","url":"https:\/\/www.demosmobilia.ch\/de\/","name":"demosmobilia","description":"Vintage Mid Century Modern Design Furniture from the &#039;30s to the &#039;80s","publisher":{"@id":"https:\/\/www.demosmobilia.ch\/de\/#organization"},"potentialAction":[{"@type":"SearchAction","target":{"@type":"EntryPoint","urlTemplate":"https:\/\/www.demosmobilia.ch\/de\/?s={search_term_string}"},"query-input":{"@type":"PropertyValueSpecification","valueRequired":true,"valueName":"search_term_string"}}],"inLanguage":"de"},{"@type":"Organization","@id":"https:\/\/www.demosmobilia.ch\/de\/#organization","name":"demosmobilia","url":"https:\/\/www.demosmobilia.ch\/de\/","logo":{"@type":"ImageObject","inLanguage":"de","@id":"https:\/\/www.demosmobilia.ch\/de\/#\/schema\/logo\/image\/","url":"https:\/\/www.demosmobilia.ch\/wp-content\/uploads\/2020\/07\/demosmobilia-logo-2020-230-160.png","contentUrl":"https:\/\/www.demosmobilia.ch\/wp-content\/uploads\/2020\/07\/demosmobilia-logo-2020-230-160.png","width":230,"height":160,"caption":"demosmobilia"},"image":{"@id":"https:\/\/www.demosmobilia.ch\/de\/#\/schema\/logo\/image\/"},"sameAs":["https:\/\/www.facebook.com\/Demos-Mobilia-1137017453131445\/","https:\/\/www.instagram.com\/demosmobilia\/"]}]}},"_links":{"self":[{"href":"https:\/\/www.demosmobilia.ch\/de\/wp-json\/wp\/v2\/product\/86178","targetHints":{"allow":["GET"]}}],"collection":[{"href":"https:\/\/www.demosmobilia.ch\/de\/wp-json\/wp\/v2\/product"}],"about":[{"href":"https:\/\/www.demosmobilia.ch\/de\/wp-json\/wp\/v2\/types\/product"}],"wp:featuredmedia":[{"embeddable":true,"href":"https:\/\/www.demosmobilia.ch\/de\/wp-json\/wp\/v2\/media\/86158"}],"wp:attachment":[{"href":"https:\/\/www.demosmobilia.ch\/de\/wp-json\/wp\/v2\/media?parent=86178"}],"wp:term":[{"taxonomy":"product_cat","embeddable":true,"href":"https:\/\/www.demosmobilia.ch\/de\/wp-json\/wp\/v2\/product_cat?post=86178"},{"taxonomy":"product_tag","embeddable":true,"href":"https:\/\/www.demosmobilia.ch\/de\/wp-json\/wp\/v2\/product_tag?post=86178"}],"curies":[{"name":"wp","href":"https:\/\/api.w.org\/{rel}","templated":true}]}}