{"id":86152,"date":"2026-02-12T12:11:40","date_gmt":"2026-02-12T11:11:40","guid":{"rendered":"https:\/\/www.demosmobilia.ch\/product\/servierschale-aus-rauchglas\/"},"modified":"2026-02-12T12:11:40","modified_gmt":"2026-02-12T11:11:40","slug":"servierschale-aus-rauchglas","status":"publish","type":"product","link":"https:\/\/www.demosmobilia.ch\/de\/product\/servierschale-aus-rauchglas\/","title":{"rendered":"Servierschale aus Rauchglas"},"content":{"rendered":"<div class=\"flex max-w-full flex-col grow\">\n<div class=\"min-h-8 text-message relative flex w-full flex-col items-end gap-2 text-start break-words whitespace-normal [.text-message+&amp;]:mt-1\" dir=\"auto\" data-message-author-role=\"assistant\" data-message-id=\"16e205ad-ee06-4fae-85a5-98dd6c0c7ab5\" data-message-model-slug=\"gpt-5-mini\">\n<div class=\"flex w-full flex-col gap-1 empty:hidden first:pt-[1px]\">\n<div class=\"markdown prose dark:prose-invert w-full wrap-break-word light markdown-new-styling\">\n<p data-start=\"61\" data-end=\"446\">Simon Gate (1883\u20131945) war einer der bedeutendsten schwedischen Designer und Glasgestalter des 20. Jahrhunderts, bekannt daf\u00fcr, Kunst, Funktionalit\u00e4t und technische Innovation in k\u00fcnstlerischem Glas zu verbinden. Als ausgebildeter Maler und Keramiker brachte Gate seine \u00e4sthetische Sensibilit\u00e4t in die Glasgestaltung ein und verwandelte industrielle Produktion in authentische dekorative Kunst. <\/p>\n<p data-start=\"448\" data-end=\"1032\">In den 1930er Jahren arbeitete Simon Gate mit Orrefors, einem Symbol f\u00fcr schwedisches Kunstglas, zusammen und entwickelte einige der ikonischsten Kollektionen dieser Zeit. In dieser Periode f\u00fchrte er innovative Techniken ein, darunter Glas-Satinierung, Gravur und dekorative modernistische Motive, und schuf Vasen, Gl\u00e4ser und Glasskulpturen, die raffinierte \u00c4sthetik mit handwerklicher Pr\u00e4zision verbanden. Seine Werke spiegelten die internationalen Trends des Modernismus und skandinavischen Funktionalismus wider und etablierten Orrefors als Ma\u00dfstab f\u00fcr hochwertiges Glasdesign.  <\/p>\n<p data-start=\"1034\" data-end=\"1245\" data-is-only-node=\"\">Die Glasproduktion von Simon Gate aus den 1930er Jahren ist auch heute noch bei Sammlern sehr begehrt und steht f\u00fcr perfekte Balance von Form und Dekoration, technische Innovation und die harmonische Verbindung von Kunst und Industrie im schwedischen Glas.<\/p>\n<\/div>\n<\/div>\n<\/div>\n<\/div>\n","protected":false},"excerpt":{"rendered":"<p>Simon Gate (1883\u20131945) war einer der bedeutendsten schwedischen Designer und Glasgestalter des 20. Jahrhunderts, bekannt daf\u00fcr, Kunst, Funktionalit\u00e4t und technische Innovation in k\u00fcnstlerischem Glas zu verbinden. Als ausgebildeter Maler und Keramiker brachte Gate seine \u00e4sthetische Sensibilit\u00e4t in die Glasgestaltung ein und verwandelte industrielle Produktion in authentische dekorative Kunst. In den 1930er Jahren arbeitete Simon Gate mit Orrefors, einem Symbol f\u00fcr schwedisches Kunstglas, zusammen und entwickelte einige der ikonischsten Kollektionen dieser Zeit. In dieser Periode f\u00fchrte er innovative Techniken ein, darunter Glas-Satinierung, Gravur und dekorative modernistische Motive, und schuf Vasen, Gl\u00e4ser und Glasskulpturen, die raffinierte \u00c4sthetik mit handwerklicher Pr\u00e4zision verbanden. Seine Werke spiegelten die internationalen Trends<a class=\"more-link\" href=\"https:\/\/www.demosmobilia.ch\/de\/product\/servierschale-aus-rauchglas\/\">Read More &rarr;<\/a><\/p>\n","protected":false},"featured_media":86139,"template":"","meta":{"_monsterinsights_skip_tracking":false,"_monsterinsights_sitenote_active":false,"_monsterinsights_sitenote_note":"","_monsterinsights_sitenote_category":0,"kk_blocks_editor_width":"","_kiokenblocks_attr":"","_kiokenblocks_dimensions":""},"product_cat":[4106,4120],"product_tag":[14575],"class_list":{"0":"entry","1":"author-demosmobilia","2":"post-86152","3":"product","4":"type-product","5":"status-publish","6":"has-post-thumbnail","7":"product_production-orrefors","8":"product_year-1930-approx","9":"product_nation-schweden","10":"product_cat-neuheiten","11":"product_cat-schusseln-teller-und-geschirr","12":"product_tag-simon-gate","13":"pa_product_dimension-dia-23-5-x-ht-12-5-cm","14":"pa_product_material-geblasenes-rauchglas","16":"first","17":"instock","18":"shipping-taxable","19":"purchasable","20":"product-type-simple"},"yoast_head":"<!-- This site is optimized with the Yoast SEO plugin v24.0 - https:\/\/yoast.com\/wordpress\/plugins\/seo\/ -->\n<title>Servierschale aus Rauchglas &#8211; demosmobilia<\/title>\n<meta name=\"robots\" content=\"index, follow, max-snippet:-1, max-image-preview:large, max-video-preview:-1\" \/>\n<link rel=\"canonical\" href=\"https:\/\/www.demosmobilia.ch\/de\/product\/servierschale-aus-rauchglas\/\" \/>\n<meta property=\"og:locale\" content=\"de_DE\" \/>\n<meta property=\"og:type\" content=\"article\" \/>\n<meta property=\"og:title\" content=\"Servierschale aus Rauchglas &#8211; demosmobilia\" \/>\n<meta property=\"og:description\" content=\"Simon Gate (1883\u20131945) war einer der bedeutendsten schwedischen Designer und Glasgestalter des 20. Jahrhunderts, bekannt daf\u00fcr, Kunst, Funktionalit\u00e4t und technische Innovation in k\u00fcnstlerischem Glas zu verbinden. Als ausgebildeter Maler und Keramiker brachte Gate seine \u00e4sthetische Sensibilit\u00e4t in die Glasgestaltung ein und verwandelte industrielle Produktion in authentische dekorative Kunst. In den 1930er Jahren arbeitete Simon Gate mit Orrefors, einem Symbol f\u00fcr schwedisches Kunstglas, zusammen und entwickelte einige der ikonischsten Kollektionen dieser Zeit. In dieser Periode f\u00fchrte er innovative Techniken ein, darunter Glas-Satinierung, Gravur und dekorative modernistische Motive, und schuf Vasen, Gl\u00e4ser und Glasskulpturen, die raffinierte \u00c4sthetik mit handwerklicher Pr\u00e4zision verbanden. Seine Werke spiegelten die internationalen TrendsRead More &rarr;\" \/>\n<meta property=\"og:url\" content=\"https:\/\/www.demosmobilia.ch\/de\/product\/servierschale-aus-rauchglas\/\" \/>\n<meta property=\"og:site_name\" content=\"demosmobilia\" \/>\n<meta property=\"article:publisher\" content=\"https:\/\/www.facebook.com\/Demos-Mobilia-1137017453131445\/\" \/>\n<meta property=\"og:image\" content=\"https:\/\/www.demosmobilia.ch\/wp-content\/uploads\/2026\/02\/vittorio-zecchin-murano-glass-bowl-01.jpg\" \/>\n\t<meta property=\"og:image:width\" content=\"1200\" \/>\n\t<meta property=\"og:image:height\" content=\"900\" \/>\n\t<meta property=\"og:image:type\" content=\"image\/jpeg\" \/>\n<meta name=\"twitter:card\" content=\"summary_large_image\" \/>\n<meta name=\"twitter:label1\" content=\"Gesch\u00e4tzte Lesezeit\" \/>\n\t<meta name=\"twitter:data1\" content=\"1\u00a0Minute\" \/>\n<script type=\"application\/ld+json\" class=\"yoast-schema-graph\">{\"@context\":\"https:\/\/schema.org\",\"@graph\":[{\"@type\":\"WebPage\",\"@id\":\"https:\/\/www.demosmobilia.ch\/de\/product\/servierschale-aus-rauchglas\/\",\"url\":\"https:\/\/www.demosmobilia.ch\/de\/product\/servierschale-aus-rauchglas\/\",\"name\":\"Servierschale aus Rauchglas &#8211; demosmobilia\",\"isPartOf\":{\"@id\":\"https:\/\/www.demosmobilia.ch\/de\/#website\"},\"primaryImageOfPage\":{\"@id\":\"https:\/\/www.demosmobilia.ch\/de\/product\/servierschale-aus-rauchglas\/#primaryimage\"},\"image\":{\"@id\":\"https:\/\/www.demosmobilia.ch\/de\/product\/servierschale-aus-rauchglas\/#primaryimage\"},\"thumbnailUrl\":\"https:\/\/www.demosmobilia.ch\/wp-content\/uploads\/2026\/02\/vittorio-zecchin-murano-glass-bowl-01.jpg\",\"datePublished\":\"2026-02-12T11:11:40+00:00\",\"dateModified\":\"2026-02-12T11:11:40+00:00\",\"breadcrumb\":{\"@id\":\"https:\/\/www.demosmobilia.ch\/de\/product\/servierschale-aus-rauchglas\/#breadcrumb\"},\"inLanguage\":\"de\",\"potentialAction\":[{\"@type\":\"ReadAction\",\"target\":[\"https:\/\/www.demosmobilia.ch\/de\/product\/servierschale-aus-rauchglas\/\"]}]},{\"@type\":\"ImageObject\",\"inLanguage\":\"de\",\"@id\":\"https:\/\/www.demosmobilia.ch\/de\/product\/servierschale-aus-rauchglas\/#primaryimage\",\"url\":\"https:\/\/www.demosmobilia.ch\/wp-content\/uploads\/2026\/02\/vittorio-zecchin-murano-glass-bowl-01.jpg\",\"contentUrl\":\"https:\/\/www.demosmobilia.ch\/wp-content\/uploads\/2026\/02\/vittorio-zecchin-murano-glass-bowl-01.jpg\",\"width\":1200,\"height\":900},{\"@type\":\"BreadcrumbList\",\"@id\":\"https:\/\/www.demosmobilia.ch\/de\/product\/servierschale-aus-rauchglas\/#breadcrumb\",\"itemListElement\":[{\"@type\":\"ListItem\",\"position\":1,\"name\":\"Home\",\"item\":\"https:\/\/www.demosmobilia.ch\/de\/\"},{\"@type\":\"ListItem\",\"position\":2,\"name\":\"Produkte\",\"item\":\"https:\/\/www.demosmobilia.ch\/de\/shop\/\"},{\"@type\":\"ListItem\",\"position\":3,\"name\":\"Servierschale aus Rauchglas\"}]},{\"@type\":\"WebSite\",\"@id\":\"https:\/\/www.demosmobilia.ch\/de\/#website\",\"url\":\"https:\/\/www.demosmobilia.ch\/de\/\",\"name\":\"demosmobilia\",\"description\":\"Vintage Mid Century Modern Design Furniture from the &#039;30s to the &#039;80s\",\"publisher\":{\"@id\":\"https:\/\/www.demosmobilia.ch\/de\/#organization\"},\"potentialAction\":[{\"@type\":\"SearchAction\",\"target\":{\"@type\":\"EntryPoint\",\"urlTemplate\":\"https:\/\/www.demosmobilia.ch\/de\/?s={search_term_string}\"},\"query-input\":{\"@type\":\"PropertyValueSpecification\",\"valueRequired\":true,\"valueName\":\"search_term_string\"}}],\"inLanguage\":\"de\"},{\"@type\":\"Organization\",\"@id\":\"https:\/\/www.demosmobilia.ch\/de\/#organization\",\"name\":\"demosmobilia\",\"url\":\"https:\/\/www.demosmobilia.ch\/de\/\",\"logo\":{\"@type\":\"ImageObject\",\"inLanguage\":\"de\",\"@id\":\"https:\/\/www.demosmobilia.ch\/de\/#\/schema\/logo\/image\/\",\"url\":\"https:\/\/www.demosmobilia.ch\/wp-content\/uploads\/2020\/07\/demosmobilia-logo-2020-230-160.png\",\"contentUrl\":\"https:\/\/www.demosmobilia.ch\/wp-content\/uploads\/2020\/07\/demosmobilia-logo-2020-230-160.png\",\"width\":230,\"height\":160,\"caption\":\"demosmobilia\"},\"image\":{\"@id\":\"https:\/\/www.demosmobilia.ch\/de\/#\/schema\/logo\/image\/\"},\"sameAs\":[\"https:\/\/www.facebook.com\/Demos-Mobilia-1137017453131445\/\",\"https:\/\/www.instagram.com\/demosmobilia\/\"]}]}<\/script>\n<!-- \/ Yoast SEO plugin. -->","yoast_head_json":{"title":"Servierschale aus Rauchglas &#8211; demosmobilia","robots":{"index":"index","follow":"follow","max-snippet":"max-snippet:-1","max-image-preview":"max-image-preview:large","max-video-preview":"max-video-preview:-1"},"canonical":"https:\/\/www.demosmobilia.ch\/de\/product\/servierschale-aus-rauchglas\/","og_locale":"de_DE","og_type":"article","og_title":"Servierschale aus Rauchglas &#8211; demosmobilia","og_description":"Simon Gate (1883\u20131945) war einer der bedeutendsten schwedischen Designer und Glasgestalter des 20. Jahrhunderts, bekannt daf\u00fcr, Kunst, Funktionalit\u00e4t und technische Innovation in k\u00fcnstlerischem Glas zu verbinden. Als ausgebildeter Maler und Keramiker brachte Gate seine \u00e4sthetische Sensibilit\u00e4t in die Glasgestaltung ein und verwandelte industrielle Produktion in authentische dekorative Kunst. In den 1930er Jahren arbeitete Simon Gate mit Orrefors, einem Symbol f\u00fcr schwedisches Kunstglas, zusammen und entwickelte einige der ikonischsten Kollektionen dieser Zeit. In dieser Periode f\u00fchrte er innovative Techniken ein, darunter Glas-Satinierung, Gravur und dekorative modernistische Motive, und schuf Vasen, Gl\u00e4ser und Glasskulpturen, die raffinierte \u00c4sthetik mit handwerklicher Pr\u00e4zision verbanden. Seine Werke spiegelten die internationalen TrendsRead More &rarr;","og_url":"https:\/\/www.demosmobilia.ch\/de\/product\/servierschale-aus-rauchglas\/","og_site_name":"demosmobilia","article_publisher":"https:\/\/www.facebook.com\/Demos-Mobilia-1137017453131445\/","og_image":[{"width":1200,"height":900,"url":"https:\/\/www.demosmobilia.ch\/wp-content\/uploads\/2026\/02\/vittorio-zecchin-murano-glass-bowl-01.jpg","type":"image\/jpeg"}],"twitter_card":"summary_large_image","twitter_misc":{"Gesch\u00e4tzte Lesezeit":"1\u00a0Minute"},"schema":{"@context":"https:\/\/schema.org","@graph":[{"@type":"WebPage","@id":"https:\/\/www.demosmobilia.ch\/de\/product\/servierschale-aus-rauchglas\/","url":"https:\/\/www.demosmobilia.ch\/de\/product\/servierschale-aus-rauchglas\/","name":"Servierschale aus Rauchglas &#8211; demosmobilia","isPartOf":{"@id":"https:\/\/www.demosmobilia.ch\/de\/#website"},"primaryImageOfPage":{"@id":"https:\/\/www.demosmobilia.ch\/de\/product\/servierschale-aus-rauchglas\/#primaryimage"},"image":{"@id":"https:\/\/www.demosmobilia.ch\/de\/product\/servierschale-aus-rauchglas\/#primaryimage"},"thumbnailUrl":"https:\/\/www.demosmobilia.ch\/wp-content\/uploads\/2026\/02\/vittorio-zecchin-murano-glass-bowl-01.jpg","datePublished":"2026-02-12T11:11:40+00:00","dateModified":"2026-02-12T11:11:40+00:00","breadcrumb":{"@id":"https:\/\/www.demosmobilia.ch\/de\/product\/servierschale-aus-rauchglas\/#breadcrumb"},"inLanguage":"de","potentialAction":[{"@type":"ReadAction","target":["https:\/\/www.demosmobilia.ch\/de\/product\/servierschale-aus-rauchglas\/"]}]},{"@type":"ImageObject","inLanguage":"de","@id":"https:\/\/www.demosmobilia.ch\/de\/product\/servierschale-aus-rauchglas\/#primaryimage","url":"https:\/\/www.demosmobilia.ch\/wp-content\/uploads\/2026\/02\/vittorio-zecchin-murano-glass-bowl-01.jpg","contentUrl":"https:\/\/www.demosmobilia.ch\/wp-content\/uploads\/2026\/02\/vittorio-zecchin-murano-glass-bowl-01.jpg","width":1200,"height":900},{"@type":"BreadcrumbList","@id":"https:\/\/www.demosmobilia.ch\/de\/product\/servierschale-aus-rauchglas\/#breadcrumb","itemListElement":[{"@type":"ListItem","position":1,"name":"Home","item":"https:\/\/www.demosmobilia.ch\/de\/"},{"@type":"ListItem","position":2,"name":"Produkte","item":"https:\/\/www.demosmobilia.ch\/de\/shop\/"},{"@type":"ListItem","position":3,"name":"Servierschale aus Rauchglas"}]},{"@type":"WebSite","@id":"https:\/\/www.demosmobilia.ch\/de\/#website","url":"https:\/\/www.demosmobilia.ch\/de\/","name":"demosmobilia","description":"Vintage Mid Century Modern Design Furniture from the &#039;30s to the &#039;80s","publisher":{"@id":"https:\/\/www.demosmobilia.ch\/de\/#organization"},"potentialAction":[{"@type":"SearchAction","target":{"@type":"EntryPoint","urlTemplate":"https:\/\/www.demosmobilia.ch\/de\/?s={search_term_string}"},"query-input":{"@type":"PropertyValueSpecification","valueRequired":true,"valueName":"search_term_string"}}],"inLanguage":"de"},{"@type":"Organization","@id":"https:\/\/www.demosmobilia.ch\/de\/#organization","name":"demosmobilia","url":"https:\/\/www.demosmobilia.ch\/de\/","logo":{"@type":"ImageObject","inLanguage":"de","@id":"https:\/\/www.demosmobilia.ch\/de\/#\/schema\/logo\/image\/","url":"https:\/\/www.demosmobilia.ch\/wp-content\/uploads\/2020\/07\/demosmobilia-logo-2020-230-160.png","contentUrl":"https:\/\/www.demosmobilia.ch\/wp-content\/uploads\/2020\/07\/demosmobilia-logo-2020-230-160.png","width":230,"height":160,"caption":"demosmobilia"},"image":{"@id":"https:\/\/www.demosmobilia.ch\/de\/#\/schema\/logo\/image\/"},"sameAs":["https:\/\/www.facebook.com\/Demos-Mobilia-1137017453131445\/","https:\/\/www.instagram.com\/demosmobilia\/"]}]}},"_links":{"self":[{"href":"https:\/\/www.demosmobilia.ch\/de\/wp-json\/wp\/v2\/product\/86152","targetHints":{"allow":["GET"]}}],"collection":[{"href":"https:\/\/www.demosmobilia.ch\/de\/wp-json\/wp\/v2\/product"}],"about":[{"href":"https:\/\/www.demosmobilia.ch\/de\/wp-json\/wp\/v2\/types\/product"}],"wp:featuredmedia":[{"embeddable":true,"href":"https:\/\/www.demosmobilia.ch\/de\/wp-json\/wp\/v2\/media\/86139"}],"wp:attachment":[{"href":"https:\/\/www.demosmobilia.ch\/de\/wp-json\/wp\/v2\/media?parent=86152"}],"wp:term":[{"taxonomy":"product_cat","embeddable":true,"href":"https:\/\/www.demosmobilia.ch\/de\/wp-json\/wp\/v2\/product_cat?post=86152"},{"taxonomy":"product_tag","embeddable":true,"href":"https:\/\/www.demosmobilia.ch\/de\/wp-json\/wp\/v2\/product_tag?post=86152"}],"curies":[{"name":"wp","href":"https:\/\/api.w.org\/{rel}","templated":true}]}}