{"id":86133,"date":"2026-02-14T07:00:55","date_gmt":"2026-02-14T06:00:55","guid":{"rendered":"https:\/\/www.demosmobilia.ch\/product\/kleine-kugelvase-aus-dickem-glas\/"},"modified":"2026-02-14T07:00:55","modified_gmt":"2026-02-14T06:00:55","slug":"kleine-kugelvase-aus-dickem-glas","status":"publish","type":"product","link":"https:\/\/www.demosmobilia.ch\/de\/product\/kleine-kugelvase-aus-dickem-glas\/","title":{"rendered":"Kleine Kugelvase aus dickem Glas"},"content":{"rendered":"<p data-start=\"65\" data-end=\"633\">Tapio Wirkkala (1915\u20131985) war einer der einflussreichsten finnischen Designer des 20. Jahrhunderts, bekannt f\u00fcr seine Innovationen in Glas, Keramik und Industriedesign. Seine Kreationen verbinden skandinavische Eleganz, formale Experimentierfreude und Funktionalit\u00e4t, wodurch jedes Objekt ein perfektes Gleichgewicht zwischen Kunst und Design darstellt. Wirkkala spielte eine Schl\u00fcsselrolle bei der Definition des Konzepts des \u201eFinnischen Designs\u201c nach dem Zweiten Weltkrieg und brachte Made in Finland auf die internationale B\u00fchne mit ikonischen St\u00fccken, die reine \u00c4sthetik und technische Meisterschaft vereinen.  <\/p>\n<p data-start=\"635\" data-end=\"994\">Seine Zusammenarbeit mit Iittala f\u00fchrte zu einigen der weltweit bekanntesten Glas-Kollektionen, darunter Vasen, Gl\u00e4ser und mundgeblasene, handgefertigte Glasskulpturen. Jedes St\u00fcck spiegelt seine Suche nach organischen Formen, Transparenz und Materialleichtheit wider und verwandelt Glas in eine poetische und zeitgen\u00f6ssische Designsprache. <\/p>\n<p data-start=\"996\" data-end=\"1316\">Heute sind die Werke von Tapio Wirkkala bei Sammlern und Designliebhabern sehr begehrt und stehen f\u00fcr Qualit\u00e4t, Innovation und zeitlose Eleganz des skandinavischen Designs.<\/p>\n","protected":false},"excerpt":{"rendered":"<p>Tapio Wirkkala (1915\u20131985) war einer der einflussreichsten finnischen Designer des 20. Jahrhunderts, bekannt f\u00fcr seine Innovationen in Glas, Keramik und Industriedesign. Seine Kreationen verbinden skandinavische Eleganz, formale Experimentierfreude und Funktionalit\u00e4t, wodurch jedes Objekt ein perfektes Gleichgewicht zwischen Kunst und Design darstellt. Wirkkala spielte eine Schl\u00fcsselrolle bei der Definition des Konzepts des \u201eFinnischen Designs\u201c nach dem Zweiten Weltkrieg und brachte Made in Finland auf die internationale B\u00fchne mit ikonischen St\u00fccken, die reine \u00c4sthetik und technische Meisterschaft vereinen. Seine Zusammenarbeit mit Iittala f\u00fchrte zu einigen der weltweit bekanntesten Glas-Kollektionen, darunter Vasen, Gl\u00e4ser und mundgeblasene, handgefertigte Glasskulpturen. Jedes St\u00fcck spiegelt seine Suche nach organischen Formen, Transparenz und Materialleichtheit<a class=\"more-link\" href=\"https:\/\/www.demosmobilia.ch\/de\/product\/kleine-kugelvase-aus-dickem-glas\/\">Read More &rarr;<\/a><\/p>\n","protected":false},"featured_media":86124,"template":"","meta":{"_monsterinsights_skip_tracking":false,"_monsterinsights_sitenote_active":false,"_monsterinsights_sitenote_note":"","_monsterinsights_sitenote_category":0,"kk_blocks_editor_width":"","_kiokenblocks_attr":"","_kiokenblocks_dimensions":""},"product_cat":[4106,4122],"product_tag":[14562],"class_list":{"0":"entry","1":"author-demosmobilia","2":"post-86133","3":"product","4":"type-product","5":"status-publish","6":"has-post-thumbnail","7":"product_production-swedish-production","8":"product_year-1970-approx","9":"product_nation-schweden","10":"product_cat-neuheiten","11":"product_cat-vasen","12":"product_tag-wirkkala-tapio-zugeschrieben","13":"pa_product_dimension-dia-14-x-ht-10-5-cm","15":"first","16":"instock","17":"shipping-taxable","18":"purchasable","19":"product-type-simple"},"yoast_head":"<!-- This site is optimized with the Yoast SEO plugin v24.0 - https:\/\/yoast.com\/wordpress\/plugins\/seo\/ -->\n<title>Kleine Kugelvase aus dickem Glas &#8211; demosmobilia<\/title>\n<meta name=\"robots\" content=\"index, follow, max-snippet:-1, max-image-preview:large, max-video-preview:-1\" \/>\n<link rel=\"canonical\" href=\"https:\/\/www.demosmobilia.ch\/de\/product\/kleine-kugelvase-aus-dickem-glas\/\" \/>\n<meta property=\"og:locale\" content=\"de_DE\" \/>\n<meta property=\"og:type\" content=\"article\" \/>\n<meta property=\"og:title\" content=\"Kleine Kugelvase aus dickem Glas &#8211; demosmobilia\" \/>\n<meta property=\"og:description\" content=\"Tapio Wirkkala (1915\u20131985) war einer der einflussreichsten finnischen Designer des 20. Jahrhunderts, bekannt f\u00fcr seine Innovationen in Glas, Keramik und Industriedesign. Seine Kreationen verbinden skandinavische Eleganz, formale Experimentierfreude und Funktionalit\u00e4t, wodurch jedes Objekt ein perfektes Gleichgewicht zwischen Kunst und Design darstellt. Wirkkala spielte eine Schl\u00fcsselrolle bei der Definition des Konzepts des \u201eFinnischen Designs\u201c nach dem Zweiten Weltkrieg und brachte Made in Finland auf die internationale B\u00fchne mit ikonischen St\u00fccken, die reine \u00c4sthetik und technische Meisterschaft vereinen. Seine Zusammenarbeit mit Iittala f\u00fchrte zu einigen der weltweit bekanntesten Glas-Kollektionen, darunter Vasen, Gl\u00e4ser und mundgeblasene, handgefertigte Glasskulpturen. Jedes St\u00fcck spiegelt seine Suche nach organischen Formen, Transparenz und MaterialleichtheitRead More &rarr;\" \/>\n<meta property=\"og:url\" content=\"https:\/\/www.demosmobilia.ch\/de\/product\/kleine-kugelvase-aus-dickem-glas\/\" \/>\n<meta property=\"og:site_name\" content=\"demosmobilia\" \/>\n<meta property=\"article:publisher\" content=\"https:\/\/www.facebook.com\/Demos-Mobilia-1137017453131445\/\" \/>\n<meta property=\"og:image\" content=\"https:\/\/www.demosmobilia.ch\/wp-content\/uploads\/2026\/02\/tapio-virkalla-small-ball-glass-vase-01a.jpg\" \/>\n\t<meta property=\"og:image:width\" content=\"1200\" \/>\n\t<meta property=\"og:image:height\" content=\"900\" \/>\n\t<meta property=\"og:image:type\" content=\"image\/jpeg\" \/>\n<meta name=\"twitter:card\" content=\"summary_large_image\" \/>\n<meta name=\"twitter:label1\" content=\"Gesch\u00e4tzte Lesezeit\" \/>\n\t<meta name=\"twitter:data1\" content=\"1\u00a0Minute\" \/>\n<script type=\"application\/ld+json\" class=\"yoast-schema-graph\">{\"@context\":\"https:\/\/schema.org\",\"@graph\":[{\"@type\":\"WebPage\",\"@id\":\"https:\/\/www.demosmobilia.ch\/de\/product\/kleine-kugelvase-aus-dickem-glas\/\",\"url\":\"https:\/\/www.demosmobilia.ch\/de\/product\/kleine-kugelvase-aus-dickem-glas\/\",\"name\":\"Kleine Kugelvase aus dickem Glas &#8211; demosmobilia\",\"isPartOf\":{\"@id\":\"https:\/\/www.demosmobilia.ch\/de\/#website\"},\"primaryImageOfPage\":{\"@id\":\"https:\/\/www.demosmobilia.ch\/de\/product\/kleine-kugelvase-aus-dickem-glas\/#primaryimage\"},\"image\":{\"@id\":\"https:\/\/www.demosmobilia.ch\/de\/product\/kleine-kugelvase-aus-dickem-glas\/#primaryimage\"},\"thumbnailUrl\":\"https:\/\/www.demosmobilia.ch\/wp-content\/uploads\/2026\/02\/tapio-virkalla-small-ball-glass-vase-01a.jpg\",\"datePublished\":\"2026-02-14T06:00:55+00:00\",\"dateModified\":\"2026-02-14T06:00:55+00:00\",\"breadcrumb\":{\"@id\":\"https:\/\/www.demosmobilia.ch\/de\/product\/kleine-kugelvase-aus-dickem-glas\/#breadcrumb\"},\"inLanguage\":\"de\",\"potentialAction\":[{\"@type\":\"ReadAction\",\"target\":[\"https:\/\/www.demosmobilia.ch\/de\/product\/kleine-kugelvase-aus-dickem-glas\/\"]}]},{\"@type\":\"ImageObject\",\"inLanguage\":\"de\",\"@id\":\"https:\/\/www.demosmobilia.ch\/de\/product\/kleine-kugelvase-aus-dickem-glas\/#primaryimage\",\"url\":\"https:\/\/www.demosmobilia.ch\/wp-content\/uploads\/2026\/02\/tapio-virkalla-small-ball-glass-vase-01a.jpg\",\"contentUrl\":\"https:\/\/www.demosmobilia.ch\/wp-content\/uploads\/2026\/02\/tapio-virkalla-small-ball-glass-vase-01a.jpg\",\"width\":1200,\"height\":900},{\"@type\":\"BreadcrumbList\",\"@id\":\"https:\/\/www.demosmobilia.ch\/de\/product\/kleine-kugelvase-aus-dickem-glas\/#breadcrumb\",\"itemListElement\":[{\"@type\":\"ListItem\",\"position\":1,\"name\":\"Home\",\"item\":\"https:\/\/www.demosmobilia.ch\/de\/\"},{\"@type\":\"ListItem\",\"position\":2,\"name\":\"Produkte\",\"item\":\"https:\/\/www.demosmobilia.ch\/de\/shop\/\"},{\"@type\":\"ListItem\",\"position\":3,\"name\":\"Kleine Kugelvase aus dickem Glas\"}]},{\"@type\":\"WebSite\",\"@id\":\"https:\/\/www.demosmobilia.ch\/de\/#website\",\"url\":\"https:\/\/www.demosmobilia.ch\/de\/\",\"name\":\"demosmobilia\",\"description\":\"Vintage Mid Century Modern Design Furniture from the &#039;30s to the &#039;80s\",\"publisher\":{\"@id\":\"https:\/\/www.demosmobilia.ch\/de\/#organization\"},\"potentialAction\":[{\"@type\":\"SearchAction\",\"target\":{\"@type\":\"EntryPoint\",\"urlTemplate\":\"https:\/\/www.demosmobilia.ch\/de\/?s={search_term_string}\"},\"query-input\":{\"@type\":\"PropertyValueSpecification\",\"valueRequired\":true,\"valueName\":\"search_term_string\"}}],\"inLanguage\":\"de\"},{\"@type\":\"Organization\",\"@id\":\"https:\/\/www.demosmobilia.ch\/de\/#organization\",\"name\":\"demosmobilia\",\"url\":\"https:\/\/www.demosmobilia.ch\/de\/\",\"logo\":{\"@type\":\"ImageObject\",\"inLanguage\":\"de\",\"@id\":\"https:\/\/www.demosmobilia.ch\/de\/#\/schema\/logo\/image\/\",\"url\":\"https:\/\/www.demosmobilia.ch\/wp-content\/uploads\/2020\/07\/demosmobilia-logo-2020-230-160.png\",\"contentUrl\":\"https:\/\/www.demosmobilia.ch\/wp-content\/uploads\/2020\/07\/demosmobilia-logo-2020-230-160.png\",\"width\":230,\"height\":160,\"caption\":\"demosmobilia\"},\"image\":{\"@id\":\"https:\/\/www.demosmobilia.ch\/de\/#\/schema\/logo\/image\/\"},\"sameAs\":[\"https:\/\/www.facebook.com\/Demos-Mobilia-1137017453131445\/\",\"https:\/\/www.instagram.com\/demosmobilia\/\"]}]}<\/script>\n<!-- \/ Yoast SEO plugin. -->","yoast_head_json":{"title":"Kleine Kugelvase aus dickem Glas &#8211; demosmobilia","robots":{"index":"index","follow":"follow","max-snippet":"max-snippet:-1","max-image-preview":"max-image-preview:large","max-video-preview":"max-video-preview:-1"},"canonical":"https:\/\/www.demosmobilia.ch\/de\/product\/kleine-kugelvase-aus-dickem-glas\/","og_locale":"de_DE","og_type":"article","og_title":"Kleine Kugelvase aus dickem Glas &#8211; demosmobilia","og_description":"Tapio Wirkkala (1915\u20131985) war einer der einflussreichsten finnischen Designer des 20. Jahrhunderts, bekannt f\u00fcr seine Innovationen in Glas, Keramik und Industriedesign. Seine Kreationen verbinden skandinavische Eleganz, formale Experimentierfreude und Funktionalit\u00e4t, wodurch jedes Objekt ein perfektes Gleichgewicht zwischen Kunst und Design darstellt. Wirkkala spielte eine Schl\u00fcsselrolle bei der Definition des Konzepts des \u201eFinnischen Designs\u201c nach dem Zweiten Weltkrieg und brachte Made in Finland auf die internationale B\u00fchne mit ikonischen St\u00fccken, die reine \u00c4sthetik und technische Meisterschaft vereinen. Seine Zusammenarbeit mit Iittala f\u00fchrte zu einigen der weltweit bekanntesten Glas-Kollektionen, darunter Vasen, Gl\u00e4ser und mundgeblasene, handgefertigte Glasskulpturen. Jedes St\u00fcck spiegelt seine Suche nach organischen Formen, Transparenz und MaterialleichtheitRead More &rarr;","og_url":"https:\/\/www.demosmobilia.ch\/de\/product\/kleine-kugelvase-aus-dickem-glas\/","og_site_name":"demosmobilia","article_publisher":"https:\/\/www.facebook.com\/Demos-Mobilia-1137017453131445\/","og_image":[{"width":1200,"height":900,"url":"https:\/\/www.demosmobilia.ch\/wp-content\/uploads\/2026\/02\/tapio-virkalla-small-ball-glass-vase-01a.jpg","type":"image\/jpeg"}],"twitter_card":"summary_large_image","twitter_misc":{"Gesch\u00e4tzte Lesezeit":"1\u00a0Minute"},"schema":{"@context":"https:\/\/schema.org","@graph":[{"@type":"WebPage","@id":"https:\/\/www.demosmobilia.ch\/de\/product\/kleine-kugelvase-aus-dickem-glas\/","url":"https:\/\/www.demosmobilia.ch\/de\/product\/kleine-kugelvase-aus-dickem-glas\/","name":"Kleine Kugelvase aus dickem Glas &#8211; demosmobilia","isPartOf":{"@id":"https:\/\/www.demosmobilia.ch\/de\/#website"},"primaryImageOfPage":{"@id":"https:\/\/www.demosmobilia.ch\/de\/product\/kleine-kugelvase-aus-dickem-glas\/#primaryimage"},"image":{"@id":"https:\/\/www.demosmobilia.ch\/de\/product\/kleine-kugelvase-aus-dickem-glas\/#primaryimage"},"thumbnailUrl":"https:\/\/www.demosmobilia.ch\/wp-content\/uploads\/2026\/02\/tapio-virkalla-small-ball-glass-vase-01a.jpg","datePublished":"2026-02-14T06:00:55+00:00","dateModified":"2026-02-14T06:00:55+00:00","breadcrumb":{"@id":"https:\/\/www.demosmobilia.ch\/de\/product\/kleine-kugelvase-aus-dickem-glas\/#breadcrumb"},"inLanguage":"de","potentialAction":[{"@type":"ReadAction","target":["https:\/\/www.demosmobilia.ch\/de\/product\/kleine-kugelvase-aus-dickem-glas\/"]}]},{"@type":"ImageObject","inLanguage":"de","@id":"https:\/\/www.demosmobilia.ch\/de\/product\/kleine-kugelvase-aus-dickem-glas\/#primaryimage","url":"https:\/\/www.demosmobilia.ch\/wp-content\/uploads\/2026\/02\/tapio-virkalla-small-ball-glass-vase-01a.jpg","contentUrl":"https:\/\/www.demosmobilia.ch\/wp-content\/uploads\/2026\/02\/tapio-virkalla-small-ball-glass-vase-01a.jpg","width":1200,"height":900},{"@type":"BreadcrumbList","@id":"https:\/\/www.demosmobilia.ch\/de\/product\/kleine-kugelvase-aus-dickem-glas\/#breadcrumb","itemListElement":[{"@type":"ListItem","position":1,"name":"Home","item":"https:\/\/www.demosmobilia.ch\/de\/"},{"@type":"ListItem","position":2,"name":"Produkte","item":"https:\/\/www.demosmobilia.ch\/de\/shop\/"},{"@type":"ListItem","position":3,"name":"Kleine Kugelvase aus dickem Glas"}]},{"@type":"WebSite","@id":"https:\/\/www.demosmobilia.ch\/de\/#website","url":"https:\/\/www.demosmobilia.ch\/de\/","name":"demosmobilia","description":"Vintage Mid Century Modern Design Furniture from the &#039;30s to the &#039;80s","publisher":{"@id":"https:\/\/www.demosmobilia.ch\/de\/#organization"},"potentialAction":[{"@type":"SearchAction","target":{"@type":"EntryPoint","urlTemplate":"https:\/\/www.demosmobilia.ch\/de\/?s={search_term_string}"},"query-input":{"@type":"PropertyValueSpecification","valueRequired":true,"valueName":"search_term_string"}}],"inLanguage":"de"},{"@type":"Organization","@id":"https:\/\/www.demosmobilia.ch\/de\/#organization","name":"demosmobilia","url":"https:\/\/www.demosmobilia.ch\/de\/","logo":{"@type":"ImageObject","inLanguage":"de","@id":"https:\/\/www.demosmobilia.ch\/de\/#\/schema\/logo\/image\/","url":"https:\/\/www.demosmobilia.ch\/wp-content\/uploads\/2020\/07\/demosmobilia-logo-2020-230-160.png","contentUrl":"https:\/\/www.demosmobilia.ch\/wp-content\/uploads\/2020\/07\/demosmobilia-logo-2020-230-160.png","width":230,"height":160,"caption":"demosmobilia"},"image":{"@id":"https:\/\/www.demosmobilia.ch\/de\/#\/schema\/logo\/image\/"},"sameAs":["https:\/\/www.facebook.com\/Demos-Mobilia-1137017453131445\/","https:\/\/www.instagram.com\/demosmobilia\/"]}]}},"_links":{"self":[{"href":"https:\/\/www.demosmobilia.ch\/de\/wp-json\/wp\/v2\/product\/86133","targetHints":{"allow":["GET"]}}],"collection":[{"href":"https:\/\/www.demosmobilia.ch\/de\/wp-json\/wp\/v2\/product"}],"about":[{"href":"https:\/\/www.demosmobilia.ch\/de\/wp-json\/wp\/v2\/types\/product"}],"wp:featuredmedia":[{"embeddable":true,"href":"https:\/\/www.demosmobilia.ch\/de\/wp-json\/wp\/v2\/media\/86124"}],"wp:attachment":[{"href":"https:\/\/www.demosmobilia.ch\/de\/wp-json\/wp\/v2\/media?parent=86133"}],"wp:term":[{"taxonomy":"product_cat","embeddable":true,"href":"https:\/\/www.demosmobilia.ch\/de\/wp-json\/wp\/v2\/product_cat?post=86133"},{"taxonomy":"product_tag","embeddable":true,"href":"https:\/\/www.demosmobilia.ch\/de\/wp-json\/wp\/v2\/product_tag?post=86133"}],"curies":[{"name":"wp","href":"https:\/\/api.w.org\/{rel}","templated":true}]}}