{"id":86057,"date":"2026-02-14T08:00:54","date_gmt":"2026-02-14T07:00:54","guid":{"rendered":"https:\/\/www.demosmobilia.ch\/product\/stuehle-modell-cosmos-in-originalem-dunkelrotem-vinyl\/"},"modified":"2026-02-14T08:00:54","modified_gmt":"2026-02-14T07:00:54","slug":"stuehle-modell-cosmos-in-originalem-dunkelrotem-vinyl","status":"publish","type":"product","link":"https:\/\/www.demosmobilia.ch\/de\/product\/stuehle-modell-cosmos-in-originalem-dunkelrotem-vinyl\/","title":{"rendered":"St\u00fchle Modell Cosmos, in originalem dunkelrotem Vinyl"},"content":{"rendered":"<p data-start=\"0\" data-end=\"691\">Augusto Bozzi (1921\u20131991) ist eine zentrale Pers\u00f6nlichkeit des italienischen Designs im 20. Jahrhundert, bekannt f\u00fcr seinen eleganten und rationalen Ansatz in der Gestaltung moderner M\u00f6bel. Als Architekt und Designer verband Bozzi gekonnt formale Forschung, strukturelle Innovation und Komfort und zeichnete sich durch die Erforschung organischer und weicher Formen aus \u2013 insbesondere bei Sitzm\u00f6beln \u2013, die zeitgen\u00f6ssische k\u00fcnstlerische Sprachen widerspiegelten, wie die Arbeiten von Jean Arp. Au\u00dferdem war er f\u00fcr die Leichtigkeit der eingesetzten Materialien bekannt, die durch innovative Produktionsmethoden erreicht wurde. Diese Eigenschaften trugen wesentlich zur internationalen Bekanntheit des Made in Italy im Designbereich bei.   <\/p>\n<p data-start=\"693\" data-end=\"1207\" data-is-last-node=\"\" data-is-only-node=\"\">Ein entscheidender Abschnitt seiner Karriere war die Zusammenarbeit mit Saporiti Italia, einem Unternehmen, das f\u00fcr hochwertige M\u00f6belproduktion steht. F\u00fcr Saporiti entwickelte Bozzi Kollektionen mit klaren Linien, hochwertigen Materialien und modernsten technischen L\u00f6sungen, die den Anforderungen zeitgen\u00f6ssischen Wohnens gerecht werden und gleichzeitig einen anspruchsvollen und zeitlosen Stil verk\u00f6rpern. Die Saporiti-Designs von Bozzi sind bis heute ein Ma\u00dfstab f\u00fcr Sammler und Innenarchitekten, die ikonische und funktionale M\u00f6bel suchen.  <\/p>\n","protected":false},"excerpt":{"rendered":"<p>Augusto Bozzi (1921\u20131991) ist eine zentrale Pers\u00f6nlichkeit des italienischen Designs im 20. Jahrhundert, bekannt f\u00fcr seinen eleganten und rationalen Ansatz in der Gestaltung moderner M\u00f6bel. Als Architekt und Designer verband Bozzi gekonnt formale Forschung, strukturelle Innovation und Komfort und zeichnete sich durch die Erforschung organischer und weicher Formen aus \u2013 insbesondere bei Sitzm\u00f6beln \u2013, die zeitgen\u00f6ssische k\u00fcnstlerische Sprachen widerspiegelten, wie die Arbeiten von Jean Arp. Au\u00dferdem war er f\u00fcr die Leichtigkeit der eingesetzten Materialien bekannt, die durch innovative Produktionsmethoden erreicht wurde. Diese Eigenschaften trugen wesentlich zur internationalen Bekanntheit des Made in Italy im Designbereich bei. Ein entscheidender Abschnitt seiner Karriere war die Zusammenarbeit mit Saporiti<a class=\"more-link\" href=\"https:\/\/www.demosmobilia.ch\/de\/product\/stuehle-modell-cosmos-in-originalem-dunkelrotem-vinyl\/\">Read More &rarr;<\/a><\/p>\n","protected":false},"featured_media":86033,"template":"","meta":{"_monsterinsights_skip_tracking":false,"_monsterinsights_sitenote_active":false,"_monsterinsights_sitenote_note":"","_monsterinsights_sitenote_category":0,"kk_blocks_editor_width":"","_kiokenblocks_attr":"","_kiokenblocks_dimensions":""},"product_cat":[4106,4161],"product_tag":[14533],"class_list":{"0":"entry","1":"author-demosmobilia","2":"post-86057","3":"product","4":"type-product","5":"status-publish","6":"has-post-thumbnail","7":"product_production-saporiti","8":"product_year-2412","9":"product_nation-italien-de","10":"product_cat-neuheiten","11":"product_cat-stuhlen","12":"product_tag-bozzi-augusto","13":"pa_product_dimension-56-x-53-x-sitzhohe-45-x-gesamthohe-82-cm","14":"pa_product_material-vinyl-schwarz-lackiertes-metall-messing","16":"first","17":"instock","18":"shipping-taxable","19":"purchasable","20":"product-type-simple"},"yoast_head":"<!-- This site is optimized with the Yoast SEO plugin v24.0 - https:\/\/yoast.com\/wordpress\/plugins\/seo\/ -->\n<title>St\u00fchle Modell Cosmos, in originalem dunkelrotem Vinyl &#8211; demosmobilia<\/title>\n<meta name=\"robots\" content=\"index, follow, max-snippet:-1, max-image-preview:large, max-video-preview:-1\" \/>\n<link rel=\"canonical\" href=\"https:\/\/www.demosmobilia.ch\/de\/product\/stuehle-modell-cosmos-in-originalem-dunkelrotem-vinyl\/\" \/>\n<meta property=\"og:locale\" content=\"de_DE\" \/>\n<meta property=\"og:type\" content=\"article\" \/>\n<meta property=\"og:title\" content=\"St\u00fchle Modell Cosmos, in originalem dunkelrotem Vinyl &#8211; demosmobilia\" \/>\n<meta property=\"og:description\" content=\"Augusto Bozzi (1921\u20131991) ist eine zentrale Pers\u00f6nlichkeit des italienischen Designs im 20. Jahrhundert, bekannt f\u00fcr seinen eleganten und rationalen Ansatz in der Gestaltung moderner M\u00f6bel. Als Architekt und Designer verband Bozzi gekonnt formale Forschung, strukturelle Innovation und Komfort und zeichnete sich durch die Erforschung organischer und weicher Formen aus \u2013 insbesondere bei Sitzm\u00f6beln \u2013, die zeitgen\u00f6ssische k\u00fcnstlerische Sprachen widerspiegelten, wie die Arbeiten von Jean Arp. Au\u00dferdem war er f\u00fcr die Leichtigkeit der eingesetzten Materialien bekannt, die durch innovative Produktionsmethoden erreicht wurde. Diese Eigenschaften trugen wesentlich zur internationalen Bekanntheit des Made in Italy im Designbereich bei. Ein entscheidender Abschnitt seiner Karriere war die Zusammenarbeit mit SaporitiRead More &rarr;\" \/>\n<meta property=\"og:url\" content=\"https:\/\/www.demosmobilia.ch\/de\/product\/stuehle-modell-cosmos-in-originalem-dunkelrotem-vinyl\/\" \/>\n<meta property=\"og:site_name\" content=\"demosmobilia\" \/>\n<meta property=\"article:publisher\" content=\"https:\/\/www.facebook.com\/Demos-Mobilia-1137017453131445\/\" \/>\n<meta property=\"og:image\" content=\"https:\/\/www.demosmobilia.ch\/wp-content\/uploads\/2026\/02\/cosmos-chairs-augusto-bozzi-saporiti-1954-italian-design-01.jpg\" \/>\n\t<meta property=\"og:image:width\" content=\"1200\" \/>\n\t<meta property=\"og:image:height\" content=\"900\" \/>\n\t<meta property=\"og:image:type\" content=\"image\/jpeg\" \/>\n<meta name=\"twitter:card\" content=\"summary_large_image\" \/>\n<meta name=\"twitter:label1\" content=\"Gesch\u00e4tzte Lesezeit\" \/>\n\t<meta name=\"twitter:data1\" content=\"1\u00a0Minute\" \/>\n<script type=\"application\/ld+json\" class=\"yoast-schema-graph\">{\"@context\":\"https:\/\/schema.org\",\"@graph\":[{\"@type\":\"WebPage\",\"@id\":\"https:\/\/www.demosmobilia.ch\/de\/product\/stuehle-modell-cosmos-in-originalem-dunkelrotem-vinyl\/\",\"url\":\"https:\/\/www.demosmobilia.ch\/de\/product\/stuehle-modell-cosmos-in-originalem-dunkelrotem-vinyl\/\",\"name\":\"St\u00fchle Modell Cosmos, in originalem dunkelrotem Vinyl &#8211; demosmobilia\",\"isPartOf\":{\"@id\":\"https:\/\/www.demosmobilia.ch\/de\/#website\"},\"primaryImageOfPage\":{\"@id\":\"https:\/\/www.demosmobilia.ch\/de\/product\/stuehle-modell-cosmos-in-originalem-dunkelrotem-vinyl\/#primaryimage\"},\"image\":{\"@id\":\"https:\/\/www.demosmobilia.ch\/de\/product\/stuehle-modell-cosmos-in-originalem-dunkelrotem-vinyl\/#primaryimage\"},\"thumbnailUrl\":\"https:\/\/www.demosmobilia.ch\/wp-content\/uploads\/2026\/02\/cosmos-chairs-augusto-bozzi-saporiti-1954-italian-design-01.jpg\",\"datePublished\":\"2026-02-14T07:00:54+00:00\",\"dateModified\":\"2026-02-14T07:00:54+00:00\",\"breadcrumb\":{\"@id\":\"https:\/\/www.demosmobilia.ch\/de\/product\/stuehle-modell-cosmos-in-originalem-dunkelrotem-vinyl\/#breadcrumb\"},\"inLanguage\":\"de\",\"potentialAction\":[{\"@type\":\"ReadAction\",\"target\":[\"https:\/\/www.demosmobilia.ch\/de\/product\/stuehle-modell-cosmos-in-originalem-dunkelrotem-vinyl\/\"]}]},{\"@type\":\"ImageObject\",\"inLanguage\":\"de\",\"@id\":\"https:\/\/www.demosmobilia.ch\/de\/product\/stuehle-modell-cosmos-in-originalem-dunkelrotem-vinyl\/#primaryimage\",\"url\":\"https:\/\/www.demosmobilia.ch\/wp-content\/uploads\/2026\/02\/cosmos-chairs-augusto-bozzi-saporiti-1954-italian-design-01.jpg\",\"contentUrl\":\"https:\/\/www.demosmobilia.ch\/wp-content\/uploads\/2026\/02\/cosmos-chairs-augusto-bozzi-saporiti-1954-italian-design-01.jpg\",\"width\":1200,\"height\":900},{\"@type\":\"BreadcrumbList\",\"@id\":\"https:\/\/www.demosmobilia.ch\/de\/product\/stuehle-modell-cosmos-in-originalem-dunkelrotem-vinyl\/#breadcrumb\",\"itemListElement\":[{\"@type\":\"ListItem\",\"position\":1,\"name\":\"Home\",\"item\":\"https:\/\/www.demosmobilia.ch\/de\/\"},{\"@type\":\"ListItem\",\"position\":2,\"name\":\"Produkte\",\"item\":\"https:\/\/www.demosmobilia.ch\/de\/shop\/\"},{\"@type\":\"ListItem\",\"position\":3,\"name\":\"St\u00fchle Modell Cosmos, in originalem dunkelrotem Vinyl\"}]},{\"@type\":\"WebSite\",\"@id\":\"https:\/\/www.demosmobilia.ch\/de\/#website\",\"url\":\"https:\/\/www.demosmobilia.ch\/de\/\",\"name\":\"demosmobilia\",\"description\":\"Vintage Mid Century Modern Design Furniture from the &#039;30s to the &#039;80s\",\"publisher\":{\"@id\":\"https:\/\/www.demosmobilia.ch\/de\/#organization\"},\"potentialAction\":[{\"@type\":\"SearchAction\",\"target\":{\"@type\":\"EntryPoint\",\"urlTemplate\":\"https:\/\/www.demosmobilia.ch\/de\/?s={search_term_string}\"},\"query-input\":{\"@type\":\"PropertyValueSpecification\",\"valueRequired\":true,\"valueName\":\"search_term_string\"}}],\"inLanguage\":\"de\"},{\"@type\":\"Organization\",\"@id\":\"https:\/\/www.demosmobilia.ch\/de\/#organization\",\"name\":\"demosmobilia\",\"url\":\"https:\/\/www.demosmobilia.ch\/de\/\",\"logo\":{\"@type\":\"ImageObject\",\"inLanguage\":\"de\",\"@id\":\"https:\/\/www.demosmobilia.ch\/de\/#\/schema\/logo\/image\/\",\"url\":\"https:\/\/www.demosmobilia.ch\/wp-content\/uploads\/2020\/07\/demosmobilia-logo-2020-230-160.png\",\"contentUrl\":\"https:\/\/www.demosmobilia.ch\/wp-content\/uploads\/2020\/07\/demosmobilia-logo-2020-230-160.png\",\"width\":230,\"height\":160,\"caption\":\"demosmobilia\"},\"image\":{\"@id\":\"https:\/\/www.demosmobilia.ch\/de\/#\/schema\/logo\/image\/\"},\"sameAs\":[\"https:\/\/www.facebook.com\/Demos-Mobilia-1137017453131445\/\",\"https:\/\/www.instagram.com\/demosmobilia\/\"]}]}<\/script>\n<!-- \/ Yoast SEO plugin. -->","yoast_head_json":{"title":"St\u00fchle Modell Cosmos, in originalem dunkelrotem Vinyl &#8211; demosmobilia","robots":{"index":"index","follow":"follow","max-snippet":"max-snippet:-1","max-image-preview":"max-image-preview:large","max-video-preview":"max-video-preview:-1"},"canonical":"https:\/\/www.demosmobilia.ch\/de\/product\/stuehle-modell-cosmos-in-originalem-dunkelrotem-vinyl\/","og_locale":"de_DE","og_type":"article","og_title":"St\u00fchle Modell Cosmos, in originalem dunkelrotem Vinyl &#8211; demosmobilia","og_description":"Augusto Bozzi (1921\u20131991) ist eine zentrale Pers\u00f6nlichkeit des italienischen Designs im 20. Jahrhundert, bekannt f\u00fcr seinen eleganten und rationalen Ansatz in der Gestaltung moderner M\u00f6bel. Als Architekt und Designer verband Bozzi gekonnt formale Forschung, strukturelle Innovation und Komfort und zeichnete sich durch die Erforschung organischer und weicher Formen aus \u2013 insbesondere bei Sitzm\u00f6beln \u2013, die zeitgen\u00f6ssische k\u00fcnstlerische Sprachen widerspiegelten, wie die Arbeiten von Jean Arp. Au\u00dferdem war er f\u00fcr die Leichtigkeit der eingesetzten Materialien bekannt, die durch innovative Produktionsmethoden erreicht wurde. Diese Eigenschaften trugen wesentlich zur internationalen Bekanntheit des Made in Italy im Designbereich bei. Ein entscheidender Abschnitt seiner Karriere war die Zusammenarbeit mit SaporitiRead More &rarr;","og_url":"https:\/\/www.demosmobilia.ch\/de\/product\/stuehle-modell-cosmos-in-originalem-dunkelrotem-vinyl\/","og_site_name":"demosmobilia","article_publisher":"https:\/\/www.facebook.com\/Demos-Mobilia-1137017453131445\/","og_image":[{"width":1200,"height":900,"url":"https:\/\/www.demosmobilia.ch\/wp-content\/uploads\/2026\/02\/cosmos-chairs-augusto-bozzi-saporiti-1954-italian-design-01.jpg","type":"image\/jpeg"}],"twitter_card":"summary_large_image","twitter_misc":{"Gesch\u00e4tzte Lesezeit":"1\u00a0Minute"},"schema":{"@context":"https:\/\/schema.org","@graph":[{"@type":"WebPage","@id":"https:\/\/www.demosmobilia.ch\/de\/product\/stuehle-modell-cosmos-in-originalem-dunkelrotem-vinyl\/","url":"https:\/\/www.demosmobilia.ch\/de\/product\/stuehle-modell-cosmos-in-originalem-dunkelrotem-vinyl\/","name":"St\u00fchle Modell Cosmos, in originalem dunkelrotem Vinyl &#8211; demosmobilia","isPartOf":{"@id":"https:\/\/www.demosmobilia.ch\/de\/#website"},"primaryImageOfPage":{"@id":"https:\/\/www.demosmobilia.ch\/de\/product\/stuehle-modell-cosmos-in-originalem-dunkelrotem-vinyl\/#primaryimage"},"image":{"@id":"https:\/\/www.demosmobilia.ch\/de\/product\/stuehle-modell-cosmos-in-originalem-dunkelrotem-vinyl\/#primaryimage"},"thumbnailUrl":"https:\/\/www.demosmobilia.ch\/wp-content\/uploads\/2026\/02\/cosmos-chairs-augusto-bozzi-saporiti-1954-italian-design-01.jpg","datePublished":"2026-02-14T07:00:54+00:00","dateModified":"2026-02-14T07:00:54+00:00","breadcrumb":{"@id":"https:\/\/www.demosmobilia.ch\/de\/product\/stuehle-modell-cosmos-in-originalem-dunkelrotem-vinyl\/#breadcrumb"},"inLanguage":"de","potentialAction":[{"@type":"ReadAction","target":["https:\/\/www.demosmobilia.ch\/de\/product\/stuehle-modell-cosmos-in-originalem-dunkelrotem-vinyl\/"]}]},{"@type":"ImageObject","inLanguage":"de","@id":"https:\/\/www.demosmobilia.ch\/de\/product\/stuehle-modell-cosmos-in-originalem-dunkelrotem-vinyl\/#primaryimage","url":"https:\/\/www.demosmobilia.ch\/wp-content\/uploads\/2026\/02\/cosmos-chairs-augusto-bozzi-saporiti-1954-italian-design-01.jpg","contentUrl":"https:\/\/www.demosmobilia.ch\/wp-content\/uploads\/2026\/02\/cosmos-chairs-augusto-bozzi-saporiti-1954-italian-design-01.jpg","width":1200,"height":900},{"@type":"BreadcrumbList","@id":"https:\/\/www.demosmobilia.ch\/de\/product\/stuehle-modell-cosmos-in-originalem-dunkelrotem-vinyl\/#breadcrumb","itemListElement":[{"@type":"ListItem","position":1,"name":"Home","item":"https:\/\/www.demosmobilia.ch\/de\/"},{"@type":"ListItem","position":2,"name":"Produkte","item":"https:\/\/www.demosmobilia.ch\/de\/shop\/"},{"@type":"ListItem","position":3,"name":"St\u00fchle Modell Cosmos, in originalem dunkelrotem Vinyl"}]},{"@type":"WebSite","@id":"https:\/\/www.demosmobilia.ch\/de\/#website","url":"https:\/\/www.demosmobilia.ch\/de\/","name":"demosmobilia","description":"Vintage Mid Century Modern Design Furniture from the &#039;30s to the &#039;80s","publisher":{"@id":"https:\/\/www.demosmobilia.ch\/de\/#organization"},"potentialAction":[{"@type":"SearchAction","target":{"@type":"EntryPoint","urlTemplate":"https:\/\/www.demosmobilia.ch\/de\/?s={search_term_string}"},"query-input":{"@type":"PropertyValueSpecification","valueRequired":true,"valueName":"search_term_string"}}],"inLanguage":"de"},{"@type":"Organization","@id":"https:\/\/www.demosmobilia.ch\/de\/#organization","name":"demosmobilia","url":"https:\/\/www.demosmobilia.ch\/de\/","logo":{"@type":"ImageObject","inLanguage":"de","@id":"https:\/\/www.demosmobilia.ch\/de\/#\/schema\/logo\/image\/","url":"https:\/\/www.demosmobilia.ch\/wp-content\/uploads\/2020\/07\/demosmobilia-logo-2020-230-160.png","contentUrl":"https:\/\/www.demosmobilia.ch\/wp-content\/uploads\/2020\/07\/demosmobilia-logo-2020-230-160.png","width":230,"height":160,"caption":"demosmobilia"},"image":{"@id":"https:\/\/www.demosmobilia.ch\/de\/#\/schema\/logo\/image\/"},"sameAs":["https:\/\/www.facebook.com\/Demos-Mobilia-1137017453131445\/","https:\/\/www.instagram.com\/demosmobilia\/"]}]}},"_links":{"self":[{"href":"https:\/\/www.demosmobilia.ch\/de\/wp-json\/wp\/v2\/product\/86057","targetHints":{"allow":["GET"]}}],"collection":[{"href":"https:\/\/www.demosmobilia.ch\/de\/wp-json\/wp\/v2\/product"}],"about":[{"href":"https:\/\/www.demosmobilia.ch\/de\/wp-json\/wp\/v2\/types\/product"}],"wp:featuredmedia":[{"embeddable":true,"href":"https:\/\/www.demosmobilia.ch\/de\/wp-json\/wp\/v2\/media\/86033"}],"wp:attachment":[{"href":"https:\/\/www.demosmobilia.ch\/de\/wp-json\/wp\/v2\/media?parent=86057"}],"wp:term":[{"taxonomy":"product_cat","embeddable":true,"href":"https:\/\/www.demosmobilia.ch\/de\/wp-json\/wp\/v2\/product_cat?post=86057"},{"taxonomy":"product_tag","embeddable":true,"href":"https:\/\/www.demosmobilia.ch\/de\/wp-json\/wp\/v2\/product_tag?post=86057"}],"curies":[{"name":"wp","href":"https:\/\/api.w.org\/{rel}","templated":true}]}}