{"id":86024,"date":"2026-02-14T08:30:59","date_gmt":"2026-02-14T07:30:59","guid":{"rendered":"https:\/\/www.demosmobilia.ch\/product\/verstellbare-stehleuchte-stilnovo-mod-4060-4060\/"},"modified":"2026-02-14T08:30:59","modified_gmt":"2026-02-14T07:30:59","slug":"verstellbare-stehleuchte-stilnovo-mod-4060-4060","status":"publish","type":"product","link":"https:\/\/www.demosmobilia.ch\/de\/product\/verstellbare-stehleuchte-stilnovo-mod-4060-4060\/","title":{"rendered":"Verstellbare Stehleuchte Stilnovo Mod. 4060 4060"},"content":{"rendered":"<p data-start=\"0\" data-end=\"380\">Stilnovo ist eine f\u00fchrende Marke im Bereich italienischer Designbeleuchtung und steht f\u00fcr technologische Innovation, formale Eleganz und \u00e4sthetische Forschung. Das 1946 in Mailand gegr\u00fcndete Unternehmen revolutionierte das Konzept dekorativer Beleuchtung durch die Zusammenarbeit mit renommierten Designern und entwickelte Leuchten, die Funktionalit\u00e4t und stilistische Identit\u00e4t perfekt vereinen. <\/p>\n<p data-start=\"382\" data-end=\"856\">Die Lampenproduktion von Stilnovo zeichnet sich durch das ausgewogene Zusammenspiel von Tradition und Moderne aus: Pendelleuchten, Wandleuchten, Stehleuchten und Tischleuchten, die sowohl Wohnr\u00e4ume als auch Objektbereiche optimal aufwerten. Hochwertige Materialien, fortschrittliche Lichttechnologie und h\u00f6chste Detailgenauigkeit machen jede Kollektion zu einem Ausdruck italienischer Designexzellenz \u2013 eine gefragte Wahl f\u00fcr Architekten, Innenarchitekten und Designliebhaber. <\/p>\n<p data-start=\"858\" data-end=\"1404\" data-is-last-node=\"\" data-is-only-node=\"\">Zu den ikonischsten Modellen z\u00e4hlt die verstellbare Stehleuchte Modell 4060 aus dem Jahr 1962, ein perfektes Beispiel f\u00fcr das italienische Design der Nachkriegszeit. Mit ihrer schlanken Struktur und einem flexiblen System zur pr\u00e4zisen Ausrichtung und Regulierung der Lichtintensit\u00e4t verk\u00f6rpert diese Leuchte die Verbindung von formaler Klarheit und technischer Innovation. Auch heute \u00fcberzeugt das Modell 4060 durch seine puristische Linienf\u00fchrung und Vielseitigkeit und f\u00fcgt sich harmonisch in moderne wie auch in Vintage-Interieurs ein \u2013 ein Beweis f\u00fcr Stilnovos Kompetenz im hochwertigen Designbeleuchtungssektor.  <\/p>\n","protected":false},"excerpt":{"rendered":"<p>Stilnovo ist eine f\u00fchrende Marke im Bereich italienischer Designbeleuchtung und steht f\u00fcr technologische Innovation, formale Eleganz und \u00e4sthetische Forschung. Das 1946 in Mailand gegr\u00fcndete Unternehmen revolutionierte das Konzept dekorativer Beleuchtung durch die Zusammenarbeit mit renommierten Designern und entwickelte Leuchten, die Funktionalit\u00e4t und stilistische Identit\u00e4t perfekt vereinen. Die Lampenproduktion von Stilnovo zeichnet sich durch das ausgewogene Zusammenspiel von Tradition und Moderne aus: Pendelleuchten, Wandleuchten, Stehleuchten und Tischleuchten, die sowohl Wohnr\u00e4ume als auch Objektbereiche optimal aufwerten. Hochwertige Materialien, fortschrittliche Lichttechnologie und h\u00f6chste Detailgenauigkeit machen jede Kollektion zu einem Ausdruck italienischer Designexzellenz \u2013 eine gefragte Wahl f\u00fcr Architekten, Innenarchitekten und Designliebhaber. Zu den ikonischsten Modellen z\u00e4hlt die verstellbare<a class=\"more-link\" href=\"https:\/\/www.demosmobilia.ch\/de\/product\/verstellbare-stehleuchte-stilnovo-mod-4060-4060\/\">Read More &rarr;<\/a><\/p>\n","protected":false},"featured_media":85968,"template":"","meta":{"_monsterinsights_skip_tracking":false,"_monsterinsights_sitenote_active":false,"_monsterinsights_sitenote_note":"","_monsterinsights_sitenote_category":0,"kk_blocks_editor_width":"","_kiokenblocks_attr":"","_kiokenblocks_dimensions":""},"product_cat":[4106,4124],"product_tag":[],"class_list":{"0":"entry","1":"author-demosmobilia","2":"post-86024","3":"product","4":"type-product","5":"status-publish","6":"has-post-thumbnail","7":"product_production-stilnovo","8":"product_year-2396","9":"product_nation-italien-de","10":"product_cat-neuheiten","11":"product_cat-stehleuchten","12":"pa_product_dimension-110-x-50-x-dia-40-x-ht-190-cm","13":"pa_product_material-vernickeltes-messing-lackiertes-metall-glas","15":"first","16":"instock","17":"shipping-taxable","18":"purchasable","19":"product-type-simple"},"yoast_head":"<!-- This site is optimized with the Yoast SEO plugin v24.0 - https:\/\/yoast.com\/wordpress\/plugins\/seo\/ -->\n<title>Verstellbare Stehleuchte Stilnovo Mod. 4060 4060 &#8211; demosmobilia<\/title>\n<meta name=\"robots\" content=\"index, follow, max-snippet:-1, max-image-preview:large, max-video-preview:-1\" \/>\n<link rel=\"canonical\" href=\"https:\/\/www.demosmobilia.ch\/de\/product\/verstellbare-stehleuchte-stilnovo-mod-4060-4060\/\" \/>\n<meta property=\"og:locale\" content=\"de_DE\" \/>\n<meta property=\"og:type\" content=\"article\" \/>\n<meta property=\"og:title\" content=\"Verstellbare Stehleuchte Stilnovo Mod. 4060 4060 &#8211; demosmobilia\" \/>\n<meta property=\"og:description\" content=\"Stilnovo ist eine f\u00fchrende Marke im Bereich italienischer Designbeleuchtung und steht f\u00fcr technologische Innovation, formale Eleganz und \u00e4sthetische Forschung. Das 1946 in Mailand gegr\u00fcndete Unternehmen revolutionierte das Konzept dekorativer Beleuchtung durch die Zusammenarbeit mit renommierten Designern und entwickelte Leuchten, die Funktionalit\u00e4t und stilistische Identit\u00e4t perfekt vereinen. Die Lampenproduktion von Stilnovo zeichnet sich durch das ausgewogene Zusammenspiel von Tradition und Moderne aus: Pendelleuchten, Wandleuchten, Stehleuchten und Tischleuchten, die sowohl Wohnr\u00e4ume als auch Objektbereiche optimal aufwerten. Hochwertige Materialien, fortschrittliche Lichttechnologie und h\u00f6chste Detailgenauigkeit machen jede Kollektion zu einem Ausdruck italienischer Designexzellenz \u2013 eine gefragte Wahl f\u00fcr Architekten, Innenarchitekten und Designliebhaber. Zu den ikonischsten Modellen z\u00e4hlt die verstellbareRead More &rarr;\" \/>\n<meta property=\"og:url\" content=\"https:\/\/www.demosmobilia.ch\/de\/product\/verstellbare-stehleuchte-stilnovo-mod-4060-4060\/\" \/>\n<meta property=\"og:site_name\" content=\"demosmobilia\" \/>\n<meta property=\"article:publisher\" content=\"https:\/\/www.facebook.com\/Demos-Mobilia-1137017453131445\/\" \/>\n<meta property=\"og:image\" content=\"https:\/\/www.demosmobilia.ch\/wp-content\/uploads\/2026\/02\/stilnovo-floor-lamp-model4060-1962-italian-design-01.jpg\" \/>\n\t<meta property=\"og:image:width\" content=\"1200\" \/>\n\t<meta property=\"og:image:height\" content=\"900\" \/>\n\t<meta property=\"og:image:type\" content=\"image\/jpeg\" \/>\n<meta name=\"twitter:card\" content=\"summary_large_image\" \/>\n<meta name=\"twitter:label1\" content=\"Gesch\u00e4tzte Lesezeit\" \/>\n\t<meta name=\"twitter:data1\" content=\"1\u00a0Minute\" \/>\n<script type=\"application\/ld+json\" class=\"yoast-schema-graph\">{\"@context\":\"https:\/\/schema.org\",\"@graph\":[{\"@type\":\"WebPage\",\"@id\":\"https:\/\/www.demosmobilia.ch\/de\/product\/verstellbare-stehleuchte-stilnovo-mod-4060-4060\/\",\"url\":\"https:\/\/www.demosmobilia.ch\/de\/product\/verstellbare-stehleuchte-stilnovo-mod-4060-4060\/\",\"name\":\"Verstellbare Stehleuchte Stilnovo Mod. 4060 4060 &#8211; demosmobilia\",\"isPartOf\":{\"@id\":\"https:\/\/www.demosmobilia.ch\/de\/#website\"},\"primaryImageOfPage\":{\"@id\":\"https:\/\/www.demosmobilia.ch\/de\/product\/verstellbare-stehleuchte-stilnovo-mod-4060-4060\/#primaryimage\"},\"image\":{\"@id\":\"https:\/\/www.demosmobilia.ch\/de\/product\/verstellbare-stehleuchte-stilnovo-mod-4060-4060\/#primaryimage\"},\"thumbnailUrl\":\"https:\/\/www.demosmobilia.ch\/wp-content\/uploads\/2026\/02\/stilnovo-floor-lamp-model4060-1962-italian-design-01.jpg\",\"datePublished\":\"2026-02-14T07:30:59+00:00\",\"dateModified\":\"2026-02-14T07:30:59+00:00\",\"breadcrumb\":{\"@id\":\"https:\/\/www.demosmobilia.ch\/de\/product\/verstellbare-stehleuchte-stilnovo-mod-4060-4060\/#breadcrumb\"},\"inLanguage\":\"de\",\"potentialAction\":[{\"@type\":\"ReadAction\",\"target\":[\"https:\/\/www.demosmobilia.ch\/de\/product\/verstellbare-stehleuchte-stilnovo-mod-4060-4060\/\"]}]},{\"@type\":\"ImageObject\",\"inLanguage\":\"de\",\"@id\":\"https:\/\/www.demosmobilia.ch\/de\/product\/verstellbare-stehleuchte-stilnovo-mod-4060-4060\/#primaryimage\",\"url\":\"https:\/\/www.demosmobilia.ch\/wp-content\/uploads\/2026\/02\/stilnovo-floor-lamp-model4060-1962-italian-design-01.jpg\",\"contentUrl\":\"https:\/\/www.demosmobilia.ch\/wp-content\/uploads\/2026\/02\/stilnovo-floor-lamp-model4060-1962-italian-design-01.jpg\",\"width\":1200,\"height\":900},{\"@type\":\"BreadcrumbList\",\"@id\":\"https:\/\/www.demosmobilia.ch\/de\/product\/verstellbare-stehleuchte-stilnovo-mod-4060-4060\/#breadcrumb\",\"itemListElement\":[{\"@type\":\"ListItem\",\"position\":1,\"name\":\"Home\",\"item\":\"https:\/\/www.demosmobilia.ch\/de\/\"},{\"@type\":\"ListItem\",\"position\":2,\"name\":\"Produkte\",\"item\":\"https:\/\/www.demosmobilia.ch\/de\/shop\/\"},{\"@type\":\"ListItem\",\"position\":3,\"name\":\"Verstellbare Stehleuchte Stilnovo Mod. 4060 4060\"}]},{\"@type\":\"WebSite\",\"@id\":\"https:\/\/www.demosmobilia.ch\/de\/#website\",\"url\":\"https:\/\/www.demosmobilia.ch\/de\/\",\"name\":\"demosmobilia\",\"description\":\"Vintage Mid Century Modern Design Furniture from the &#039;30s to the &#039;80s\",\"publisher\":{\"@id\":\"https:\/\/www.demosmobilia.ch\/de\/#organization\"},\"potentialAction\":[{\"@type\":\"SearchAction\",\"target\":{\"@type\":\"EntryPoint\",\"urlTemplate\":\"https:\/\/www.demosmobilia.ch\/de\/?s={search_term_string}\"},\"query-input\":{\"@type\":\"PropertyValueSpecification\",\"valueRequired\":true,\"valueName\":\"search_term_string\"}}],\"inLanguage\":\"de\"},{\"@type\":\"Organization\",\"@id\":\"https:\/\/www.demosmobilia.ch\/de\/#organization\",\"name\":\"demosmobilia\",\"url\":\"https:\/\/www.demosmobilia.ch\/de\/\",\"logo\":{\"@type\":\"ImageObject\",\"inLanguage\":\"de\",\"@id\":\"https:\/\/www.demosmobilia.ch\/de\/#\/schema\/logo\/image\/\",\"url\":\"https:\/\/www.demosmobilia.ch\/wp-content\/uploads\/2020\/07\/demosmobilia-logo-2020-230-160.png\",\"contentUrl\":\"https:\/\/www.demosmobilia.ch\/wp-content\/uploads\/2020\/07\/demosmobilia-logo-2020-230-160.png\",\"width\":230,\"height\":160,\"caption\":\"demosmobilia\"},\"image\":{\"@id\":\"https:\/\/www.demosmobilia.ch\/de\/#\/schema\/logo\/image\/\"},\"sameAs\":[\"https:\/\/www.facebook.com\/Demos-Mobilia-1137017453131445\/\",\"https:\/\/www.instagram.com\/demosmobilia\/\"]}]}<\/script>\n<!-- \/ Yoast SEO plugin. -->","yoast_head_json":{"title":"Verstellbare Stehleuchte Stilnovo Mod. 4060 4060 &#8211; demosmobilia","robots":{"index":"index","follow":"follow","max-snippet":"max-snippet:-1","max-image-preview":"max-image-preview:large","max-video-preview":"max-video-preview:-1"},"canonical":"https:\/\/www.demosmobilia.ch\/de\/product\/verstellbare-stehleuchte-stilnovo-mod-4060-4060\/","og_locale":"de_DE","og_type":"article","og_title":"Verstellbare Stehleuchte Stilnovo Mod. 4060 4060 &#8211; demosmobilia","og_description":"Stilnovo ist eine f\u00fchrende Marke im Bereich italienischer Designbeleuchtung und steht f\u00fcr technologische Innovation, formale Eleganz und \u00e4sthetische Forschung. Das 1946 in Mailand gegr\u00fcndete Unternehmen revolutionierte das Konzept dekorativer Beleuchtung durch die Zusammenarbeit mit renommierten Designern und entwickelte Leuchten, die Funktionalit\u00e4t und stilistische Identit\u00e4t perfekt vereinen. Die Lampenproduktion von Stilnovo zeichnet sich durch das ausgewogene Zusammenspiel von Tradition und Moderne aus: Pendelleuchten, Wandleuchten, Stehleuchten und Tischleuchten, die sowohl Wohnr\u00e4ume als auch Objektbereiche optimal aufwerten. Hochwertige Materialien, fortschrittliche Lichttechnologie und h\u00f6chste Detailgenauigkeit machen jede Kollektion zu einem Ausdruck italienischer Designexzellenz \u2013 eine gefragte Wahl f\u00fcr Architekten, Innenarchitekten und Designliebhaber. Zu den ikonischsten Modellen z\u00e4hlt die verstellbareRead More &rarr;","og_url":"https:\/\/www.demosmobilia.ch\/de\/product\/verstellbare-stehleuchte-stilnovo-mod-4060-4060\/","og_site_name":"demosmobilia","article_publisher":"https:\/\/www.facebook.com\/Demos-Mobilia-1137017453131445\/","og_image":[{"width":1200,"height":900,"url":"https:\/\/www.demosmobilia.ch\/wp-content\/uploads\/2026\/02\/stilnovo-floor-lamp-model4060-1962-italian-design-01.jpg","type":"image\/jpeg"}],"twitter_card":"summary_large_image","twitter_misc":{"Gesch\u00e4tzte Lesezeit":"1\u00a0Minute"},"schema":{"@context":"https:\/\/schema.org","@graph":[{"@type":"WebPage","@id":"https:\/\/www.demosmobilia.ch\/de\/product\/verstellbare-stehleuchte-stilnovo-mod-4060-4060\/","url":"https:\/\/www.demosmobilia.ch\/de\/product\/verstellbare-stehleuchte-stilnovo-mod-4060-4060\/","name":"Verstellbare Stehleuchte Stilnovo Mod. 4060 4060 &#8211; demosmobilia","isPartOf":{"@id":"https:\/\/www.demosmobilia.ch\/de\/#website"},"primaryImageOfPage":{"@id":"https:\/\/www.demosmobilia.ch\/de\/product\/verstellbare-stehleuchte-stilnovo-mod-4060-4060\/#primaryimage"},"image":{"@id":"https:\/\/www.demosmobilia.ch\/de\/product\/verstellbare-stehleuchte-stilnovo-mod-4060-4060\/#primaryimage"},"thumbnailUrl":"https:\/\/www.demosmobilia.ch\/wp-content\/uploads\/2026\/02\/stilnovo-floor-lamp-model4060-1962-italian-design-01.jpg","datePublished":"2026-02-14T07:30:59+00:00","dateModified":"2026-02-14T07:30:59+00:00","breadcrumb":{"@id":"https:\/\/www.demosmobilia.ch\/de\/product\/verstellbare-stehleuchte-stilnovo-mod-4060-4060\/#breadcrumb"},"inLanguage":"de","potentialAction":[{"@type":"ReadAction","target":["https:\/\/www.demosmobilia.ch\/de\/product\/verstellbare-stehleuchte-stilnovo-mod-4060-4060\/"]}]},{"@type":"ImageObject","inLanguage":"de","@id":"https:\/\/www.demosmobilia.ch\/de\/product\/verstellbare-stehleuchte-stilnovo-mod-4060-4060\/#primaryimage","url":"https:\/\/www.demosmobilia.ch\/wp-content\/uploads\/2026\/02\/stilnovo-floor-lamp-model4060-1962-italian-design-01.jpg","contentUrl":"https:\/\/www.demosmobilia.ch\/wp-content\/uploads\/2026\/02\/stilnovo-floor-lamp-model4060-1962-italian-design-01.jpg","width":1200,"height":900},{"@type":"BreadcrumbList","@id":"https:\/\/www.demosmobilia.ch\/de\/product\/verstellbare-stehleuchte-stilnovo-mod-4060-4060\/#breadcrumb","itemListElement":[{"@type":"ListItem","position":1,"name":"Home","item":"https:\/\/www.demosmobilia.ch\/de\/"},{"@type":"ListItem","position":2,"name":"Produkte","item":"https:\/\/www.demosmobilia.ch\/de\/shop\/"},{"@type":"ListItem","position":3,"name":"Verstellbare Stehleuchte Stilnovo Mod. 4060 4060"}]},{"@type":"WebSite","@id":"https:\/\/www.demosmobilia.ch\/de\/#website","url":"https:\/\/www.demosmobilia.ch\/de\/","name":"demosmobilia","description":"Vintage Mid Century Modern Design Furniture from the &#039;30s to the &#039;80s","publisher":{"@id":"https:\/\/www.demosmobilia.ch\/de\/#organization"},"potentialAction":[{"@type":"SearchAction","target":{"@type":"EntryPoint","urlTemplate":"https:\/\/www.demosmobilia.ch\/de\/?s={search_term_string}"},"query-input":{"@type":"PropertyValueSpecification","valueRequired":true,"valueName":"search_term_string"}}],"inLanguage":"de"},{"@type":"Organization","@id":"https:\/\/www.demosmobilia.ch\/de\/#organization","name":"demosmobilia","url":"https:\/\/www.demosmobilia.ch\/de\/","logo":{"@type":"ImageObject","inLanguage":"de","@id":"https:\/\/www.demosmobilia.ch\/de\/#\/schema\/logo\/image\/","url":"https:\/\/www.demosmobilia.ch\/wp-content\/uploads\/2020\/07\/demosmobilia-logo-2020-230-160.png","contentUrl":"https:\/\/www.demosmobilia.ch\/wp-content\/uploads\/2020\/07\/demosmobilia-logo-2020-230-160.png","width":230,"height":160,"caption":"demosmobilia"},"image":{"@id":"https:\/\/www.demosmobilia.ch\/de\/#\/schema\/logo\/image\/"},"sameAs":["https:\/\/www.facebook.com\/Demos-Mobilia-1137017453131445\/","https:\/\/www.instagram.com\/demosmobilia\/"]}]}},"_links":{"self":[{"href":"https:\/\/www.demosmobilia.ch\/de\/wp-json\/wp\/v2\/product\/86024","targetHints":{"allow":["GET"]}}],"collection":[{"href":"https:\/\/www.demosmobilia.ch\/de\/wp-json\/wp\/v2\/product"}],"about":[{"href":"https:\/\/www.demosmobilia.ch\/de\/wp-json\/wp\/v2\/types\/product"}],"wp:featuredmedia":[{"embeddable":true,"href":"https:\/\/www.demosmobilia.ch\/de\/wp-json\/wp\/v2\/media\/85968"}],"wp:attachment":[{"href":"https:\/\/www.demosmobilia.ch\/de\/wp-json\/wp\/v2\/media?parent=86024"}],"wp:term":[{"taxonomy":"product_cat","embeddable":true,"href":"https:\/\/www.demosmobilia.ch\/de\/wp-json\/wp\/v2\/product_cat?post=86024"},{"taxonomy":"product_tag","embeddable":true,"href":"https:\/\/www.demosmobilia.ch\/de\/wp-json\/wp\/v2\/product_tag?post=86024"}],"curies":[{"name":"wp","href":"https:\/\/api.w.org\/{rel}","templated":true}]}}