{"id":85924,"date":"2026-02-13T16:30:25","date_gmt":"2026-02-13T15:30:25","guid":{"rendered":"https:\/\/www.demosmobilia.ch\/product\/kleine-blaue-keramikvase-aus-material\/"},"modified":"2026-02-13T16:30:25","modified_gmt":"2026-02-13T15:30:25","slug":"kleine-blaue-keramikvase-aus-material","status":"publish","type":"product","link":"https:\/\/www.demosmobilia.ch\/de\/product\/kleine-blaue-keramikvase-aus-material\/","title":{"rendered":"Kleine blaue Keramikvase aus Material"},"content":{"rendered":"<article class=\"text-token-text-primary w-full focus:outline-none [--shadow-height:45px] has-data-writing-block:pointer-events-none has-data-writing-block:-mt-(--shadow-height) has-data-writing-block:pt-(--shadow-height) [&amp;:has([data-writing-block])&gt;*]:pointer-events-auto scroll-mt-(--header-height)\" dir=\"auto\" tabindex=\"-1\" data-turn-id=\"7b4425d6-a4f1-485c-9f82-bf56f8ffe4ef\" data-testid=\"conversation-turn-13\" data-scroll-anchor=\"false\" data-turn=\"user\"><\/article>\n<article class=\"text-token-text-primary w-full focus:outline-none [--shadow-height:45px] has-data-writing-block:pointer-events-none has-data-writing-block:-mt-(--shadow-height) has-data-writing-block:pt-(--shadow-height) [&amp;:has([data-writing-block])&gt;*]:pointer-events-auto scroll-mt-[calc(var(--header-height)+min(200px,max(70px,20svh)))]\" dir=\"auto\" tabindex=\"-1\" data-turn-id=\"request-WEB:0502fa9d-a230-4eeb-b58e-0d0b66646a62-6\" data-testid=\"conversation-turn-14\" data-scroll-anchor=\"false\" data-turn=\"assistant\">\n<div class=\"text-base my-auto mx-auto [--thread-content-margin:--spacing(4)] @w-sm\/main:[--thread-content-margin:--spacing(6)] @w-lg\/main:[--thread-content-margin:--spacing(16)] px-(--thread-content-margin)\">\n<div class=\"[--thread-content-max-width:40rem] @w-lg\/main:[--thread-content-max-width:48rem] mx-auto max-w-(--thread-content-max-width) flex-1 group\/turn-messages focus-visible:outline-hidden relative flex w-full min-w-0 flex-col agent-turn\" tabindex=\"-1\">\n<div class=\"flex max-w-full flex-col grow\">\n<div class=\"min-h-8 text-message relative flex w-full flex-col items-end gap-2 text-start break-words whitespace-normal [.text-message+&amp;]:mt-1\" dir=\"auto\" data-message-author-role=\"assistant\" data-message-id=\"c4ce3533-05a6-4d75-91c5-d85a06d9547d\" data-message-model-slug=\"gpt-5-2\">\n<div class=\"flex w-full flex-col gap-1 empty:hidden first:pt-[1px]\">\n<div class=\"markdown prose dark:prose-invert w-full wrap-break-word light markdown-new-styling\">\n<p data-start=\"0\" data-end=\"461\">In den 1960er Jahren ver\u00e4nderte Klein Blue, auch bekannt als International Klein Blue (IKB), grundlegend die Beziehung zwischen Kunst, Design und Raumwahrnehmung. Entwickelt vom franz\u00f6sischen K\u00fcnstler Yves Klein, etablierte sich Klein Blue als eine der ikonischsten Farben des Jahrzehnts und steht bis heute f\u00fcr Modernit\u00e4t, Experimentierfreude und den Bruch mit traditionellen Gestaltungskonzepten. Der intensive, ges\u00e4ttigte und leuchtende Farbton geht weit \u00fcber eine dekorative Funktion hinaus und setzt ein starkes visuelles Statement im Interior Design.  <\/p>\n<p data-start=\"463\" data-end=\"896\">In den 1960er Jahren setzten Designer und Architekten Klein Blue gezielt ein, um neue Kunststoffformen, innovative Materialien und die Pop-\u00c4sthetik hervorzuheben. Sie nutzten dieses markante Blau, um Volumen zu betonen, starke Kontraste zu Wei\u00df und Orange zu schaffen und futuristische M\u00f6bel mit weichen, skulpturalen Linien zu akzentuieren. In einer Epoche, die von technologischem Optimismus und Raumfahrtkultur gepr\u00e4gt war, verk\u00f6rperte Klein Blue Tiefe, Unendlichkeit und avantgardistisches Design.  <\/p>\n<\/div>\n<\/div>\n<\/div>\n<\/div>\n<\/div>\n<\/div>\n<\/article>\n","protected":false},"excerpt":{"rendered":"<p>In den 1960er Jahren ver\u00e4nderte Klein Blue, auch bekannt als International Klein Blue (IKB), grundlegend die Beziehung zwischen Kunst, Design und Raumwahrnehmung. Entwickelt vom franz\u00f6sischen K\u00fcnstler Yves Klein, etablierte sich Klein Blue als eine der ikonischsten Farben des Jahrzehnts und steht bis heute f\u00fcr Modernit\u00e4t, Experimentierfreude und den Bruch mit traditionellen Gestaltungskonzepten. Der intensive, ges\u00e4ttigte und leuchtende Farbton geht weit \u00fcber eine dekorative Funktion hinaus und setzt ein starkes visuelles Statement im Interior Design. In den 1960er Jahren setzten Designer und Architekten Klein Blue gezielt ein, um neue Kunststoffformen, innovative Materialien und die Pop-\u00c4sthetik hervorzuheben. Sie nutzten dieses markante Blau, um Volumen zu betonen, starke<a class=\"more-link\" href=\"https:\/\/www.demosmobilia.ch\/de\/product\/kleine-blaue-keramikvase-aus-material\/\">Read More &rarr;<\/a><\/p>\n","protected":false},"featured_media":85912,"template":"","meta":{"_monsterinsights_skip_tracking":false,"_monsterinsights_sitenote_active":false,"_monsterinsights_sitenote_note":"","_monsterinsights_sitenote_category":0,"kk_blocks_editor_width":"","_kiokenblocks_attr":"","_kiokenblocks_dimensions":""},"product_cat":[4106,4122],"product_tag":[],"class_list":{"0":"entry","1":"author-demosmobilia","2":"post-85924","3":"product","4":"type-product","5":"status-publish","6":"has-post-thumbnail","7":"product_production-german-production","8":"product_year-1960-approx","9":"product_nation-deutschland","10":"product_cat-neuheiten","11":"product_cat-vasen","12":"pa_product_dimension-dia-16-x-ht-12-cm","13":"pa_product_material-keramik-materiallasurceramic-materical-glazure","15":"first","16":"instock","17":"shipping-taxable","18":"purchasable","19":"product-type-simple"},"yoast_head":"<!-- This site is optimized with the Yoast SEO plugin v24.0 - https:\/\/yoast.com\/wordpress\/plugins\/seo\/ -->\n<title>Kleine blaue Keramikvase aus Material &#8211; demosmobilia<\/title>\n<meta name=\"robots\" content=\"index, follow, max-snippet:-1, max-image-preview:large, max-video-preview:-1\" \/>\n<link rel=\"canonical\" href=\"https:\/\/www.demosmobilia.ch\/de\/product\/kleine-blaue-keramikvase-aus-material\/\" \/>\n<meta property=\"og:locale\" content=\"de_DE\" \/>\n<meta property=\"og:type\" content=\"article\" \/>\n<meta property=\"og:title\" content=\"Kleine blaue Keramikvase aus Material &#8211; demosmobilia\" \/>\n<meta property=\"og:description\" content=\"In den 1960er Jahren ver\u00e4nderte Klein Blue, auch bekannt als International Klein Blue (IKB), grundlegend die Beziehung zwischen Kunst, Design und Raumwahrnehmung. Entwickelt vom franz\u00f6sischen K\u00fcnstler Yves Klein, etablierte sich Klein Blue als eine der ikonischsten Farben des Jahrzehnts und steht bis heute f\u00fcr Modernit\u00e4t, Experimentierfreude und den Bruch mit traditionellen Gestaltungskonzepten. Der intensive, ges\u00e4ttigte und leuchtende Farbton geht weit \u00fcber eine dekorative Funktion hinaus und setzt ein starkes visuelles Statement im Interior Design. In den 1960er Jahren setzten Designer und Architekten Klein Blue gezielt ein, um neue Kunststoffformen, innovative Materialien und die Pop-\u00c4sthetik hervorzuheben. Sie nutzten dieses markante Blau, um Volumen zu betonen, starkeRead More &rarr;\" \/>\n<meta property=\"og:url\" content=\"https:\/\/www.demosmobilia.ch\/de\/product\/kleine-blaue-keramikvase-aus-material\/\" \/>\n<meta property=\"og:site_name\" content=\"demosmobilia\" \/>\n<meta property=\"article:publisher\" content=\"https:\/\/www.facebook.com\/Demos-Mobilia-1137017453131445\/\" \/>\n<meta property=\"og:image\" content=\"https:\/\/www.demosmobilia.ch\/wp-content\/uploads\/2026\/02\/blu-klein-ceramic-vase-1960-design-01.jpg\" \/>\n\t<meta property=\"og:image:width\" content=\"1200\" \/>\n\t<meta property=\"og:image:height\" content=\"900\" \/>\n\t<meta property=\"og:image:type\" content=\"image\/jpeg\" \/>\n<meta name=\"twitter:card\" content=\"summary_large_image\" \/>\n<meta name=\"twitter:label1\" content=\"Gesch\u00e4tzte Lesezeit\" \/>\n\t<meta name=\"twitter:data1\" content=\"1\u00a0Minute\" \/>\n<script type=\"application\/ld+json\" class=\"yoast-schema-graph\">{\"@context\":\"https:\/\/schema.org\",\"@graph\":[{\"@type\":\"WebPage\",\"@id\":\"https:\/\/www.demosmobilia.ch\/de\/product\/kleine-blaue-keramikvase-aus-material\/\",\"url\":\"https:\/\/www.demosmobilia.ch\/de\/product\/kleine-blaue-keramikvase-aus-material\/\",\"name\":\"Kleine blaue Keramikvase aus Material &#8211; demosmobilia\",\"isPartOf\":{\"@id\":\"https:\/\/www.demosmobilia.ch\/de\/#website\"},\"primaryImageOfPage\":{\"@id\":\"https:\/\/www.demosmobilia.ch\/de\/product\/kleine-blaue-keramikvase-aus-material\/#primaryimage\"},\"image\":{\"@id\":\"https:\/\/www.demosmobilia.ch\/de\/product\/kleine-blaue-keramikvase-aus-material\/#primaryimage\"},\"thumbnailUrl\":\"https:\/\/www.demosmobilia.ch\/wp-content\/uploads\/2026\/02\/blu-klein-ceramic-vase-1960-design-01.jpg\",\"datePublished\":\"2026-02-13T15:30:25+00:00\",\"dateModified\":\"2026-02-13T15:30:25+00:00\",\"breadcrumb\":{\"@id\":\"https:\/\/www.demosmobilia.ch\/de\/product\/kleine-blaue-keramikvase-aus-material\/#breadcrumb\"},\"inLanguage\":\"de\",\"potentialAction\":[{\"@type\":\"ReadAction\",\"target\":[\"https:\/\/www.demosmobilia.ch\/de\/product\/kleine-blaue-keramikvase-aus-material\/\"]}]},{\"@type\":\"ImageObject\",\"inLanguage\":\"de\",\"@id\":\"https:\/\/www.demosmobilia.ch\/de\/product\/kleine-blaue-keramikvase-aus-material\/#primaryimage\",\"url\":\"https:\/\/www.demosmobilia.ch\/wp-content\/uploads\/2026\/02\/blu-klein-ceramic-vase-1960-design-01.jpg\",\"contentUrl\":\"https:\/\/www.demosmobilia.ch\/wp-content\/uploads\/2026\/02\/blu-klein-ceramic-vase-1960-design-01.jpg\",\"width\":1200,\"height\":900},{\"@type\":\"BreadcrumbList\",\"@id\":\"https:\/\/www.demosmobilia.ch\/de\/product\/kleine-blaue-keramikvase-aus-material\/#breadcrumb\",\"itemListElement\":[{\"@type\":\"ListItem\",\"position\":1,\"name\":\"Home\",\"item\":\"https:\/\/www.demosmobilia.ch\/de\/\"},{\"@type\":\"ListItem\",\"position\":2,\"name\":\"Produkte\",\"item\":\"https:\/\/www.demosmobilia.ch\/de\/shop\/\"},{\"@type\":\"ListItem\",\"position\":3,\"name\":\"Kleine blaue Keramikvase aus Material\"}]},{\"@type\":\"WebSite\",\"@id\":\"https:\/\/www.demosmobilia.ch\/de\/#website\",\"url\":\"https:\/\/www.demosmobilia.ch\/de\/\",\"name\":\"demosmobilia\",\"description\":\"Vintage Mid Century Modern Design Furniture from the &#039;30s to the &#039;80s\",\"publisher\":{\"@id\":\"https:\/\/www.demosmobilia.ch\/de\/#organization\"},\"potentialAction\":[{\"@type\":\"SearchAction\",\"target\":{\"@type\":\"EntryPoint\",\"urlTemplate\":\"https:\/\/www.demosmobilia.ch\/de\/?s={search_term_string}\"},\"query-input\":{\"@type\":\"PropertyValueSpecification\",\"valueRequired\":true,\"valueName\":\"search_term_string\"}}],\"inLanguage\":\"de\"},{\"@type\":\"Organization\",\"@id\":\"https:\/\/www.demosmobilia.ch\/de\/#organization\",\"name\":\"demosmobilia\",\"url\":\"https:\/\/www.demosmobilia.ch\/de\/\",\"logo\":{\"@type\":\"ImageObject\",\"inLanguage\":\"de\",\"@id\":\"https:\/\/www.demosmobilia.ch\/de\/#\/schema\/logo\/image\/\",\"url\":\"https:\/\/www.demosmobilia.ch\/wp-content\/uploads\/2020\/07\/demosmobilia-logo-2020-230-160.png\",\"contentUrl\":\"https:\/\/www.demosmobilia.ch\/wp-content\/uploads\/2020\/07\/demosmobilia-logo-2020-230-160.png\",\"width\":230,\"height\":160,\"caption\":\"demosmobilia\"},\"image\":{\"@id\":\"https:\/\/www.demosmobilia.ch\/de\/#\/schema\/logo\/image\/\"},\"sameAs\":[\"https:\/\/www.facebook.com\/Demos-Mobilia-1137017453131445\/\",\"https:\/\/www.instagram.com\/demosmobilia\/\"]}]}<\/script>\n<!-- \/ Yoast SEO plugin. -->","yoast_head_json":{"title":"Kleine blaue Keramikvase aus Material &#8211; demosmobilia","robots":{"index":"index","follow":"follow","max-snippet":"max-snippet:-1","max-image-preview":"max-image-preview:large","max-video-preview":"max-video-preview:-1"},"canonical":"https:\/\/www.demosmobilia.ch\/de\/product\/kleine-blaue-keramikvase-aus-material\/","og_locale":"de_DE","og_type":"article","og_title":"Kleine blaue Keramikvase aus Material &#8211; demosmobilia","og_description":"In den 1960er Jahren ver\u00e4nderte Klein Blue, auch bekannt als International Klein Blue (IKB), grundlegend die Beziehung zwischen Kunst, Design und Raumwahrnehmung. Entwickelt vom franz\u00f6sischen K\u00fcnstler Yves Klein, etablierte sich Klein Blue als eine der ikonischsten Farben des Jahrzehnts und steht bis heute f\u00fcr Modernit\u00e4t, Experimentierfreude und den Bruch mit traditionellen Gestaltungskonzepten. Der intensive, ges\u00e4ttigte und leuchtende Farbton geht weit \u00fcber eine dekorative Funktion hinaus und setzt ein starkes visuelles Statement im Interior Design. In den 1960er Jahren setzten Designer und Architekten Klein Blue gezielt ein, um neue Kunststoffformen, innovative Materialien und die Pop-\u00c4sthetik hervorzuheben. Sie nutzten dieses markante Blau, um Volumen zu betonen, starkeRead More &rarr;","og_url":"https:\/\/www.demosmobilia.ch\/de\/product\/kleine-blaue-keramikvase-aus-material\/","og_site_name":"demosmobilia","article_publisher":"https:\/\/www.facebook.com\/Demos-Mobilia-1137017453131445\/","og_image":[{"width":1200,"height":900,"url":"https:\/\/www.demosmobilia.ch\/wp-content\/uploads\/2026\/02\/blu-klein-ceramic-vase-1960-design-01.jpg","type":"image\/jpeg"}],"twitter_card":"summary_large_image","twitter_misc":{"Gesch\u00e4tzte Lesezeit":"1\u00a0Minute"},"schema":{"@context":"https:\/\/schema.org","@graph":[{"@type":"WebPage","@id":"https:\/\/www.demosmobilia.ch\/de\/product\/kleine-blaue-keramikvase-aus-material\/","url":"https:\/\/www.demosmobilia.ch\/de\/product\/kleine-blaue-keramikvase-aus-material\/","name":"Kleine blaue Keramikvase aus Material &#8211; demosmobilia","isPartOf":{"@id":"https:\/\/www.demosmobilia.ch\/de\/#website"},"primaryImageOfPage":{"@id":"https:\/\/www.demosmobilia.ch\/de\/product\/kleine-blaue-keramikvase-aus-material\/#primaryimage"},"image":{"@id":"https:\/\/www.demosmobilia.ch\/de\/product\/kleine-blaue-keramikvase-aus-material\/#primaryimage"},"thumbnailUrl":"https:\/\/www.demosmobilia.ch\/wp-content\/uploads\/2026\/02\/blu-klein-ceramic-vase-1960-design-01.jpg","datePublished":"2026-02-13T15:30:25+00:00","dateModified":"2026-02-13T15:30:25+00:00","breadcrumb":{"@id":"https:\/\/www.demosmobilia.ch\/de\/product\/kleine-blaue-keramikvase-aus-material\/#breadcrumb"},"inLanguage":"de","potentialAction":[{"@type":"ReadAction","target":["https:\/\/www.demosmobilia.ch\/de\/product\/kleine-blaue-keramikvase-aus-material\/"]}]},{"@type":"ImageObject","inLanguage":"de","@id":"https:\/\/www.demosmobilia.ch\/de\/product\/kleine-blaue-keramikvase-aus-material\/#primaryimage","url":"https:\/\/www.demosmobilia.ch\/wp-content\/uploads\/2026\/02\/blu-klein-ceramic-vase-1960-design-01.jpg","contentUrl":"https:\/\/www.demosmobilia.ch\/wp-content\/uploads\/2026\/02\/blu-klein-ceramic-vase-1960-design-01.jpg","width":1200,"height":900},{"@type":"BreadcrumbList","@id":"https:\/\/www.demosmobilia.ch\/de\/product\/kleine-blaue-keramikvase-aus-material\/#breadcrumb","itemListElement":[{"@type":"ListItem","position":1,"name":"Home","item":"https:\/\/www.demosmobilia.ch\/de\/"},{"@type":"ListItem","position":2,"name":"Produkte","item":"https:\/\/www.demosmobilia.ch\/de\/shop\/"},{"@type":"ListItem","position":3,"name":"Kleine blaue Keramikvase aus Material"}]},{"@type":"WebSite","@id":"https:\/\/www.demosmobilia.ch\/de\/#website","url":"https:\/\/www.demosmobilia.ch\/de\/","name":"demosmobilia","description":"Vintage Mid Century Modern Design Furniture from the &#039;30s to the &#039;80s","publisher":{"@id":"https:\/\/www.demosmobilia.ch\/de\/#organization"},"potentialAction":[{"@type":"SearchAction","target":{"@type":"EntryPoint","urlTemplate":"https:\/\/www.demosmobilia.ch\/de\/?s={search_term_string}"},"query-input":{"@type":"PropertyValueSpecification","valueRequired":true,"valueName":"search_term_string"}}],"inLanguage":"de"},{"@type":"Organization","@id":"https:\/\/www.demosmobilia.ch\/de\/#organization","name":"demosmobilia","url":"https:\/\/www.demosmobilia.ch\/de\/","logo":{"@type":"ImageObject","inLanguage":"de","@id":"https:\/\/www.demosmobilia.ch\/de\/#\/schema\/logo\/image\/","url":"https:\/\/www.demosmobilia.ch\/wp-content\/uploads\/2020\/07\/demosmobilia-logo-2020-230-160.png","contentUrl":"https:\/\/www.demosmobilia.ch\/wp-content\/uploads\/2020\/07\/demosmobilia-logo-2020-230-160.png","width":230,"height":160,"caption":"demosmobilia"},"image":{"@id":"https:\/\/www.demosmobilia.ch\/de\/#\/schema\/logo\/image\/"},"sameAs":["https:\/\/www.facebook.com\/Demos-Mobilia-1137017453131445\/","https:\/\/www.instagram.com\/demosmobilia\/"]}]}},"_links":{"self":[{"href":"https:\/\/www.demosmobilia.ch\/de\/wp-json\/wp\/v2\/product\/85924","targetHints":{"allow":["GET"]}}],"collection":[{"href":"https:\/\/www.demosmobilia.ch\/de\/wp-json\/wp\/v2\/product"}],"about":[{"href":"https:\/\/www.demosmobilia.ch\/de\/wp-json\/wp\/v2\/types\/product"}],"wp:featuredmedia":[{"embeddable":true,"href":"https:\/\/www.demosmobilia.ch\/de\/wp-json\/wp\/v2\/media\/85912"}],"wp:attachment":[{"href":"https:\/\/www.demosmobilia.ch\/de\/wp-json\/wp\/v2\/media?parent=85924"}],"wp:term":[{"taxonomy":"product_cat","embeddable":true,"href":"https:\/\/www.demosmobilia.ch\/de\/wp-json\/wp\/v2\/product_cat?post=85924"},{"taxonomy":"product_tag","embeddable":true,"href":"https:\/\/www.demosmobilia.ch\/de\/wp-json\/wp\/v2\/product_tag?post=85924"}],"curies":[{"name":"wp","href":"https:\/\/api.w.org\/{rel}","templated":true}]}}