{"id":85528,"date":"2026-02-02T06:50:42","date_gmt":"2026-02-02T05:50:42","guid":{"rendered":"https:\/\/www.demosmobilia.ch\/product\/grosses-5-sitzer-ecksofa-modell-28bc-fuer-die-raummitte\/"},"modified":"2026-02-03T15:20:38","modified_gmt":"2026-02-03T14:20:38","slug":"grosses-5-sitzer-ecksofa-modell-28bc-fuer-die-raummitte","status":"publish","type":"product","link":"https:\/\/www.demosmobilia.ch\/de\/product\/grosses-5-sitzer-ecksofa-modell-28bc-fuer-die-raummitte\/","title":{"rendered":"Gro\u00dfes 5-Sitzer-Ecksofa, Modell 28 BC"},"content":{"rendered":"<p data-start=\"119\" data-end=\"594\">Florence Knoll (New York, 1917 \u2013 2019) war eine der einflussreichsten Pers\u00f6nlichkeiten des modernen Designs und der M\u00f6belgestaltung des 20. Jahrhunderts. Als Architektin und Industriedesignerin ver\u00e4nderte sie weltweit die Art und Weise, wie B\u00fcros und Wohnungen eingerichtet wurden. Ausgebildet an der Cranbrook Academy of Art und der Architectural Association in London, brachte Florence Knoll einen rigorosen, funktionalen und eleganten Ansatz in das Design ein, indem sie Architektur, Proportionen und hochwertige Materialien miteinander verband.<\/p>\n<p data-start=\"596\" data-end=\"1098\">In den 1950er Jahren begann Florence Knoll ihre langj\u00e4hrige Zusammenarbeit mit Knoll International und trug dazu bei, den unverwechselbaren Stil der Marke mit klaren, funktionalen und zeitlosen M\u00f6beln zu definieren. Zu ihren ikonischsten Kreationen z\u00e4hlen die Sofas und Loungesessel der BC-Serie, die Komfort, ergonomische Proportionen und modulares Design vereinen und sich sowohl f\u00fcr Wohn- als auch f\u00fcr Objektbereiche eignen. Diese St\u00fccke verk\u00f6rpern die Philosophie von Knoll: hochwertige Materialien, sorgf\u00e4ltige Handwerkskunst und raffiniertes Design.<\/p>\n<p data-start=\"1100\" data-end=\"1531\">Die BC-Sofas von Florence Knoll stehen f\u00fcr den H\u00f6hepunkt des amerikanischen Mid-Century-Modern-Designs der 1950er- und 1960er-Jahre und zeichnen sich durch minimalistische Formen, strapazierf\u00e4hige Polsterungen und hochwertige Stoff- oder Lederbez\u00fcge aus. Dank ihrer zeitlosen Eleganz sind diese M\u00f6belst\u00fccke bei Sammlern von Mid-Century-Design und Liebhabern luxuri\u00f6ser M\u00f6bel sehr begehrt und bleiben ein bleibendes Symbol f\u00fcr den ikonischen Stil von Knoll International.<\/p>\n","protected":false},"excerpt":{"rendered":"<p>Florence Knoll (New York, 1917 \u2013 2019) war eine der einflussreichsten Pers\u00f6nlichkeiten des modernen Designs und der M\u00f6belgestaltung des 20. Jahrhunderts. Als Architektin und Industriedesignerin ver\u00e4nderte sie weltweit die Art und Weise, wie B\u00fcros und Wohnungen eingerichtet wurden. Ausgebildet an der Cranbrook Academy of Art und der Architectural Association in London, brachte Florence Knoll einen rigorosen, funktionalen und eleganten Ansatz in das Design ein, indem sie Architektur, Proportionen und hochwertige Materialien miteinander verband. In den 1950er Jahren begann Florence Knoll ihre langj\u00e4hrige Zusammenarbeit mit Knoll International und trug dazu bei, den unverwechselbaren Stil der Marke mit klaren, funktionalen und zeitlosen M\u00f6beln zu definieren. Zu ihren<a class=\"more-link\" href=\"https:\/\/www.demosmobilia.ch\/de\/product\/grosses-5-sitzer-ecksofa-modell-28bc-fuer-die-raummitte\/\">Read More &rarr;<\/a><\/p>\n","protected":false},"featured_media":85555,"template":"","meta":{"_monsterinsights_skip_tracking":false,"_monsterinsights_sitenote_active":false,"_monsterinsights_sitenote_note":"","_monsterinsights_sitenote_category":0,"kk_blocks_editor_width":"","_kiokenblocks_attr":"","_kiokenblocks_dimensions":""},"product_cat":[4106,4163],"product_tag":[9679],"class_list":{"0":"entry","1":"author-demosmobilia","2":"post-85528","3":"product","4":"type-product","5":"status-publish","6":"has-post-thumbnail","7":"product_production-knoll-international","8":"product_year-2421","9":"product_nation-usa-de","10":"product_cat-neuheiten","11":"product_cat-sofas-und-schlafsofas","12":"product_tag-knoll-florence-de","13":"pa_product_dimension-340-x-80-x-sitzhohe-46-x-gesamthohe-84-cm","14":"pa_product_dimension-der-220-cm-lange-teil-ist-der-hauptkorper-der-eckteil-lasst-sich-nach-rechts-abnehmen-und-bildet-die-ecke-die-140-cm-lang-ist-und-90-cm-hervorsteht","15":"pa_product_material-komplett-neu-gepolstert-mit-grob-gewebter-baumwolle-stahl","17":"first","18":"instock","19":"shipping-taxable","20":"purchasable","21":"product-type-simple"},"yoast_head":"<!-- This site is optimized with the Yoast SEO plugin v24.0 - https:\/\/yoast.com\/wordpress\/plugins\/seo\/ -->\n<title>Gro\u00dfes 5-Sitzer-Ecksofa, Modell 28 BC &#8211; demosmobilia<\/title>\n<meta name=\"robots\" content=\"index, follow, max-snippet:-1, max-image-preview:large, max-video-preview:-1\" \/>\n<link rel=\"canonical\" href=\"https:\/\/www.demosmobilia.ch\/de\/product\/grosses-5-sitzer-ecksofa-modell-28bc-fuer-die-raummitte\/\" \/>\n<meta property=\"og:locale\" content=\"de_DE\" \/>\n<meta property=\"og:type\" content=\"article\" \/>\n<meta property=\"og:title\" content=\"Gro\u00dfes 5-Sitzer-Ecksofa, Modell 28 BC &#8211; demosmobilia\" \/>\n<meta property=\"og:description\" content=\"Florence Knoll (New York, 1917 \u2013 2019) war eine der einflussreichsten Pers\u00f6nlichkeiten des modernen Designs und der M\u00f6belgestaltung des 20. Jahrhunderts. Als Architektin und Industriedesignerin ver\u00e4nderte sie weltweit die Art und Weise, wie B\u00fcros und Wohnungen eingerichtet wurden. Ausgebildet an der Cranbrook Academy of Art und der Architectural Association in London, brachte Florence Knoll einen rigorosen, funktionalen und eleganten Ansatz in das Design ein, indem sie Architektur, Proportionen und hochwertige Materialien miteinander verband. In den 1950er Jahren begann Florence Knoll ihre langj\u00e4hrige Zusammenarbeit mit Knoll International und trug dazu bei, den unverwechselbaren Stil der Marke mit klaren, funktionalen und zeitlosen M\u00f6beln zu definieren. Zu ihrenRead More &rarr;\" \/>\n<meta property=\"og:url\" content=\"https:\/\/www.demosmobilia.ch\/de\/product\/grosses-5-sitzer-ecksofa-modell-28bc-fuer-die-raummitte\/\" \/>\n<meta property=\"og:site_name\" content=\"demosmobilia\" \/>\n<meta property=\"article:publisher\" content=\"https:\/\/www.facebook.com\/Demos-Mobilia-1137017453131445\/\" \/>\n<meta property=\"article:modified_time\" content=\"2026-02-03T14:20:38+00:00\" \/>\n<meta property=\"og:image\" content=\"https:\/\/www.demosmobilia.ch\/wp-content\/uploads\/2026\/02\/knoll-international-florence-knoll-1st-edition-large-sofa-1949-USA-01a-1.jpg\" \/>\n\t<meta property=\"og:image:width\" content=\"1200\" \/>\n\t<meta property=\"og:image:height\" content=\"900\" \/>\n\t<meta property=\"og:image:type\" content=\"image\/jpeg\" \/>\n<meta name=\"twitter:card\" content=\"summary_large_image\" \/>\n<meta name=\"twitter:label1\" content=\"Gesch\u00e4tzte Lesezeit\" \/>\n\t<meta name=\"twitter:data1\" content=\"1\u00a0Minute\" \/>\n<script type=\"application\/ld+json\" class=\"yoast-schema-graph\">{\"@context\":\"https:\/\/schema.org\",\"@graph\":[{\"@type\":\"WebPage\",\"@id\":\"https:\/\/www.demosmobilia.ch\/de\/product\/grosses-5-sitzer-ecksofa-modell-28bc-fuer-die-raummitte\/\",\"url\":\"https:\/\/www.demosmobilia.ch\/de\/product\/grosses-5-sitzer-ecksofa-modell-28bc-fuer-die-raummitte\/\",\"name\":\"Gro\u00dfes 5-Sitzer-Ecksofa, Modell 28 BC &#8211; demosmobilia\",\"isPartOf\":{\"@id\":\"https:\/\/www.demosmobilia.ch\/de\/#website\"},\"primaryImageOfPage\":{\"@id\":\"https:\/\/www.demosmobilia.ch\/de\/product\/grosses-5-sitzer-ecksofa-modell-28bc-fuer-die-raummitte\/#primaryimage\"},\"image\":{\"@id\":\"https:\/\/www.demosmobilia.ch\/de\/product\/grosses-5-sitzer-ecksofa-modell-28bc-fuer-die-raummitte\/#primaryimage\"},\"thumbnailUrl\":\"https:\/\/www.demosmobilia.ch\/wp-content\/uploads\/2026\/02\/knoll-international-florence-knoll-1st-edition-large-sofa-1949-USA-01a-1.jpg\",\"datePublished\":\"2026-02-02T05:50:42+00:00\",\"dateModified\":\"2026-02-03T14:20:38+00:00\",\"breadcrumb\":{\"@id\":\"https:\/\/www.demosmobilia.ch\/de\/product\/grosses-5-sitzer-ecksofa-modell-28bc-fuer-die-raummitte\/#breadcrumb\"},\"inLanguage\":\"de\",\"potentialAction\":[{\"@type\":\"ReadAction\",\"target\":[\"https:\/\/www.demosmobilia.ch\/de\/product\/grosses-5-sitzer-ecksofa-modell-28bc-fuer-die-raummitte\/\"]}]},{\"@type\":\"ImageObject\",\"inLanguage\":\"de\",\"@id\":\"https:\/\/www.demosmobilia.ch\/de\/product\/grosses-5-sitzer-ecksofa-modell-28bc-fuer-die-raummitte\/#primaryimage\",\"url\":\"https:\/\/www.demosmobilia.ch\/wp-content\/uploads\/2026\/02\/knoll-international-florence-knoll-1st-edition-large-sofa-1949-USA-01a-1.jpg\",\"contentUrl\":\"https:\/\/www.demosmobilia.ch\/wp-content\/uploads\/2026\/02\/knoll-international-florence-knoll-1st-edition-large-sofa-1949-USA-01a-1.jpg\",\"width\":1200,\"height\":900},{\"@type\":\"BreadcrumbList\",\"@id\":\"https:\/\/www.demosmobilia.ch\/de\/product\/grosses-5-sitzer-ecksofa-modell-28bc-fuer-die-raummitte\/#breadcrumb\",\"itemListElement\":[{\"@type\":\"ListItem\",\"position\":1,\"name\":\"Home\",\"item\":\"https:\/\/www.demosmobilia.ch\/de\/\"},{\"@type\":\"ListItem\",\"position\":2,\"name\":\"Produkte\",\"item\":\"https:\/\/www.demosmobilia.ch\/de\/shop\/\"},{\"@type\":\"ListItem\",\"position\":3,\"name\":\"Gro\u00dfes 5-Sitzer-Ecksofa, Modell 28 BC\"}]},{\"@type\":\"WebSite\",\"@id\":\"https:\/\/www.demosmobilia.ch\/de\/#website\",\"url\":\"https:\/\/www.demosmobilia.ch\/de\/\",\"name\":\"demosmobilia\",\"description\":\"Vintage Mid Century Modern Design Furniture from the &#039;30s to the &#039;80s\",\"publisher\":{\"@id\":\"https:\/\/www.demosmobilia.ch\/de\/#organization\"},\"potentialAction\":[{\"@type\":\"SearchAction\",\"target\":{\"@type\":\"EntryPoint\",\"urlTemplate\":\"https:\/\/www.demosmobilia.ch\/de\/?s={search_term_string}\"},\"query-input\":{\"@type\":\"PropertyValueSpecification\",\"valueRequired\":true,\"valueName\":\"search_term_string\"}}],\"inLanguage\":\"de\"},{\"@type\":\"Organization\",\"@id\":\"https:\/\/www.demosmobilia.ch\/de\/#organization\",\"name\":\"demosmobilia\",\"url\":\"https:\/\/www.demosmobilia.ch\/de\/\",\"logo\":{\"@type\":\"ImageObject\",\"inLanguage\":\"de\",\"@id\":\"https:\/\/www.demosmobilia.ch\/de\/#\/schema\/logo\/image\/\",\"url\":\"https:\/\/www.demosmobilia.ch\/wp-content\/uploads\/2020\/07\/demosmobilia-logo-2020-230-160.png\",\"contentUrl\":\"https:\/\/www.demosmobilia.ch\/wp-content\/uploads\/2020\/07\/demosmobilia-logo-2020-230-160.png\",\"width\":230,\"height\":160,\"caption\":\"demosmobilia\"},\"image\":{\"@id\":\"https:\/\/www.demosmobilia.ch\/de\/#\/schema\/logo\/image\/\"},\"sameAs\":[\"https:\/\/www.facebook.com\/Demos-Mobilia-1137017453131445\/\",\"https:\/\/www.instagram.com\/demosmobilia\/\"]}]}<\/script>\n<!-- \/ Yoast SEO plugin. -->","yoast_head_json":{"title":"Gro\u00dfes 5-Sitzer-Ecksofa, Modell 28 BC &#8211; demosmobilia","robots":{"index":"index","follow":"follow","max-snippet":"max-snippet:-1","max-image-preview":"max-image-preview:large","max-video-preview":"max-video-preview:-1"},"canonical":"https:\/\/www.demosmobilia.ch\/de\/product\/grosses-5-sitzer-ecksofa-modell-28bc-fuer-die-raummitte\/","og_locale":"de_DE","og_type":"article","og_title":"Gro\u00dfes 5-Sitzer-Ecksofa, Modell 28 BC &#8211; demosmobilia","og_description":"Florence Knoll (New York, 1917 \u2013 2019) war eine der einflussreichsten Pers\u00f6nlichkeiten des modernen Designs und der M\u00f6belgestaltung des 20. Jahrhunderts. Als Architektin und Industriedesignerin ver\u00e4nderte sie weltweit die Art und Weise, wie B\u00fcros und Wohnungen eingerichtet wurden. Ausgebildet an der Cranbrook Academy of Art und der Architectural Association in London, brachte Florence Knoll einen rigorosen, funktionalen und eleganten Ansatz in das Design ein, indem sie Architektur, Proportionen und hochwertige Materialien miteinander verband. In den 1950er Jahren begann Florence Knoll ihre langj\u00e4hrige Zusammenarbeit mit Knoll International und trug dazu bei, den unverwechselbaren Stil der Marke mit klaren, funktionalen und zeitlosen M\u00f6beln zu definieren. Zu ihrenRead More &rarr;","og_url":"https:\/\/www.demosmobilia.ch\/de\/product\/grosses-5-sitzer-ecksofa-modell-28bc-fuer-die-raummitte\/","og_site_name":"demosmobilia","article_publisher":"https:\/\/www.facebook.com\/Demos-Mobilia-1137017453131445\/","article_modified_time":"2026-02-03T14:20:38+00:00","og_image":[{"width":1200,"height":900,"url":"https:\/\/www.demosmobilia.ch\/wp-content\/uploads\/2026\/02\/knoll-international-florence-knoll-1st-edition-large-sofa-1949-USA-01a-1.jpg","type":"image\/jpeg"}],"twitter_card":"summary_large_image","twitter_misc":{"Gesch\u00e4tzte Lesezeit":"1\u00a0Minute"},"schema":{"@context":"https:\/\/schema.org","@graph":[{"@type":"WebPage","@id":"https:\/\/www.demosmobilia.ch\/de\/product\/grosses-5-sitzer-ecksofa-modell-28bc-fuer-die-raummitte\/","url":"https:\/\/www.demosmobilia.ch\/de\/product\/grosses-5-sitzer-ecksofa-modell-28bc-fuer-die-raummitte\/","name":"Gro\u00dfes 5-Sitzer-Ecksofa, Modell 28 BC &#8211; demosmobilia","isPartOf":{"@id":"https:\/\/www.demosmobilia.ch\/de\/#website"},"primaryImageOfPage":{"@id":"https:\/\/www.demosmobilia.ch\/de\/product\/grosses-5-sitzer-ecksofa-modell-28bc-fuer-die-raummitte\/#primaryimage"},"image":{"@id":"https:\/\/www.demosmobilia.ch\/de\/product\/grosses-5-sitzer-ecksofa-modell-28bc-fuer-die-raummitte\/#primaryimage"},"thumbnailUrl":"https:\/\/www.demosmobilia.ch\/wp-content\/uploads\/2026\/02\/knoll-international-florence-knoll-1st-edition-large-sofa-1949-USA-01a-1.jpg","datePublished":"2026-02-02T05:50:42+00:00","dateModified":"2026-02-03T14:20:38+00:00","breadcrumb":{"@id":"https:\/\/www.demosmobilia.ch\/de\/product\/grosses-5-sitzer-ecksofa-modell-28bc-fuer-die-raummitte\/#breadcrumb"},"inLanguage":"de","potentialAction":[{"@type":"ReadAction","target":["https:\/\/www.demosmobilia.ch\/de\/product\/grosses-5-sitzer-ecksofa-modell-28bc-fuer-die-raummitte\/"]}]},{"@type":"ImageObject","inLanguage":"de","@id":"https:\/\/www.demosmobilia.ch\/de\/product\/grosses-5-sitzer-ecksofa-modell-28bc-fuer-die-raummitte\/#primaryimage","url":"https:\/\/www.demosmobilia.ch\/wp-content\/uploads\/2026\/02\/knoll-international-florence-knoll-1st-edition-large-sofa-1949-USA-01a-1.jpg","contentUrl":"https:\/\/www.demosmobilia.ch\/wp-content\/uploads\/2026\/02\/knoll-international-florence-knoll-1st-edition-large-sofa-1949-USA-01a-1.jpg","width":1200,"height":900},{"@type":"BreadcrumbList","@id":"https:\/\/www.demosmobilia.ch\/de\/product\/grosses-5-sitzer-ecksofa-modell-28bc-fuer-die-raummitte\/#breadcrumb","itemListElement":[{"@type":"ListItem","position":1,"name":"Home","item":"https:\/\/www.demosmobilia.ch\/de\/"},{"@type":"ListItem","position":2,"name":"Produkte","item":"https:\/\/www.demosmobilia.ch\/de\/shop\/"},{"@type":"ListItem","position":3,"name":"Gro\u00dfes 5-Sitzer-Ecksofa, Modell 28 BC"}]},{"@type":"WebSite","@id":"https:\/\/www.demosmobilia.ch\/de\/#website","url":"https:\/\/www.demosmobilia.ch\/de\/","name":"demosmobilia","description":"Vintage Mid Century Modern Design Furniture from the &#039;30s to the &#039;80s","publisher":{"@id":"https:\/\/www.demosmobilia.ch\/de\/#organization"},"potentialAction":[{"@type":"SearchAction","target":{"@type":"EntryPoint","urlTemplate":"https:\/\/www.demosmobilia.ch\/de\/?s={search_term_string}"},"query-input":{"@type":"PropertyValueSpecification","valueRequired":true,"valueName":"search_term_string"}}],"inLanguage":"de"},{"@type":"Organization","@id":"https:\/\/www.demosmobilia.ch\/de\/#organization","name":"demosmobilia","url":"https:\/\/www.demosmobilia.ch\/de\/","logo":{"@type":"ImageObject","inLanguage":"de","@id":"https:\/\/www.demosmobilia.ch\/de\/#\/schema\/logo\/image\/","url":"https:\/\/www.demosmobilia.ch\/wp-content\/uploads\/2020\/07\/demosmobilia-logo-2020-230-160.png","contentUrl":"https:\/\/www.demosmobilia.ch\/wp-content\/uploads\/2020\/07\/demosmobilia-logo-2020-230-160.png","width":230,"height":160,"caption":"demosmobilia"},"image":{"@id":"https:\/\/www.demosmobilia.ch\/de\/#\/schema\/logo\/image\/"},"sameAs":["https:\/\/www.facebook.com\/Demos-Mobilia-1137017453131445\/","https:\/\/www.instagram.com\/demosmobilia\/"]}]}},"_links":{"self":[{"href":"https:\/\/www.demosmobilia.ch\/de\/wp-json\/wp\/v2\/product\/85528","targetHints":{"allow":["GET"]}}],"collection":[{"href":"https:\/\/www.demosmobilia.ch\/de\/wp-json\/wp\/v2\/product"}],"about":[{"href":"https:\/\/www.demosmobilia.ch\/de\/wp-json\/wp\/v2\/types\/product"}],"wp:featuredmedia":[{"embeddable":true,"href":"https:\/\/www.demosmobilia.ch\/de\/wp-json\/wp\/v2\/media\/85555"}],"wp:attachment":[{"href":"https:\/\/www.demosmobilia.ch\/de\/wp-json\/wp\/v2\/media?parent=85528"}],"wp:term":[{"taxonomy":"product_cat","embeddable":true,"href":"https:\/\/www.demosmobilia.ch\/de\/wp-json\/wp\/v2\/product_cat?post=85528"},{"taxonomy":"product_tag","embeddable":true,"href":"https:\/\/www.demosmobilia.ch\/de\/wp-json\/wp\/v2\/product_tag?post=85528"}],"curies":[{"name":"wp","href":"https:\/\/api.w.org\/{rel}","templated":true}]}}