{"id":85486,"date":"2026-02-02T06:40:49","date_gmt":"2026-02-02T05:40:49","guid":{"rendered":"https:\/\/www.demosmobilia.ch\/product\/italienisches-sideboard-mit-asymmetrischen-details-und-schiebetueren\/"},"modified":"2026-02-03T13:40:43","modified_gmt":"2026-02-03T12:40:43","slug":"italienisches-sideboard-mit-asymmetrischen-details-und-schiebetueren","status":"publish","type":"product","link":"https:\/\/www.demosmobilia.ch\/de\/product\/italienisches-sideboard-mit-asymmetrischen-details-und-schiebetueren\/","title":{"rendered":"Italienisches Sideboard mit asymmetrischen Details und Schiebet\u00fcren"},"content":{"rendered":"<p data-start=\"210\" data-end=\"606\">Dieses vintage italienische Design-Sideboard wird, basierend auf Stil und Konstruktion, der historischen Produktion von La Permanente Cant\u00f9 zugeschrieben, der renommierten Handwerkswerkstatt aus Cant\u00f9 (Como), die haupts\u00e4chlich in den 1950er und 1960er Jahren aktiv war. Obwohl der Designer nicht best\u00e4tigt ist, spiegelt das St\u00fcck die hochwertige Handwerkskunst und den innovativen Geist des italienischen Mid-Century-Designs wider. <\/p>\n<p data-start=\"608\" data-end=\"955\">Das Sideboard zeichnet sich durch asymmetrische architektonische Details und ein markantes farbiges Laminat aus \u2013 typische Elemente experimenteller Cant\u00f9-Produktion, die Funktionalit\u00e4t, geometrische Eleganz und innovative Materialverwendung vereinen. Diese Merkmale machen es zu einem einzigartigen St\u00fcck, das bei Sammlern von Vintage- und Mid-Century-Modern-Design sehr begehrt ist. <\/p>\n<p data-start=\"957\" data-end=\"1287\">Obwohl die Zuschreibung an La Permanente Cant\u00f9 nicht best\u00e4tigt ist, zeigen Konstruktion, Materialien und Designstil eindeutig eine starke Verbindung zur handwerklichen und gestalterischen Tradition von Cant\u00f9, wodurch dieses Sideboard ein repr\u00e4sentatives Beispiel f\u00fcr die Kreativit\u00e4t und Innovation italienischer M\u00f6bel der 1950er und 1960er Jahre darstellt.<\/p>\n","protected":false},"excerpt":{"rendered":"<p>Dieses vintage italienische Design-Sideboard wird, basierend auf Stil und Konstruktion, der historischen Produktion von La Permanente Cant\u00f9 zugeschrieben, der renommierten Handwerkswerkstatt aus Cant\u00f9 (Como), die haupts\u00e4chlich in den 1950er und 1960er Jahren aktiv war. Obwohl der Designer nicht best\u00e4tigt ist, spiegelt das St\u00fcck die hochwertige Handwerkskunst und den innovativen Geist des italienischen Mid-Century-Designs wider. Das Sideboard zeichnet sich durch asymmetrische architektonische Details und ein markantes farbiges Laminat aus \u2013 typische Elemente experimenteller Cant\u00f9-Produktion, die Funktionalit\u00e4t, geometrische Eleganz und innovative Materialverwendung vereinen. Diese Merkmale machen es zu einem einzigartigen St\u00fcck, das bei Sammlern von Vintage- und Mid-Century-Modern-Design sehr begehrt ist. Obwohl die Zuschreibung an La Permanente<a class=\"more-link\" href=\"https:\/\/www.demosmobilia.ch\/de\/product\/italienisches-sideboard-mit-asymmetrischen-details-und-schiebetueren\/\">Read More &rarr;<\/a><\/p>\n","protected":false},"featured_media":85450,"template":"","meta":{"_monsterinsights_skip_tracking":false,"_monsterinsights_sitenote_active":false,"_monsterinsights_sitenote_note":"","_monsterinsights_sitenote_category":0,"kk_blocks_editor_width":"","_kiokenblocks_attr":"","_kiokenblocks_dimensions":""},"product_cat":[4106,4177],"product_tag":[],"class_list":{"0":"entry","1":"author-demosmobilia","2":"post-85486","3":"product","4":"type-product","5":"status-publish","6":"has-post-thumbnail","7":"product_production-la-permanente-cantu","8":"product_year-1950-approx","9":"product_nation-italien-de","10":"product_cat-neuheiten","11":"product_cat-sideboards-de","12":"pa_product_dimension-151-x-43-5-x-ht-71-cm","14":"first","15":"instock","16":"shipping-taxable","17":"purchasable","18":"product-type-simple"},"yoast_head":"<!-- This site is optimized with the Yoast SEO plugin v24.0 - https:\/\/yoast.com\/wordpress\/plugins\/seo\/ -->\n<title>Italienisches Sideboard mit asymmetrischen Details und Schiebet\u00fcren &#8211; demosmobilia<\/title>\n<meta name=\"robots\" content=\"index, follow, max-snippet:-1, max-image-preview:large, max-video-preview:-1\" \/>\n<link rel=\"canonical\" href=\"https:\/\/www.demosmobilia.ch\/de\/product\/italienisches-sideboard-mit-asymmetrischen-details-und-schiebetueren\/\" \/>\n<meta property=\"og:locale\" content=\"de_DE\" \/>\n<meta property=\"og:type\" content=\"article\" \/>\n<meta property=\"og:title\" content=\"Italienisches Sideboard mit asymmetrischen Details und Schiebet\u00fcren &#8211; demosmobilia\" \/>\n<meta property=\"og:description\" content=\"Dieses vintage italienische Design-Sideboard wird, basierend auf Stil und Konstruktion, der historischen Produktion von La Permanente Cant\u00f9 zugeschrieben, der renommierten Handwerkswerkstatt aus Cant\u00f9 (Como), die haupts\u00e4chlich in den 1950er und 1960er Jahren aktiv war. Obwohl der Designer nicht best\u00e4tigt ist, spiegelt das St\u00fcck die hochwertige Handwerkskunst und den innovativen Geist des italienischen Mid-Century-Designs wider. Das Sideboard zeichnet sich durch asymmetrische architektonische Details und ein markantes farbiges Laminat aus \u2013 typische Elemente experimenteller Cant\u00f9-Produktion, die Funktionalit\u00e4t, geometrische Eleganz und innovative Materialverwendung vereinen. Diese Merkmale machen es zu einem einzigartigen St\u00fcck, das bei Sammlern von Vintage- und Mid-Century-Modern-Design sehr begehrt ist. Obwohl die Zuschreibung an La PermanenteRead More &rarr;\" \/>\n<meta property=\"og:url\" content=\"https:\/\/www.demosmobilia.ch\/de\/product\/italienisches-sideboard-mit-asymmetrischen-details-und-schiebetueren\/\" \/>\n<meta property=\"og:site_name\" content=\"demosmobilia\" \/>\n<meta property=\"article:publisher\" content=\"https:\/\/www.facebook.com\/Demos-Mobilia-1137017453131445\/\" \/>\n<meta property=\"article:modified_time\" content=\"2026-02-03T12:40:43+00:00\" \/>\n<meta property=\"og:image\" content=\"https:\/\/www.demosmobilia.ch\/wp-content\/uploads\/2026\/02\/sideborad-italian-design1950-la-permanente-cantu-01a.jpg\" \/>\n\t<meta property=\"og:image:width\" content=\"1200\" \/>\n\t<meta property=\"og:image:height\" content=\"900\" \/>\n\t<meta property=\"og:image:type\" content=\"image\/jpeg\" \/>\n<meta name=\"twitter:card\" content=\"summary_large_image\" \/>\n<meta name=\"twitter:label1\" content=\"Gesch\u00e4tzte Lesezeit\" \/>\n\t<meta name=\"twitter:data1\" content=\"1\u00a0Minute\" \/>\n<script type=\"application\/ld+json\" class=\"yoast-schema-graph\">{\"@context\":\"https:\/\/schema.org\",\"@graph\":[{\"@type\":\"WebPage\",\"@id\":\"https:\/\/www.demosmobilia.ch\/de\/product\/italienisches-sideboard-mit-asymmetrischen-details-und-schiebetueren\/\",\"url\":\"https:\/\/www.demosmobilia.ch\/de\/product\/italienisches-sideboard-mit-asymmetrischen-details-und-schiebetueren\/\",\"name\":\"Italienisches Sideboard mit asymmetrischen Details und Schiebet\u00fcren &#8211; demosmobilia\",\"isPartOf\":{\"@id\":\"https:\/\/www.demosmobilia.ch\/de\/#website\"},\"primaryImageOfPage\":{\"@id\":\"https:\/\/www.demosmobilia.ch\/de\/product\/italienisches-sideboard-mit-asymmetrischen-details-und-schiebetueren\/#primaryimage\"},\"image\":{\"@id\":\"https:\/\/www.demosmobilia.ch\/de\/product\/italienisches-sideboard-mit-asymmetrischen-details-und-schiebetueren\/#primaryimage\"},\"thumbnailUrl\":\"https:\/\/www.demosmobilia.ch\/wp-content\/uploads\/2026\/02\/sideborad-italian-design1950-la-permanente-cantu-01a.jpg\",\"datePublished\":\"2026-02-02T05:40:49+00:00\",\"dateModified\":\"2026-02-03T12:40:43+00:00\",\"breadcrumb\":{\"@id\":\"https:\/\/www.demosmobilia.ch\/de\/product\/italienisches-sideboard-mit-asymmetrischen-details-und-schiebetueren\/#breadcrumb\"},\"inLanguage\":\"de\",\"potentialAction\":[{\"@type\":\"ReadAction\",\"target\":[\"https:\/\/www.demosmobilia.ch\/de\/product\/italienisches-sideboard-mit-asymmetrischen-details-und-schiebetueren\/\"]}]},{\"@type\":\"ImageObject\",\"inLanguage\":\"de\",\"@id\":\"https:\/\/www.demosmobilia.ch\/de\/product\/italienisches-sideboard-mit-asymmetrischen-details-und-schiebetueren\/#primaryimage\",\"url\":\"https:\/\/www.demosmobilia.ch\/wp-content\/uploads\/2026\/02\/sideborad-italian-design1950-la-permanente-cantu-01a.jpg\",\"contentUrl\":\"https:\/\/www.demosmobilia.ch\/wp-content\/uploads\/2026\/02\/sideborad-italian-design1950-la-permanente-cantu-01a.jpg\",\"width\":1200,\"height\":900},{\"@type\":\"BreadcrumbList\",\"@id\":\"https:\/\/www.demosmobilia.ch\/de\/product\/italienisches-sideboard-mit-asymmetrischen-details-und-schiebetueren\/#breadcrumb\",\"itemListElement\":[{\"@type\":\"ListItem\",\"position\":1,\"name\":\"Home\",\"item\":\"https:\/\/www.demosmobilia.ch\/de\/\"},{\"@type\":\"ListItem\",\"position\":2,\"name\":\"Produkte\",\"item\":\"https:\/\/www.demosmobilia.ch\/de\/shop\/\"},{\"@type\":\"ListItem\",\"position\":3,\"name\":\"Italienisches Sideboard mit asymmetrischen Details und Schiebet\u00fcren\"}]},{\"@type\":\"WebSite\",\"@id\":\"https:\/\/www.demosmobilia.ch\/de\/#website\",\"url\":\"https:\/\/www.demosmobilia.ch\/de\/\",\"name\":\"demosmobilia\",\"description\":\"Vintage Mid Century Modern Design Furniture from the &#039;30s to the &#039;80s\",\"publisher\":{\"@id\":\"https:\/\/www.demosmobilia.ch\/de\/#organization\"},\"potentialAction\":[{\"@type\":\"SearchAction\",\"target\":{\"@type\":\"EntryPoint\",\"urlTemplate\":\"https:\/\/www.demosmobilia.ch\/de\/?s={search_term_string}\"},\"query-input\":{\"@type\":\"PropertyValueSpecification\",\"valueRequired\":true,\"valueName\":\"search_term_string\"}}],\"inLanguage\":\"de\"},{\"@type\":\"Organization\",\"@id\":\"https:\/\/www.demosmobilia.ch\/de\/#organization\",\"name\":\"demosmobilia\",\"url\":\"https:\/\/www.demosmobilia.ch\/de\/\",\"logo\":{\"@type\":\"ImageObject\",\"inLanguage\":\"de\",\"@id\":\"https:\/\/www.demosmobilia.ch\/de\/#\/schema\/logo\/image\/\",\"url\":\"https:\/\/www.demosmobilia.ch\/wp-content\/uploads\/2020\/07\/demosmobilia-logo-2020-230-160.png\",\"contentUrl\":\"https:\/\/www.demosmobilia.ch\/wp-content\/uploads\/2020\/07\/demosmobilia-logo-2020-230-160.png\",\"width\":230,\"height\":160,\"caption\":\"demosmobilia\"},\"image\":{\"@id\":\"https:\/\/www.demosmobilia.ch\/de\/#\/schema\/logo\/image\/\"},\"sameAs\":[\"https:\/\/www.facebook.com\/Demos-Mobilia-1137017453131445\/\",\"https:\/\/www.instagram.com\/demosmobilia\/\"]}]}<\/script>\n<!-- \/ Yoast SEO plugin. -->","yoast_head_json":{"title":"Italienisches Sideboard mit asymmetrischen Details und Schiebet\u00fcren &#8211; demosmobilia","robots":{"index":"index","follow":"follow","max-snippet":"max-snippet:-1","max-image-preview":"max-image-preview:large","max-video-preview":"max-video-preview:-1"},"canonical":"https:\/\/www.demosmobilia.ch\/de\/product\/italienisches-sideboard-mit-asymmetrischen-details-und-schiebetueren\/","og_locale":"de_DE","og_type":"article","og_title":"Italienisches Sideboard mit asymmetrischen Details und Schiebet\u00fcren &#8211; demosmobilia","og_description":"Dieses vintage italienische Design-Sideboard wird, basierend auf Stil und Konstruktion, der historischen Produktion von La Permanente Cant\u00f9 zugeschrieben, der renommierten Handwerkswerkstatt aus Cant\u00f9 (Como), die haupts\u00e4chlich in den 1950er und 1960er Jahren aktiv war. Obwohl der Designer nicht best\u00e4tigt ist, spiegelt das St\u00fcck die hochwertige Handwerkskunst und den innovativen Geist des italienischen Mid-Century-Designs wider. Das Sideboard zeichnet sich durch asymmetrische architektonische Details und ein markantes farbiges Laminat aus \u2013 typische Elemente experimenteller Cant\u00f9-Produktion, die Funktionalit\u00e4t, geometrische Eleganz und innovative Materialverwendung vereinen. Diese Merkmale machen es zu einem einzigartigen St\u00fcck, das bei Sammlern von Vintage- und Mid-Century-Modern-Design sehr begehrt ist. Obwohl die Zuschreibung an La PermanenteRead More &rarr;","og_url":"https:\/\/www.demosmobilia.ch\/de\/product\/italienisches-sideboard-mit-asymmetrischen-details-und-schiebetueren\/","og_site_name":"demosmobilia","article_publisher":"https:\/\/www.facebook.com\/Demos-Mobilia-1137017453131445\/","article_modified_time":"2026-02-03T12:40:43+00:00","og_image":[{"width":1200,"height":900,"url":"https:\/\/www.demosmobilia.ch\/wp-content\/uploads\/2026\/02\/sideborad-italian-design1950-la-permanente-cantu-01a.jpg","type":"image\/jpeg"}],"twitter_card":"summary_large_image","twitter_misc":{"Gesch\u00e4tzte Lesezeit":"1\u00a0Minute"},"schema":{"@context":"https:\/\/schema.org","@graph":[{"@type":"WebPage","@id":"https:\/\/www.demosmobilia.ch\/de\/product\/italienisches-sideboard-mit-asymmetrischen-details-und-schiebetueren\/","url":"https:\/\/www.demosmobilia.ch\/de\/product\/italienisches-sideboard-mit-asymmetrischen-details-und-schiebetueren\/","name":"Italienisches Sideboard mit asymmetrischen Details und Schiebet\u00fcren &#8211; demosmobilia","isPartOf":{"@id":"https:\/\/www.demosmobilia.ch\/de\/#website"},"primaryImageOfPage":{"@id":"https:\/\/www.demosmobilia.ch\/de\/product\/italienisches-sideboard-mit-asymmetrischen-details-und-schiebetueren\/#primaryimage"},"image":{"@id":"https:\/\/www.demosmobilia.ch\/de\/product\/italienisches-sideboard-mit-asymmetrischen-details-und-schiebetueren\/#primaryimage"},"thumbnailUrl":"https:\/\/www.demosmobilia.ch\/wp-content\/uploads\/2026\/02\/sideborad-italian-design1950-la-permanente-cantu-01a.jpg","datePublished":"2026-02-02T05:40:49+00:00","dateModified":"2026-02-03T12:40:43+00:00","breadcrumb":{"@id":"https:\/\/www.demosmobilia.ch\/de\/product\/italienisches-sideboard-mit-asymmetrischen-details-und-schiebetueren\/#breadcrumb"},"inLanguage":"de","potentialAction":[{"@type":"ReadAction","target":["https:\/\/www.demosmobilia.ch\/de\/product\/italienisches-sideboard-mit-asymmetrischen-details-und-schiebetueren\/"]}]},{"@type":"ImageObject","inLanguage":"de","@id":"https:\/\/www.demosmobilia.ch\/de\/product\/italienisches-sideboard-mit-asymmetrischen-details-und-schiebetueren\/#primaryimage","url":"https:\/\/www.demosmobilia.ch\/wp-content\/uploads\/2026\/02\/sideborad-italian-design1950-la-permanente-cantu-01a.jpg","contentUrl":"https:\/\/www.demosmobilia.ch\/wp-content\/uploads\/2026\/02\/sideborad-italian-design1950-la-permanente-cantu-01a.jpg","width":1200,"height":900},{"@type":"BreadcrumbList","@id":"https:\/\/www.demosmobilia.ch\/de\/product\/italienisches-sideboard-mit-asymmetrischen-details-und-schiebetueren\/#breadcrumb","itemListElement":[{"@type":"ListItem","position":1,"name":"Home","item":"https:\/\/www.demosmobilia.ch\/de\/"},{"@type":"ListItem","position":2,"name":"Produkte","item":"https:\/\/www.demosmobilia.ch\/de\/shop\/"},{"@type":"ListItem","position":3,"name":"Italienisches Sideboard mit asymmetrischen Details und Schiebet\u00fcren"}]},{"@type":"WebSite","@id":"https:\/\/www.demosmobilia.ch\/de\/#website","url":"https:\/\/www.demosmobilia.ch\/de\/","name":"demosmobilia","description":"Vintage Mid Century Modern Design Furniture from the &#039;30s to the &#039;80s","publisher":{"@id":"https:\/\/www.demosmobilia.ch\/de\/#organization"},"potentialAction":[{"@type":"SearchAction","target":{"@type":"EntryPoint","urlTemplate":"https:\/\/www.demosmobilia.ch\/de\/?s={search_term_string}"},"query-input":{"@type":"PropertyValueSpecification","valueRequired":true,"valueName":"search_term_string"}}],"inLanguage":"de"},{"@type":"Organization","@id":"https:\/\/www.demosmobilia.ch\/de\/#organization","name":"demosmobilia","url":"https:\/\/www.demosmobilia.ch\/de\/","logo":{"@type":"ImageObject","inLanguage":"de","@id":"https:\/\/www.demosmobilia.ch\/de\/#\/schema\/logo\/image\/","url":"https:\/\/www.demosmobilia.ch\/wp-content\/uploads\/2020\/07\/demosmobilia-logo-2020-230-160.png","contentUrl":"https:\/\/www.demosmobilia.ch\/wp-content\/uploads\/2020\/07\/demosmobilia-logo-2020-230-160.png","width":230,"height":160,"caption":"demosmobilia"},"image":{"@id":"https:\/\/www.demosmobilia.ch\/de\/#\/schema\/logo\/image\/"},"sameAs":["https:\/\/www.facebook.com\/Demos-Mobilia-1137017453131445\/","https:\/\/www.instagram.com\/demosmobilia\/"]}]}},"_links":{"self":[{"href":"https:\/\/www.demosmobilia.ch\/de\/wp-json\/wp\/v2\/product\/85486","targetHints":{"allow":["GET"]}}],"collection":[{"href":"https:\/\/www.demosmobilia.ch\/de\/wp-json\/wp\/v2\/product"}],"about":[{"href":"https:\/\/www.demosmobilia.ch\/de\/wp-json\/wp\/v2\/types\/product"}],"wp:featuredmedia":[{"embeddable":true,"href":"https:\/\/www.demosmobilia.ch\/de\/wp-json\/wp\/v2\/media\/85450"}],"wp:attachment":[{"href":"https:\/\/www.demosmobilia.ch\/de\/wp-json\/wp\/v2\/media?parent=85486"}],"wp:term":[{"taxonomy":"product_cat","embeddable":true,"href":"https:\/\/www.demosmobilia.ch\/de\/wp-json\/wp\/v2\/product_cat?post=85486"},{"taxonomy":"product_tag","embeddable":true,"href":"https:\/\/www.demosmobilia.ch\/de\/wp-json\/wp\/v2\/product_tag?post=85486"}],"curies":[{"name":"wp","href":"https:\/\/api.w.org\/{rel}","templated":true}]}}