{"id":85444,"date":"2026-02-02T06:45:19","date_gmt":"2026-02-02T05:45:19","guid":{"rendered":"https:\/\/www.demosmobilia.ch\/product\/schwarze-ledersessel-modell-cab-413-maxi-version-4-stueck-verfuegbar\/"},"modified":"2026-02-03T15:38:57","modified_gmt":"2026-02-03T14:38:57","slug":"schwarze-ledersessel-modell-cab-413-maxi-version-4-stueck-verfuegbar","status":"publish","type":"product","link":"https:\/\/www.demosmobilia.ch\/de\/product\/schwarze-ledersessel-modell-cab-413-maxi-version-4-stueck-verfuegbar\/","title":{"rendered":"Schwarze Ledersessel, Modell Cab 413, MAXI-Version, 4 St\u00fcck verf\u00fcgbar"},"content":{"rendered":"<p data-start=\"166\" data-end=\"570\">Mario Bellini (Mailand, 1935) ist einer der einflussreichsten Designer und Architekten Italiens des 20. Jahrhunderts und bekannt f\u00fcr seine revolution\u00e4ren Beitr\u00e4ge zum Industriedesign und zur modernen M\u00f6belgestaltung. Bellini, der am Politecnico di Milano ausgebildet wurde, verbindet technologische Innovation, formale Eleganz und funktionales Design und schafft damit St\u00fccke, die zu Ikonen des zeitgen\u00f6ssischen italienischen Designs geworden sind.<\/p>\n<p data-start=\"572\" data-end=\"984\">Zu seinen ber\u00fchmtesten Werken z\u00e4hlen die Cab-Sessel, die er 1977 f\u00fcr Cassina entworfen hat. Die Cab-St\u00fchle erzielen eine perfekte Balance zwischen ergonomischem Design, Komfort und hochwertigen Materialien. Erh\u00e4ltlich in den Versionen ohne Armlehnen (Cab 412) und mit Armlehnen (Cab 413), zeichnen sich diese St\u00fchle durch klare Linien, eine Polsterung aus hochdichtem Schaumstoff und hochwertige Leder- oder Stoffbez\u00fcge sowie ein Gestell aus Massivholz oder Sperrholz aus.<\/p>\n<p data-start=\"986\" data-end=\"1405\">Cassina wurde 1927 gegr\u00fcndet und ist einer der weltweit f\u00fchrenden italienischen M\u00f6belhersteller, der f\u00fcr die Produktion ikonischer Designst\u00fccke renommierter Architekten und Designer bekannt ist. Durch die Zusammenarbeit mit Mario Bellini hat Cassina dazu beigetragen, die Cab-Sessel zu zeitlosen Beispielen f\u00fcr modernes Design der Mitte des Jahrhunderts zu machen, indem innovative Produktionstechniken, \u00fcberlegene Handwerkskunst und dauerhafter \u00e4sthetischer Wert kombiniert wurden.<\/p>\n<p data-start=\"1407\" data-end=\"1774\">Die Cab-St\u00fchle von Mario Bellini verk\u00f6rpern das Beste des italienischen Mid-Century-Modern-Designs und verwandeln funktionale Sitzm\u00f6bel in elegante, zeitlose Designobjekte. Dank ihres ikonischen Stils und ihrer hervorragenden Handwerkskunst sind diese St\u00fchle bei Sammlern von Vintage- und modernem Design sehr begehrt und in internationalen Museums- und Galeriesammlungen zu finden.<\/p>\n","protected":false},"excerpt":{"rendered":"<p>Preis f\u00fcr ein St\u00fcck<a class=\"more-link\" href=\"https:\/\/www.demosmobilia.ch\/de\/product\/schwarze-ledersessel-modell-cab-413-maxi-version-4-stueck-verfuegbar\/\">Read More &rarr;<\/a><\/p>\n","protected":false},"featured_media":85560,"template":"","meta":{"_monsterinsights_skip_tracking":false,"_monsterinsights_sitenote_active":false,"_monsterinsights_sitenote_note":"","_monsterinsights_sitenote_category":0,"kk_blocks_editor_width":"","_kiokenblocks_attr":"","_kiokenblocks_dimensions":""},"product_cat":[4106,4155],"product_tag":[10506],"class_list":{"0":"entry","1":"author-demosmobilia","2":"has-excerpt","3":"post-85444","4":"product","5":"type-product","6":"status-publish","7":"has-post-thumbnail","8":"product_production-cassina","9":"product_year-3330","10":"product_nation-italien-de","11":"product_cat-neuheiten","12":"product_cat-sessel-de","13":"product_tag-bellini-mario-de","14":"pa_product_dimension-68-x-58-x-sitzhohe-44-x-gesamthohe-80-cm","15":"pa_product_material-schwarzes-leder","17":"first","18":"instock","19":"shipping-taxable","20":"purchasable","21":"product-type-simple"},"yoast_head":"<!-- This site is optimized with the Yoast SEO plugin v24.0 - https:\/\/yoast.com\/wordpress\/plugins\/seo\/ -->\n<title>Schwarze Ledersessel, Modell Cab 413, MAXI-Version, 4 St\u00fcck verf\u00fcgbar &#8211; demosmobilia<\/title>\n<meta name=\"robots\" content=\"index, follow, max-snippet:-1, max-image-preview:large, max-video-preview:-1\" \/>\n<link rel=\"canonical\" href=\"https:\/\/www.demosmobilia.ch\/de\/product\/schwarze-ledersessel-modell-cab-413-maxi-version-4-stueck-verfuegbar\/\" \/>\n<meta property=\"og:locale\" content=\"de_DE\" \/>\n<meta property=\"og:type\" content=\"article\" \/>\n<meta property=\"og:title\" content=\"Schwarze Ledersessel, Modell Cab 413, MAXI-Version, 4 St\u00fcck verf\u00fcgbar &#8211; demosmobilia\" \/>\n<meta property=\"og:description\" content=\"Preis f\u00fcr ein St\u00fcckRead More &rarr;\" \/>\n<meta property=\"og:url\" content=\"https:\/\/www.demosmobilia.ch\/de\/product\/schwarze-ledersessel-modell-cab-413-maxi-version-4-stueck-verfuegbar\/\" \/>\n<meta property=\"og:site_name\" content=\"demosmobilia\" \/>\n<meta property=\"article:publisher\" content=\"https:\/\/www.facebook.com\/Demos-Mobilia-1137017453131445\/\" \/>\n<meta property=\"article:modified_time\" content=\"2026-02-03T14:38:57+00:00\" \/>\n<meta property=\"og:image\" content=\"https:\/\/www.demosmobilia.ch\/wp-content\/uploads\/2026\/02\/mario-bellini-cassina-poltroncine-cab414-cab413-1970-italian-design-01-1.jpg\" \/>\n\t<meta property=\"og:image:width\" content=\"1200\" \/>\n\t<meta property=\"og:image:height\" content=\"900\" \/>\n\t<meta property=\"og:image:type\" content=\"image\/jpeg\" \/>\n<meta name=\"twitter:card\" content=\"summary_large_image\" \/>\n<meta name=\"twitter:label1\" content=\"Gesch\u00e4tzte Lesezeit\" \/>\n\t<meta name=\"twitter:data1\" content=\"1\u00a0Minute\" \/>\n<script type=\"application\/ld+json\" class=\"yoast-schema-graph\">{\"@context\":\"https:\/\/schema.org\",\"@graph\":[{\"@type\":\"WebPage\",\"@id\":\"https:\/\/www.demosmobilia.ch\/de\/product\/schwarze-ledersessel-modell-cab-413-maxi-version-4-stueck-verfuegbar\/\",\"url\":\"https:\/\/www.demosmobilia.ch\/de\/product\/schwarze-ledersessel-modell-cab-413-maxi-version-4-stueck-verfuegbar\/\",\"name\":\"Schwarze Ledersessel, Modell Cab 413, MAXI-Version, 4 St\u00fcck verf\u00fcgbar &#8211; demosmobilia\",\"isPartOf\":{\"@id\":\"https:\/\/www.demosmobilia.ch\/de\/#website\"},\"primaryImageOfPage\":{\"@id\":\"https:\/\/www.demosmobilia.ch\/de\/product\/schwarze-ledersessel-modell-cab-413-maxi-version-4-stueck-verfuegbar\/#primaryimage\"},\"image\":{\"@id\":\"https:\/\/www.demosmobilia.ch\/de\/product\/schwarze-ledersessel-modell-cab-413-maxi-version-4-stueck-verfuegbar\/#primaryimage\"},\"thumbnailUrl\":\"https:\/\/www.demosmobilia.ch\/wp-content\/uploads\/2026\/02\/mario-bellini-cassina-poltroncine-cab414-cab413-1970-italian-design-01-1.jpg\",\"datePublished\":\"2026-02-02T05:45:19+00:00\",\"dateModified\":\"2026-02-03T14:38:57+00:00\",\"breadcrumb\":{\"@id\":\"https:\/\/www.demosmobilia.ch\/de\/product\/schwarze-ledersessel-modell-cab-413-maxi-version-4-stueck-verfuegbar\/#breadcrumb\"},\"inLanguage\":\"de\",\"potentialAction\":[{\"@type\":\"ReadAction\",\"target\":[\"https:\/\/www.demosmobilia.ch\/de\/product\/schwarze-ledersessel-modell-cab-413-maxi-version-4-stueck-verfuegbar\/\"]}]},{\"@type\":\"ImageObject\",\"inLanguage\":\"de\",\"@id\":\"https:\/\/www.demosmobilia.ch\/de\/product\/schwarze-ledersessel-modell-cab-413-maxi-version-4-stueck-verfuegbar\/#primaryimage\",\"url\":\"https:\/\/www.demosmobilia.ch\/wp-content\/uploads\/2026\/02\/mario-bellini-cassina-poltroncine-cab414-cab413-1970-italian-design-01-1.jpg\",\"contentUrl\":\"https:\/\/www.demosmobilia.ch\/wp-content\/uploads\/2026\/02\/mario-bellini-cassina-poltroncine-cab414-cab413-1970-italian-design-01-1.jpg\",\"width\":1200,\"height\":900},{\"@type\":\"BreadcrumbList\",\"@id\":\"https:\/\/www.demosmobilia.ch\/de\/product\/schwarze-ledersessel-modell-cab-413-maxi-version-4-stueck-verfuegbar\/#breadcrumb\",\"itemListElement\":[{\"@type\":\"ListItem\",\"position\":1,\"name\":\"Home\",\"item\":\"https:\/\/www.demosmobilia.ch\/de\/\"},{\"@type\":\"ListItem\",\"position\":2,\"name\":\"Produkte\",\"item\":\"https:\/\/www.demosmobilia.ch\/de\/shop\/\"},{\"@type\":\"ListItem\",\"position\":3,\"name\":\"Schwarze Ledersessel, Modell Cab 413, MAXI-Version, 4 St\u00fcck verf\u00fcgbar\"}]},{\"@type\":\"WebSite\",\"@id\":\"https:\/\/www.demosmobilia.ch\/de\/#website\",\"url\":\"https:\/\/www.demosmobilia.ch\/de\/\",\"name\":\"demosmobilia\",\"description\":\"Vintage Mid Century Modern Design Furniture from the &#039;30s to the &#039;80s\",\"publisher\":{\"@id\":\"https:\/\/www.demosmobilia.ch\/de\/#organization\"},\"potentialAction\":[{\"@type\":\"SearchAction\",\"target\":{\"@type\":\"EntryPoint\",\"urlTemplate\":\"https:\/\/www.demosmobilia.ch\/de\/?s={search_term_string}\"},\"query-input\":{\"@type\":\"PropertyValueSpecification\",\"valueRequired\":true,\"valueName\":\"search_term_string\"}}],\"inLanguage\":\"de\"},{\"@type\":\"Organization\",\"@id\":\"https:\/\/www.demosmobilia.ch\/de\/#organization\",\"name\":\"demosmobilia\",\"url\":\"https:\/\/www.demosmobilia.ch\/de\/\",\"logo\":{\"@type\":\"ImageObject\",\"inLanguage\":\"de\",\"@id\":\"https:\/\/www.demosmobilia.ch\/de\/#\/schema\/logo\/image\/\",\"url\":\"https:\/\/www.demosmobilia.ch\/wp-content\/uploads\/2020\/07\/demosmobilia-logo-2020-230-160.png\",\"contentUrl\":\"https:\/\/www.demosmobilia.ch\/wp-content\/uploads\/2020\/07\/demosmobilia-logo-2020-230-160.png\",\"width\":230,\"height\":160,\"caption\":\"demosmobilia\"},\"image\":{\"@id\":\"https:\/\/www.demosmobilia.ch\/de\/#\/schema\/logo\/image\/\"},\"sameAs\":[\"https:\/\/www.facebook.com\/Demos-Mobilia-1137017453131445\/\",\"https:\/\/www.instagram.com\/demosmobilia\/\"]}]}<\/script>\n<!-- \/ Yoast SEO plugin. -->","yoast_head_json":{"title":"Schwarze Ledersessel, Modell Cab 413, MAXI-Version, 4 St\u00fcck verf\u00fcgbar &#8211; demosmobilia","robots":{"index":"index","follow":"follow","max-snippet":"max-snippet:-1","max-image-preview":"max-image-preview:large","max-video-preview":"max-video-preview:-1"},"canonical":"https:\/\/www.demosmobilia.ch\/de\/product\/schwarze-ledersessel-modell-cab-413-maxi-version-4-stueck-verfuegbar\/","og_locale":"de_DE","og_type":"article","og_title":"Schwarze Ledersessel, Modell Cab 413, MAXI-Version, 4 St\u00fcck verf\u00fcgbar &#8211; demosmobilia","og_description":"Preis f\u00fcr ein St\u00fcckRead More &rarr;","og_url":"https:\/\/www.demosmobilia.ch\/de\/product\/schwarze-ledersessel-modell-cab-413-maxi-version-4-stueck-verfuegbar\/","og_site_name":"demosmobilia","article_publisher":"https:\/\/www.facebook.com\/Demos-Mobilia-1137017453131445\/","article_modified_time":"2026-02-03T14:38:57+00:00","og_image":[{"width":1200,"height":900,"url":"https:\/\/www.demosmobilia.ch\/wp-content\/uploads\/2026\/02\/mario-bellini-cassina-poltroncine-cab414-cab413-1970-italian-design-01-1.jpg","type":"image\/jpeg"}],"twitter_card":"summary_large_image","twitter_misc":{"Gesch\u00e4tzte Lesezeit":"1\u00a0Minute"},"schema":{"@context":"https:\/\/schema.org","@graph":[{"@type":"WebPage","@id":"https:\/\/www.demosmobilia.ch\/de\/product\/schwarze-ledersessel-modell-cab-413-maxi-version-4-stueck-verfuegbar\/","url":"https:\/\/www.demosmobilia.ch\/de\/product\/schwarze-ledersessel-modell-cab-413-maxi-version-4-stueck-verfuegbar\/","name":"Schwarze Ledersessel, Modell Cab 413, MAXI-Version, 4 St\u00fcck verf\u00fcgbar &#8211; demosmobilia","isPartOf":{"@id":"https:\/\/www.demosmobilia.ch\/de\/#website"},"primaryImageOfPage":{"@id":"https:\/\/www.demosmobilia.ch\/de\/product\/schwarze-ledersessel-modell-cab-413-maxi-version-4-stueck-verfuegbar\/#primaryimage"},"image":{"@id":"https:\/\/www.demosmobilia.ch\/de\/product\/schwarze-ledersessel-modell-cab-413-maxi-version-4-stueck-verfuegbar\/#primaryimage"},"thumbnailUrl":"https:\/\/www.demosmobilia.ch\/wp-content\/uploads\/2026\/02\/mario-bellini-cassina-poltroncine-cab414-cab413-1970-italian-design-01-1.jpg","datePublished":"2026-02-02T05:45:19+00:00","dateModified":"2026-02-03T14:38:57+00:00","breadcrumb":{"@id":"https:\/\/www.demosmobilia.ch\/de\/product\/schwarze-ledersessel-modell-cab-413-maxi-version-4-stueck-verfuegbar\/#breadcrumb"},"inLanguage":"de","potentialAction":[{"@type":"ReadAction","target":["https:\/\/www.demosmobilia.ch\/de\/product\/schwarze-ledersessel-modell-cab-413-maxi-version-4-stueck-verfuegbar\/"]}]},{"@type":"ImageObject","inLanguage":"de","@id":"https:\/\/www.demosmobilia.ch\/de\/product\/schwarze-ledersessel-modell-cab-413-maxi-version-4-stueck-verfuegbar\/#primaryimage","url":"https:\/\/www.demosmobilia.ch\/wp-content\/uploads\/2026\/02\/mario-bellini-cassina-poltroncine-cab414-cab413-1970-italian-design-01-1.jpg","contentUrl":"https:\/\/www.demosmobilia.ch\/wp-content\/uploads\/2026\/02\/mario-bellini-cassina-poltroncine-cab414-cab413-1970-italian-design-01-1.jpg","width":1200,"height":900},{"@type":"BreadcrumbList","@id":"https:\/\/www.demosmobilia.ch\/de\/product\/schwarze-ledersessel-modell-cab-413-maxi-version-4-stueck-verfuegbar\/#breadcrumb","itemListElement":[{"@type":"ListItem","position":1,"name":"Home","item":"https:\/\/www.demosmobilia.ch\/de\/"},{"@type":"ListItem","position":2,"name":"Produkte","item":"https:\/\/www.demosmobilia.ch\/de\/shop\/"},{"@type":"ListItem","position":3,"name":"Schwarze Ledersessel, Modell Cab 413, MAXI-Version, 4 St\u00fcck verf\u00fcgbar"}]},{"@type":"WebSite","@id":"https:\/\/www.demosmobilia.ch\/de\/#website","url":"https:\/\/www.demosmobilia.ch\/de\/","name":"demosmobilia","description":"Vintage Mid Century Modern Design Furniture from the &#039;30s to the &#039;80s","publisher":{"@id":"https:\/\/www.demosmobilia.ch\/de\/#organization"},"potentialAction":[{"@type":"SearchAction","target":{"@type":"EntryPoint","urlTemplate":"https:\/\/www.demosmobilia.ch\/de\/?s={search_term_string}"},"query-input":{"@type":"PropertyValueSpecification","valueRequired":true,"valueName":"search_term_string"}}],"inLanguage":"de"},{"@type":"Organization","@id":"https:\/\/www.demosmobilia.ch\/de\/#organization","name":"demosmobilia","url":"https:\/\/www.demosmobilia.ch\/de\/","logo":{"@type":"ImageObject","inLanguage":"de","@id":"https:\/\/www.demosmobilia.ch\/de\/#\/schema\/logo\/image\/","url":"https:\/\/www.demosmobilia.ch\/wp-content\/uploads\/2020\/07\/demosmobilia-logo-2020-230-160.png","contentUrl":"https:\/\/www.demosmobilia.ch\/wp-content\/uploads\/2020\/07\/demosmobilia-logo-2020-230-160.png","width":230,"height":160,"caption":"demosmobilia"},"image":{"@id":"https:\/\/www.demosmobilia.ch\/de\/#\/schema\/logo\/image\/"},"sameAs":["https:\/\/www.facebook.com\/Demos-Mobilia-1137017453131445\/","https:\/\/www.instagram.com\/demosmobilia\/"]}]}},"_links":{"self":[{"href":"https:\/\/www.demosmobilia.ch\/de\/wp-json\/wp\/v2\/product\/85444","targetHints":{"allow":["GET"]}}],"collection":[{"href":"https:\/\/www.demosmobilia.ch\/de\/wp-json\/wp\/v2\/product"}],"about":[{"href":"https:\/\/www.demosmobilia.ch\/de\/wp-json\/wp\/v2\/types\/product"}],"wp:featuredmedia":[{"embeddable":true,"href":"https:\/\/www.demosmobilia.ch\/de\/wp-json\/wp\/v2\/media\/85560"}],"wp:attachment":[{"href":"https:\/\/www.demosmobilia.ch\/de\/wp-json\/wp\/v2\/media?parent=85444"}],"wp:term":[{"taxonomy":"product_cat","embeddable":true,"href":"https:\/\/www.demosmobilia.ch\/de\/wp-json\/wp\/v2\/product_cat?post=85444"},{"taxonomy":"product_tag","embeddable":true,"href":"https:\/\/www.demosmobilia.ch\/de\/wp-json\/wp\/v2\/product_tag?post=85444"}],"curies":[{"name":"wp","href":"https:\/\/api.w.org\/{rel}","templated":true}]}}