{"id":85257,"date":"2026-02-02T07:20:02","date_gmt":"2026-02-02T06:20:02","guid":{"rendered":"https:\/\/www.demosmobilia.ch\/product\/geblasene-glaslampe-modell-saffo\/"},"modified":"2026-02-02T07:20:02","modified_gmt":"2026-02-02T06:20:02","slug":"geblasene-glaslampe-modell-saffo","status":"publish","type":"product","link":"https:\/\/www.demosmobilia.ch\/de\/product\/geblasene-glaslampe-modell-saffo\/","title":{"rendered":"Geblasene Glaslampe Modell Saffo"},"content":{"rendered":"<p data-start=\"161\" data-end=\"246\"><strong data-start=\"161\" data-end=\"244\">Angelo Mangiarotti \u2013 Italienischer Designer und Innovator von Glaslampen f\u00fcr Artemide<\/strong><\/p>\n<p data-start=\"248\" data-end=\"607\">Angelo Mangiarotti (1921\u20132012) war ein renommierter italienischer Architekt, Designer und Bildhauer, bekannt f\u00fcr seinen kreativen und pr\u00e4zisen Ansatz im Design, der Funktionalit\u00e4t, Form und Materialexperiment vereint. Nach seinem Abschluss am Politecnico di Milano entwickelte Mangiarotti eine einzigartige Designsprache, die sowohl in der Architektur als auch im Produktdesign Anwendung fand. <\/p>\n<p data-start=\"609\" data-end=\"1006\">Besonders hervorzuheben ist seine Arbeit im Bereich der Glaslampen, in denen er Transparenz, Leichtigkeit und skulpturale Formen erforschte und Licht als zentrales Element der Wohnumgebung einsetzte. In seiner Zusammenarbeit mit dem historischen italienischen Unternehmen Artemide entstanden ikonische Lampen, bei denen Glas harmonisch mit Metall und Holz kombiniert wird und zeitgen\u00f6ssisches Design, Eleganz und Funktionalit\u00e4t vereint. <\/p>\n<p data-start=\"1008\" data-end=\"1399\">Die Lampen Mangiarottis f\u00fcr Artemide spiegeln seine Aufmerksamkeit f\u00fcr Materialqualit\u00e4t, pr\u00e4zise Formen und gleichm\u00e4\u00dfige Lichtverteilung wider und sind sowohl f\u00fcr den t\u00e4glichen Gebrauch als auch bei Sammlern und Liebhabern italienischen Mid-Century- und zeitgen\u00f6ssischen Designs hoch gesch\u00e4tzt. Diese St\u00fccke gelten als hervorragende Beispiele des italienischen Beleuchtungsdesigns, in dem technische Innovation und \u00e4sthetische Sensibilit\u00e4t perfekt zusammenfinden. <\/p>\n","protected":false},"excerpt":{"rendered":"<p>Angelo Mangiarotti \u2013 Italienischer Designer und Innovator von Glaslampen f\u00fcr Artemide Angelo Mangiarotti (1921\u20132012) war ein renommierter italienischer Architekt, Designer und Bildhauer, bekannt f\u00fcr seinen kreativen und pr\u00e4zisen Ansatz im Design, der Funktionalit\u00e4t, Form und Materialexperiment vereint. Nach seinem Abschluss am Politecnico di Milano entwickelte Mangiarotti eine einzigartige Designsprache, die sowohl in der Architektur als auch im Produktdesign Anwendung fand. Besonders hervorzuheben ist seine Arbeit im Bereich der Glaslampen, in denen er Transparenz, Leichtigkeit und skulpturale Formen erforschte und Licht als zentrales Element der Wohnumgebung einsetzte. In seiner Zusammenarbeit mit dem historischen italienischen Unternehmen Artemide entstanden ikonische Lampen, bei denen Glas harmonisch mit Metall und<a class=\"more-link\" href=\"https:\/\/www.demosmobilia.ch\/de\/product\/geblasene-glaslampe-modell-saffo\/\">Read More &rarr;<\/a><\/p>\n","protected":false},"featured_media":85551,"template":"","meta":{"_monsterinsights_skip_tracking":false,"_monsterinsights_sitenote_active":false,"_monsterinsights_sitenote_note":"","_monsterinsights_sitenote_category":0,"kk_blocks_editor_width":"","_kiokenblocks_attr":"","_kiokenblocks_dimensions":""},"product_cat":[4106,4127],"product_tag":[6644],"class_list":{"0":"entry","1":"author-demosmobilia","2":"post-85257","3":"product","4":"type-product","5":"status-publish","6":"has-post-thumbnail","7":"product_production-artemide","8":"product_year-3352","9":"product_nation-italien-de","10":"product_cat-neuheiten","11":"product_cat-tischleuchten","12":"product_tag-mangiarotti-angelo-de","13":"pa_product_dimension-dia-21-x-ht-35-cm","14":"pa_product_material-geblasenes-glas-eloxiertes-aluminium","16":"first","17":"instock","18":"shipping-taxable","19":"purchasable","20":"product-type-simple"},"yoast_head":"<!-- This site is optimized with the Yoast SEO plugin v24.0 - https:\/\/yoast.com\/wordpress\/plugins\/seo\/ -->\n<title>Geblasene Glaslampe Modell Saffo &#8211; demosmobilia<\/title>\n<meta name=\"robots\" content=\"index, follow, max-snippet:-1, max-image-preview:large, max-video-preview:-1\" \/>\n<link rel=\"canonical\" href=\"https:\/\/www.demosmobilia.ch\/de\/product\/geblasene-glaslampe-modell-saffo\/\" \/>\n<meta property=\"og:locale\" content=\"de_DE\" \/>\n<meta property=\"og:type\" content=\"article\" \/>\n<meta property=\"og:title\" content=\"Geblasene Glaslampe Modell Saffo &#8211; demosmobilia\" \/>\n<meta property=\"og:description\" content=\"Angelo Mangiarotti \u2013 Italienischer Designer und Innovator von Glaslampen f\u00fcr Artemide Angelo Mangiarotti (1921\u20132012) war ein renommierter italienischer Architekt, Designer und Bildhauer, bekannt f\u00fcr seinen kreativen und pr\u00e4zisen Ansatz im Design, der Funktionalit\u00e4t, Form und Materialexperiment vereint. Nach seinem Abschluss am Politecnico di Milano entwickelte Mangiarotti eine einzigartige Designsprache, die sowohl in der Architektur als auch im Produktdesign Anwendung fand. Besonders hervorzuheben ist seine Arbeit im Bereich der Glaslampen, in denen er Transparenz, Leichtigkeit und skulpturale Formen erforschte und Licht als zentrales Element der Wohnumgebung einsetzte. In seiner Zusammenarbeit mit dem historischen italienischen Unternehmen Artemide entstanden ikonische Lampen, bei denen Glas harmonisch mit Metall undRead More &rarr;\" \/>\n<meta property=\"og:url\" content=\"https:\/\/www.demosmobilia.ch\/de\/product\/geblasene-glaslampe-modell-saffo\/\" \/>\n<meta property=\"og:site_name\" content=\"demosmobilia\" \/>\n<meta property=\"article:publisher\" content=\"https:\/\/www.facebook.com\/Demos-Mobilia-1137017453131445\/\" \/>\n<meta property=\"og:image\" content=\"https:\/\/www.demosmobilia.ch\/wp-content\/uploads\/2026\/02\/angelo-mangiarotti-saffo-table-lamp-artemide-1967-italian-design-01a.jpg\" \/>\n\t<meta property=\"og:image:width\" content=\"1200\" \/>\n\t<meta property=\"og:image:height\" content=\"900\" \/>\n\t<meta property=\"og:image:type\" content=\"image\/jpeg\" \/>\n<meta name=\"twitter:card\" content=\"summary_large_image\" \/>\n<meta name=\"twitter:label1\" content=\"Gesch\u00e4tzte Lesezeit\" \/>\n\t<meta name=\"twitter:data1\" content=\"1\u00a0Minute\" \/>\n<script type=\"application\/ld+json\" class=\"yoast-schema-graph\">{\"@context\":\"https:\/\/schema.org\",\"@graph\":[{\"@type\":\"WebPage\",\"@id\":\"https:\/\/www.demosmobilia.ch\/de\/product\/geblasene-glaslampe-modell-saffo\/\",\"url\":\"https:\/\/www.demosmobilia.ch\/de\/product\/geblasene-glaslampe-modell-saffo\/\",\"name\":\"Geblasene Glaslampe Modell Saffo &#8211; demosmobilia\",\"isPartOf\":{\"@id\":\"https:\/\/www.demosmobilia.ch\/de\/#website\"},\"primaryImageOfPage\":{\"@id\":\"https:\/\/www.demosmobilia.ch\/de\/product\/geblasene-glaslampe-modell-saffo\/#primaryimage\"},\"image\":{\"@id\":\"https:\/\/www.demosmobilia.ch\/de\/product\/geblasene-glaslampe-modell-saffo\/#primaryimage\"},\"thumbnailUrl\":\"https:\/\/www.demosmobilia.ch\/wp-content\/uploads\/2026\/02\/angelo-mangiarotti-saffo-table-lamp-artemide-1967-italian-design-01a-1.jpg\",\"datePublished\":\"2026-02-02T06:20:02+00:00\",\"dateModified\":\"2026-02-02T06:20:02+00:00\",\"breadcrumb\":{\"@id\":\"https:\/\/www.demosmobilia.ch\/de\/product\/geblasene-glaslampe-modell-saffo\/#breadcrumb\"},\"inLanguage\":\"de\",\"potentialAction\":[{\"@type\":\"ReadAction\",\"target\":[\"https:\/\/www.demosmobilia.ch\/de\/product\/geblasene-glaslampe-modell-saffo\/\"]}]},{\"@type\":\"ImageObject\",\"inLanguage\":\"de\",\"@id\":\"https:\/\/www.demosmobilia.ch\/de\/product\/geblasene-glaslampe-modell-saffo\/#primaryimage\",\"url\":\"https:\/\/www.demosmobilia.ch\/wp-content\/uploads\/2026\/02\/angelo-mangiarotti-saffo-table-lamp-artemide-1967-italian-design-01a-1.jpg\",\"contentUrl\":\"https:\/\/www.demosmobilia.ch\/wp-content\/uploads\/2026\/02\/angelo-mangiarotti-saffo-table-lamp-artemide-1967-italian-design-01a-1.jpg\",\"width\":1200,\"height\":900},{\"@type\":\"BreadcrumbList\",\"@id\":\"https:\/\/www.demosmobilia.ch\/de\/product\/geblasene-glaslampe-modell-saffo\/#breadcrumb\",\"itemListElement\":[{\"@type\":\"ListItem\",\"position\":1,\"name\":\"Home\",\"item\":\"https:\/\/www.demosmobilia.ch\/de\/\"},{\"@type\":\"ListItem\",\"position\":2,\"name\":\"Produkte\",\"item\":\"https:\/\/www.demosmobilia.ch\/de\/shop\/\"},{\"@type\":\"ListItem\",\"position\":3,\"name\":\"Geblasene Glaslampe Modell Saffo\"}]},{\"@type\":\"WebSite\",\"@id\":\"https:\/\/www.demosmobilia.ch\/de\/#website\",\"url\":\"https:\/\/www.demosmobilia.ch\/de\/\",\"name\":\"demosmobilia\",\"description\":\"Vintage Mid Century Modern Design Furniture from the &#039;30s to the &#039;80s\",\"publisher\":{\"@id\":\"https:\/\/www.demosmobilia.ch\/de\/#organization\"},\"potentialAction\":[{\"@type\":\"SearchAction\",\"target\":{\"@type\":\"EntryPoint\",\"urlTemplate\":\"https:\/\/www.demosmobilia.ch\/de\/?s={search_term_string}\"},\"query-input\":{\"@type\":\"PropertyValueSpecification\",\"valueRequired\":true,\"valueName\":\"search_term_string\"}}],\"inLanguage\":\"de\"},{\"@type\":\"Organization\",\"@id\":\"https:\/\/www.demosmobilia.ch\/de\/#organization\",\"name\":\"demosmobilia\",\"url\":\"https:\/\/www.demosmobilia.ch\/de\/\",\"logo\":{\"@type\":\"ImageObject\",\"inLanguage\":\"de\",\"@id\":\"https:\/\/www.demosmobilia.ch\/de\/#\/schema\/logo\/image\/\",\"url\":\"https:\/\/www.demosmobilia.ch\/wp-content\/uploads\/2020\/07\/demosmobilia-logo-2020-230-160.png\",\"contentUrl\":\"https:\/\/www.demosmobilia.ch\/wp-content\/uploads\/2020\/07\/demosmobilia-logo-2020-230-160.png\",\"width\":230,\"height\":160,\"caption\":\"demosmobilia\"},\"image\":{\"@id\":\"https:\/\/www.demosmobilia.ch\/de\/#\/schema\/logo\/image\/\"},\"sameAs\":[\"https:\/\/www.facebook.com\/Demos-Mobilia-1137017453131445\/\",\"https:\/\/www.instagram.com\/demosmobilia\/\"]}]}<\/script>\n<!-- \/ Yoast SEO plugin. -->","yoast_head_json":{"title":"Geblasene Glaslampe Modell Saffo &#8211; demosmobilia","robots":{"index":"index","follow":"follow","max-snippet":"max-snippet:-1","max-image-preview":"max-image-preview:large","max-video-preview":"max-video-preview:-1"},"canonical":"https:\/\/www.demosmobilia.ch\/de\/product\/geblasene-glaslampe-modell-saffo\/","og_locale":"de_DE","og_type":"article","og_title":"Geblasene Glaslampe Modell Saffo &#8211; demosmobilia","og_description":"Angelo Mangiarotti \u2013 Italienischer Designer und Innovator von Glaslampen f\u00fcr Artemide Angelo Mangiarotti (1921\u20132012) war ein renommierter italienischer Architekt, Designer und Bildhauer, bekannt f\u00fcr seinen kreativen und pr\u00e4zisen Ansatz im Design, der Funktionalit\u00e4t, Form und Materialexperiment vereint. Nach seinem Abschluss am Politecnico di Milano entwickelte Mangiarotti eine einzigartige Designsprache, die sowohl in der Architektur als auch im Produktdesign Anwendung fand. Besonders hervorzuheben ist seine Arbeit im Bereich der Glaslampen, in denen er Transparenz, Leichtigkeit und skulpturale Formen erforschte und Licht als zentrales Element der Wohnumgebung einsetzte. In seiner Zusammenarbeit mit dem historischen italienischen Unternehmen Artemide entstanden ikonische Lampen, bei denen Glas harmonisch mit Metall undRead More &rarr;","og_url":"https:\/\/www.demosmobilia.ch\/de\/product\/geblasene-glaslampe-modell-saffo\/","og_site_name":"demosmobilia","article_publisher":"https:\/\/www.facebook.com\/Demos-Mobilia-1137017453131445\/","og_image":[{"width":1200,"height":900,"url":"https:\/\/www.demosmobilia.ch\/wp-content\/uploads\/2026\/02\/angelo-mangiarotti-saffo-table-lamp-artemide-1967-italian-design-01a.jpg","type":"image\/jpeg"}],"twitter_card":"summary_large_image","twitter_misc":{"Gesch\u00e4tzte Lesezeit":"1\u00a0Minute"},"schema":{"@context":"https:\/\/schema.org","@graph":[{"@type":"WebPage","@id":"https:\/\/www.demosmobilia.ch\/de\/product\/geblasene-glaslampe-modell-saffo\/","url":"https:\/\/www.demosmobilia.ch\/de\/product\/geblasene-glaslampe-modell-saffo\/","name":"Geblasene Glaslampe Modell Saffo &#8211; demosmobilia","isPartOf":{"@id":"https:\/\/www.demosmobilia.ch\/de\/#website"},"primaryImageOfPage":{"@id":"https:\/\/www.demosmobilia.ch\/de\/product\/geblasene-glaslampe-modell-saffo\/#primaryimage"},"image":{"@id":"https:\/\/www.demosmobilia.ch\/de\/product\/geblasene-glaslampe-modell-saffo\/#primaryimage"},"thumbnailUrl":"https:\/\/www.demosmobilia.ch\/wp-content\/uploads\/2026\/02\/angelo-mangiarotti-saffo-table-lamp-artemide-1967-italian-design-01a-1.jpg","datePublished":"2026-02-02T06:20:02+00:00","dateModified":"2026-02-02T06:20:02+00:00","breadcrumb":{"@id":"https:\/\/www.demosmobilia.ch\/de\/product\/geblasene-glaslampe-modell-saffo\/#breadcrumb"},"inLanguage":"de","potentialAction":[{"@type":"ReadAction","target":["https:\/\/www.demosmobilia.ch\/de\/product\/geblasene-glaslampe-modell-saffo\/"]}]},{"@type":"ImageObject","inLanguage":"de","@id":"https:\/\/www.demosmobilia.ch\/de\/product\/geblasene-glaslampe-modell-saffo\/#primaryimage","url":"https:\/\/www.demosmobilia.ch\/wp-content\/uploads\/2026\/02\/angelo-mangiarotti-saffo-table-lamp-artemide-1967-italian-design-01a-1.jpg","contentUrl":"https:\/\/www.demosmobilia.ch\/wp-content\/uploads\/2026\/02\/angelo-mangiarotti-saffo-table-lamp-artemide-1967-italian-design-01a-1.jpg","width":1200,"height":900},{"@type":"BreadcrumbList","@id":"https:\/\/www.demosmobilia.ch\/de\/product\/geblasene-glaslampe-modell-saffo\/#breadcrumb","itemListElement":[{"@type":"ListItem","position":1,"name":"Home","item":"https:\/\/www.demosmobilia.ch\/de\/"},{"@type":"ListItem","position":2,"name":"Produkte","item":"https:\/\/www.demosmobilia.ch\/de\/shop\/"},{"@type":"ListItem","position":3,"name":"Geblasene Glaslampe Modell Saffo"}]},{"@type":"WebSite","@id":"https:\/\/www.demosmobilia.ch\/de\/#website","url":"https:\/\/www.demosmobilia.ch\/de\/","name":"demosmobilia","description":"Vintage Mid Century Modern Design Furniture from the &#039;30s to the &#039;80s","publisher":{"@id":"https:\/\/www.demosmobilia.ch\/de\/#organization"},"potentialAction":[{"@type":"SearchAction","target":{"@type":"EntryPoint","urlTemplate":"https:\/\/www.demosmobilia.ch\/de\/?s={search_term_string}"},"query-input":{"@type":"PropertyValueSpecification","valueRequired":true,"valueName":"search_term_string"}}],"inLanguage":"de"},{"@type":"Organization","@id":"https:\/\/www.demosmobilia.ch\/de\/#organization","name":"demosmobilia","url":"https:\/\/www.demosmobilia.ch\/de\/","logo":{"@type":"ImageObject","inLanguage":"de","@id":"https:\/\/www.demosmobilia.ch\/de\/#\/schema\/logo\/image\/","url":"https:\/\/www.demosmobilia.ch\/wp-content\/uploads\/2020\/07\/demosmobilia-logo-2020-230-160.png","contentUrl":"https:\/\/www.demosmobilia.ch\/wp-content\/uploads\/2020\/07\/demosmobilia-logo-2020-230-160.png","width":230,"height":160,"caption":"demosmobilia"},"image":{"@id":"https:\/\/www.demosmobilia.ch\/de\/#\/schema\/logo\/image\/"},"sameAs":["https:\/\/www.facebook.com\/Demos-Mobilia-1137017453131445\/","https:\/\/www.instagram.com\/demosmobilia\/"]}]}},"_links":{"self":[{"href":"https:\/\/www.demosmobilia.ch\/de\/wp-json\/wp\/v2\/product\/85257","targetHints":{"allow":["GET"]}}],"collection":[{"href":"https:\/\/www.demosmobilia.ch\/de\/wp-json\/wp\/v2\/product"}],"about":[{"href":"https:\/\/www.demosmobilia.ch\/de\/wp-json\/wp\/v2\/types\/product"}],"wp:featuredmedia":[{"embeddable":true,"href":"https:\/\/www.demosmobilia.ch\/de\/wp-json\/wp\/v2\/media\/85551"}],"wp:attachment":[{"href":"https:\/\/www.demosmobilia.ch\/de\/wp-json\/wp\/v2\/media?parent=85257"}],"wp:term":[{"taxonomy":"product_cat","embeddable":true,"href":"https:\/\/www.demosmobilia.ch\/de\/wp-json\/wp\/v2\/product_cat?post=85257"},{"taxonomy":"product_tag","embeddable":true,"href":"https:\/\/www.demosmobilia.ch\/de\/wp-json\/wp\/v2\/product_tag?post=85257"}],"curies":[{"name":"wp","href":"https:\/\/api.w.org\/{rel}","templated":true}]}}