{"id":85224,"date":"2026-02-02T08:45:20","date_gmt":"2026-02-02T07:45:20","guid":{"rendered":"https:\/\/www.demosmobilia.ch\/product\/emaillierte-metall-stehlampen-mit-sechseckigen-lampenschirmen\/"},"modified":"2026-02-02T08:45:20","modified_gmt":"2026-02-02T07:45:20","slug":"emaillierte-metall-stehlampen-mit-sechseckigen-lampenschirmen","status":"publish","type":"product","link":"https:\/\/www.demosmobilia.ch\/de\/product\/emaillierte-metall-stehlampen-mit-sechseckigen-lampenschirmen\/","title":{"rendered":"Emaillierte Metall-Stehlampen mit sechseckigen Lampenschirmen"},"content":{"rendered":"<p data-start=\"154\" data-end=\"239\"><strong data-start=\"154\" data-end=\"237\">Angelo Brotto und Emaille-Metall-Lampen f\u00fcr Esperia \u2013 Italienisches Design der 1950er Jahre<\/strong><\/p>\n<p data-start=\"241\" data-end=\"788\">In den 1950er Jahren war Italien ein Zentrum f\u00fcr kreatives Design und industrielle Handwerkskunst, und emaillierte Metalle geh\u00f6rten zu den elegantesten und innovativsten Techniken dieser Zeit. Eine der pr\u00e4gendsten Pers\u00f6nlichkeiten dieser Epoche war Angelo Brotto, Designer und Architekt, bekannt f\u00fcr seinen experimentellen Ansatz bei Licht und Materialien. F\u00fcr das traditionsreiche Unternehmen Esperia verband Brotto die Tradition des italienischen Emaille-Metalls mit seiner modernen Lampenvision und schuf ikonische St\u00fccke, die Funktionalit\u00e4t, Farbe und formale Leichtigkeit vereinen.  <\/p>\n<p data-start=\"790\" data-end=\"1254\">Brottos Lampen f\u00fcr Esperia zeigen eindrucksvoll, wie italienisches Design der 1950er Jahre Handwerk und Innovation zusammenf\u00fchrte. Dabei wurde emailliertes Metall nicht nur als Schutzbeschichtung, sondern als zentrales \u00e4sthetisches Element eingesetzt, das jedem Leuchtobjekt Glanz, Farbe und Charakter verleiht. Heute sind diese Arbeiten bei Sammlern von Vintage-Lampen und Liebhabern italienischen Designs sehr begehrt und stehen f\u00fcr die zeitlose Eleganz der Technik und die kreative Vision Brottos. <\/p>\n","protected":false},"excerpt":{"rendered":"<p>Angelo Brotto und Emaille-Metall-Lampen f\u00fcr Esperia \u2013 Italienisches Design der 1950er Jahre In den 1950er Jahren war Italien ein Zentrum f\u00fcr kreatives Design und industrielle Handwerkskunst, und emaillierte Metalle geh\u00f6rten zu den elegantesten und innovativsten Techniken dieser Zeit. Eine der pr\u00e4gendsten Pers\u00f6nlichkeiten dieser Epoche war Angelo Brotto, Designer und Architekt, bekannt f\u00fcr seinen experimentellen Ansatz bei Licht und Materialien. F\u00fcr das traditionsreiche Unternehmen Esperia verband Brotto die Tradition des italienischen Emaille-Metalls mit seiner modernen Lampenvision und schuf ikonische St\u00fccke, die Funktionalit\u00e4t, Farbe und formale Leichtigkeit vereinen. Brottos Lampen f\u00fcr Esperia zeigen eindrucksvoll, wie italienisches Design der 1950er Jahre Handwerk und Innovation zusammenf\u00fchrte. Dabei wurde emailliertes<a class=\"more-link\" href=\"https:\/\/www.demosmobilia.ch\/de\/product\/emaillierte-metall-stehlampen-mit-sechseckigen-lampenschirmen\/\">Read More &rarr;<\/a><\/p>\n","protected":false},"featured_media":85187,"template":"","meta":{"_monsterinsights_skip_tracking":false,"_monsterinsights_sitenote_active":false,"_monsterinsights_sitenote_note":"","_monsterinsights_sitenote_category":0,"kk_blocks_editor_width":"","_kiokenblocks_attr":"","_kiokenblocks_dimensions":""},"product_cat":[4106,4124],"product_tag":[7955],"class_list":{"0":"entry","1":"author-demosmobilia","2":"post-85224","3":"product","4":"type-product","5":"status-publish","6":"has-post-thumbnail","7":"product_production-esperia","8":"product_year-1950-approx","9":"product_nation-italien-de","10":"product_cat-neuheiten","11":"product_cat-stehleuchten","12":"product_tag-angelo-brotto-zugeschrieben","13":"pa_product_dimension-28-x-25-x-ht-148-cm","14":"pa_product_material-lackiertes-metall-emailliertes-metall-messing-original-lampenschirm-aus-rohseide-gesamtbetrag","16":"first","17":"instock","18":"shipping-taxable","19":"purchasable","20":"product-type-simple"},"yoast_head":"<!-- This site is optimized with the Yoast SEO plugin v24.0 - https:\/\/yoast.com\/wordpress\/plugins\/seo\/ -->\n<title>Emaillierte Metall-Stehlampen mit sechseckigen Lampenschirmen &#8211; demosmobilia<\/title>\n<meta name=\"robots\" content=\"index, follow, max-snippet:-1, max-image-preview:large, max-video-preview:-1\" \/>\n<link rel=\"canonical\" href=\"https:\/\/www.demosmobilia.ch\/de\/product\/emaillierte-metall-stehlampen-mit-sechseckigen-lampenschirmen\/\" \/>\n<meta property=\"og:locale\" content=\"de_DE\" \/>\n<meta property=\"og:type\" content=\"article\" \/>\n<meta property=\"og:title\" content=\"Emaillierte Metall-Stehlampen mit sechseckigen Lampenschirmen &#8211; demosmobilia\" \/>\n<meta property=\"og:description\" content=\"Angelo Brotto und Emaille-Metall-Lampen f\u00fcr Esperia \u2013 Italienisches Design der 1950er Jahre In den 1950er Jahren war Italien ein Zentrum f\u00fcr kreatives Design und industrielle Handwerkskunst, und emaillierte Metalle geh\u00f6rten zu den elegantesten und innovativsten Techniken dieser Zeit. Eine der pr\u00e4gendsten Pers\u00f6nlichkeiten dieser Epoche war Angelo Brotto, Designer und Architekt, bekannt f\u00fcr seinen experimentellen Ansatz bei Licht und Materialien. F\u00fcr das traditionsreiche Unternehmen Esperia verband Brotto die Tradition des italienischen Emaille-Metalls mit seiner modernen Lampenvision und schuf ikonische St\u00fccke, die Funktionalit\u00e4t, Farbe und formale Leichtigkeit vereinen. Brottos Lampen f\u00fcr Esperia zeigen eindrucksvoll, wie italienisches Design der 1950er Jahre Handwerk und Innovation zusammenf\u00fchrte. Dabei wurde emailliertesRead More &rarr;\" \/>\n<meta property=\"og:url\" content=\"https:\/\/www.demosmobilia.ch\/de\/product\/emaillierte-metall-stehlampen-mit-sechseckigen-lampenschirmen\/\" \/>\n<meta property=\"og:site_name\" content=\"demosmobilia\" \/>\n<meta property=\"article:publisher\" content=\"https:\/\/www.facebook.com\/Demos-Mobilia-1137017453131445\/\" \/>\n<meta property=\"og:image\" content=\"https:\/\/www.demosmobilia.ch\/wp-content\/uploads\/2026\/02\/esperia-angelo-brotto-enameled-metal-floor-light-1950-italy-01.jpg\" \/>\n\t<meta property=\"og:image:width\" content=\"1200\" \/>\n\t<meta property=\"og:image:height\" content=\"900\" \/>\n\t<meta property=\"og:image:type\" content=\"image\/jpeg\" \/>\n<meta name=\"twitter:card\" content=\"summary_large_image\" \/>\n<meta name=\"twitter:label1\" content=\"Gesch\u00e4tzte Lesezeit\" \/>\n\t<meta name=\"twitter:data1\" content=\"1\u00a0Minute\" \/>\n<script type=\"application\/ld+json\" class=\"yoast-schema-graph\">{\"@context\":\"https:\/\/schema.org\",\"@graph\":[{\"@type\":\"WebPage\",\"@id\":\"https:\/\/www.demosmobilia.ch\/de\/product\/emaillierte-metall-stehlampen-mit-sechseckigen-lampenschirmen\/\",\"url\":\"https:\/\/www.demosmobilia.ch\/de\/product\/emaillierte-metall-stehlampen-mit-sechseckigen-lampenschirmen\/\",\"name\":\"Emaillierte Metall-Stehlampen mit sechseckigen Lampenschirmen &#8211; demosmobilia\",\"isPartOf\":{\"@id\":\"https:\/\/www.demosmobilia.ch\/de\/#website\"},\"primaryImageOfPage\":{\"@id\":\"https:\/\/www.demosmobilia.ch\/de\/product\/emaillierte-metall-stehlampen-mit-sechseckigen-lampenschirmen\/#primaryimage\"},\"image\":{\"@id\":\"https:\/\/www.demosmobilia.ch\/de\/product\/emaillierte-metall-stehlampen-mit-sechseckigen-lampenschirmen\/#primaryimage\"},\"thumbnailUrl\":\"https:\/\/www.demosmobilia.ch\/wp-content\/uploads\/2026\/02\/esperia-angelo-brotto-enameled-metal-floor-light-1950-italy-01.jpg\",\"datePublished\":\"2026-02-02T07:45:20+00:00\",\"dateModified\":\"2026-02-02T07:45:20+00:00\",\"breadcrumb\":{\"@id\":\"https:\/\/www.demosmobilia.ch\/de\/product\/emaillierte-metall-stehlampen-mit-sechseckigen-lampenschirmen\/#breadcrumb\"},\"inLanguage\":\"de\",\"potentialAction\":[{\"@type\":\"ReadAction\",\"target\":[\"https:\/\/www.demosmobilia.ch\/de\/product\/emaillierte-metall-stehlampen-mit-sechseckigen-lampenschirmen\/\"]}]},{\"@type\":\"ImageObject\",\"inLanguage\":\"de\",\"@id\":\"https:\/\/www.demosmobilia.ch\/de\/product\/emaillierte-metall-stehlampen-mit-sechseckigen-lampenschirmen\/#primaryimage\",\"url\":\"https:\/\/www.demosmobilia.ch\/wp-content\/uploads\/2026\/02\/esperia-angelo-brotto-enameled-metal-floor-light-1950-italy-01.jpg\",\"contentUrl\":\"https:\/\/www.demosmobilia.ch\/wp-content\/uploads\/2026\/02\/esperia-angelo-brotto-enameled-metal-floor-light-1950-italy-01.jpg\",\"width\":1200,\"height\":900},{\"@type\":\"BreadcrumbList\",\"@id\":\"https:\/\/www.demosmobilia.ch\/de\/product\/emaillierte-metall-stehlampen-mit-sechseckigen-lampenschirmen\/#breadcrumb\",\"itemListElement\":[{\"@type\":\"ListItem\",\"position\":1,\"name\":\"Home\",\"item\":\"https:\/\/www.demosmobilia.ch\/de\/\"},{\"@type\":\"ListItem\",\"position\":2,\"name\":\"Produkte\",\"item\":\"https:\/\/www.demosmobilia.ch\/de\/shop\/\"},{\"@type\":\"ListItem\",\"position\":3,\"name\":\"Emaillierte Metall-Stehlampen mit sechseckigen Lampenschirmen\"}]},{\"@type\":\"WebSite\",\"@id\":\"https:\/\/www.demosmobilia.ch\/de\/#website\",\"url\":\"https:\/\/www.demosmobilia.ch\/de\/\",\"name\":\"demosmobilia\",\"description\":\"Vintage Mid Century Modern Design Furniture from the &#039;30s to the &#039;80s\",\"publisher\":{\"@id\":\"https:\/\/www.demosmobilia.ch\/de\/#organization\"},\"potentialAction\":[{\"@type\":\"SearchAction\",\"target\":{\"@type\":\"EntryPoint\",\"urlTemplate\":\"https:\/\/www.demosmobilia.ch\/de\/?s={search_term_string}\"},\"query-input\":{\"@type\":\"PropertyValueSpecification\",\"valueRequired\":true,\"valueName\":\"search_term_string\"}}],\"inLanguage\":\"de\"},{\"@type\":\"Organization\",\"@id\":\"https:\/\/www.demosmobilia.ch\/de\/#organization\",\"name\":\"demosmobilia\",\"url\":\"https:\/\/www.demosmobilia.ch\/de\/\",\"logo\":{\"@type\":\"ImageObject\",\"inLanguage\":\"de\",\"@id\":\"https:\/\/www.demosmobilia.ch\/de\/#\/schema\/logo\/image\/\",\"url\":\"https:\/\/www.demosmobilia.ch\/wp-content\/uploads\/2020\/07\/demosmobilia-logo-2020-230-160.png\",\"contentUrl\":\"https:\/\/www.demosmobilia.ch\/wp-content\/uploads\/2020\/07\/demosmobilia-logo-2020-230-160.png\",\"width\":230,\"height\":160,\"caption\":\"demosmobilia\"},\"image\":{\"@id\":\"https:\/\/www.demosmobilia.ch\/de\/#\/schema\/logo\/image\/\"},\"sameAs\":[\"https:\/\/www.facebook.com\/Demos-Mobilia-1137017453131445\/\",\"https:\/\/www.instagram.com\/demosmobilia\/\"]}]}<\/script>\n<!-- \/ Yoast SEO plugin. -->","yoast_head_json":{"title":"Emaillierte Metall-Stehlampen mit sechseckigen Lampenschirmen &#8211; demosmobilia","robots":{"index":"index","follow":"follow","max-snippet":"max-snippet:-1","max-image-preview":"max-image-preview:large","max-video-preview":"max-video-preview:-1"},"canonical":"https:\/\/www.demosmobilia.ch\/de\/product\/emaillierte-metall-stehlampen-mit-sechseckigen-lampenschirmen\/","og_locale":"de_DE","og_type":"article","og_title":"Emaillierte Metall-Stehlampen mit sechseckigen Lampenschirmen &#8211; demosmobilia","og_description":"Angelo Brotto und Emaille-Metall-Lampen f\u00fcr Esperia \u2013 Italienisches Design der 1950er Jahre In den 1950er Jahren war Italien ein Zentrum f\u00fcr kreatives Design und industrielle Handwerkskunst, und emaillierte Metalle geh\u00f6rten zu den elegantesten und innovativsten Techniken dieser Zeit. Eine der pr\u00e4gendsten Pers\u00f6nlichkeiten dieser Epoche war Angelo Brotto, Designer und Architekt, bekannt f\u00fcr seinen experimentellen Ansatz bei Licht und Materialien. F\u00fcr das traditionsreiche Unternehmen Esperia verband Brotto die Tradition des italienischen Emaille-Metalls mit seiner modernen Lampenvision und schuf ikonische St\u00fccke, die Funktionalit\u00e4t, Farbe und formale Leichtigkeit vereinen. Brottos Lampen f\u00fcr Esperia zeigen eindrucksvoll, wie italienisches Design der 1950er Jahre Handwerk und Innovation zusammenf\u00fchrte. Dabei wurde emailliertesRead More &rarr;","og_url":"https:\/\/www.demosmobilia.ch\/de\/product\/emaillierte-metall-stehlampen-mit-sechseckigen-lampenschirmen\/","og_site_name":"demosmobilia","article_publisher":"https:\/\/www.facebook.com\/Demos-Mobilia-1137017453131445\/","og_image":[{"width":1200,"height":900,"url":"https:\/\/www.demosmobilia.ch\/wp-content\/uploads\/2026\/02\/esperia-angelo-brotto-enameled-metal-floor-light-1950-italy-01.jpg","type":"image\/jpeg"}],"twitter_card":"summary_large_image","twitter_misc":{"Gesch\u00e4tzte Lesezeit":"1\u00a0Minute"},"schema":{"@context":"https:\/\/schema.org","@graph":[{"@type":"WebPage","@id":"https:\/\/www.demosmobilia.ch\/de\/product\/emaillierte-metall-stehlampen-mit-sechseckigen-lampenschirmen\/","url":"https:\/\/www.demosmobilia.ch\/de\/product\/emaillierte-metall-stehlampen-mit-sechseckigen-lampenschirmen\/","name":"Emaillierte Metall-Stehlampen mit sechseckigen Lampenschirmen &#8211; demosmobilia","isPartOf":{"@id":"https:\/\/www.demosmobilia.ch\/de\/#website"},"primaryImageOfPage":{"@id":"https:\/\/www.demosmobilia.ch\/de\/product\/emaillierte-metall-stehlampen-mit-sechseckigen-lampenschirmen\/#primaryimage"},"image":{"@id":"https:\/\/www.demosmobilia.ch\/de\/product\/emaillierte-metall-stehlampen-mit-sechseckigen-lampenschirmen\/#primaryimage"},"thumbnailUrl":"https:\/\/www.demosmobilia.ch\/wp-content\/uploads\/2026\/02\/esperia-angelo-brotto-enameled-metal-floor-light-1950-italy-01.jpg","datePublished":"2026-02-02T07:45:20+00:00","dateModified":"2026-02-02T07:45:20+00:00","breadcrumb":{"@id":"https:\/\/www.demosmobilia.ch\/de\/product\/emaillierte-metall-stehlampen-mit-sechseckigen-lampenschirmen\/#breadcrumb"},"inLanguage":"de","potentialAction":[{"@type":"ReadAction","target":["https:\/\/www.demosmobilia.ch\/de\/product\/emaillierte-metall-stehlampen-mit-sechseckigen-lampenschirmen\/"]}]},{"@type":"ImageObject","inLanguage":"de","@id":"https:\/\/www.demosmobilia.ch\/de\/product\/emaillierte-metall-stehlampen-mit-sechseckigen-lampenschirmen\/#primaryimage","url":"https:\/\/www.demosmobilia.ch\/wp-content\/uploads\/2026\/02\/esperia-angelo-brotto-enameled-metal-floor-light-1950-italy-01.jpg","contentUrl":"https:\/\/www.demosmobilia.ch\/wp-content\/uploads\/2026\/02\/esperia-angelo-brotto-enameled-metal-floor-light-1950-italy-01.jpg","width":1200,"height":900},{"@type":"BreadcrumbList","@id":"https:\/\/www.demosmobilia.ch\/de\/product\/emaillierte-metall-stehlampen-mit-sechseckigen-lampenschirmen\/#breadcrumb","itemListElement":[{"@type":"ListItem","position":1,"name":"Home","item":"https:\/\/www.demosmobilia.ch\/de\/"},{"@type":"ListItem","position":2,"name":"Produkte","item":"https:\/\/www.demosmobilia.ch\/de\/shop\/"},{"@type":"ListItem","position":3,"name":"Emaillierte Metall-Stehlampen mit sechseckigen Lampenschirmen"}]},{"@type":"WebSite","@id":"https:\/\/www.demosmobilia.ch\/de\/#website","url":"https:\/\/www.demosmobilia.ch\/de\/","name":"demosmobilia","description":"Vintage Mid Century Modern Design Furniture from the &#039;30s to the &#039;80s","publisher":{"@id":"https:\/\/www.demosmobilia.ch\/de\/#organization"},"potentialAction":[{"@type":"SearchAction","target":{"@type":"EntryPoint","urlTemplate":"https:\/\/www.demosmobilia.ch\/de\/?s={search_term_string}"},"query-input":{"@type":"PropertyValueSpecification","valueRequired":true,"valueName":"search_term_string"}}],"inLanguage":"de"},{"@type":"Organization","@id":"https:\/\/www.demosmobilia.ch\/de\/#organization","name":"demosmobilia","url":"https:\/\/www.demosmobilia.ch\/de\/","logo":{"@type":"ImageObject","inLanguage":"de","@id":"https:\/\/www.demosmobilia.ch\/de\/#\/schema\/logo\/image\/","url":"https:\/\/www.demosmobilia.ch\/wp-content\/uploads\/2020\/07\/demosmobilia-logo-2020-230-160.png","contentUrl":"https:\/\/www.demosmobilia.ch\/wp-content\/uploads\/2020\/07\/demosmobilia-logo-2020-230-160.png","width":230,"height":160,"caption":"demosmobilia"},"image":{"@id":"https:\/\/www.demosmobilia.ch\/de\/#\/schema\/logo\/image\/"},"sameAs":["https:\/\/www.facebook.com\/Demos-Mobilia-1137017453131445\/","https:\/\/www.instagram.com\/demosmobilia\/"]}]}},"_links":{"self":[{"href":"https:\/\/www.demosmobilia.ch\/de\/wp-json\/wp\/v2\/product\/85224","targetHints":{"allow":["GET"]}}],"collection":[{"href":"https:\/\/www.demosmobilia.ch\/de\/wp-json\/wp\/v2\/product"}],"about":[{"href":"https:\/\/www.demosmobilia.ch\/de\/wp-json\/wp\/v2\/types\/product"}],"wp:featuredmedia":[{"embeddable":true,"href":"https:\/\/www.demosmobilia.ch\/de\/wp-json\/wp\/v2\/media\/85187"}],"wp:attachment":[{"href":"https:\/\/www.demosmobilia.ch\/de\/wp-json\/wp\/v2\/media?parent=85224"}],"wp:term":[{"taxonomy":"product_cat","embeddable":true,"href":"https:\/\/www.demosmobilia.ch\/de\/wp-json\/wp\/v2\/product_cat?post=85224"},{"taxonomy":"product_tag","embeddable":true,"href":"https:\/\/www.demosmobilia.ch\/de\/wp-json\/wp\/v2\/product_tag?post=85224"}],"curies":[{"name":"wp","href":"https:\/\/api.w.org\/{rel}","templated":true}]}}