{"id":85147,"date":"2026-02-24T08:45:42","date_gmt":"2026-02-24T07:45:42","guid":{"rendered":"https:\/\/www.demosmobilia.ch\/product\/zwei-abatjours-mit-wiener-strohlampenschirmen\/"},"modified":"2026-02-02T08:30:42","modified_gmt":"2026-02-02T07:30:42","slug":"zwei-abatjours-mit-wiener-strohlampenschirmen","status":"publish","type":"product","link":"https:\/\/www.demosmobilia.ch\/de\/product\/zwei-abatjours-mit-wiener-strohlampenschirmen\/","title":{"rendered":"Zwei Abatjours mit Wiener Strohlampenschirmen"},"content":{"rendered":"<p>Josef Frank: \u00d6sterreichisch-Schwedischer Designer und Pionier des Modernen Designs<\/p>\n<p data-start=\"196\" data-end=\"566\">Josef Frank (1885\u20131967) war ein hoch einflussreicher \u00f6sterreichisch-schwedischer Architekt und Designer des 20. Jahrhunderts, bekannt f\u00fcr seinen innovativen Ansatz, der Funktionalit\u00e4t, Eleganz und kr\u00e4ftige Farben vereinte. Seine Designphilosophie legte besonderen Wert auf Komfort und Lebendigkeit, brach mit dem strikten Minimalismus seiner Zeit und antizipierte Trends im modernen europ\u00e4ischen Design. <\/p>\n<p data-start=\"568\" data-end=\"945\">Frank arbeitete eng mit dem renommierten schwedischen Unternehmen Svenskt Tenn, gegr\u00fcndet von Estrid Ericson, zusammen, wo er Lampen, M\u00f6bel und dekorative Textilien entwarf. Seine Lampen wurden in Schweden handgefertigt und kombinierten oft Metall und Glas, was seinen unverwechselbaren Stil mit eleganten Linien, dekorativen Motiven und einem innovativen Umgang mit Licht und Raum widerspiegelte. <\/p>\n<p data-start=\"947\" data-end=\"1278\">Das Werk von Josef Frank hat die Welt der Innenarchitektur und modernen M\u00f6belgestaltung nachhaltig gepr\u00e4gt. Seine Kreationen sind weltweit bei Sammlern, Designern und Beleuchtungsenthusiasten hoch gesch\u00e4tzt. Seine Lampen und M\u00f6bel verk\u00f6rpern bis heute die perfekte Balance zwischen Funktionalit\u00e4t, \u00c4sthetik und Handwerkskunst. <\/p>\n","protected":false},"excerpt":{"rendered":"<p>Josef Frank: \u00d6sterreichisch-Schwedischer Designer und Pionier des Modernen Designs Josef Frank (1885\u20131967) war ein hoch einflussreicher \u00f6sterreichisch-schwedischer Architekt und Designer des 20. Jahrhunderts, bekannt f\u00fcr seinen innovativen Ansatz, der Funktionalit\u00e4t, Eleganz und kr\u00e4ftige Farben vereinte. Seine Designphilosophie legte besonderen Wert auf Komfort und Lebendigkeit, brach mit dem strikten Minimalismus seiner Zeit und antizipierte Trends im modernen europ\u00e4ischen Design. Frank arbeitete eng mit dem renommierten schwedischen Unternehmen Svenskt Tenn, gegr\u00fcndet von Estrid Ericson, zusammen, wo er Lampen, M\u00f6bel und dekorative Textilien entwarf. Seine Lampen wurden in Schweden handgefertigt und kombinierten oft Metall und Glas, was seinen unverwechselbaren Stil mit eleganten Linien, dekorativen Motiven und einem innovativen<a class=\"more-link\" href=\"https:\/\/www.demosmobilia.ch\/de\/product\/zwei-abatjours-mit-wiener-strohlampenschirmen\/\">Read More &rarr;<\/a><\/p>\n","protected":false},"featured_media":85124,"template":"","meta":{"_monsterinsights_skip_tracking":false,"_monsterinsights_sitenote_active":false,"_monsterinsights_sitenote_note":"","_monsterinsights_sitenote_category":0,"kk_blocks_editor_width":"","_kiokenblocks_attr":"","_kiokenblocks_dimensions":""},"product_cat":[4106,4127],"product_tag":[9618],"class_list":{"0":"entry","1":"author-demosmobilia","2":"post-85147","3":"product","4":"type-product","5":"status-publish","6":"has-post-thumbnail","7":"product_production-svenskt-tenn","8":"product_year-1950-approx","9":"product_nation-schweden","10":"product_cat-neuheiten","11":"product_cat-tischleuchten","12":"product_tag-frank-josef-de","13":"pa_product_dimension-13-x-20-x-ht-22-39-cm","14":"pa_product_material-messing-wiener-stroh","16":"first","17":"outofstock","18":"shipping-taxable","19":"purchasable","20":"product-type-simple"},"yoast_head":"<!-- This site is optimized with the Yoast SEO plugin v24.0 - https:\/\/yoast.com\/wordpress\/plugins\/seo\/ -->\n<title>Zwei Abatjours mit Wiener Strohlampenschirmen &#8211; demosmobilia<\/title>\n<meta name=\"robots\" content=\"index, follow, max-snippet:-1, max-image-preview:large, max-video-preview:-1\" \/>\n<link rel=\"canonical\" href=\"https:\/\/www.demosmobilia.ch\/de\/product\/zwei-abatjours-mit-wiener-strohlampenschirmen\/\" \/>\n<meta property=\"og:locale\" content=\"de_DE\" \/>\n<meta property=\"og:type\" content=\"article\" \/>\n<meta property=\"og:title\" content=\"Zwei Abatjours mit Wiener Strohlampenschirmen &#8211; demosmobilia\" \/>\n<meta property=\"og:description\" content=\"Josef Frank: \u00d6sterreichisch-Schwedischer Designer und Pionier des Modernen Designs Josef Frank (1885\u20131967) war ein hoch einflussreicher \u00f6sterreichisch-schwedischer Architekt und Designer des 20. Jahrhunderts, bekannt f\u00fcr seinen innovativen Ansatz, der Funktionalit\u00e4t, Eleganz und kr\u00e4ftige Farben vereinte. Seine Designphilosophie legte besonderen Wert auf Komfort und Lebendigkeit, brach mit dem strikten Minimalismus seiner Zeit und antizipierte Trends im modernen europ\u00e4ischen Design. Frank arbeitete eng mit dem renommierten schwedischen Unternehmen Svenskt Tenn, gegr\u00fcndet von Estrid Ericson, zusammen, wo er Lampen, M\u00f6bel und dekorative Textilien entwarf. Seine Lampen wurden in Schweden handgefertigt und kombinierten oft Metall und Glas, was seinen unverwechselbaren Stil mit eleganten Linien, dekorativen Motiven und einem innovativenRead More &rarr;\" \/>\n<meta property=\"og:url\" content=\"https:\/\/www.demosmobilia.ch\/de\/product\/zwei-abatjours-mit-wiener-strohlampenschirmen\/\" \/>\n<meta property=\"og:site_name\" content=\"demosmobilia\" \/>\n<meta property=\"article:publisher\" content=\"https:\/\/www.facebook.com\/Demos-Mobilia-1137017453131445\/\" \/>\n<meta property=\"article:modified_time\" content=\"2026-02-02T07:30:42+00:00\" \/>\n<meta property=\"og:image\" content=\"https:\/\/www.demosmobilia.ch\/wp-content\/uploads\/2026\/02\/josef-frank-abatjour-brass-straw-tablelamp-1950-01.jpg\" \/>\n\t<meta property=\"og:image:width\" content=\"1200\" \/>\n\t<meta property=\"og:image:height\" content=\"900\" \/>\n\t<meta property=\"og:image:type\" content=\"image\/jpeg\" \/>\n<meta name=\"twitter:card\" content=\"summary_large_image\" \/>\n<meta name=\"twitter:label1\" content=\"Gesch\u00e4tzte Lesezeit\" \/>\n\t<meta name=\"twitter:data1\" content=\"1\u00a0Minute\" \/>\n<script type=\"application\/ld+json\" class=\"yoast-schema-graph\">{\"@context\":\"https:\/\/schema.org\",\"@graph\":[{\"@type\":\"WebPage\",\"@id\":\"https:\/\/www.demosmobilia.ch\/de\/product\/zwei-abatjours-mit-wiener-strohlampenschirmen\/\",\"url\":\"https:\/\/www.demosmobilia.ch\/de\/product\/zwei-abatjours-mit-wiener-strohlampenschirmen\/\",\"name\":\"Zwei Abatjours mit Wiener Strohlampenschirmen &#8211; demosmobilia\",\"isPartOf\":{\"@id\":\"https:\/\/www.demosmobilia.ch\/de\/#website\"},\"primaryImageOfPage\":{\"@id\":\"https:\/\/www.demosmobilia.ch\/de\/product\/zwei-abatjours-mit-wiener-strohlampenschirmen\/#primaryimage\"},\"image\":{\"@id\":\"https:\/\/www.demosmobilia.ch\/de\/product\/zwei-abatjours-mit-wiener-strohlampenschirmen\/#primaryimage\"},\"thumbnailUrl\":\"https:\/\/www.demosmobilia.ch\/wp-content\/uploads\/2026\/02\/josef-frank-abatjour-brass-straw-tablelamp-1950-01.jpg\",\"datePublished\":\"2026-02-24T07:45:42+00:00\",\"dateModified\":\"2026-02-02T07:30:42+00:00\",\"breadcrumb\":{\"@id\":\"https:\/\/www.demosmobilia.ch\/de\/product\/zwei-abatjours-mit-wiener-strohlampenschirmen\/#breadcrumb\"},\"inLanguage\":\"de\",\"potentialAction\":[{\"@type\":\"ReadAction\",\"target\":[\"https:\/\/www.demosmobilia.ch\/de\/product\/zwei-abatjours-mit-wiener-strohlampenschirmen\/\"]}]},{\"@type\":\"ImageObject\",\"inLanguage\":\"de\",\"@id\":\"https:\/\/www.demosmobilia.ch\/de\/product\/zwei-abatjours-mit-wiener-strohlampenschirmen\/#primaryimage\",\"url\":\"https:\/\/www.demosmobilia.ch\/wp-content\/uploads\/2026\/02\/josef-frank-abatjour-brass-straw-tablelamp-1950-01.jpg\",\"contentUrl\":\"https:\/\/www.demosmobilia.ch\/wp-content\/uploads\/2026\/02\/josef-frank-abatjour-brass-straw-tablelamp-1950-01.jpg\",\"width\":1200,\"height\":900},{\"@type\":\"BreadcrumbList\",\"@id\":\"https:\/\/www.demosmobilia.ch\/de\/product\/zwei-abatjours-mit-wiener-strohlampenschirmen\/#breadcrumb\",\"itemListElement\":[{\"@type\":\"ListItem\",\"position\":1,\"name\":\"Home\",\"item\":\"https:\/\/www.demosmobilia.ch\/de\/\"},{\"@type\":\"ListItem\",\"position\":2,\"name\":\"Produkte\",\"item\":\"https:\/\/www.demosmobilia.ch\/de\/shop\/\"},{\"@type\":\"ListItem\",\"position\":3,\"name\":\"Zwei Abatjours mit Wiener Strohlampenschirmen\"}]},{\"@type\":\"WebSite\",\"@id\":\"https:\/\/www.demosmobilia.ch\/de\/#website\",\"url\":\"https:\/\/www.demosmobilia.ch\/de\/\",\"name\":\"demosmobilia\",\"description\":\"Vintage Mid Century Modern Design Furniture from the &#039;30s to the &#039;80s\",\"publisher\":{\"@id\":\"https:\/\/www.demosmobilia.ch\/de\/#organization\"},\"potentialAction\":[{\"@type\":\"SearchAction\",\"target\":{\"@type\":\"EntryPoint\",\"urlTemplate\":\"https:\/\/www.demosmobilia.ch\/de\/?s={search_term_string}\"},\"query-input\":{\"@type\":\"PropertyValueSpecification\",\"valueRequired\":true,\"valueName\":\"search_term_string\"}}],\"inLanguage\":\"de\"},{\"@type\":\"Organization\",\"@id\":\"https:\/\/www.demosmobilia.ch\/de\/#organization\",\"name\":\"demosmobilia\",\"url\":\"https:\/\/www.demosmobilia.ch\/de\/\",\"logo\":{\"@type\":\"ImageObject\",\"inLanguage\":\"de\",\"@id\":\"https:\/\/www.demosmobilia.ch\/de\/#\/schema\/logo\/image\/\",\"url\":\"https:\/\/www.demosmobilia.ch\/wp-content\/uploads\/2020\/07\/demosmobilia-logo-2020-230-160.png\",\"contentUrl\":\"https:\/\/www.demosmobilia.ch\/wp-content\/uploads\/2020\/07\/demosmobilia-logo-2020-230-160.png\",\"width\":230,\"height\":160,\"caption\":\"demosmobilia\"},\"image\":{\"@id\":\"https:\/\/www.demosmobilia.ch\/de\/#\/schema\/logo\/image\/\"},\"sameAs\":[\"https:\/\/www.facebook.com\/Demos-Mobilia-1137017453131445\/\",\"https:\/\/www.instagram.com\/demosmobilia\/\"]}]}<\/script>\n<!-- \/ Yoast SEO plugin. -->","yoast_head_json":{"title":"Zwei Abatjours mit Wiener Strohlampenschirmen &#8211; demosmobilia","robots":{"index":"index","follow":"follow","max-snippet":"max-snippet:-1","max-image-preview":"max-image-preview:large","max-video-preview":"max-video-preview:-1"},"canonical":"https:\/\/www.demosmobilia.ch\/de\/product\/zwei-abatjours-mit-wiener-strohlampenschirmen\/","og_locale":"de_DE","og_type":"article","og_title":"Zwei Abatjours mit Wiener Strohlampenschirmen &#8211; demosmobilia","og_description":"Josef Frank: \u00d6sterreichisch-Schwedischer Designer und Pionier des Modernen Designs Josef Frank (1885\u20131967) war ein hoch einflussreicher \u00f6sterreichisch-schwedischer Architekt und Designer des 20. Jahrhunderts, bekannt f\u00fcr seinen innovativen Ansatz, der Funktionalit\u00e4t, Eleganz und kr\u00e4ftige Farben vereinte. Seine Designphilosophie legte besonderen Wert auf Komfort und Lebendigkeit, brach mit dem strikten Minimalismus seiner Zeit und antizipierte Trends im modernen europ\u00e4ischen Design. Frank arbeitete eng mit dem renommierten schwedischen Unternehmen Svenskt Tenn, gegr\u00fcndet von Estrid Ericson, zusammen, wo er Lampen, M\u00f6bel und dekorative Textilien entwarf. Seine Lampen wurden in Schweden handgefertigt und kombinierten oft Metall und Glas, was seinen unverwechselbaren Stil mit eleganten Linien, dekorativen Motiven und einem innovativenRead More &rarr;","og_url":"https:\/\/www.demosmobilia.ch\/de\/product\/zwei-abatjours-mit-wiener-strohlampenschirmen\/","og_site_name":"demosmobilia","article_publisher":"https:\/\/www.facebook.com\/Demos-Mobilia-1137017453131445\/","article_modified_time":"2026-02-02T07:30:42+00:00","og_image":[{"width":1200,"height":900,"url":"https:\/\/www.demosmobilia.ch\/wp-content\/uploads\/2026\/02\/josef-frank-abatjour-brass-straw-tablelamp-1950-01.jpg","type":"image\/jpeg"}],"twitter_card":"summary_large_image","twitter_misc":{"Gesch\u00e4tzte Lesezeit":"1\u00a0Minute"},"schema":{"@context":"https:\/\/schema.org","@graph":[{"@type":"WebPage","@id":"https:\/\/www.demosmobilia.ch\/de\/product\/zwei-abatjours-mit-wiener-strohlampenschirmen\/","url":"https:\/\/www.demosmobilia.ch\/de\/product\/zwei-abatjours-mit-wiener-strohlampenschirmen\/","name":"Zwei Abatjours mit Wiener Strohlampenschirmen &#8211; demosmobilia","isPartOf":{"@id":"https:\/\/www.demosmobilia.ch\/de\/#website"},"primaryImageOfPage":{"@id":"https:\/\/www.demosmobilia.ch\/de\/product\/zwei-abatjours-mit-wiener-strohlampenschirmen\/#primaryimage"},"image":{"@id":"https:\/\/www.demosmobilia.ch\/de\/product\/zwei-abatjours-mit-wiener-strohlampenschirmen\/#primaryimage"},"thumbnailUrl":"https:\/\/www.demosmobilia.ch\/wp-content\/uploads\/2026\/02\/josef-frank-abatjour-brass-straw-tablelamp-1950-01.jpg","datePublished":"2026-02-24T07:45:42+00:00","dateModified":"2026-02-02T07:30:42+00:00","breadcrumb":{"@id":"https:\/\/www.demosmobilia.ch\/de\/product\/zwei-abatjours-mit-wiener-strohlampenschirmen\/#breadcrumb"},"inLanguage":"de","potentialAction":[{"@type":"ReadAction","target":["https:\/\/www.demosmobilia.ch\/de\/product\/zwei-abatjours-mit-wiener-strohlampenschirmen\/"]}]},{"@type":"ImageObject","inLanguage":"de","@id":"https:\/\/www.demosmobilia.ch\/de\/product\/zwei-abatjours-mit-wiener-strohlampenschirmen\/#primaryimage","url":"https:\/\/www.demosmobilia.ch\/wp-content\/uploads\/2026\/02\/josef-frank-abatjour-brass-straw-tablelamp-1950-01.jpg","contentUrl":"https:\/\/www.demosmobilia.ch\/wp-content\/uploads\/2026\/02\/josef-frank-abatjour-brass-straw-tablelamp-1950-01.jpg","width":1200,"height":900},{"@type":"BreadcrumbList","@id":"https:\/\/www.demosmobilia.ch\/de\/product\/zwei-abatjours-mit-wiener-strohlampenschirmen\/#breadcrumb","itemListElement":[{"@type":"ListItem","position":1,"name":"Home","item":"https:\/\/www.demosmobilia.ch\/de\/"},{"@type":"ListItem","position":2,"name":"Produkte","item":"https:\/\/www.demosmobilia.ch\/de\/shop\/"},{"@type":"ListItem","position":3,"name":"Zwei Abatjours mit Wiener Strohlampenschirmen"}]},{"@type":"WebSite","@id":"https:\/\/www.demosmobilia.ch\/de\/#website","url":"https:\/\/www.demosmobilia.ch\/de\/","name":"demosmobilia","description":"Vintage Mid Century Modern Design Furniture from the &#039;30s to the &#039;80s","publisher":{"@id":"https:\/\/www.demosmobilia.ch\/de\/#organization"},"potentialAction":[{"@type":"SearchAction","target":{"@type":"EntryPoint","urlTemplate":"https:\/\/www.demosmobilia.ch\/de\/?s={search_term_string}"},"query-input":{"@type":"PropertyValueSpecification","valueRequired":true,"valueName":"search_term_string"}}],"inLanguage":"de"},{"@type":"Organization","@id":"https:\/\/www.demosmobilia.ch\/de\/#organization","name":"demosmobilia","url":"https:\/\/www.demosmobilia.ch\/de\/","logo":{"@type":"ImageObject","inLanguage":"de","@id":"https:\/\/www.demosmobilia.ch\/de\/#\/schema\/logo\/image\/","url":"https:\/\/www.demosmobilia.ch\/wp-content\/uploads\/2020\/07\/demosmobilia-logo-2020-230-160.png","contentUrl":"https:\/\/www.demosmobilia.ch\/wp-content\/uploads\/2020\/07\/demosmobilia-logo-2020-230-160.png","width":230,"height":160,"caption":"demosmobilia"},"image":{"@id":"https:\/\/www.demosmobilia.ch\/de\/#\/schema\/logo\/image\/"},"sameAs":["https:\/\/www.facebook.com\/Demos-Mobilia-1137017453131445\/","https:\/\/www.instagram.com\/demosmobilia\/"]}]}},"_links":{"self":[{"href":"https:\/\/www.demosmobilia.ch\/de\/wp-json\/wp\/v2\/product\/85147","targetHints":{"allow":["GET"]}}],"collection":[{"href":"https:\/\/www.demosmobilia.ch\/de\/wp-json\/wp\/v2\/product"}],"about":[{"href":"https:\/\/www.demosmobilia.ch\/de\/wp-json\/wp\/v2\/types\/product"}],"wp:featuredmedia":[{"embeddable":true,"href":"https:\/\/www.demosmobilia.ch\/de\/wp-json\/wp\/v2\/media\/85124"}],"wp:attachment":[{"href":"https:\/\/www.demosmobilia.ch\/de\/wp-json\/wp\/v2\/media?parent=85147"}],"wp:term":[{"taxonomy":"product_cat","embeddable":true,"href":"https:\/\/www.demosmobilia.ch\/de\/wp-json\/wp\/v2\/product_cat?post=85147"},{"taxonomy":"product_tag","embeddable":true,"href":"https:\/\/www.demosmobilia.ch\/de\/wp-json\/wp\/v2\/product_tag?post=85147"}],"curies":[{"name":"wp","href":"https:\/\/api.w.org\/{rel}","templated":true}]}}