{"id":85120,"date":"2026-02-14T09:00:09","date_gmt":"2026-02-14T08:00:09","guid":{"rendered":"https:\/\/www.demosmobilia.ch\/product\/grosser-italienischer-art-deco-kupferleuchter\/"},"modified":"2026-02-02T09:00:09","modified_gmt":"2026-02-02T08:00:09","slug":"grosser-italienischer-art-deco-kupferleuchter","status":"publish","type":"product","link":"https:\/\/www.demosmobilia.ch\/de\/product\/grosser-italienischer-art-deco-kupferleuchter\/","title":{"rendered":"Gro\u00dfer italienischer Art-D\u00e9co-Kupferleuchter"},"content":{"rendered":"<h3 data-start=\"159\" data-end=\"226\"><strong data-start=\"163\" data-end=\"226\">Pietro Chiesa: Italienischer Designer und Gr\u00fcnder von Fontana Arte<\/strong><\/h3>\n<p data-start=\"228\" data-end=\"599\">Pietro Chiesa (1892\u20131948) war einer der einflussreichsten italienischen Designer des 20. Jahrhunderts und der Gr\u00fcnder des renommierten Designunternehmens Fontana Arte. Bekannt f\u00fcr seinen innovativen Ansatz und seine au\u00dfergew\u00f6hnliche Liebe zum Detail, pr\u00e4gte Chiesa das italienische Design nachhaltig mit eleganten und funktionalen Leuchten, M\u00f6beln und Designobjekten aus Glas und Metall. <\/p>\n<p data-start=\"601\" data-end=\"991\">Als Gr\u00fcnder von Fontana Arte verband Pietro Chiesa erfolgreich traditionelle Handwerkskunst mit industrieller Innovation und schuf ikonische Designer-Leuchten, die bis heute von Sammlern und Designliebhabern weltweit gesch\u00e4tzt werden. Sein Werk spielte eine zentrale Rolle bei der Entwicklung des modernen italienischen Designs, insbesondere im Bereich hochwertiger Beleuchtung. <\/p>\n<p data-start=\"993\" data-end=\"1443\">Neben seinen ber\u00fchmten Glasarbeiten entwickelte Pietro Chiesa auch eine bedeutende Produktion von Objekten und Lampen ausschlie\u00dflich aus Metall, bewusst ohne Glaselemente. Diese Entw\u00fcrfe zeichnen sich durch klare Linien, reduzierte Formen und eine innovative Materialforschung aus und zeigen Chiesas F\u00e4higkeit, strukturelle Stabilit\u00e4t mit eleganter \u00c4sthetik zu verbinden. Seine Metallleuchten stehen f\u00fcr einen modernen, funktionalen Designansatz, der sich harmonisch in zeitgen\u00f6ssische Innenr\u00e4ume einf\u00fcgt.  <\/p>\n<p data-start=\"1445\" data-end=\"1792\">Die Werke von Pietro Chiesa verk\u00f6rpern eine perfekte Balance zwischen Form, Licht und Materialien und trugen ma\u00dfgeblich zur Definition der Standards des modernen italienischen Lichtdesigns bei. Sein k\u00fcnstlerisches Erbe inspiriert bis heute Designer, Architekten und Sammler weltweit und festigt seine Stellung als Schl\u00fcsselfigur der Geschichte des italienischen Designs und hochwertiger Designleuchten. <\/p>\n","protected":false},"excerpt":{"rendered":"<p>Pietro Chiesa: Italienischer Designer und Gr\u00fcnder von Fontana Arte Pietro Chiesa (1892\u20131948) war einer der einflussreichsten italienischen Designer des 20. Jahrhunderts und der Gr\u00fcnder des renommierten Designunternehmens Fontana Arte. Bekannt f\u00fcr seinen innovativen Ansatz und seine au\u00dfergew\u00f6hnliche Liebe zum Detail, pr\u00e4gte Chiesa das italienische Design nachhaltig mit eleganten und funktionalen Leuchten, M\u00f6beln und Designobjekten aus Glas und Metall. Als Gr\u00fcnder von Fontana Arte verband Pietro Chiesa erfolgreich traditionelle Handwerkskunst mit industrieller Innovation und schuf ikonische Designer-Leuchten, die bis heute von Sammlern und Designliebhabern weltweit gesch\u00e4tzt werden. Sein Werk spielte eine zentrale Rolle bei der Entwicklung des modernen italienischen Designs, insbesondere im Bereich hochwertiger Beleuchtung. Neben<a class=\"more-link\" href=\"https:\/\/www.demosmobilia.ch\/de\/product\/grosser-italienischer-art-deco-kupferleuchter\/\">Read More &rarr;<\/a><\/p>\n","protected":false},"featured_media":85541,"template":"","meta":{"_monsterinsights_skip_tracking":false,"_monsterinsights_sitenote_active":false,"_monsterinsights_sitenote_note":"","_monsterinsights_sitenote_category":0,"kk_blocks_editor_width":"","_kiokenblocks_attr":"","_kiokenblocks_dimensions":""},"product_cat":[4106,4124],"product_tag":[6920],"class_list":{"0":"entry","1":"author-demosmobilia","2":"post-85120","3":"product","4":"type-product","5":"status-publish","6":"has-post-thumbnail","7":"product_production-fontana-arte","8":"product_year-1930-approx","9":"product_nation-italien-de","10":"product_cat-neuheiten","11":"product_cat-stehleuchten","12":"product_tag-chiesa-pietro-de","13":"pa_product_dimension-dia-44-x-ht-171-cm","14":"pa_product_material-kupfer","16":"first","17":"outofstock","18":"shipping-taxable","19":"purchasable","20":"product-type-simple"},"yoast_head":"<!-- This site is optimized with the Yoast SEO plugin v24.0 - https:\/\/yoast.com\/wordpress\/plugins\/seo\/ -->\n<title>Gro\u00dfer italienischer Art-D\u00e9co-Kupferleuchter &#8211; demosmobilia<\/title>\n<meta name=\"robots\" content=\"index, follow, max-snippet:-1, max-image-preview:large, max-video-preview:-1\" \/>\n<link rel=\"canonical\" href=\"https:\/\/www.demosmobilia.ch\/de\/product\/grosser-italienischer-art-deco-kupferleuchter\/\" \/>\n<meta property=\"og:locale\" content=\"de_DE\" \/>\n<meta property=\"og:type\" content=\"article\" \/>\n<meta property=\"og:title\" content=\"Gro\u00dfer italienischer Art-D\u00e9co-Kupferleuchter &#8211; demosmobilia\" \/>\n<meta property=\"og:description\" content=\"Pietro Chiesa: Italienischer Designer und Gr\u00fcnder von Fontana Arte Pietro Chiesa (1892\u20131948) war einer der einflussreichsten italienischen Designer des 20. Jahrhunderts und der Gr\u00fcnder des renommierten Designunternehmens Fontana Arte. Bekannt f\u00fcr seinen innovativen Ansatz und seine au\u00dfergew\u00f6hnliche Liebe zum Detail, pr\u00e4gte Chiesa das italienische Design nachhaltig mit eleganten und funktionalen Leuchten, M\u00f6beln und Designobjekten aus Glas und Metall. Als Gr\u00fcnder von Fontana Arte verband Pietro Chiesa erfolgreich traditionelle Handwerkskunst mit industrieller Innovation und schuf ikonische Designer-Leuchten, die bis heute von Sammlern und Designliebhabern weltweit gesch\u00e4tzt werden. Sein Werk spielte eine zentrale Rolle bei der Entwicklung des modernen italienischen Designs, insbesondere im Bereich hochwertiger Beleuchtung. NebenRead More &rarr;\" \/>\n<meta property=\"og:url\" content=\"https:\/\/www.demosmobilia.ch\/de\/product\/grosser-italienischer-art-deco-kupferleuchter\/\" \/>\n<meta property=\"og:site_name\" content=\"demosmobilia\" \/>\n<meta property=\"article:publisher\" content=\"https:\/\/www.facebook.com\/Demos-Mobilia-1137017453131445\/\" \/>\n<meta property=\"article:modified_time\" content=\"2026-02-02T08:00:09+00:00\" \/>\n<meta property=\"og:image\" content=\"https:\/\/www.demosmobilia.ch\/wp-content\/uploads\/2026\/02\/1930-art-deco-luminator-floorlamp-Fontana-Arte-Pietro-Chiesa-01.jpg\" \/>\n\t<meta property=\"og:image:width\" content=\"1200\" \/>\n\t<meta property=\"og:image:height\" content=\"900\" \/>\n\t<meta property=\"og:image:type\" content=\"image\/jpeg\" \/>\n<meta name=\"twitter:card\" content=\"summary_large_image\" \/>\n<meta name=\"twitter:label1\" content=\"Gesch\u00e4tzte Lesezeit\" \/>\n\t<meta name=\"twitter:data1\" content=\"1\u00a0Minute\" \/>\n<script type=\"application\/ld+json\" class=\"yoast-schema-graph\">{\"@context\":\"https:\/\/schema.org\",\"@graph\":[{\"@type\":\"WebPage\",\"@id\":\"https:\/\/www.demosmobilia.ch\/de\/product\/grosser-italienischer-art-deco-kupferleuchter\/\",\"url\":\"https:\/\/www.demosmobilia.ch\/de\/product\/grosser-italienischer-art-deco-kupferleuchter\/\",\"name\":\"Gro\u00dfer italienischer Art-D\u00e9co-Kupferleuchter &#8211; demosmobilia\",\"isPartOf\":{\"@id\":\"https:\/\/www.demosmobilia.ch\/de\/#website\"},\"primaryImageOfPage\":{\"@id\":\"https:\/\/www.demosmobilia.ch\/de\/product\/grosser-italienischer-art-deco-kupferleuchter\/#primaryimage\"},\"image\":{\"@id\":\"https:\/\/www.demosmobilia.ch\/de\/product\/grosser-italienischer-art-deco-kupferleuchter\/#primaryimage\"},\"thumbnailUrl\":\"https:\/\/www.demosmobilia.ch\/wp-content\/uploads\/2026\/02\/1930-art-deco-luminator-floorlamp-Fontana-Arte-Pietro-Chiesa-01-1.jpg\",\"datePublished\":\"2026-02-14T08:00:09+00:00\",\"dateModified\":\"2026-02-02T08:00:09+00:00\",\"breadcrumb\":{\"@id\":\"https:\/\/www.demosmobilia.ch\/de\/product\/grosser-italienischer-art-deco-kupferleuchter\/#breadcrumb\"},\"inLanguage\":\"de\",\"potentialAction\":[{\"@type\":\"ReadAction\",\"target\":[\"https:\/\/www.demosmobilia.ch\/de\/product\/grosser-italienischer-art-deco-kupferleuchter\/\"]}]},{\"@type\":\"ImageObject\",\"inLanguage\":\"de\",\"@id\":\"https:\/\/www.demosmobilia.ch\/de\/product\/grosser-italienischer-art-deco-kupferleuchter\/#primaryimage\",\"url\":\"https:\/\/www.demosmobilia.ch\/wp-content\/uploads\/2026\/02\/1930-art-deco-luminator-floorlamp-Fontana-Arte-Pietro-Chiesa-01-1.jpg\",\"contentUrl\":\"https:\/\/www.demosmobilia.ch\/wp-content\/uploads\/2026\/02\/1930-art-deco-luminator-floorlamp-Fontana-Arte-Pietro-Chiesa-01-1.jpg\",\"width\":1200,\"height\":900},{\"@type\":\"BreadcrumbList\",\"@id\":\"https:\/\/www.demosmobilia.ch\/de\/product\/grosser-italienischer-art-deco-kupferleuchter\/#breadcrumb\",\"itemListElement\":[{\"@type\":\"ListItem\",\"position\":1,\"name\":\"Home\",\"item\":\"https:\/\/www.demosmobilia.ch\/de\/\"},{\"@type\":\"ListItem\",\"position\":2,\"name\":\"Produkte\",\"item\":\"https:\/\/www.demosmobilia.ch\/de\/shop\/\"},{\"@type\":\"ListItem\",\"position\":3,\"name\":\"Gro\u00dfer italienischer Art-D\u00e9co-Kupferleuchter\"}]},{\"@type\":\"WebSite\",\"@id\":\"https:\/\/www.demosmobilia.ch\/de\/#website\",\"url\":\"https:\/\/www.demosmobilia.ch\/de\/\",\"name\":\"demosmobilia\",\"description\":\"Vintage Mid Century Modern Design Furniture from the &#039;30s to the &#039;80s\",\"publisher\":{\"@id\":\"https:\/\/www.demosmobilia.ch\/de\/#organization\"},\"potentialAction\":[{\"@type\":\"SearchAction\",\"target\":{\"@type\":\"EntryPoint\",\"urlTemplate\":\"https:\/\/www.demosmobilia.ch\/de\/?s={search_term_string}\"},\"query-input\":{\"@type\":\"PropertyValueSpecification\",\"valueRequired\":true,\"valueName\":\"search_term_string\"}}],\"inLanguage\":\"de\"},{\"@type\":\"Organization\",\"@id\":\"https:\/\/www.demosmobilia.ch\/de\/#organization\",\"name\":\"demosmobilia\",\"url\":\"https:\/\/www.demosmobilia.ch\/de\/\",\"logo\":{\"@type\":\"ImageObject\",\"inLanguage\":\"de\",\"@id\":\"https:\/\/www.demosmobilia.ch\/de\/#\/schema\/logo\/image\/\",\"url\":\"https:\/\/www.demosmobilia.ch\/wp-content\/uploads\/2020\/07\/demosmobilia-logo-2020-230-160.png\",\"contentUrl\":\"https:\/\/www.demosmobilia.ch\/wp-content\/uploads\/2020\/07\/demosmobilia-logo-2020-230-160.png\",\"width\":230,\"height\":160,\"caption\":\"demosmobilia\"},\"image\":{\"@id\":\"https:\/\/www.demosmobilia.ch\/de\/#\/schema\/logo\/image\/\"},\"sameAs\":[\"https:\/\/www.facebook.com\/Demos-Mobilia-1137017453131445\/\",\"https:\/\/www.instagram.com\/demosmobilia\/\"]}]}<\/script>\n<!-- \/ Yoast SEO plugin. -->","yoast_head_json":{"title":"Gro\u00dfer italienischer Art-D\u00e9co-Kupferleuchter &#8211; demosmobilia","robots":{"index":"index","follow":"follow","max-snippet":"max-snippet:-1","max-image-preview":"max-image-preview:large","max-video-preview":"max-video-preview:-1"},"canonical":"https:\/\/www.demosmobilia.ch\/de\/product\/grosser-italienischer-art-deco-kupferleuchter\/","og_locale":"de_DE","og_type":"article","og_title":"Gro\u00dfer italienischer Art-D\u00e9co-Kupferleuchter &#8211; demosmobilia","og_description":"Pietro Chiesa: Italienischer Designer und Gr\u00fcnder von Fontana Arte Pietro Chiesa (1892\u20131948) war einer der einflussreichsten italienischen Designer des 20. Jahrhunderts und der Gr\u00fcnder des renommierten Designunternehmens Fontana Arte. Bekannt f\u00fcr seinen innovativen Ansatz und seine au\u00dfergew\u00f6hnliche Liebe zum Detail, pr\u00e4gte Chiesa das italienische Design nachhaltig mit eleganten und funktionalen Leuchten, M\u00f6beln und Designobjekten aus Glas und Metall. Als Gr\u00fcnder von Fontana Arte verband Pietro Chiesa erfolgreich traditionelle Handwerkskunst mit industrieller Innovation und schuf ikonische Designer-Leuchten, die bis heute von Sammlern und Designliebhabern weltweit gesch\u00e4tzt werden. Sein Werk spielte eine zentrale Rolle bei der Entwicklung des modernen italienischen Designs, insbesondere im Bereich hochwertiger Beleuchtung. NebenRead More &rarr;","og_url":"https:\/\/www.demosmobilia.ch\/de\/product\/grosser-italienischer-art-deco-kupferleuchter\/","og_site_name":"demosmobilia","article_publisher":"https:\/\/www.facebook.com\/Demos-Mobilia-1137017453131445\/","article_modified_time":"2026-02-02T08:00:09+00:00","og_image":[{"width":1200,"height":900,"url":"https:\/\/www.demosmobilia.ch\/wp-content\/uploads\/2026\/02\/1930-art-deco-luminator-floorlamp-Fontana-Arte-Pietro-Chiesa-01.jpg","type":"image\/jpeg"}],"twitter_card":"summary_large_image","twitter_misc":{"Gesch\u00e4tzte Lesezeit":"1\u00a0Minute"},"schema":{"@context":"https:\/\/schema.org","@graph":[{"@type":"WebPage","@id":"https:\/\/www.demosmobilia.ch\/de\/product\/grosser-italienischer-art-deco-kupferleuchter\/","url":"https:\/\/www.demosmobilia.ch\/de\/product\/grosser-italienischer-art-deco-kupferleuchter\/","name":"Gro\u00dfer italienischer Art-D\u00e9co-Kupferleuchter &#8211; demosmobilia","isPartOf":{"@id":"https:\/\/www.demosmobilia.ch\/de\/#website"},"primaryImageOfPage":{"@id":"https:\/\/www.demosmobilia.ch\/de\/product\/grosser-italienischer-art-deco-kupferleuchter\/#primaryimage"},"image":{"@id":"https:\/\/www.demosmobilia.ch\/de\/product\/grosser-italienischer-art-deco-kupferleuchter\/#primaryimage"},"thumbnailUrl":"https:\/\/www.demosmobilia.ch\/wp-content\/uploads\/2026\/02\/1930-art-deco-luminator-floorlamp-Fontana-Arte-Pietro-Chiesa-01-1.jpg","datePublished":"2026-02-14T08:00:09+00:00","dateModified":"2026-02-02T08:00:09+00:00","breadcrumb":{"@id":"https:\/\/www.demosmobilia.ch\/de\/product\/grosser-italienischer-art-deco-kupferleuchter\/#breadcrumb"},"inLanguage":"de","potentialAction":[{"@type":"ReadAction","target":["https:\/\/www.demosmobilia.ch\/de\/product\/grosser-italienischer-art-deco-kupferleuchter\/"]}]},{"@type":"ImageObject","inLanguage":"de","@id":"https:\/\/www.demosmobilia.ch\/de\/product\/grosser-italienischer-art-deco-kupferleuchter\/#primaryimage","url":"https:\/\/www.demosmobilia.ch\/wp-content\/uploads\/2026\/02\/1930-art-deco-luminator-floorlamp-Fontana-Arte-Pietro-Chiesa-01-1.jpg","contentUrl":"https:\/\/www.demosmobilia.ch\/wp-content\/uploads\/2026\/02\/1930-art-deco-luminator-floorlamp-Fontana-Arte-Pietro-Chiesa-01-1.jpg","width":1200,"height":900},{"@type":"BreadcrumbList","@id":"https:\/\/www.demosmobilia.ch\/de\/product\/grosser-italienischer-art-deco-kupferleuchter\/#breadcrumb","itemListElement":[{"@type":"ListItem","position":1,"name":"Home","item":"https:\/\/www.demosmobilia.ch\/de\/"},{"@type":"ListItem","position":2,"name":"Produkte","item":"https:\/\/www.demosmobilia.ch\/de\/shop\/"},{"@type":"ListItem","position":3,"name":"Gro\u00dfer italienischer Art-D\u00e9co-Kupferleuchter"}]},{"@type":"WebSite","@id":"https:\/\/www.demosmobilia.ch\/de\/#website","url":"https:\/\/www.demosmobilia.ch\/de\/","name":"demosmobilia","description":"Vintage Mid Century Modern Design Furniture from the &#039;30s to the &#039;80s","publisher":{"@id":"https:\/\/www.demosmobilia.ch\/de\/#organization"},"potentialAction":[{"@type":"SearchAction","target":{"@type":"EntryPoint","urlTemplate":"https:\/\/www.demosmobilia.ch\/de\/?s={search_term_string}"},"query-input":{"@type":"PropertyValueSpecification","valueRequired":true,"valueName":"search_term_string"}}],"inLanguage":"de"},{"@type":"Organization","@id":"https:\/\/www.demosmobilia.ch\/de\/#organization","name":"demosmobilia","url":"https:\/\/www.demosmobilia.ch\/de\/","logo":{"@type":"ImageObject","inLanguage":"de","@id":"https:\/\/www.demosmobilia.ch\/de\/#\/schema\/logo\/image\/","url":"https:\/\/www.demosmobilia.ch\/wp-content\/uploads\/2020\/07\/demosmobilia-logo-2020-230-160.png","contentUrl":"https:\/\/www.demosmobilia.ch\/wp-content\/uploads\/2020\/07\/demosmobilia-logo-2020-230-160.png","width":230,"height":160,"caption":"demosmobilia"},"image":{"@id":"https:\/\/www.demosmobilia.ch\/de\/#\/schema\/logo\/image\/"},"sameAs":["https:\/\/www.facebook.com\/Demos-Mobilia-1137017453131445\/","https:\/\/www.instagram.com\/demosmobilia\/"]}]}},"_links":{"self":[{"href":"https:\/\/www.demosmobilia.ch\/de\/wp-json\/wp\/v2\/product\/85120","targetHints":{"allow":["GET"]}}],"collection":[{"href":"https:\/\/www.demosmobilia.ch\/de\/wp-json\/wp\/v2\/product"}],"about":[{"href":"https:\/\/www.demosmobilia.ch\/de\/wp-json\/wp\/v2\/types\/product"}],"wp:featuredmedia":[{"embeddable":true,"href":"https:\/\/www.demosmobilia.ch\/de\/wp-json\/wp\/v2\/media\/85541"}],"wp:attachment":[{"href":"https:\/\/www.demosmobilia.ch\/de\/wp-json\/wp\/v2\/media?parent=85120"}],"wp:term":[{"taxonomy":"product_cat","embeddable":true,"href":"https:\/\/www.demosmobilia.ch\/de\/wp-json\/wp\/v2\/product_cat?post=85120"},{"taxonomy":"product_tag","embeddable":true,"href":"https:\/\/www.demosmobilia.ch\/de\/wp-json\/wp\/v2\/product_tag?post=85120"}],"curies":[{"name":"wp","href":"https:\/\/api.w.org\/{rel}","templated":true}]}}