{"id":85022,"date":"2026-02-02T09:45:37","date_gmt":"2026-02-02T08:45:37","guid":{"rendered":"https:\/\/www.demosmobilia.ch\/product\/schreibtisch-modell-stadera-840\/"},"modified":"2026-02-02T09:45:37","modified_gmt":"2026-02-02T08:45:37","slug":"schreibtisch-modell-stadera-840","status":"publish","type":"product","link":"https:\/\/www.demosmobilia.ch\/de\/product\/schreibtisch-modell-stadera-840\/","title":{"rendered":"Schreibtisch Modell Stadera 840"},"content":{"rendered":"<p>Bibliografie: Giuliana Weeden \u2013 Repertorio 1950\/1980, S. 123, Mailand, Italien, Mondadori Domus Juli 1991, Nr. 729, Irene. Maino, M. Paola. De Guttry \u2013 Italienische M\u00f6bel der 1940er und 1950er Jahre 1992, S. 59 und 123, Rom, Editori Laterza.  <\/p>\n<p data-start=\"144\" data-end=\"845\">Franco Albini: Ikonischer Italienischer Architekt und Designer<br data-start=\"200\" data-end=\"203\">Franco Albini (1905\u20131977) war einer der einflussreichsten italienischen Architekten und Designer des 20. Jahrhunderts. Bekannt f\u00fcr seinen innovativen Ansatz in Industrie- und Modernem Design, vereinte Albini Funktionalit\u00e4t und Eleganz und schuf zeitlose Werke. Zu seinen ber\u00fchmtesten Projekten z\u00e4hlen das Sofa \u201eMargherita\u201c, das Sitzsystem \u201eLuisa\u201c sowie bedeutende architektonische Arbeiten in St\u00e4dten wie Mailand und Turin. Albini ist zudem f\u00fcr seinen sorgf\u00e4ltigen Umgang mit lokalen Materialien und sein Streben nach einem Gleichgewicht zwischen Modernismus und Tradition bekannt. Seine Arbeit inspirierte Generationen von italienischen und internationalen Architekten und Designern.    <\/p>\n<p data-start=\"847\" data-end=\"1386\">In den 1950er- und 1960er-Jahren arbeitete Franco Albini mit Poggi, einem historischen italienischen M\u00f6belunternehmen, das f\u00fcr hochwertige Handwerkskunst bekannt ist, zusammen. Er entwarf innovative M\u00f6bel und Wohnaccessoires, die elegantes Design mit Funktionalit\u00e4t vereinten. Seine Kreationen f\u00fcr Poggi, darunter St\u00fchle, Tische und modulare Systeme, sind heute extrem selten und bei Designsammlern sehr begehrt. Diese einzigartigen St\u00fccke zeigen Albinis meisterhafte Material- und Formgestaltung und festigten den Ruf von Poggi im italienischen und internationalen Design.  <\/p>\n","protected":false},"excerpt":{"rendered":"<p>Bibliografie: Giuliana Weeden \u2013 Repertorio 1950\/1980, S. 123, Mailand, Italien, Mondadori Domus Juli 1991, Nr. 729, Irene. Maino, M. Paola. De Guttry \u2013 Italienische M\u00f6bel der 1940er und 1950er Jahre 1992, S. 59 und 123, Rom, Editori Laterza. Franco Albini: Ikonischer Italienischer Architekt und DesignerFranco Albini (1905\u20131977) war einer der einflussreichsten italienischen Architekten und Designer des 20. Jahrhunderts. Bekannt f\u00fcr seinen innovativen Ansatz in Industrie- und Modernem Design, vereinte Albini Funktionalit\u00e4t und Eleganz und schuf zeitlose Werke. Zu seinen ber\u00fchmtesten Projekten z\u00e4hlen das Sofa \u201eMargherita\u201c, das Sitzsystem \u201eLuisa\u201c sowie bedeutende architektonische Arbeiten in St\u00e4dten wie Mailand und Turin. Albini ist zudem f\u00fcr seinen sorgf\u00e4ltigen Umgang<a class=\"more-link\" href=\"https:\/\/www.demosmobilia.ch\/de\/product\/schreibtisch-modell-stadera-840\/\">Read More &rarr;<\/a><\/p>\n","protected":false},"featured_media":85537,"template":"","meta":{"_monsterinsights_skip_tracking":false,"_monsterinsights_sitenote_active":false,"_monsterinsights_sitenote_note":"","_monsterinsights_sitenote_category":0,"kk_blocks_editor_width":"","_kiokenblocks_attr":"","_kiokenblocks_dimensions":""},"product_cat":[4106,4184],"product_tag":[6533],"class_list":{"0":"entry","1":"author-demosmobilia","2":"post-85022","3":"product","4":"type-product","5":"status-publish","6":"has-post-thumbnail","7":"product_production-poggi","8":"product_year-2405","9":"product_nation-italien-de","10":"product_cat-neuheiten","11":"product_cat-schreibtische","12":"product_tag-albini-franco-de","13":"pa_product_dimension-142-x-625-825-x-hohe-der-schreibflache-72-x-gesamt-ht-74-cm","14":"pa_product_material-teak-schwarz-lackiertes-metall","16":"first","17":"instock","18":"shipping-taxable","19":"purchasable","20":"product-type-simple"},"yoast_head":"<!-- This site is optimized with the Yoast SEO plugin v24.0 - https:\/\/yoast.com\/wordpress\/plugins\/seo\/ -->\n<title>Schreibtisch Modell Stadera 840 &#8211; demosmobilia<\/title>\n<meta name=\"robots\" content=\"index, follow, max-snippet:-1, max-image-preview:large, max-video-preview:-1\" \/>\n<link rel=\"canonical\" href=\"https:\/\/www.demosmobilia.ch\/de\/product\/schreibtisch-modell-stadera-840\/\" \/>\n<meta property=\"og:locale\" content=\"de_DE\" \/>\n<meta property=\"og:type\" content=\"article\" \/>\n<meta property=\"og:title\" content=\"Schreibtisch Modell Stadera 840 &#8211; demosmobilia\" \/>\n<meta property=\"og:description\" content=\"Bibliografie: Giuliana Weeden \u2013 Repertorio 1950\/1980, S. 123, Mailand, Italien, Mondadori Domus Juli 1991, Nr. 729, Irene. Maino, M. Paola. De Guttry \u2013 Italienische M\u00f6bel der 1940er und 1950er Jahre 1992, S. 59 und 123, Rom, Editori Laterza. Franco Albini: Ikonischer Italienischer Architekt und DesignerFranco Albini (1905\u20131977) war einer der einflussreichsten italienischen Architekten und Designer des 20. Jahrhunderts. Bekannt f\u00fcr seinen innovativen Ansatz in Industrie- und Modernem Design, vereinte Albini Funktionalit\u00e4t und Eleganz und schuf zeitlose Werke. Zu seinen ber\u00fchmtesten Projekten z\u00e4hlen das Sofa \u201eMargherita\u201c, das Sitzsystem \u201eLuisa\u201c sowie bedeutende architektonische Arbeiten in St\u00e4dten wie Mailand und Turin. Albini ist zudem f\u00fcr seinen sorgf\u00e4ltigen UmgangRead More &rarr;\" \/>\n<meta property=\"og:url\" content=\"https:\/\/www.demosmobilia.ch\/de\/product\/schreibtisch-modell-stadera-840\/\" \/>\n<meta property=\"og:site_name\" content=\"demosmobilia\" \/>\n<meta property=\"article:publisher\" content=\"https:\/\/www.facebook.com\/Demos-Mobilia-1137017453131445\/\" \/>\n<meta property=\"og:image\" content=\"https:\/\/www.demosmobilia.ch\/wp-content\/uploads\/2026\/02\/franco-albini-stadera-desk-poggi-1961-italian-design-01.jpg\" \/>\n\t<meta property=\"og:image:width\" content=\"1200\" \/>\n\t<meta property=\"og:image:height\" content=\"900\" \/>\n\t<meta property=\"og:image:type\" content=\"image\/jpeg\" \/>\n<meta name=\"twitter:card\" content=\"summary_large_image\" \/>\n<meta name=\"twitter:label1\" content=\"Gesch\u00e4tzte Lesezeit\" \/>\n\t<meta name=\"twitter:data1\" content=\"1\u00a0Minute\" \/>\n<script type=\"application\/ld+json\" class=\"yoast-schema-graph\">{\"@context\":\"https:\/\/schema.org\",\"@graph\":[{\"@type\":\"WebPage\",\"@id\":\"https:\/\/www.demosmobilia.ch\/de\/product\/schreibtisch-modell-stadera-840\/\",\"url\":\"https:\/\/www.demosmobilia.ch\/de\/product\/schreibtisch-modell-stadera-840\/\",\"name\":\"Schreibtisch Modell Stadera 840 &#8211; demosmobilia\",\"isPartOf\":{\"@id\":\"https:\/\/www.demosmobilia.ch\/de\/#website\"},\"primaryImageOfPage\":{\"@id\":\"https:\/\/www.demosmobilia.ch\/de\/product\/schreibtisch-modell-stadera-840\/#primaryimage\"},\"image\":{\"@id\":\"https:\/\/www.demosmobilia.ch\/de\/product\/schreibtisch-modell-stadera-840\/#primaryimage\"},\"thumbnailUrl\":\"https:\/\/www.demosmobilia.ch\/wp-content\/uploads\/2026\/02\/franco-albini-stadera-desk-poggi-1961-italian-design-01-1.jpg\",\"datePublished\":\"2026-02-02T08:45:37+00:00\",\"dateModified\":\"2026-02-02T08:45:37+00:00\",\"breadcrumb\":{\"@id\":\"https:\/\/www.demosmobilia.ch\/de\/product\/schreibtisch-modell-stadera-840\/#breadcrumb\"},\"inLanguage\":\"de\",\"potentialAction\":[{\"@type\":\"ReadAction\",\"target\":[\"https:\/\/www.demosmobilia.ch\/de\/product\/schreibtisch-modell-stadera-840\/\"]}]},{\"@type\":\"ImageObject\",\"inLanguage\":\"de\",\"@id\":\"https:\/\/www.demosmobilia.ch\/de\/product\/schreibtisch-modell-stadera-840\/#primaryimage\",\"url\":\"https:\/\/www.demosmobilia.ch\/wp-content\/uploads\/2026\/02\/franco-albini-stadera-desk-poggi-1961-italian-design-01-1.jpg\",\"contentUrl\":\"https:\/\/www.demosmobilia.ch\/wp-content\/uploads\/2026\/02\/franco-albini-stadera-desk-poggi-1961-italian-design-01-1.jpg\",\"width\":1200,\"height\":900},{\"@type\":\"BreadcrumbList\",\"@id\":\"https:\/\/www.demosmobilia.ch\/de\/product\/schreibtisch-modell-stadera-840\/#breadcrumb\",\"itemListElement\":[{\"@type\":\"ListItem\",\"position\":1,\"name\":\"Home\",\"item\":\"https:\/\/www.demosmobilia.ch\/de\/\"},{\"@type\":\"ListItem\",\"position\":2,\"name\":\"Produkte\",\"item\":\"https:\/\/www.demosmobilia.ch\/de\/shop\/\"},{\"@type\":\"ListItem\",\"position\":3,\"name\":\"Schreibtisch Modell Stadera 840\"}]},{\"@type\":\"WebSite\",\"@id\":\"https:\/\/www.demosmobilia.ch\/de\/#website\",\"url\":\"https:\/\/www.demosmobilia.ch\/de\/\",\"name\":\"demosmobilia\",\"description\":\"Vintage Mid Century Modern Design Furniture from the &#039;30s to the &#039;80s\",\"publisher\":{\"@id\":\"https:\/\/www.demosmobilia.ch\/de\/#organization\"},\"potentialAction\":[{\"@type\":\"SearchAction\",\"target\":{\"@type\":\"EntryPoint\",\"urlTemplate\":\"https:\/\/www.demosmobilia.ch\/de\/?s={search_term_string}\"},\"query-input\":{\"@type\":\"PropertyValueSpecification\",\"valueRequired\":true,\"valueName\":\"search_term_string\"}}],\"inLanguage\":\"de\"},{\"@type\":\"Organization\",\"@id\":\"https:\/\/www.demosmobilia.ch\/de\/#organization\",\"name\":\"demosmobilia\",\"url\":\"https:\/\/www.demosmobilia.ch\/de\/\",\"logo\":{\"@type\":\"ImageObject\",\"inLanguage\":\"de\",\"@id\":\"https:\/\/www.demosmobilia.ch\/de\/#\/schema\/logo\/image\/\",\"url\":\"https:\/\/www.demosmobilia.ch\/wp-content\/uploads\/2020\/07\/demosmobilia-logo-2020-230-160.png\",\"contentUrl\":\"https:\/\/www.demosmobilia.ch\/wp-content\/uploads\/2020\/07\/demosmobilia-logo-2020-230-160.png\",\"width\":230,\"height\":160,\"caption\":\"demosmobilia\"},\"image\":{\"@id\":\"https:\/\/www.demosmobilia.ch\/de\/#\/schema\/logo\/image\/\"},\"sameAs\":[\"https:\/\/www.facebook.com\/Demos-Mobilia-1137017453131445\/\",\"https:\/\/www.instagram.com\/demosmobilia\/\"]}]}<\/script>\n<!-- \/ Yoast SEO plugin. -->","yoast_head_json":{"title":"Schreibtisch Modell Stadera 840 &#8211; demosmobilia","robots":{"index":"index","follow":"follow","max-snippet":"max-snippet:-1","max-image-preview":"max-image-preview:large","max-video-preview":"max-video-preview:-1"},"canonical":"https:\/\/www.demosmobilia.ch\/de\/product\/schreibtisch-modell-stadera-840\/","og_locale":"de_DE","og_type":"article","og_title":"Schreibtisch Modell Stadera 840 &#8211; demosmobilia","og_description":"Bibliografie: Giuliana Weeden \u2013 Repertorio 1950\/1980, S. 123, Mailand, Italien, Mondadori Domus Juli 1991, Nr. 729, Irene. Maino, M. Paola. De Guttry \u2013 Italienische M\u00f6bel der 1940er und 1950er Jahre 1992, S. 59 und 123, Rom, Editori Laterza. Franco Albini: Ikonischer Italienischer Architekt und DesignerFranco Albini (1905\u20131977) war einer der einflussreichsten italienischen Architekten und Designer des 20. Jahrhunderts. Bekannt f\u00fcr seinen innovativen Ansatz in Industrie- und Modernem Design, vereinte Albini Funktionalit\u00e4t und Eleganz und schuf zeitlose Werke. Zu seinen ber\u00fchmtesten Projekten z\u00e4hlen das Sofa \u201eMargherita\u201c, das Sitzsystem \u201eLuisa\u201c sowie bedeutende architektonische Arbeiten in St\u00e4dten wie Mailand und Turin. Albini ist zudem f\u00fcr seinen sorgf\u00e4ltigen UmgangRead More &rarr;","og_url":"https:\/\/www.demosmobilia.ch\/de\/product\/schreibtisch-modell-stadera-840\/","og_site_name":"demosmobilia","article_publisher":"https:\/\/www.facebook.com\/Demos-Mobilia-1137017453131445\/","og_image":[{"width":1200,"height":900,"url":"https:\/\/www.demosmobilia.ch\/wp-content\/uploads\/2026\/02\/franco-albini-stadera-desk-poggi-1961-italian-design-01.jpg","type":"image\/jpeg"}],"twitter_card":"summary_large_image","twitter_misc":{"Gesch\u00e4tzte Lesezeit":"1\u00a0Minute"},"schema":{"@context":"https:\/\/schema.org","@graph":[{"@type":"WebPage","@id":"https:\/\/www.demosmobilia.ch\/de\/product\/schreibtisch-modell-stadera-840\/","url":"https:\/\/www.demosmobilia.ch\/de\/product\/schreibtisch-modell-stadera-840\/","name":"Schreibtisch Modell Stadera 840 &#8211; demosmobilia","isPartOf":{"@id":"https:\/\/www.demosmobilia.ch\/de\/#website"},"primaryImageOfPage":{"@id":"https:\/\/www.demosmobilia.ch\/de\/product\/schreibtisch-modell-stadera-840\/#primaryimage"},"image":{"@id":"https:\/\/www.demosmobilia.ch\/de\/product\/schreibtisch-modell-stadera-840\/#primaryimage"},"thumbnailUrl":"https:\/\/www.demosmobilia.ch\/wp-content\/uploads\/2026\/02\/franco-albini-stadera-desk-poggi-1961-italian-design-01-1.jpg","datePublished":"2026-02-02T08:45:37+00:00","dateModified":"2026-02-02T08:45:37+00:00","breadcrumb":{"@id":"https:\/\/www.demosmobilia.ch\/de\/product\/schreibtisch-modell-stadera-840\/#breadcrumb"},"inLanguage":"de","potentialAction":[{"@type":"ReadAction","target":["https:\/\/www.demosmobilia.ch\/de\/product\/schreibtisch-modell-stadera-840\/"]}]},{"@type":"ImageObject","inLanguage":"de","@id":"https:\/\/www.demosmobilia.ch\/de\/product\/schreibtisch-modell-stadera-840\/#primaryimage","url":"https:\/\/www.demosmobilia.ch\/wp-content\/uploads\/2026\/02\/franco-albini-stadera-desk-poggi-1961-italian-design-01-1.jpg","contentUrl":"https:\/\/www.demosmobilia.ch\/wp-content\/uploads\/2026\/02\/franco-albini-stadera-desk-poggi-1961-italian-design-01-1.jpg","width":1200,"height":900},{"@type":"BreadcrumbList","@id":"https:\/\/www.demosmobilia.ch\/de\/product\/schreibtisch-modell-stadera-840\/#breadcrumb","itemListElement":[{"@type":"ListItem","position":1,"name":"Home","item":"https:\/\/www.demosmobilia.ch\/de\/"},{"@type":"ListItem","position":2,"name":"Produkte","item":"https:\/\/www.demosmobilia.ch\/de\/shop\/"},{"@type":"ListItem","position":3,"name":"Schreibtisch Modell Stadera 840"}]},{"@type":"WebSite","@id":"https:\/\/www.demosmobilia.ch\/de\/#website","url":"https:\/\/www.demosmobilia.ch\/de\/","name":"demosmobilia","description":"Vintage Mid Century Modern Design Furniture from the &#039;30s to the &#039;80s","publisher":{"@id":"https:\/\/www.demosmobilia.ch\/de\/#organization"},"potentialAction":[{"@type":"SearchAction","target":{"@type":"EntryPoint","urlTemplate":"https:\/\/www.demosmobilia.ch\/de\/?s={search_term_string}"},"query-input":{"@type":"PropertyValueSpecification","valueRequired":true,"valueName":"search_term_string"}}],"inLanguage":"de"},{"@type":"Organization","@id":"https:\/\/www.demosmobilia.ch\/de\/#organization","name":"demosmobilia","url":"https:\/\/www.demosmobilia.ch\/de\/","logo":{"@type":"ImageObject","inLanguage":"de","@id":"https:\/\/www.demosmobilia.ch\/de\/#\/schema\/logo\/image\/","url":"https:\/\/www.demosmobilia.ch\/wp-content\/uploads\/2020\/07\/demosmobilia-logo-2020-230-160.png","contentUrl":"https:\/\/www.demosmobilia.ch\/wp-content\/uploads\/2020\/07\/demosmobilia-logo-2020-230-160.png","width":230,"height":160,"caption":"demosmobilia"},"image":{"@id":"https:\/\/www.demosmobilia.ch\/de\/#\/schema\/logo\/image\/"},"sameAs":["https:\/\/www.facebook.com\/Demos-Mobilia-1137017453131445\/","https:\/\/www.instagram.com\/demosmobilia\/"]}]}},"_links":{"self":[{"href":"https:\/\/www.demosmobilia.ch\/de\/wp-json\/wp\/v2\/product\/85022","targetHints":{"allow":["GET"]}}],"collection":[{"href":"https:\/\/www.demosmobilia.ch\/de\/wp-json\/wp\/v2\/product"}],"about":[{"href":"https:\/\/www.demosmobilia.ch\/de\/wp-json\/wp\/v2\/types\/product"}],"wp:featuredmedia":[{"embeddable":true,"href":"https:\/\/www.demosmobilia.ch\/de\/wp-json\/wp\/v2\/media\/85537"}],"wp:attachment":[{"href":"https:\/\/www.demosmobilia.ch\/de\/wp-json\/wp\/v2\/media?parent=85022"}],"wp:term":[{"taxonomy":"product_cat","embeddable":true,"href":"https:\/\/www.demosmobilia.ch\/de\/wp-json\/wp\/v2\/product_cat?post=85022"},{"taxonomy":"product_tag","embeddable":true,"href":"https:\/\/www.demosmobilia.ch\/de\/wp-json\/wp\/v2\/product_tag?post=85022"}],"curies":[{"name":"wp","href":"https:\/\/api.w.org\/{rel}","templated":true}]}}