{"id":84979,"date":"2026-02-02T10:00:22","date_gmt":"2026-02-02T09:00:22","guid":{"rendered":"https:\/\/www.demosmobilia.ch\/product\/stuehle-modell-africa-8er-set-erstproduktion\/"},"modified":"2026-02-02T10:00:22","modified_gmt":"2026-02-02T09:00:22","slug":"stuehle-modell-africa-8er-set-erstproduktion","status":"publish","type":"product","link":"https:\/\/www.demosmobilia.ch\/de\/product\/stuehle-modell-africa-8er-set-erstproduktion\/","title":{"rendered":"St\u00fchle Modell Africa, 8er-Set, Erstproduktion"},"content":{"rendered":"<p data-start=\"129\" data-end=\"558\">Afra und Tobia Scarpa geh\u00f6ren zu den einflussreichsten Pers\u00f6nlichkeiten des italienischen Designs des 20. Jahrhunderts. Sie sind bekannt f\u00fcr einen Designansatz, der Innovation, handwerkliche Pr\u00e4zision und industrielle Kultur perfekt verbindet. Als kreatives Duo aktiv seit den fr\u00fchen 1960er-Jahren, pr\u00e4gten sie ma\u00dfgeblich die Sprache des modernen und zeitgen\u00f6ssischen Designs und arbeiteten mit einigen der bedeutendsten internationalen Designhersteller zusammen. <\/p>\n<p data-start=\"560\" data-end=\"925\">Ihre Arbeiten zeichnen sich durch besondere Aufmerksamkeit f\u00fcr Materialien, Struktur und das Verh\u00e4ltnis von Form und Funktion aus, wobei technisches K\u00f6nnen und \u00e4sthetische Sensibilit\u00e4t harmonisch vereint werden. Afra und Tobia Scarpa wirkten in verschiedenen Disziplinen \u2013 M\u00f6bel, Architektur, Beleuchtung und Industriedesign \u2013 und hinterlie\u00dfen einen nachhaltigen Einfluss auf die internationale Designlandschaft. <\/p>\n<p data-start=\"927\" data-end=\"1255\">Die Produktion f\u00fcr Maxalto geh\u00f6rt vollst\u00e4ndig zu dem, was heute als Luxury Design bezeichnet wird \u2013 ein Bereich, der f\u00fcr herausragende Handwerkskunst, hochwertige Materialien und zeitlose Qualit\u00e4t steht. In diesem Kontext z\u00e4hlen die ikonischen Africa-St\u00fchle von Maxalto, hergestellt in der ersten Edition, zu den Meisterwerken des sammelw\u00fcrdigen Designs. <\/p>\n<p data-start=\"1257\" data-end=\"1536\">Die Africa-St\u00fchle, erste Edition, bestechen durch elegante Proportionen, klare Strukturen und fein verarbeitete Holzelemente und verk\u00f6rpern die Scarpa-Vision von Luxus: zeitloses, essenzielles Design, das Funktionalit\u00e4t, Komfort und skulpturale Pr\u00e4senz vereint.<\/p>\n<p data-start=\"1538\" data-end=\"1856\">Heute gelten Afra und Tobia Scarpa als f\u00fchrende Pers\u00f6nlichkeiten des italienischen Luxusdesigns, w\u00e4hrend die Africa-St\u00fchle von Sammlern, Galerien und Liebhabern hochwertigen historischen Designs hoch gesch\u00e4tzt werden und ein zentrales Zeugnis der Maxalto-Produktion sowie des kreativen Erbes des Scarpa-Duos darstellen.<\/p>\n","protected":false},"excerpt":{"rendered":"<p>Afra und Tobia Scarpa geh\u00f6ren zu den einflussreichsten Pers\u00f6nlichkeiten des italienischen Designs des 20. Jahrhunderts. Sie sind bekannt f\u00fcr einen Designansatz, der Innovation, handwerkliche Pr\u00e4zision und industrielle Kultur perfekt verbindet. Als kreatives Duo aktiv seit den fr\u00fchen 1960er-Jahren, pr\u00e4gten sie ma\u00dfgeblich die Sprache des modernen und zeitgen\u00f6ssischen Designs und arbeiteten mit einigen der bedeutendsten internationalen Designhersteller zusammen. Ihre Arbeiten zeichnen sich durch besondere Aufmerksamkeit f\u00fcr Materialien, Struktur und das Verh\u00e4ltnis von Form und Funktion aus, wobei technisches K\u00f6nnen und \u00e4sthetische Sensibilit\u00e4t harmonisch vereint werden. Afra und Tobia Scarpa wirkten in verschiedenen Disziplinen \u2013 M\u00f6bel, Architektur, Beleuchtung und Industriedesign \u2013 und hinterlie\u00dfen einen nachhaltigen Einfluss auf<a class=\"more-link\" href=\"https:\/\/www.demosmobilia.ch\/de\/product\/stuehle-modell-africa-8er-set-erstproduktion\/\">Read More &rarr;<\/a><\/p>\n","protected":false},"featured_media":85582,"template":"","meta":{"_monsterinsights_skip_tracking":false,"_monsterinsights_sitenote_active":false,"_monsterinsights_sitenote_note":"","_monsterinsights_sitenote_category":0,"kk_blocks_editor_width":"","_kiokenblocks_attr":"","_kiokenblocks_dimensions":""},"product_cat":[4106,4161],"product_tag":[6580],"class_list":{"0":"entry","1":"author-demosmobilia","2":"post-84979","3":"product","4":"type-product","5":"status-publish","6":"has-post-thumbnail","7":"product_production-maxalto","8":"product_year-2592","9":"product_nation-italien-de","10":"product_cat-neuheiten","11":"product_cat-stuhlen","12":"product_tag-scarpa-afra-tobia-de","13":"pa_product_dimension-56-x-46-x-sitzflache-ht-47-x-gesamt-ht-79-cm","14":"pa_product_material-nussbaum-ebenholz-messing-leder","16":"first","17":"instock","18":"featured","19":"shipping-taxable","20":"product-type-simple"},"yoast_head":"<!-- This site is optimized with the Yoast SEO plugin v24.0 - https:\/\/yoast.com\/wordpress\/plugins\/seo\/ -->\n<title>St\u00fchle Modell Africa, 8er-Set, Erstproduktion &#8211; demosmobilia<\/title>\n<meta name=\"robots\" content=\"index, follow, max-snippet:-1, max-image-preview:large, max-video-preview:-1\" \/>\n<link rel=\"canonical\" href=\"https:\/\/www.demosmobilia.ch\/de\/product\/stuehle-modell-africa-8er-set-erstproduktion\/\" \/>\n<meta property=\"og:locale\" content=\"de_DE\" \/>\n<meta property=\"og:type\" content=\"article\" \/>\n<meta property=\"og:title\" content=\"St\u00fchle Modell Africa, 8er-Set, Erstproduktion &#8211; demosmobilia\" \/>\n<meta property=\"og:description\" content=\"Afra und Tobia Scarpa geh\u00f6ren zu den einflussreichsten Pers\u00f6nlichkeiten des italienischen Designs des 20. Jahrhunderts. Sie sind bekannt f\u00fcr einen Designansatz, der Innovation, handwerkliche Pr\u00e4zision und industrielle Kultur perfekt verbindet. Als kreatives Duo aktiv seit den fr\u00fchen 1960er-Jahren, pr\u00e4gten sie ma\u00dfgeblich die Sprache des modernen und zeitgen\u00f6ssischen Designs und arbeiteten mit einigen der bedeutendsten internationalen Designhersteller zusammen. Ihre Arbeiten zeichnen sich durch besondere Aufmerksamkeit f\u00fcr Materialien, Struktur und das Verh\u00e4ltnis von Form und Funktion aus, wobei technisches K\u00f6nnen und \u00e4sthetische Sensibilit\u00e4t harmonisch vereint werden. Afra und Tobia Scarpa wirkten in verschiedenen Disziplinen \u2013 M\u00f6bel, Architektur, Beleuchtung und Industriedesign \u2013 und hinterlie\u00dfen einen nachhaltigen Einfluss aufRead More &rarr;\" \/>\n<meta property=\"og:url\" content=\"https:\/\/www.demosmobilia.ch\/de\/product\/stuehle-modell-africa-8er-set-erstproduktion\/\" \/>\n<meta property=\"og:site_name\" content=\"demosmobilia\" \/>\n<meta property=\"article:publisher\" content=\"https:\/\/www.facebook.com\/Demos-Mobilia-1137017453131445\/\" \/>\n<meta property=\"og:image\" content=\"https:\/\/www.demosmobilia.ch\/wp-content\/uploads\/2026\/02\/maxalto-africa-chairs-afra-tobia-scarpa-1975-italian-luxury-design-01.jpg\" \/>\n\t<meta property=\"og:image:width\" content=\"1200\" \/>\n\t<meta property=\"og:image:height\" content=\"900\" \/>\n\t<meta property=\"og:image:type\" content=\"image\/jpeg\" \/>\n<meta name=\"twitter:card\" content=\"summary_large_image\" \/>\n<meta name=\"twitter:label1\" content=\"Gesch\u00e4tzte Lesezeit\" \/>\n\t<meta name=\"twitter:data1\" content=\"1\u00a0Minute\" \/>\n<script type=\"application\/ld+json\" class=\"yoast-schema-graph\">{\"@context\":\"https:\/\/schema.org\",\"@graph\":[{\"@type\":\"WebPage\",\"@id\":\"https:\/\/www.demosmobilia.ch\/de\/product\/stuehle-modell-africa-8er-set-erstproduktion\/\",\"url\":\"https:\/\/www.demosmobilia.ch\/de\/product\/stuehle-modell-africa-8er-set-erstproduktion\/\",\"name\":\"St\u00fchle Modell Africa, 8er-Set, Erstproduktion &#8211; demosmobilia\",\"isPartOf\":{\"@id\":\"https:\/\/www.demosmobilia.ch\/de\/#website\"},\"primaryImageOfPage\":{\"@id\":\"https:\/\/www.demosmobilia.ch\/de\/product\/stuehle-modell-africa-8er-set-erstproduktion\/#primaryimage\"},\"image\":{\"@id\":\"https:\/\/www.demosmobilia.ch\/de\/product\/stuehle-modell-africa-8er-set-erstproduktion\/#primaryimage\"},\"thumbnailUrl\":\"https:\/\/www.demosmobilia.ch\/wp-content\/uploads\/2026\/02\/maxalto-africa-chairs-afra-tobia-scarpa-1975-italian-luxury-design-01-1.jpg\",\"datePublished\":\"2026-02-02T09:00:22+00:00\",\"dateModified\":\"2026-02-02T09:00:22+00:00\",\"breadcrumb\":{\"@id\":\"https:\/\/www.demosmobilia.ch\/de\/product\/stuehle-modell-africa-8er-set-erstproduktion\/#breadcrumb\"},\"inLanguage\":\"de\",\"potentialAction\":[{\"@type\":\"ReadAction\",\"target\":[\"https:\/\/www.demosmobilia.ch\/de\/product\/stuehle-modell-africa-8er-set-erstproduktion\/\"]}]},{\"@type\":\"ImageObject\",\"inLanguage\":\"de\",\"@id\":\"https:\/\/www.demosmobilia.ch\/de\/product\/stuehle-modell-africa-8er-set-erstproduktion\/#primaryimage\",\"url\":\"https:\/\/www.demosmobilia.ch\/wp-content\/uploads\/2026\/02\/maxalto-africa-chairs-afra-tobia-scarpa-1975-italian-luxury-design-01-1.jpg\",\"contentUrl\":\"https:\/\/www.demosmobilia.ch\/wp-content\/uploads\/2026\/02\/maxalto-africa-chairs-afra-tobia-scarpa-1975-italian-luxury-design-01-1.jpg\",\"width\":1200,\"height\":900},{\"@type\":\"BreadcrumbList\",\"@id\":\"https:\/\/www.demosmobilia.ch\/de\/product\/stuehle-modell-africa-8er-set-erstproduktion\/#breadcrumb\",\"itemListElement\":[{\"@type\":\"ListItem\",\"position\":1,\"name\":\"Home\",\"item\":\"https:\/\/www.demosmobilia.ch\/de\/\"},{\"@type\":\"ListItem\",\"position\":2,\"name\":\"Produkte\",\"item\":\"https:\/\/www.demosmobilia.ch\/de\/shop\/\"},{\"@type\":\"ListItem\",\"position\":3,\"name\":\"St\u00fchle Modell Africa, 8er-Set, Erstproduktion\"}]},{\"@type\":\"WebSite\",\"@id\":\"https:\/\/www.demosmobilia.ch\/de\/#website\",\"url\":\"https:\/\/www.demosmobilia.ch\/de\/\",\"name\":\"demosmobilia\",\"description\":\"Vintage Mid Century Modern Design Furniture from the &#039;30s to the &#039;80s\",\"publisher\":{\"@id\":\"https:\/\/www.demosmobilia.ch\/de\/#organization\"},\"potentialAction\":[{\"@type\":\"SearchAction\",\"target\":{\"@type\":\"EntryPoint\",\"urlTemplate\":\"https:\/\/www.demosmobilia.ch\/de\/?s={search_term_string}\"},\"query-input\":{\"@type\":\"PropertyValueSpecification\",\"valueRequired\":true,\"valueName\":\"search_term_string\"}}],\"inLanguage\":\"de\"},{\"@type\":\"Organization\",\"@id\":\"https:\/\/www.demosmobilia.ch\/de\/#organization\",\"name\":\"demosmobilia\",\"url\":\"https:\/\/www.demosmobilia.ch\/de\/\",\"logo\":{\"@type\":\"ImageObject\",\"inLanguage\":\"de\",\"@id\":\"https:\/\/www.demosmobilia.ch\/de\/#\/schema\/logo\/image\/\",\"url\":\"https:\/\/www.demosmobilia.ch\/wp-content\/uploads\/2020\/07\/demosmobilia-logo-2020-230-160.png\",\"contentUrl\":\"https:\/\/www.demosmobilia.ch\/wp-content\/uploads\/2020\/07\/demosmobilia-logo-2020-230-160.png\",\"width\":230,\"height\":160,\"caption\":\"demosmobilia\"},\"image\":{\"@id\":\"https:\/\/www.demosmobilia.ch\/de\/#\/schema\/logo\/image\/\"},\"sameAs\":[\"https:\/\/www.facebook.com\/Demos-Mobilia-1137017453131445\/\",\"https:\/\/www.instagram.com\/demosmobilia\/\"]}]}<\/script>\n<!-- \/ Yoast SEO plugin. -->","yoast_head_json":{"title":"St\u00fchle Modell Africa, 8er-Set, Erstproduktion &#8211; demosmobilia","robots":{"index":"index","follow":"follow","max-snippet":"max-snippet:-1","max-image-preview":"max-image-preview:large","max-video-preview":"max-video-preview:-1"},"canonical":"https:\/\/www.demosmobilia.ch\/de\/product\/stuehle-modell-africa-8er-set-erstproduktion\/","og_locale":"de_DE","og_type":"article","og_title":"St\u00fchle Modell Africa, 8er-Set, Erstproduktion &#8211; demosmobilia","og_description":"Afra und Tobia Scarpa geh\u00f6ren zu den einflussreichsten Pers\u00f6nlichkeiten des italienischen Designs des 20. Jahrhunderts. Sie sind bekannt f\u00fcr einen Designansatz, der Innovation, handwerkliche Pr\u00e4zision und industrielle Kultur perfekt verbindet. Als kreatives Duo aktiv seit den fr\u00fchen 1960er-Jahren, pr\u00e4gten sie ma\u00dfgeblich die Sprache des modernen und zeitgen\u00f6ssischen Designs und arbeiteten mit einigen der bedeutendsten internationalen Designhersteller zusammen. Ihre Arbeiten zeichnen sich durch besondere Aufmerksamkeit f\u00fcr Materialien, Struktur und das Verh\u00e4ltnis von Form und Funktion aus, wobei technisches K\u00f6nnen und \u00e4sthetische Sensibilit\u00e4t harmonisch vereint werden. Afra und Tobia Scarpa wirkten in verschiedenen Disziplinen \u2013 M\u00f6bel, Architektur, Beleuchtung und Industriedesign \u2013 und hinterlie\u00dfen einen nachhaltigen Einfluss aufRead More &rarr;","og_url":"https:\/\/www.demosmobilia.ch\/de\/product\/stuehle-modell-africa-8er-set-erstproduktion\/","og_site_name":"demosmobilia","article_publisher":"https:\/\/www.facebook.com\/Demos-Mobilia-1137017453131445\/","og_image":[{"width":1200,"height":900,"url":"https:\/\/www.demosmobilia.ch\/wp-content\/uploads\/2026\/02\/maxalto-africa-chairs-afra-tobia-scarpa-1975-italian-luxury-design-01.jpg","type":"image\/jpeg"}],"twitter_card":"summary_large_image","twitter_misc":{"Gesch\u00e4tzte Lesezeit":"1\u00a0Minute"},"schema":{"@context":"https:\/\/schema.org","@graph":[{"@type":"WebPage","@id":"https:\/\/www.demosmobilia.ch\/de\/product\/stuehle-modell-africa-8er-set-erstproduktion\/","url":"https:\/\/www.demosmobilia.ch\/de\/product\/stuehle-modell-africa-8er-set-erstproduktion\/","name":"St\u00fchle Modell Africa, 8er-Set, Erstproduktion &#8211; demosmobilia","isPartOf":{"@id":"https:\/\/www.demosmobilia.ch\/de\/#website"},"primaryImageOfPage":{"@id":"https:\/\/www.demosmobilia.ch\/de\/product\/stuehle-modell-africa-8er-set-erstproduktion\/#primaryimage"},"image":{"@id":"https:\/\/www.demosmobilia.ch\/de\/product\/stuehle-modell-africa-8er-set-erstproduktion\/#primaryimage"},"thumbnailUrl":"https:\/\/www.demosmobilia.ch\/wp-content\/uploads\/2026\/02\/maxalto-africa-chairs-afra-tobia-scarpa-1975-italian-luxury-design-01-1.jpg","datePublished":"2026-02-02T09:00:22+00:00","dateModified":"2026-02-02T09:00:22+00:00","breadcrumb":{"@id":"https:\/\/www.demosmobilia.ch\/de\/product\/stuehle-modell-africa-8er-set-erstproduktion\/#breadcrumb"},"inLanguage":"de","potentialAction":[{"@type":"ReadAction","target":["https:\/\/www.demosmobilia.ch\/de\/product\/stuehle-modell-africa-8er-set-erstproduktion\/"]}]},{"@type":"ImageObject","inLanguage":"de","@id":"https:\/\/www.demosmobilia.ch\/de\/product\/stuehle-modell-africa-8er-set-erstproduktion\/#primaryimage","url":"https:\/\/www.demosmobilia.ch\/wp-content\/uploads\/2026\/02\/maxalto-africa-chairs-afra-tobia-scarpa-1975-italian-luxury-design-01-1.jpg","contentUrl":"https:\/\/www.demosmobilia.ch\/wp-content\/uploads\/2026\/02\/maxalto-africa-chairs-afra-tobia-scarpa-1975-italian-luxury-design-01-1.jpg","width":1200,"height":900},{"@type":"BreadcrumbList","@id":"https:\/\/www.demosmobilia.ch\/de\/product\/stuehle-modell-africa-8er-set-erstproduktion\/#breadcrumb","itemListElement":[{"@type":"ListItem","position":1,"name":"Home","item":"https:\/\/www.demosmobilia.ch\/de\/"},{"@type":"ListItem","position":2,"name":"Produkte","item":"https:\/\/www.demosmobilia.ch\/de\/shop\/"},{"@type":"ListItem","position":3,"name":"St\u00fchle Modell Africa, 8er-Set, Erstproduktion"}]},{"@type":"WebSite","@id":"https:\/\/www.demosmobilia.ch\/de\/#website","url":"https:\/\/www.demosmobilia.ch\/de\/","name":"demosmobilia","description":"Vintage Mid Century Modern Design Furniture from the &#039;30s to the &#039;80s","publisher":{"@id":"https:\/\/www.demosmobilia.ch\/de\/#organization"},"potentialAction":[{"@type":"SearchAction","target":{"@type":"EntryPoint","urlTemplate":"https:\/\/www.demosmobilia.ch\/de\/?s={search_term_string}"},"query-input":{"@type":"PropertyValueSpecification","valueRequired":true,"valueName":"search_term_string"}}],"inLanguage":"de"},{"@type":"Organization","@id":"https:\/\/www.demosmobilia.ch\/de\/#organization","name":"demosmobilia","url":"https:\/\/www.demosmobilia.ch\/de\/","logo":{"@type":"ImageObject","inLanguage":"de","@id":"https:\/\/www.demosmobilia.ch\/de\/#\/schema\/logo\/image\/","url":"https:\/\/www.demosmobilia.ch\/wp-content\/uploads\/2020\/07\/demosmobilia-logo-2020-230-160.png","contentUrl":"https:\/\/www.demosmobilia.ch\/wp-content\/uploads\/2020\/07\/demosmobilia-logo-2020-230-160.png","width":230,"height":160,"caption":"demosmobilia"},"image":{"@id":"https:\/\/www.demosmobilia.ch\/de\/#\/schema\/logo\/image\/"},"sameAs":["https:\/\/www.facebook.com\/Demos-Mobilia-1137017453131445\/","https:\/\/www.instagram.com\/demosmobilia\/"]}]}},"_links":{"self":[{"href":"https:\/\/www.demosmobilia.ch\/de\/wp-json\/wp\/v2\/product\/84979","targetHints":{"allow":["GET"]}}],"collection":[{"href":"https:\/\/www.demosmobilia.ch\/de\/wp-json\/wp\/v2\/product"}],"about":[{"href":"https:\/\/www.demosmobilia.ch\/de\/wp-json\/wp\/v2\/types\/product"}],"wp:featuredmedia":[{"embeddable":true,"href":"https:\/\/www.demosmobilia.ch\/de\/wp-json\/wp\/v2\/media\/85582"}],"wp:attachment":[{"href":"https:\/\/www.demosmobilia.ch\/de\/wp-json\/wp\/v2\/media?parent=84979"}],"wp:term":[{"taxonomy":"product_cat","embeddable":true,"href":"https:\/\/www.demosmobilia.ch\/de\/wp-json\/wp\/v2\/product_cat?post=84979"},{"taxonomy":"product_tag","embeddable":true,"href":"https:\/\/www.demosmobilia.ch\/de\/wp-json\/wp\/v2\/product_tag?post=84979"}],"curies":[{"name":"wp","href":"https:\/\/api.w.org\/{rel}","templated":true}]}}