{"id":84910,"date":"2026-03-10T09:10:29","date_gmt":"2026-03-10T08:10:29","guid":{"rendered":"https:\/\/www.demosmobilia.ch\/product\/grosser-schaukelstuhl-aus-tibetischem-ziegenfell-modell-yeti\/"},"modified":"2026-02-02T10:10:29","modified_gmt":"2026-02-02T09:10:29","slug":"grosser-schaukelstuhl-aus-tibetischem-ziegenfell-modell-yeti","status":"publish","type":"product","link":"https:\/\/www.demosmobilia.ch\/de\/product\/grosser-schaukelstuhl-aus-tibetischem-ziegenfell-modell-yeti\/","title":{"rendered":"Gro\u00dfer Schaukelstuhl aus tibetischem Ziegenfell, Modell Yeti"},"content":{"rendered":"<p data-start=\"121\" data-end=\"476\">Mario Scheichenbauer (geboren 1931) ist ein K\u00fcnstler und Designer, dessen Praxis sich an der Schnittstelle von visueller Experimentation, Design und zeitgen\u00f6ssischen Ausdrucksformen bewegt. In einem kontinuierlichen Dialog zwischen Kunst und Design hat Scheichenbauer eine eigenst\u00e4ndige, unverwechselbare Haltung entwickelt, die sich durch formale Ausgewogenheit, Materialbewusstsein und konzeptionelle Klarheit auszeichnet. <\/p>\n<p data-start=\"478\" data-end=\"760\">Er ist der Sch\u00f6pfer des ikonischen skulpturalen Schaukelstuhls, Modell Yeti, eines Werkes, das beispielhaft f\u00fcr die Verbindung von k\u00fcnstlerischem Ausdruck und funktionalem Design steht. Dieses Objekt zeichnet sich durch eine innovative Auseinandersetzung mit Form, Material und Bewegung aus und gilt als zentrales Werk seines Schaffens. <\/p>\n<p data-start=\"762\" data-end=\"1084\">Seine Arbeiten untersuchen das Verh\u00e4ltnis von Funktion und Ausdruck und verbinden k\u00fcnstlerische Sensibilit\u00e4t mit einem klaren gestalterischen Ansatz. Die Werke und Projekte von Mario Scheichenbauer spiegeln eine konsistente Vision wider, die sich \u00fcber Jahrzehnte kreativer Erfahrung entwickelt hat, und verorten sich im Bereich der Kunst und des Designs des 20. Jahrhunderts sowie der Gegenwart. <\/p>\n<p data-start=\"1086\" data-end=\"1326\">Als anerkannter K\u00fcnstler und Designer findet Mario Scheichenbauer kontinuierlich Aufmerksamkeit bei Sammlern, Kuratoren, Wissenschaftlern und Designliebhabern, dank eines interdisziplin\u00e4ren \u0152uvres, das Generationen und Disziplinen \u00fcberschreitet.<\/p>\n","protected":false},"excerpt":{"rendered":"<p>Mario Scheichenbauer (geboren 1931) ist ein K\u00fcnstler und Designer, dessen Praxis sich an der Schnittstelle von visueller Experimentation, Design und zeitgen\u00f6ssischen Ausdrucksformen bewegt. In einem kontinuierlichen Dialog zwischen Kunst und Design hat Scheichenbauer eine eigenst\u00e4ndige, unverwechselbare Haltung entwickelt, die sich durch formale Ausgewogenheit, Materialbewusstsein und konzeptionelle Klarheit auszeichnet. Er ist der Sch\u00f6pfer des ikonischen skulpturalen Schaukelstuhls, Modell Yeti, eines Werkes, das beispielhaft f\u00fcr die Verbindung von k\u00fcnstlerischem Ausdruck und funktionalem Design steht. Dieses Objekt zeichnet sich durch eine innovative Auseinandersetzung mit Form, Material und Bewegung aus und gilt als zentrales Werk seines Schaffens. Seine Arbeiten untersuchen das Verh\u00e4ltnis von Funktion und Ausdruck und verbinden k\u00fcnstlerische<a class=\"more-link\" href=\"https:\/\/www.demosmobilia.ch\/de\/product\/grosser-schaukelstuhl-aus-tibetischem-ziegenfell-modell-yeti\/\">Read More &rarr;<\/a><\/p>\n","protected":false},"featured_media":85532,"template":"","meta":{"_monsterinsights_skip_tracking":false,"_monsterinsights_sitenote_active":false,"_monsterinsights_sitenote_note":"","_monsterinsights_sitenote_category":0,"kk_blocks_editor_width":"","_kiokenblocks_attr":"","_kiokenblocks_dimensions":""},"product_cat":[4106,4155],"product_tag":[14346],"class_list":{"0":"entry","1":"author-demosmobilia","2":"post-84910","3":"product","4":"type-product","5":"status-publish","6":"has-post-thumbnail","7":"product_production-elam","8":"product_year-3377","9":"product_nation-italien-de","10":"product_cat-neuheiten","11":"product_cat-sessel-de","12":"product_tag-scheichenbauer-mario","13":"pa_product_dimension-136-x-130-x-sitzhohe-45-x-gesamthohe-89-cm","14":"pa_product_material-esche-tibetisches-ziegenfell","16":"first","17":"outofstock","18":"shipping-taxable","19":"product-type-simple"},"yoast_head":"<!-- This site is optimized with the Yoast SEO plugin v24.0 - https:\/\/yoast.com\/wordpress\/plugins\/seo\/ -->\n<title>Gro\u00dfer Schaukelstuhl aus tibetischem Ziegenfell, Modell Yeti &#8211; demosmobilia<\/title>\n<meta name=\"robots\" content=\"index, follow, max-snippet:-1, max-image-preview:large, max-video-preview:-1\" \/>\n<link rel=\"canonical\" href=\"https:\/\/www.demosmobilia.ch\/de\/product\/grosser-schaukelstuhl-aus-tibetischem-ziegenfell-modell-yeti\/\" \/>\n<meta property=\"og:locale\" content=\"de_DE\" \/>\n<meta property=\"og:type\" content=\"article\" \/>\n<meta property=\"og:title\" content=\"Gro\u00dfer Schaukelstuhl aus tibetischem Ziegenfell, Modell Yeti &#8211; demosmobilia\" \/>\n<meta property=\"og:description\" content=\"Mario Scheichenbauer (geboren 1931) ist ein K\u00fcnstler und Designer, dessen Praxis sich an der Schnittstelle von visueller Experimentation, Design und zeitgen\u00f6ssischen Ausdrucksformen bewegt. In einem kontinuierlichen Dialog zwischen Kunst und Design hat Scheichenbauer eine eigenst\u00e4ndige, unverwechselbare Haltung entwickelt, die sich durch formale Ausgewogenheit, Materialbewusstsein und konzeptionelle Klarheit auszeichnet. Er ist der Sch\u00f6pfer des ikonischen skulpturalen Schaukelstuhls, Modell Yeti, eines Werkes, das beispielhaft f\u00fcr die Verbindung von k\u00fcnstlerischem Ausdruck und funktionalem Design steht. Dieses Objekt zeichnet sich durch eine innovative Auseinandersetzung mit Form, Material und Bewegung aus und gilt als zentrales Werk seines Schaffens. Seine Arbeiten untersuchen das Verh\u00e4ltnis von Funktion und Ausdruck und verbinden k\u00fcnstlerischeRead More &rarr;\" \/>\n<meta property=\"og:url\" content=\"https:\/\/www.demosmobilia.ch\/de\/product\/grosser-schaukelstuhl-aus-tibetischem-ziegenfell-modell-yeti\/\" \/>\n<meta property=\"og:site_name\" content=\"demosmobilia\" \/>\n<meta property=\"article:publisher\" content=\"https:\/\/www.facebook.com\/Demos-Mobilia-1137017453131445\/\" \/>\n<meta property=\"article:modified_time\" content=\"2026-02-02T09:10:29+00:00\" \/>\n<meta property=\"og:image\" content=\"https:\/\/www.demosmobilia.ch\/wp-content\/uploads\/2026\/02\/yeti-rocking-lounge-chair-1970-mario-scheichenbauer-elam-01-1.jpg\" \/>\n\t<meta property=\"og:image:width\" content=\"1200\" \/>\n\t<meta property=\"og:image:height\" content=\"900\" \/>\n\t<meta property=\"og:image:type\" content=\"image\/jpeg\" \/>\n<meta name=\"twitter:card\" content=\"summary_large_image\" \/>\n<meta name=\"twitter:label1\" content=\"Gesch\u00e4tzte Lesezeit\" \/>\n\t<meta name=\"twitter:data1\" content=\"1\u00a0Minute\" \/>\n<script type=\"application\/ld+json\" class=\"yoast-schema-graph\">{\"@context\":\"https:\/\/schema.org\",\"@graph\":[{\"@type\":\"WebPage\",\"@id\":\"https:\/\/www.demosmobilia.ch\/de\/product\/grosser-schaukelstuhl-aus-tibetischem-ziegenfell-modell-yeti\/\",\"url\":\"https:\/\/www.demosmobilia.ch\/de\/product\/grosser-schaukelstuhl-aus-tibetischem-ziegenfell-modell-yeti\/\",\"name\":\"Gro\u00dfer Schaukelstuhl aus tibetischem Ziegenfell, Modell Yeti &#8211; demosmobilia\",\"isPartOf\":{\"@id\":\"https:\/\/www.demosmobilia.ch\/de\/#website\"},\"primaryImageOfPage\":{\"@id\":\"https:\/\/www.demosmobilia.ch\/de\/product\/grosser-schaukelstuhl-aus-tibetischem-ziegenfell-modell-yeti\/#primaryimage\"},\"image\":{\"@id\":\"https:\/\/www.demosmobilia.ch\/de\/product\/grosser-schaukelstuhl-aus-tibetischem-ziegenfell-modell-yeti\/#primaryimage\"},\"thumbnailUrl\":\"https:\/\/www.demosmobilia.ch\/wp-content\/uploads\/2026\/02\/yeti-rocking-lounge-chair-1970-mario-scheichenbauer-elam-01-1.jpg\",\"datePublished\":\"2026-03-10T08:10:29+00:00\",\"dateModified\":\"2026-02-02T09:10:29+00:00\",\"breadcrumb\":{\"@id\":\"https:\/\/www.demosmobilia.ch\/de\/product\/grosser-schaukelstuhl-aus-tibetischem-ziegenfell-modell-yeti\/#breadcrumb\"},\"inLanguage\":\"de\",\"potentialAction\":[{\"@type\":\"ReadAction\",\"target\":[\"https:\/\/www.demosmobilia.ch\/de\/product\/grosser-schaukelstuhl-aus-tibetischem-ziegenfell-modell-yeti\/\"]}]},{\"@type\":\"ImageObject\",\"inLanguage\":\"de\",\"@id\":\"https:\/\/www.demosmobilia.ch\/de\/product\/grosser-schaukelstuhl-aus-tibetischem-ziegenfell-modell-yeti\/#primaryimage\",\"url\":\"https:\/\/www.demosmobilia.ch\/wp-content\/uploads\/2026\/02\/yeti-rocking-lounge-chair-1970-mario-scheichenbauer-elam-01-1.jpg\",\"contentUrl\":\"https:\/\/www.demosmobilia.ch\/wp-content\/uploads\/2026\/02\/yeti-rocking-lounge-chair-1970-mario-scheichenbauer-elam-01-1.jpg\",\"width\":1200,\"height\":900},{\"@type\":\"BreadcrumbList\",\"@id\":\"https:\/\/www.demosmobilia.ch\/de\/product\/grosser-schaukelstuhl-aus-tibetischem-ziegenfell-modell-yeti\/#breadcrumb\",\"itemListElement\":[{\"@type\":\"ListItem\",\"position\":1,\"name\":\"Home\",\"item\":\"https:\/\/www.demosmobilia.ch\/de\/\"},{\"@type\":\"ListItem\",\"position\":2,\"name\":\"Produkte\",\"item\":\"https:\/\/www.demosmobilia.ch\/de\/shop\/\"},{\"@type\":\"ListItem\",\"position\":3,\"name\":\"Gro\u00dfer Schaukelstuhl aus tibetischem Ziegenfell, Modell Yeti\"}]},{\"@type\":\"WebSite\",\"@id\":\"https:\/\/www.demosmobilia.ch\/de\/#website\",\"url\":\"https:\/\/www.demosmobilia.ch\/de\/\",\"name\":\"demosmobilia\",\"description\":\"Vintage Mid Century Modern Design Furniture from the &#039;30s to the &#039;80s\",\"publisher\":{\"@id\":\"https:\/\/www.demosmobilia.ch\/de\/#organization\"},\"potentialAction\":[{\"@type\":\"SearchAction\",\"target\":{\"@type\":\"EntryPoint\",\"urlTemplate\":\"https:\/\/www.demosmobilia.ch\/de\/?s={search_term_string}\"},\"query-input\":{\"@type\":\"PropertyValueSpecification\",\"valueRequired\":true,\"valueName\":\"search_term_string\"}}],\"inLanguage\":\"de\"},{\"@type\":\"Organization\",\"@id\":\"https:\/\/www.demosmobilia.ch\/de\/#organization\",\"name\":\"demosmobilia\",\"url\":\"https:\/\/www.demosmobilia.ch\/de\/\",\"logo\":{\"@type\":\"ImageObject\",\"inLanguage\":\"de\",\"@id\":\"https:\/\/www.demosmobilia.ch\/de\/#\/schema\/logo\/image\/\",\"url\":\"https:\/\/www.demosmobilia.ch\/wp-content\/uploads\/2020\/07\/demosmobilia-logo-2020-230-160.png\",\"contentUrl\":\"https:\/\/www.demosmobilia.ch\/wp-content\/uploads\/2020\/07\/demosmobilia-logo-2020-230-160.png\",\"width\":230,\"height\":160,\"caption\":\"demosmobilia\"},\"image\":{\"@id\":\"https:\/\/www.demosmobilia.ch\/de\/#\/schema\/logo\/image\/\"},\"sameAs\":[\"https:\/\/www.facebook.com\/Demos-Mobilia-1137017453131445\/\",\"https:\/\/www.instagram.com\/demosmobilia\/\"]}]}<\/script>\n<!-- \/ Yoast SEO plugin. -->","yoast_head_json":{"title":"Gro\u00dfer Schaukelstuhl aus tibetischem Ziegenfell, Modell Yeti &#8211; demosmobilia","robots":{"index":"index","follow":"follow","max-snippet":"max-snippet:-1","max-image-preview":"max-image-preview:large","max-video-preview":"max-video-preview:-1"},"canonical":"https:\/\/www.demosmobilia.ch\/de\/product\/grosser-schaukelstuhl-aus-tibetischem-ziegenfell-modell-yeti\/","og_locale":"de_DE","og_type":"article","og_title":"Gro\u00dfer Schaukelstuhl aus tibetischem Ziegenfell, Modell Yeti &#8211; demosmobilia","og_description":"Mario Scheichenbauer (geboren 1931) ist ein K\u00fcnstler und Designer, dessen Praxis sich an der Schnittstelle von visueller Experimentation, Design und zeitgen\u00f6ssischen Ausdrucksformen bewegt. In einem kontinuierlichen Dialog zwischen Kunst und Design hat Scheichenbauer eine eigenst\u00e4ndige, unverwechselbare Haltung entwickelt, die sich durch formale Ausgewogenheit, Materialbewusstsein und konzeptionelle Klarheit auszeichnet. Er ist der Sch\u00f6pfer des ikonischen skulpturalen Schaukelstuhls, Modell Yeti, eines Werkes, das beispielhaft f\u00fcr die Verbindung von k\u00fcnstlerischem Ausdruck und funktionalem Design steht. Dieses Objekt zeichnet sich durch eine innovative Auseinandersetzung mit Form, Material und Bewegung aus und gilt als zentrales Werk seines Schaffens. Seine Arbeiten untersuchen das Verh\u00e4ltnis von Funktion und Ausdruck und verbinden k\u00fcnstlerischeRead More &rarr;","og_url":"https:\/\/www.demosmobilia.ch\/de\/product\/grosser-schaukelstuhl-aus-tibetischem-ziegenfell-modell-yeti\/","og_site_name":"demosmobilia","article_publisher":"https:\/\/www.facebook.com\/Demos-Mobilia-1137017453131445\/","article_modified_time":"2026-02-02T09:10:29+00:00","og_image":[{"width":1200,"height":900,"url":"https:\/\/www.demosmobilia.ch\/wp-content\/uploads\/2026\/02\/yeti-rocking-lounge-chair-1970-mario-scheichenbauer-elam-01-1.jpg","type":"image\/jpeg"}],"twitter_card":"summary_large_image","twitter_misc":{"Gesch\u00e4tzte Lesezeit":"1\u00a0Minute"},"schema":{"@context":"https:\/\/schema.org","@graph":[{"@type":"WebPage","@id":"https:\/\/www.demosmobilia.ch\/de\/product\/grosser-schaukelstuhl-aus-tibetischem-ziegenfell-modell-yeti\/","url":"https:\/\/www.demosmobilia.ch\/de\/product\/grosser-schaukelstuhl-aus-tibetischem-ziegenfell-modell-yeti\/","name":"Gro\u00dfer Schaukelstuhl aus tibetischem Ziegenfell, Modell Yeti &#8211; demosmobilia","isPartOf":{"@id":"https:\/\/www.demosmobilia.ch\/de\/#website"},"primaryImageOfPage":{"@id":"https:\/\/www.demosmobilia.ch\/de\/product\/grosser-schaukelstuhl-aus-tibetischem-ziegenfell-modell-yeti\/#primaryimage"},"image":{"@id":"https:\/\/www.demosmobilia.ch\/de\/product\/grosser-schaukelstuhl-aus-tibetischem-ziegenfell-modell-yeti\/#primaryimage"},"thumbnailUrl":"https:\/\/www.demosmobilia.ch\/wp-content\/uploads\/2026\/02\/yeti-rocking-lounge-chair-1970-mario-scheichenbauer-elam-01-1.jpg","datePublished":"2026-03-10T08:10:29+00:00","dateModified":"2026-02-02T09:10:29+00:00","breadcrumb":{"@id":"https:\/\/www.demosmobilia.ch\/de\/product\/grosser-schaukelstuhl-aus-tibetischem-ziegenfell-modell-yeti\/#breadcrumb"},"inLanguage":"de","potentialAction":[{"@type":"ReadAction","target":["https:\/\/www.demosmobilia.ch\/de\/product\/grosser-schaukelstuhl-aus-tibetischem-ziegenfell-modell-yeti\/"]}]},{"@type":"ImageObject","inLanguage":"de","@id":"https:\/\/www.demosmobilia.ch\/de\/product\/grosser-schaukelstuhl-aus-tibetischem-ziegenfell-modell-yeti\/#primaryimage","url":"https:\/\/www.demosmobilia.ch\/wp-content\/uploads\/2026\/02\/yeti-rocking-lounge-chair-1970-mario-scheichenbauer-elam-01-1.jpg","contentUrl":"https:\/\/www.demosmobilia.ch\/wp-content\/uploads\/2026\/02\/yeti-rocking-lounge-chair-1970-mario-scheichenbauer-elam-01-1.jpg","width":1200,"height":900},{"@type":"BreadcrumbList","@id":"https:\/\/www.demosmobilia.ch\/de\/product\/grosser-schaukelstuhl-aus-tibetischem-ziegenfell-modell-yeti\/#breadcrumb","itemListElement":[{"@type":"ListItem","position":1,"name":"Home","item":"https:\/\/www.demosmobilia.ch\/de\/"},{"@type":"ListItem","position":2,"name":"Produkte","item":"https:\/\/www.demosmobilia.ch\/de\/shop\/"},{"@type":"ListItem","position":3,"name":"Gro\u00dfer Schaukelstuhl aus tibetischem Ziegenfell, Modell Yeti"}]},{"@type":"WebSite","@id":"https:\/\/www.demosmobilia.ch\/de\/#website","url":"https:\/\/www.demosmobilia.ch\/de\/","name":"demosmobilia","description":"Vintage Mid Century Modern Design Furniture from the &#039;30s to the &#039;80s","publisher":{"@id":"https:\/\/www.demosmobilia.ch\/de\/#organization"},"potentialAction":[{"@type":"SearchAction","target":{"@type":"EntryPoint","urlTemplate":"https:\/\/www.demosmobilia.ch\/de\/?s={search_term_string}"},"query-input":{"@type":"PropertyValueSpecification","valueRequired":true,"valueName":"search_term_string"}}],"inLanguage":"de"},{"@type":"Organization","@id":"https:\/\/www.demosmobilia.ch\/de\/#organization","name":"demosmobilia","url":"https:\/\/www.demosmobilia.ch\/de\/","logo":{"@type":"ImageObject","inLanguage":"de","@id":"https:\/\/www.demosmobilia.ch\/de\/#\/schema\/logo\/image\/","url":"https:\/\/www.demosmobilia.ch\/wp-content\/uploads\/2020\/07\/demosmobilia-logo-2020-230-160.png","contentUrl":"https:\/\/www.demosmobilia.ch\/wp-content\/uploads\/2020\/07\/demosmobilia-logo-2020-230-160.png","width":230,"height":160,"caption":"demosmobilia"},"image":{"@id":"https:\/\/www.demosmobilia.ch\/de\/#\/schema\/logo\/image\/"},"sameAs":["https:\/\/www.facebook.com\/Demos-Mobilia-1137017453131445\/","https:\/\/www.instagram.com\/demosmobilia\/"]}]}},"_links":{"self":[{"href":"https:\/\/www.demosmobilia.ch\/de\/wp-json\/wp\/v2\/product\/84910","targetHints":{"allow":["GET"]}}],"collection":[{"href":"https:\/\/www.demosmobilia.ch\/de\/wp-json\/wp\/v2\/product"}],"about":[{"href":"https:\/\/www.demosmobilia.ch\/de\/wp-json\/wp\/v2\/types\/product"}],"wp:featuredmedia":[{"embeddable":true,"href":"https:\/\/www.demosmobilia.ch\/de\/wp-json\/wp\/v2\/media\/85532"}],"wp:attachment":[{"href":"https:\/\/www.demosmobilia.ch\/de\/wp-json\/wp\/v2\/media?parent=84910"}],"wp:term":[{"taxonomy":"product_cat","embeddable":true,"href":"https:\/\/www.demosmobilia.ch\/de\/wp-json\/wp\/v2\/product_cat?post=84910"},{"taxonomy":"product_tag","embeddable":true,"href":"https:\/\/www.demosmobilia.ch\/de\/wp-json\/wp\/v2\/product_tag?post=84910"}],"curies":[{"name":"wp","href":"https:\/\/api.w.org\/{rel}","templated":true}]}}