{"id":84725,"date":"2025-12-18T10:24:02","date_gmt":"2025-12-18T09:24:02","guid":{"rendered":"https:\/\/www.demosmobilia.ch\/product\/achteckiger-serviertisch-modell-sd11\/"},"modified":"2026-01-11T20:59:26","modified_gmt":"2026-01-11T19:59:26","slug":"achteckiger-serviertisch-modell-sd11","status":"publish","type":"product","link":"https:\/\/www.demosmobilia.ch\/de\/product\/achteckiger-serviertisch-modell-sd11\/","title":{"rendered":"Achteckiger Serviertisch Modell SD11"},"content":{"rendered":"<p>Ico Parisi (1916\u20131996) war ein italienischer Architekt und Designer, eine Schl\u00fcsselfigur des modernen und italienischen Designs der Mitte des Jahrhunderts. Er war haupts\u00e4chlich in Como t\u00e4tig und arbeitete mit Gio Ponti zusammen, mit dem er eine innovative Vision von Architektur und Industriedesign teilte. Seine Projekte erlangten durch die Zeitschrift Domus gro\u00dfe internationale Bekanntheit und trugen dazu bei, seinen Ruf weltweit zu etablieren.<br \/>\nIco Parisis Design zeichnet sich durch formale Eleganz, eine Balance zwischen Funktion und \u00c4sthetik sowie eine raffinierte Materialforschung aus. Seine M\u00f6bel und architektonischen Werke dr\u00fccken eine zeitlose Designphilosophie aus, die darauf abzielt, das moderne Leben durch Qualit\u00e4t, Leichtigkeit und Harmonie zu bereichern.<\/p>\n","protected":false},"excerpt":{"rendered":"<p>Ico Parisi (1916\u20131996) war ein italienischer Architekt und Designer, eine Schl\u00fcsselfigur des modernen und italienischen Designs der Mitte des Jahrhunderts. Er war haupts\u00e4chlich in Como t\u00e4tig und arbeitete mit Gio Ponti zusammen, mit dem er eine innovative Vision von Architektur und Industriedesign teilte. Seine Projekte erlangten durch die Zeitschrift Domus gro\u00dfe internationale Bekanntheit und trugen dazu bei, seinen Ruf weltweit zu etablieren. Ico Parisis Design zeichnet sich durch formale Eleganz, eine Balance zwischen Funktion und \u00c4sthetik sowie eine raffinierte Materialforschung aus. Seine M\u00f6bel und architektonischen Werke dr\u00fccken eine zeitlose Designphilosophie aus, die darauf abzielt, das moderne Leben durch Qualit\u00e4t, Leichtigkeit und Harmonie zu bereichern.<a class=\"more-link\" href=\"https:\/\/www.demosmobilia.ch\/de\/product\/achteckiger-serviertisch-modell-sd11\/\">Read More &rarr;<\/a><\/p>\n","protected":false},"featured_media":84807,"template":"","meta":{"_monsterinsights_skip_tracking":false,"_monsterinsights_sitenote_active":false,"_monsterinsights_sitenote_note":"","_monsterinsights_sitenote_category":0,"kk_blocks_editor_width":"","_kiokenblocks_attr":"","_kiokenblocks_dimensions":""},"product_cat":[4106,4188],"product_tag":[6478],"class_list":{"0":"entry","1":"author-demosmobilia","2":"post-84725","3":"product","4":"type-product","5":"status-publish","6":"has-post-thumbnail","7":"product_production-stildomus","8":"product_year-3360","9":"product_nation-italien-de","10":"product_cat-neuheiten","11":"product_cat-servierwagen","12":"product_tag-parisi-ico-de","13":"pa_product_dimension-63-x-60-x-ht-53-5-x-total-ht-64-5-cm","14":"pa_product_material-palisanderholz-metall-kunststoff","16":"first","17":"instock","18":"shipping-taxable","19":"purchasable","20":"product-type-simple"},"yoast_head":"<!-- This site is optimized with the Yoast SEO plugin v24.0 - https:\/\/yoast.com\/wordpress\/plugins\/seo\/ -->\n<title>Achteckiger Serviertisch Modell SD11 &#8211; demosmobilia<\/title>\n<meta name=\"robots\" content=\"index, follow, max-snippet:-1, max-image-preview:large, max-video-preview:-1\" \/>\n<link rel=\"canonical\" href=\"https:\/\/www.demosmobilia.ch\/de\/product\/achteckiger-serviertisch-modell-sd11\/\" \/>\n<meta property=\"og:locale\" content=\"de_DE\" \/>\n<meta property=\"og:type\" content=\"article\" \/>\n<meta property=\"og:title\" content=\"Achteckiger Serviertisch Modell SD11 &#8211; demosmobilia\" \/>\n<meta property=\"og:description\" content=\"Ico Parisi (1916\u20131996) war ein italienischer Architekt und Designer, eine Schl\u00fcsselfigur des modernen und italienischen Designs der Mitte des Jahrhunderts. Er war haupts\u00e4chlich in Como t\u00e4tig und arbeitete mit Gio Ponti zusammen, mit dem er eine innovative Vision von Architektur und Industriedesign teilte. Seine Projekte erlangten durch die Zeitschrift Domus gro\u00dfe internationale Bekanntheit und trugen dazu bei, seinen Ruf weltweit zu etablieren. Ico Parisis Design zeichnet sich durch formale Eleganz, eine Balance zwischen Funktion und \u00c4sthetik sowie eine raffinierte Materialforschung aus. Seine M\u00f6bel und architektonischen Werke dr\u00fccken eine zeitlose Designphilosophie aus, die darauf abzielt, das moderne Leben durch Qualit\u00e4t, Leichtigkeit und Harmonie zu bereichern.Read More &rarr;\" \/>\n<meta property=\"og:url\" content=\"https:\/\/www.demosmobilia.ch\/de\/product\/achteckiger-serviertisch-modell-sd11\/\" \/>\n<meta property=\"og:site_name\" content=\"demosmobilia\" \/>\n<meta property=\"article:publisher\" content=\"https:\/\/www.facebook.com\/Demos-Mobilia-1137017453131445\/\" \/>\n<meta property=\"article:modified_time\" content=\"2026-01-11T19:59:26+00:00\" \/>\n<meta property=\"og:image\" content=\"https:\/\/www.demosmobilia.ch\/wp-content\/uploads\/2025\/12\/Ico-Parisi-Serving-Table-Model-SD11-Stildomus-1959-italy-01.jpg\" \/>\n\t<meta property=\"og:image:width\" content=\"1200\" \/>\n\t<meta property=\"og:image:height\" content=\"900\" \/>\n\t<meta property=\"og:image:type\" content=\"image\/jpeg\" \/>\n<meta name=\"twitter:card\" content=\"summary_large_image\" \/>\n<meta name=\"twitter:label1\" content=\"Gesch\u00e4tzte Lesezeit\" \/>\n\t<meta name=\"twitter:data1\" content=\"1\u00a0Minute\" \/>\n<script type=\"application\/ld+json\" class=\"yoast-schema-graph\">{\"@context\":\"https:\/\/schema.org\",\"@graph\":[{\"@type\":\"WebPage\",\"@id\":\"https:\/\/www.demosmobilia.ch\/de\/product\/achteckiger-serviertisch-modell-sd11\/\",\"url\":\"https:\/\/www.demosmobilia.ch\/de\/product\/achteckiger-serviertisch-modell-sd11\/\",\"name\":\"Achteckiger Serviertisch Modell SD11 &#8211; demosmobilia\",\"isPartOf\":{\"@id\":\"https:\/\/www.demosmobilia.ch\/de\/#website\"},\"primaryImageOfPage\":{\"@id\":\"https:\/\/www.demosmobilia.ch\/de\/product\/achteckiger-serviertisch-modell-sd11\/#primaryimage\"},\"image\":{\"@id\":\"https:\/\/www.demosmobilia.ch\/de\/product\/achteckiger-serviertisch-modell-sd11\/#primaryimage\"},\"thumbnailUrl\":\"https:\/\/www.demosmobilia.ch\/wp-content\/uploads\/2025\/12\/Ico-Parisi-Serving-Table-Model-SD11-Stildomus-1959-italy-01.jpg\",\"datePublished\":\"2025-12-18T09:24:02+00:00\",\"dateModified\":\"2026-01-11T19:59:26+00:00\",\"breadcrumb\":{\"@id\":\"https:\/\/www.demosmobilia.ch\/de\/product\/achteckiger-serviertisch-modell-sd11\/#breadcrumb\"},\"inLanguage\":\"de\",\"potentialAction\":[{\"@type\":\"ReadAction\",\"target\":[\"https:\/\/www.demosmobilia.ch\/de\/product\/achteckiger-serviertisch-modell-sd11\/\"]}]},{\"@type\":\"ImageObject\",\"inLanguage\":\"de\",\"@id\":\"https:\/\/www.demosmobilia.ch\/de\/product\/achteckiger-serviertisch-modell-sd11\/#primaryimage\",\"url\":\"https:\/\/www.demosmobilia.ch\/wp-content\/uploads\/2025\/12\/Ico-Parisi-Serving-Table-Model-SD11-Stildomus-1959-italy-01.jpg\",\"contentUrl\":\"https:\/\/www.demosmobilia.ch\/wp-content\/uploads\/2025\/12\/Ico-Parisi-Serving-Table-Model-SD11-Stildomus-1959-italy-01.jpg\",\"width\":1200,\"height\":900},{\"@type\":\"BreadcrumbList\",\"@id\":\"https:\/\/www.demosmobilia.ch\/de\/product\/achteckiger-serviertisch-modell-sd11\/#breadcrumb\",\"itemListElement\":[{\"@type\":\"ListItem\",\"position\":1,\"name\":\"Home\",\"item\":\"https:\/\/www.demosmobilia.ch\/de\/\"},{\"@type\":\"ListItem\",\"position\":2,\"name\":\"Produkte\",\"item\":\"https:\/\/www.demosmobilia.ch\/de\/shop\/\"},{\"@type\":\"ListItem\",\"position\":3,\"name\":\"Achteckiger Serviertisch Modell SD11\"}]},{\"@type\":\"WebSite\",\"@id\":\"https:\/\/www.demosmobilia.ch\/de\/#website\",\"url\":\"https:\/\/www.demosmobilia.ch\/de\/\",\"name\":\"demosmobilia\",\"description\":\"Vintage Mid Century Modern Design Furniture from the &#039;30s to the &#039;80s\",\"publisher\":{\"@id\":\"https:\/\/www.demosmobilia.ch\/de\/#organization\"},\"potentialAction\":[{\"@type\":\"SearchAction\",\"target\":{\"@type\":\"EntryPoint\",\"urlTemplate\":\"https:\/\/www.demosmobilia.ch\/de\/?s={search_term_string}\"},\"query-input\":{\"@type\":\"PropertyValueSpecification\",\"valueRequired\":true,\"valueName\":\"search_term_string\"}}],\"inLanguage\":\"de\"},{\"@type\":\"Organization\",\"@id\":\"https:\/\/www.demosmobilia.ch\/de\/#organization\",\"name\":\"demosmobilia\",\"url\":\"https:\/\/www.demosmobilia.ch\/de\/\",\"logo\":{\"@type\":\"ImageObject\",\"inLanguage\":\"de\",\"@id\":\"https:\/\/www.demosmobilia.ch\/de\/#\/schema\/logo\/image\/\",\"url\":\"https:\/\/www.demosmobilia.ch\/wp-content\/uploads\/2020\/07\/demosmobilia-logo-2020-230-160.png\",\"contentUrl\":\"https:\/\/www.demosmobilia.ch\/wp-content\/uploads\/2020\/07\/demosmobilia-logo-2020-230-160.png\",\"width\":230,\"height\":160,\"caption\":\"demosmobilia\"},\"image\":{\"@id\":\"https:\/\/www.demosmobilia.ch\/de\/#\/schema\/logo\/image\/\"},\"sameAs\":[\"https:\/\/www.facebook.com\/Demos-Mobilia-1137017453131445\/\",\"https:\/\/www.instagram.com\/demosmobilia\/\"]}]}<\/script>\n<!-- \/ Yoast SEO plugin. -->","yoast_head_json":{"title":"Achteckiger Serviertisch Modell SD11 &#8211; demosmobilia","robots":{"index":"index","follow":"follow","max-snippet":"max-snippet:-1","max-image-preview":"max-image-preview:large","max-video-preview":"max-video-preview:-1"},"canonical":"https:\/\/www.demosmobilia.ch\/de\/product\/achteckiger-serviertisch-modell-sd11\/","og_locale":"de_DE","og_type":"article","og_title":"Achteckiger Serviertisch Modell SD11 &#8211; demosmobilia","og_description":"Ico Parisi (1916\u20131996) war ein italienischer Architekt und Designer, eine Schl\u00fcsselfigur des modernen und italienischen Designs der Mitte des Jahrhunderts. Er war haupts\u00e4chlich in Como t\u00e4tig und arbeitete mit Gio Ponti zusammen, mit dem er eine innovative Vision von Architektur und Industriedesign teilte. Seine Projekte erlangten durch die Zeitschrift Domus gro\u00dfe internationale Bekanntheit und trugen dazu bei, seinen Ruf weltweit zu etablieren. Ico Parisis Design zeichnet sich durch formale Eleganz, eine Balance zwischen Funktion und \u00c4sthetik sowie eine raffinierte Materialforschung aus. Seine M\u00f6bel und architektonischen Werke dr\u00fccken eine zeitlose Designphilosophie aus, die darauf abzielt, das moderne Leben durch Qualit\u00e4t, Leichtigkeit und Harmonie zu bereichern.Read More &rarr;","og_url":"https:\/\/www.demosmobilia.ch\/de\/product\/achteckiger-serviertisch-modell-sd11\/","og_site_name":"demosmobilia","article_publisher":"https:\/\/www.facebook.com\/Demos-Mobilia-1137017453131445\/","article_modified_time":"2026-01-11T19:59:26+00:00","og_image":[{"width":1200,"height":900,"url":"https:\/\/www.demosmobilia.ch\/wp-content\/uploads\/2025\/12\/Ico-Parisi-Serving-Table-Model-SD11-Stildomus-1959-italy-01.jpg","type":"image\/jpeg"}],"twitter_card":"summary_large_image","twitter_misc":{"Gesch\u00e4tzte Lesezeit":"1\u00a0Minute"},"schema":{"@context":"https:\/\/schema.org","@graph":[{"@type":"WebPage","@id":"https:\/\/www.demosmobilia.ch\/de\/product\/achteckiger-serviertisch-modell-sd11\/","url":"https:\/\/www.demosmobilia.ch\/de\/product\/achteckiger-serviertisch-modell-sd11\/","name":"Achteckiger Serviertisch Modell SD11 &#8211; demosmobilia","isPartOf":{"@id":"https:\/\/www.demosmobilia.ch\/de\/#website"},"primaryImageOfPage":{"@id":"https:\/\/www.demosmobilia.ch\/de\/product\/achteckiger-serviertisch-modell-sd11\/#primaryimage"},"image":{"@id":"https:\/\/www.demosmobilia.ch\/de\/product\/achteckiger-serviertisch-modell-sd11\/#primaryimage"},"thumbnailUrl":"https:\/\/www.demosmobilia.ch\/wp-content\/uploads\/2025\/12\/Ico-Parisi-Serving-Table-Model-SD11-Stildomus-1959-italy-01.jpg","datePublished":"2025-12-18T09:24:02+00:00","dateModified":"2026-01-11T19:59:26+00:00","breadcrumb":{"@id":"https:\/\/www.demosmobilia.ch\/de\/product\/achteckiger-serviertisch-modell-sd11\/#breadcrumb"},"inLanguage":"de","potentialAction":[{"@type":"ReadAction","target":["https:\/\/www.demosmobilia.ch\/de\/product\/achteckiger-serviertisch-modell-sd11\/"]}]},{"@type":"ImageObject","inLanguage":"de","@id":"https:\/\/www.demosmobilia.ch\/de\/product\/achteckiger-serviertisch-modell-sd11\/#primaryimage","url":"https:\/\/www.demosmobilia.ch\/wp-content\/uploads\/2025\/12\/Ico-Parisi-Serving-Table-Model-SD11-Stildomus-1959-italy-01.jpg","contentUrl":"https:\/\/www.demosmobilia.ch\/wp-content\/uploads\/2025\/12\/Ico-Parisi-Serving-Table-Model-SD11-Stildomus-1959-italy-01.jpg","width":1200,"height":900},{"@type":"BreadcrumbList","@id":"https:\/\/www.demosmobilia.ch\/de\/product\/achteckiger-serviertisch-modell-sd11\/#breadcrumb","itemListElement":[{"@type":"ListItem","position":1,"name":"Home","item":"https:\/\/www.demosmobilia.ch\/de\/"},{"@type":"ListItem","position":2,"name":"Produkte","item":"https:\/\/www.demosmobilia.ch\/de\/shop\/"},{"@type":"ListItem","position":3,"name":"Achteckiger Serviertisch Modell SD11"}]},{"@type":"WebSite","@id":"https:\/\/www.demosmobilia.ch\/de\/#website","url":"https:\/\/www.demosmobilia.ch\/de\/","name":"demosmobilia","description":"Vintage Mid Century Modern Design Furniture from the &#039;30s to the &#039;80s","publisher":{"@id":"https:\/\/www.demosmobilia.ch\/de\/#organization"},"potentialAction":[{"@type":"SearchAction","target":{"@type":"EntryPoint","urlTemplate":"https:\/\/www.demosmobilia.ch\/de\/?s={search_term_string}"},"query-input":{"@type":"PropertyValueSpecification","valueRequired":true,"valueName":"search_term_string"}}],"inLanguage":"de"},{"@type":"Organization","@id":"https:\/\/www.demosmobilia.ch\/de\/#organization","name":"demosmobilia","url":"https:\/\/www.demosmobilia.ch\/de\/","logo":{"@type":"ImageObject","inLanguage":"de","@id":"https:\/\/www.demosmobilia.ch\/de\/#\/schema\/logo\/image\/","url":"https:\/\/www.demosmobilia.ch\/wp-content\/uploads\/2020\/07\/demosmobilia-logo-2020-230-160.png","contentUrl":"https:\/\/www.demosmobilia.ch\/wp-content\/uploads\/2020\/07\/demosmobilia-logo-2020-230-160.png","width":230,"height":160,"caption":"demosmobilia"},"image":{"@id":"https:\/\/www.demosmobilia.ch\/de\/#\/schema\/logo\/image\/"},"sameAs":["https:\/\/www.facebook.com\/Demos-Mobilia-1137017453131445\/","https:\/\/www.instagram.com\/demosmobilia\/"]}]}},"_links":{"self":[{"href":"https:\/\/www.demosmobilia.ch\/de\/wp-json\/wp\/v2\/product\/84725","targetHints":{"allow":["GET"]}}],"collection":[{"href":"https:\/\/www.demosmobilia.ch\/de\/wp-json\/wp\/v2\/product"}],"about":[{"href":"https:\/\/www.demosmobilia.ch\/de\/wp-json\/wp\/v2\/types\/product"}],"wp:featuredmedia":[{"embeddable":true,"href":"https:\/\/www.demosmobilia.ch\/de\/wp-json\/wp\/v2\/media\/84807"}],"wp:attachment":[{"href":"https:\/\/www.demosmobilia.ch\/de\/wp-json\/wp\/v2\/media?parent=84725"}],"wp:term":[{"taxonomy":"product_cat","embeddable":true,"href":"https:\/\/www.demosmobilia.ch\/de\/wp-json\/wp\/v2\/product_cat?post=84725"},{"taxonomy":"product_tag","embeddable":true,"href":"https:\/\/www.demosmobilia.ch\/de\/wp-json\/wp\/v2\/product_tag?post=84725"}],"curies":[{"name":"wp","href":"https:\/\/api.w.org\/{rel}","templated":true}]}}