{"id":84688,"date":"2026-01-15T08:30:39","date_gmt":"2026-01-15T07:30:39","guid":{"rendered":"https:\/\/www.demosmobilia.ch\/product\/bend-hocker\/"},"modified":"2026-01-11T21:11:45","modified_gmt":"2026-01-11T20:11:45","slug":"bend-hocker","status":"publish","type":"product","link":"https:\/\/www.demosmobilia.ch\/de\/product\/bend-hocker\/","title":{"rendered":"Bend Hocker"},"content":{"rendered":"<p data-start=\"91\" data-end=\"426\">Mobili Pizzetti spielte eine bedeutende Rolle im italienischen M\u00f6beldesign und produzierte hochwertige Einrichtungsgegenst\u00e4nde, die Handwerkskunst, Funktionalit\u00e4t und moderne \u00c4sthetik vereinen. Das Unternehmen war vor allem in der Mitte des 20. Jahrhunderts t\u00e4tig und konzentrierte sich auf eine raffinierte Produktion mit sorgf\u00e4ltig ausgew\u00e4hlten Materialien und klaren, ausgewogenen Formen.<br \/>Die Designproduktion von Mobili Pizzetti spiegelt eine starke Aufmerksamkeit f\u00fcr Proportionen, Details und Benutzerfreundlichkeit wider und steht im Einklang mit der Entwicklung moderner italienischer Innenr\u00e4ume. Durch einen ma\u00dfvollen und funktionalen Ansatz trug Mobili Pizzetti zur Entwicklung eines zeitlosen italienischen M\u00f6beldesigns bei, das f\u00fcr seine Langlebigkeit und zur\u00fcckhaltende Eleganz gesch\u00e4tzt wird.  <\/p>\n","protected":false},"excerpt":{"rendered":"<p>Mobili Pizzetti spielte eine bedeutende Rolle im italienischen M\u00f6beldesign und produzierte hochwertige Einrichtungsgegenst\u00e4nde, die Handwerkskunst, Funktionalit\u00e4t und moderne \u00c4sthetik vereinen. Das Unternehmen war vor allem in der Mitte des 20. Jahrhunderts t\u00e4tig und konzentrierte sich auf eine raffinierte Produktion mit sorgf\u00e4ltig ausgew\u00e4hlten Materialien und klaren, ausgewogenen Formen.Die Designproduktion von Mobili Pizzetti spiegelt eine starke Aufmerksamkeit f\u00fcr Proportionen, Details und Benutzerfreundlichkeit wider und steht im Einklang mit der Entwicklung moderner italienischer Innenr\u00e4ume. Durch einen ma\u00dfvollen und funktionalen Ansatz trug Mobili Pizzetti zur Entwicklung eines zeitlosen italienischen M\u00f6beldesigns bei, das f\u00fcr seine Langlebigkeit und zur\u00fcckhaltende Eleganz gesch\u00e4tzt wird.<a class=\"more-link\" href=\"https:\/\/www.demosmobilia.ch\/de\/product\/bend-hocker\/\">Read More &rarr;<\/a><\/p>\n","protected":false},"featured_media":84673,"template":"","meta":{"_monsterinsights_skip_tracking":false,"_monsterinsights_sitenote_active":false,"_monsterinsights_sitenote_note":"","_monsterinsights_sitenote_category":0,"kk_blocks_editor_width":"","_kiokenblocks_attr":"","_kiokenblocks_dimensions":""},"product_cat":[4165,4106],"product_tag":[],"class_list":{"0":"entry","1":"author-demosmobilia","2":"post-84688","3":"product","4":"type-product","5":"status-publish","6":"has-post-thumbnail","7":"product_production-mobili-pizzetti","8":"product_year-1950-approx","9":"product_nation-italien-de","10":"product_cat-hocker","11":"product_cat-neuheiten","12":"pa_product_dimension-62-x-32-x-sitzhohe-43-x-gesamthohe-475-cm","13":"pa_product_material-sperrholz-teak-lackiertes-metall-kunststoff","15":"first","16":"outofstock","17":"shipping-taxable","18":"purchasable","19":"product-type-simple"},"yoast_head":"<!-- This site is optimized with the Yoast SEO plugin v24.0 - https:\/\/yoast.com\/wordpress\/plugins\/seo\/ -->\n<title>Bend Hocker &#8211; demosmobilia<\/title>\n<meta name=\"robots\" content=\"index, follow, max-snippet:-1, max-image-preview:large, max-video-preview:-1\" \/>\n<link rel=\"canonical\" href=\"https:\/\/www.demosmobilia.ch\/de\/product\/bend-hocker\/\" \/>\n<meta property=\"og:locale\" content=\"de_DE\" \/>\n<meta property=\"og:type\" content=\"article\" \/>\n<meta property=\"og:title\" content=\"Bend Hocker &#8211; demosmobilia\" \/>\n<meta property=\"og:description\" content=\"Mobili Pizzetti spielte eine bedeutende Rolle im italienischen M\u00f6beldesign und produzierte hochwertige Einrichtungsgegenst\u00e4nde, die Handwerkskunst, Funktionalit\u00e4t und moderne \u00c4sthetik vereinen. Das Unternehmen war vor allem in der Mitte des 20. Jahrhunderts t\u00e4tig und konzentrierte sich auf eine raffinierte Produktion mit sorgf\u00e4ltig ausgew\u00e4hlten Materialien und klaren, ausgewogenen Formen.Die Designproduktion von Mobili Pizzetti spiegelt eine starke Aufmerksamkeit f\u00fcr Proportionen, Details und Benutzerfreundlichkeit wider und steht im Einklang mit der Entwicklung moderner italienischer Innenr\u00e4ume. Durch einen ma\u00dfvollen und funktionalen Ansatz trug Mobili Pizzetti zur Entwicklung eines zeitlosen italienischen M\u00f6beldesigns bei, das f\u00fcr seine Langlebigkeit und zur\u00fcckhaltende Eleganz gesch\u00e4tzt wird.Read More &rarr;\" \/>\n<meta property=\"og:url\" content=\"https:\/\/www.demosmobilia.ch\/de\/product\/bend-hocker\/\" \/>\n<meta property=\"og:site_name\" content=\"demosmobilia\" \/>\n<meta property=\"article:publisher\" content=\"https:\/\/www.facebook.com\/Demos-Mobilia-1137017453131445\/\" \/>\n<meta property=\"article:modified_time\" content=\"2026-01-11T20:11:45+00:00\" \/>\n<meta property=\"og:image\" content=\"https:\/\/www.demosmobilia.ch\/wp-content\/uploads\/2026\/01\/mobili-pizzetti-bend-stool-italian-design-1950-01.jpg\" \/>\n\t<meta property=\"og:image:width\" content=\"1200\" \/>\n\t<meta property=\"og:image:height\" content=\"900\" \/>\n\t<meta property=\"og:image:type\" content=\"image\/jpeg\" \/>\n<meta name=\"twitter:card\" content=\"summary_large_image\" \/>\n<meta name=\"twitter:label1\" content=\"Gesch\u00e4tzte Lesezeit\" \/>\n\t<meta name=\"twitter:data1\" content=\"1\u00a0Minute\" \/>\n<script type=\"application\/ld+json\" class=\"yoast-schema-graph\">{\"@context\":\"https:\/\/schema.org\",\"@graph\":[{\"@type\":\"WebPage\",\"@id\":\"https:\/\/www.demosmobilia.ch\/de\/product\/bend-hocker\/\",\"url\":\"https:\/\/www.demosmobilia.ch\/de\/product\/bend-hocker\/\",\"name\":\"Bend Hocker &#8211; demosmobilia\",\"isPartOf\":{\"@id\":\"https:\/\/www.demosmobilia.ch\/de\/#website\"},\"primaryImageOfPage\":{\"@id\":\"https:\/\/www.demosmobilia.ch\/de\/product\/bend-hocker\/#primaryimage\"},\"image\":{\"@id\":\"https:\/\/www.demosmobilia.ch\/de\/product\/bend-hocker\/#primaryimage\"},\"thumbnailUrl\":\"https:\/\/www.demosmobilia.ch\/wp-content\/uploads\/2026\/01\/mobili-pizzetti-bend-stool-italian-design-1950-01.jpg\",\"datePublished\":\"2026-01-15T07:30:39+00:00\",\"dateModified\":\"2026-01-11T20:11:45+00:00\",\"breadcrumb\":{\"@id\":\"https:\/\/www.demosmobilia.ch\/de\/product\/bend-hocker\/#breadcrumb\"},\"inLanguage\":\"de\",\"potentialAction\":[{\"@type\":\"ReadAction\",\"target\":[\"https:\/\/www.demosmobilia.ch\/de\/product\/bend-hocker\/\"]}]},{\"@type\":\"ImageObject\",\"inLanguage\":\"de\",\"@id\":\"https:\/\/www.demosmobilia.ch\/de\/product\/bend-hocker\/#primaryimage\",\"url\":\"https:\/\/www.demosmobilia.ch\/wp-content\/uploads\/2026\/01\/mobili-pizzetti-bend-stool-italian-design-1950-01.jpg\",\"contentUrl\":\"https:\/\/www.demosmobilia.ch\/wp-content\/uploads\/2026\/01\/mobili-pizzetti-bend-stool-italian-design-1950-01.jpg\",\"width\":1200,\"height\":900},{\"@type\":\"BreadcrumbList\",\"@id\":\"https:\/\/www.demosmobilia.ch\/de\/product\/bend-hocker\/#breadcrumb\",\"itemListElement\":[{\"@type\":\"ListItem\",\"position\":1,\"name\":\"Home\",\"item\":\"https:\/\/www.demosmobilia.ch\/de\/\"},{\"@type\":\"ListItem\",\"position\":2,\"name\":\"Produkte\",\"item\":\"https:\/\/www.demosmobilia.ch\/de\/shop\/\"},{\"@type\":\"ListItem\",\"position\":3,\"name\":\"Bend Hocker\"}]},{\"@type\":\"WebSite\",\"@id\":\"https:\/\/www.demosmobilia.ch\/de\/#website\",\"url\":\"https:\/\/www.demosmobilia.ch\/de\/\",\"name\":\"demosmobilia\",\"description\":\"Vintage Mid Century Modern Design Furniture from the &#039;30s to the &#039;80s\",\"publisher\":{\"@id\":\"https:\/\/www.demosmobilia.ch\/de\/#organization\"},\"potentialAction\":[{\"@type\":\"SearchAction\",\"target\":{\"@type\":\"EntryPoint\",\"urlTemplate\":\"https:\/\/www.demosmobilia.ch\/de\/?s={search_term_string}\"},\"query-input\":{\"@type\":\"PropertyValueSpecification\",\"valueRequired\":true,\"valueName\":\"search_term_string\"}}],\"inLanguage\":\"de\"},{\"@type\":\"Organization\",\"@id\":\"https:\/\/www.demosmobilia.ch\/de\/#organization\",\"name\":\"demosmobilia\",\"url\":\"https:\/\/www.demosmobilia.ch\/de\/\",\"logo\":{\"@type\":\"ImageObject\",\"inLanguage\":\"de\",\"@id\":\"https:\/\/www.demosmobilia.ch\/de\/#\/schema\/logo\/image\/\",\"url\":\"https:\/\/www.demosmobilia.ch\/wp-content\/uploads\/2020\/07\/demosmobilia-logo-2020-230-160.png\",\"contentUrl\":\"https:\/\/www.demosmobilia.ch\/wp-content\/uploads\/2020\/07\/demosmobilia-logo-2020-230-160.png\",\"width\":230,\"height\":160,\"caption\":\"demosmobilia\"},\"image\":{\"@id\":\"https:\/\/www.demosmobilia.ch\/de\/#\/schema\/logo\/image\/\"},\"sameAs\":[\"https:\/\/www.facebook.com\/Demos-Mobilia-1137017453131445\/\",\"https:\/\/www.instagram.com\/demosmobilia\/\"]}]}<\/script>\n<!-- \/ Yoast SEO plugin. -->","yoast_head_json":{"title":"Bend Hocker &#8211; demosmobilia","robots":{"index":"index","follow":"follow","max-snippet":"max-snippet:-1","max-image-preview":"max-image-preview:large","max-video-preview":"max-video-preview:-1"},"canonical":"https:\/\/www.demosmobilia.ch\/de\/product\/bend-hocker\/","og_locale":"de_DE","og_type":"article","og_title":"Bend Hocker &#8211; demosmobilia","og_description":"Mobili Pizzetti spielte eine bedeutende Rolle im italienischen M\u00f6beldesign und produzierte hochwertige Einrichtungsgegenst\u00e4nde, die Handwerkskunst, Funktionalit\u00e4t und moderne \u00c4sthetik vereinen. Das Unternehmen war vor allem in der Mitte des 20. Jahrhunderts t\u00e4tig und konzentrierte sich auf eine raffinierte Produktion mit sorgf\u00e4ltig ausgew\u00e4hlten Materialien und klaren, ausgewogenen Formen.Die Designproduktion von Mobili Pizzetti spiegelt eine starke Aufmerksamkeit f\u00fcr Proportionen, Details und Benutzerfreundlichkeit wider und steht im Einklang mit der Entwicklung moderner italienischer Innenr\u00e4ume. Durch einen ma\u00dfvollen und funktionalen Ansatz trug Mobili Pizzetti zur Entwicklung eines zeitlosen italienischen M\u00f6beldesigns bei, das f\u00fcr seine Langlebigkeit und zur\u00fcckhaltende Eleganz gesch\u00e4tzt wird.Read More &rarr;","og_url":"https:\/\/www.demosmobilia.ch\/de\/product\/bend-hocker\/","og_site_name":"demosmobilia","article_publisher":"https:\/\/www.facebook.com\/Demos-Mobilia-1137017453131445\/","article_modified_time":"2026-01-11T20:11:45+00:00","og_image":[{"width":1200,"height":900,"url":"https:\/\/www.demosmobilia.ch\/wp-content\/uploads\/2026\/01\/mobili-pizzetti-bend-stool-italian-design-1950-01.jpg","type":"image\/jpeg"}],"twitter_card":"summary_large_image","twitter_misc":{"Gesch\u00e4tzte Lesezeit":"1\u00a0Minute"},"schema":{"@context":"https:\/\/schema.org","@graph":[{"@type":"WebPage","@id":"https:\/\/www.demosmobilia.ch\/de\/product\/bend-hocker\/","url":"https:\/\/www.demosmobilia.ch\/de\/product\/bend-hocker\/","name":"Bend Hocker &#8211; demosmobilia","isPartOf":{"@id":"https:\/\/www.demosmobilia.ch\/de\/#website"},"primaryImageOfPage":{"@id":"https:\/\/www.demosmobilia.ch\/de\/product\/bend-hocker\/#primaryimage"},"image":{"@id":"https:\/\/www.demosmobilia.ch\/de\/product\/bend-hocker\/#primaryimage"},"thumbnailUrl":"https:\/\/www.demosmobilia.ch\/wp-content\/uploads\/2026\/01\/mobili-pizzetti-bend-stool-italian-design-1950-01.jpg","datePublished":"2026-01-15T07:30:39+00:00","dateModified":"2026-01-11T20:11:45+00:00","breadcrumb":{"@id":"https:\/\/www.demosmobilia.ch\/de\/product\/bend-hocker\/#breadcrumb"},"inLanguage":"de","potentialAction":[{"@type":"ReadAction","target":["https:\/\/www.demosmobilia.ch\/de\/product\/bend-hocker\/"]}]},{"@type":"ImageObject","inLanguage":"de","@id":"https:\/\/www.demosmobilia.ch\/de\/product\/bend-hocker\/#primaryimage","url":"https:\/\/www.demosmobilia.ch\/wp-content\/uploads\/2026\/01\/mobili-pizzetti-bend-stool-italian-design-1950-01.jpg","contentUrl":"https:\/\/www.demosmobilia.ch\/wp-content\/uploads\/2026\/01\/mobili-pizzetti-bend-stool-italian-design-1950-01.jpg","width":1200,"height":900},{"@type":"BreadcrumbList","@id":"https:\/\/www.demosmobilia.ch\/de\/product\/bend-hocker\/#breadcrumb","itemListElement":[{"@type":"ListItem","position":1,"name":"Home","item":"https:\/\/www.demosmobilia.ch\/de\/"},{"@type":"ListItem","position":2,"name":"Produkte","item":"https:\/\/www.demosmobilia.ch\/de\/shop\/"},{"@type":"ListItem","position":3,"name":"Bend Hocker"}]},{"@type":"WebSite","@id":"https:\/\/www.demosmobilia.ch\/de\/#website","url":"https:\/\/www.demosmobilia.ch\/de\/","name":"demosmobilia","description":"Vintage Mid Century Modern Design Furniture from the &#039;30s to the &#039;80s","publisher":{"@id":"https:\/\/www.demosmobilia.ch\/de\/#organization"},"potentialAction":[{"@type":"SearchAction","target":{"@type":"EntryPoint","urlTemplate":"https:\/\/www.demosmobilia.ch\/de\/?s={search_term_string}"},"query-input":{"@type":"PropertyValueSpecification","valueRequired":true,"valueName":"search_term_string"}}],"inLanguage":"de"},{"@type":"Organization","@id":"https:\/\/www.demosmobilia.ch\/de\/#organization","name":"demosmobilia","url":"https:\/\/www.demosmobilia.ch\/de\/","logo":{"@type":"ImageObject","inLanguage":"de","@id":"https:\/\/www.demosmobilia.ch\/de\/#\/schema\/logo\/image\/","url":"https:\/\/www.demosmobilia.ch\/wp-content\/uploads\/2020\/07\/demosmobilia-logo-2020-230-160.png","contentUrl":"https:\/\/www.demosmobilia.ch\/wp-content\/uploads\/2020\/07\/demosmobilia-logo-2020-230-160.png","width":230,"height":160,"caption":"demosmobilia"},"image":{"@id":"https:\/\/www.demosmobilia.ch\/de\/#\/schema\/logo\/image\/"},"sameAs":["https:\/\/www.facebook.com\/Demos-Mobilia-1137017453131445\/","https:\/\/www.instagram.com\/demosmobilia\/"]}]}},"_links":{"self":[{"href":"https:\/\/www.demosmobilia.ch\/de\/wp-json\/wp\/v2\/product\/84688","targetHints":{"allow":["GET"]}}],"collection":[{"href":"https:\/\/www.demosmobilia.ch\/de\/wp-json\/wp\/v2\/product"}],"about":[{"href":"https:\/\/www.demosmobilia.ch\/de\/wp-json\/wp\/v2\/types\/product"}],"wp:featuredmedia":[{"embeddable":true,"href":"https:\/\/www.demosmobilia.ch\/de\/wp-json\/wp\/v2\/media\/84673"}],"wp:attachment":[{"href":"https:\/\/www.demosmobilia.ch\/de\/wp-json\/wp\/v2\/media?parent=84688"}],"wp:term":[{"taxonomy":"product_cat","embeddable":true,"href":"https:\/\/www.demosmobilia.ch\/de\/wp-json\/wp\/v2\/product_cat?post=84688"},{"taxonomy":"product_tag","embeddable":true,"href":"https:\/\/www.demosmobilia.ch\/de\/wp-json\/wp\/v2\/product_tag?post=84688"}],"curies":[{"name":"wp","href":"https:\/\/api.w.org\/{rel}","templated":true}]}}