{"id":84668,"date":"2026-02-27T08:27:39","date_gmt":"2026-02-27T07:27:39","guid":{"rendered":"https:\/\/www.demosmobilia.ch\/product\/schiebestuhl-modell-planula\/"},"modified":"2026-01-11T21:54:27","modified_gmt":"2026-01-11T20:54:27","slug":"schiebestuhl-modell-planula","status":"publish","type":"product","link":"https:\/\/www.demosmobilia.ch\/de\/product\/schiebestuhl-modell-planula\/","title":{"rendered":"Schiebestuhl Modell Planula"},"content":{"rendered":"<div class=\"flex flex-col text-sm pb-25\">\n<article class=\"text-token-text-primary w-full focus:outline-none [--shadow-height:45px] has-data-writing-block:pointer-events-none has-data-writing-block:-mt-(--shadow-height) has-data-writing-block:pt-(--shadow-height) [&amp;:has([data-writing-block])&gt;*]:pointer-events-auto scroll-mt-[calc(var(--header-height)+min(200px,max(70px,20svh)))]\" dir=\"auto\" tabindex=\"-1\" data-turn-id=\"request-WEB:107a0042-216d-4393-b5ce-5f563330a0a7-33\" data-testid=\"conversation-turn-68\" data-scroll-anchor=\"true\" data-turn=\"assistant\">\n<div class=\"text-base my-auto mx-auto pb-10 [--thread-content-margin:--spacing(4)] @w-sm\/main:[--thread-content-margin:--spacing(6)] @w-lg\/main:[--thread-content-margin:--spacing(16)] px-(--thread-content-margin)\">\n<div class=\"[--thread-content-max-width:40rem] @w-lg\/main:[--thread-content-max-width:48rem] mx-auto max-w-(--thread-content-max-width) flex-1 group\/turn-messages focus-visible:outline-hidden relative flex w-full min-w-0 flex-col agent-turn\" tabindex=\"-1\">\n<div class=\"flex max-w-full flex-col grow\">\n<div class=\"min-h-8 text-message relative flex w-full flex-col items-end gap-2 text-start break-words whitespace-normal [.text-message+&amp;]:mt-1\" dir=\"auto\" data-message-author-role=\"assistant\" data-message-id=\"73123848-af25-4af8-b287-317583469423\" data-message-model-slug=\"gpt-5-2\">\n<div class=\"flex w-full flex-col gap-1 empty:hidden first:pt-[1px]\">\n<div class=\"markdown prose dark:prose-invert w-full break-words light markdown-new-styling\">\n<p data-start=\"108\" data-end=\"802\">Perry King (1938\u20132020) war ein britischer Designer, der nach seinem Studium in Birmingham Italien als Basis f\u00fcr seine Karriere w\u00e4hlte. Er trat dem Studio von Ettore Sottsass bei, der damals als Berater f\u00fcr Olivetti t\u00e4tig war, und entwickelte dort eine starke Verbindung zum italienischen Industriedesign. 1970 trug King zusammen mit Santiago Miranda zum Design und internationalen Erfolg der tragbaren Schreibmaschine Valentine bei, einem der ikonischsten Produkte des Designs des 20. Jahrhunderts. 1976 gr\u00fcndeten King und Miranda das Studio King Miranda, das sp\u00e4ter mit f\u00fchrenden M\u00f6bel- und Beleuchtungsunternehmen zusammenarbeitete. Ihre Arbeit wurde mit zahlreichen internationalen Preisen und Auszeichnungen gew\u00fcrdigt.<br \/>\nEttore Sottsass (1917\u20132007) war einer der einflussreichsten italienischen Architekten und Designer des 20. Jahrhunderts. Geboren in Innsbruck und ausgebildet an der Polytechnischen Universit\u00e4t Turin, entwickelte Sottsass einen eklektischen und experimentellen Ansatz f\u00fcr Design. 1981 gr\u00fcndete er die Memphis-Gruppe und ver\u00e4nderte die Designlandschaft radikal mit kr\u00e4ftigen Farben, verspielten Formen und einer anti-rationalistischen \u00c4sthetik. Aus seiner langj\u00e4hrigen Zusammenarbeit mit Olivetti gingen preisgekr\u00f6nte Projekte wie der Computer Elea 9003 und die Schreibmaschine Valentine hervor. Mit seinen Arbeiten in den Bereichen Architektur, M\u00f6bel und Alltagsgegenst\u00e4nde etablierte sich Sottsass als zentrale Figur des modernen und italienischen Designs der Nachkriegszeit.        <\/p>\n<\/div>\n<\/div>\n<\/div>\n<\/div>\n<\/div>\n<\/div>\n<\/article>\n<\/div>\n","protected":false},"excerpt":{"rendered":"<p>Perry King (1938\u20132020) war ein britischer Designer, der nach seinem Studium in Birmingham Italien als Basis f\u00fcr seine Karriere w\u00e4hlte. Er trat dem Studio von Ettore Sottsass bei, der damals als Berater f\u00fcr Olivetti t\u00e4tig war, und entwickelte dort eine starke Verbindung zum italienischen Industriedesign. 1970 trug King zusammen mit Santiago Miranda zum Design und internationalen Erfolg der tragbaren Schreibmaschine Valentine bei, einem der ikonischsten Produkte des Designs des 20. Jahrhunderts. 1976 gr\u00fcndeten King und Miranda das Studio King Miranda, das sp\u00e4ter mit f\u00fchrenden M\u00f6bel- und Beleuchtungsunternehmen zusammenarbeitete. Ihre Arbeit wurde mit zahlreichen internationalen Preisen und Auszeichnungen gew\u00fcrdigt. Ettore Sottsass (1917\u20132007) war einer der einflussreichsten<a class=\"more-link\" href=\"https:\/\/www.demosmobilia.ch\/de\/product\/schiebestuhl-modell-planula\/\">Read More &rarr;<\/a><\/p>\n","protected":false},"featured_media":84787,"template":"","meta":{"_monsterinsights_skip_tracking":false,"_monsterinsights_sitenote_active":false,"_monsterinsights_sitenote_note":"","_monsterinsights_sitenote_category":0,"kk_blocks_editor_width":"","_kiokenblocks_attr":"","_kiokenblocks_dimensions":""},"product_cat":[4106,4155,4161],"product_tag":[7187,6584],"class_list":{"0":"entry","1":"author-demosmobilia","2":"post-84668","3":"product","4":"type-product","5":"status-publish","6":"has-post-thumbnail","7":"product_production-planula-di-agliana","8":"product_year-3328","9":"product_nation-italien-de","10":"product_cat-neuheiten","11":"product_cat-sessel-de","12":"product_cat-stuhlen","13":"product_tag-king-perry-de","14":"product_tag-sottsass-ettore-de","15":"pa_product_dimension-68-x-70-x-sitzhohe-verstellbar-x-gesamthohe-80-cm","16":"pa_product_material-eloxiertes-aluminium-metall-dicker-boucle-stoff-aus-wolle","18":"first","19":"outofstock","20":"shipping-taxable","21":"product-type-simple"},"yoast_head":"<!-- This site is optimized with the Yoast SEO plugin v24.0 - https:\/\/yoast.com\/wordpress\/plugins\/seo\/ -->\n<title>Schiebestuhl Modell Planula &#8211; demosmobilia<\/title>\n<meta name=\"robots\" content=\"index, follow, max-snippet:-1, max-image-preview:large, max-video-preview:-1\" \/>\n<link rel=\"canonical\" href=\"https:\/\/www.demosmobilia.ch\/de\/product\/schiebestuhl-modell-planula\/\" \/>\n<meta property=\"og:locale\" content=\"de_DE\" \/>\n<meta property=\"og:type\" content=\"article\" \/>\n<meta property=\"og:title\" content=\"Schiebestuhl Modell Planula &#8211; demosmobilia\" \/>\n<meta property=\"og:description\" content=\"Perry King (1938\u20132020) war ein britischer Designer, der nach seinem Studium in Birmingham Italien als Basis f\u00fcr seine Karriere w\u00e4hlte. Er trat dem Studio von Ettore Sottsass bei, der damals als Berater f\u00fcr Olivetti t\u00e4tig war, und entwickelte dort eine starke Verbindung zum italienischen Industriedesign. 1970 trug King zusammen mit Santiago Miranda zum Design und internationalen Erfolg der tragbaren Schreibmaschine Valentine bei, einem der ikonischsten Produkte des Designs des 20. Jahrhunderts. 1976 gr\u00fcndeten King und Miranda das Studio King Miranda, das sp\u00e4ter mit f\u00fchrenden M\u00f6bel- und Beleuchtungsunternehmen zusammenarbeitete. Ihre Arbeit wurde mit zahlreichen internationalen Preisen und Auszeichnungen gew\u00fcrdigt. Ettore Sottsass (1917\u20132007) war einer der einflussreichstenRead More &rarr;\" \/>\n<meta property=\"og:url\" content=\"https:\/\/www.demosmobilia.ch\/de\/product\/schiebestuhl-modell-planula\/\" \/>\n<meta property=\"og:site_name\" content=\"demosmobilia\" \/>\n<meta property=\"article:publisher\" content=\"https:\/\/www.facebook.com\/Demos-Mobilia-1137017453131445\/\" \/>\n<meta property=\"article:modified_time\" content=\"2026-01-11T20:54:27+00:00\" \/>\n<meta property=\"og:image\" content=\"https:\/\/www.demosmobilia.ch\/wp-content\/uploads\/2025\/12\/planula-swivel-armchair-ettore-sottsass-perry-king-santiago-miranda-1970-01.jpg\" \/>\n\t<meta property=\"og:image:width\" content=\"1200\" \/>\n\t<meta property=\"og:image:height\" content=\"900\" \/>\n\t<meta property=\"og:image:type\" content=\"image\/jpeg\" \/>\n<meta name=\"twitter:card\" content=\"summary_large_image\" \/>\n<meta name=\"twitter:label1\" content=\"Gesch\u00e4tzte Lesezeit\" \/>\n\t<meta name=\"twitter:data1\" content=\"1\u00a0Minute\" \/>\n<script type=\"application\/ld+json\" class=\"yoast-schema-graph\">{\"@context\":\"https:\/\/schema.org\",\"@graph\":[{\"@type\":\"WebPage\",\"@id\":\"https:\/\/www.demosmobilia.ch\/de\/product\/schiebestuhl-modell-planula\/\",\"url\":\"https:\/\/www.demosmobilia.ch\/de\/product\/schiebestuhl-modell-planula\/\",\"name\":\"Schiebestuhl Modell Planula &#8211; demosmobilia\",\"isPartOf\":{\"@id\":\"https:\/\/www.demosmobilia.ch\/de\/#website\"},\"primaryImageOfPage\":{\"@id\":\"https:\/\/www.demosmobilia.ch\/de\/product\/schiebestuhl-modell-planula\/#primaryimage\"},\"image\":{\"@id\":\"https:\/\/www.demosmobilia.ch\/de\/product\/schiebestuhl-modell-planula\/#primaryimage\"},\"thumbnailUrl\":\"https:\/\/www.demosmobilia.ch\/wp-content\/uploads\/2025\/12\/planula-swivel-armchair-ettore-sottsass-perry-king-santiago-miranda-1970-01.jpg\",\"datePublished\":\"2026-02-27T07:27:39+00:00\",\"dateModified\":\"2026-01-11T20:54:27+00:00\",\"breadcrumb\":{\"@id\":\"https:\/\/www.demosmobilia.ch\/de\/product\/schiebestuhl-modell-planula\/#breadcrumb\"},\"inLanguage\":\"de\",\"potentialAction\":[{\"@type\":\"ReadAction\",\"target\":[\"https:\/\/www.demosmobilia.ch\/de\/product\/schiebestuhl-modell-planula\/\"]}]},{\"@type\":\"ImageObject\",\"inLanguage\":\"de\",\"@id\":\"https:\/\/www.demosmobilia.ch\/de\/product\/schiebestuhl-modell-planula\/#primaryimage\",\"url\":\"https:\/\/www.demosmobilia.ch\/wp-content\/uploads\/2025\/12\/planula-swivel-armchair-ettore-sottsass-perry-king-santiago-miranda-1970-01.jpg\",\"contentUrl\":\"https:\/\/www.demosmobilia.ch\/wp-content\/uploads\/2025\/12\/planula-swivel-armchair-ettore-sottsass-perry-king-santiago-miranda-1970-01.jpg\",\"width\":1200,\"height\":900},{\"@type\":\"BreadcrumbList\",\"@id\":\"https:\/\/www.demosmobilia.ch\/de\/product\/schiebestuhl-modell-planula\/#breadcrumb\",\"itemListElement\":[{\"@type\":\"ListItem\",\"position\":1,\"name\":\"Home\",\"item\":\"https:\/\/www.demosmobilia.ch\/de\/\"},{\"@type\":\"ListItem\",\"position\":2,\"name\":\"Produkte\",\"item\":\"https:\/\/www.demosmobilia.ch\/de\/shop\/\"},{\"@type\":\"ListItem\",\"position\":3,\"name\":\"Schiebestuhl Modell Planula\"}]},{\"@type\":\"WebSite\",\"@id\":\"https:\/\/www.demosmobilia.ch\/de\/#website\",\"url\":\"https:\/\/www.demosmobilia.ch\/de\/\",\"name\":\"demosmobilia\",\"description\":\"Vintage Mid Century Modern Design Furniture from the &#039;30s to the &#039;80s\",\"publisher\":{\"@id\":\"https:\/\/www.demosmobilia.ch\/de\/#organization\"},\"potentialAction\":[{\"@type\":\"SearchAction\",\"target\":{\"@type\":\"EntryPoint\",\"urlTemplate\":\"https:\/\/www.demosmobilia.ch\/de\/?s={search_term_string}\"},\"query-input\":{\"@type\":\"PropertyValueSpecification\",\"valueRequired\":true,\"valueName\":\"search_term_string\"}}],\"inLanguage\":\"de\"},{\"@type\":\"Organization\",\"@id\":\"https:\/\/www.demosmobilia.ch\/de\/#organization\",\"name\":\"demosmobilia\",\"url\":\"https:\/\/www.demosmobilia.ch\/de\/\",\"logo\":{\"@type\":\"ImageObject\",\"inLanguage\":\"de\",\"@id\":\"https:\/\/www.demosmobilia.ch\/de\/#\/schema\/logo\/image\/\",\"url\":\"https:\/\/www.demosmobilia.ch\/wp-content\/uploads\/2020\/07\/demosmobilia-logo-2020-230-160.png\",\"contentUrl\":\"https:\/\/www.demosmobilia.ch\/wp-content\/uploads\/2020\/07\/demosmobilia-logo-2020-230-160.png\",\"width\":230,\"height\":160,\"caption\":\"demosmobilia\"},\"image\":{\"@id\":\"https:\/\/www.demosmobilia.ch\/de\/#\/schema\/logo\/image\/\"},\"sameAs\":[\"https:\/\/www.facebook.com\/Demos-Mobilia-1137017453131445\/\",\"https:\/\/www.instagram.com\/demosmobilia\/\"]}]}<\/script>\n<!-- \/ Yoast SEO plugin. -->","yoast_head_json":{"title":"Schiebestuhl Modell Planula &#8211; demosmobilia","robots":{"index":"index","follow":"follow","max-snippet":"max-snippet:-1","max-image-preview":"max-image-preview:large","max-video-preview":"max-video-preview:-1"},"canonical":"https:\/\/www.demosmobilia.ch\/de\/product\/schiebestuhl-modell-planula\/","og_locale":"de_DE","og_type":"article","og_title":"Schiebestuhl Modell Planula &#8211; demosmobilia","og_description":"Perry King (1938\u20132020) war ein britischer Designer, der nach seinem Studium in Birmingham Italien als Basis f\u00fcr seine Karriere w\u00e4hlte. Er trat dem Studio von Ettore Sottsass bei, der damals als Berater f\u00fcr Olivetti t\u00e4tig war, und entwickelte dort eine starke Verbindung zum italienischen Industriedesign. 1970 trug King zusammen mit Santiago Miranda zum Design und internationalen Erfolg der tragbaren Schreibmaschine Valentine bei, einem der ikonischsten Produkte des Designs des 20. Jahrhunderts. 1976 gr\u00fcndeten King und Miranda das Studio King Miranda, das sp\u00e4ter mit f\u00fchrenden M\u00f6bel- und Beleuchtungsunternehmen zusammenarbeitete. Ihre Arbeit wurde mit zahlreichen internationalen Preisen und Auszeichnungen gew\u00fcrdigt. Ettore Sottsass (1917\u20132007) war einer der einflussreichstenRead More &rarr;","og_url":"https:\/\/www.demosmobilia.ch\/de\/product\/schiebestuhl-modell-planula\/","og_site_name":"demosmobilia","article_publisher":"https:\/\/www.facebook.com\/Demos-Mobilia-1137017453131445\/","article_modified_time":"2026-01-11T20:54:27+00:00","og_image":[{"width":1200,"height":900,"url":"https:\/\/www.demosmobilia.ch\/wp-content\/uploads\/2025\/12\/planula-swivel-armchair-ettore-sottsass-perry-king-santiago-miranda-1970-01.jpg","type":"image\/jpeg"}],"twitter_card":"summary_large_image","twitter_misc":{"Gesch\u00e4tzte Lesezeit":"1\u00a0Minute"},"schema":{"@context":"https:\/\/schema.org","@graph":[{"@type":"WebPage","@id":"https:\/\/www.demosmobilia.ch\/de\/product\/schiebestuhl-modell-planula\/","url":"https:\/\/www.demosmobilia.ch\/de\/product\/schiebestuhl-modell-planula\/","name":"Schiebestuhl Modell Planula &#8211; demosmobilia","isPartOf":{"@id":"https:\/\/www.demosmobilia.ch\/de\/#website"},"primaryImageOfPage":{"@id":"https:\/\/www.demosmobilia.ch\/de\/product\/schiebestuhl-modell-planula\/#primaryimage"},"image":{"@id":"https:\/\/www.demosmobilia.ch\/de\/product\/schiebestuhl-modell-planula\/#primaryimage"},"thumbnailUrl":"https:\/\/www.demosmobilia.ch\/wp-content\/uploads\/2025\/12\/planula-swivel-armchair-ettore-sottsass-perry-king-santiago-miranda-1970-01.jpg","datePublished":"2026-02-27T07:27:39+00:00","dateModified":"2026-01-11T20:54:27+00:00","breadcrumb":{"@id":"https:\/\/www.demosmobilia.ch\/de\/product\/schiebestuhl-modell-planula\/#breadcrumb"},"inLanguage":"de","potentialAction":[{"@type":"ReadAction","target":["https:\/\/www.demosmobilia.ch\/de\/product\/schiebestuhl-modell-planula\/"]}]},{"@type":"ImageObject","inLanguage":"de","@id":"https:\/\/www.demosmobilia.ch\/de\/product\/schiebestuhl-modell-planula\/#primaryimage","url":"https:\/\/www.demosmobilia.ch\/wp-content\/uploads\/2025\/12\/planula-swivel-armchair-ettore-sottsass-perry-king-santiago-miranda-1970-01.jpg","contentUrl":"https:\/\/www.demosmobilia.ch\/wp-content\/uploads\/2025\/12\/planula-swivel-armchair-ettore-sottsass-perry-king-santiago-miranda-1970-01.jpg","width":1200,"height":900},{"@type":"BreadcrumbList","@id":"https:\/\/www.demosmobilia.ch\/de\/product\/schiebestuhl-modell-planula\/#breadcrumb","itemListElement":[{"@type":"ListItem","position":1,"name":"Home","item":"https:\/\/www.demosmobilia.ch\/de\/"},{"@type":"ListItem","position":2,"name":"Produkte","item":"https:\/\/www.demosmobilia.ch\/de\/shop\/"},{"@type":"ListItem","position":3,"name":"Schiebestuhl Modell Planula"}]},{"@type":"WebSite","@id":"https:\/\/www.demosmobilia.ch\/de\/#website","url":"https:\/\/www.demosmobilia.ch\/de\/","name":"demosmobilia","description":"Vintage Mid Century Modern Design Furniture from the &#039;30s to the &#039;80s","publisher":{"@id":"https:\/\/www.demosmobilia.ch\/de\/#organization"},"potentialAction":[{"@type":"SearchAction","target":{"@type":"EntryPoint","urlTemplate":"https:\/\/www.demosmobilia.ch\/de\/?s={search_term_string}"},"query-input":{"@type":"PropertyValueSpecification","valueRequired":true,"valueName":"search_term_string"}}],"inLanguage":"de"},{"@type":"Organization","@id":"https:\/\/www.demosmobilia.ch\/de\/#organization","name":"demosmobilia","url":"https:\/\/www.demosmobilia.ch\/de\/","logo":{"@type":"ImageObject","inLanguage":"de","@id":"https:\/\/www.demosmobilia.ch\/de\/#\/schema\/logo\/image\/","url":"https:\/\/www.demosmobilia.ch\/wp-content\/uploads\/2020\/07\/demosmobilia-logo-2020-230-160.png","contentUrl":"https:\/\/www.demosmobilia.ch\/wp-content\/uploads\/2020\/07\/demosmobilia-logo-2020-230-160.png","width":230,"height":160,"caption":"demosmobilia"},"image":{"@id":"https:\/\/www.demosmobilia.ch\/de\/#\/schema\/logo\/image\/"},"sameAs":["https:\/\/www.facebook.com\/Demos-Mobilia-1137017453131445\/","https:\/\/www.instagram.com\/demosmobilia\/"]}]}},"_links":{"self":[{"href":"https:\/\/www.demosmobilia.ch\/de\/wp-json\/wp\/v2\/product\/84668","targetHints":{"allow":["GET"]}}],"collection":[{"href":"https:\/\/www.demosmobilia.ch\/de\/wp-json\/wp\/v2\/product"}],"about":[{"href":"https:\/\/www.demosmobilia.ch\/de\/wp-json\/wp\/v2\/types\/product"}],"wp:featuredmedia":[{"embeddable":true,"href":"https:\/\/www.demosmobilia.ch\/de\/wp-json\/wp\/v2\/media\/84787"}],"wp:attachment":[{"href":"https:\/\/www.demosmobilia.ch\/de\/wp-json\/wp\/v2\/media?parent=84668"}],"wp:term":[{"taxonomy":"product_cat","embeddable":true,"href":"https:\/\/www.demosmobilia.ch\/de\/wp-json\/wp\/v2\/product_cat?post=84668"},{"taxonomy":"product_tag","embeddable":true,"href":"https:\/\/www.demosmobilia.ch\/de\/wp-json\/wp\/v2\/product_tag?post=84668"}],"curies":[{"name":"wp","href":"https:\/\/api.w.org\/{rel}","templated":true}]}}