{"id":84631,"date":"2025-12-18T10:20:01","date_gmt":"2025-12-18T09:20:01","guid":{"rendered":"https:\/\/www.demosmobilia.ch\/product\/italienische-design-baenke\/"},"modified":"2026-01-11T21:02:42","modified_gmt":"2026-01-11T20:02:42","slug":"italienische-design-baenke","status":"publish","type":"product","link":"https:\/\/www.demosmobilia.ch\/de\/product\/italienische-design-baenke\/","title":{"rendered":"Italienische Design-B\u00e4nke"},"content":{"rendered":"<p data-start=\"113\" data-end=\"636\">FR \u2013 Fratelli Reguitti war eine der einflussreichsten Marken im italienischen M\u00f6beldesign des 20. Jahrhunderts und wurde zum Synonym f\u00fcr Qualit\u00e4t, Innovation und Eleganz. Das 1946 in Agnosine gegr\u00fcndete und bis 1966 unter dem Markenzeichen FR t\u00e4tige Unternehmen spielte eine entscheidende Rolle in der Geschichte der italienischen Mehrzweck- und Funktionsm\u00f6bel. Von seinen Anf\u00e4ngen bis in die sp\u00e4ten 1970er Jahre etablierte sich Reguitti als Ma\u00dfstab f\u00fcr technische Raffinesse und raffinierte industrielle Produktion.<br \/>Um die Bedeutung des Ph\u00e4nomens Reguitti zu verstehen, gen\u00fcgt es, darauf hinzuweisen, dass das Unternehmen in nur zwanzig Jahren mehr als 124 Patente angemeldet hat und damit in Italien nach Gucci und Pirelli an dritter Stelle steht, noch vor gro\u00dfen Industriekonzernen wie Fiat und Magneti Marelli. Dieses au\u00dfergew\u00f6hnliche Ma\u00df an Innovation unterstreicht die F\u00fchrungsrolle von Reguitti im Bereich des designorientierten Engineerings. Im Laufe der Jahre arbeitete FR mit einigen der wichtigsten Pers\u00f6nlichkeiten des italienischen Designs zusammen, darunter Gio Ponti und Ico Parisi, und festigte damit seinen Platz in der Geschichte des modernen und italienischen Designs der Mitte des Jahrhunderts.    <\/p>\n","protected":false},"excerpt":{"rendered":"<p>Preis f\u00fcr ein St\u00fcck<a class=\"more-link\" href=\"https:\/\/www.demosmobilia.ch\/de\/product\/italienische-design-baenke\/\">Read More &rarr;<\/a><\/p>\n","protected":false},"featured_media":84603,"template":"","meta":{"_monsterinsights_skip_tracking":false,"_monsterinsights_sitenote_active":false,"_monsterinsights_sitenote_note":"","_monsterinsights_sitenote_category":0,"kk_blocks_editor_width":"","_kiokenblocks_attr":"","_kiokenblocks_dimensions":""},"product_cat":[4158,4106],"product_tag":[],"class_list":{"0":"entry","1":"author-demosmobilia","2":"has-excerpt","3":"post-84631","4":"product","5":"type-product","6":"status-publish","7":"has-post-thumbnail","8":"product_production-fratelli-reguitti","9":"product_year-1950-approx","10":"product_nation-italien-de","11":"product_cat-baenken","12":"product_cat-neuheiten","13":"pa_product_dimension-120-x-41-x-ht-38-5-cm","14":"pa_product_material-teakholz","16":"first","17":"instock","18":"shipping-taxable","19":"purchasable","20":"product-type-simple"},"yoast_head":"<!-- This site is optimized with the Yoast SEO plugin v24.0 - https:\/\/yoast.com\/wordpress\/plugins\/seo\/ -->\n<title>Italienische Design-B\u00e4nke &#8211; demosmobilia<\/title>\n<meta name=\"robots\" content=\"index, follow, max-snippet:-1, max-image-preview:large, max-video-preview:-1\" \/>\n<link rel=\"canonical\" href=\"https:\/\/www.demosmobilia.ch\/de\/product\/italienische-design-baenke\/\" \/>\n<meta property=\"og:locale\" content=\"de_DE\" \/>\n<meta property=\"og:type\" content=\"article\" \/>\n<meta property=\"og:title\" content=\"Italienische Design-B\u00e4nke &#8211; demosmobilia\" \/>\n<meta property=\"og:description\" content=\"Preis f\u00fcr ein St\u00fcckRead More &rarr;\" \/>\n<meta property=\"og:url\" content=\"https:\/\/www.demosmobilia.ch\/de\/product\/italienische-design-baenke\/\" \/>\n<meta property=\"og:site_name\" content=\"demosmobilia\" \/>\n<meta property=\"article:publisher\" content=\"https:\/\/www.facebook.com\/Demos-Mobilia-1137017453131445\/\" \/>\n<meta property=\"article:modified_time\" content=\"2026-01-11T20:02:42+00:00\" \/>\n<meta property=\"og:image\" content=\"https:\/\/www.demosmobilia.ch\/wp-content\/uploads\/2026\/01\/Fratelli-Reguitti-1950-italian-design-benches-01.jpg\" \/>\n\t<meta property=\"og:image:width\" content=\"1200\" \/>\n\t<meta property=\"og:image:height\" content=\"900\" \/>\n\t<meta property=\"og:image:type\" content=\"image\/jpeg\" \/>\n<meta name=\"twitter:card\" content=\"summary_large_image\" \/>\n<meta name=\"twitter:label1\" content=\"Gesch\u00e4tzte Lesezeit\" \/>\n\t<meta name=\"twitter:data1\" content=\"1\u00a0Minute\" \/>\n<script type=\"application\/ld+json\" class=\"yoast-schema-graph\">{\"@context\":\"https:\/\/schema.org\",\"@graph\":[{\"@type\":\"WebPage\",\"@id\":\"https:\/\/www.demosmobilia.ch\/de\/product\/italienische-design-baenke\/\",\"url\":\"https:\/\/www.demosmobilia.ch\/de\/product\/italienische-design-baenke\/\",\"name\":\"Italienische Design-B\u00e4nke &#8211; demosmobilia\",\"isPartOf\":{\"@id\":\"https:\/\/www.demosmobilia.ch\/de\/#website\"},\"primaryImageOfPage\":{\"@id\":\"https:\/\/www.demosmobilia.ch\/de\/product\/italienische-design-baenke\/#primaryimage\"},\"image\":{\"@id\":\"https:\/\/www.demosmobilia.ch\/de\/product\/italienische-design-baenke\/#primaryimage\"},\"thumbnailUrl\":\"https:\/\/www.demosmobilia.ch\/wp-content\/uploads\/2026\/01\/Fratelli-Reguitti-1950-italian-design-benches-01.jpg\",\"datePublished\":\"2025-12-18T09:20:01+00:00\",\"dateModified\":\"2026-01-11T20:02:42+00:00\",\"breadcrumb\":{\"@id\":\"https:\/\/www.demosmobilia.ch\/de\/product\/italienische-design-baenke\/#breadcrumb\"},\"inLanguage\":\"de\",\"potentialAction\":[{\"@type\":\"ReadAction\",\"target\":[\"https:\/\/www.demosmobilia.ch\/de\/product\/italienische-design-baenke\/\"]}]},{\"@type\":\"ImageObject\",\"inLanguage\":\"de\",\"@id\":\"https:\/\/www.demosmobilia.ch\/de\/product\/italienische-design-baenke\/#primaryimage\",\"url\":\"https:\/\/www.demosmobilia.ch\/wp-content\/uploads\/2026\/01\/Fratelli-Reguitti-1950-italian-design-benches-01.jpg\",\"contentUrl\":\"https:\/\/www.demosmobilia.ch\/wp-content\/uploads\/2026\/01\/Fratelli-Reguitti-1950-italian-design-benches-01.jpg\",\"width\":1200,\"height\":900},{\"@type\":\"BreadcrumbList\",\"@id\":\"https:\/\/www.demosmobilia.ch\/de\/product\/italienische-design-baenke\/#breadcrumb\",\"itemListElement\":[{\"@type\":\"ListItem\",\"position\":1,\"name\":\"Home\",\"item\":\"https:\/\/www.demosmobilia.ch\/de\/\"},{\"@type\":\"ListItem\",\"position\":2,\"name\":\"Produkte\",\"item\":\"https:\/\/www.demosmobilia.ch\/de\/shop\/\"},{\"@type\":\"ListItem\",\"position\":3,\"name\":\"Italienische Design-B\u00e4nke\"}]},{\"@type\":\"WebSite\",\"@id\":\"https:\/\/www.demosmobilia.ch\/de\/#website\",\"url\":\"https:\/\/www.demosmobilia.ch\/de\/\",\"name\":\"demosmobilia\",\"description\":\"Vintage Mid Century Modern Design Furniture from the &#039;30s to the &#039;80s\",\"publisher\":{\"@id\":\"https:\/\/www.demosmobilia.ch\/de\/#organization\"},\"potentialAction\":[{\"@type\":\"SearchAction\",\"target\":{\"@type\":\"EntryPoint\",\"urlTemplate\":\"https:\/\/www.demosmobilia.ch\/de\/?s={search_term_string}\"},\"query-input\":{\"@type\":\"PropertyValueSpecification\",\"valueRequired\":true,\"valueName\":\"search_term_string\"}}],\"inLanguage\":\"de\"},{\"@type\":\"Organization\",\"@id\":\"https:\/\/www.demosmobilia.ch\/de\/#organization\",\"name\":\"demosmobilia\",\"url\":\"https:\/\/www.demosmobilia.ch\/de\/\",\"logo\":{\"@type\":\"ImageObject\",\"inLanguage\":\"de\",\"@id\":\"https:\/\/www.demosmobilia.ch\/de\/#\/schema\/logo\/image\/\",\"url\":\"https:\/\/www.demosmobilia.ch\/wp-content\/uploads\/2020\/07\/demosmobilia-logo-2020-230-160.png\",\"contentUrl\":\"https:\/\/www.demosmobilia.ch\/wp-content\/uploads\/2020\/07\/demosmobilia-logo-2020-230-160.png\",\"width\":230,\"height\":160,\"caption\":\"demosmobilia\"},\"image\":{\"@id\":\"https:\/\/www.demosmobilia.ch\/de\/#\/schema\/logo\/image\/\"},\"sameAs\":[\"https:\/\/www.facebook.com\/Demos-Mobilia-1137017453131445\/\",\"https:\/\/www.instagram.com\/demosmobilia\/\"]}]}<\/script>\n<!-- \/ Yoast SEO plugin. -->","yoast_head_json":{"title":"Italienische Design-B\u00e4nke &#8211; demosmobilia","robots":{"index":"index","follow":"follow","max-snippet":"max-snippet:-1","max-image-preview":"max-image-preview:large","max-video-preview":"max-video-preview:-1"},"canonical":"https:\/\/www.demosmobilia.ch\/de\/product\/italienische-design-baenke\/","og_locale":"de_DE","og_type":"article","og_title":"Italienische Design-B\u00e4nke &#8211; demosmobilia","og_description":"Preis f\u00fcr ein St\u00fcckRead More &rarr;","og_url":"https:\/\/www.demosmobilia.ch\/de\/product\/italienische-design-baenke\/","og_site_name":"demosmobilia","article_publisher":"https:\/\/www.facebook.com\/Demos-Mobilia-1137017453131445\/","article_modified_time":"2026-01-11T20:02:42+00:00","og_image":[{"width":1200,"height":900,"url":"https:\/\/www.demosmobilia.ch\/wp-content\/uploads\/2026\/01\/Fratelli-Reguitti-1950-italian-design-benches-01.jpg","type":"image\/jpeg"}],"twitter_card":"summary_large_image","twitter_misc":{"Gesch\u00e4tzte Lesezeit":"1\u00a0Minute"},"schema":{"@context":"https:\/\/schema.org","@graph":[{"@type":"WebPage","@id":"https:\/\/www.demosmobilia.ch\/de\/product\/italienische-design-baenke\/","url":"https:\/\/www.demosmobilia.ch\/de\/product\/italienische-design-baenke\/","name":"Italienische Design-B\u00e4nke &#8211; demosmobilia","isPartOf":{"@id":"https:\/\/www.demosmobilia.ch\/de\/#website"},"primaryImageOfPage":{"@id":"https:\/\/www.demosmobilia.ch\/de\/product\/italienische-design-baenke\/#primaryimage"},"image":{"@id":"https:\/\/www.demosmobilia.ch\/de\/product\/italienische-design-baenke\/#primaryimage"},"thumbnailUrl":"https:\/\/www.demosmobilia.ch\/wp-content\/uploads\/2026\/01\/Fratelli-Reguitti-1950-italian-design-benches-01.jpg","datePublished":"2025-12-18T09:20:01+00:00","dateModified":"2026-01-11T20:02:42+00:00","breadcrumb":{"@id":"https:\/\/www.demosmobilia.ch\/de\/product\/italienische-design-baenke\/#breadcrumb"},"inLanguage":"de","potentialAction":[{"@type":"ReadAction","target":["https:\/\/www.demosmobilia.ch\/de\/product\/italienische-design-baenke\/"]}]},{"@type":"ImageObject","inLanguage":"de","@id":"https:\/\/www.demosmobilia.ch\/de\/product\/italienische-design-baenke\/#primaryimage","url":"https:\/\/www.demosmobilia.ch\/wp-content\/uploads\/2026\/01\/Fratelli-Reguitti-1950-italian-design-benches-01.jpg","contentUrl":"https:\/\/www.demosmobilia.ch\/wp-content\/uploads\/2026\/01\/Fratelli-Reguitti-1950-italian-design-benches-01.jpg","width":1200,"height":900},{"@type":"BreadcrumbList","@id":"https:\/\/www.demosmobilia.ch\/de\/product\/italienische-design-baenke\/#breadcrumb","itemListElement":[{"@type":"ListItem","position":1,"name":"Home","item":"https:\/\/www.demosmobilia.ch\/de\/"},{"@type":"ListItem","position":2,"name":"Produkte","item":"https:\/\/www.demosmobilia.ch\/de\/shop\/"},{"@type":"ListItem","position":3,"name":"Italienische Design-B\u00e4nke"}]},{"@type":"WebSite","@id":"https:\/\/www.demosmobilia.ch\/de\/#website","url":"https:\/\/www.demosmobilia.ch\/de\/","name":"demosmobilia","description":"Vintage Mid Century Modern Design Furniture from the &#039;30s to the &#039;80s","publisher":{"@id":"https:\/\/www.demosmobilia.ch\/de\/#organization"},"potentialAction":[{"@type":"SearchAction","target":{"@type":"EntryPoint","urlTemplate":"https:\/\/www.demosmobilia.ch\/de\/?s={search_term_string}"},"query-input":{"@type":"PropertyValueSpecification","valueRequired":true,"valueName":"search_term_string"}}],"inLanguage":"de"},{"@type":"Organization","@id":"https:\/\/www.demosmobilia.ch\/de\/#organization","name":"demosmobilia","url":"https:\/\/www.demosmobilia.ch\/de\/","logo":{"@type":"ImageObject","inLanguage":"de","@id":"https:\/\/www.demosmobilia.ch\/de\/#\/schema\/logo\/image\/","url":"https:\/\/www.demosmobilia.ch\/wp-content\/uploads\/2020\/07\/demosmobilia-logo-2020-230-160.png","contentUrl":"https:\/\/www.demosmobilia.ch\/wp-content\/uploads\/2020\/07\/demosmobilia-logo-2020-230-160.png","width":230,"height":160,"caption":"demosmobilia"},"image":{"@id":"https:\/\/www.demosmobilia.ch\/de\/#\/schema\/logo\/image\/"},"sameAs":["https:\/\/www.facebook.com\/Demos-Mobilia-1137017453131445\/","https:\/\/www.instagram.com\/demosmobilia\/"]}]}},"_links":{"self":[{"href":"https:\/\/www.demosmobilia.ch\/de\/wp-json\/wp\/v2\/product\/84631","targetHints":{"allow":["GET"]}}],"collection":[{"href":"https:\/\/www.demosmobilia.ch\/de\/wp-json\/wp\/v2\/product"}],"about":[{"href":"https:\/\/www.demosmobilia.ch\/de\/wp-json\/wp\/v2\/types\/product"}],"wp:featuredmedia":[{"embeddable":true,"href":"https:\/\/www.demosmobilia.ch\/de\/wp-json\/wp\/v2\/media\/84603"}],"wp:attachment":[{"href":"https:\/\/www.demosmobilia.ch\/de\/wp-json\/wp\/v2\/media?parent=84631"}],"wp:term":[{"taxonomy":"product_cat","embeddable":true,"href":"https:\/\/www.demosmobilia.ch\/de\/wp-json\/wp\/v2\/product_cat?post=84631"},{"taxonomy":"product_tag","embeddable":true,"href":"https:\/\/www.demosmobilia.ch\/de\/wp-json\/wp\/v2\/product_tag?post=84631"}],"curies":[{"name":"wp","href":"https:\/\/api.w.org\/{rel}","templated":true}]}}