{"id":84597,"date":"2025-12-18T10:25:54","date_gmt":"2025-12-18T09:25:54","guid":{"rendered":"https:\/\/www.demosmobilia.ch\/product\/minimalistisches-sideboard-aus-rosenholz-mit-architektonischen-details\/"},"modified":"2026-01-11T20:56:34","modified_gmt":"2026-01-11T19:56:34","slug":"minimalistisches-sideboard-aus-rosenholz-mit-architektonischen-details","status":"publish","type":"product","link":"https:\/\/www.demosmobilia.ch\/de\/product\/minimalistisches-sideboard-aus-rosenholz-mit-architektonischen-details\/","title":{"rendered":"Minimalistisches Sideboard aus Rosenholz mit architektonischen Details"},"content":{"rendered":"<p data-start=\"112\" data-end=\"567\">Poggi wurde 1940 als familiengef\u00fchrte Tischlerei gegr\u00fcndet und entwickelte sich zu einem der bedeutendsten italienischen M\u00f6belhersteller der Nachkriegszeit. Ab den 1950er Jahren erwarb sich Poggi einen guten Ruf f\u00fcr die Herstellung hochwertiger Designerm\u00f6bel, die handwerkliches K\u00f6nnen mit industrieller Innovation verbanden. Das Unternehmen blieb bis Ende der 2000er Jahre aktiv und hinterlie\u00df bleibende Spuren in der italienischen Designgeschichte.<br \/>\nSeine Bl\u00fctezeit erlebte Poggi in den fr\u00fchen 1950er Jahren, als die Zusammenarbeit mit dem Architekten Franco Albini entscheidend zur Definition der Unternehmensidentit\u00e4t beitrug. Gemeinsam entwickelten sie ikonische Designs wie den Sessel \u201eTre Pezzi\u201d und den Tisch \u201eCavalletto\u201d, die heute als Meisterwerke des italienischen Designs der Mitte des Jahrhunderts gelten. Im Laufe der Jahrzehnte baute Poggi sein Netzwerk an Kooperationen aus und arbeitete mit f\u00fchrenden Designern und Architekten wie Vico Magistretti, Marco Zanuso, Afra und Tobia Scarpa sowie Renzo Piano zusammen. Durch diese Partnerschaften trug Poggi zur Entwicklung des modernen italienischen M\u00f6beldesigns bei und produzierte zeitlose St\u00fccke, die f\u00fcr ihre Eleganz, Funktionalit\u00e4t und strukturelle Klarheit gefeiert wurden.     <\/p>\n","protected":false},"excerpt":{"rendered":"<p>Poggi wurde 1940 als familiengef\u00fchrte Tischlerei gegr\u00fcndet und entwickelte sich zu einem der bedeutendsten italienischen M\u00f6belhersteller der Nachkriegszeit. Ab den 1950er Jahren erwarb sich Poggi einen guten Ruf f\u00fcr die Herstellung hochwertiger Designerm\u00f6bel, die handwerkliches K\u00f6nnen mit industrieller Innovation verbanden. Das Unternehmen blieb bis Ende der 2000er Jahre aktiv und hinterlie\u00df bleibende Spuren in der italienischen Designgeschichte. Seine Bl\u00fctezeit erlebte Poggi in den fr\u00fchen 1950er Jahren, als die Zusammenarbeit mit dem Architekten Franco Albini entscheidend zur Definition der Unternehmensidentit\u00e4t beitrug. Gemeinsam entwickelten sie ikonische Designs wie den Sessel \u201eTre Pezzi\u201d und den Tisch \u201eCavalletto\u201d, die heute als Meisterwerke des italienischen Designs der Mitte des Jahrhunderts<a class=\"more-link\" href=\"https:\/\/www.demosmobilia.ch\/de\/product\/minimalistisches-sideboard-aus-rosenholz-mit-architektonischen-details\/\">Read More &rarr;<\/a><\/p>\n","protected":false},"featured_media":84803,"template":"","meta":{"_monsterinsights_skip_tracking":false,"_monsterinsights_sitenote_active":false,"_monsterinsights_sitenote_note":"","_monsterinsights_sitenote_category":0,"kk_blocks_editor_width":"","_kiokenblocks_attr":"","_kiokenblocks_dimensions":""},"product_cat":[4106,4177],"product_tag":[],"class_list":{"0":"entry","1":"author-demosmobilia","2":"post-84597","3":"product","4":"type-product","5":"status-publish","6":"has-post-thumbnail","7":"product_production-poggi-attributed","8":"product_year-1950-approx","9":"product_nation-italien-de","10":"product_cat-neuheiten","11":"product_cat-sideboards-de","12":"pa_product_dimension-211-x-48-5-x-ht-80-cm","13":"pa_product_material-palisanderholz","15":"first","16":"instock","17":"shipping-taxable","18":"purchasable","19":"product-type-simple"},"yoast_head":"<!-- This site is optimized with the Yoast SEO plugin v24.0 - https:\/\/yoast.com\/wordpress\/plugins\/seo\/ -->\n<title>Minimalistisches Sideboard aus Rosenholz mit architektonischen Details &#8211; demosmobilia<\/title>\n<meta name=\"robots\" content=\"index, follow, max-snippet:-1, max-image-preview:large, max-video-preview:-1\" \/>\n<link rel=\"canonical\" href=\"https:\/\/www.demosmobilia.ch\/de\/product\/minimalistisches-sideboard-aus-rosenholz-mit-architektonischen-details\/\" \/>\n<meta property=\"og:locale\" content=\"de_DE\" \/>\n<meta property=\"og:type\" content=\"article\" \/>\n<meta property=\"og:title\" content=\"Minimalistisches Sideboard aus Rosenholz mit architektonischen Details &#8211; demosmobilia\" \/>\n<meta property=\"og:description\" content=\"Poggi wurde 1940 als familiengef\u00fchrte Tischlerei gegr\u00fcndet und entwickelte sich zu einem der bedeutendsten italienischen M\u00f6belhersteller der Nachkriegszeit. Ab den 1950er Jahren erwarb sich Poggi einen guten Ruf f\u00fcr die Herstellung hochwertiger Designerm\u00f6bel, die handwerkliches K\u00f6nnen mit industrieller Innovation verbanden. Das Unternehmen blieb bis Ende der 2000er Jahre aktiv und hinterlie\u00df bleibende Spuren in der italienischen Designgeschichte. Seine Bl\u00fctezeit erlebte Poggi in den fr\u00fchen 1950er Jahren, als die Zusammenarbeit mit dem Architekten Franco Albini entscheidend zur Definition der Unternehmensidentit\u00e4t beitrug. Gemeinsam entwickelten sie ikonische Designs wie den Sessel \u201eTre Pezzi\u201d und den Tisch \u201eCavalletto\u201d, die heute als Meisterwerke des italienischen Designs der Mitte des JahrhundertsRead More &rarr;\" \/>\n<meta property=\"og:url\" content=\"https:\/\/www.demosmobilia.ch\/de\/product\/minimalistisches-sideboard-aus-rosenholz-mit-architektonischen-details\/\" \/>\n<meta property=\"og:site_name\" content=\"demosmobilia\" \/>\n<meta property=\"article:publisher\" content=\"https:\/\/www.facebook.com\/Demos-Mobilia-1137017453131445\/\" \/>\n<meta property=\"article:modified_time\" content=\"2026-01-11T19:56:34+00:00\" \/>\n<meta property=\"og:image\" content=\"https:\/\/www.demosmobilia.ch\/wp-content\/uploads\/2025\/12\/rosewood-italian-design-sideboard-1960-01.jpg\" \/>\n\t<meta property=\"og:image:width\" content=\"1200\" \/>\n\t<meta property=\"og:image:height\" content=\"900\" \/>\n\t<meta property=\"og:image:type\" content=\"image\/jpeg\" \/>\n<meta name=\"twitter:card\" content=\"summary_large_image\" \/>\n<meta name=\"twitter:label1\" content=\"Gesch\u00e4tzte Lesezeit\" \/>\n\t<meta name=\"twitter:data1\" content=\"1\u00a0Minute\" \/>\n<script type=\"application\/ld+json\" class=\"yoast-schema-graph\">{\"@context\":\"https:\/\/schema.org\",\"@graph\":[{\"@type\":\"WebPage\",\"@id\":\"https:\/\/www.demosmobilia.ch\/de\/product\/minimalistisches-sideboard-aus-rosenholz-mit-architektonischen-details\/\",\"url\":\"https:\/\/www.demosmobilia.ch\/de\/product\/minimalistisches-sideboard-aus-rosenholz-mit-architektonischen-details\/\",\"name\":\"Minimalistisches Sideboard aus Rosenholz mit architektonischen Details &#8211; demosmobilia\",\"isPartOf\":{\"@id\":\"https:\/\/www.demosmobilia.ch\/de\/#website\"},\"primaryImageOfPage\":{\"@id\":\"https:\/\/www.demosmobilia.ch\/de\/product\/minimalistisches-sideboard-aus-rosenholz-mit-architektonischen-details\/#primaryimage\"},\"image\":{\"@id\":\"https:\/\/www.demosmobilia.ch\/de\/product\/minimalistisches-sideboard-aus-rosenholz-mit-architektonischen-details\/#primaryimage\"},\"thumbnailUrl\":\"https:\/\/www.demosmobilia.ch\/wp-content\/uploads\/2025\/12\/rosewood-italian-design-sideboard-1960-01.jpg\",\"datePublished\":\"2025-12-18T09:25:54+00:00\",\"dateModified\":\"2026-01-11T19:56:34+00:00\",\"breadcrumb\":{\"@id\":\"https:\/\/www.demosmobilia.ch\/de\/product\/minimalistisches-sideboard-aus-rosenholz-mit-architektonischen-details\/#breadcrumb\"},\"inLanguage\":\"de\",\"potentialAction\":[{\"@type\":\"ReadAction\",\"target\":[\"https:\/\/www.demosmobilia.ch\/de\/product\/minimalistisches-sideboard-aus-rosenholz-mit-architektonischen-details\/\"]}]},{\"@type\":\"ImageObject\",\"inLanguage\":\"de\",\"@id\":\"https:\/\/www.demosmobilia.ch\/de\/product\/minimalistisches-sideboard-aus-rosenholz-mit-architektonischen-details\/#primaryimage\",\"url\":\"https:\/\/www.demosmobilia.ch\/wp-content\/uploads\/2025\/12\/rosewood-italian-design-sideboard-1960-01.jpg\",\"contentUrl\":\"https:\/\/www.demosmobilia.ch\/wp-content\/uploads\/2025\/12\/rosewood-italian-design-sideboard-1960-01.jpg\",\"width\":1200,\"height\":900},{\"@type\":\"BreadcrumbList\",\"@id\":\"https:\/\/www.demosmobilia.ch\/de\/product\/minimalistisches-sideboard-aus-rosenholz-mit-architektonischen-details\/#breadcrumb\",\"itemListElement\":[{\"@type\":\"ListItem\",\"position\":1,\"name\":\"Home\",\"item\":\"https:\/\/www.demosmobilia.ch\/de\/\"},{\"@type\":\"ListItem\",\"position\":2,\"name\":\"Produkte\",\"item\":\"https:\/\/www.demosmobilia.ch\/de\/shop\/\"},{\"@type\":\"ListItem\",\"position\":3,\"name\":\"Minimalistisches Sideboard aus Rosenholz mit architektonischen Details\"}]},{\"@type\":\"WebSite\",\"@id\":\"https:\/\/www.demosmobilia.ch\/de\/#website\",\"url\":\"https:\/\/www.demosmobilia.ch\/de\/\",\"name\":\"demosmobilia\",\"description\":\"Vintage Mid Century Modern Design Furniture from the &#039;30s to the &#039;80s\",\"publisher\":{\"@id\":\"https:\/\/www.demosmobilia.ch\/de\/#organization\"},\"potentialAction\":[{\"@type\":\"SearchAction\",\"target\":{\"@type\":\"EntryPoint\",\"urlTemplate\":\"https:\/\/www.demosmobilia.ch\/de\/?s={search_term_string}\"},\"query-input\":{\"@type\":\"PropertyValueSpecification\",\"valueRequired\":true,\"valueName\":\"search_term_string\"}}],\"inLanguage\":\"de\"},{\"@type\":\"Organization\",\"@id\":\"https:\/\/www.demosmobilia.ch\/de\/#organization\",\"name\":\"demosmobilia\",\"url\":\"https:\/\/www.demosmobilia.ch\/de\/\",\"logo\":{\"@type\":\"ImageObject\",\"inLanguage\":\"de\",\"@id\":\"https:\/\/www.demosmobilia.ch\/de\/#\/schema\/logo\/image\/\",\"url\":\"https:\/\/www.demosmobilia.ch\/wp-content\/uploads\/2020\/07\/demosmobilia-logo-2020-230-160.png\",\"contentUrl\":\"https:\/\/www.demosmobilia.ch\/wp-content\/uploads\/2020\/07\/demosmobilia-logo-2020-230-160.png\",\"width\":230,\"height\":160,\"caption\":\"demosmobilia\"},\"image\":{\"@id\":\"https:\/\/www.demosmobilia.ch\/de\/#\/schema\/logo\/image\/\"},\"sameAs\":[\"https:\/\/www.facebook.com\/Demos-Mobilia-1137017453131445\/\",\"https:\/\/www.instagram.com\/demosmobilia\/\"]}]}<\/script>\n<!-- \/ Yoast SEO plugin. -->","yoast_head_json":{"title":"Minimalistisches Sideboard aus Rosenholz mit architektonischen Details &#8211; demosmobilia","robots":{"index":"index","follow":"follow","max-snippet":"max-snippet:-1","max-image-preview":"max-image-preview:large","max-video-preview":"max-video-preview:-1"},"canonical":"https:\/\/www.demosmobilia.ch\/de\/product\/minimalistisches-sideboard-aus-rosenholz-mit-architektonischen-details\/","og_locale":"de_DE","og_type":"article","og_title":"Minimalistisches Sideboard aus Rosenholz mit architektonischen Details &#8211; demosmobilia","og_description":"Poggi wurde 1940 als familiengef\u00fchrte Tischlerei gegr\u00fcndet und entwickelte sich zu einem der bedeutendsten italienischen M\u00f6belhersteller der Nachkriegszeit. Ab den 1950er Jahren erwarb sich Poggi einen guten Ruf f\u00fcr die Herstellung hochwertiger Designerm\u00f6bel, die handwerkliches K\u00f6nnen mit industrieller Innovation verbanden. Das Unternehmen blieb bis Ende der 2000er Jahre aktiv und hinterlie\u00df bleibende Spuren in der italienischen Designgeschichte. Seine Bl\u00fctezeit erlebte Poggi in den fr\u00fchen 1950er Jahren, als die Zusammenarbeit mit dem Architekten Franco Albini entscheidend zur Definition der Unternehmensidentit\u00e4t beitrug. Gemeinsam entwickelten sie ikonische Designs wie den Sessel \u201eTre Pezzi\u201d und den Tisch \u201eCavalletto\u201d, die heute als Meisterwerke des italienischen Designs der Mitte des JahrhundertsRead More &rarr;","og_url":"https:\/\/www.demosmobilia.ch\/de\/product\/minimalistisches-sideboard-aus-rosenholz-mit-architektonischen-details\/","og_site_name":"demosmobilia","article_publisher":"https:\/\/www.facebook.com\/Demos-Mobilia-1137017453131445\/","article_modified_time":"2026-01-11T19:56:34+00:00","og_image":[{"width":1200,"height":900,"url":"https:\/\/www.demosmobilia.ch\/wp-content\/uploads\/2025\/12\/rosewood-italian-design-sideboard-1960-01.jpg","type":"image\/jpeg"}],"twitter_card":"summary_large_image","twitter_misc":{"Gesch\u00e4tzte Lesezeit":"1\u00a0Minute"},"schema":{"@context":"https:\/\/schema.org","@graph":[{"@type":"WebPage","@id":"https:\/\/www.demosmobilia.ch\/de\/product\/minimalistisches-sideboard-aus-rosenholz-mit-architektonischen-details\/","url":"https:\/\/www.demosmobilia.ch\/de\/product\/minimalistisches-sideboard-aus-rosenholz-mit-architektonischen-details\/","name":"Minimalistisches Sideboard aus Rosenholz mit architektonischen Details &#8211; demosmobilia","isPartOf":{"@id":"https:\/\/www.demosmobilia.ch\/de\/#website"},"primaryImageOfPage":{"@id":"https:\/\/www.demosmobilia.ch\/de\/product\/minimalistisches-sideboard-aus-rosenholz-mit-architektonischen-details\/#primaryimage"},"image":{"@id":"https:\/\/www.demosmobilia.ch\/de\/product\/minimalistisches-sideboard-aus-rosenholz-mit-architektonischen-details\/#primaryimage"},"thumbnailUrl":"https:\/\/www.demosmobilia.ch\/wp-content\/uploads\/2025\/12\/rosewood-italian-design-sideboard-1960-01.jpg","datePublished":"2025-12-18T09:25:54+00:00","dateModified":"2026-01-11T19:56:34+00:00","breadcrumb":{"@id":"https:\/\/www.demosmobilia.ch\/de\/product\/minimalistisches-sideboard-aus-rosenholz-mit-architektonischen-details\/#breadcrumb"},"inLanguage":"de","potentialAction":[{"@type":"ReadAction","target":["https:\/\/www.demosmobilia.ch\/de\/product\/minimalistisches-sideboard-aus-rosenholz-mit-architektonischen-details\/"]}]},{"@type":"ImageObject","inLanguage":"de","@id":"https:\/\/www.demosmobilia.ch\/de\/product\/minimalistisches-sideboard-aus-rosenholz-mit-architektonischen-details\/#primaryimage","url":"https:\/\/www.demosmobilia.ch\/wp-content\/uploads\/2025\/12\/rosewood-italian-design-sideboard-1960-01.jpg","contentUrl":"https:\/\/www.demosmobilia.ch\/wp-content\/uploads\/2025\/12\/rosewood-italian-design-sideboard-1960-01.jpg","width":1200,"height":900},{"@type":"BreadcrumbList","@id":"https:\/\/www.demosmobilia.ch\/de\/product\/minimalistisches-sideboard-aus-rosenholz-mit-architektonischen-details\/#breadcrumb","itemListElement":[{"@type":"ListItem","position":1,"name":"Home","item":"https:\/\/www.demosmobilia.ch\/de\/"},{"@type":"ListItem","position":2,"name":"Produkte","item":"https:\/\/www.demosmobilia.ch\/de\/shop\/"},{"@type":"ListItem","position":3,"name":"Minimalistisches Sideboard aus Rosenholz mit architektonischen Details"}]},{"@type":"WebSite","@id":"https:\/\/www.demosmobilia.ch\/de\/#website","url":"https:\/\/www.demosmobilia.ch\/de\/","name":"demosmobilia","description":"Vintage Mid Century Modern Design Furniture from the &#039;30s to the &#039;80s","publisher":{"@id":"https:\/\/www.demosmobilia.ch\/de\/#organization"},"potentialAction":[{"@type":"SearchAction","target":{"@type":"EntryPoint","urlTemplate":"https:\/\/www.demosmobilia.ch\/de\/?s={search_term_string}"},"query-input":{"@type":"PropertyValueSpecification","valueRequired":true,"valueName":"search_term_string"}}],"inLanguage":"de"},{"@type":"Organization","@id":"https:\/\/www.demosmobilia.ch\/de\/#organization","name":"demosmobilia","url":"https:\/\/www.demosmobilia.ch\/de\/","logo":{"@type":"ImageObject","inLanguage":"de","@id":"https:\/\/www.demosmobilia.ch\/de\/#\/schema\/logo\/image\/","url":"https:\/\/www.demosmobilia.ch\/wp-content\/uploads\/2020\/07\/demosmobilia-logo-2020-230-160.png","contentUrl":"https:\/\/www.demosmobilia.ch\/wp-content\/uploads\/2020\/07\/demosmobilia-logo-2020-230-160.png","width":230,"height":160,"caption":"demosmobilia"},"image":{"@id":"https:\/\/www.demosmobilia.ch\/de\/#\/schema\/logo\/image\/"},"sameAs":["https:\/\/www.facebook.com\/Demos-Mobilia-1137017453131445\/","https:\/\/www.instagram.com\/demosmobilia\/"]}]}},"_links":{"self":[{"href":"https:\/\/www.demosmobilia.ch\/de\/wp-json\/wp\/v2\/product\/84597","targetHints":{"allow":["GET"]}}],"collection":[{"href":"https:\/\/www.demosmobilia.ch\/de\/wp-json\/wp\/v2\/product"}],"about":[{"href":"https:\/\/www.demosmobilia.ch\/de\/wp-json\/wp\/v2\/types\/product"}],"wp:featuredmedia":[{"embeddable":true,"href":"https:\/\/www.demosmobilia.ch\/de\/wp-json\/wp\/v2\/media\/84803"}],"wp:attachment":[{"href":"https:\/\/www.demosmobilia.ch\/de\/wp-json\/wp\/v2\/media?parent=84597"}],"wp:term":[{"taxonomy":"product_cat","embeddable":true,"href":"https:\/\/www.demosmobilia.ch\/de\/wp-json\/wp\/v2\/product_cat?post=84597"},{"taxonomy":"product_tag","embeddable":true,"href":"https:\/\/www.demosmobilia.ch\/de\/wp-json\/wp\/v2\/product_tag?post=84597"}],"curies":[{"name":"wp","href":"https:\/\/api.w.org\/{rel}","templated":true}]}}