{"id":84548,"date":"2025-12-18T10:37:51","date_gmt":"2025-12-18T09:37:51","guid":{"rendered":"https:\/\/www.demosmobilia.ch\/product\/tragbare-laternen-tischlampe-modell-8052\/"},"modified":"2026-01-11T19:23:15","modified_gmt":"2026-01-11T18:23:15","slug":"tragbare-laternen-tischlampe-modell-8052","status":"publish","type":"product","link":"https:\/\/www.demosmobilia.ch\/de\/product\/tragbare-laternen-tischlampe-modell-8052\/","title":{"rendered":"Tragbare Laternen-Tischlampe Modell 8052"},"content":{"rendered":"<p data-start=\"93\" data-end=\"373\">Stilnovo wurde 1946 von Bruno Gatta in Mailand gegr\u00fcndet und entstand w\u00e4hrend des Wiederaufbaus Italiens nach dem Krieg mit dem Ziel, modernes Lichtdesign neu zu definieren. Der Name des Unternehmens, der \u201eneuer Stil\u201c bedeutet, spiegelt seinen zukunftsorientierten Ansatz und sein Engagement f\u00fcr Innovation wider.<br \/>\nAls Pionier des italienischen Designs geh\u00f6rte Stilnovo zu den ersten Unternehmen, die industrielle Produktion mit internationaler Architektur- und Designkultur verbanden. Seine innovativen Beleuchtungsdesigns fanden gro\u00dfe Anerkennung, darunter Medaillen bei der Mail\u00e4nder Triennale und der renommierte Compasso d&#8217;Oro Award.<br \/>\nIm Laufe seiner Geschichte arbeitete Stilnovo mit f\u00fchrenden Designern und Architekten zusammen, darunter Achille und Pier Giacomo Castiglioni, Joe Colombo, Ettore Sottsass, Gae Aulenti, De Pas\u2013D\u2019Urbino\u2013Lomazzi und Antonio Macchi Cassia. Diese Kooperationen trugen dazu bei, Stilnovo als wichtige Referenz im modernen und zeitgen\u00f6ssischen italienischen Lichtdesign der Mitte des Jahrhunderts zu etablieren.   <\/p>\n","protected":false},"excerpt":{"rendered":"<p>Stilnovo wurde 1946 von Bruno Gatta in Mailand gegr\u00fcndet und entstand w\u00e4hrend des Wiederaufbaus Italiens nach dem Krieg mit dem Ziel, modernes Lichtdesign neu zu definieren. Der Name des Unternehmens, der \u201eneuer Stil\u201c bedeutet, spiegelt seinen zukunftsorientierten Ansatz und sein Engagement f\u00fcr Innovation wider. Als Pionier des italienischen Designs geh\u00f6rte Stilnovo zu den ersten Unternehmen, die industrielle Produktion mit internationaler Architektur- und Designkultur verbanden. Seine innovativen Beleuchtungsdesigns fanden gro\u00dfe Anerkennung, darunter Medaillen bei der Mail\u00e4nder Triennale und der renommierte Compasso d&#8217;Oro Award. Im Laufe seiner Geschichte arbeitete Stilnovo mit f\u00fchrenden Designern und Architekten zusammen, darunter Achille und Pier Giacomo Castiglioni, Joe Colombo, Ettore Sottsass, Gae<a class=\"more-link\" href=\"https:\/\/www.demosmobilia.ch\/de\/product\/tragbare-laternen-tischlampe-modell-8052\/\">Read More &rarr;<\/a><\/p>\n","protected":false},"featured_media":84799,"template":"","meta":{"_monsterinsights_skip_tracking":false,"_monsterinsights_sitenote_active":false,"_monsterinsights_sitenote_note":"","_monsterinsights_sitenote_category":0,"kk_blocks_editor_width":"","_kiokenblocks_attr":"","_kiokenblocks_dimensions":""},"product_cat":[4106,4127],"product_tag":[],"class_list":{"0":"entry","1":"author-demosmobilia","2":"post-84548","3":"product","4":"type-product","5":"status-publish","6":"has-post-thumbnail","7":"product_production-stilnovo","8":"product_year-1960-approx","9":"product_nation-italien-de","10":"product_cat-neuheiten","11":"product_cat-tischleuchten","12":"pa_product_dimension-dia-24-x-ht-48-cm","13":"pa_product_material-messing-weises-opalglas-walnussholz","15":"first","16":"instock","17":"shipping-taxable","18":"purchasable","19":"product-type-simple"},"yoast_head":"<!-- This site is optimized with the Yoast SEO plugin v24.0 - https:\/\/yoast.com\/wordpress\/plugins\/seo\/ -->\n<title>Tragbare Laternen-Tischlampe Modell 8052 &#8211; demosmobilia<\/title>\n<meta name=\"robots\" content=\"index, follow, max-snippet:-1, max-image-preview:large, max-video-preview:-1\" \/>\n<link rel=\"canonical\" href=\"https:\/\/www.demosmobilia.ch\/de\/product\/tragbare-laternen-tischlampe-modell-8052\/\" \/>\n<meta property=\"og:locale\" content=\"de_DE\" \/>\n<meta property=\"og:type\" content=\"article\" \/>\n<meta property=\"og:title\" content=\"Tragbare Laternen-Tischlampe Modell 8052 &#8211; demosmobilia\" \/>\n<meta property=\"og:description\" content=\"Stilnovo wurde 1946 von Bruno Gatta in Mailand gegr\u00fcndet und entstand w\u00e4hrend des Wiederaufbaus Italiens nach dem Krieg mit dem Ziel, modernes Lichtdesign neu zu definieren. Der Name des Unternehmens, der \u201eneuer Stil\u201c bedeutet, spiegelt seinen zukunftsorientierten Ansatz und sein Engagement f\u00fcr Innovation wider. Als Pionier des italienischen Designs geh\u00f6rte Stilnovo zu den ersten Unternehmen, die industrielle Produktion mit internationaler Architektur- und Designkultur verbanden. Seine innovativen Beleuchtungsdesigns fanden gro\u00dfe Anerkennung, darunter Medaillen bei der Mail\u00e4nder Triennale und der renommierte Compasso d&#8217;Oro Award. Im Laufe seiner Geschichte arbeitete Stilnovo mit f\u00fchrenden Designern und Architekten zusammen, darunter Achille und Pier Giacomo Castiglioni, Joe Colombo, Ettore Sottsass, GaeRead More &rarr;\" \/>\n<meta property=\"og:url\" content=\"https:\/\/www.demosmobilia.ch\/de\/product\/tragbare-laternen-tischlampe-modell-8052\/\" \/>\n<meta property=\"og:site_name\" content=\"demosmobilia\" \/>\n<meta property=\"article:publisher\" content=\"https:\/\/www.facebook.com\/Demos-Mobilia-1137017453131445\/\" \/>\n<meta property=\"article:modified_time\" content=\"2026-01-11T18:23:15+00:00\" \/>\n<meta property=\"og:image\" content=\"https:\/\/www.demosmobilia.ch\/wp-content\/uploads\/2026\/01\/stilnovo-lantern-table-lamp-model8052-italy-1950-02.jpg\" \/>\n\t<meta property=\"og:image:width\" content=\"1200\" \/>\n\t<meta property=\"og:image:height\" content=\"900\" \/>\n\t<meta property=\"og:image:type\" content=\"image\/jpeg\" \/>\n<meta name=\"twitter:card\" content=\"summary_large_image\" \/>\n<meta name=\"twitter:label1\" content=\"Gesch\u00e4tzte Lesezeit\" \/>\n\t<meta name=\"twitter:data1\" content=\"1\u00a0Minute\" \/>\n<script type=\"application\/ld+json\" class=\"yoast-schema-graph\">{\"@context\":\"https:\/\/schema.org\",\"@graph\":[{\"@type\":\"WebPage\",\"@id\":\"https:\/\/www.demosmobilia.ch\/de\/product\/tragbare-laternen-tischlampe-modell-8052\/\",\"url\":\"https:\/\/www.demosmobilia.ch\/de\/product\/tragbare-laternen-tischlampe-modell-8052\/\",\"name\":\"Tragbare Laternen-Tischlampe Modell 8052 &#8211; demosmobilia\",\"isPartOf\":{\"@id\":\"https:\/\/www.demosmobilia.ch\/de\/#website\"},\"primaryImageOfPage\":{\"@id\":\"https:\/\/www.demosmobilia.ch\/de\/product\/tragbare-laternen-tischlampe-modell-8052\/#primaryimage\"},\"image\":{\"@id\":\"https:\/\/www.demosmobilia.ch\/de\/product\/tragbare-laternen-tischlampe-modell-8052\/#primaryimage\"},\"thumbnailUrl\":\"https:\/\/www.demosmobilia.ch\/wp-content\/uploads\/2025\/12\/stilnovo-lantern-table-lamp-model8052-italy-1950-02-1.jpg\",\"datePublished\":\"2025-12-18T09:37:51+00:00\",\"dateModified\":\"2026-01-11T18:23:15+00:00\",\"breadcrumb\":{\"@id\":\"https:\/\/www.demosmobilia.ch\/de\/product\/tragbare-laternen-tischlampe-modell-8052\/#breadcrumb\"},\"inLanguage\":\"de\",\"potentialAction\":[{\"@type\":\"ReadAction\",\"target\":[\"https:\/\/www.demosmobilia.ch\/de\/product\/tragbare-laternen-tischlampe-modell-8052\/\"]}]},{\"@type\":\"ImageObject\",\"inLanguage\":\"de\",\"@id\":\"https:\/\/www.demosmobilia.ch\/de\/product\/tragbare-laternen-tischlampe-modell-8052\/#primaryimage\",\"url\":\"https:\/\/www.demosmobilia.ch\/wp-content\/uploads\/2025\/12\/stilnovo-lantern-table-lamp-model8052-italy-1950-02-1.jpg\",\"contentUrl\":\"https:\/\/www.demosmobilia.ch\/wp-content\/uploads\/2025\/12\/stilnovo-lantern-table-lamp-model8052-italy-1950-02-1.jpg\",\"width\":1200,\"height\":900},{\"@type\":\"BreadcrumbList\",\"@id\":\"https:\/\/www.demosmobilia.ch\/de\/product\/tragbare-laternen-tischlampe-modell-8052\/#breadcrumb\",\"itemListElement\":[{\"@type\":\"ListItem\",\"position\":1,\"name\":\"Home\",\"item\":\"https:\/\/www.demosmobilia.ch\/de\/\"},{\"@type\":\"ListItem\",\"position\":2,\"name\":\"Produkte\",\"item\":\"https:\/\/www.demosmobilia.ch\/de\/shop\/\"},{\"@type\":\"ListItem\",\"position\":3,\"name\":\"Tragbare Laternen-Tischlampe Modell 8052\"}]},{\"@type\":\"WebSite\",\"@id\":\"https:\/\/www.demosmobilia.ch\/de\/#website\",\"url\":\"https:\/\/www.demosmobilia.ch\/de\/\",\"name\":\"demosmobilia\",\"description\":\"Vintage Mid Century Modern Design Furniture from the &#039;30s to the &#039;80s\",\"publisher\":{\"@id\":\"https:\/\/www.demosmobilia.ch\/de\/#organization\"},\"potentialAction\":[{\"@type\":\"SearchAction\",\"target\":{\"@type\":\"EntryPoint\",\"urlTemplate\":\"https:\/\/www.demosmobilia.ch\/de\/?s={search_term_string}\"},\"query-input\":{\"@type\":\"PropertyValueSpecification\",\"valueRequired\":true,\"valueName\":\"search_term_string\"}}],\"inLanguage\":\"de\"},{\"@type\":\"Organization\",\"@id\":\"https:\/\/www.demosmobilia.ch\/de\/#organization\",\"name\":\"demosmobilia\",\"url\":\"https:\/\/www.demosmobilia.ch\/de\/\",\"logo\":{\"@type\":\"ImageObject\",\"inLanguage\":\"de\",\"@id\":\"https:\/\/www.demosmobilia.ch\/de\/#\/schema\/logo\/image\/\",\"url\":\"https:\/\/www.demosmobilia.ch\/wp-content\/uploads\/2020\/07\/demosmobilia-logo-2020-230-160.png\",\"contentUrl\":\"https:\/\/www.demosmobilia.ch\/wp-content\/uploads\/2020\/07\/demosmobilia-logo-2020-230-160.png\",\"width\":230,\"height\":160,\"caption\":\"demosmobilia\"},\"image\":{\"@id\":\"https:\/\/www.demosmobilia.ch\/de\/#\/schema\/logo\/image\/\"},\"sameAs\":[\"https:\/\/www.facebook.com\/Demos-Mobilia-1137017453131445\/\",\"https:\/\/www.instagram.com\/demosmobilia\/\"]}]}<\/script>\n<!-- \/ Yoast SEO plugin. -->","yoast_head_json":{"title":"Tragbare Laternen-Tischlampe Modell 8052 &#8211; demosmobilia","robots":{"index":"index","follow":"follow","max-snippet":"max-snippet:-1","max-image-preview":"max-image-preview:large","max-video-preview":"max-video-preview:-1"},"canonical":"https:\/\/www.demosmobilia.ch\/de\/product\/tragbare-laternen-tischlampe-modell-8052\/","og_locale":"de_DE","og_type":"article","og_title":"Tragbare Laternen-Tischlampe Modell 8052 &#8211; demosmobilia","og_description":"Stilnovo wurde 1946 von Bruno Gatta in Mailand gegr\u00fcndet und entstand w\u00e4hrend des Wiederaufbaus Italiens nach dem Krieg mit dem Ziel, modernes Lichtdesign neu zu definieren. Der Name des Unternehmens, der \u201eneuer Stil\u201c bedeutet, spiegelt seinen zukunftsorientierten Ansatz und sein Engagement f\u00fcr Innovation wider. Als Pionier des italienischen Designs geh\u00f6rte Stilnovo zu den ersten Unternehmen, die industrielle Produktion mit internationaler Architektur- und Designkultur verbanden. Seine innovativen Beleuchtungsdesigns fanden gro\u00dfe Anerkennung, darunter Medaillen bei der Mail\u00e4nder Triennale und der renommierte Compasso d&#8217;Oro Award. Im Laufe seiner Geschichte arbeitete Stilnovo mit f\u00fchrenden Designern und Architekten zusammen, darunter Achille und Pier Giacomo Castiglioni, Joe Colombo, Ettore Sottsass, GaeRead More &rarr;","og_url":"https:\/\/www.demosmobilia.ch\/de\/product\/tragbare-laternen-tischlampe-modell-8052\/","og_site_name":"demosmobilia","article_publisher":"https:\/\/www.facebook.com\/Demos-Mobilia-1137017453131445\/","article_modified_time":"2026-01-11T18:23:15+00:00","og_image":[{"width":1200,"height":900,"url":"https:\/\/www.demosmobilia.ch\/wp-content\/uploads\/2026\/01\/stilnovo-lantern-table-lamp-model8052-italy-1950-02.jpg","type":"image\/jpeg"}],"twitter_card":"summary_large_image","twitter_misc":{"Gesch\u00e4tzte Lesezeit":"1\u00a0Minute"},"schema":{"@context":"https:\/\/schema.org","@graph":[{"@type":"WebPage","@id":"https:\/\/www.demosmobilia.ch\/de\/product\/tragbare-laternen-tischlampe-modell-8052\/","url":"https:\/\/www.demosmobilia.ch\/de\/product\/tragbare-laternen-tischlampe-modell-8052\/","name":"Tragbare Laternen-Tischlampe Modell 8052 &#8211; demosmobilia","isPartOf":{"@id":"https:\/\/www.demosmobilia.ch\/de\/#website"},"primaryImageOfPage":{"@id":"https:\/\/www.demosmobilia.ch\/de\/product\/tragbare-laternen-tischlampe-modell-8052\/#primaryimage"},"image":{"@id":"https:\/\/www.demosmobilia.ch\/de\/product\/tragbare-laternen-tischlampe-modell-8052\/#primaryimage"},"thumbnailUrl":"https:\/\/www.demosmobilia.ch\/wp-content\/uploads\/2025\/12\/stilnovo-lantern-table-lamp-model8052-italy-1950-02-1.jpg","datePublished":"2025-12-18T09:37:51+00:00","dateModified":"2026-01-11T18:23:15+00:00","breadcrumb":{"@id":"https:\/\/www.demosmobilia.ch\/de\/product\/tragbare-laternen-tischlampe-modell-8052\/#breadcrumb"},"inLanguage":"de","potentialAction":[{"@type":"ReadAction","target":["https:\/\/www.demosmobilia.ch\/de\/product\/tragbare-laternen-tischlampe-modell-8052\/"]}]},{"@type":"ImageObject","inLanguage":"de","@id":"https:\/\/www.demosmobilia.ch\/de\/product\/tragbare-laternen-tischlampe-modell-8052\/#primaryimage","url":"https:\/\/www.demosmobilia.ch\/wp-content\/uploads\/2025\/12\/stilnovo-lantern-table-lamp-model8052-italy-1950-02-1.jpg","contentUrl":"https:\/\/www.demosmobilia.ch\/wp-content\/uploads\/2025\/12\/stilnovo-lantern-table-lamp-model8052-italy-1950-02-1.jpg","width":1200,"height":900},{"@type":"BreadcrumbList","@id":"https:\/\/www.demosmobilia.ch\/de\/product\/tragbare-laternen-tischlampe-modell-8052\/#breadcrumb","itemListElement":[{"@type":"ListItem","position":1,"name":"Home","item":"https:\/\/www.demosmobilia.ch\/de\/"},{"@type":"ListItem","position":2,"name":"Produkte","item":"https:\/\/www.demosmobilia.ch\/de\/shop\/"},{"@type":"ListItem","position":3,"name":"Tragbare Laternen-Tischlampe Modell 8052"}]},{"@type":"WebSite","@id":"https:\/\/www.demosmobilia.ch\/de\/#website","url":"https:\/\/www.demosmobilia.ch\/de\/","name":"demosmobilia","description":"Vintage Mid Century Modern Design Furniture from the &#039;30s to the &#039;80s","publisher":{"@id":"https:\/\/www.demosmobilia.ch\/de\/#organization"},"potentialAction":[{"@type":"SearchAction","target":{"@type":"EntryPoint","urlTemplate":"https:\/\/www.demosmobilia.ch\/de\/?s={search_term_string}"},"query-input":{"@type":"PropertyValueSpecification","valueRequired":true,"valueName":"search_term_string"}}],"inLanguage":"de"},{"@type":"Organization","@id":"https:\/\/www.demosmobilia.ch\/de\/#organization","name":"demosmobilia","url":"https:\/\/www.demosmobilia.ch\/de\/","logo":{"@type":"ImageObject","inLanguage":"de","@id":"https:\/\/www.demosmobilia.ch\/de\/#\/schema\/logo\/image\/","url":"https:\/\/www.demosmobilia.ch\/wp-content\/uploads\/2020\/07\/demosmobilia-logo-2020-230-160.png","contentUrl":"https:\/\/www.demosmobilia.ch\/wp-content\/uploads\/2020\/07\/demosmobilia-logo-2020-230-160.png","width":230,"height":160,"caption":"demosmobilia"},"image":{"@id":"https:\/\/www.demosmobilia.ch\/de\/#\/schema\/logo\/image\/"},"sameAs":["https:\/\/www.facebook.com\/Demos-Mobilia-1137017453131445\/","https:\/\/www.instagram.com\/demosmobilia\/"]}]}},"_links":{"self":[{"href":"https:\/\/www.demosmobilia.ch\/de\/wp-json\/wp\/v2\/product\/84548","targetHints":{"allow":["GET"]}}],"collection":[{"href":"https:\/\/www.demosmobilia.ch\/de\/wp-json\/wp\/v2\/product"}],"about":[{"href":"https:\/\/www.demosmobilia.ch\/de\/wp-json\/wp\/v2\/types\/product"}],"wp:featuredmedia":[{"embeddable":true,"href":"https:\/\/www.demosmobilia.ch\/de\/wp-json\/wp\/v2\/media\/84799"}],"wp:attachment":[{"href":"https:\/\/www.demosmobilia.ch\/de\/wp-json\/wp\/v2\/media?parent=84548"}],"wp:term":[{"taxonomy":"product_cat","embeddable":true,"href":"https:\/\/www.demosmobilia.ch\/de\/wp-json\/wp\/v2\/product_cat?post=84548"},{"taxonomy":"product_tag","embeddable":true,"href":"https:\/\/www.demosmobilia.ch\/de\/wp-json\/wp\/v2\/product_tag?post=84548"}],"curies":[{"name":"wp","href":"https:\/\/api.w.org\/{rel}","templated":true}]}}