{"id":84523,"date":"2026-01-15T11:00:45","date_gmt":"2026-01-15T10:00:45","guid":{"rendered":"https:\/\/www.demosmobilia.ch\/product\/grosse-messing-stehleuchte-modell-rabarbaro\/"},"modified":"2026-01-11T19:13:55","modified_gmt":"2026-01-11T18:13:55","slug":"grosse-messing-stehleuchte-modell-rabarbaro","status":"publish","type":"product","link":"https:\/\/www.demosmobilia.ch\/de\/product\/grosse-messing-stehleuchte-modell-rabarbaro\/","title":{"rendered":"Gro\u00dfe Messing-Stehleuchte Modell Rabarbaro"},"content":{"rendered":"<p data-start=\"140\" data-end=\"498\">Tommaso Barbi (1944\u20132015) war ein italienischer Designer, der in Florenz geboren wurde, wo er Design studierte, bevor er seine Ausbildung in Rom und Mailand fortsetzte. Barbi war vor allem in den 1960er- und 1970er-Jahren t\u00e4tig und spielte eine bedeutende Rolle bei der Gestaltung des italienischen Dekorationsdesigns der Nachkriegszeit. Mit seiner unverwechselbaren \u00c4sthetik erlangte er internationale Anerkennung.<br \/>\nTommaso Barbis Designs zeichnen sich durch die ausdrucksstarke Verwendung von polierten Metallen wie Messing und Bronze, verspiegelten Oberfl\u00e4chen und reichhaltigen Goldfinishes aus. Er integrierte h\u00e4ufig Reliefs, organische Texturen und nat\u00fcrliche Formen, die von Bl\u00e4ttern, Korallen und Muscheln inspiriert waren, und verband so skulpturale Qualit\u00e4ten mit Funktionalit\u00e4t. Zu seinen ikonischsten Kreationen z\u00e4hlen die Foglia-Lampen, die zu einem Symbol seines Stils geworden sind. Neben Leuchten entwarf Barbi auch M\u00f6bel und Dekorationsgegenst\u00e4nde und schuf damit k\u00fchne und zugleich elegante St\u00fccke, die das italienische Design der Mitte des Jahrhunderts pr\u00e4gen.    <\/p>\n<p data-start=\"1090\" data-end=\"1105\">\n","protected":false},"excerpt":{"rendered":"<p>Tommaso Barbi (1944\u20132015) war ein italienischer Designer, der in Florenz geboren wurde, wo er Design studierte, bevor er seine Ausbildung in Rom und Mailand fortsetzte. Barbi war vor allem in den 1960er- und 1970er-Jahren t\u00e4tig und spielte eine bedeutende Rolle bei der Gestaltung des italienischen Dekorationsdesigns der Nachkriegszeit. Mit seiner unverwechselbaren \u00c4sthetik erlangte er internationale Anerkennung. Tommaso Barbis Designs zeichnen sich durch die ausdrucksstarke Verwendung von polierten Metallen wie Messing und Bronze, verspiegelten Oberfl\u00e4chen und reichhaltigen Goldfinishes aus. Er integrierte h\u00e4ufig Reliefs, organische Texturen und nat\u00fcrliche Formen, die von Bl\u00e4ttern, Korallen und Muscheln inspiriert waren, und verband so skulpturale Qualit\u00e4ten mit Funktionalit\u00e4t. Zu seinen ikonischsten<a class=\"more-link\" href=\"https:\/\/www.demosmobilia.ch\/de\/product\/grosse-messing-stehleuchte-modell-rabarbaro\/\">Read More &rarr;<\/a><\/p>\n","protected":false},"featured_media":84791,"template":"","meta":{"_monsterinsights_skip_tracking":false,"_monsterinsights_sitenote_active":false,"_monsterinsights_sitenote_note":"","_monsterinsights_sitenote_category":0,"kk_blocks_editor_width":"","_kiokenblocks_attr":"","_kiokenblocks_dimensions":""},"product_cat":[4106,4124],"product_tag":[6670],"class_list":{"0":"entry","1":"author-demosmobilia","2":"post-84523","3":"product","4":"type-product","5":"status-publish","6":"has-post-thumbnail","7":"product_production-bottega-gadda","8":"product_year-1960-approx","9":"product_nation-italien-de","10":"product_cat-neuheiten","11":"product_cat-stehleuchten","12":"product_tag-barbi-tommaso-de","13":"pa_product_dimension-215-x-54-x-ht-171-cm","14":"pa_product_material-messing","16":"first","17":"outofstock","18":"shipping-taxable","19":"purchasable","20":"product-type-simple"},"yoast_head":"<!-- This site is optimized with the Yoast SEO plugin v24.0 - https:\/\/yoast.com\/wordpress\/plugins\/seo\/ -->\n<title>Gro\u00dfe Messing-Stehleuchte Modell Rabarbaro &#8211; demosmobilia<\/title>\n<meta name=\"robots\" content=\"index, follow, max-snippet:-1, max-image-preview:large, max-video-preview:-1\" \/>\n<link rel=\"canonical\" href=\"https:\/\/www.demosmobilia.ch\/de\/product\/grosse-messing-stehleuchte-modell-rabarbaro\/\" \/>\n<meta property=\"og:locale\" content=\"de_DE\" \/>\n<meta property=\"og:type\" content=\"article\" \/>\n<meta property=\"og:title\" content=\"Gro\u00dfe Messing-Stehleuchte Modell Rabarbaro &#8211; demosmobilia\" \/>\n<meta property=\"og:description\" content=\"Tommaso Barbi (1944\u20132015) war ein italienischer Designer, der in Florenz geboren wurde, wo er Design studierte, bevor er seine Ausbildung in Rom und Mailand fortsetzte. Barbi war vor allem in den 1960er- und 1970er-Jahren t\u00e4tig und spielte eine bedeutende Rolle bei der Gestaltung des italienischen Dekorationsdesigns der Nachkriegszeit. Mit seiner unverwechselbaren \u00c4sthetik erlangte er internationale Anerkennung. Tommaso Barbis Designs zeichnen sich durch die ausdrucksstarke Verwendung von polierten Metallen wie Messing und Bronze, verspiegelten Oberfl\u00e4chen und reichhaltigen Goldfinishes aus. Er integrierte h\u00e4ufig Reliefs, organische Texturen und nat\u00fcrliche Formen, die von Bl\u00e4ttern, Korallen und Muscheln inspiriert waren, und verband so skulpturale Qualit\u00e4ten mit Funktionalit\u00e4t. Zu seinen ikonischstenRead More &rarr;\" \/>\n<meta property=\"og:url\" content=\"https:\/\/www.demosmobilia.ch\/de\/product\/grosse-messing-stehleuchte-modell-rabarbaro\/\" \/>\n<meta property=\"og:site_name\" content=\"demosmobilia\" \/>\n<meta property=\"article:publisher\" content=\"https:\/\/www.facebook.com\/Demos-Mobilia-1137017453131445\/\" \/>\n<meta property=\"article:modified_time\" content=\"2026-01-11T18:13:55+00:00\" \/>\n<meta property=\"og:image\" content=\"https:\/\/www.demosmobilia.ch\/wp-content\/uploads\/2026\/01\/Tommaso-Barbi-Rabarbaro-floor-lamp-1970-Bottega-Gadda-Brass-Italy-01.jpg\" \/>\n\t<meta property=\"og:image:width\" content=\"1200\" \/>\n\t<meta property=\"og:image:height\" content=\"900\" \/>\n\t<meta property=\"og:image:type\" content=\"image\/jpeg\" \/>\n<meta name=\"twitter:card\" content=\"summary_large_image\" \/>\n<meta name=\"twitter:label1\" content=\"Gesch\u00e4tzte Lesezeit\" \/>\n\t<meta name=\"twitter:data1\" content=\"1\u00a0Minute\" \/>\n<script type=\"application\/ld+json\" class=\"yoast-schema-graph\">{\"@context\":\"https:\/\/schema.org\",\"@graph\":[{\"@type\":\"WebPage\",\"@id\":\"https:\/\/www.demosmobilia.ch\/de\/product\/grosse-messing-stehleuchte-modell-rabarbaro\/\",\"url\":\"https:\/\/www.demosmobilia.ch\/de\/product\/grosse-messing-stehleuchte-modell-rabarbaro\/\",\"name\":\"Gro\u00dfe Messing-Stehleuchte Modell Rabarbaro &#8211; demosmobilia\",\"isPartOf\":{\"@id\":\"https:\/\/www.demosmobilia.ch\/de\/#website\"},\"primaryImageOfPage\":{\"@id\":\"https:\/\/www.demosmobilia.ch\/de\/product\/grosse-messing-stehleuchte-modell-rabarbaro\/#primaryimage\"},\"image\":{\"@id\":\"https:\/\/www.demosmobilia.ch\/de\/product\/grosse-messing-stehleuchte-modell-rabarbaro\/#primaryimage\"},\"thumbnailUrl\":\"https:\/\/www.demosmobilia.ch\/wp-content\/uploads\/2026\/01\/Tommaso-Barbi-Rabarbaro-floor-lamp-1970-Bottega-Gadda-Brass-Italy-01-2.jpg\",\"datePublished\":\"2026-01-15T10:00:45+00:00\",\"dateModified\":\"2026-01-11T18:13:55+00:00\",\"breadcrumb\":{\"@id\":\"https:\/\/www.demosmobilia.ch\/de\/product\/grosse-messing-stehleuchte-modell-rabarbaro\/#breadcrumb\"},\"inLanguage\":\"de\",\"potentialAction\":[{\"@type\":\"ReadAction\",\"target\":[\"https:\/\/www.demosmobilia.ch\/de\/product\/grosse-messing-stehleuchte-modell-rabarbaro\/\"]}]},{\"@type\":\"ImageObject\",\"inLanguage\":\"de\",\"@id\":\"https:\/\/www.demosmobilia.ch\/de\/product\/grosse-messing-stehleuchte-modell-rabarbaro\/#primaryimage\",\"url\":\"https:\/\/www.demosmobilia.ch\/wp-content\/uploads\/2026\/01\/Tommaso-Barbi-Rabarbaro-floor-lamp-1970-Bottega-Gadda-Brass-Italy-01-2.jpg\",\"contentUrl\":\"https:\/\/www.demosmobilia.ch\/wp-content\/uploads\/2026\/01\/Tommaso-Barbi-Rabarbaro-floor-lamp-1970-Bottega-Gadda-Brass-Italy-01-2.jpg\",\"width\":1200,\"height\":900},{\"@type\":\"BreadcrumbList\",\"@id\":\"https:\/\/www.demosmobilia.ch\/de\/product\/grosse-messing-stehleuchte-modell-rabarbaro\/#breadcrumb\",\"itemListElement\":[{\"@type\":\"ListItem\",\"position\":1,\"name\":\"Home\",\"item\":\"https:\/\/www.demosmobilia.ch\/de\/\"},{\"@type\":\"ListItem\",\"position\":2,\"name\":\"Produkte\",\"item\":\"https:\/\/www.demosmobilia.ch\/de\/shop\/\"},{\"@type\":\"ListItem\",\"position\":3,\"name\":\"Gro\u00dfe Messing-Stehleuchte Modell Rabarbaro\"}]},{\"@type\":\"WebSite\",\"@id\":\"https:\/\/www.demosmobilia.ch\/de\/#website\",\"url\":\"https:\/\/www.demosmobilia.ch\/de\/\",\"name\":\"demosmobilia\",\"description\":\"Vintage Mid Century Modern Design Furniture from the &#039;30s to the &#039;80s\",\"publisher\":{\"@id\":\"https:\/\/www.demosmobilia.ch\/de\/#organization\"},\"potentialAction\":[{\"@type\":\"SearchAction\",\"target\":{\"@type\":\"EntryPoint\",\"urlTemplate\":\"https:\/\/www.demosmobilia.ch\/de\/?s={search_term_string}\"},\"query-input\":{\"@type\":\"PropertyValueSpecification\",\"valueRequired\":true,\"valueName\":\"search_term_string\"}}],\"inLanguage\":\"de\"},{\"@type\":\"Organization\",\"@id\":\"https:\/\/www.demosmobilia.ch\/de\/#organization\",\"name\":\"demosmobilia\",\"url\":\"https:\/\/www.demosmobilia.ch\/de\/\",\"logo\":{\"@type\":\"ImageObject\",\"inLanguage\":\"de\",\"@id\":\"https:\/\/www.demosmobilia.ch\/de\/#\/schema\/logo\/image\/\",\"url\":\"https:\/\/www.demosmobilia.ch\/wp-content\/uploads\/2020\/07\/demosmobilia-logo-2020-230-160.png\",\"contentUrl\":\"https:\/\/www.demosmobilia.ch\/wp-content\/uploads\/2020\/07\/demosmobilia-logo-2020-230-160.png\",\"width\":230,\"height\":160,\"caption\":\"demosmobilia\"},\"image\":{\"@id\":\"https:\/\/www.demosmobilia.ch\/de\/#\/schema\/logo\/image\/\"},\"sameAs\":[\"https:\/\/www.facebook.com\/Demos-Mobilia-1137017453131445\/\",\"https:\/\/www.instagram.com\/demosmobilia\/\"]}]}<\/script>\n<!-- \/ Yoast SEO plugin. -->","yoast_head_json":{"title":"Gro\u00dfe Messing-Stehleuchte Modell Rabarbaro &#8211; demosmobilia","robots":{"index":"index","follow":"follow","max-snippet":"max-snippet:-1","max-image-preview":"max-image-preview:large","max-video-preview":"max-video-preview:-1"},"canonical":"https:\/\/www.demosmobilia.ch\/de\/product\/grosse-messing-stehleuchte-modell-rabarbaro\/","og_locale":"de_DE","og_type":"article","og_title":"Gro\u00dfe Messing-Stehleuchte Modell Rabarbaro &#8211; demosmobilia","og_description":"Tommaso Barbi (1944\u20132015) war ein italienischer Designer, der in Florenz geboren wurde, wo er Design studierte, bevor er seine Ausbildung in Rom und Mailand fortsetzte. Barbi war vor allem in den 1960er- und 1970er-Jahren t\u00e4tig und spielte eine bedeutende Rolle bei der Gestaltung des italienischen Dekorationsdesigns der Nachkriegszeit. Mit seiner unverwechselbaren \u00c4sthetik erlangte er internationale Anerkennung. Tommaso Barbis Designs zeichnen sich durch die ausdrucksstarke Verwendung von polierten Metallen wie Messing und Bronze, verspiegelten Oberfl\u00e4chen und reichhaltigen Goldfinishes aus. Er integrierte h\u00e4ufig Reliefs, organische Texturen und nat\u00fcrliche Formen, die von Bl\u00e4ttern, Korallen und Muscheln inspiriert waren, und verband so skulpturale Qualit\u00e4ten mit Funktionalit\u00e4t. Zu seinen ikonischstenRead More &rarr;","og_url":"https:\/\/www.demosmobilia.ch\/de\/product\/grosse-messing-stehleuchte-modell-rabarbaro\/","og_site_name":"demosmobilia","article_publisher":"https:\/\/www.facebook.com\/Demos-Mobilia-1137017453131445\/","article_modified_time":"2026-01-11T18:13:55+00:00","og_image":[{"width":1200,"height":900,"url":"https:\/\/www.demosmobilia.ch\/wp-content\/uploads\/2026\/01\/Tommaso-Barbi-Rabarbaro-floor-lamp-1970-Bottega-Gadda-Brass-Italy-01.jpg","type":"image\/jpeg"}],"twitter_card":"summary_large_image","twitter_misc":{"Gesch\u00e4tzte Lesezeit":"1\u00a0Minute"},"schema":{"@context":"https:\/\/schema.org","@graph":[{"@type":"WebPage","@id":"https:\/\/www.demosmobilia.ch\/de\/product\/grosse-messing-stehleuchte-modell-rabarbaro\/","url":"https:\/\/www.demosmobilia.ch\/de\/product\/grosse-messing-stehleuchte-modell-rabarbaro\/","name":"Gro\u00dfe Messing-Stehleuchte Modell Rabarbaro &#8211; demosmobilia","isPartOf":{"@id":"https:\/\/www.demosmobilia.ch\/de\/#website"},"primaryImageOfPage":{"@id":"https:\/\/www.demosmobilia.ch\/de\/product\/grosse-messing-stehleuchte-modell-rabarbaro\/#primaryimage"},"image":{"@id":"https:\/\/www.demosmobilia.ch\/de\/product\/grosse-messing-stehleuchte-modell-rabarbaro\/#primaryimage"},"thumbnailUrl":"https:\/\/www.demosmobilia.ch\/wp-content\/uploads\/2026\/01\/Tommaso-Barbi-Rabarbaro-floor-lamp-1970-Bottega-Gadda-Brass-Italy-01-2.jpg","datePublished":"2026-01-15T10:00:45+00:00","dateModified":"2026-01-11T18:13:55+00:00","breadcrumb":{"@id":"https:\/\/www.demosmobilia.ch\/de\/product\/grosse-messing-stehleuchte-modell-rabarbaro\/#breadcrumb"},"inLanguage":"de","potentialAction":[{"@type":"ReadAction","target":["https:\/\/www.demosmobilia.ch\/de\/product\/grosse-messing-stehleuchte-modell-rabarbaro\/"]}]},{"@type":"ImageObject","inLanguage":"de","@id":"https:\/\/www.demosmobilia.ch\/de\/product\/grosse-messing-stehleuchte-modell-rabarbaro\/#primaryimage","url":"https:\/\/www.demosmobilia.ch\/wp-content\/uploads\/2026\/01\/Tommaso-Barbi-Rabarbaro-floor-lamp-1970-Bottega-Gadda-Brass-Italy-01-2.jpg","contentUrl":"https:\/\/www.demosmobilia.ch\/wp-content\/uploads\/2026\/01\/Tommaso-Barbi-Rabarbaro-floor-lamp-1970-Bottega-Gadda-Brass-Italy-01-2.jpg","width":1200,"height":900},{"@type":"BreadcrumbList","@id":"https:\/\/www.demosmobilia.ch\/de\/product\/grosse-messing-stehleuchte-modell-rabarbaro\/#breadcrumb","itemListElement":[{"@type":"ListItem","position":1,"name":"Home","item":"https:\/\/www.demosmobilia.ch\/de\/"},{"@type":"ListItem","position":2,"name":"Produkte","item":"https:\/\/www.demosmobilia.ch\/de\/shop\/"},{"@type":"ListItem","position":3,"name":"Gro\u00dfe Messing-Stehleuchte Modell Rabarbaro"}]},{"@type":"WebSite","@id":"https:\/\/www.demosmobilia.ch\/de\/#website","url":"https:\/\/www.demosmobilia.ch\/de\/","name":"demosmobilia","description":"Vintage Mid Century Modern Design Furniture from the &#039;30s to the &#039;80s","publisher":{"@id":"https:\/\/www.demosmobilia.ch\/de\/#organization"},"potentialAction":[{"@type":"SearchAction","target":{"@type":"EntryPoint","urlTemplate":"https:\/\/www.demosmobilia.ch\/de\/?s={search_term_string}"},"query-input":{"@type":"PropertyValueSpecification","valueRequired":true,"valueName":"search_term_string"}}],"inLanguage":"de"},{"@type":"Organization","@id":"https:\/\/www.demosmobilia.ch\/de\/#organization","name":"demosmobilia","url":"https:\/\/www.demosmobilia.ch\/de\/","logo":{"@type":"ImageObject","inLanguage":"de","@id":"https:\/\/www.demosmobilia.ch\/de\/#\/schema\/logo\/image\/","url":"https:\/\/www.demosmobilia.ch\/wp-content\/uploads\/2020\/07\/demosmobilia-logo-2020-230-160.png","contentUrl":"https:\/\/www.demosmobilia.ch\/wp-content\/uploads\/2020\/07\/demosmobilia-logo-2020-230-160.png","width":230,"height":160,"caption":"demosmobilia"},"image":{"@id":"https:\/\/www.demosmobilia.ch\/de\/#\/schema\/logo\/image\/"},"sameAs":["https:\/\/www.facebook.com\/Demos-Mobilia-1137017453131445\/","https:\/\/www.instagram.com\/demosmobilia\/"]}]}},"_links":{"self":[{"href":"https:\/\/www.demosmobilia.ch\/de\/wp-json\/wp\/v2\/product\/84523","targetHints":{"allow":["GET"]}}],"collection":[{"href":"https:\/\/www.demosmobilia.ch\/de\/wp-json\/wp\/v2\/product"}],"about":[{"href":"https:\/\/www.demosmobilia.ch\/de\/wp-json\/wp\/v2\/types\/product"}],"wp:featuredmedia":[{"embeddable":true,"href":"https:\/\/www.demosmobilia.ch\/de\/wp-json\/wp\/v2\/media\/84791"}],"wp:attachment":[{"href":"https:\/\/www.demosmobilia.ch\/de\/wp-json\/wp\/v2\/media?parent=84523"}],"wp:term":[{"taxonomy":"product_cat","embeddable":true,"href":"https:\/\/www.demosmobilia.ch\/de\/wp-json\/wp\/v2\/product_cat?post=84523"},{"taxonomy":"product_tag","embeddable":true,"href":"https:\/\/www.demosmobilia.ch\/de\/wp-json\/wp\/v2\/product_tag?post=84523"}],"curies":[{"name":"wp","href":"https:\/\/api.w.org\/{rel}","templated":true}]}}