{"id":83931,"date":"2025-08-20T10:00:27","date_gmt":"2025-08-20T08:00:27","guid":{"rendered":"https:\/\/www.demosmobilia.ch\/product\/massive-wandgarderobe-aus-glas-und-messing\/"},"modified":"2026-01-24T14:31:09","modified_gmt":"2026-01-24T13:31:09","slug":"massive-wandgarderobe-aus-glas-und-messing","status":"publish","type":"product","link":"https:\/\/www.demosmobilia.ch\/de\/product\/massive-wandgarderobe-aus-glas-und-messing\/","title":{"rendered":"Massive Wandgarderobe aus Glas und Messing"},"content":{"rendered":"<p data-start=\"140\" data-end=\"239\"><strong data-start=\"140\" data-end=\"237\">Ercole Barovier \u2013 Meister des Italienischen K\u00fcnstlerglases und Barovier-Produktion im Fr\u00fchen 20. Jahrhundert<\/strong><\/p>\n<p data-start=\"241\" data-end=\"604\">Ercole Barovier (1900\u20131987) war ein vision\u00e4rer italienischer Designer und Glasmeister, eine der einflussreichsten Pers\u00f6nlichkeiten des k\u00fcnstlerischen Glases von Murano. Zu Beginn des 20. Jahrhunderts arbeitete er mit dem Familienunternehmen Barovier &amp; Toso und revolutionierte die venezianische Glasproduktion durch innovative Techniken, elegante Formen und feine dekorative Details. <\/p>\n<p data-start=\"606\" data-end=\"1035\">In dieser Zeit experimentierte Barovier mit neuen Stilen und Glasverarbeitungstechniken und kombinierte handwerkliches K\u00f6nnen, Kreativit\u00e4t und modernes Design, um Lampen, Vasen und dekorative Objekte zu schaffen, die Funktionalit\u00e4t und k\u00fcnstlerische \u00c4sthetik vereinen. Seine bahnbrechende Arbeit st\u00e4rkte den Ruf von Barovier &amp; Toso als f\u00fchrendes Murano-Glasunternehmen und machte ihre St\u00fccke zu zeitlosen Ikonen des italienischen Designs und internationalen k\u00fcnstlerischen Glases. <\/p>\n<p data-start=\"1037\" data-end=\"1257\">Heute sind die Kreationen von Ercole Barovier aus dieser Zeit bei Sammlern und Kunstglasliebhabern sehr begehrt und stehen f\u00fcr Tradition, Innovation und Exzellenz des Murano-Glases im 20. Jahrhundert.<\/p>\n","protected":false},"excerpt":{"rendered":"<p>Ercole Barovier \u2013 Meister des Italienischen K\u00fcnstlerglases und Barovier-Produktion im Fr\u00fchen 20. Jahrhundert Ercole Barovier (1900\u20131987) war ein vision\u00e4rer italienischer Designer und Glasmeister, eine der einflussreichsten Pers\u00f6nlichkeiten des k\u00fcnstlerischen Glases von Murano. Zu Beginn des 20. Jahrhunderts arbeitete er mit dem Familienunternehmen Barovier &amp; Toso und revolutionierte die venezianische Glasproduktion durch innovative Techniken, elegante Formen und feine dekorative Details. In dieser Zeit experimentierte Barovier mit neuen Stilen und Glasverarbeitungstechniken und kombinierte handwerkliches K\u00f6nnen, Kreativit\u00e4t und modernes Design, um Lampen, Vasen und dekorative Objekte zu schaffen, die Funktionalit\u00e4t und k\u00fcnstlerische \u00c4sthetik vereinen. Seine bahnbrechende Arbeit st\u00e4rkte den Ruf von Barovier &amp; Toso als f\u00fchrendes Murano-Glasunternehmen und<a class=\"more-link\" href=\"https:\/\/www.demosmobilia.ch\/de\/product\/massive-wandgarderobe-aus-glas-und-messing\/\">Read More &rarr;<\/a><\/p>\n","protected":false},"featured_media":83900,"template":"","meta":{"_monsterinsights_skip_tracking":false,"_monsterinsights_sitenote_active":false,"_monsterinsights_sitenote_note":"","_monsterinsights_sitenote_category":0,"kk_blocks_editor_width":"","_kiokenblocks_attr":"","_kiokenblocks_dimensions":""},"product_cat":[4135,4106],"product_tag":[6574],"class_list":{"0":"entry","1":"author-demosmobilia","2":"post-83931","3":"product","4":"type-product","5":"status-publish","6":"has-post-thumbnail","7":"product_production-barovier","8":"product_year-1920-approx","9":"product_nation-italien-de","10":"product_cat-garderobenstander","11":"product_cat-neuheiten","12":"product_tag-barovier-ercole-de","13":"pa_product_dimension-glaswirbel-mase-10-x-12-x-hohe-6-cm-messinggriff-mase-15-x-3-x-hohe-25-cm","14":"pa_product_material-massives-glas-messing","16":"first","17":"instock","18":"shipping-taxable","19":"purchasable","20":"product-type-simple"},"yoast_head":"<!-- This site is optimized with the Yoast SEO plugin v24.0 - https:\/\/yoast.com\/wordpress\/plugins\/seo\/ -->\n<title>Massive Wandgarderobe aus Glas und Messing &#8211; demosmobilia<\/title>\n<meta name=\"robots\" content=\"index, follow, max-snippet:-1, max-image-preview:large, max-video-preview:-1\" \/>\n<link rel=\"canonical\" href=\"https:\/\/www.demosmobilia.ch\/de\/product\/massive-wandgarderobe-aus-glas-und-messing\/\" \/>\n<meta property=\"og:locale\" content=\"de_DE\" \/>\n<meta property=\"og:type\" content=\"article\" \/>\n<meta property=\"og:title\" content=\"Massive Wandgarderobe aus Glas und Messing &#8211; demosmobilia\" \/>\n<meta property=\"og:description\" content=\"Ercole Barovier \u2013 Meister des Italienischen K\u00fcnstlerglases und Barovier-Produktion im Fr\u00fchen 20. Jahrhundert Ercole Barovier (1900\u20131987) war ein vision\u00e4rer italienischer Designer und Glasmeister, eine der einflussreichsten Pers\u00f6nlichkeiten des k\u00fcnstlerischen Glases von Murano. Zu Beginn des 20. Jahrhunderts arbeitete er mit dem Familienunternehmen Barovier &amp; Toso und revolutionierte die venezianische Glasproduktion durch innovative Techniken, elegante Formen und feine dekorative Details. In dieser Zeit experimentierte Barovier mit neuen Stilen und Glasverarbeitungstechniken und kombinierte handwerkliches K\u00f6nnen, Kreativit\u00e4t und modernes Design, um Lampen, Vasen und dekorative Objekte zu schaffen, die Funktionalit\u00e4t und k\u00fcnstlerische \u00c4sthetik vereinen. Seine bahnbrechende Arbeit st\u00e4rkte den Ruf von Barovier &amp; Toso als f\u00fchrendes Murano-Glasunternehmen undRead More &rarr;\" \/>\n<meta property=\"og:url\" content=\"https:\/\/www.demosmobilia.ch\/de\/product\/massive-wandgarderobe-aus-glas-und-messing\/\" \/>\n<meta property=\"og:site_name\" content=\"demosmobilia\" \/>\n<meta property=\"article:publisher\" content=\"https:\/\/www.facebook.com\/Demos-Mobilia-1137017453131445\/\" \/>\n<meta property=\"article:modified_time\" content=\"2026-01-24T13:31:09+00:00\" \/>\n<meta property=\"og:image\" content=\"https:\/\/www.demosmobilia.ch\/wp-content\/uploads\/2025\/08\/barovier-1920-ercole-barovier-wall-coat-rack-01.jpg\" \/>\n\t<meta property=\"og:image:width\" content=\"1200\" \/>\n\t<meta property=\"og:image:height\" content=\"900\" \/>\n\t<meta property=\"og:image:type\" content=\"image\/jpeg\" \/>\n<meta name=\"twitter:card\" content=\"summary_large_image\" \/>\n<meta name=\"twitter:label1\" content=\"Gesch\u00e4tzte Lesezeit\" \/>\n\t<meta name=\"twitter:data1\" content=\"1\u00a0Minute\" \/>\n<script type=\"application\/ld+json\" class=\"yoast-schema-graph\">{\"@context\":\"https:\/\/schema.org\",\"@graph\":[{\"@type\":\"WebPage\",\"@id\":\"https:\/\/www.demosmobilia.ch\/de\/product\/massive-wandgarderobe-aus-glas-und-messing\/\",\"url\":\"https:\/\/www.demosmobilia.ch\/de\/product\/massive-wandgarderobe-aus-glas-und-messing\/\",\"name\":\"Massive Wandgarderobe aus Glas und Messing &#8211; demosmobilia\",\"isPartOf\":{\"@id\":\"https:\/\/www.demosmobilia.ch\/de\/#website\"},\"primaryImageOfPage\":{\"@id\":\"https:\/\/www.demosmobilia.ch\/de\/product\/massive-wandgarderobe-aus-glas-und-messing\/#primaryimage\"},\"image\":{\"@id\":\"https:\/\/www.demosmobilia.ch\/de\/product\/massive-wandgarderobe-aus-glas-und-messing\/#primaryimage\"},\"thumbnailUrl\":\"https:\/\/www.demosmobilia.ch\/wp-content\/uploads\/2025\/08\/barovier-1920-ercole-barovier-wall-coat-rack-01.jpg\",\"datePublished\":\"2025-08-20T08:00:27+00:00\",\"dateModified\":\"2026-01-24T13:31:09+00:00\",\"breadcrumb\":{\"@id\":\"https:\/\/www.demosmobilia.ch\/de\/product\/massive-wandgarderobe-aus-glas-und-messing\/#breadcrumb\"},\"inLanguage\":\"de\",\"potentialAction\":[{\"@type\":\"ReadAction\",\"target\":[\"https:\/\/www.demosmobilia.ch\/de\/product\/massive-wandgarderobe-aus-glas-und-messing\/\"]}]},{\"@type\":\"ImageObject\",\"inLanguage\":\"de\",\"@id\":\"https:\/\/www.demosmobilia.ch\/de\/product\/massive-wandgarderobe-aus-glas-und-messing\/#primaryimage\",\"url\":\"https:\/\/www.demosmobilia.ch\/wp-content\/uploads\/2025\/08\/barovier-1920-ercole-barovier-wall-coat-rack-01.jpg\",\"contentUrl\":\"https:\/\/www.demosmobilia.ch\/wp-content\/uploads\/2025\/08\/barovier-1920-ercole-barovier-wall-coat-rack-01.jpg\",\"width\":1200,\"height\":900},{\"@type\":\"BreadcrumbList\",\"@id\":\"https:\/\/www.demosmobilia.ch\/de\/product\/massive-wandgarderobe-aus-glas-und-messing\/#breadcrumb\",\"itemListElement\":[{\"@type\":\"ListItem\",\"position\":1,\"name\":\"Home\",\"item\":\"https:\/\/www.demosmobilia.ch\/de\/\"},{\"@type\":\"ListItem\",\"position\":2,\"name\":\"Produkte\",\"item\":\"https:\/\/www.demosmobilia.ch\/de\/shop\/\"},{\"@type\":\"ListItem\",\"position\":3,\"name\":\"Massive Wandgarderobe aus Glas und Messing\"}]},{\"@type\":\"WebSite\",\"@id\":\"https:\/\/www.demosmobilia.ch\/de\/#website\",\"url\":\"https:\/\/www.demosmobilia.ch\/de\/\",\"name\":\"demosmobilia\",\"description\":\"Vintage Mid Century Modern Design Furniture from the &#039;30s to the &#039;80s\",\"publisher\":{\"@id\":\"https:\/\/www.demosmobilia.ch\/de\/#organization\"},\"potentialAction\":[{\"@type\":\"SearchAction\",\"target\":{\"@type\":\"EntryPoint\",\"urlTemplate\":\"https:\/\/www.demosmobilia.ch\/de\/?s={search_term_string}\"},\"query-input\":{\"@type\":\"PropertyValueSpecification\",\"valueRequired\":true,\"valueName\":\"search_term_string\"}}],\"inLanguage\":\"de\"},{\"@type\":\"Organization\",\"@id\":\"https:\/\/www.demosmobilia.ch\/de\/#organization\",\"name\":\"demosmobilia\",\"url\":\"https:\/\/www.demosmobilia.ch\/de\/\",\"logo\":{\"@type\":\"ImageObject\",\"inLanguage\":\"de\",\"@id\":\"https:\/\/www.demosmobilia.ch\/de\/#\/schema\/logo\/image\/\",\"url\":\"https:\/\/www.demosmobilia.ch\/wp-content\/uploads\/2020\/07\/demosmobilia-logo-2020-230-160.png\",\"contentUrl\":\"https:\/\/www.demosmobilia.ch\/wp-content\/uploads\/2020\/07\/demosmobilia-logo-2020-230-160.png\",\"width\":230,\"height\":160,\"caption\":\"demosmobilia\"},\"image\":{\"@id\":\"https:\/\/www.demosmobilia.ch\/de\/#\/schema\/logo\/image\/\"},\"sameAs\":[\"https:\/\/www.facebook.com\/Demos-Mobilia-1137017453131445\/\",\"https:\/\/www.instagram.com\/demosmobilia\/\"]}]}<\/script>\n<!-- \/ Yoast SEO plugin. -->","yoast_head_json":{"title":"Massive Wandgarderobe aus Glas und Messing &#8211; demosmobilia","robots":{"index":"index","follow":"follow","max-snippet":"max-snippet:-1","max-image-preview":"max-image-preview:large","max-video-preview":"max-video-preview:-1"},"canonical":"https:\/\/www.demosmobilia.ch\/de\/product\/massive-wandgarderobe-aus-glas-und-messing\/","og_locale":"de_DE","og_type":"article","og_title":"Massive Wandgarderobe aus Glas und Messing &#8211; demosmobilia","og_description":"Ercole Barovier \u2013 Meister des Italienischen K\u00fcnstlerglases und Barovier-Produktion im Fr\u00fchen 20. Jahrhundert Ercole Barovier (1900\u20131987) war ein vision\u00e4rer italienischer Designer und Glasmeister, eine der einflussreichsten Pers\u00f6nlichkeiten des k\u00fcnstlerischen Glases von Murano. Zu Beginn des 20. Jahrhunderts arbeitete er mit dem Familienunternehmen Barovier &amp; Toso und revolutionierte die venezianische Glasproduktion durch innovative Techniken, elegante Formen und feine dekorative Details. In dieser Zeit experimentierte Barovier mit neuen Stilen und Glasverarbeitungstechniken und kombinierte handwerkliches K\u00f6nnen, Kreativit\u00e4t und modernes Design, um Lampen, Vasen und dekorative Objekte zu schaffen, die Funktionalit\u00e4t und k\u00fcnstlerische \u00c4sthetik vereinen. Seine bahnbrechende Arbeit st\u00e4rkte den Ruf von Barovier &amp; Toso als f\u00fchrendes Murano-Glasunternehmen undRead More &rarr;","og_url":"https:\/\/www.demosmobilia.ch\/de\/product\/massive-wandgarderobe-aus-glas-und-messing\/","og_site_name":"demosmobilia","article_publisher":"https:\/\/www.facebook.com\/Demos-Mobilia-1137017453131445\/","article_modified_time":"2026-01-24T13:31:09+00:00","og_image":[{"width":1200,"height":900,"url":"https:\/\/www.demosmobilia.ch\/wp-content\/uploads\/2025\/08\/barovier-1920-ercole-barovier-wall-coat-rack-01.jpg","type":"image\/jpeg"}],"twitter_card":"summary_large_image","twitter_misc":{"Gesch\u00e4tzte Lesezeit":"1\u00a0Minute"},"schema":{"@context":"https:\/\/schema.org","@graph":[{"@type":"WebPage","@id":"https:\/\/www.demosmobilia.ch\/de\/product\/massive-wandgarderobe-aus-glas-und-messing\/","url":"https:\/\/www.demosmobilia.ch\/de\/product\/massive-wandgarderobe-aus-glas-und-messing\/","name":"Massive Wandgarderobe aus Glas und Messing &#8211; demosmobilia","isPartOf":{"@id":"https:\/\/www.demosmobilia.ch\/de\/#website"},"primaryImageOfPage":{"@id":"https:\/\/www.demosmobilia.ch\/de\/product\/massive-wandgarderobe-aus-glas-und-messing\/#primaryimage"},"image":{"@id":"https:\/\/www.demosmobilia.ch\/de\/product\/massive-wandgarderobe-aus-glas-und-messing\/#primaryimage"},"thumbnailUrl":"https:\/\/www.demosmobilia.ch\/wp-content\/uploads\/2025\/08\/barovier-1920-ercole-barovier-wall-coat-rack-01.jpg","datePublished":"2025-08-20T08:00:27+00:00","dateModified":"2026-01-24T13:31:09+00:00","breadcrumb":{"@id":"https:\/\/www.demosmobilia.ch\/de\/product\/massive-wandgarderobe-aus-glas-und-messing\/#breadcrumb"},"inLanguage":"de","potentialAction":[{"@type":"ReadAction","target":["https:\/\/www.demosmobilia.ch\/de\/product\/massive-wandgarderobe-aus-glas-und-messing\/"]}]},{"@type":"ImageObject","inLanguage":"de","@id":"https:\/\/www.demosmobilia.ch\/de\/product\/massive-wandgarderobe-aus-glas-und-messing\/#primaryimage","url":"https:\/\/www.demosmobilia.ch\/wp-content\/uploads\/2025\/08\/barovier-1920-ercole-barovier-wall-coat-rack-01.jpg","contentUrl":"https:\/\/www.demosmobilia.ch\/wp-content\/uploads\/2025\/08\/barovier-1920-ercole-barovier-wall-coat-rack-01.jpg","width":1200,"height":900},{"@type":"BreadcrumbList","@id":"https:\/\/www.demosmobilia.ch\/de\/product\/massive-wandgarderobe-aus-glas-und-messing\/#breadcrumb","itemListElement":[{"@type":"ListItem","position":1,"name":"Home","item":"https:\/\/www.demosmobilia.ch\/de\/"},{"@type":"ListItem","position":2,"name":"Produkte","item":"https:\/\/www.demosmobilia.ch\/de\/shop\/"},{"@type":"ListItem","position":3,"name":"Massive Wandgarderobe aus Glas und Messing"}]},{"@type":"WebSite","@id":"https:\/\/www.demosmobilia.ch\/de\/#website","url":"https:\/\/www.demosmobilia.ch\/de\/","name":"demosmobilia","description":"Vintage Mid Century Modern Design Furniture from the &#039;30s to the &#039;80s","publisher":{"@id":"https:\/\/www.demosmobilia.ch\/de\/#organization"},"potentialAction":[{"@type":"SearchAction","target":{"@type":"EntryPoint","urlTemplate":"https:\/\/www.demosmobilia.ch\/de\/?s={search_term_string}"},"query-input":{"@type":"PropertyValueSpecification","valueRequired":true,"valueName":"search_term_string"}}],"inLanguage":"de"},{"@type":"Organization","@id":"https:\/\/www.demosmobilia.ch\/de\/#organization","name":"demosmobilia","url":"https:\/\/www.demosmobilia.ch\/de\/","logo":{"@type":"ImageObject","inLanguage":"de","@id":"https:\/\/www.demosmobilia.ch\/de\/#\/schema\/logo\/image\/","url":"https:\/\/www.demosmobilia.ch\/wp-content\/uploads\/2020\/07\/demosmobilia-logo-2020-230-160.png","contentUrl":"https:\/\/www.demosmobilia.ch\/wp-content\/uploads\/2020\/07\/demosmobilia-logo-2020-230-160.png","width":230,"height":160,"caption":"demosmobilia"},"image":{"@id":"https:\/\/www.demosmobilia.ch\/de\/#\/schema\/logo\/image\/"},"sameAs":["https:\/\/www.facebook.com\/Demos-Mobilia-1137017453131445\/","https:\/\/www.instagram.com\/demosmobilia\/"]}]}},"_links":{"self":[{"href":"https:\/\/www.demosmobilia.ch\/de\/wp-json\/wp\/v2\/product\/83931","targetHints":{"allow":["GET"]}}],"collection":[{"href":"https:\/\/www.demosmobilia.ch\/de\/wp-json\/wp\/v2\/product"}],"about":[{"href":"https:\/\/www.demosmobilia.ch\/de\/wp-json\/wp\/v2\/types\/product"}],"wp:featuredmedia":[{"embeddable":true,"href":"https:\/\/www.demosmobilia.ch\/de\/wp-json\/wp\/v2\/media\/83900"}],"wp:attachment":[{"href":"https:\/\/www.demosmobilia.ch\/de\/wp-json\/wp\/v2\/media?parent=83931"}],"wp:term":[{"taxonomy":"product_cat","embeddable":true,"href":"https:\/\/www.demosmobilia.ch\/de\/wp-json\/wp\/v2\/product_cat?post=83931"},{"taxonomy":"product_tag","embeddable":true,"href":"https:\/\/www.demosmobilia.ch\/de\/wp-json\/wp\/v2\/product_tag?post=83931"}],"curies":[{"name":"wp","href":"https:\/\/api.w.org\/{rel}","templated":true}]}}