{"id":83785,"date":"2025-07-21T05:00:37","date_gmt":"2025-07-21T03:00:37","guid":{"rendered":"https:\/\/www.demosmobilia.ch\/product\/tischleuchte-modell-gibigiana\/"},"modified":"2026-03-14T14:25:54","modified_gmt":"2026-03-14T13:25:54","slug":"tischleuchte-modell-gibigiana","status":"publish","type":"product","link":"https:\/\/www.demosmobilia.ch\/de\/product\/tischleuchte-modell-gibigiana\/","title":{"rendered":"Tischleuchte, Modell Gibigiana"},"content":{"rendered":"<p data-start=\"0\" data-end=\"326\">Achille Castiglioni (1918\u20132002) war einer der einflussreichsten italienischen Designer des 20. Jahrhunderts und eine Schl\u00fcsselfigur des Industriedesigns. Geboren in Milan, revolutionierte er die Gestaltung von Alltagsobjekten, indem er Funktionalit\u00e4t, Ironie und technische Innovation miteinander verband. <\/p>\n<p data-start=\"328\" data-end=\"739\">Im Laufe seiner Karriere arbeitete er mit renommierten Unternehmen wie Flos, Alessi und Zanotta zusammen und schuf ikonische Produkte, die bis heute f\u00fcr die Exzellenz des italienischen Designs stehen. Zu seinen bekanntesten Entw\u00fcrfen z\u00e4hlen die Arco Lamp und die Toio Lamp \u2013 perfekte Beispiele f\u00fcr seinen experimentellen und zugleich pragmatischen Designansatz. <\/p>\n<p data-start=\"741\" data-end=\"1185\">Ein weiteres bedeutendes Projekt ist die Tischleuchte Gibigiana, die f\u00fcr Flos entworfen wurde. Diese Leuchte verk\u00f6rpert Castiglionis Designmethode auf ideale Weise: ein essentielles, aber zugleich raffiniertes Objekt, das einen kleinen verstellbaren Spiegel nutzt, um Licht zu reflektieren und eine pr\u00e4zise indirekte Beleuchtung zu erzeugen. Das Design spielt mit dem Prinzip der Lichtreflexion und verwandelt eine einfache Geste \u2013 das Ausrichten eines Spiegels \u2013 in ein funktionales und elegantes Lichterlebnis.  <\/p>\n<p data-start=\"1187\" data-end=\"1529\">Castiglioni erhielt zahlreiche Auszeichnungen, darunter mehrere Compasso d\u2019Oro-Preise, und war zudem Professor am Politecnico di Milano, wo er Generationen von Designern pr\u00e4gte. Seine Arbeit basierte auf der Beobachtung des Alltags und auf der F\u00e4higkeit, einfache Objekte in intelligente und \u00fcberraschende L\u00f6sungen zu verwandeln. <\/p>\n<p data-start=\"1531\" data-end=\"1772\" data-is-last-node=\"\" data-is-only-node=\"\">Heute sind seine Werke in bedeutenden Designmuseen weltweit ausgestellt, darunter im Museum of Modern Art in New York, was das nachhaltige Erbe eines der gro\u00dfen Meister des italienischen Designs best\u00e4tigt.<\/p>\n","protected":false},"excerpt":{"rendered":"<p>Achille Castiglioni (1918\u20132002) war einer der einflussreichsten italienischen Designer des 20. Jahrhunderts und eine Schl\u00fcsselfigur des Industriedesigns. Geboren in Milan, revolutionierte er die Gestaltung von Alltagsobjekten, indem er Funktionalit\u00e4t, Ironie und technische Innovation miteinander verband. Im Laufe seiner Karriere arbeitete er mit renommierten Unternehmen wie Flos, Alessi und Zanotta zusammen und schuf ikonische Produkte, die bis heute f\u00fcr die Exzellenz des italienischen Designs stehen. Zu seinen bekanntesten Entw\u00fcrfen z\u00e4hlen die Arco Lamp und die Toio Lamp \u2013 perfekte Beispiele f\u00fcr seinen experimentellen und zugleich pragmatischen Designansatz. Ein weiteres bedeutendes Projekt ist die Tischleuchte Gibigiana, die f\u00fcr Flos entworfen wurde. Diese Leuchte verk\u00f6rpert Castiglionis Designmethode auf<a class=\"more-link\" href=\"https:\/\/www.demosmobilia.ch\/de\/product\/tischleuchte-modell-gibigiana\/\">Read More &rarr;<\/a><\/p>\n","protected":false},"featured_media":84101,"template":"","meta":{"_monsterinsights_skip_tracking":false,"_monsterinsights_sitenote_active":false,"_monsterinsights_sitenote_note":"","_monsterinsights_sitenote_category":0,"kk_blocks_editor_width":"","_kiokenblocks_attr":"","_kiokenblocks_dimensions":""},"product_cat":[4106,4127],"product_tag":[9840],"class_list":{"0":"entry","1":"author-demosmobilia","2":"post-83785","3":"product","4":"type-product","5":"status-publish","6":"has-post-thumbnail","7":"product_production-flos","8":"product_year-3784","9":"product_nation-italien-de","10":"product_cat-neuheiten","11":"product_cat-tischleuchten","12":"product_tag-castiglioni-achille-de","13":"pa_product_dimension-14-x-8-x-ht-42-cm","14":"pa_product_material-kunststoff-spiegelglas-metall","16":"first","17":"instock","18":"shipping-taxable","19":"purchasable","20":"product-type-simple"},"yoast_head":"<!-- This site is optimized with the Yoast SEO plugin v24.0 - https:\/\/yoast.com\/wordpress\/plugins\/seo\/ -->\n<title>Tischleuchte, Modell Gibigiana &#8211; demosmobilia<\/title>\n<meta name=\"robots\" content=\"index, follow, max-snippet:-1, max-image-preview:large, max-video-preview:-1\" \/>\n<link rel=\"canonical\" href=\"https:\/\/www.demosmobilia.ch\/de\/product\/tischleuchte-modell-gibigiana\/\" \/>\n<meta property=\"og:locale\" content=\"de_DE\" \/>\n<meta property=\"og:type\" content=\"article\" \/>\n<meta property=\"og:title\" content=\"Tischleuchte, Modell Gibigiana &#8211; demosmobilia\" \/>\n<meta property=\"og:description\" content=\"Achille Castiglioni (1918\u20132002) war einer der einflussreichsten italienischen Designer des 20. Jahrhunderts und eine Schl\u00fcsselfigur des Industriedesigns. Geboren in Milan, revolutionierte er die Gestaltung von Alltagsobjekten, indem er Funktionalit\u00e4t, Ironie und technische Innovation miteinander verband. Im Laufe seiner Karriere arbeitete er mit renommierten Unternehmen wie Flos, Alessi und Zanotta zusammen und schuf ikonische Produkte, die bis heute f\u00fcr die Exzellenz des italienischen Designs stehen. Zu seinen bekanntesten Entw\u00fcrfen z\u00e4hlen die Arco Lamp und die Toio Lamp \u2013 perfekte Beispiele f\u00fcr seinen experimentellen und zugleich pragmatischen Designansatz. Ein weiteres bedeutendes Projekt ist die Tischleuchte Gibigiana, die f\u00fcr Flos entworfen wurde. Diese Leuchte verk\u00f6rpert Castiglionis Designmethode aufRead More &rarr;\" \/>\n<meta property=\"og:url\" content=\"https:\/\/www.demosmobilia.ch\/de\/product\/tischleuchte-modell-gibigiana\/\" \/>\n<meta property=\"og:site_name\" content=\"demosmobilia\" \/>\n<meta property=\"article:publisher\" content=\"https:\/\/www.facebook.com\/Demos-Mobilia-1137017453131445\/\" \/>\n<meta property=\"article:modified_time\" content=\"2026-03-14T13:25:54+00:00\" \/>\n<meta property=\"og:image\" content=\"https:\/\/www.demosmobilia.ch\/wp-content\/uploads\/2025\/07\/castiglioni-flos-gibigiana-table-lamp-italian-design-1980-01.jpg\" \/>\n\t<meta property=\"og:image:width\" content=\"1200\" \/>\n\t<meta property=\"og:image:height\" content=\"900\" \/>\n\t<meta property=\"og:image:type\" content=\"image\/jpeg\" \/>\n<meta name=\"twitter:card\" content=\"summary_large_image\" \/>\n<meta name=\"twitter:label1\" content=\"Gesch\u00e4tzte Lesezeit\" \/>\n\t<meta name=\"twitter:data1\" content=\"1\u00a0Minute\" \/>\n<script type=\"application\/ld+json\" class=\"yoast-schema-graph\">{\"@context\":\"https:\/\/schema.org\",\"@graph\":[{\"@type\":\"WebPage\",\"@id\":\"https:\/\/www.demosmobilia.ch\/de\/product\/tischleuchte-modell-gibigiana\/\",\"url\":\"https:\/\/www.demosmobilia.ch\/de\/product\/tischleuchte-modell-gibigiana\/\",\"name\":\"Tischleuchte, Modell Gibigiana &#8211; demosmobilia\",\"isPartOf\":{\"@id\":\"https:\/\/www.demosmobilia.ch\/de\/#website\"},\"primaryImageOfPage\":{\"@id\":\"https:\/\/www.demosmobilia.ch\/de\/product\/tischleuchte-modell-gibigiana\/#primaryimage\"},\"image\":{\"@id\":\"https:\/\/www.demosmobilia.ch\/de\/product\/tischleuchte-modell-gibigiana\/#primaryimage\"},\"thumbnailUrl\":\"https:\/\/www.demosmobilia.ch\/wp-content\/uploads\/2025\/07\/castiglioni-flos-gibigiana-table-lamp-italian-design-1980-01.jpg\",\"datePublished\":\"2025-07-21T03:00:37+00:00\",\"dateModified\":\"2026-03-14T13:25:54+00:00\",\"breadcrumb\":{\"@id\":\"https:\/\/www.demosmobilia.ch\/de\/product\/tischleuchte-modell-gibigiana\/#breadcrumb\"},\"inLanguage\":\"de\",\"potentialAction\":[{\"@type\":\"ReadAction\",\"target\":[\"https:\/\/www.demosmobilia.ch\/de\/product\/tischleuchte-modell-gibigiana\/\"]}]},{\"@type\":\"ImageObject\",\"inLanguage\":\"de\",\"@id\":\"https:\/\/www.demosmobilia.ch\/de\/product\/tischleuchte-modell-gibigiana\/#primaryimage\",\"url\":\"https:\/\/www.demosmobilia.ch\/wp-content\/uploads\/2025\/07\/castiglioni-flos-gibigiana-table-lamp-italian-design-1980-01.jpg\",\"contentUrl\":\"https:\/\/www.demosmobilia.ch\/wp-content\/uploads\/2025\/07\/castiglioni-flos-gibigiana-table-lamp-italian-design-1980-01.jpg\",\"width\":1200,\"height\":900},{\"@type\":\"BreadcrumbList\",\"@id\":\"https:\/\/www.demosmobilia.ch\/de\/product\/tischleuchte-modell-gibigiana\/#breadcrumb\",\"itemListElement\":[{\"@type\":\"ListItem\",\"position\":1,\"name\":\"Home\",\"item\":\"https:\/\/www.demosmobilia.ch\/de\/\"},{\"@type\":\"ListItem\",\"position\":2,\"name\":\"Produkte\",\"item\":\"https:\/\/www.demosmobilia.ch\/de\/shop\/\"},{\"@type\":\"ListItem\",\"position\":3,\"name\":\"Tischleuchte, Modell Gibigiana\"}]},{\"@type\":\"WebSite\",\"@id\":\"https:\/\/www.demosmobilia.ch\/de\/#website\",\"url\":\"https:\/\/www.demosmobilia.ch\/de\/\",\"name\":\"demosmobilia\",\"description\":\"Vintage Mid Century Modern Design Furniture from the &#039;30s to the &#039;80s\",\"publisher\":{\"@id\":\"https:\/\/www.demosmobilia.ch\/de\/#organization\"},\"potentialAction\":[{\"@type\":\"SearchAction\",\"target\":{\"@type\":\"EntryPoint\",\"urlTemplate\":\"https:\/\/www.demosmobilia.ch\/de\/?s={search_term_string}\"},\"query-input\":{\"@type\":\"PropertyValueSpecification\",\"valueRequired\":true,\"valueName\":\"search_term_string\"}}],\"inLanguage\":\"de\"},{\"@type\":\"Organization\",\"@id\":\"https:\/\/www.demosmobilia.ch\/de\/#organization\",\"name\":\"demosmobilia\",\"url\":\"https:\/\/www.demosmobilia.ch\/de\/\",\"logo\":{\"@type\":\"ImageObject\",\"inLanguage\":\"de\",\"@id\":\"https:\/\/www.demosmobilia.ch\/de\/#\/schema\/logo\/image\/\",\"url\":\"https:\/\/www.demosmobilia.ch\/wp-content\/uploads\/2020\/07\/demosmobilia-logo-2020-230-160.png\",\"contentUrl\":\"https:\/\/www.demosmobilia.ch\/wp-content\/uploads\/2020\/07\/demosmobilia-logo-2020-230-160.png\",\"width\":230,\"height\":160,\"caption\":\"demosmobilia\"},\"image\":{\"@id\":\"https:\/\/www.demosmobilia.ch\/de\/#\/schema\/logo\/image\/\"},\"sameAs\":[\"https:\/\/www.facebook.com\/Demos-Mobilia-1137017453131445\/\",\"https:\/\/www.instagram.com\/demosmobilia\/\"]}]}<\/script>\n<!-- \/ Yoast SEO plugin. -->","yoast_head_json":{"title":"Tischleuchte, Modell Gibigiana &#8211; demosmobilia","robots":{"index":"index","follow":"follow","max-snippet":"max-snippet:-1","max-image-preview":"max-image-preview:large","max-video-preview":"max-video-preview:-1"},"canonical":"https:\/\/www.demosmobilia.ch\/de\/product\/tischleuchte-modell-gibigiana\/","og_locale":"de_DE","og_type":"article","og_title":"Tischleuchte, Modell Gibigiana &#8211; demosmobilia","og_description":"Achille Castiglioni (1918\u20132002) war einer der einflussreichsten italienischen Designer des 20. Jahrhunderts und eine Schl\u00fcsselfigur des Industriedesigns. Geboren in Milan, revolutionierte er die Gestaltung von Alltagsobjekten, indem er Funktionalit\u00e4t, Ironie und technische Innovation miteinander verband. Im Laufe seiner Karriere arbeitete er mit renommierten Unternehmen wie Flos, Alessi und Zanotta zusammen und schuf ikonische Produkte, die bis heute f\u00fcr die Exzellenz des italienischen Designs stehen. Zu seinen bekanntesten Entw\u00fcrfen z\u00e4hlen die Arco Lamp und die Toio Lamp \u2013 perfekte Beispiele f\u00fcr seinen experimentellen und zugleich pragmatischen Designansatz. Ein weiteres bedeutendes Projekt ist die Tischleuchte Gibigiana, die f\u00fcr Flos entworfen wurde. Diese Leuchte verk\u00f6rpert Castiglionis Designmethode aufRead More &rarr;","og_url":"https:\/\/www.demosmobilia.ch\/de\/product\/tischleuchte-modell-gibigiana\/","og_site_name":"demosmobilia","article_publisher":"https:\/\/www.facebook.com\/Demos-Mobilia-1137017453131445\/","article_modified_time":"2026-03-14T13:25:54+00:00","og_image":[{"width":1200,"height":900,"url":"https:\/\/www.demosmobilia.ch\/wp-content\/uploads\/2025\/07\/castiglioni-flos-gibigiana-table-lamp-italian-design-1980-01.jpg","type":"image\/jpeg"}],"twitter_card":"summary_large_image","twitter_misc":{"Gesch\u00e4tzte Lesezeit":"1\u00a0Minute"},"schema":{"@context":"https:\/\/schema.org","@graph":[{"@type":"WebPage","@id":"https:\/\/www.demosmobilia.ch\/de\/product\/tischleuchte-modell-gibigiana\/","url":"https:\/\/www.demosmobilia.ch\/de\/product\/tischleuchte-modell-gibigiana\/","name":"Tischleuchte, Modell Gibigiana &#8211; demosmobilia","isPartOf":{"@id":"https:\/\/www.demosmobilia.ch\/de\/#website"},"primaryImageOfPage":{"@id":"https:\/\/www.demosmobilia.ch\/de\/product\/tischleuchte-modell-gibigiana\/#primaryimage"},"image":{"@id":"https:\/\/www.demosmobilia.ch\/de\/product\/tischleuchte-modell-gibigiana\/#primaryimage"},"thumbnailUrl":"https:\/\/www.demosmobilia.ch\/wp-content\/uploads\/2025\/07\/castiglioni-flos-gibigiana-table-lamp-italian-design-1980-01.jpg","datePublished":"2025-07-21T03:00:37+00:00","dateModified":"2026-03-14T13:25:54+00:00","breadcrumb":{"@id":"https:\/\/www.demosmobilia.ch\/de\/product\/tischleuchte-modell-gibigiana\/#breadcrumb"},"inLanguage":"de","potentialAction":[{"@type":"ReadAction","target":["https:\/\/www.demosmobilia.ch\/de\/product\/tischleuchte-modell-gibigiana\/"]}]},{"@type":"ImageObject","inLanguage":"de","@id":"https:\/\/www.demosmobilia.ch\/de\/product\/tischleuchte-modell-gibigiana\/#primaryimage","url":"https:\/\/www.demosmobilia.ch\/wp-content\/uploads\/2025\/07\/castiglioni-flos-gibigiana-table-lamp-italian-design-1980-01.jpg","contentUrl":"https:\/\/www.demosmobilia.ch\/wp-content\/uploads\/2025\/07\/castiglioni-flos-gibigiana-table-lamp-italian-design-1980-01.jpg","width":1200,"height":900},{"@type":"BreadcrumbList","@id":"https:\/\/www.demosmobilia.ch\/de\/product\/tischleuchte-modell-gibigiana\/#breadcrumb","itemListElement":[{"@type":"ListItem","position":1,"name":"Home","item":"https:\/\/www.demosmobilia.ch\/de\/"},{"@type":"ListItem","position":2,"name":"Produkte","item":"https:\/\/www.demosmobilia.ch\/de\/shop\/"},{"@type":"ListItem","position":3,"name":"Tischleuchte, Modell Gibigiana"}]},{"@type":"WebSite","@id":"https:\/\/www.demosmobilia.ch\/de\/#website","url":"https:\/\/www.demosmobilia.ch\/de\/","name":"demosmobilia","description":"Vintage Mid Century Modern Design Furniture from the &#039;30s to the &#039;80s","publisher":{"@id":"https:\/\/www.demosmobilia.ch\/de\/#organization"},"potentialAction":[{"@type":"SearchAction","target":{"@type":"EntryPoint","urlTemplate":"https:\/\/www.demosmobilia.ch\/de\/?s={search_term_string}"},"query-input":{"@type":"PropertyValueSpecification","valueRequired":true,"valueName":"search_term_string"}}],"inLanguage":"de"},{"@type":"Organization","@id":"https:\/\/www.demosmobilia.ch\/de\/#organization","name":"demosmobilia","url":"https:\/\/www.demosmobilia.ch\/de\/","logo":{"@type":"ImageObject","inLanguage":"de","@id":"https:\/\/www.demosmobilia.ch\/de\/#\/schema\/logo\/image\/","url":"https:\/\/www.demosmobilia.ch\/wp-content\/uploads\/2020\/07\/demosmobilia-logo-2020-230-160.png","contentUrl":"https:\/\/www.demosmobilia.ch\/wp-content\/uploads\/2020\/07\/demosmobilia-logo-2020-230-160.png","width":230,"height":160,"caption":"demosmobilia"},"image":{"@id":"https:\/\/www.demosmobilia.ch\/de\/#\/schema\/logo\/image\/"},"sameAs":["https:\/\/www.facebook.com\/Demos-Mobilia-1137017453131445\/","https:\/\/www.instagram.com\/demosmobilia\/"]}]}},"_links":{"self":[{"href":"https:\/\/www.demosmobilia.ch\/de\/wp-json\/wp\/v2\/product\/83785","targetHints":{"allow":["GET"]}}],"collection":[{"href":"https:\/\/www.demosmobilia.ch\/de\/wp-json\/wp\/v2\/product"}],"about":[{"href":"https:\/\/www.demosmobilia.ch\/de\/wp-json\/wp\/v2\/types\/product"}],"wp:featuredmedia":[{"embeddable":true,"href":"https:\/\/www.demosmobilia.ch\/de\/wp-json\/wp\/v2\/media\/84101"}],"wp:attachment":[{"href":"https:\/\/www.demosmobilia.ch\/de\/wp-json\/wp\/v2\/media?parent=83785"}],"wp:term":[{"taxonomy":"product_cat","embeddable":true,"href":"https:\/\/www.demosmobilia.ch\/de\/wp-json\/wp\/v2\/product_cat?post=83785"},{"taxonomy":"product_tag","embeddable":true,"href":"https:\/\/www.demosmobilia.ch\/de\/wp-json\/wp\/v2\/product_tag?post=83785"}],"curies":[{"name":"wp","href":"https:\/\/api.w.org\/{rel}","templated":true}]}}