{"id":83685,"date":"2025-08-20T11:00:55","date_gmt":"2025-08-20T09:00:55","guid":{"rendered":"https:\/\/www.demosmobilia.ch\/product\/ovaler-zeitschriftenstaender-aus-lackiertem-rattangeflecht\/"},"modified":"2026-01-24T14:14:13","modified_gmt":"2026-01-24T13:14:13","slug":"ovaler-zeitschriftenstaender-aus-lackiertem-rattangeflecht","status":"publish","type":"product","link":"https:\/\/www.demosmobilia.ch\/de\/product\/ovaler-zeitschriftenstaender-aus-lackiertem-rattangeflecht\/","title":{"rendered":"Ovaler Zeitschriftenst\u00e4nder aus lackiertem Rattangeflecht"},"content":{"rendered":"<p data-start=\"115\" data-end=\"197\"><strong data-start=\"115\" data-end=\"197\">Franco Campo &amp; Carlo Graffi \u2013 Pioniere des Italienischen Mid-Century-M\u00f6beldesigns<\/strong><\/p>\n<p data-start=\"199\" data-end=\"627\">Franco Campo (geb. 1926) und Carlo Graffi (1925\u20131985) waren vision\u00e4re italienische Designer und Architekten, die das Mid-Century-M\u00f6beldesign Italiens ma\u00dfgeblich pr\u00e4gten. Ausgebildet am Politecnico di Torino unter der Leitung von Carlo Mollino, begannen sie in den 1950er-Jahren zusammenzuarbeiten und entwickelten einen Stil, der skulpturale Formen, Funktionalit\u00e4t und Eleganz perfekt vereint. <\/p>\n<p data-start=\"629\" data-end=\"928\">In den 1950er-Jahren konzentrierten sich Campo und Graffi auf ma\u00dfgeschneiderte Innenr\u00e4ume und innovative M\u00f6bel, die hochwertige St\u00fccke f\u00fcr Privatkunden, Gesch\u00e4fte und Innenarchitekten kombinierten. Ihre Arbeit verbindet organische Formen mit funktionaler Einfachheit und verk\u00f6rpert die Essenz des italienischen Modernismus. <\/p>\n<p data-start=\"930\" data-end=\"1322\">1956 gr\u00fcndeten sie gemeinsam das M\u00f6belatelier Home in Turin, mit dem Ziel, hochwertiges italienisches Design einem breiteren Publikum zug\u00e4nglich zu machen. Die Kollektionen aus Teakholz, Metall und modernen Materialien spiegeln skandinavische Einfl\u00fcsse wider und betonen Funktionalit\u00e4t, handwerkliche Qualit\u00e4t und klare \u00c4sthetik. Ihre Designs fanden gro\u00dfen Anklang in Turin, Genua und Rom.  <\/p>\n<p data-start=\"1324\" data-end=\"1572\">Die Partnerschaft endete 1964 nach einem Brand in der Home-Fabrik, doch ihr Einfluss auf das italienische Design blieb pr\u00e4gend: Graffi arbeitete weiter mit Carlo Mollino, w\u00e4hrend Campo eigenst\u00e4ndig Projekte im M\u00f6bel- und Interior-Design verfolgte.<\/p>\n<p data-start=\"1574\" data-end=\"1895\">Heute gelten die M\u00f6bel von Campo &amp; Graffi als begehrte Vintage- und Mid-Century-Design-Ikonen, gesch\u00e4tzt f\u00fcr ihr perfektes Zusammenspiel von Form, Funktionalit\u00e4t und hochwertiger Verarbeitung, und machen Campo &amp; Graffi zu wahren Legenden des italienischen Nachkriegsdesigns.<\/p>\n<hr data-start=\"1897\" data-end=\"1900\">\n<p data-start=\"1902\" data-end=\"2158\" data-is-last-node=\"\" data-is-only-node=\"\">\n","protected":false},"excerpt":{"rendered":"<p>Franco Campo &amp; Carlo Graffi \u2013 Pioniere des Italienischen Mid-Century-M\u00f6beldesigns Franco Campo (geb. 1926) und Carlo Graffi (1925\u20131985) waren vision\u00e4re italienische Designer und Architekten, die das Mid-Century-M\u00f6beldesign Italiens ma\u00dfgeblich pr\u00e4gten. Ausgebildet am Politecnico di Torino unter der Leitung von Carlo Mollino, begannen sie in den 1950er-Jahren zusammenzuarbeiten und entwickelten einen Stil, der skulpturale Formen, Funktionalit\u00e4t und Eleganz perfekt vereint. In den 1950er-Jahren konzentrierten sich Campo und Graffi auf ma\u00dfgeschneiderte Innenr\u00e4ume und innovative M\u00f6bel, die hochwertige St\u00fccke f\u00fcr Privatkunden, Gesch\u00e4fte und Innenarchitekten kombinierten. Ihre Arbeit verbindet organische Formen mit funktionaler Einfachheit und verk\u00f6rpert die Essenz des italienischen Modernismus. 1956 gr\u00fcndeten sie gemeinsam das M\u00f6belatelier Home in<a class=\"more-link\" href=\"https:\/\/www.demosmobilia.ch\/de\/product\/ovaler-zeitschriftenstaender-aus-lackiertem-rattangeflecht\/\">Read More &rarr;<\/a><\/p>\n","protected":false},"featured_media":84077,"template":"","meta":{"_monsterinsights_skip_tracking":false,"_monsterinsights_sitenote_active":false,"_monsterinsights_sitenote_note":"","_monsterinsights_sitenote_category":0,"kk_blocks_editor_width":"","_kiokenblocks_attr":"","_kiokenblocks_dimensions":""},"product_cat":[4141,4106],"product_tag":[6983,6986],"class_list":{"0":"entry","1":"author-demosmobilia","2":"post-83685","3":"product","4":"type-product","5":"status-publish","6":"has-post-thumbnail","7":"product_production-home-torino","8":"product_year-1950-approx","9":"product_nation-italien-de","10":"product_cat-andere","11":"product_cat-neuheiten","12":"product_tag-campo-de","13":"product_tag-graffi-de","14":"pa_product_dimension-55-x-36-x-ht-52-cm","15":"pa_product_material-lackiertes-rattangeflecht-schwarz-lackiertes-metall","17":"first","18":"instock","19":"shipping-taxable","20":"purchasable","21":"product-type-simple"},"yoast_head":"<!-- This site is optimized with the Yoast SEO plugin v24.0 - https:\/\/yoast.com\/wordpress\/plugins\/seo\/ -->\n<title>Ovaler Zeitschriftenst\u00e4nder aus lackiertem Rattangeflecht &#8211; demosmobilia<\/title>\n<meta name=\"robots\" content=\"index, follow, max-snippet:-1, max-image-preview:large, max-video-preview:-1\" \/>\n<link rel=\"canonical\" href=\"https:\/\/www.demosmobilia.ch\/de\/product\/ovaler-zeitschriftenstaender-aus-lackiertem-rattangeflecht\/\" \/>\n<meta property=\"og:locale\" content=\"de_DE\" \/>\n<meta property=\"og:type\" content=\"article\" \/>\n<meta property=\"og:title\" content=\"Ovaler Zeitschriftenst\u00e4nder aus lackiertem Rattangeflecht &#8211; demosmobilia\" \/>\n<meta property=\"og:description\" content=\"Franco Campo &amp; Carlo Graffi \u2013 Pioniere des Italienischen Mid-Century-M\u00f6beldesigns Franco Campo (geb. 1926) und Carlo Graffi (1925\u20131985) waren vision\u00e4re italienische Designer und Architekten, die das Mid-Century-M\u00f6beldesign Italiens ma\u00dfgeblich pr\u00e4gten. Ausgebildet am Politecnico di Torino unter der Leitung von Carlo Mollino, begannen sie in den 1950er-Jahren zusammenzuarbeiten und entwickelten einen Stil, der skulpturale Formen, Funktionalit\u00e4t und Eleganz perfekt vereint. In den 1950er-Jahren konzentrierten sich Campo und Graffi auf ma\u00dfgeschneiderte Innenr\u00e4ume und innovative M\u00f6bel, die hochwertige St\u00fccke f\u00fcr Privatkunden, Gesch\u00e4fte und Innenarchitekten kombinierten. Ihre Arbeit verbindet organische Formen mit funktionaler Einfachheit und verk\u00f6rpert die Essenz des italienischen Modernismus. 1956 gr\u00fcndeten sie gemeinsam das M\u00f6belatelier Home inRead More &rarr;\" \/>\n<meta property=\"og:url\" content=\"https:\/\/www.demosmobilia.ch\/de\/product\/ovaler-zeitschriftenstaender-aus-lackiertem-rattangeflecht\/\" \/>\n<meta property=\"og:site_name\" content=\"demosmobilia\" \/>\n<meta property=\"article:publisher\" content=\"https:\/\/www.facebook.com\/Demos-Mobilia-1137017453131445\/\" \/>\n<meta property=\"article:modified_time\" content=\"2026-01-24T13:14:13+00:00\" \/>\n<meta property=\"og:image\" content=\"https:\/\/www.demosmobilia.ch\/wp-content\/uploads\/2025\/08\/campo-graffi-magazine-holder-home-1950-01-1.jpg\" \/>\n\t<meta property=\"og:image:width\" content=\"1200\" \/>\n\t<meta property=\"og:image:height\" content=\"900\" \/>\n\t<meta property=\"og:image:type\" content=\"image\/jpeg\" \/>\n<meta name=\"twitter:card\" content=\"summary_large_image\" \/>\n<meta name=\"twitter:label1\" content=\"Gesch\u00e4tzte Lesezeit\" \/>\n\t<meta name=\"twitter:data1\" content=\"1\u00a0Minute\" \/>\n<script type=\"application\/ld+json\" class=\"yoast-schema-graph\">{\"@context\":\"https:\/\/schema.org\",\"@graph\":[{\"@type\":\"WebPage\",\"@id\":\"https:\/\/www.demosmobilia.ch\/de\/product\/ovaler-zeitschriftenstaender-aus-lackiertem-rattangeflecht\/\",\"url\":\"https:\/\/www.demosmobilia.ch\/de\/product\/ovaler-zeitschriftenstaender-aus-lackiertem-rattangeflecht\/\",\"name\":\"Ovaler Zeitschriftenst\u00e4nder aus lackiertem Rattangeflecht &#8211; demosmobilia\",\"isPartOf\":{\"@id\":\"https:\/\/www.demosmobilia.ch\/de\/#website\"},\"primaryImageOfPage\":{\"@id\":\"https:\/\/www.demosmobilia.ch\/de\/product\/ovaler-zeitschriftenstaender-aus-lackiertem-rattangeflecht\/#primaryimage\"},\"image\":{\"@id\":\"https:\/\/www.demosmobilia.ch\/de\/product\/ovaler-zeitschriftenstaender-aus-lackiertem-rattangeflecht\/#primaryimage\"},\"thumbnailUrl\":\"https:\/\/www.demosmobilia.ch\/wp-content\/uploads\/2025\/08\/campo-graffi-magazine-holder-home-1950-01-1.jpg\",\"datePublished\":\"2025-08-20T09:00:55+00:00\",\"dateModified\":\"2026-01-24T13:14:13+00:00\",\"breadcrumb\":{\"@id\":\"https:\/\/www.demosmobilia.ch\/de\/product\/ovaler-zeitschriftenstaender-aus-lackiertem-rattangeflecht\/#breadcrumb\"},\"inLanguage\":\"de\",\"potentialAction\":[{\"@type\":\"ReadAction\",\"target\":[\"https:\/\/www.demosmobilia.ch\/de\/product\/ovaler-zeitschriftenstaender-aus-lackiertem-rattangeflecht\/\"]}]},{\"@type\":\"ImageObject\",\"inLanguage\":\"de\",\"@id\":\"https:\/\/www.demosmobilia.ch\/de\/product\/ovaler-zeitschriftenstaender-aus-lackiertem-rattangeflecht\/#primaryimage\",\"url\":\"https:\/\/www.demosmobilia.ch\/wp-content\/uploads\/2025\/08\/campo-graffi-magazine-holder-home-1950-01-1.jpg\",\"contentUrl\":\"https:\/\/www.demosmobilia.ch\/wp-content\/uploads\/2025\/08\/campo-graffi-magazine-holder-home-1950-01-1.jpg\",\"width\":1200,\"height\":900},{\"@type\":\"BreadcrumbList\",\"@id\":\"https:\/\/www.demosmobilia.ch\/de\/product\/ovaler-zeitschriftenstaender-aus-lackiertem-rattangeflecht\/#breadcrumb\",\"itemListElement\":[{\"@type\":\"ListItem\",\"position\":1,\"name\":\"Home\",\"item\":\"https:\/\/www.demosmobilia.ch\/de\/\"},{\"@type\":\"ListItem\",\"position\":2,\"name\":\"Produkte\",\"item\":\"https:\/\/www.demosmobilia.ch\/de\/shop\/\"},{\"@type\":\"ListItem\",\"position\":3,\"name\":\"Ovaler Zeitschriftenst\u00e4nder aus lackiertem Rattangeflecht\"}]},{\"@type\":\"WebSite\",\"@id\":\"https:\/\/www.demosmobilia.ch\/de\/#website\",\"url\":\"https:\/\/www.demosmobilia.ch\/de\/\",\"name\":\"demosmobilia\",\"description\":\"Vintage Mid Century Modern Design Furniture from the &#039;30s to the &#039;80s\",\"publisher\":{\"@id\":\"https:\/\/www.demosmobilia.ch\/de\/#organization\"},\"potentialAction\":[{\"@type\":\"SearchAction\",\"target\":{\"@type\":\"EntryPoint\",\"urlTemplate\":\"https:\/\/www.demosmobilia.ch\/de\/?s={search_term_string}\"},\"query-input\":{\"@type\":\"PropertyValueSpecification\",\"valueRequired\":true,\"valueName\":\"search_term_string\"}}],\"inLanguage\":\"de\"},{\"@type\":\"Organization\",\"@id\":\"https:\/\/www.demosmobilia.ch\/de\/#organization\",\"name\":\"demosmobilia\",\"url\":\"https:\/\/www.demosmobilia.ch\/de\/\",\"logo\":{\"@type\":\"ImageObject\",\"inLanguage\":\"de\",\"@id\":\"https:\/\/www.demosmobilia.ch\/de\/#\/schema\/logo\/image\/\",\"url\":\"https:\/\/www.demosmobilia.ch\/wp-content\/uploads\/2020\/07\/demosmobilia-logo-2020-230-160.png\",\"contentUrl\":\"https:\/\/www.demosmobilia.ch\/wp-content\/uploads\/2020\/07\/demosmobilia-logo-2020-230-160.png\",\"width\":230,\"height\":160,\"caption\":\"demosmobilia\"},\"image\":{\"@id\":\"https:\/\/www.demosmobilia.ch\/de\/#\/schema\/logo\/image\/\"},\"sameAs\":[\"https:\/\/www.facebook.com\/Demos-Mobilia-1137017453131445\/\",\"https:\/\/www.instagram.com\/demosmobilia\/\"]}]}<\/script>\n<!-- \/ Yoast SEO plugin. -->","yoast_head_json":{"title":"Ovaler Zeitschriftenst\u00e4nder aus lackiertem Rattangeflecht &#8211; demosmobilia","robots":{"index":"index","follow":"follow","max-snippet":"max-snippet:-1","max-image-preview":"max-image-preview:large","max-video-preview":"max-video-preview:-1"},"canonical":"https:\/\/www.demosmobilia.ch\/de\/product\/ovaler-zeitschriftenstaender-aus-lackiertem-rattangeflecht\/","og_locale":"de_DE","og_type":"article","og_title":"Ovaler Zeitschriftenst\u00e4nder aus lackiertem Rattangeflecht &#8211; demosmobilia","og_description":"Franco Campo &amp; Carlo Graffi \u2013 Pioniere des Italienischen Mid-Century-M\u00f6beldesigns Franco Campo (geb. 1926) und Carlo Graffi (1925\u20131985) waren vision\u00e4re italienische Designer und Architekten, die das Mid-Century-M\u00f6beldesign Italiens ma\u00dfgeblich pr\u00e4gten. Ausgebildet am Politecnico di Torino unter der Leitung von Carlo Mollino, begannen sie in den 1950er-Jahren zusammenzuarbeiten und entwickelten einen Stil, der skulpturale Formen, Funktionalit\u00e4t und Eleganz perfekt vereint. In den 1950er-Jahren konzentrierten sich Campo und Graffi auf ma\u00dfgeschneiderte Innenr\u00e4ume und innovative M\u00f6bel, die hochwertige St\u00fccke f\u00fcr Privatkunden, Gesch\u00e4fte und Innenarchitekten kombinierten. Ihre Arbeit verbindet organische Formen mit funktionaler Einfachheit und verk\u00f6rpert die Essenz des italienischen Modernismus. 1956 gr\u00fcndeten sie gemeinsam das M\u00f6belatelier Home inRead More &rarr;","og_url":"https:\/\/www.demosmobilia.ch\/de\/product\/ovaler-zeitschriftenstaender-aus-lackiertem-rattangeflecht\/","og_site_name":"demosmobilia","article_publisher":"https:\/\/www.facebook.com\/Demos-Mobilia-1137017453131445\/","article_modified_time":"2026-01-24T13:14:13+00:00","og_image":[{"width":1200,"height":900,"url":"https:\/\/www.demosmobilia.ch\/wp-content\/uploads\/2025\/08\/campo-graffi-magazine-holder-home-1950-01-1.jpg","type":"image\/jpeg"}],"twitter_card":"summary_large_image","twitter_misc":{"Gesch\u00e4tzte Lesezeit":"1\u00a0Minute"},"schema":{"@context":"https:\/\/schema.org","@graph":[{"@type":"WebPage","@id":"https:\/\/www.demosmobilia.ch\/de\/product\/ovaler-zeitschriftenstaender-aus-lackiertem-rattangeflecht\/","url":"https:\/\/www.demosmobilia.ch\/de\/product\/ovaler-zeitschriftenstaender-aus-lackiertem-rattangeflecht\/","name":"Ovaler Zeitschriftenst\u00e4nder aus lackiertem Rattangeflecht &#8211; demosmobilia","isPartOf":{"@id":"https:\/\/www.demosmobilia.ch\/de\/#website"},"primaryImageOfPage":{"@id":"https:\/\/www.demosmobilia.ch\/de\/product\/ovaler-zeitschriftenstaender-aus-lackiertem-rattangeflecht\/#primaryimage"},"image":{"@id":"https:\/\/www.demosmobilia.ch\/de\/product\/ovaler-zeitschriftenstaender-aus-lackiertem-rattangeflecht\/#primaryimage"},"thumbnailUrl":"https:\/\/www.demosmobilia.ch\/wp-content\/uploads\/2025\/08\/campo-graffi-magazine-holder-home-1950-01-1.jpg","datePublished":"2025-08-20T09:00:55+00:00","dateModified":"2026-01-24T13:14:13+00:00","breadcrumb":{"@id":"https:\/\/www.demosmobilia.ch\/de\/product\/ovaler-zeitschriftenstaender-aus-lackiertem-rattangeflecht\/#breadcrumb"},"inLanguage":"de","potentialAction":[{"@type":"ReadAction","target":["https:\/\/www.demosmobilia.ch\/de\/product\/ovaler-zeitschriftenstaender-aus-lackiertem-rattangeflecht\/"]}]},{"@type":"ImageObject","inLanguage":"de","@id":"https:\/\/www.demosmobilia.ch\/de\/product\/ovaler-zeitschriftenstaender-aus-lackiertem-rattangeflecht\/#primaryimage","url":"https:\/\/www.demosmobilia.ch\/wp-content\/uploads\/2025\/08\/campo-graffi-magazine-holder-home-1950-01-1.jpg","contentUrl":"https:\/\/www.demosmobilia.ch\/wp-content\/uploads\/2025\/08\/campo-graffi-magazine-holder-home-1950-01-1.jpg","width":1200,"height":900},{"@type":"BreadcrumbList","@id":"https:\/\/www.demosmobilia.ch\/de\/product\/ovaler-zeitschriftenstaender-aus-lackiertem-rattangeflecht\/#breadcrumb","itemListElement":[{"@type":"ListItem","position":1,"name":"Home","item":"https:\/\/www.demosmobilia.ch\/de\/"},{"@type":"ListItem","position":2,"name":"Produkte","item":"https:\/\/www.demosmobilia.ch\/de\/shop\/"},{"@type":"ListItem","position":3,"name":"Ovaler Zeitschriftenst\u00e4nder aus lackiertem Rattangeflecht"}]},{"@type":"WebSite","@id":"https:\/\/www.demosmobilia.ch\/de\/#website","url":"https:\/\/www.demosmobilia.ch\/de\/","name":"demosmobilia","description":"Vintage Mid Century Modern Design Furniture from the &#039;30s to the &#039;80s","publisher":{"@id":"https:\/\/www.demosmobilia.ch\/de\/#organization"},"potentialAction":[{"@type":"SearchAction","target":{"@type":"EntryPoint","urlTemplate":"https:\/\/www.demosmobilia.ch\/de\/?s={search_term_string}"},"query-input":{"@type":"PropertyValueSpecification","valueRequired":true,"valueName":"search_term_string"}}],"inLanguage":"de"},{"@type":"Organization","@id":"https:\/\/www.demosmobilia.ch\/de\/#organization","name":"demosmobilia","url":"https:\/\/www.demosmobilia.ch\/de\/","logo":{"@type":"ImageObject","inLanguage":"de","@id":"https:\/\/www.demosmobilia.ch\/de\/#\/schema\/logo\/image\/","url":"https:\/\/www.demosmobilia.ch\/wp-content\/uploads\/2020\/07\/demosmobilia-logo-2020-230-160.png","contentUrl":"https:\/\/www.demosmobilia.ch\/wp-content\/uploads\/2020\/07\/demosmobilia-logo-2020-230-160.png","width":230,"height":160,"caption":"demosmobilia"},"image":{"@id":"https:\/\/www.demosmobilia.ch\/de\/#\/schema\/logo\/image\/"},"sameAs":["https:\/\/www.facebook.com\/Demos-Mobilia-1137017453131445\/","https:\/\/www.instagram.com\/demosmobilia\/"]}]}},"_links":{"self":[{"href":"https:\/\/www.demosmobilia.ch\/de\/wp-json\/wp\/v2\/product\/83685","targetHints":{"allow":["GET"]}}],"collection":[{"href":"https:\/\/www.demosmobilia.ch\/de\/wp-json\/wp\/v2\/product"}],"about":[{"href":"https:\/\/www.demosmobilia.ch\/de\/wp-json\/wp\/v2\/types\/product"}],"wp:featuredmedia":[{"embeddable":true,"href":"https:\/\/www.demosmobilia.ch\/de\/wp-json\/wp\/v2\/media\/84077"}],"wp:attachment":[{"href":"https:\/\/www.demosmobilia.ch\/de\/wp-json\/wp\/v2\/media?parent=83685"}],"wp:term":[{"taxonomy":"product_cat","embeddable":true,"href":"https:\/\/www.demosmobilia.ch\/de\/wp-json\/wp\/v2\/product_cat?post=83685"},{"taxonomy":"product_tag","embeddable":true,"href":"https:\/\/www.demosmobilia.ch\/de\/wp-json\/wp\/v2\/product_tag?post=83685"}],"curies":[{"name":"wp","href":"https:\/\/api.w.org\/{rel}","templated":true}]}}