{"id":83634,"date":"2025-08-20T19:00:36","date_gmt":"2025-08-20T17:00:36","guid":{"rendered":"https:\/\/www.demosmobilia.ch\/product\/haengendes-buecherregal-modell-e60-mit-geschlossenem-modul-und-lithografie\/"},"modified":"2026-01-24T12:12:53","modified_gmt":"2026-01-24T11:12:53","slug":"haengendes-buecherregal-modell-e60-mit-geschlossenem-modul-und-lithografie","status":"publish","type":"product","link":"https:\/\/www.demosmobilia.ch\/de\/product\/haengendes-buecherregal-modell-e60-mit-geschlossenem-modul-und-lithografie\/","title":{"rendered":"H\u00e4ngendes B\u00fccherregal, Modell E60, mit geschlossenem Modul und Lithografie"},"content":{"rendered":"<p data-start=\"216\" data-end=\"612\">Osvaldo Borsani (1911\u20131985) war ein einflussreicher italienischer Designer und Architekt, eine zentrale Figur des italienischen Nachkriegsdesigns, bekannt f\u00fcr Eleganz, technische Innovation und funktionale Designl\u00f6sungen. Im Jahr 1946 entwarf er das ikonische E60 B\u00fccherregal, ein Paradebeispiel f\u00fcr Modularit\u00e4t, klare Linien und Materialexperimentierung, das die Trends des modernen italienischen Designs vorwegnahm. <\/p>\n<p data-start=\"614\" data-end=\"921\">Das E60 B\u00fccherregal zeichnet sich durch elfenbeinfarbenes gepr\u00e4gtes Vinyl und Leder an den Seiten aus, was einen sophisticated und zeitgen\u00f6ssischen visuellen Effekt erzeugt, w\u00e4hrend die Kombination aus Holz und Messing in Regalb\u00f6den und Struktur Eleganz, Leichtigkeit und starken \u00e4sthetischen Charakter verleiht.<\/p>\n<p data-start=\"923\" data-end=\"1269\">In dieser Zeit arbeitete Borsani mit dem Bildhauer Agenore Fabbri (1911\u20131998) zusammen, einer f\u00fchrenden Pers\u00f6nlichkeit der italienischen Nachkriegsbildhauerei, bekannt f\u00fcr expressive Formen und die Integration von Kunst in Design. Ihre Zusammenarbeit brachte fein gestaltete skulpturale Details in Borsanis M\u00f6bel, wodurch sie zu funktionalen Kunstwerken wurden. <\/p>\n<p data-start=\"1271\" data-end=\"1550\">Borsanis F\u00e4higkeit, Handwerk, Industriedesign und k\u00fcnstlerische \u00c4sthetik zu verbinden, macht ihn zu einer Schl\u00fcsselfigur der italienischen Designgeschichte des 20. Jahrhunderts, w\u00e4hrend Fabbris Beitrag die harmonische Verschmelzung von Kunst und M\u00f6beldesign im italienischen Mid-Century Design zeigt.<\/p>\n","protected":false},"excerpt":{"rendered":"<p>Osvaldo Borsani (1911\u20131985) war ein einflussreicher italienischer Designer und Architekt, eine zentrale Figur des italienischen Nachkriegsdesigns, bekannt f\u00fcr Eleganz, technische Innovation und funktionale Designl\u00f6sungen. Im Jahr 1946 entwarf er das ikonische E60 B\u00fccherregal, ein Paradebeispiel f\u00fcr Modularit\u00e4t, klare Linien und Materialexperimentierung, das die Trends des modernen italienischen Designs vorwegnahm. Das E60 B\u00fccherregal zeichnet sich durch elfenbeinfarbenes gepr\u00e4gtes Vinyl und Leder an den Seiten aus, was einen sophisticated und zeitgen\u00f6ssischen visuellen Effekt erzeugt, w\u00e4hrend die Kombination aus Holz und Messing in Regalb\u00f6den und Struktur Eleganz, Leichtigkeit und starken \u00e4sthetischen Charakter verleiht. In dieser Zeit arbeitete Borsani mit dem Bildhauer Agenore Fabbri (1911\u20131998) zusammen, einer f\u00fchrenden Pers\u00f6nlichkeit<a class=\"more-link\" href=\"https:\/\/www.demosmobilia.ch\/de\/product\/haengendes-buecherregal-modell-e60-mit-geschlossenem-modul-und-lithografie\/\">Read More &rarr;<\/a><\/p>\n","protected":false},"featured_media":84073,"template":"","meta":{"_monsterinsights_skip_tracking":false,"_monsterinsights_sitenote_active":false,"_monsterinsights_sitenote_note":"","_monsterinsights_sitenote_category":0,"kk_blocks_editor_width":"","_kiokenblocks_attr":"","_kiokenblocks_dimensions":""},"product_cat":[4171,4106],"product_tag":[6563,14129],"class_list":{"0":"entry","1":"author-demosmobilia","2":"post-83634","3":"product","4":"type-product","5":"status-publish","6":"has-post-thumbnail","7":"product_production-tecno","8":"product_year-3490","9":"product_cat-buecherregale","10":"product_cat-neuheiten","11":"product_tag-borsani-osvaldo-de","12":"product_tag-fabbri-agenore","13":"pa_product_dimension-82-5-x-40-x-ht-200-cm","14":"pa_product_material-messing-nussbaum-okoleder-papier-plexiglaslaminat","16":"first","17":"instock","18":"shipping-taxable","19":"product-type-simple"},"yoast_head":"<!-- This site is optimized with the Yoast SEO plugin v24.0 - https:\/\/yoast.com\/wordpress\/plugins\/seo\/ -->\n<title>H\u00e4ngendes B\u00fccherregal, Modell E60, mit geschlossenem Modul und Lithografie &#8211; demosmobilia<\/title>\n<meta name=\"robots\" content=\"index, follow, max-snippet:-1, max-image-preview:large, max-video-preview:-1\" \/>\n<link rel=\"canonical\" href=\"https:\/\/www.demosmobilia.ch\/de\/product\/haengendes-buecherregal-modell-e60-mit-geschlossenem-modul-und-lithografie\/\" \/>\n<meta property=\"og:locale\" content=\"de_DE\" \/>\n<meta property=\"og:type\" content=\"article\" \/>\n<meta property=\"og:title\" content=\"H\u00e4ngendes B\u00fccherregal, Modell E60, mit geschlossenem Modul und Lithografie &#8211; demosmobilia\" \/>\n<meta property=\"og:description\" content=\"Osvaldo Borsani (1911\u20131985) war ein einflussreicher italienischer Designer und Architekt, eine zentrale Figur des italienischen Nachkriegsdesigns, bekannt f\u00fcr Eleganz, technische Innovation und funktionale Designl\u00f6sungen. Im Jahr 1946 entwarf er das ikonische E60 B\u00fccherregal, ein Paradebeispiel f\u00fcr Modularit\u00e4t, klare Linien und Materialexperimentierung, das die Trends des modernen italienischen Designs vorwegnahm. Das E60 B\u00fccherregal zeichnet sich durch elfenbeinfarbenes gepr\u00e4gtes Vinyl und Leder an den Seiten aus, was einen sophisticated und zeitgen\u00f6ssischen visuellen Effekt erzeugt, w\u00e4hrend die Kombination aus Holz und Messing in Regalb\u00f6den und Struktur Eleganz, Leichtigkeit und starken \u00e4sthetischen Charakter verleiht. In dieser Zeit arbeitete Borsani mit dem Bildhauer Agenore Fabbri (1911\u20131998) zusammen, einer f\u00fchrenden Pers\u00f6nlichkeitRead More &rarr;\" \/>\n<meta property=\"og:url\" content=\"https:\/\/www.demosmobilia.ch\/de\/product\/haengendes-buecherregal-modell-e60-mit-geschlossenem-modul-und-lithografie\/\" \/>\n<meta property=\"og:site_name\" content=\"demosmobilia\" \/>\n<meta property=\"article:publisher\" content=\"https:\/\/www.facebook.com\/Demos-Mobilia-1137017453131445\/\" \/>\n<meta property=\"article:modified_time\" content=\"2026-01-24T11:12:53+00:00\" \/>\n<meta property=\"og:image\" content=\"https:\/\/www.demosmobilia.ch\/wp-content\/uploads\/2025\/08\/osvaldo-borsani-suspended-bookshelf-bar-E60-Tecno-1946-Agenore-Fabbri-01-1.jpg\" \/>\n\t<meta property=\"og:image:width\" content=\"1200\" \/>\n\t<meta property=\"og:image:height\" content=\"900\" \/>\n\t<meta property=\"og:image:type\" content=\"image\/jpeg\" \/>\n<meta name=\"twitter:card\" content=\"summary_large_image\" \/>\n<meta name=\"twitter:label1\" content=\"Gesch\u00e4tzte Lesezeit\" \/>\n\t<meta name=\"twitter:data1\" content=\"1\u00a0Minute\" \/>\n<script type=\"application\/ld+json\" class=\"yoast-schema-graph\">{\"@context\":\"https:\/\/schema.org\",\"@graph\":[{\"@type\":\"WebPage\",\"@id\":\"https:\/\/www.demosmobilia.ch\/de\/product\/haengendes-buecherregal-modell-e60-mit-geschlossenem-modul-und-lithografie\/\",\"url\":\"https:\/\/www.demosmobilia.ch\/de\/product\/haengendes-buecherregal-modell-e60-mit-geschlossenem-modul-und-lithografie\/\",\"name\":\"H\u00e4ngendes B\u00fccherregal, Modell E60, mit geschlossenem Modul und Lithografie &#8211; demosmobilia\",\"isPartOf\":{\"@id\":\"https:\/\/www.demosmobilia.ch\/de\/#website\"},\"primaryImageOfPage\":{\"@id\":\"https:\/\/www.demosmobilia.ch\/de\/product\/haengendes-buecherregal-modell-e60-mit-geschlossenem-modul-und-lithografie\/#primaryimage\"},\"image\":{\"@id\":\"https:\/\/www.demosmobilia.ch\/de\/product\/haengendes-buecherregal-modell-e60-mit-geschlossenem-modul-und-lithografie\/#primaryimage\"},\"thumbnailUrl\":\"https:\/\/www.demosmobilia.ch\/wp-content\/uploads\/2025\/08\/osvaldo-borsani-suspended-bookshelf-bar-E60-Tecno-1946-Agenore-Fabbri-01-1.jpg\",\"datePublished\":\"2025-08-20T17:00:36+00:00\",\"dateModified\":\"2026-01-24T11:12:53+00:00\",\"breadcrumb\":{\"@id\":\"https:\/\/www.demosmobilia.ch\/de\/product\/haengendes-buecherregal-modell-e60-mit-geschlossenem-modul-und-lithografie\/#breadcrumb\"},\"inLanguage\":\"de\",\"potentialAction\":[{\"@type\":\"ReadAction\",\"target\":[\"https:\/\/www.demosmobilia.ch\/de\/product\/haengendes-buecherregal-modell-e60-mit-geschlossenem-modul-und-lithografie\/\"]}]},{\"@type\":\"ImageObject\",\"inLanguage\":\"de\",\"@id\":\"https:\/\/www.demosmobilia.ch\/de\/product\/haengendes-buecherregal-modell-e60-mit-geschlossenem-modul-und-lithografie\/#primaryimage\",\"url\":\"https:\/\/www.demosmobilia.ch\/wp-content\/uploads\/2025\/08\/osvaldo-borsani-suspended-bookshelf-bar-E60-Tecno-1946-Agenore-Fabbri-01-1.jpg\",\"contentUrl\":\"https:\/\/www.demosmobilia.ch\/wp-content\/uploads\/2025\/08\/osvaldo-borsani-suspended-bookshelf-bar-E60-Tecno-1946-Agenore-Fabbri-01-1.jpg\",\"width\":1200,\"height\":900},{\"@type\":\"BreadcrumbList\",\"@id\":\"https:\/\/www.demosmobilia.ch\/de\/product\/haengendes-buecherregal-modell-e60-mit-geschlossenem-modul-und-lithografie\/#breadcrumb\",\"itemListElement\":[{\"@type\":\"ListItem\",\"position\":1,\"name\":\"Home\",\"item\":\"https:\/\/www.demosmobilia.ch\/de\/\"},{\"@type\":\"ListItem\",\"position\":2,\"name\":\"Produkte\",\"item\":\"https:\/\/www.demosmobilia.ch\/de\/shop\/\"},{\"@type\":\"ListItem\",\"position\":3,\"name\":\"H\u00e4ngendes B\u00fccherregal, Modell E60, mit geschlossenem Modul und Lithografie\"}]},{\"@type\":\"WebSite\",\"@id\":\"https:\/\/www.demosmobilia.ch\/de\/#website\",\"url\":\"https:\/\/www.demosmobilia.ch\/de\/\",\"name\":\"demosmobilia\",\"description\":\"Vintage Mid Century Modern Design Furniture from the &#039;30s to the &#039;80s\",\"publisher\":{\"@id\":\"https:\/\/www.demosmobilia.ch\/de\/#organization\"},\"potentialAction\":[{\"@type\":\"SearchAction\",\"target\":{\"@type\":\"EntryPoint\",\"urlTemplate\":\"https:\/\/www.demosmobilia.ch\/de\/?s={search_term_string}\"},\"query-input\":{\"@type\":\"PropertyValueSpecification\",\"valueRequired\":true,\"valueName\":\"search_term_string\"}}],\"inLanguage\":\"de\"},{\"@type\":\"Organization\",\"@id\":\"https:\/\/www.demosmobilia.ch\/de\/#organization\",\"name\":\"demosmobilia\",\"url\":\"https:\/\/www.demosmobilia.ch\/de\/\",\"logo\":{\"@type\":\"ImageObject\",\"inLanguage\":\"de\",\"@id\":\"https:\/\/www.demosmobilia.ch\/de\/#\/schema\/logo\/image\/\",\"url\":\"https:\/\/www.demosmobilia.ch\/wp-content\/uploads\/2020\/07\/demosmobilia-logo-2020-230-160.png\",\"contentUrl\":\"https:\/\/www.demosmobilia.ch\/wp-content\/uploads\/2020\/07\/demosmobilia-logo-2020-230-160.png\",\"width\":230,\"height\":160,\"caption\":\"demosmobilia\"},\"image\":{\"@id\":\"https:\/\/www.demosmobilia.ch\/de\/#\/schema\/logo\/image\/\"},\"sameAs\":[\"https:\/\/www.facebook.com\/Demos-Mobilia-1137017453131445\/\",\"https:\/\/www.instagram.com\/demosmobilia\/\"]}]}<\/script>\n<!-- \/ Yoast SEO plugin. -->","yoast_head_json":{"title":"H\u00e4ngendes B\u00fccherregal, Modell E60, mit geschlossenem Modul und Lithografie &#8211; demosmobilia","robots":{"index":"index","follow":"follow","max-snippet":"max-snippet:-1","max-image-preview":"max-image-preview:large","max-video-preview":"max-video-preview:-1"},"canonical":"https:\/\/www.demosmobilia.ch\/de\/product\/haengendes-buecherregal-modell-e60-mit-geschlossenem-modul-und-lithografie\/","og_locale":"de_DE","og_type":"article","og_title":"H\u00e4ngendes B\u00fccherregal, Modell E60, mit geschlossenem Modul und Lithografie &#8211; demosmobilia","og_description":"Osvaldo Borsani (1911\u20131985) war ein einflussreicher italienischer Designer und Architekt, eine zentrale Figur des italienischen Nachkriegsdesigns, bekannt f\u00fcr Eleganz, technische Innovation und funktionale Designl\u00f6sungen. Im Jahr 1946 entwarf er das ikonische E60 B\u00fccherregal, ein Paradebeispiel f\u00fcr Modularit\u00e4t, klare Linien und Materialexperimentierung, das die Trends des modernen italienischen Designs vorwegnahm. Das E60 B\u00fccherregal zeichnet sich durch elfenbeinfarbenes gepr\u00e4gtes Vinyl und Leder an den Seiten aus, was einen sophisticated und zeitgen\u00f6ssischen visuellen Effekt erzeugt, w\u00e4hrend die Kombination aus Holz und Messing in Regalb\u00f6den und Struktur Eleganz, Leichtigkeit und starken \u00e4sthetischen Charakter verleiht. In dieser Zeit arbeitete Borsani mit dem Bildhauer Agenore Fabbri (1911\u20131998) zusammen, einer f\u00fchrenden Pers\u00f6nlichkeitRead More &rarr;","og_url":"https:\/\/www.demosmobilia.ch\/de\/product\/haengendes-buecherregal-modell-e60-mit-geschlossenem-modul-und-lithografie\/","og_site_name":"demosmobilia","article_publisher":"https:\/\/www.facebook.com\/Demos-Mobilia-1137017453131445\/","article_modified_time":"2026-01-24T11:12:53+00:00","og_image":[{"width":1200,"height":900,"url":"https:\/\/www.demosmobilia.ch\/wp-content\/uploads\/2025\/08\/osvaldo-borsani-suspended-bookshelf-bar-E60-Tecno-1946-Agenore-Fabbri-01-1.jpg","type":"image\/jpeg"}],"twitter_card":"summary_large_image","twitter_misc":{"Gesch\u00e4tzte Lesezeit":"1\u00a0Minute"},"schema":{"@context":"https:\/\/schema.org","@graph":[{"@type":"WebPage","@id":"https:\/\/www.demosmobilia.ch\/de\/product\/haengendes-buecherregal-modell-e60-mit-geschlossenem-modul-und-lithografie\/","url":"https:\/\/www.demosmobilia.ch\/de\/product\/haengendes-buecherregal-modell-e60-mit-geschlossenem-modul-und-lithografie\/","name":"H\u00e4ngendes B\u00fccherregal, Modell E60, mit geschlossenem Modul und Lithografie &#8211; demosmobilia","isPartOf":{"@id":"https:\/\/www.demosmobilia.ch\/de\/#website"},"primaryImageOfPage":{"@id":"https:\/\/www.demosmobilia.ch\/de\/product\/haengendes-buecherregal-modell-e60-mit-geschlossenem-modul-und-lithografie\/#primaryimage"},"image":{"@id":"https:\/\/www.demosmobilia.ch\/de\/product\/haengendes-buecherregal-modell-e60-mit-geschlossenem-modul-und-lithografie\/#primaryimage"},"thumbnailUrl":"https:\/\/www.demosmobilia.ch\/wp-content\/uploads\/2025\/08\/osvaldo-borsani-suspended-bookshelf-bar-E60-Tecno-1946-Agenore-Fabbri-01-1.jpg","datePublished":"2025-08-20T17:00:36+00:00","dateModified":"2026-01-24T11:12:53+00:00","breadcrumb":{"@id":"https:\/\/www.demosmobilia.ch\/de\/product\/haengendes-buecherregal-modell-e60-mit-geschlossenem-modul-und-lithografie\/#breadcrumb"},"inLanguage":"de","potentialAction":[{"@type":"ReadAction","target":["https:\/\/www.demosmobilia.ch\/de\/product\/haengendes-buecherregal-modell-e60-mit-geschlossenem-modul-und-lithografie\/"]}]},{"@type":"ImageObject","inLanguage":"de","@id":"https:\/\/www.demosmobilia.ch\/de\/product\/haengendes-buecherregal-modell-e60-mit-geschlossenem-modul-und-lithografie\/#primaryimage","url":"https:\/\/www.demosmobilia.ch\/wp-content\/uploads\/2025\/08\/osvaldo-borsani-suspended-bookshelf-bar-E60-Tecno-1946-Agenore-Fabbri-01-1.jpg","contentUrl":"https:\/\/www.demosmobilia.ch\/wp-content\/uploads\/2025\/08\/osvaldo-borsani-suspended-bookshelf-bar-E60-Tecno-1946-Agenore-Fabbri-01-1.jpg","width":1200,"height":900},{"@type":"BreadcrumbList","@id":"https:\/\/www.demosmobilia.ch\/de\/product\/haengendes-buecherregal-modell-e60-mit-geschlossenem-modul-und-lithografie\/#breadcrumb","itemListElement":[{"@type":"ListItem","position":1,"name":"Home","item":"https:\/\/www.demosmobilia.ch\/de\/"},{"@type":"ListItem","position":2,"name":"Produkte","item":"https:\/\/www.demosmobilia.ch\/de\/shop\/"},{"@type":"ListItem","position":3,"name":"H\u00e4ngendes B\u00fccherregal, Modell E60, mit geschlossenem Modul und Lithografie"}]},{"@type":"WebSite","@id":"https:\/\/www.demosmobilia.ch\/de\/#website","url":"https:\/\/www.demosmobilia.ch\/de\/","name":"demosmobilia","description":"Vintage Mid Century Modern Design Furniture from the &#039;30s to the &#039;80s","publisher":{"@id":"https:\/\/www.demosmobilia.ch\/de\/#organization"},"potentialAction":[{"@type":"SearchAction","target":{"@type":"EntryPoint","urlTemplate":"https:\/\/www.demosmobilia.ch\/de\/?s={search_term_string}"},"query-input":{"@type":"PropertyValueSpecification","valueRequired":true,"valueName":"search_term_string"}}],"inLanguage":"de"},{"@type":"Organization","@id":"https:\/\/www.demosmobilia.ch\/de\/#organization","name":"demosmobilia","url":"https:\/\/www.demosmobilia.ch\/de\/","logo":{"@type":"ImageObject","inLanguage":"de","@id":"https:\/\/www.demosmobilia.ch\/de\/#\/schema\/logo\/image\/","url":"https:\/\/www.demosmobilia.ch\/wp-content\/uploads\/2020\/07\/demosmobilia-logo-2020-230-160.png","contentUrl":"https:\/\/www.demosmobilia.ch\/wp-content\/uploads\/2020\/07\/demosmobilia-logo-2020-230-160.png","width":230,"height":160,"caption":"demosmobilia"},"image":{"@id":"https:\/\/www.demosmobilia.ch\/de\/#\/schema\/logo\/image\/"},"sameAs":["https:\/\/www.facebook.com\/Demos-Mobilia-1137017453131445\/","https:\/\/www.instagram.com\/demosmobilia\/"]}]}},"_links":{"self":[{"href":"https:\/\/www.demosmobilia.ch\/de\/wp-json\/wp\/v2\/product\/83634","targetHints":{"allow":["GET"]}}],"collection":[{"href":"https:\/\/www.demosmobilia.ch\/de\/wp-json\/wp\/v2\/product"}],"about":[{"href":"https:\/\/www.demosmobilia.ch\/de\/wp-json\/wp\/v2\/types\/product"}],"wp:featuredmedia":[{"embeddable":true,"href":"https:\/\/www.demosmobilia.ch\/de\/wp-json\/wp\/v2\/media\/84073"}],"wp:attachment":[{"href":"https:\/\/www.demosmobilia.ch\/de\/wp-json\/wp\/v2\/media?parent=83634"}],"wp:term":[{"taxonomy":"product_cat","embeddable":true,"href":"https:\/\/www.demosmobilia.ch\/de\/wp-json\/wp\/v2\/product_cat?post=83634"},{"taxonomy":"product_tag","embeddable":true,"href":"https:\/\/www.demosmobilia.ch\/de\/wp-json\/wp\/v2\/product_tag?post=83634"}],"curies":[{"name":"wp","href":"https:\/\/api.w.org\/{rel}","templated":true}]}}