{"id":83572,"date":"2025-07-21T11:00:10","date_gmt":"2025-07-21T09:00:10","guid":{"rendered":"https:\/\/www.demosmobilia.ch\/product\/grosser-italienischer-aussenlaternenpfahl-aus-schmiedeeisen-hoehe-300-cm\/"},"modified":"2026-03-14T14:39:26","modified_gmt":"2026-03-14T13:39:26","slug":"grosser-italienischer-aussenlaternenpfahl-aus-schmiedeeisen-hoehe-300-cm","status":"publish","type":"product","link":"https:\/\/www.demosmobilia.ch\/de\/product\/grosser-italienischer-aussenlaternenpfahl-aus-schmiedeeisen-hoehe-300-cm\/","title":{"rendered":"Gro\u00dfer italienischer Au\u00dfenlaternenpfahl aus Schmiedeeisen, H\u00f6he 300 cm"},"content":{"rendered":"<p data-start=\"0\" data-end=\"519\">Alessandro Mazzucotelli (1865\u20131938) war einer der bedeutendsten Meister des Schmiedeeisens in Italien und eine zentrale Figur in der Entwicklung der dekorativen K\u00fcnste zwischen dem sp\u00e4ten 19. und fr\u00fchen 20. Jahrhundert. Haupts\u00e4chlich t\u00e4tig in Milan, verwandelte Mazzucotelli das traditionelle Handwerk des Schmieds in eine echte Kunstform und trug ma\u00dfgeblich zur Verbreitung des Art Nouveau in Italien bei, das dort als Stile Liberty bekannt ist. <\/p>\n<p data-start=\"521\" data-end=\"913\">Als Spezialist f\u00fcr k\u00fcnstlerische Eisenarbeiten schuf er zahlreiche dekorative Elemente f\u00fcr Mail\u00e4nder Pal\u00e4ste und Wohnh\u00e4user, darunter Tore, Balkone, Laternen, Stra\u00dfenlampen und Beleuchtungsk\u00f6rper. Seine Werke der architektonischen Beleuchtung zeichnen sich durch organische und flie\u00dfende Linien aus, die von der Natur inspiriert sind, wobei das Schmiedeeisen mit dem Licht interagiert und elegante sowie ausdrucksstarke Lichtkompositionen entstehen l\u00e4sst. <\/p>\n<p data-start=\"915\" data-end=\"1340\">Ein charakteristisches Merkmal von Mazzucotellis Arbeit ist die Verwendung stiliserter Tierformen, darunter V\u00f6gel, Schlangen, Drachen und andere fantastische Kreaturen, die sich mit pflanzlichen Ornamenten und metallischen Strukturen verweben. Diese fantasievollen Elemente verwandeln Lampen, Laternen und dekorative Eisenarbeiten in eine Art \u201emagischen Zoo\u201c aus Schmiedeeisen, in dem die Fantasie durch dynamische Silhouetten Gestalt annimmt, die im Licht der Lampen lebendig zu werden scheinen. <\/p>\n<p data-start=\"1342\" data-end=\"1690\">Zu seinen wichtigsten Kooperationen geh\u00f6rten Arbeiten mit Architekten wie Giuseppe Sommaruga, unter anderem f\u00fcr bedeutende Liberty-Bauten wie den Palazzo Castiglioni. In diesen Projekten entwarf Mazzucotelli Beleuchtungs- und Dekorationselemente aus Schmiedeeisen, die Licht, Architektur und Ornament auf harmonische Weise miteinander verbinden. <\/p>\n<p data-start=\"1692\" data-end=\"2032\" data-is-last-node=\"\" data-is-only-node=\"\">Noch heute sind viele seiner Werke in historischen Geb\u00e4uden in Milan zu sehen. Sie stellen ein au\u00dfergew\u00f6hnliches Beispiel daf\u00fcr dar, wie Handwerkskunst, Skulptur und Lichtgestaltung zu einer einzigartigen k\u00fcnstlerischen Sprache verschmelzen k\u00f6nnen, die die st\u00e4dtische Architektur in eine poetische Landschaft aus Licht, Metall und imagin\u00e4ren Kreaturen verwandelt.<\/p>\n","protected":false},"excerpt":{"rendered":"<p>Alessandro Mazzucotelli (1865\u20131938) war einer der bedeutendsten Meister des Schmiedeeisens in Italien und eine zentrale Figur in der Entwicklung der dekorativen K\u00fcnste zwischen dem sp\u00e4ten 19. und fr\u00fchen 20. Jahrhundert. Haupts\u00e4chlich t\u00e4tig in Milan, verwandelte Mazzucotelli das traditionelle Handwerk des Schmieds in eine echte Kunstform und trug ma\u00dfgeblich zur Verbreitung des Art Nouveau in Italien bei, das dort als Stile Liberty bekannt ist. Als Spezialist f\u00fcr k\u00fcnstlerische Eisenarbeiten schuf er zahlreiche dekorative Elemente f\u00fcr Mail\u00e4nder Pal\u00e4ste und Wohnh\u00e4user, darunter Tore, Balkone, Laternen, Stra\u00dfenlampen und Beleuchtungsk\u00f6rper. Seine Werke der architektonischen Beleuchtung zeichnen sich durch organische und flie\u00dfende Linien aus, die von der Natur inspiriert sind, wobei<a class=\"more-link\" href=\"https:\/\/www.demosmobilia.ch\/de\/product\/grosser-italienischer-aussenlaternenpfahl-aus-schmiedeeisen-hoehe-300-cm\/\">Read More &rarr;<\/a><\/p>\n","protected":false},"featured_media":83520,"template":"","meta":{"_monsterinsights_skip_tracking":false,"_monsterinsights_sitenote_active":false,"_monsterinsights_sitenote_note":"","_monsterinsights_sitenote_category":0,"kk_blocks_editor_width":"","_kiokenblocks_attr":"","_kiokenblocks_dimensions":""},"product_cat":[4106,4115,4124],"product_tag":[14107],"class_list":{"0":"entry","1":"author-demosmobilia","2":"post-83572","3":"product","4":"type-product","5":"status-publish","6":"has-post-thumbnail","7":"product_production-mazzucotelli","8":"product_year-1910-approx","9":"product_nation-italien-de","10":"product_cat-neuheiten","11":"product_cat-objekte-fur-draussen","12":"product_cat-stehleuchten","13":"product_tag-mazzucotelli-alessandro","14":"pa_product_dimension-dia-85-x-ht-300-cm","15":"pa_product_material-schmiedeeisen-dickes-mundgeblasenes-glas","17":"first","18":"instock","19":"shipping-taxable","20":"product-type-simple"},"yoast_head":"<!-- This site is optimized with the Yoast SEO plugin v24.0 - https:\/\/yoast.com\/wordpress\/plugins\/seo\/ -->\n<title>Gro\u00dfer italienischer Au\u00dfenlaternenpfahl aus Schmiedeeisen, H\u00f6he 300 cm &#8211; demosmobilia<\/title>\n<meta name=\"robots\" content=\"index, follow, max-snippet:-1, max-image-preview:large, max-video-preview:-1\" \/>\n<link rel=\"canonical\" href=\"https:\/\/www.demosmobilia.ch\/de\/product\/grosser-italienischer-aussenlaternenpfahl-aus-schmiedeeisen-hoehe-300-cm\/\" \/>\n<meta property=\"og:locale\" content=\"de_DE\" \/>\n<meta property=\"og:type\" content=\"article\" \/>\n<meta property=\"og:title\" content=\"Gro\u00dfer italienischer Au\u00dfenlaternenpfahl aus Schmiedeeisen, H\u00f6he 300 cm &#8211; demosmobilia\" \/>\n<meta property=\"og:description\" content=\"Alessandro Mazzucotelli (1865\u20131938) war einer der bedeutendsten Meister des Schmiedeeisens in Italien und eine zentrale Figur in der Entwicklung der dekorativen K\u00fcnste zwischen dem sp\u00e4ten 19. und fr\u00fchen 20. Jahrhundert. Haupts\u00e4chlich t\u00e4tig in Milan, verwandelte Mazzucotelli das traditionelle Handwerk des Schmieds in eine echte Kunstform und trug ma\u00dfgeblich zur Verbreitung des Art Nouveau in Italien bei, das dort als Stile Liberty bekannt ist. Als Spezialist f\u00fcr k\u00fcnstlerische Eisenarbeiten schuf er zahlreiche dekorative Elemente f\u00fcr Mail\u00e4nder Pal\u00e4ste und Wohnh\u00e4user, darunter Tore, Balkone, Laternen, Stra\u00dfenlampen und Beleuchtungsk\u00f6rper. Seine Werke der architektonischen Beleuchtung zeichnen sich durch organische und flie\u00dfende Linien aus, die von der Natur inspiriert sind, wobeiRead More &rarr;\" \/>\n<meta property=\"og:url\" content=\"https:\/\/www.demosmobilia.ch\/de\/product\/grosser-italienischer-aussenlaternenpfahl-aus-schmiedeeisen-hoehe-300-cm\/\" \/>\n<meta property=\"og:site_name\" content=\"demosmobilia\" \/>\n<meta property=\"article:publisher\" content=\"https:\/\/www.facebook.com\/Demos-Mobilia-1137017453131445\/\" \/>\n<meta property=\"article:modified_time\" content=\"2026-03-14T13:39:26+00:00\" \/>\n<meta property=\"og:image\" content=\"https:\/\/www.demosmobilia.ch\/wp-content\/uploads\/2025\/08\/mazzucotelli-iron-outdoor-lantern-1890-italy-01.jpg\" \/>\n\t<meta property=\"og:image:width\" content=\"1200\" \/>\n\t<meta property=\"og:image:height\" content=\"900\" \/>\n\t<meta property=\"og:image:type\" content=\"image\/jpeg\" \/>\n<meta name=\"twitter:card\" content=\"summary_large_image\" \/>\n<meta name=\"twitter:label1\" content=\"Gesch\u00e4tzte Lesezeit\" \/>\n\t<meta name=\"twitter:data1\" content=\"1\u00a0Minute\" \/>\n<script type=\"application\/ld+json\" class=\"yoast-schema-graph\">{\"@context\":\"https:\/\/schema.org\",\"@graph\":[{\"@type\":\"WebPage\",\"@id\":\"https:\/\/www.demosmobilia.ch\/de\/product\/grosser-italienischer-aussenlaternenpfahl-aus-schmiedeeisen-hoehe-300-cm\/\",\"url\":\"https:\/\/www.demosmobilia.ch\/de\/product\/grosser-italienischer-aussenlaternenpfahl-aus-schmiedeeisen-hoehe-300-cm\/\",\"name\":\"Gro\u00dfer italienischer Au\u00dfenlaternenpfahl aus Schmiedeeisen, H\u00f6he 300 cm &#8211; demosmobilia\",\"isPartOf\":{\"@id\":\"https:\/\/www.demosmobilia.ch\/de\/#website\"},\"primaryImageOfPage\":{\"@id\":\"https:\/\/www.demosmobilia.ch\/de\/product\/grosser-italienischer-aussenlaternenpfahl-aus-schmiedeeisen-hoehe-300-cm\/#primaryimage\"},\"image\":{\"@id\":\"https:\/\/www.demosmobilia.ch\/de\/product\/grosser-italienischer-aussenlaternenpfahl-aus-schmiedeeisen-hoehe-300-cm\/#primaryimage\"},\"thumbnailUrl\":\"https:\/\/www.demosmobilia.ch\/wp-content\/uploads\/2025\/08\/mazzucotelli-iron-outdoor-lantern-1890-italy-01.jpg\",\"datePublished\":\"2025-07-21T09:00:10+00:00\",\"dateModified\":\"2026-03-14T13:39:26+00:00\",\"breadcrumb\":{\"@id\":\"https:\/\/www.demosmobilia.ch\/de\/product\/grosser-italienischer-aussenlaternenpfahl-aus-schmiedeeisen-hoehe-300-cm\/#breadcrumb\"},\"inLanguage\":\"de\",\"potentialAction\":[{\"@type\":\"ReadAction\",\"target\":[\"https:\/\/www.demosmobilia.ch\/de\/product\/grosser-italienischer-aussenlaternenpfahl-aus-schmiedeeisen-hoehe-300-cm\/\"]}]},{\"@type\":\"ImageObject\",\"inLanguage\":\"de\",\"@id\":\"https:\/\/www.demosmobilia.ch\/de\/product\/grosser-italienischer-aussenlaternenpfahl-aus-schmiedeeisen-hoehe-300-cm\/#primaryimage\",\"url\":\"https:\/\/www.demosmobilia.ch\/wp-content\/uploads\/2025\/08\/mazzucotelli-iron-outdoor-lantern-1890-italy-01.jpg\",\"contentUrl\":\"https:\/\/www.demosmobilia.ch\/wp-content\/uploads\/2025\/08\/mazzucotelli-iron-outdoor-lantern-1890-italy-01.jpg\",\"width\":1200,\"height\":900},{\"@type\":\"BreadcrumbList\",\"@id\":\"https:\/\/www.demosmobilia.ch\/de\/product\/grosser-italienischer-aussenlaternenpfahl-aus-schmiedeeisen-hoehe-300-cm\/#breadcrumb\",\"itemListElement\":[{\"@type\":\"ListItem\",\"position\":1,\"name\":\"Home\",\"item\":\"https:\/\/www.demosmobilia.ch\/de\/\"},{\"@type\":\"ListItem\",\"position\":2,\"name\":\"Produkte\",\"item\":\"https:\/\/www.demosmobilia.ch\/de\/shop\/\"},{\"@type\":\"ListItem\",\"position\":3,\"name\":\"Gro\u00dfer italienischer Au\u00dfenlaternenpfahl aus Schmiedeeisen, H\u00f6he 300 cm\"}]},{\"@type\":\"WebSite\",\"@id\":\"https:\/\/www.demosmobilia.ch\/de\/#website\",\"url\":\"https:\/\/www.demosmobilia.ch\/de\/\",\"name\":\"demosmobilia\",\"description\":\"Vintage Mid Century Modern Design Furniture from the &#039;30s to the &#039;80s\",\"publisher\":{\"@id\":\"https:\/\/www.demosmobilia.ch\/de\/#organization\"},\"potentialAction\":[{\"@type\":\"SearchAction\",\"target\":{\"@type\":\"EntryPoint\",\"urlTemplate\":\"https:\/\/www.demosmobilia.ch\/de\/?s={search_term_string}\"},\"query-input\":{\"@type\":\"PropertyValueSpecification\",\"valueRequired\":true,\"valueName\":\"search_term_string\"}}],\"inLanguage\":\"de\"},{\"@type\":\"Organization\",\"@id\":\"https:\/\/www.demosmobilia.ch\/de\/#organization\",\"name\":\"demosmobilia\",\"url\":\"https:\/\/www.demosmobilia.ch\/de\/\",\"logo\":{\"@type\":\"ImageObject\",\"inLanguage\":\"de\",\"@id\":\"https:\/\/www.demosmobilia.ch\/de\/#\/schema\/logo\/image\/\",\"url\":\"https:\/\/www.demosmobilia.ch\/wp-content\/uploads\/2020\/07\/demosmobilia-logo-2020-230-160.png\",\"contentUrl\":\"https:\/\/www.demosmobilia.ch\/wp-content\/uploads\/2020\/07\/demosmobilia-logo-2020-230-160.png\",\"width\":230,\"height\":160,\"caption\":\"demosmobilia\"},\"image\":{\"@id\":\"https:\/\/www.demosmobilia.ch\/de\/#\/schema\/logo\/image\/\"},\"sameAs\":[\"https:\/\/www.facebook.com\/Demos-Mobilia-1137017453131445\/\",\"https:\/\/www.instagram.com\/demosmobilia\/\"]}]}<\/script>\n<!-- \/ Yoast SEO plugin. -->","yoast_head_json":{"title":"Gro\u00dfer italienischer Au\u00dfenlaternenpfahl aus Schmiedeeisen, H\u00f6he 300 cm &#8211; demosmobilia","robots":{"index":"index","follow":"follow","max-snippet":"max-snippet:-1","max-image-preview":"max-image-preview:large","max-video-preview":"max-video-preview:-1"},"canonical":"https:\/\/www.demosmobilia.ch\/de\/product\/grosser-italienischer-aussenlaternenpfahl-aus-schmiedeeisen-hoehe-300-cm\/","og_locale":"de_DE","og_type":"article","og_title":"Gro\u00dfer italienischer Au\u00dfenlaternenpfahl aus Schmiedeeisen, H\u00f6he 300 cm &#8211; demosmobilia","og_description":"Alessandro Mazzucotelli (1865\u20131938) war einer der bedeutendsten Meister des Schmiedeeisens in Italien und eine zentrale Figur in der Entwicklung der dekorativen K\u00fcnste zwischen dem sp\u00e4ten 19. und fr\u00fchen 20. Jahrhundert. Haupts\u00e4chlich t\u00e4tig in Milan, verwandelte Mazzucotelli das traditionelle Handwerk des Schmieds in eine echte Kunstform und trug ma\u00dfgeblich zur Verbreitung des Art Nouveau in Italien bei, das dort als Stile Liberty bekannt ist. Als Spezialist f\u00fcr k\u00fcnstlerische Eisenarbeiten schuf er zahlreiche dekorative Elemente f\u00fcr Mail\u00e4nder Pal\u00e4ste und Wohnh\u00e4user, darunter Tore, Balkone, Laternen, Stra\u00dfenlampen und Beleuchtungsk\u00f6rper. Seine Werke der architektonischen Beleuchtung zeichnen sich durch organische und flie\u00dfende Linien aus, die von der Natur inspiriert sind, wobeiRead More &rarr;","og_url":"https:\/\/www.demosmobilia.ch\/de\/product\/grosser-italienischer-aussenlaternenpfahl-aus-schmiedeeisen-hoehe-300-cm\/","og_site_name":"demosmobilia","article_publisher":"https:\/\/www.facebook.com\/Demos-Mobilia-1137017453131445\/","article_modified_time":"2026-03-14T13:39:26+00:00","og_image":[{"width":1200,"height":900,"url":"https:\/\/www.demosmobilia.ch\/wp-content\/uploads\/2025\/08\/mazzucotelli-iron-outdoor-lantern-1890-italy-01.jpg","type":"image\/jpeg"}],"twitter_card":"summary_large_image","twitter_misc":{"Gesch\u00e4tzte Lesezeit":"1\u00a0Minute"},"schema":{"@context":"https:\/\/schema.org","@graph":[{"@type":"WebPage","@id":"https:\/\/www.demosmobilia.ch\/de\/product\/grosser-italienischer-aussenlaternenpfahl-aus-schmiedeeisen-hoehe-300-cm\/","url":"https:\/\/www.demosmobilia.ch\/de\/product\/grosser-italienischer-aussenlaternenpfahl-aus-schmiedeeisen-hoehe-300-cm\/","name":"Gro\u00dfer italienischer Au\u00dfenlaternenpfahl aus Schmiedeeisen, H\u00f6he 300 cm &#8211; demosmobilia","isPartOf":{"@id":"https:\/\/www.demosmobilia.ch\/de\/#website"},"primaryImageOfPage":{"@id":"https:\/\/www.demosmobilia.ch\/de\/product\/grosser-italienischer-aussenlaternenpfahl-aus-schmiedeeisen-hoehe-300-cm\/#primaryimage"},"image":{"@id":"https:\/\/www.demosmobilia.ch\/de\/product\/grosser-italienischer-aussenlaternenpfahl-aus-schmiedeeisen-hoehe-300-cm\/#primaryimage"},"thumbnailUrl":"https:\/\/www.demosmobilia.ch\/wp-content\/uploads\/2025\/08\/mazzucotelli-iron-outdoor-lantern-1890-italy-01.jpg","datePublished":"2025-07-21T09:00:10+00:00","dateModified":"2026-03-14T13:39:26+00:00","breadcrumb":{"@id":"https:\/\/www.demosmobilia.ch\/de\/product\/grosser-italienischer-aussenlaternenpfahl-aus-schmiedeeisen-hoehe-300-cm\/#breadcrumb"},"inLanguage":"de","potentialAction":[{"@type":"ReadAction","target":["https:\/\/www.demosmobilia.ch\/de\/product\/grosser-italienischer-aussenlaternenpfahl-aus-schmiedeeisen-hoehe-300-cm\/"]}]},{"@type":"ImageObject","inLanguage":"de","@id":"https:\/\/www.demosmobilia.ch\/de\/product\/grosser-italienischer-aussenlaternenpfahl-aus-schmiedeeisen-hoehe-300-cm\/#primaryimage","url":"https:\/\/www.demosmobilia.ch\/wp-content\/uploads\/2025\/08\/mazzucotelli-iron-outdoor-lantern-1890-italy-01.jpg","contentUrl":"https:\/\/www.demosmobilia.ch\/wp-content\/uploads\/2025\/08\/mazzucotelli-iron-outdoor-lantern-1890-italy-01.jpg","width":1200,"height":900},{"@type":"BreadcrumbList","@id":"https:\/\/www.demosmobilia.ch\/de\/product\/grosser-italienischer-aussenlaternenpfahl-aus-schmiedeeisen-hoehe-300-cm\/#breadcrumb","itemListElement":[{"@type":"ListItem","position":1,"name":"Home","item":"https:\/\/www.demosmobilia.ch\/de\/"},{"@type":"ListItem","position":2,"name":"Produkte","item":"https:\/\/www.demosmobilia.ch\/de\/shop\/"},{"@type":"ListItem","position":3,"name":"Gro\u00dfer italienischer Au\u00dfenlaternenpfahl aus Schmiedeeisen, H\u00f6he 300 cm"}]},{"@type":"WebSite","@id":"https:\/\/www.demosmobilia.ch\/de\/#website","url":"https:\/\/www.demosmobilia.ch\/de\/","name":"demosmobilia","description":"Vintage Mid Century Modern Design Furniture from the &#039;30s to the &#039;80s","publisher":{"@id":"https:\/\/www.demosmobilia.ch\/de\/#organization"},"potentialAction":[{"@type":"SearchAction","target":{"@type":"EntryPoint","urlTemplate":"https:\/\/www.demosmobilia.ch\/de\/?s={search_term_string}"},"query-input":{"@type":"PropertyValueSpecification","valueRequired":true,"valueName":"search_term_string"}}],"inLanguage":"de"},{"@type":"Organization","@id":"https:\/\/www.demosmobilia.ch\/de\/#organization","name":"demosmobilia","url":"https:\/\/www.demosmobilia.ch\/de\/","logo":{"@type":"ImageObject","inLanguage":"de","@id":"https:\/\/www.demosmobilia.ch\/de\/#\/schema\/logo\/image\/","url":"https:\/\/www.demosmobilia.ch\/wp-content\/uploads\/2020\/07\/demosmobilia-logo-2020-230-160.png","contentUrl":"https:\/\/www.demosmobilia.ch\/wp-content\/uploads\/2020\/07\/demosmobilia-logo-2020-230-160.png","width":230,"height":160,"caption":"demosmobilia"},"image":{"@id":"https:\/\/www.demosmobilia.ch\/de\/#\/schema\/logo\/image\/"},"sameAs":["https:\/\/www.facebook.com\/Demos-Mobilia-1137017453131445\/","https:\/\/www.instagram.com\/demosmobilia\/"]}]}},"_links":{"self":[{"href":"https:\/\/www.demosmobilia.ch\/de\/wp-json\/wp\/v2\/product\/83572","targetHints":{"allow":["GET"]}}],"collection":[{"href":"https:\/\/www.demosmobilia.ch\/de\/wp-json\/wp\/v2\/product"}],"about":[{"href":"https:\/\/www.demosmobilia.ch\/de\/wp-json\/wp\/v2\/types\/product"}],"wp:featuredmedia":[{"embeddable":true,"href":"https:\/\/www.demosmobilia.ch\/de\/wp-json\/wp\/v2\/media\/83520"}],"wp:attachment":[{"href":"https:\/\/www.demosmobilia.ch\/de\/wp-json\/wp\/v2\/media?parent=83572"}],"wp:term":[{"taxonomy":"product_cat","embeddable":true,"href":"https:\/\/www.demosmobilia.ch\/de\/wp-json\/wp\/v2\/product_cat?post=83572"},{"taxonomy":"product_tag","embeddable":true,"href":"https:\/\/www.demosmobilia.ch\/de\/wp-json\/wp\/v2\/product_tag?post=83572"}],"curies":[{"name":"wp","href":"https:\/\/api.w.org\/{rel}","templated":true}]}}