{"id":83515,"date":"2025-08-20T12:30:46","date_gmt":"2025-08-20T10:30:46","guid":{"rendered":"https:\/\/www.demosmobilia.ch\/product\/uebergrosse-vollbewegliche-und-verstellbare-stehleuchte-modell-max\/"},"modified":"2026-01-24T12:24:31","modified_gmt":"2026-01-24T11:24:31","slug":"uebergrosse-vollbewegliche-und-verstellbare-stehleuchte-modell-max","status":"publish","type":"product","link":"https:\/\/www.demosmobilia.ch\/de\/product\/uebergrosse-vollbewegliche-und-verstellbare-stehleuchte-modell-max\/","title":{"rendered":"\u00dcbergro\u00dfe, vollbewegliche und verstellbare Stehleuchte, Modell MAX"},"content":{"rendered":"<p>Modell nach der Tischleuchte von George Carwardine aus dem Jahr 1932.<br \/>\nVoll beweglich und verstellbar.<br \/>\nH\u00f6henverstellbar von mindestens 160 cm bis maximal 280 cm<\/p>\n<p data-start=\"180\" data-end=\"552\">George Carwardine (1912\u20131990) war ein wegweisender britischer Designer und Ingenieur, bekannt als Erfinder der ikonischen Anglepoise Gelenk-Schreibtischlampe, einem Symbol f\u00fcr Funktionalit\u00e4t, Balance und modernes Design. Die urspr\u00fcnglich in den 1930er-Jahren entwickelte Lampe basiert auf einem ausgekl\u00fcgelten System aus Federn und Gelenkarmen, das flie\u00dfende Bewegungen und pr\u00e4zise Positionierung erm\u00f6glicht. <\/p>\n<p data-start=\"554\" data-end=\"808\">In den 2000er-Jahren wurde die \u00fcberdimensionierte Version MAX produziert \u2013 eine zeitgen\u00f6ssische Neuinterpretation der klassischen Schreibtischlampe, die die ingenieurtechnische Innovation und klare \u00c4sthetik des Originals bewahrt. Die MAX-Lampe eignet sich ideal als Statement-Leuchte f\u00fcr moderne Innenr\u00e4ume und gro\u00dfz\u00fcgige R\u00e4ume.<\/p>\n","protected":false},"excerpt":{"rendered":"<p>Modell nach der Tischleuchte von George Carwardine aus dem Jahr 1932. Voll beweglich und verstellbar. H\u00f6henverstellbar von mindestens 160 cm bis maximal 280 cm George Carwardine (1912\u20131990) war ein wegweisender britischer Designer und Ingenieur, bekannt als Erfinder der ikonischen Anglepoise Gelenk-Schreibtischlampe, einem Symbol f\u00fcr Funktionalit\u00e4t, Balance und modernes Design. Die urspr\u00fcnglich in den 1930er-Jahren entwickelte Lampe basiert auf einem ausgekl\u00fcgelten System aus Federn und Gelenkarmen, das flie\u00dfende Bewegungen und pr\u00e4zise Positionierung erm\u00f6glicht. In den 2000er-Jahren wurde die \u00fcberdimensionierte Version MAX produziert \u2013 eine zeitgen\u00f6ssische Neuinterpretation der klassischen Schreibtischlampe, die die ingenieurtechnische Innovation und klare \u00c4sthetik des Originals bewahrt. Die MAX-Lampe eignet sich ideal als Statement-Leuchte<a class=\"more-link\" href=\"https:\/\/www.demosmobilia.ch\/de\/product\/uebergrosse-vollbewegliche-und-verstellbare-stehleuchte-modell-max\/\">Read More &rarr;<\/a><\/p>\n","protected":false},"featured_media":83480,"template":"","meta":{"_monsterinsights_skip_tracking":false,"_monsterinsights_sitenote_active":false,"_monsterinsights_sitenote_note":"","_monsterinsights_sitenote_category":0,"kk_blocks_editor_width":"","_kiokenblocks_attr":"","_kiokenblocks_dimensions":""},"product_cat":[4106,4124],"product_tag":[14095],"class_list":{"0":"entry","1":"author-demosmobilia","2":"post-83515","3":"product","4":"type-product","5":"status-publish","6":"has-post-thumbnail","7":"product_year-1970-approx","8":"product_nation-schweiz-de-4","9":"product_cat-neuheiten","10":"product_cat-stehleuchten","11":"product_tag-carwardine-george-stil","12":"pa_product_dimension-60-x-150-x-ht-160-280-cm","13":"pa_product_material-lackiertes-metall","15":"first","16":"instock","17":"shipping-taxable","18":"purchasable","19":"product-type-simple"},"yoast_head":"<!-- This site is optimized with the Yoast SEO plugin v24.0 - https:\/\/yoast.com\/wordpress\/plugins\/seo\/ -->\n<title>\u00dcbergro\u00dfe, vollbewegliche und verstellbare Stehleuchte, Modell MAX &#8211; demosmobilia<\/title>\n<meta name=\"robots\" content=\"index, follow, max-snippet:-1, max-image-preview:large, max-video-preview:-1\" \/>\n<link rel=\"canonical\" href=\"https:\/\/www.demosmobilia.ch\/de\/product\/uebergrosse-vollbewegliche-und-verstellbare-stehleuchte-modell-max\/\" \/>\n<meta property=\"og:locale\" content=\"de_DE\" \/>\n<meta property=\"og:type\" content=\"article\" \/>\n<meta property=\"og:title\" content=\"\u00dcbergro\u00dfe, vollbewegliche und verstellbare Stehleuchte, Modell MAX &#8211; demosmobilia\" \/>\n<meta property=\"og:description\" content=\"Modell nach der Tischleuchte von George Carwardine aus dem Jahr 1932. Voll beweglich und verstellbar. H\u00f6henverstellbar von mindestens 160 cm bis maximal 280 cm George Carwardine (1912\u20131990) war ein wegweisender britischer Designer und Ingenieur, bekannt als Erfinder der ikonischen Anglepoise Gelenk-Schreibtischlampe, einem Symbol f\u00fcr Funktionalit\u00e4t, Balance und modernes Design. Die urspr\u00fcnglich in den 1930er-Jahren entwickelte Lampe basiert auf einem ausgekl\u00fcgelten System aus Federn und Gelenkarmen, das flie\u00dfende Bewegungen und pr\u00e4zise Positionierung erm\u00f6glicht. In den 2000er-Jahren wurde die \u00fcberdimensionierte Version MAX produziert \u2013 eine zeitgen\u00f6ssische Neuinterpretation der klassischen Schreibtischlampe, die die ingenieurtechnische Innovation und klare \u00c4sthetik des Originals bewahrt. Die MAX-Lampe eignet sich ideal als Statement-LeuchteRead More &rarr;\" \/>\n<meta property=\"og:url\" content=\"https:\/\/www.demosmobilia.ch\/de\/product\/uebergrosse-vollbewegliche-und-verstellbare-stehleuchte-modell-max\/\" \/>\n<meta property=\"og:site_name\" content=\"demosmobilia\" \/>\n<meta property=\"article:publisher\" content=\"https:\/\/www.facebook.com\/Demos-Mobilia-1137017453131445\/\" \/>\n<meta property=\"article:modified_time\" content=\"2026-01-24T11:24:31+00:00\" \/>\n<meta property=\"og:image\" content=\"https:\/\/www.demosmobilia.ch\/wp-content\/uploads\/2025\/08\/MAX-oversize-floor-lamp-1960-george-carwardine-1932-table-lamp-01.jpg\" \/>\n\t<meta property=\"og:image:width\" content=\"1200\" \/>\n\t<meta property=\"og:image:height\" content=\"900\" \/>\n\t<meta property=\"og:image:type\" content=\"image\/jpeg\" \/>\n<meta name=\"twitter:card\" content=\"summary_large_image\" \/>\n<meta name=\"twitter:label1\" content=\"Gesch\u00e4tzte Lesezeit\" \/>\n\t<meta name=\"twitter:data1\" content=\"1\u00a0Minute\" \/>\n<script type=\"application\/ld+json\" class=\"yoast-schema-graph\">{\"@context\":\"https:\/\/schema.org\",\"@graph\":[{\"@type\":\"WebPage\",\"@id\":\"https:\/\/www.demosmobilia.ch\/de\/product\/uebergrosse-vollbewegliche-und-verstellbare-stehleuchte-modell-max\/\",\"url\":\"https:\/\/www.demosmobilia.ch\/de\/product\/uebergrosse-vollbewegliche-und-verstellbare-stehleuchte-modell-max\/\",\"name\":\"\u00dcbergro\u00dfe, vollbewegliche und verstellbare Stehleuchte, Modell MAX &#8211; demosmobilia\",\"isPartOf\":{\"@id\":\"https:\/\/www.demosmobilia.ch\/de\/#website\"},\"primaryImageOfPage\":{\"@id\":\"https:\/\/www.demosmobilia.ch\/de\/product\/uebergrosse-vollbewegliche-und-verstellbare-stehleuchte-modell-max\/#primaryimage\"},\"image\":{\"@id\":\"https:\/\/www.demosmobilia.ch\/de\/product\/uebergrosse-vollbewegliche-und-verstellbare-stehleuchte-modell-max\/#primaryimage\"},\"thumbnailUrl\":\"https:\/\/www.demosmobilia.ch\/wp-content\/uploads\/2025\/08\/MAX-oversize-floor-lamp-1960-george-carwardine-1932-table-lamp-01.jpg\",\"datePublished\":\"2025-08-20T10:30:46+00:00\",\"dateModified\":\"2026-01-24T11:24:31+00:00\",\"breadcrumb\":{\"@id\":\"https:\/\/www.demosmobilia.ch\/de\/product\/uebergrosse-vollbewegliche-und-verstellbare-stehleuchte-modell-max\/#breadcrumb\"},\"inLanguage\":\"de\",\"potentialAction\":[{\"@type\":\"ReadAction\",\"target\":[\"https:\/\/www.demosmobilia.ch\/de\/product\/uebergrosse-vollbewegliche-und-verstellbare-stehleuchte-modell-max\/\"]}]},{\"@type\":\"ImageObject\",\"inLanguage\":\"de\",\"@id\":\"https:\/\/www.demosmobilia.ch\/de\/product\/uebergrosse-vollbewegliche-und-verstellbare-stehleuchte-modell-max\/#primaryimage\",\"url\":\"https:\/\/www.demosmobilia.ch\/wp-content\/uploads\/2025\/08\/MAX-oversize-floor-lamp-1960-george-carwardine-1932-table-lamp-01.jpg\",\"contentUrl\":\"https:\/\/www.demosmobilia.ch\/wp-content\/uploads\/2025\/08\/MAX-oversize-floor-lamp-1960-george-carwardine-1932-table-lamp-01.jpg\",\"width\":1200,\"height\":900},{\"@type\":\"BreadcrumbList\",\"@id\":\"https:\/\/www.demosmobilia.ch\/de\/product\/uebergrosse-vollbewegliche-und-verstellbare-stehleuchte-modell-max\/#breadcrumb\",\"itemListElement\":[{\"@type\":\"ListItem\",\"position\":1,\"name\":\"Home\",\"item\":\"https:\/\/www.demosmobilia.ch\/de\/\"},{\"@type\":\"ListItem\",\"position\":2,\"name\":\"Produkte\",\"item\":\"https:\/\/www.demosmobilia.ch\/de\/shop\/\"},{\"@type\":\"ListItem\",\"position\":3,\"name\":\"\u00dcbergro\u00dfe, vollbewegliche und verstellbare Stehleuchte, Modell MAX\"}]},{\"@type\":\"WebSite\",\"@id\":\"https:\/\/www.demosmobilia.ch\/de\/#website\",\"url\":\"https:\/\/www.demosmobilia.ch\/de\/\",\"name\":\"demosmobilia\",\"description\":\"Vintage Mid Century Modern Design Furniture from the &#039;30s to the &#039;80s\",\"publisher\":{\"@id\":\"https:\/\/www.demosmobilia.ch\/de\/#organization\"},\"potentialAction\":[{\"@type\":\"SearchAction\",\"target\":{\"@type\":\"EntryPoint\",\"urlTemplate\":\"https:\/\/www.demosmobilia.ch\/de\/?s={search_term_string}\"},\"query-input\":{\"@type\":\"PropertyValueSpecification\",\"valueRequired\":true,\"valueName\":\"search_term_string\"}}],\"inLanguage\":\"de\"},{\"@type\":\"Organization\",\"@id\":\"https:\/\/www.demosmobilia.ch\/de\/#organization\",\"name\":\"demosmobilia\",\"url\":\"https:\/\/www.demosmobilia.ch\/de\/\",\"logo\":{\"@type\":\"ImageObject\",\"inLanguage\":\"de\",\"@id\":\"https:\/\/www.demosmobilia.ch\/de\/#\/schema\/logo\/image\/\",\"url\":\"https:\/\/www.demosmobilia.ch\/wp-content\/uploads\/2020\/07\/demosmobilia-logo-2020-230-160.png\",\"contentUrl\":\"https:\/\/www.demosmobilia.ch\/wp-content\/uploads\/2020\/07\/demosmobilia-logo-2020-230-160.png\",\"width\":230,\"height\":160,\"caption\":\"demosmobilia\"},\"image\":{\"@id\":\"https:\/\/www.demosmobilia.ch\/de\/#\/schema\/logo\/image\/\"},\"sameAs\":[\"https:\/\/www.facebook.com\/Demos-Mobilia-1137017453131445\/\",\"https:\/\/www.instagram.com\/demosmobilia\/\"]}]}<\/script>\n<!-- \/ Yoast SEO plugin. -->","yoast_head_json":{"title":"\u00dcbergro\u00dfe, vollbewegliche und verstellbare Stehleuchte, Modell MAX &#8211; demosmobilia","robots":{"index":"index","follow":"follow","max-snippet":"max-snippet:-1","max-image-preview":"max-image-preview:large","max-video-preview":"max-video-preview:-1"},"canonical":"https:\/\/www.demosmobilia.ch\/de\/product\/uebergrosse-vollbewegliche-und-verstellbare-stehleuchte-modell-max\/","og_locale":"de_DE","og_type":"article","og_title":"\u00dcbergro\u00dfe, vollbewegliche und verstellbare Stehleuchte, Modell MAX &#8211; demosmobilia","og_description":"Modell nach der Tischleuchte von George Carwardine aus dem Jahr 1932. Voll beweglich und verstellbar. H\u00f6henverstellbar von mindestens 160 cm bis maximal 280 cm George Carwardine (1912\u20131990) war ein wegweisender britischer Designer und Ingenieur, bekannt als Erfinder der ikonischen Anglepoise Gelenk-Schreibtischlampe, einem Symbol f\u00fcr Funktionalit\u00e4t, Balance und modernes Design. Die urspr\u00fcnglich in den 1930er-Jahren entwickelte Lampe basiert auf einem ausgekl\u00fcgelten System aus Federn und Gelenkarmen, das flie\u00dfende Bewegungen und pr\u00e4zise Positionierung erm\u00f6glicht. In den 2000er-Jahren wurde die \u00fcberdimensionierte Version MAX produziert \u2013 eine zeitgen\u00f6ssische Neuinterpretation der klassischen Schreibtischlampe, die die ingenieurtechnische Innovation und klare \u00c4sthetik des Originals bewahrt. Die MAX-Lampe eignet sich ideal als Statement-LeuchteRead More &rarr;","og_url":"https:\/\/www.demosmobilia.ch\/de\/product\/uebergrosse-vollbewegliche-und-verstellbare-stehleuchte-modell-max\/","og_site_name":"demosmobilia","article_publisher":"https:\/\/www.facebook.com\/Demos-Mobilia-1137017453131445\/","article_modified_time":"2026-01-24T11:24:31+00:00","og_image":[{"width":1200,"height":900,"url":"https:\/\/www.demosmobilia.ch\/wp-content\/uploads\/2025\/08\/MAX-oversize-floor-lamp-1960-george-carwardine-1932-table-lamp-01.jpg","type":"image\/jpeg"}],"twitter_card":"summary_large_image","twitter_misc":{"Gesch\u00e4tzte Lesezeit":"1\u00a0Minute"},"schema":{"@context":"https:\/\/schema.org","@graph":[{"@type":"WebPage","@id":"https:\/\/www.demosmobilia.ch\/de\/product\/uebergrosse-vollbewegliche-und-verstellbare-stehleuchte-modell-max\/","url":"https:\/\/www.demosmobilia.ch\/de\/product\/uebergrosse-vollbewegliche-und-verstellbare-stehleuchte-modell-max\/","name":"\u00dcbergro\u00dfe, vollbewegliche und verstellbare Stehleuchte, Modell MAX &#8211; demosmobilia","isPartOf":{"@id":"https:\/\/www.demosmobilia.ch\/de\/#website"},"primaryImageOfPage":{"@id":"https:\/\/www.demosmobilia.ch\/de\/product\/uebergrosse-vollbewegliche-und-verstellbare-stehleuchte-modell-max\/#primaryimage"},"image":{"@id":"https:\/\/www.demosmobilia.ch\/de\/product\/uebergrosse-vollbewegliche-und-verstellbare-stehleuchte-modell-max\/#primaryimage"},"thumbnailUrl":"https:\/\/www.demosmobilia.ch\/wp-content\/uploads\/2025\/08\/MAX-oversize-floor-lamp-1960-george-carwardine-1932-table-lamp-01.jpg","datePublished":"2025-08-20T10:30:46+00:00","dateModified":"2026-01-24T11:24:31+00:00","breadcrumb":{"@id":"https:\/\/www.demosmobilia.ch\/de\/product\/uebergrosse-vollbewegliche-und-verstellbare-stehleuchte-modell-max\/#breadcrumb"},"inLanguage":"de","potentialAction":[{"@type":"ReadAction","target":["https:\/\/www.demosmobilia.ch\/de\/product\/uebergrosse-vollbewegliche-und-verstellbare-stehleuchte-modell-max\/"]}]},{"@type":"ImageObject","inLanguage":"de","@id":"https:\/\/www.demosmobilia.ch\/de\/product\/uebergrosse-vollbewegliche-und-verstellbare-stehleuchte-modell-max\/#primaryimage","url":"https:\/\/www.demosmobilia.ch\/wp-content\/uploads\/2025\/08\/MAX-oversize-floor-lamp-1960-george-carwardine-1932-table-lamp-01.jpg","contentUrl":"https:\/\/www.demosmobilia.ch\/wp-content\/uploads\/2025\/08\/MAX-oversize-floor-lamp-1960-george-carwardine-1932-table-lamp-01.jpg","width":1200,"height":900},{"@type":"BreadcrumbList","@id":"https:\/\/www.demosmobilia.ch\/de\/product\/uebergrosse-vollbewegliche-und-verstellbare-stehleuchte-modell-max\/#breadcrumb","itemListElement":[{"@type":"ListItem","position":1,"name":"Home","item":"https:\/\/www.demosmobilia.ch\/de\/"},{"@type":"ListItem","position":2,"name":"Produkte","item":"https:\/\/www.demosmobilia.ch\/de\/shop\/"},{"@type":"ListItem","position":3,"name":"\u00dcbergro\u00dfe, vollbewegliche und verstellbare Stehleuchte, Modell MAX"}]},{"@type":"WebSite","@id":"https:\/\/www.demosmobilia.ch\/de\/#website","url":"https:\/\/www.demosmobilia.ch\/de\/","name":"demosmobilia","description":"Vintage Mid Century Modern Design Furniture from the &#039;30s to the &#039;80s","publisher":{"@id":"https:\/\/www.demosmobilia.ch\/de\/#organization"},"potentialAction":[{"@type":"SearchAction","target":{"@type":"EntryPoint","urlTemplate":"https:\/\/www.demosmobilia.ch\/de\/?s={search_term_string}"},"query-input":{"@type":"PropertyValueSpecification","valueRequired":true,"valueName":"search_term_string"}}],"inLanguage":"de"},{"@type":"Organization","@id":"https:\/\/www.demosmobilia.ch\/de\/#organization","name":"demosmobilia","url":"https:\/\/www.demosmobilia.ch\/de\/","logo":{"@type":"ImageObject","inLanguage":"de","@id":"https:\/\/www.demosmobilia.ch\/de\/#\/schema\/logo\/image\/","url":"https:\/\/www.demosmobilia.ch\/wp-content\/uploads\/2020\/07\/demosmobilia-logo-2020-230-160.png","contentUrl":"https:\/\/www.demosmobilia.ch\/wp-content\/uploads\/2020\/07\/demosmobilia-logo-2020-230-160.png","width":230,"height":160,"caption":"demosmobilia"},"image":{"@id":"https:\/\/www.demosmobilia.ch\/de\/#\/schema\/logo\/image\/"},"sameAs":["https:\/\/www.facebook.com\/Demos-Mobilia-1137017453131445\/","https:\/\/www.instagram.com\/demosmobilia\/"]}]}},"_links":{"self":[{"href":"https:\/\/www.demosmobilia.ch\/de\/wp-json\/wp\/v2\/product\/83515","targetHints":{"allow":["GET"]}}],"collection":[{"href":"https:\/\/www.demosmobilia.ch\/de\/wp-json\/wp\/v2\/product"}],"about":[{"href":"https:\/\/www.demosmobilia.ch\/de\/wp-json\/wp\/v2\/types\/product"}],"wp:featuredmedia":[{"embeddable":true,"href":"https:\/\/www.demosmobilia.ch\/de\/wp-json\/wp\/v2\/media\/83480"}],"wp:attachment":[{"href":"https:\/\/www.demosmobilia.ch\/de\/wp-json\/wp\/v2\/media?parent=83515"}],"wp:term":[{"taxonomy":"product_cat","embeddable":true,"href":"https:\/\/www.demosmobilia.ch\/de\/wp-json\/wp\/v2\/product_cat?post=83515"},{"taxonomy":"product_tag","embeddable":true,"href":"https:\/\/www.demosmobilia.ch\/de\/wp-json\/wp\/v2\/product_tag?post=83515"}],"curies":[{"name":"wp","href":"https:\/\/api.w.org\/{rel}","templated":true}]}}