{"id":82140,"date":"2025-05-07T13:00:39","date_gmt":"2025-05-07T11:00:39","guid":{"rendered":"https:\/\/www.demosmobilia.ch\/product\/komplettes-tafelservice-fuer-10-personen-plus-reserve\/"},"modified":"2025-05-07T13:00:39","modified_gmt":"2025-05-07T11:00:39","slug":"komplettes-tafelservice-fuer-10-personen-plus-reserve","status":"publish","type":"product","link":"https:\/\/www.demosmobilia.ch\/de\/product\/komplettes-tafelservice-fuer-10-personen-plus-reserve\/","title":{"rendered":"Komplettes Tafelservice f\u00fcr 10 Personen plus Reserve"},"content":{"rendered":"","protected":false},"excerpt":{"rendered":"<p>10 Teller mit den Ma\u00dfen 25,5 x 25,5 x HT 2 cm<br \/>\n15 Saucer 19.5 x 19.5 x 1.5 cm<br \/>\n10 Bouillontasse mit Untertasse 18 x 18 x HT 7 cm<br \/>\n2 Salatsch\u00fcssel 20 x 20 x HT 6,5 cm<br \/>\n1 Salatsch\u00fcssel 18 x 18 x HT 5,5 cm<br \/>\n1 Sauciere 18 x 18 x HT 7 cm<br \/>\n2 Milchk\u00e4nnchen 9 x 5,5 x HT 10 cm<br \/>\n1 Suppenterrine mit Deckel und Griffen 21 x 25 x HT 9,5 cm<br \/>\n1 Rechteckige Servieruntertasse 21 x 14 x HT 2 cm<br \/>\n6 lange Kaffee- oder Teetassen mit Untertasse 15,5 x 15,5 x HT 10 cm<br \/>\n1 Kaffeekanne 15 x 8,5 x HT 21,5 cm<br \/>\n1 Teekanne 20 x 12 x HT 13 cm<a class=\"more-link\" href=\"https:\/\/www.demosmobilia.ch\/de\/product\/komplettes-tafelservice-fuer-10-personen-plus-reserve\/\">Read More &rarr;<\/a><\/p>\n","protected":false},"featured_media":82587,"template":"","meta":{"_monsterinsights_skip_tracking":false,"_monsterinsights_sitenote_active":false,"_monsterinsights_sitenote_note":"","_monsterinsights_sitenote_category":0,"kk_blocks_editor_width":"","_kiokenblocks_attr":"","_kiokenblocks_dimensions":""},"product_cat":[4121],"product_tag":[13791],"class_list":{"0":"entry","1":"author-demosmobilia","2":"has-excerpt","3":"post-82140","4":"product","5":"type-product","6":"status-publish","7":"has-post-thumbnail","8":"product_production-langenthal","9":"product_year-3320","10":"product_nation-schweiz-de-4","11":"product_cat-anderes","12":"product_tag-gullotta-gerald-de","13":"pa_product_material-porzellan-blattgold","15":"first","16":"instock","17":"shipping-taxable","18":"purchasable","19":"product-type-simple"},"yoast_head":"<!-- This site is optimized with the Yoast SEO plugin v24.0 - https:\/\/yoast.com\/wordpress\/plugins\/seo\/ -->\n<title>Komplettes Tafelservice f\u00fcr 10 Personen plus Reserve &#8211; demosmobilia<\/title>\n<meta name=\"robots\" content=\"index, follow, max-snippet:-1, max-image-preview:large, max-video-preview:-1\" \/>\n<link rel=\"canonical\" href=\"https:\/\/www.demosmobilia.ch\/de\/product\/komplettes-tafelservice-fuer-10-personen-plus-reserve\/\" \/>\n<meta property=\"og:locale\" content=\"de_DE\" \/>\n<meta property=\"og:type\" content=\"article\" \/>\n<meta property=\"og:title\" content=\"Komplettes Tafelservice f\u00fcr 10 Personen plus Reserve &#8211; demosmobilia\" \/>\n<meta property=\"og:description\" content=\"10 Teller mit den Ma\u00dfen 25,5 x 25,5 x HT 2 cm 15 Saucer 19.5 x 19.5 x 1.5 cm 10 Bouillontasse mit Untertasse 18 x 18 x HT 7 cm 2 Salatsch\u00fcssel 20 x 20 x HT 6,5 cm 1 Salatsch\u00fcssel 18 x 18 x HT 5,5 cm 1 Sauciere 18 x 18 x HT 7 cm 2 Milchk\u00e4nnchen 9 x 5,5 x HT 10 cm 1 Suppenterrine mit Deckel und Griffen 21 x 25 x HT 9,5 cm 1 Rechteckige Servieruntertasse 21 x 14 x HT 2 cm 6 lange Kaffee- oder Teetassen mit Untertasse 15,5 x 15,5 x HT 10 cm 1 Kaffeekanne 15 x 8,5 x HT 21,5 cm 1 Teekanne 20 x 12 x HT 13 cmRead More &rarr;\" \/>\n<meta property=\"og:url\" content=\"https:\/\/www.demosmobilia.ch\/de\/product\/komplettes-tafelservice-fuer-10-personen-plus-reserve\/\" \/>\n<meta property=\"og:site_name\" content=\"demosmobilia\" \/>\n<meta property=\"article:publisher\" content=\"https:\/\/www.facebook.com\/Demos-Mobilia-1137017453131445\/\" \/>\n<meta property=\"og:image\" content=\"https:\/\/www.demosmobilia.ch\/wp-content\/uploads\/2025\/05\/1970-design-langenthal-gerald-gullotta-gold-leaf-dinner-services-plate-10-people-02.jpg\" \/>\n\t<meta property=\"og:image:width\" content=\"1200\" \/>\n\t<meta property=\"og:image:height\" content=\"900\" \/>\n\t<meta property=\"og:image:type\" content=\"image\/jpeg\" \/>\n<meta name=\"twitter:card\" content=\"summary_large_image\" \/>\n<script type=\"application\/ld+json\" class=\"yoast-schema-graph\">{\"@context\":\"https:\/\/schema.org\",\"@graph\":[{\"@type\":\"WebPage\",\"@id\":\"https:\/\/www.demosmobilia.ch\/de\/product\/komplettes-tafelservice-fuer-10-personen-plus-reserve\/\",\"url\":\"https:\/\/www.demosmobilia.ch\/de\/product\/komplettes-tafelservice-fuer-10-personen-plus-reserve\/\",\"name\":\"Komplettes Tafelservice f\u00fcr 10 Personen plus Reserve &#8211; demosmobilia\",\"isPartOf\":{\"@id\":\"https:\/\/www.demosmobilia.ch\/de\/#website\"},\"primaryImageOfPage\":{\"@id\":\"https:\/\/www.demosmobilia.ch\/de\/product\/komplettes-tafelservice-fuer-10-personen-plus-reserve\/#primaryimage\"},\"image\":{\"@id\":\"https:\/\/www.demosmobilia.ch\/de\/product\/komplettes-tafelservice-fuer-10-personen-plus-reserve\/#primaryimage\"},\"thumbnailUrl\":\"https:\/\/www.demosmobilia.ch\/wp-content\/uploads\/2025\/05\/1970-design-langenthal-gerald-gullotta-gold-leaf-dinner-services-plate-10-people-04-1.jpg\",\"datePublished\":\"2025-05-07T11:00:39+00:00\",\"dateModified\":\"2025-05-07T11:00:39+00:00\",\"breadcrumb\":{\"@id\":\"https:\/\/www.demosmobilia.ch\/de\/product\/komplettes-tafelservice-fuer-10-personen-plus-reserve\/#breadcrumb\"},\"inLanguage\":\"de\",\"potentialAction\":[{\"@type\":\"ReadAction\",\"target\":[\"https:\/\/www.demosmobilia.ch\/de\/product\/komplettes-tafelservice-fuer-10-personen-plus-reserve\/\"]}]},{\"@type\":\"ImageObject\",\"inLanguage\":\"de\",\"@id\":\"https:\/\/www.demosmobilia.ch\/de\/product\/komplettes-tafelservice-fuer-10-personen-plus-reserve\/#primaryimage\",\"url\":\"https:\/\/www.demosmobilia.ch\/wp-content\/uploads\/2025\/05\/1970-design-langenthal-gerald-gullotta-gold-leaf-dinner-services-plate-10-people-04-1.jpg\",\"contentUrl\":\"https:\/\/www.demosmobilia.ch\/wp-content\/uploads\/2025\/05\/1970-design-langenthal-gerald-gullotta-gold-leaf-dinner-services-plate-10-people-04-1.jpg\",\"width\":1200,\"height\":900},{\"@type\":\"BreadcrumbList\",\"@id\":\"https:\/\/www.demosmobilia.ch\/de\/product\/komplettes-tafelservice-fuer-10-personen-plus-reserve\/#breadcrumb\",\"itemListElement\":[{\"@type\":\"ListItem\",\"position\":1,\"name\":\"Home\",\"item\":\"https:\/\/www.demosmobilia.ch\/de\/\"},{\"@type\":\"ListItem\",\"position\":2,\"name\":\"Produkte\",\"item\":\"https:\/\/www.demosmobilia.ch\/de\/shop\/\"},{\"@type\":\"ListItem\",\"position\":3,\"name\":\"Komplettes Tafelservice f\u00fcr 10 Personen plus Reserve\"}]},{\"@type\":\"WebSite\",\"@id\":\"https:\/\/www.demosmobilia.ch\/de\/#website\",\"url\":\"https:\/\/www.demosmobilia.ch\/de\/\",\"name\":\"demosmobilia\",\"description\":\"Vintage Mid Century Modern Design Furniture from the &#039;30s to the &#039;80s\",\"publisher\":{\"@id\":\"https:\/\/www.demosmobilia.ch\/de\/#organization\"},\"potentialAction\":[{\"@type\":\"SearchAction\",\"target\":{\"@type\":\"EntryPoint\",\"urlTemplate\":\"https:\/\/www.demosmobilia.ch\/de\/?s={search_term_string}\"},\"query-input\":{\"@type\":\"PropertyValueSpecification\",\"valueRequired\":true,\"valueName\":\"search_term_string\"}}],\"inLanguage\":\"de\"},{\"@type\":\"Organization\",\"@id\":\"https:\/\/www.demosmobilia.ch\/de\/#organization\",\"name\":\"demosmobilia\",\"url\":\"https:\/\/www.demosmobilia.ch\/de\/\",\"logo\":{\"@type\":\"ImageObject\",\"inLanguage\":\"de\",\"@id\":\"https:\/\/www.demosmobilia.ch\/de\/#\/schema\/logo\/image\/\",\"url\":\"https:\/\/www.demosmobilia.ch\/wp-content\/uploads\/2020\/07\/demosmobilia-logo-2020-230-160.png\",\"contentUrl\":\"https:\/\/www.demosmobilia.ch\/wp-content\/uploads\/2020\/07\/demosmobilia-logo-2020-230-160.png\",\"width\":230,\"height\":160,\"caption\":\"demosmobilia\"},\"image\":{\"@id\":\"https:\/\/www.demosmobilia.ch\/de\/#\/schema\/logo\/image\/\"},\"sameAs\":[\"https:\/\/www.facebook.com\/Demos-Mobilia-1137017453131445\/\",\"https:\/\/www.instagram.com\/demosmobilia\/\"]}]}<\/script>\n<!-- \/ Yoast SEO plugin. -->","yoast_head_json":{"title":"Komplettes Tafelservice f\u00fcr 10 Personen plus Reserve &#8211; demosmobilia","robots":{"index":"index","follow":"follow","max-snippet":"max-snippet:-1","max-image-preview":"max-image-preview:large","max-video-preview":"max-video-preview:-1"},"canonical":"https:\/\/www.demosmobilia.ch\/de\/product\/komplettes-tafelservice-fuer-10-personen-plus-reserve\/","og_locale":"de_DE","og_type":"article","og_title":"Komplettes Tafelservice f\u00fcr 10 Personen plus Reserve &#8211; demosmobilia","og_description":"10 Teller mit den Ma\u00dfen 25,5 x 25,5 x HT 2 cm 15 Saucer 19.5 x 19.5 x 1.5 cm 10 Bouillontasse mit Untertasse 18 x 18 x HT 7 cm 2 Salatsch\u00fcssel 20 x 20 x HT 6,5 cm 1 Salatsch\u00fcssel 18 x 18 x HT 5,5 cm 1 Sauciere 18 x 18 x HT 7 cm 2 Milchk\u00e4nnchen 9 x 5,5 x HT 10 cm 1 Suppenterrine mit Deckel und Griffen 21 x 25 x HT 9,5 cm 1 Rechteckige Servieruntertasse 21 x 14 x HT 2 cm 6 lange Kaffee- oder Teetassen mit Untertasse 15,5 x 15,5 x HT 10 cm 1 Kaffeekanne 15 x 8,5 x HT 21,5 cm 1 Teekanne 20 x 12 x HT 13 cmRead More &rarr;","og_url":"https:\/\/www.demosmobilia.ch\/de\/product\/komplettes-tafelservice-fuer-10-personen-plus-reserve\/","og_site_name":"demosmobilia","article_publisher":"https:\/\/www.facebook.com\/Demos-Mobilia-1137017453131445\/","og_image":[{"width":1200,"height":900,"url":"https:\/\/www.demosmobilia.ch\/wp-content\/uploads\/2025\/05\/1970-design-langenthal-gerald-gullotta-gold-leaf-dinner-services-plate-10-people-02.jpg","type":"image\/jpeg"}],"twitter_card":"summary_large_image","schema":{"@context":"https:\/\/schema.org","@graph":[{"@type":"WebPage","@id":"https:\/\/www.demosmobilia.ch\/de\/product\/komplettes-tafelservice-fuer-10-personen-plus-reserve\/","url":"https:\/\/www.demosmobilia.ch\/de\/product\/komplettes-tafelservice-fuer-10-personen-plus-reserve\/","name":"Komplettes Tafelservice f\u00fcr 10 Personen plus Reserve &#8211; demosmobilia","isPartOf":{"@id":"https:\/\/www.demosmobilia.ch\/de\/#website"},"primaryImageOfPage":{"@id":"https:\/\/www.demosmobilia.ch\/de\/product\/komplettes-tafelservice-fuer-10-personen-plus-reserve\/#primaryimage"},"image":{"@id":"https:\/\/www.demosmobilia.ch\/de\/product\/komplettes-tafelservice-fuer-10-personen-plus-reserve\/#primaryimage"},"thumbnailUrl":"https:\/\/www.demosmobilia.ch\/wp-content\/uploads\/2025\/05\/1970-design-langenthal-gerald-gullotta-gold-leaf-dinner-services-plate-10-people-04-1.jpg","datePublished":"2025-05-07T11:00:39+00:00","dateModified":"2025-05-07T11:00:39+00:00","breadcrumb":{"@id":"https:\/\/www.demosmobilia.ch\/de\/product\/komplettes-tafelservice-fuer-10-personen-plus-reserve\/#breadcrumb"},"inLanguage":"de","potentialAction":[{"@type":"ReadAction","target":["https:\/\/www.demosmobilia.ch\/de\/product\/komplettes-tafelservice-fuer-10-personen-plus-reserve\/"]}]},{"@type":"ImageObject","inLanguage":"de","@id":"https:\/\/www.demosmobilia.ch\/de\/product\/komplettes-tafelservice-fuer-10-personen-plus-reserve\/#primaryimage","url":"https:\/\/www.demosmobilia.ch\/wp-content\/uploads\/2025\/05\/1970-design-langenthal-gerald-gullotta-gold-leaf-dinner-services-plate-10-people-04-1.jpg","contentUrl":"https:\/\/www.demosmobilia.ch\/wp-content\/uploads\/2025\/05\/1970-design-langenthal-gerald-gullotta-gold-leaf-dinner-services-plate-10-people-04-1.jpg","width":1200,"height":900},{"@type":"BreadcrumbList","@id":"https:\/\/www.demosmobilia.ch\/de\/product\/komplettes-tafelservice-fuer-10-personen-plus-reserve\/#breadcrumb","itemListElement":[{"@type":"ListItem","position":1,"name":"Home","item":"https:\/\/www.demosmobilia.ch\/de\/"},{"@type":"ListItem","position":2,"name":"Produkte","item":"https:\/\/www.demosmobilia.ch\/de\/shop\/"},{"@type":"ListItem","position":3,"name":"Komplettes Tafelservice f\u00fcr 10 Personen plus Reserve"}]},{"@type":"WebSite","@id":"https:\/\/www.demosmobilia.ch\/de\/#website","url":"https:\/\/www.demosmobilia.ch\/de\/","name":"demosmobilia","description":"Vintage Mid Century Modern Design Furniture from the &#039;30s to the &#039;80s","publisher":{"@id":"https:\/\/www.demosmobilia.ch\/de\/#organization"},"potentialAction":[{"@type":"SearchAction","target":{"@type":"EntryPoint","urlTemplate":"https:\/\/www.demosmobilia.ch\/de\/?s={search_term_string}"},"query-input":{"@type":"PropertyValueSpecification","valueRequired":true,"valueName":"search_term_string"}}],"inLanguage":"de"},{"@type":"Organization","@id":"https:\/\/www.demosmobilia.ch\/de\/#organization","name":"demosmobilia","url":"https:\/\/www.demosmobilia.ch\/de\/","logo":{"@type":"ImageObject","inLanguage":"de","@id":"https:\/\/www.demosmobilia.ch\/de\/#\/schema\/logo\/image\/","url":"https:\/\/www.demosmobilia.ch\/wp-content\/uploads\/2020\/07\/demosmobilia-logo-2020-230-160.png","contentUrl":"https:\/\/www.demosmobilia.ch\/wp-content\/uploads\/2020\/07\/demosmobilia-logo-2020-230-160.png","width":230,"height":160,"caption":"demosmobilia"},"image":{"@id":"https:\/\/www.demosmobilia.ch\/de\/#\/schema\/logo\/image\/"},"sameAs":["https:\/\/www.facebook.com\/Demos-Mobilia-1137017453131445\/","https:\/\/www.instagram.com\/demosmobilia\/"]}]}},"_links":{"self":[{"href":"https:\/\/www.demosmobilia.ch\/de\/wp-json\/wp\/v2\/product\/82140","targetHints":{"allow":["GET"]}}],"collection":[{"href":"https:\/\/www.demosmobilia.ch\/de\/wp-json\/wp\/v2\/product"}],"about":[{"href":"https:\/\/www.demosmobilia.ch\/de\/wp-json\/wp\/v2\/types\/product"}],"wp:featuredmedia":[{"embeddable":true,"href":"https:\/\/www.demosmobilia.ch\/de\/wp-json\/wp\/v2\/media\/82587"}],"wp:attachment":[{"href":"https:\/\/www.demosmobilia.ch\/de\/wp-json\/wp\/v2\/media?parent=82140"}],"wp:term":[{"taxonomy":"product_cat","embeddable":true,"href":"https:\/\/www.demosmobilia.ch\/de\/wp-json\/wp\/v2\/product_cat?post=82140"},{"taxonomy":"product_tag","embeddable":true,"href":"https:\/\/www.demosmobilia.ch\/de\/wp-json\/wp\/v2\/product_tag?post=82140"}],"curies":[{"name":"wp","href":"https:\/\/api.w.org\/{rel}","templated":true}]}}