{"id":81693,"date":"2025-04-09T13:10:55","date_gmt":"2025-04-09T11:10:55","guid":{"rendered":"https:\/\/www.demosmobilia.ch\/product\/seltene-technisch-anspruchsvolle-ausziehbare-wandleuchte-modell-danae\/"},"modified":"2026-03-14T15:27:30","modified_gmt":"2026-03-14T14:27:30","slug":"seltene-technisch-anspruchsvolle-ausziehbare-wandleuchte-modell-danae","status":"publish","type":"product","link":"https:\/\/www.demosmobilia.ch\/de\/product\/seltene-technisch-anspruchsvolle-ausziehbare-wandleuchte-modell-danae\/","title":{"rendered":"Seltene, technisch anspruchsvolle, ausziehbare Wandleuchte, Modell Danae"},"content":{"rendered":"<p data-start=\"128\" data-end=\"607\">Tito Agnoli (1931\u20112012) war ein renommierter italienischer Designer und Architekt, eine zentrale Pers\u00f6nlichkeit des Mid-Century Modern Designs, bekannt f\u00fcr seine Leuchten und M\u00f6bel, die Eleganz, Funktionalit\u00e4t und minimalistisches Design vereinen. Geboren in Lima in einer italienischen Familie, studierte Agnoli Malerei und sp\u00e4ter Architektur am Politecnico di Milano. Er arbeitete mit zahlreichen f\u00fchrenden italienischen Marken zusammen und hinterlie\u00df ein dauerhaftes Erbe im Bereich des industriellen und hochwertigen Leuchtendesigns.  <\/p>\n<p data-start=\"609\" data-end=\"887\">Eine besonders bedeutende Phase seiner Karriere war die Zusammenarbeit mit Oluce, dem historischen italienischen Beleuchtungsunternehmen, das 1945 gegr\u00fcndet wurde. Gemeinsam entwarfen sie Lampen, die zu Ikonen des italienischen Designs wurden und bei Sammlern und Designliebhabern weltweit hoch gesch\u00e4tzt sind. <\/p>\n<p data-start=\"889\" data-end=\"1304\">Zu seinen bekanntesten Arbeiten geh\u00f6rt die \u201cAgnoli\u201d Tischleuchte, entworfen 1954. Die Lampe zeichnet sich durch klar reduzierte Linien, minimalistisches Design und einen verstellbaren Lichtmechanismus aus, der Funktionalit\u00e4t mit \u00e4sthetischer Raffinesse verbindet. Die nickelplattierte Metallstruktur, oft kombiniert mit einem eleganten Travertin-Fu\u00df, zeigt Agnolis K\u00f6nnen in der Kombination von Materialien und innovativer Technik zu poetischen und zeitlosen Formen.  <\/p>\n<p data-start=\"1306\" data-end=\"1559\">Neben der Agnoli-Tischlampe entwarf Tito Agnoli f\u00fcr Oluce auch Wand- und Deckenleuchten, darunter ausziehbare Modelle und St\u00fccke, die Holz, Messing und opalwei\u00dfes Glas kombinieren, was seinen experimentellen und zugleich eleganten Ansatz im Leuchtendesign unterstreicht.<\/p>\n<p data-start=\"1561\" data-end=\"1811\">Die Zusammenarbeit mit Oluce festigte Tito Agnolis Ruf als einen der einflussreichsten italienischen Designer seiner Zeit. Seine Lampen bleiben bei Sammlern, Museen und Liebhabern von Vintage-Design sehr begehrt und sichern sein Erbe als Schl\u00fcsselfigur des italienischen Mid-Century Designs. <\/p>\n","protected":false},"excerpt":{"rendered":"<p>Tito Agnoli (1931\u20112012) war ein renommierter italienischer Designer und Architekt, eine zentrale Pers\u00f6nlichkeit des Mid-Century Modern Designs, bekannt f\u00fcr seine Leuchten und M\u00f6bel, die Eleganz, Funktionalit\u00e4t und minimalistisches Design vereinen. Geboren in Lima in einer italienischen Familie, studierte Agnoli Malerei und sp\u00e4ter Architektur am Politecnico di Milano. Er arbeitete mit zahlreichen f\u00fchrenden italienischen Marken zusammen und hinterlie\u00df ein dauerhaftes Erbe im Bereich des industriellen und hochwertigen Leuchtendesigns. Eine besonders bedeutende Phase seiner Karriere war die Zusammenarbeit mit Oluce, dem historischen italienischen Beleuchtungsunternehmen, das 1945 gegr\u00fcndet wurde. Gemeinsam entwarfen sie Lampen, die zu Ikonen des italienischen Designs wurden und bei Sammlern und Designliebhabern weltweit hoch gesch\u00e4tzt<a class=\"more-link\" href=\"https:\/\/www.demosmobilia.ch\/de\/product\/seltene-technisch-anspruchsvolle-ausziehbare-wandleuchte-modell-danae\/\">Read More &rarr;<\/a><\/p>\n","protected":false},"featured_media":81632,"template":"","meta":{"_monsterinsights_skip_tracking":false,"_monsterinsights_sitenote_active":false,"_monsterinsights_sitenote_note":"","_monsterinsights_sitenote_category":0,"kk_blocks_editor_width":"","_kiokenblocks_attr":"","_kiokenblocks_dimensions":""},"product_cat":[4125,4126],"product_tag":[6686],"class_list":{"0":"entry","1":"author-demosmobilia","2":"post-81693","3":"product","4":"type-product","5":"status-publish","6":"has-post-thumbnail","7":"product_production-oluce","8":"product_year-1970-approx","9":"product_nation-italien-de","10":"product_cat-kronleuchtern-deckleuchten-und-spots","11":"product_cat-wandleuchten","12":"product_tag-agnoli-tito-de","13":"pa_product_dimension-dia-48-x-200-117-x-ht-100-cm-de","14":"pa_product_material-aluminium-stahl-kunststoff","16":"first","17":"instock","18":"shipping-taxable","19":"product-type-simple"},"yoast_head":"<!-- This site is optimized with the Yoast SEO plugin v24.0 - https:\/\/yoast.com\/wordpress\/plugins\/seo\/ -->\n<title>Seltene, technisch anspruchsvolle, ausziehbare Wandleuchte, Modell Danae &#8211; demosmobilia<\/title>\n<meta name=\"robots\" content=\"index, follow, max-snippet:-1, max-image-preview:large, max-video-preview:-1\" \/>\n<link rel=\"canonical\" href=\"https:\/\/www.demosmobilia.ch\/de\/product\/seltene-technisch-anspruchsvolle-ausziehbare-wandleuchte-modell-danae\/\" \/>\n<meta property=\"og:locale\" content=\"de_DE\" \/>\n<meta property=\"og:type\" content=\"article\" \/>\n<meta property=\"og:title\" content=\"Seltene, technisch anspruchsvolle, ausziehbare Wandleuchte, Modell Danae &#8211; demosmobilia\" \/>\n<meta property=\"og:description\" content=\"Tito Agnoli (1931\u20112012) war ein renommierter italienischer Designer und Architekt, eine zentrale Pers\u00f6nlichkeit des Mid-Century Modern Designs, bekannt f\u00fcr seine Leuchten und M\u00f6bel, die Eleganz, Funktionalit\u00e4t und minimalistisches Design vereinen. Geboren in Lima in einer italienischen Familie, studierte Agnoli Malerei und sp\u00e4ter Architektur am Politecnico di Milano. Er arbeitete mit zahlreichen f\u00fchrenden italienischen Marken zusammen und hinterlie\u00df ein dauerhaftes Erbe im Bereich des industriellen und hochwertigen Leuchtendesigns. Eine besonders bedeutende Phase seiner Karriere war die Zusammenarbeit mit Oluce, dem historischen italienischen Beleuchtungsunternehmen, das 1945 gegr\u00fcndet wurde. Gemeinsam entwarfen sie Lampen, die zu Ikonen des italienischen Designs wurden und bei Sammlern und Designliebhabern weltweit hoch gesch\u00e4tztRead More &rarr;\" \/>\n<meta property=\"og:url\" content=\"https:\/\/www.demosmobilia.ch\/de\/product\/seltene-technisch-anspruchsvolle-ausziehbare-wandleuchte-modell-danae\/\" \/>\n<meta property=\"og:site_name\" content=\"demosmobilia\" \/>\n<meta property=\"article:publisher\" content=\"https:\/\/www.facebook.com\/Demos-Mobilia-1137017453131445\/\" \/>\n<meta property=\"article:modified_time\" content=\"2026-03-14T14:27:30+00:00\" \/>\n<meta property=\"og:image\" content=\"https:\/\/www.demosmobilia.ch\/wp-content\/uploads\/2025\/04\/oluce-tito-agnoli-danae-wall-lamp-1970-01A.jpg\" \/>\n\t<meta property=\"og:image:width\" content=\"1200\" \/>\n\t<meta property=\"og:image:height\" content=\"900\" \/>\n\t<meta property=\"og:image:type\" content=\"image\/jpeg\" \/>\n<meta name=\"twitter:card\" content=\"summary_large_image\" \/>\n<meta name=\"twitter:label1\" content=\"Gesch\u00e4tzte Lesezeit\" \/>\n\t<meta name=\"twitter:data1\" content=\"1\u00a0Minute\" \/>\n<script type=\"application\/ld+json\" class=\"yoast-schema-graph\">{\"@context\":\"https:\/\/schema.org\",\"@graph\":[{\"@type\":\"WebPage\",\"@id\":\"https:\/\/www.demosmobilia.ch\/de\/product\/seltene-technisch-anspruchsvolle-ausziehbare-wandleuchte-modell-danae\/\",\"url\":\"https:\/\/www.demosmobilia.ch\/de\/product\/seltene-technisch-anspruchsvolle-ausziehbare-wandleuchte-modell-danae\/\",\"name\":\"Seltene, technisch anspruchsvolle, ausziehbare Wandleuchte, Modell Danae &#8211; demosmobilia\",\"isPartOf\":{\"@id\":\"https:\/\/www.demosmobilia.ch\/de\/#website\"},\"primaryImageOfPage\":{\"@id\":\"https:\/\/www.demosmobilia.ch\/de\/product\/seltene-technisch-anspruchsvolle-ausziehbare-wandleuchte-modell-danae\/#primaryimage\"},\"image\":{\"@id\":\"https:\/\/www.demosmobilia.ch\/de\/product\/seltene-technisch-anspruchsvolle-ausziehbare-wandleuchte-modell-danae\/#primaryimage\"},\"thumbnailUrl\":\"https:\/\/www.demosmobilia.ch\/wp-content\/uploads\/2025\/04\/oluce-tito-agnoli-danae-wall-lamp-1970-01A.jpg\",\"datePublished\":\"2025-04-09T11:10:55+00:00\",\"dateModified\":\"2026-03-14T14:27:30+00:00\",\"breadcrumb\":{\"@id\":\"https:\/\/www.demosmobilia.ch\/de\/product\/seltene-technisch-anspruchsvolle-ausziehbare-wandleuchte-modell-danae\/#breadcrumb\"},\"inLanguage\":\"de\",\"potentialAction\":[{\"@type\":\"ReadAction\",\"target\":[\"https:\/\/www.demosmobilia.ch\/de\/product\/seltene-technisch-anspruchsvolle-ausziehbare-wandleuchte-modell-danae\/\"]}]},{\"@type\":\"ImageObject\",\"inLanguage\":\"de\",\"@id\":\"https:\/\/www.demosmobilia.ch\/de\/product\/seltene-technisch-anspruchsvolle-ausziehbare-wandleuchte-modell-danae\/#primaryimage\",\"url\":\"https:\/\/www.demosmobilia.ch\/wp-content\/uploads\/2025\/04\/oluce-tito-agnoli-danae-wall-lamp-1970-01A.jpg\",\"contentUrl\":\"https:\/\/www.demosmobilia.ch\/wp-content\/uploads\/2025\/04\/oluce-tito-agnoli-danae-wall-lamp-1970-01A.jpg\",\"width\":1200,\"height\":900},{\"@type\":\"BreadcrumbList\",\"@id\":\"https:\/\/www.demosmobilia.ch\/de\/product\/seltene-technisch-anspruchsvolle-ausziehbare-wandleuchte-modell-danae\/#breadcrumb\",\"itemListElement\":[{\"@type\":\"ListItem\",\"position\":1,\"name\":\"Home\",\"item\":\"https:\/\/www.demosmobilia.ch\/de\/\"},{\"@type\":\"ListItem\",\"position\":2,\"name\":\"Produkte\",\"item\":\"https:\/\/www.demosmobilia.ch\/de\/shop\/\"},{\"@type\":\"ListItem\",\"position\":3,\"name\":\"Seltene, technisch anspruchsvolle, ausziehbare Wandleuchte, Modell Danae\"}]},{\"@type\":\"WebSite\",\"@id\":\"https:\/\/www.demosmobilia.ch\/de\/#website\",\"url\":\"https:\/\/www.demosmobilia.ch\/de\/\",\"name\":\"demosmobilia\",\"description\":\"Vintage Mid Century Modern Design Furniture from the &#039;30s to the &#039;80s\",\"publisher\":{\"@id\":\"https:\/\/www.demosmobilia.ch\/de\/#organization\"},\"potentialAction\":[{\"@type\":\"SearchAction\",\"target\":{\"@type\":\"EntryPoint\",\"urlTemplate\":\"https:\/\/www.demosmobilia.ch\/de\/?s={search_term_string}\"},\"query-input\":{\"@type\":\"PropertyValueSpecification\",\"valueRequired\":true,\"valueName\":\"search_term_string\"}}],\"inLanguage\":\"de\"},{\"@type\":\"Organization\",\"@id\":\"https:\/\/www.demosmobilia.ch\/de\/#organization\",\"name\":\"demosmobilia\",\"url\":\"https:\/\/www.demosmobilia.ch\/de\/\",\"logo\":{\"@type\":\"ImageObject\",\"inLanguage\":\"de\",\"@id\":\"https:\/\/www.demosmobilia.ch\/de\/#\/schema\/logo\/image\/\",\"url\":\"https:\/\/www.demosmobilia.ch\/wp-content\/uploads\/2020\/07\/demosmobilia-logo-2020-230-160.png\",\"contentUrl\":\"https:\/\/www.demosmobilia.ch\/wp-content\/uploads\/2020\/07\/demosmobilia-logo-2020-230-160.png\",\"width\":230,\"height\":160,\"caption\":\"demosmobilia\"},\"image\":{\"@id\":\"https:\/\/www.demosmobilia.ch\/de\/#\/schema\/logo\/image\/\"},\"sameAs\":[\"https:\/\/www.facebook.com\/Demos-Mobilia-1137017453131445\/\",\"https:\/\/www.instagram.com\/demosmobilia\/\"]}]}<\/script>\n<!-- \/ Yoast SEO plugin. -->","yoast_head_json":{"title":"Seltene, technisch anspruchsvolle, ausziehbare Wandleuchte, Modell Danae &#8211; demosmobilia","robots":{"index":"index","follow":"follow","max-snippet":"max-snippet:-1","max-image-preview":"max-image-preview:large","max-video-preview":"max-video-preview:-1"},"canonical":"https:\/\/www.demosmobilia.ch\/de\/product\/seltene-technisch-anspruchsvolle-ausziehbare-wandleuchte-modell-danae\/","og_locale":"de_DE","og_type":"article","og_title":"Seltene, technisch anspruchsvolle, ausziehbare Wandleuchte, Modell Danae &#8211; demosmobilia","og_description":"Tito Agnoli (1931\u20112012) war ein renommierter italienischer Designer und Architekt, eine zentrale Pers\u00f6nlichkeit des Mid-Century Modern Designs, bekannt f\u00fcr seine Leuchten und M\u00f6bel, die Eleganz, Funktionalit\u00e4t und minimalistisches Design vereinen. Geboren in Lima in einer italienischen Familie, studierte Agnoli Malerei und sp\u00e4ter Architektur am Politecnico di Milano. Er arbeitete mit zahlreichen f\u00fchrenden italienischen Marken zusammen und hinterlie\u00df ein dauerhaftes Erbe im Bereich des industriellen und hochwertigen Leuchtendesigns. Eine besonders bedeutende Phase seiner Karriere war die Zusammenarbeit mit Oluce, dem historischen italienischen Beleuchtungsunternehmen, das 1945 gegr\u00fcndet wurde. Gemeinsam entwarfen sie Lampen, die zu Ikonen des italienischen Designs wurden und bei Sammlern und Designliebhabern weltweit hoch gesch\u00e4tztRead More &rarr;","og_url":"https:\/\/www.demosmobilia.ch\/de\/product\/seltene-technisch-anspruchsvolle-ausziehbare-wandleuchte-modell-danae\/","og_site_name":"demosmobilia","article_publisher":"https:\/\/www.facebook.com\/Demos-Mobilia-1137017453131445\/","article_modified_time":"2026-03-14T14:27:30+00:00","og_image":[{"width":1200,"height":900,"url":"https:\/\/www.demosmobilia.ch\/wp-content\/uploads\/2025\/04\/oluce-tito-agnoli-danae-wall-lamp-1970-01A.jpg","type":"image\/jpeg"}],"twitter_card":"summary_large_image","twitter_misc":{"Gesch\u00e4tzte Lesezeit":"1\u00a0Minute"},"schema":{"@context":"https:\/\/schema.org","@graph":[{"@type":"WebPage","@id":"https:\/\/www.demosmobilia.ch\/de\/product\/seltene-technisch-anspruchsvolle-ausziehbare-wandleuchte-modell-danae\/","url":"https:\/\/www.demosmobilia.ch\/de\/product\/seltene-technisch-anspruchsvolle-ausziehbare-wandleuchte-modell-danae\/","name":"Seltene, technisch anspruchsvolle, ausziehbare Wandleuchte, Modell Danae &#8211; demosmobilia","isPartOf":{"@id":"https:\/\/www.demosmobilia.ch\/de\/#website"},"primaryImageOfPage":{"@id":"https:\/\/www.demosmobilia.ch\/de\/product\/seltene-technisch-anspruchsvolle-ausziehbare-wandleuchte-modell-danae\/#primaryimage"},"image":{"@id":"https:\/\/www.demosmobilia.ch\/de\/product\/seltene-technisch-anspruchsvolle-ausziehbare-wandleuchte-modell-danae\/#primaryimage"},"thumbnailUrl":"https:\/\/www.demosmobilia.ch\/wp-content\/uploads\/2025\/04\/oluce-tito-agnoli-danae-wall-lamp-1970-01A.jpg","datePublished":"2025-04-09T11:10:55+00:00","dateModified":"2026-03-14T14:27:30+00:00","breadcrumb":{"@id":"https:\/\/www.demosmobilia.ch\/de\/product\/seltene-technisch-anspruchsvolle-ausziehbare-wandleuchte-modell-danae\/#breadcrumb"},"inLanguage":"de","potentialAction":[{"@type":"ReadAction","target":["https:\/\/www.demosmobilia.ch\/de\/product\/seltene-technisch-anspruchsvolle-ausziehbare-wandleuchte-modell-danae\/"]}]},{"@type":"ImageObject","inLanguage":"de","@id":"https:\/\/www.demosmobilia.ch\/de\/product\/seltene-technisch-anspruchsvolle-ausziehbare-wandleuchte-modell-danae\/#primaryimage","url":"https:\/\/www.demosmobilia.ch\/wp-content\/uploads\/2025\/04\/oluce-tito-agnoli-danae-wall-lamp-1970-01A.jpg","contentUrl":"https:\/\/www.demosmobilia.ch\/wp-content\/uploads\/2025\/04\/oluce-tito-agnoli-danae-wall-lamp-1970-01A.jpg","width":1200,"height":900},{"@type":"BreadcrumbList","@id":"https:\/\/www.demosmobilia.ch\/de\/product\/seltene-technisch-anspruchsvolle-ausziehbare-wandleuchte-modell-danae\/#breadcrumb","itemListElement":[{"@type":"ListItem","position":1,"name":"Home","item":"https:\/\/www.demosmobilia.ch\/de\/"},{"@type":"ListItem","position":2,"name":"Produkte","item":"https:\/\/www.demosmobilia.ch\/de\/shop\/"},{"@type":"ListItem","position":3,"name":"Seltene, technisch anspruchsvolle, ausziehbare Wandleuchte, Modell Danae"}]},{"@type":"WebSite","@id":"https:\/\/www.demosmobilia.ch\/de\/#website","url":"https:\/\/www.demosmobilia.ch\/de\/","name":"demosmobilia","description":"Vintage Mid Century Modern Design Furniture from the &#039;30s to the &#039;80s","publisher":{"@id":"https:\/\/www.demosmobilia.ch\/de\/#organization"},"potentialAction":[{"@type":"SearchAction","target":{"@type":"EntryPoint","urlTemplate":"https:\/\/www.demosmobilia.ch\/de\/?s={search_term_string}"},"query-input":{"@type":"PropertyValueSpecification","valueRequired":true,"valueName":"search_term_string"}}],"inLanguage":"de"},{"@type":"Organization","@id":"https:\/\/www.demosmobilia.ch\/de\/#organization","name":"demosmobilia","url":"https:\/\/www.demosmobilia.ch\/de\/","logo":{"@type":"ImageObject","inLanguage":"de","@id":"https:\/\/www.demosmobilia.ch\/de\/#\/schema\/logo\/image\/","url":"https:\/\/www.demosmobilia.ch\/wp-content\/uploads\/2020\/07\/demosmobilia-logo-2020-230-160.png","contentUrl":"https:\/\/www.demosmobilia.ch\/wp-content\/uploads\/2020\/07\/demosmobilia-logo-2020-230-160.png","width":230,"height":160,"caption":"demosmobilia"},"image":{"@id":"https:\/\/www.demosmobilia.ch\/de\/#\/schema\/logo\/image\/"},"sameAs":["https:\/\/www.facebook.com\/Demos-Mobilia-1137017453131445\/","https:\/\/www.instagram.com\/demosmobilia\/"]}]}},"_links":{"self":[{"href":"https:\/\/www.demosmobilia.ch\/de\/wp-json\/wp\/v2\/product\/81693","targetHints":{"allow":["GET"]}}],"collection":[{"href":"https:\/\/www.demosmobilia.ch\/de\/wp-json\/wp\/v2\/product"}],"about":[{"href":"https:\/\/www.demosmobilia.ch\/de\/wp-json\/wp\/v2\/types\/product"}],"wp:featuredmedia":[{"embeddable":true,"href":"https:\/\/www.demosmobilia.ch\/de\/wp-json\/wp\/v2\/media\/81632"}],"wp:attachment":[{"href":"https:\/\/www.demosmobilia.ch\/de\/wp-json\/wp\/v2\/media?parent=81693"}],"wp:term":[{"taxonomy":"product_cat","embeddable":true,"href":"https:\/\/www.demosmobilia.ch\/de\/wp-json\/wp\/v2\/product_cat?post=81693"},{"taxonomy":"product_tag","embeddable":true,"href":"https:\/\/www.demosmobilia.ch\/de\/wp-json\/wp\/v2\/product_tag?post=81693"}],"curies":[{"name":"wp","href":"https:\/\/api.w.org\/{rel}","templated":true}]}}