{"id":81180,"date":"2025-02-08T13:19:39","date_gmt":"2025-02-08T12:19:39","guid":{"rendered":"https:\/\/www.demosmobilia.ch\/product\/grosse-nautische-wandleuchter-oder-unterputzleuchten-6-stueck-erhaeltlich\/"},"modified":"2025-10-06T10:56:29","modified_gmt":"2025-10-06T08:56:29","slug":"grosse-nautische-wandleuchter-oder-unterputzleuchten-6-stueck-erhaeltlich","status":"publish","type":"product","link":"https:\/\/www.demosmobilia.ch\/de\/product\/grosse-nautische-wandleuchter-oder-unterputzleuchten-6-stueck-erhaeltlich\/","title":{"rendered":"Kleine nautische Wandleuchten oder Einbauleuchten (4 St\u00fcck verf\u00fcgbar)"},"content":{"rendered":"","protected":false},"excerpt":{"rendered":"<p>Preis f\u00fcr ein St\u00fcck<a class=\"more-link\" href=\"https:\/\/www.demosmobilia.ch\/de\/product\/grosse-nautische-wandleuchter-oder-unterputzleuchten-6-stueck-erhaeltlich\/\">Read More &rarr;<\/a><\/p>\n","protected":false},"featured_media":81156,"template":"","meta":{"_monsterinsights_skip_tracking":false,"_monsterinsights_sitenote_active":false,"_monsterinsights_sitenote_note":"","_monsterinsights_sitenote_category":0,"kk_blocks_editor_width":"","_kiokenblocks_attr":"","_kiokenblocks_dimensions":""},"product_cat":[4125,4126],"product_tag":[],"class_list":{"0":"entry","1":"author-demosmobilia","2":"has-excerpt","3":"post-81180","4":"product","5":"type-product","6":"status-publish","7":"has-post-thumbnail","8":"product_production-italian-production","9":"product_year-1970-approx","10":"product_nation-italien-de","11":"product_cat-kronleuchtern-deckleuchten-und-spots","12":"product_cat-wandleuchten","13":"pa_product_dimension-22-x-10-5-x-ht-10-cm-de","14":"pa_product_material-messing-glas-de","16":"first","17":"instock","18":"shipping-taxable","19":"purchasable","20":"product-type-simple"},"yoast_head":"<!-- This site is optimized with the Yoast SEO plugin v24.0 - https:\/\/yoast.com\/wordpress\/plugins\/seo\/ -->\n<title>Kleine nautische Wandleuchten oder Einbauleuchten (4 St\u00fcck verf\u00fcgbar) &#8211; demosmobilia<\/title>\n<meta name=\"robots\" content=\"index, follow, max-snippet:-1, max-image-preview:large, max-video-preview:-1\" \/>\n<link rel=\"canonical\" href=\"https:\/\/www.demosmobilia.ch\/de\/product\/grosse-nautische-wandleuchter-oder-unterputzleuchten-6-stueck-erhaeltlich\/\" \/>\n<meta property=\"og:locale\" content=\"de_DE\" \/>\n<meta property=\"og:type\" content=\"article\" \/>\n<meta property=\"og:title\" content=\"Kleine nautische Wandleuchten oder Einbauleuchten (4 St\u00fcck verf\u00fcgbar) &#8211; demosmobilia\" \/>\n<meta property=\"og:description\" content=\"Preis f\u00fcr ein St\u00fcckRead More &rarr;\" \/>\n<meta property=\"og:url\" content=\"https:\/\/www.demosmobilia.ch\/de\/product\/grosse-nautische-wandleuchter-oder-unterputzleuchten-6-stueck-erhaeltlich\/\" \/>\n<meta property=\"og:site_name\" content=\"demosmobilia\" \/>\n<meta property=\"article:publisher\" content=\"https:\/\/www.facebook.com\/Demos-Mobilia-1137017453131445\/\" \/>\n<meta property=\"article:modified_time\" content=\"2025-10-06T08:56:29+00:00\" \/>\n<meta property=\"og:image\" content=\"https:\/\/www.demosmobilia.ch\/wp-content\/uploads\/2025\/02\/boath-sconces-lights-brass-1970-01A.jpg\" \/>\n\t<meta property=\"og:image:width\" content=\"1200\" \/>\n\t<meta property=\"og:image:height\" content=\"900\" \/>\n\t<meta property=\"og:image:type\" content=\"image\/jpeg\" \/>\n<meta name=\"twitter:card\" content=\"summary_large_image\" \/>\n<script type=\"application\/ld+json\" class=\"yoast-schema-graph\">{\"@context\":\"https:\/\/schema.org\",\"@graph\":[{\"@type\":\"WebPage\",\"@id\":\"https:\/\/www.demosmobilia.ch\/de\/product\/grosse-nautische-wandleuchter-oder-unterputzleuchten-6-stueck-erhaeltlich\/\",\"url\":\"https:\/\/www.demosmobilia.ch\/de\/product\/grosse-nautische-wandleuchter-oder-unterputzleuchten-6-stueck-erhaeltlich\/\",\"name\":\"Kleine nautische Wandleuchten oder Einbauleuchten (4 St\u00fcck verf\u00fcgbar) &#8211; demosmobilia\",\"isPartOf\":{\"@id\":\"https:\/\/www.demosmobilia.ch\/de\/#website\"},\"primaryImageOfPage\":{\"@id\":\"https:\/\/www.demosmobilia.ch\/de\/product\/grosse-nautische-wandleuchter-oder-unterputzleuchten-6-stueck-erhaeltlich\/#primaryimage\"},\"image\":{\"@id\":\"https:\/\/www.demosmobilia.ch\/de\/product\/grosse-nautische-wandleuchter-oder-unterputzleuchten-6-stueck-erhaeltlich\/#primaryimage\"},\"thumbnailUrl\":\"https:\/\/www.demosmobilia.ch\/wp-content\/uploads\/2025\/02\/boath-sconces-lights-brass-1970-01A.jpg\",\"datePublished\":\"2025-02-08T12:19:39+00:00\",\"dateModified\":\"2025-10-06T08:56:29+00:00\",\"breadcrumb\":{\"@id\":\"https:\/\/www.demosmobilia.ch\/de\/product\/grosse-nautische-wandleuchter-oder-unterputzleuchten-6-stueck-erhaeltlich\/#breadcrumb\"},\"inLanguage\":\"de\",\"potentialAction\":[{\"@type\":\"ReadAction\",\"target\":[\"https:\/\/www.demosmobilia.ch\/de\/product\/grosse-nautische-wandleuchter-oder-unterputzleuchten-6-stueck-erhaeltlich\/\"]}]},{\"@type\":\"ImageObject\",\"inLanguage\":\"de\",\"@id\":\"https:\/\/www.demosmobilia.ch\/de\/product\/grosse-nautische-wandleuchter-oder-unterputzleuchten-6-stueck-erhaeltlich\/#primaryimage\",\"url\":\"https:\/\/www.demosmobilia.ch\/wp-content\/uploads\/2025\/02\/boath-sconces-lights-brass-1970-01A.jpg\",\"contentUrl\":\"https:\/\/www.demosmobilia.ch\/wp-content\/uploads\/2025\/02\/boath-sconces-lights-brass-1970-01A.jpg\",\"width\":1200,\"height\":900},{\"@type\":\"BreadcrumbList\",\"@id\":\"https:\/\/www.demosmobilia.ch\/de\/product\/grosse-nautische-wandleuchter-oder-unterputzleuchten-6-stueck-erhaeltlich\/#breadcrumb\",\"itemListElement\":[{\"@type\":\"ListItem\",\"position\":1,\"name\":\"Home\",\"item\":\"https:\/\/www.demosmobilia.ch\/de\/\"},{\"@type\":\"ListItem\",\"position\":2,\"name\":\"Produkte\",\"item\":\"https:\/\/www.demosmobilia.ch\/de\/shop\/\"},{\"@type\":\"ListItem\",\"position\":3,\"name\":\"Kleine nautische Wandleuchten oder Einbauleuchten (4 St\u00fcck verf\u00fcgbar)\"}]},{\"@type\":\"WebSite\",\"@id\":\"https:\/\/www.demosmobilia.ch\/de\/#website\",\"url\":\"https:\/\/www.demosmobilia.ch\/de\/\",\"name\":\"demosmobilia\",\"description\":\"Vintage Mid Century Modern Design Furniture from the &#039;30s to the &#039;80s\",\"publisher\":{\"@id\":\"https:\/\/www.demosmobilia.ch\/de\/#organization\"},\"potentialAction\":[{\"@type\":\"SearchAction\",\"target\":{\"@type\":\"EntryPoint\",\"urlTemplate\":\"https:\/\/www.demosmobilia.ch\/de\/?s={search_term_string}\"},\"query-input\":{\"@type\":\"PropertyValueSpecification\",\"valueRequired\":true,\"valueName\":\"search_term_string\"}}],\"inLanguage\":\"de\"},{\"@type\":\"Organization\",\"@id\":\"https:\/\/www.demosmobilia.ch\/de\/#organization\",\"name\":\"demosmobilia\",\"url\":\"https:\/\/www.demosmobilia.ch\/de\/\",\"logo\":{\"@type\":\"ImageObject\",\"inLanguage\":\"de\",\"@id\":\"https:\/\/www.demosmobilia.ch\/de\/#\/schema\/logo\/image\/\",\"url\":\"https:\/\/www.demosmobilia.ch\/wp-content\/uploads\/2020\/07\/demosmobilia-logo-2020-230-160.png\",\"contentUrl\":\"https:\/\/www.demosmobilia.ch\/wp-content\/uploads\/2020\/07\/demosmobilia-logo-2020-230-160.png\",\"width\":230,\"height\":160,\"caption\":\"demosmobilia\"},\"image\":{\"@id\":\"https:\/\/www.demosmobilia.ch\/de\/#\/schema\/logo\/image\/\"},\"sameAs\":[\"https:\/\/www.facebook.com\/Demos-Mobilia-1137017453131445\/\",\"https:\/\/www.instagram.com\/demosmobilia\/\"]}]}<\/script>\n<!-- \/ Yoast SEO plugin. -->","yoast_head_json":{"title":"Kleine nautische Wandleuchten oder Einbauleuchten (4 St\u00fcck verf\u00fcgbar) &#8211; demosmobilia","robots":{"index":"index","follow":"follow","max-snippet":"max-snippet:-1","max-image-preview":"max-image-preview:large","max-video-preview":"max-video-preview:-1"},"canonical":"https:\/\/www.demosmobilia.ch\/de\/product\/grosse-nautische-wandleuchter-oder-unterputzleuchten-6-stueck-erhaeltlich\/","og_locale":"de_DE","og_type":"article","og_title":"Kleine nautische Wandleuchten oder Einbauleuchten (4 St\u00fcck verf\u00fcgbar) &#8211; demosmobilia","og_description":"Preis f\u00fcr ein St\u00fcckRead More &rarr;","og_url":"https:\/\/www.demosmobilia.ch\/de\/product\/grosse-nautische-wandleuchter-oder-unterputzleuchten-6-stueck-erhaeltlich\/","og_site_name":"demosmobilia","article_publisher":"https:\/\/www.facebook.com\/Demos-Mobilia-1137017453131445\/","article_modified_time":"2025-10-06T08:56:29+00:00","og_image":[{"width":1200,"height":900,"url":"https:\/\/www.demosmobilia.ch\/wp-content\/uploads\/2025\/02\/boath-sconces-lights-brass-1970-01A.jpg","type":"image\/jpeg"}],"twitter_card":"summary_large_image","schema":{"@context":"https:\/\/schema.org","@graph":[{"@type":"WebPage","@id":"https:\/\/www.demosmobilia.ch\/de\/product\/grosse-nautische-wandleuchter-oder-unterputzleuchten-6-stueck-erhaeltlich\/","url":"https:\/\/www.demosmobilia.ch\/de\/product\/grosse-nautische-wandleuchter-oder-unterputzleuchten-6-stueck-erhaeltlich\/","name":"Kleine nautische Wandleuchten oder Einbauleuchten (4 St\u00fcck verf\u00fcgbar) &#8211; demosmobilia","isPartOf":{"@id":"https:\/\/www.demosmobilia.ch\/de\/#website"},"primaryImageOfPage":{"@id":"https:\/\/www.demosmobilia.ch\/de\/product\/grosse-nautische-wandleuchter-oder-unterputzleuchten-6-stueck-erhaeltlich\/#primaryimage"},"image":{"@id":"https:\/\/www.demosmobilia.ch\/de\/product\/grosse-nautische-wandleuchter-oder-unterputzleuchten-6-stueck-erhaeltlich\/#primaryimage"},"thumbnailUrl":"https:\/\/www.demosmobilia.ch\/wp-content\/uploads\/2025\/02\/boath-sconces-lights-brass-1970-01A.jpg","datePublished":"2025-02-08T12:19:39+00:00","dateModified":"2025-10-06T08:56:29+00:00","breadcrumb":{"@id":"https:\/\/www.demosmobilia.ch\/de\/product\/grosse-nautische-wandleuchter-oder-unterputzleuchten-6-stueck-erhaeltlich\/#breadcrumb"},"inLanguage":"de","potentialAction":[{"@type":"ReadAction","target":["https:\/\/www.demosmobilia.ch\/de\/product\/grosse-nautische-wandleuchter-oder-unterputzleuchten-6-stueck-erhaeltlich\/"]}]},{"@type":"ImageObject","inLanguage":"de","@id":"https:\/\/www.demosmobilia.ch\/de\/product\/grosse-nautische-wandleuchter-oder-unterputzleuchten-6-stueck-erhaeltlich\/#primaryimage","url":"https:\/\/www.demosmobilia.ch\/wp-content\/uploads\/2025\/02\/boath-sconces-lights-brass-1970-01A.jpg","contentUrl":"https:\/\/www.demosmobilia.ch\/wp-content\/uploads\/2025\/02\/boath-sconces-lights-brass-1970-01A.jpg","width":1200,"height":900},{"@type":"BreadcrumbList","@id":"https:\/\/www.demosmobilia.ch\/de\/product\/grosse-nautische-wandleuchter-oder-unterputzleuchten-6-stueck-erhaeltlich\/#breadcrumb","itemListElement":[{"@type":"ListItem","position":1,"name":"Home","item":"https:\/\/www.demosmobilia.ch\/de\/"},{"@type":"ListItem","position":2,"name":"Produkte","item":"https:\/\/www.demosmobilia.ch\/de\/shop\/"},{"@type":"ListItem","position":3,"name":"Kleine nautische Wandleuchten oder Einbauleuchten (4 St\u00fcck verf\u00fcgbar)"}]},{"@type":"WebSite","@id":"https:\/\/www.demosmobilia.ch\/de\/#website","url":"https:\/\/www.demosmobilia.ch\/de\/","name":"demosmobilia","description":"Vintage Mid Century Modern Design Furniture from the &#039;30s to the &#039;80s","publisher":{"@id":"https:\/\/www.demosmobilia.ch\/de\/#organization"},"potentialAction":[{"@type":"SearchAction","target":{"@type":"EntryPoint","urlTemplate":"https:\/\/www.demosmobilia.ch\/de\/?s={search_term_string}"},"query-input":{"@type":"PropertyValueSpecification","valueRequired":true,"valueName":"search_term_string"}}],"inLanguage":"de"},{"@type":"Organization","@id":"https:\/\/www.demosmobilia.ch\/de\/#organization","name":"demosmobilia","url":"https:\/\/www.demosmobilia.ch\/de\/","logo":{"@type":"ImageObject","inLanguage":"de","@id":"https:\/\/www.demosmobilia.ch\/de\/#\/schema\/logo\/image\/","url":"https:\/\/www.demosmobilia.ch\/wp-content\/uploads\/2020\/07\/demosmobilia-logo-2020-230-160.png","contentUrl":"https:\/\/www.demosmobilia.ch\/wp-content\/uploads\/2020\/07\/demosmobilia-logo-2020-230-160.png","width":230,"height":160,"caption":"demosmobilia"},"image":{"@id":"https:\/\/www.demosmobilia.ch\/de\/#\/schema\/logo\/image\/"},"sameAs":["https:\/\/www.facebook.com\/Demos-Mobilia-1137017453131445\/","https:\/\/www.instagram.com\/demosmobilia\/"]}]}},"_links":{"self":[{"href":"https:\/\/www.demosmobilia.ch\/de\/wp-json\/wp\/v2\/product\/81180","targetHints":{"allow":["GET"]}}],"collection":[{"href":"https:\/\/www.demosmobilia.ch\/de\/wp-json\/wp\/v2\/product"}],"about":[{"href":"https:\/\/www.demosmobilia.ch\/de\/wp-json\/wp\/v2\/types\/product"}],"wp:featuredmedia":[{"embeddable":true,"href":"https:\/\/www.demosmobilia.ch\/de\/wp-json\/wp\/v2\/media\/81156"}],"wp:attachment":[{"href":"https:\/\/www.demosmobilia.ch\/de\/wp-json\/wp\/v2\/media?parent=81180"}],"wp:term":[{"taxonomy":"product_cat","embeddable":true,"href":"https:\/\/www.demosmobilia.ch\/de\/wp-json\/wp\/v2\/product_cat?post=81180"},{"taxonomy":"product_tag","embeddable":true,"href":"https:\/\/www.demosmobilia.ch\/de\/wp-json\/wp\/v2\/product_tag?post=81180"}],"curies":[{"name":"wp","href":"https:\/\/api.w.org\/{rel}","templated":true}]}}