{"id":80880,"date":"2026-03-23T08:40:40","date_gmt":"2026-03-23T07:40:40","guid":{"rendered":"https:\/\/www.demosmobilia.ch\/product\/cone-flush-mount-deckenleuchte\/"},"modified":"2026-03-14T15:46:52","modified_gmt":"2026-03-14T14:46:52","slug":"cone-flush-mount-deckenleuchte","status":"publish","type":"product","link":"https:\/\/www.demosmobilia.ch\/de\/product\/cone-flush-mount-deckenleuchte\/","title":{"rendered":"Cone Flush Mount Deckenleuchte"},"content":{"rendered":"<p data-start=\"112\" data-end=\"460\">Stilux Milano war ein f\u00fchrendes italienisches Designbeleuchtungsunternehmen, gegr\u00fcndet 1946 in Mailand w\u00e4hrend des industriellen und kulturellen Wiederaufbaus nach dem Zweiten Weltkrieg. Bekannt f\u00fcr seine modernen, hochwertigen Lampen, pr\u00e4gte Stilux ma\u00dfgeblich die Mid-Century-Design-\u00c4sthetik Italiens und produzierte insbesondere in den 1950er und 1960er Jahren ikonische Modelle. <\/p>\n<p data-start=\"462\" data-end=\"826\">Das Unternehmen wurde kurz nach dem Zweiten Weltkrieg von Bruno Gatta (1904\u20131976) gegr\u00fcndet, einem einflussreichen Unternehmer im Bereich Beleuchtungsdesign, der Lampen f\u00fcr private und industrielle Nutzung im Herzen Mailands entwickelte \u2013 einem damals zentralen europ\u00e4ischen Designstandort. Sp\u00e4ter war Gatta Mitgr\u00fcnder des legend\u00e4ren italienischen Unternehmens Stilnovo, das zu einem Meilenstein in der italienischen Designgeschichte wurde. <\/p>\n<p data-start=\"828\" data-end=\"1119\">W\u00e4hrend seiner aktiven Zeit zeichnete sich Stilux durch innovative Tischlampen, Stehleuchten und Kronleuchter aus, mit klaren Linien, geometrischen Formen und Materialien wie Messing, Opalglas, Plexiglas und lackiertem Metall, die den Lampen eine unverwechselbare modernistische \u00c4sthetik verliehen.<\/p>\n<p data-start=\"1121\" data-end=\"1380\">Viele Stilux Milano-Modelle sind heute bei Sammlern von Vintage-Design sehr begehrt und werden auf internationalen Auktionen und in Galerien angeboten. Dies best\u00e4tigt das Erbe des Unternehmens als Symbol f\u00fcr Qualit\u00e4t, Eleganz und Innovation im italienischen Beleuchtungsdesign des 20. Jahrhunderts.<\/p>\n<p data-start=\"1382\" data-end=\"1617\">Obwohl das urspr\u00fcngliche Unternehmen nicht mehr aktiv ist, bleiben Stilux-Lampen aufgrund ihrer zeitlosen \u00c4sthetik und der perfekten Verbindung von Form und Funktion sehr gefragt, wodurch Stilux einen festen Platz in der Geschichte des italienischen Designleuchtens einnimmt.<\/p>\n","protected":false},"excerpt":{"rendered":"<p>Stilux Milano war ein f\u00fchrendes italienisches Designbeleuchtungsunternehmen, gegr\u00fcndet 1946 in Mailand w\u00e4hrend des industriellen und kulturellen Wiederaufbaus nach dem Zweiten Weltkrieg. Bekannt f\u00fcr seine modernen, hochwertigen Lampen, pr\u00e4gte Stilux ma\u00dfgeblich die Mid-Century-Design-\u00c4sthetik Italiens und produzierte insbesondere in den 1950er und 1960er Jahren ikonische Modelle. Das Unternehmen wurde kurz nach dem Zweiten Weltkrieg von Bruno Gatta (1904\u20131976) gegr\u00fcndet, einem einflussreichen Unternehmer im Bereich Beleuchtungsdesign, der Lampen f\u00fcr private und industrielle Nutzung im Herzen Mailands entwickelte \u2013 einem damals zentralen europ\u00e4ischen Designstandort. Sp\u00e4ter war Gatta Mitgr\u00fcnder des legend\u00e4ren italienischen Unternehmens Stilnovo, das zu einem Meilenstein in der italienischen Designgeschichte wurde. W\u00e4hrend seiner aktiven Zeit zeichnete sich Stilux<a class=\"more-link\" href=\"https:\/\/www.demosmobilia.ch\/de\/product\/cone-flush-mount-deckenleuchte\/\">Read More &rarr;<\/a><\/p>\n","protected":false},"featured_media":80852,"template":"","meta":{"_monsterinsights_skip_tracking":false,"_monsterinsights_sitenote_active":false,"_monsterinsights_sitenote_note":"","_monsterinsights_sitenote_category":0,"kk_blocks_editor_width":"","_kiokenblocks_attr":"","_kiokenblocks_dimensions":""},"product_cat":[4125],"product_tag":[],"class_list":{"0":"entry","1":"author-demosmobilia","2":"post-80880","3":"product","4":"type-product","5":"status-publish","6":"has-post-thumbnail","7":"product_production-stilux","8":"product_year-1950-approx","9":"product_nation-italien-de","10":"product_cat-kronleuchtern-deckleuchten-und-spots","11":"pa_product_dimension-dia-67-x-ht-30-cm-de","12":"pa_product_material-messing-metall-plexiglas","14":"first","15":"outofstock","16":"shipping-taxable","17":"purchasable","18":"product-type-simple"},"yoast_head":"<!-- This site is optimized with the Yoast SEO plugin v24.0 - https:\/\/yoast.com\/wordpress\/plugins\/seo\/ -->\n<title>Cone Flush Mount Deckenleuchte &#8211; demosmobilia<\/title>\n<meta name=\"robots\" content=\"index, follow, max-snippet:-1, max-image-preview:large, max-video-preview:-1\" \/>\n<link rel=\"canonical\" href=\"https:\/\/www.demosmobilia.ch\/de\/product\/cone-flush-mount-deckenleuchte\/\" \/>\n<meta property=\"og:locale\" content=\"de_DE\" \/>\n<meta property=\"og:type\" content=\"article\" \/>\n<meta property=\"og:title\" content=\"Cone Flush Mount Deckenleuchte &#8211; demosmobilia\" \/>\n<meta property=\"og:description\" content=\"Stilux Milano war ein f\u00fchrendes italienisches Designbeleuchtungsunternehmen, gegr\u00fcndet 1946 in Mailand w\u00e4hrend des industriellen und kulturellen Wiederaufbaus nach dem Zweiten Weltkrieg. Bekannt f\u00fcr seine modernen, hochwertigen Lampen, pr\u00e4gte Stilux ma\u00dfgeblich die Mid-Century-Design-\u00c4sthetik Italiens und produzierte insbesondere in den 1950er und 1960er Jahren ikonische Modelle. Das Unternehmen wurde kurz nach dem Zweiten Weltkrieg von Bruno Gatta (1904\u20131976) gegr\u00fcndet, einem einflussreichen Unternehmer im Bereich Beleuchtungsdesign, der Lampen f\u00fcr private und industrielle Nutzung im Herzen Mailands entwickelte \u2013 einem damals zentralen europ\u00e4ischen Designstandort. Sp\u00e4ter war Gatta Mitgr\u00fcnder des legend\u00e4ren italienischen Unternehmens Stilnovo, das zu einem Meilenstein in der italienischen Designgeschichte wurde. W\u00e4hrend seiner aktiven Zeit zeichnete sich StiluxRead More &rarr;\" \/>\n<meta property=\"og:url\" content=\"https:\/\/www.demosmobilia.ch\/de\/product\/cone-flush-mount-deckenleuchte\/\" \/>\n<meta property=\"og:site_name\" content=\"demosmobilia\" \/>\n<meta property=\"article:publisher\" content=\"https:\/\/www.facebook.com\/Demos-Mobilia-1137017453131445\/\" \/>\n<meta property=\"article:modified_time\" content=\"2026-03-14T14:46:52+00:00\" \/>\n<meta property=\"og:image\" content=\"https:\/\/www.demosmobilia.ch\/wp-content\/uploads\/2025\/02\/arredoluce-angelo-lelii-stilux-flush-mount-ceiling-1950-italian-design-01.jpg\" \/>\n\t<meta property=\"og:image:width\" content=\"1200\" \/>\n\t<meta property=\"og:image:height\" content=\"900\" \/>\n\t<meta property=\"og:image:type\" content=\"image\/jpeg\" \/>\n<meta name=\"twitter:card\" content=\"summary_large_image\" \/>\n<meta name=\"twitter:label1\" content=\"Gesch\u00e4tzte Lesezeit\" \/>\n\t<meta name=\"twitter:data1\" content=\"1\u00a0Minute\" \/>\n<script type=\"application\/ld+json\" class=\"yoast-schema-graph\">{\"@context\":\"https:\/\/schema.org\",\"@graph\":[{\"@type\":\"WebPage\",\"@id\":\"https:\/\/www.demosmobilia.ch\/de\/product\/cone-flush-mount-deckenleuchte\/\",\"url\":\"https:\/\/www.demosmobilia.ch\/de\/product\/cone-flush-mount-deckenleuchte\/\",\"name\":\"Cone Flush Mount Deckenleuchte &#8211; demosmobilia\",\"isPartOf\":{\"@id\":\"https:\/\/www.demosmobilia.ch\/de\/#website\"},\"primaryImageOfPage\":{\"@id\":\"https:\/\/www.demosmobilia.ch\/de\/product\/cone-flush-mount-deckenleuchte\/#primaryimage\"},\"image\":{\"@id\":\"https:\/\/www.demosmobilia.ch\/de\/product\/cone-flush-mount-deckenleuchte\/#primaryimage\"},\"thumbnailUrl\":\"https:\/\/www.demosmobilia.ch\/wp-content\/uploads\/2025\/02\/arredoluce-angelo-lelii-stilux-flush-mount-ceiling-1950-italian-design-01.jpg\",\"datePublished\":\"2026-03-23T07:40:40+00:00\",\"dateModified\":\"2026-03-14T14:46:52+00:00\",\"breadcrumb\":{\"@id\":\"https:\/\/www.demosmobilia.ch\/de\/product\/cone-flush-mount-deckenleuchte\/#breadcrumb\"},\"inLanguage\":\"de\",\"potentialAction\":[{\"@type\":\"ReadAction\",\"target\":[\"https:\/\/www.demosmobilia.ch\/de\/product\/cone-flush-mount-deckenleuchte\/\"]}]},{\"@type\":\"ImageObject\",\"inLanguage\":\"de\",\"@id\":\"https:\/\/www.demosmobilia.ch\/de\/product\/cone-flush-mount-deckenleuchte\/#primaryimage\",\"url\":\"https:\/\/www.demosmobilia.ch\/wp-content\/uploads\/2025\/02\/arredoluce-angelo-lelii-stilux-flush-mount-ceiling-1950-italian-design-01.jpg\",\"contentUrl\":\"https:\/\/www.demosmobilia.ch\/wp-content\/uploads\/2025\/02\/arredoluce-angelo-lelii-stilux-flush-mount-ceiling-1950-italian-design-01.jpg\",\"width\":1200,\"height\":900},{\"@type\":\"BreadcrumbList\",\"@id\":\"https:\/\/www.demosmobilia.ch\/de\/product\/cone-flush-mount-deckenleuchte\/#breadcrumb\",\"itemListElement\":[{\"@type\":\"ListItem\",\"position\":1,\"name\":\"Home\",\"item\":\"https:\/\/www.demosmobilia.ch\/de\/\"},{\"@type\":\"ListItem\",\"position\":2,\"name\":\"Produkte\",\"item\":\"https:\/\/www.demosmobilia.ch\/de\/shop\/\"},{\"@type\":\"ListItem\",\"position\":3,\"name\":\"Cone Flush Mount Deckenleuchte\"}]},{\"@type\":\"WebSite\",\"@id\":\"https:\/\/www.demosmobilia.ch\/de\/#website\",\"url\":\"https:\/\/www.demosmobilia.ch\/de\/\",\"name\":\"demosmobilia\",\"description\":\"Vintage Mid Century Modern Design Furniture from the &#039;30s to the &#039;80s\",\"publisher\":{\"@id\":\"https:\/\/www.demosmobilia.ch\/de\/#organization\"},\"potentialAction\":[{\"@type\":\"SearchAction\",\"target\":{\"@type\":\"EntryPoint\",\"urlTemplate\":\"https:\/\/www.demosmobilia.ch\/de\/?s={search_term_string}\"},\"query-input\":{\"@type\":\"PropertyValueSpecification\",\"valueRequired\":true,\"valueName\":\"search_term_string\"}}],\"inLanguage\":\"de\"},{\"@type\":\"Organization\",\"@id\":\"https:\/\/www.demosmobilia.ch\/de\/#organization\",\"name\":\"demosmobilia\",\"url\":\"https:\/\/www.demosmobilia.ch\/de\/\",\"logo\":{\"@type\":\"ImageObject\",\"inLanguage\":\"de\",\"@id\":\"https:\/\/www.demosmobilia.ch\/de\/#\/schema\/logo\/image\/\",\"url\":\"https:\/\/www.demosmobilia.ch\/wp-content\/uploads\/2020\/07\/demosmobilia-logo-2020-230-160.png\",\"contentUrl\":\"https:\/\/www.demosmobilia.ch\/wp-content\/uploads\/2020\/07\/demosmobilia-logo-2020-230-160.png\",\"width\":230,\"height\":160,\"caption\":\"demosmobilia\"},\"image\":{\"@id\":\"https:\/\/www.demosmobilia.ch\/de\/#\/schema\/logo\/image\/\"},\"sameAs\":[\"https:\/\/www.facebook.com\/Demos-Mobilia-1137017453131445\/\",\"https:\/\/www.instagram.com\/demosmobilia\/\"]}]}<\/script>\n<!-- \/ Yoast SEO plugin. -->","yoast_head_json":{"title":"Cone Flush Mount Deckenleuchte &#8211; demosmobilia","robots":{"index":"index","follow":"follow","max-snippet":"max-snippet:-1","max-image-preview":"max-image-preview:large","max-video-preview":"max-video-preview:-1"},"canonical":"https:\/\/www.demosmobilia.ch\/de\/product\/cone-flush-mount-deckenleuchte\/","og_locale":"de_DE","og_type":"article","og_title":"Cone Flush Mount Deckenleuchte &#8211; demosmobilia","og_description":"Stilux Milano war ein f\u00fchrendes italienisches Designbeleuchtungsunternehmen, gegr\u00fcndet 1946 in Mailand w\u00e4hrend des industriellen und kulturellen Wiederaufbaus nach dem Zweiten Weltkrieg. Bekannt f\u00fcr seine modernen, hochwertigen Lampen, pr\u00e4gte Stilux ma\u00dfgeblich die Mid-Century-Design-\u00c4sthetik Italiens und produzierte insbesondere in den 1950er und 1960er Jahren ikonische Modelle. Das Unternehmen wurde kurz nach dem Zweiten Weltkrieg von Bruno Gatta (1904\u20131976) gegr\u00fcndet, einem einflussreichen Unternehmer im Bereich Beleuchtungsdesign, der Lampen f\u00fcr private und industrielle Nutzung im Herzen Mailands entwickelte \u2013 einem damals zentralen europ\u00e4ischen Designstandort. Sp\u00e4ter war Gatta Mitgr\u00fcnder des legend\u00e4ren italienischen Unternehmens Stilnovo, das zu einem Meilenstein in der italienischen Designgeschichte wurde. W\u00e4hrend seiner aktiven Zeit zeichnete sich StiluxRead More &rarr;","og_url":"https:\/\/www.demosmobilia.ch\/de\/product\/cone-flush-mount-deckenleuchte\/","og_site_name":"demosmobilia","article_publisher":"https:\/\/www.facebook.com\/Demos-Mobilia-1137017453131445\/","article_modified_time":"2026-03-14T14:46:52+00:00","og_image":[{"width":1200,"height":900,"url":"https:\/\/www.demosmobilia.ch\/wp-content\/uploads\/2025\/02\/arredoluce-angelo-lelii-stilux-flush-mount-ceiling-1950-italian-design-01.jpg","type":"image\/jpeg"}],"twitter_card":"summary_large_image","twitter_misc":{"Gesch\u00e4tzte Lesezeit":"1\u00a0Minute"},"schema":{"@context":"https:\/\/schema.org","@graph":[{"@type":"WebPage","@id":"https:\/\/www.demosmobilia.ch\/de\/product\/cone-flush-mount-deckenleuchte\/","url":"https:\/\/www.demosmobilia.ch\/de\/product\/cone-flush-mount-deckenleuchte\/","name":"Cone Flush Mount Deckenleuchte &#8211; demosmobilia","isPartOf":{"@id":"https:\/\/www.demosmobilia.ch\/de\/#website"},"primaryImageOfPage":{"@id":"https:\/\/www.demosmobilia.ch\/de\/product\/cone-flush-mount-deckenleuchte\/#primaryimage"},"image":{"@id":"https:\/\/www.demosmobilia.ch\/de\/product\/cone-flush-mount-deckenleuchte\/#primaryimage"},"thumbnailUrl":"https:\/\/www.demosmobilia.ch\/wp-content\/uploads\/2025\/02\/arredoluce-angelo-lelii-stilux-flush-mount-ceiling-1950-italian-design-01.jpg","datePublished":"2026-03-23T07:40:40+00:00","dateModified":"2026-03-14T14:46:52+00:00","breadcrumb":{"@id":"https:\/\/www.demosmobilia.ch\/de\/product\/cone-flush-mount-deckenleuchte\/#breadcrumb"},"inLanguage":"de","potentialAction":[{"@type":"ReadAction","target":["https:\/\/www.demosmobilia.ch\/de\/product\/cone-flush-mount-deckenleuchte\/"]}]},{"@type":"ImageObject","inLanguage":"de","@id":"https:\/\/www.demosmobilia.ch\/de\/product\/cone-flush-mount-deckenleuchte\/#primaryimage","url":"https:\/\/www.demosmobilia.ch\/wp-content\/uploads\/2025\/02\/arredoluce-angelo-lelii-stilux-flush-mount-ceiling-1950-italian-design-01.jpg","contentUrl":"https:\/\/www.demosmobilia.ch\/wp-content\/uploads\/2025\/02\/arredoluce-angelo-lelii-stilux-flush-mount-ceiling-1950-italian-design-01.jpg","width":1200,"height":900},{"@type":"BreadcrumbList","@id":"https:\/\/www.demosmobilia.ch\/de\/product\/cone-flush-mount-deckenleuchte\/#breadcrumb","itemListElement":[{"@type":"ListItem","position":1,"name":"Home","item":"https:\/\/www.demosmobilia.ch\/de\/"},{"@type":"ListItem","position":2,"name":"Produkte","item":"https:\/\/www.demosmobilia.ch\/de\/shop\/"},{"@type":"ListItem","position":3,"name":"Cone Flush Mount Deckenleuchte"}]},{"@type":"WebSite","@id":"https:\/\/www.demosmobilia.ch\/de\/#website","url":"https:\/\/www.demosmobilia.ch\/de\/","name":"demosmobilia","description":"Vintage Mid Century Modern Design Furniture from the &#039;30s to the &#039;80s","publisher":{"@id":"https:\/\/www.demosmobilia.ch\/de\/#organization"},"potentialAction":[{"@type":"SearchAction","target":{"@type":"EntryPoint","urlTemplate":"https:\/\/www.demosmobilia.ch\/de\/?s={search_term_string}"},"query-input":{"@type":"PropertyValueSpecification","valueRequired":true,"valueName":"search_term_string"}}],"inLanguage":"de"},{"@type":"Organization","@id":"https:\/\/www.demosmobilia.ch\/de\/#organization","name":"demosmobilia","url":"https:\/\/www.demosmobilia.ch\/de\/","logo":{"@type":"ImageObject","inLanguage":"de","@id":"https:\/\/www.demosmobilia.ch\/de\/#\/schema\/logo\/image\/","url":"https:\/\/www.demosmobilia.ch\/wp-content\/uploads\/2020\/07\/demosmobilia-logo-2020-230-160.png","contentUrl":"https:\/\/www.demosmobilia.ch\/wp-content\/uploads\/2020\/07\/demosmobilia-logo-2020-230-160.png","width":230,"height":160,"caption":"demosmobilia"},"image":{"@id":"https:\/\/www.demosmobilia.ch\/de\/#\/schema\/logo\/image\/"},"sameAs":["https:\/\/www.facebook.com\/Demos-Mobilia-1137017453131445\/","https:\/\/www.instagram.com\/demosmobilia\/"]}]}},"_links":{"self":[{"href":"https:\/\/www.demosmobilia.ch\/de\/wp-json\/wp\/v2\/product\/80880","targetHints":{"allow":["GET"]}}],"collection":[{"href":"https:\/\/www.demosmobilia.ch\/de\/wp-json\/wp\/v2\/product"}],"about":[{"href":"https:\/\/www.demosmobilia.ch\/de\/wp-json\/wp\/v2\/types\/product"}],"wp:featuredmedia":[{"embeddable":true,"href":"https:\/\/www.demosmobilia.ch\/de\/wp-json\/wp\/v2\/media\/80852"}],"wp:attachment":[{"href":"https:\/\/www.demosmobilia.ch\/de\/wp-json\/wp\/v2\/media?parent=80880"}],"wp:term":[{"taxonomy":"product_cat","embeddable":true,"href":"https:\/\/www.demosmobilia.ch\/de\/wp-json\/wp\/v2\/product_cat?post=80880"},{"taxonomy":"product_tag","embeddable":true,"href":"https:\/\/www.demosmobilia.ch\/de\/wp-json\/wp\/v2\/product_tag?post=80880"}],"curies":[{"name":"wp","href":"https:\/\/api.w.org\/{rel}","templated":true}]}}