{"id":80795,"date":"2026-02-09T10:00:33","date_gmt":"2026-02-09T09:00:33","guid":{"rendered":"https:\/\/www.demosmobilia.ch\/product\/praechtiger-stehtisch-aus-messing-und-glas-2\/"},"modified":"2026-01-17T17:36:27","modified_gmt":"2026-01-17T16:36:27","slug":"praechtiger-stehtisch-aus-messing-und-glas-2","status":"publish","type":"product","link":"https:\/\/www.demosmobilia.ch\/de\/product\/praechtiger-stehtisch-aus-messing-und-glas-2\/","title":{"rendered":"Pr\u00e4chtiger Stehtisch aus Messing und Glas"},"content":{"rendered":"<p data-start=\"135\" data-end=\"477\">Corrado Corradi dell\u2019Acqua (1902\u20131963) war ein italienischer Architekt und Designer, der im Umfeld des modernen italienischen Designs des 20. Jahrhunderts t\u00e4tig war. Mit seiner Arbeit entwickelte Corradi dell\u2019Acqua eine elegante und funktionale Formensprache und legte besonderen Wert auf Materialqualit\u00e4t, ausgewogene Proportionen und pr\u00e4zise Detailgestaltung. <\/p>\n<p data-start=\"479\" data-end=\"880\">Zwischen den sp\u00e4ten 1940er- und den 1950er-Jahren arbeitete Corradi dell\u2019Acqua mit Azucena zusammen, dem 1947 gegr\u00fcndeten Designunternehmen und einem zentralen Bezugspunkt des italienischen Nachkriegsdesigns. In dieser fr\u00fchen und experimentellen Phase der Marke entwarf er hochwertige M\u00f6bel und Einrichtungselemente, die sich durch klare Linien, formale Ausgewogenheit und exzellente handwerkliche Ausf\u00fchrung auszeichnen. <\/p>\n<p data-start=\"882\" data-end=\"1127\">Die Zusammenarbeit mit Azucena best\u00e4tigt Corrado Corradi dell\u2019Acquas Rolle als Vertreter eines zeitlosen, intellektuellen Designs, das heute im Bereich des italienischen Designsammlermarktes und in der Forschung zum M\u00f6beldesign des 20. Jahrhunderts hohe Anerkennung genie\u00dft.<\/p>\n","protected":false},"excerpt":{"rendered":"<p>Corrado Corradi dell\u2019Acqua (1902\u20131963) war ein italienischer Architekt und Designer, der im Umfeld des modernen italienischen Designs des 20. Jahrhunderts t\u00e4tig war. Mit seiner Arbeit entwickelte Corradi dell\u2019Acqua eine elegante und funktionale Formensprache und legte besonderen Wert auf Materialqualit\u00e4t, ausgewogene Proportionen und pr\u00e4zise Detailgestaltung. Zwischen den sp\u00e4ten 1940er- und den 1950er-Jahren arbeitete Corradi dell\u2019Acqua mit Azucena zusammen, dem 1947 gegr\u00fcndeten Designunternehmen und einem zentralen Bezugspunkt des italienischen Nachkriegsdesigns. In dieser fr\u00fchen und experimentellen Phase der Marke entwarf er hochwertige M\u00f6bel und Einrichtungselemente, die sich durch klare Linien, formale Ausgewogenheit und exzellente handwerkliche Ausf\u00fchrung auszeichnen. Die Zusammenarbeit mit Azucena best\u00e4tigt Corrado Corradi dell\u2019Acquas Rolle als Vertreter<a class=\"more-link\" href=\"https:\/\/www.demosmobilia.ch\/de\/product\/praechtiger-stehtisch-aus-messing-und-glas-2\/\">Read More &rarr;<\/a><\/p>\n","protected":false},"featured_media":80771,"template":"","meta":{"_monsterinsights_skip_tracking":false,"_monsterinsights_sitenote_active":false,"_monsterinsights_sitenote_note":"","_monsterinsights_sitenote_category":0,"kk_blocks_editor_width":"","_kiokenblocks_attr":"","_kiokenblocks_dimensions":""},"product_cat":[4188],"product_tag":[12869],"class_list":{"0":"entry","1":"author-demosmobilia","2":"post-80795","3":"product","4":"type-product","5":"status-publish","6":"has-post-thumbnail","7":"product_production-azucena","8":"product_year-2405","9":"product_nation-italien-de","10":"product_cat-servierwagen","11":"product_tag-carradi-dellacqua-corrado-de","12":"pa_product_dimension-dia-60-5-x-ht-66-cm-de","13":"pa_product_material-messing-metall-glas-farbiges-glas","15":"first","16":"outofstock","17":"shipping-taxable","18":"purchasable","19":"product-type-simple"},"yoast_head":"<!-- This site is optimized with the Yoast SEO plugin v24.0 - https:\/\/yoast.com\/wordpress\/plugins\/seo\/ -->\n<title>Pr\u00e4chtiger Stehtisch aus Messing und Glas &#8211; demosmobilia<\/title>\n<meta name=\"robots\" content=\"index, follow, max-snippet:-1, max-image-preview:large, max-video-preview:-1\" \/>\n<link rel=\"canonical\" href=\"https:\/\/www.demosmobilia.ch\/de\/product\/praechtiger-stehtisch-aus-messing-und-glas-2\/\" \/>\n<meta property=\"og:locale\" content=\"de_DE\" \/>\n<meta property=\"og:type\" content=\"article\" \/>\n<meta property=\"og:title\" content=\"Pr\u00e4chtiger Stehtisch aus Messing und Glas &#8211; demosmobilia\" \/>\n<meta property=\"og:description\" content=\"Corrado Corradi dell\u2019Acqua (1902\u20131963) war ein italienischer Architekt und Designer, der im Umfeld des modernen italienischen Designs des 20. Jahrhunderts t\u00e4tig war. Mit seiner Arbeit entwickelte Corradi dell\u2019Acqua eine elegante und funktionale Formensprache und legte besonderen Wert auf Materialqualit\u00e4t, ausgewogene Proportionen und pr\u00e4zise Detailgestaltung. Zwischen den sp\u00e4ten 1940er- und den 1950er-Jahren arbeitete Corradi dell\u2019Acqua mit Azucena zusammen, dem 1947 gegr\u00fcndeten Designunternehmen und einem zentralen Bezugspunkt des italienischen Nachkriegsdesigns. In dieser fr\u00fchen und experimentellen Phase der Marke entwarf er hochwertige M\u00f6bel und Einrichtungselemente, die sich durch klare Linien, formale Ausgewogenheit und exzellente handwerkliche Ausf\u00fchrung auszeichnen. Die Zusammenarbeit mit Azucena best\u00e4tigt Corrado Corradi dell\u2019Acquas Rolle als VertreterRead More &rarr;\" \/>\n<meta property=\"og:url\" content=\"https:\/\/www.demosmobilia.ch\/de\/product\/praechtiger-stehtisch-aus-messing-und-glas-2\/\" \/>\n<meta property=\"og:site_name\" content=\"demosmobilia\" \/>\n<meta property=\"article:publisher\" content=\"https:\/\/www.facebook.com\/Demos-Mobilia-1137017453131445\/\" \/>\n<meta property=\"article:modified_time\" content=\"2026-01-17T16:36:27+00:00\" \/>\n<meta property=\"og:image\" content=\"https:\/\/www.demosmobilia.ch\/wp-content\/uploads\/2025\/02\/azucena-corrado-corradi-dell-acqua-serving-table-bar-1950-01.jpg\" \/>\n\t<meta property=\"og:image:width\" content=\"1200\" \/>\n\t<meta property=\"og:image:height\" content=\"900\" \/>\n\t<meta property=\"og:image:type\" content=\"image\/jpeg\" \/>\n<meta name=\"twitter:card\" content=\"summary_large_image\" \/>\n<meta name=\"twitter:label1\" content=\"Gesch\u00e4tzte Lesezeit\" \/>\n\t<meta name=\"twitter:data1\" content=\"1\u00a0Minute\" \/>\n<script type=\"application\/ld+json\" class=\"yoast-schema-graph\">{\"@context\":\"https:\/\/schema.org\",\"@graph\":[{\"@type\":\"WebPage\",\"@id\":\"https:\/\/www.demosmobilia.ch\/de\/product\/praechtiger-stehtisch-aus-messing-und-glas-2\/\",\"url\":\"https:\/\/www.demosmobilia.ch\/de\/product\/praechtiger-stehtisch-aus-messing-und-glas-2\/\",\"name\":\"Pr\u00e4chtiger Stehtisch aus Messing und Glas &#8211; demosmobilia\",\"isPartOf\":{\"@id\":\"https:\/\/www.demosmobilia.ch\/de\/#website\"},\"primaryImageOfPage\":{\"@id\":\"https:\/\/www.demosmobilia.ch\/de\/product\/praechtiger-stehtisch-aus-messing-und-glas-2\/#primaryimage\"},\"image\":{\"@id\":\"https:\/\/www.demosmobilia.ch\/de\/product\/praechtiger-stehtisch-aus-messing-und-glas-2\/#primaryimage\"},\"thumbnailUrl\":\"https:\/\/www.demosmobilia.ch\/wp-content\/uploads\/2025\/02\/azucena-corrado-corradi-dell-acqua-serving-table-bar-1950-01.jpg\",\"datePublished\":\"2026-02-09T09:00:33+00:00\",\"dateModified\":\"2026-01-17T16:36:27+00:00\",\"breadcrumb\":{\"@id\":\"https:\/\/www.demosmobilia.ch\/de\/product\/praechtiger-stehtisch-aus-messing-und-glas-2\/#breadcrumb\"},\"inLanguage\":\"de\",\"potentialAction\":[{\"@type\":\"ReadAction\",\"target\":[\"https:\/\/www.demosmobilia.ch\/de\/product\/praechtiger-stehtisch-aus-messing-und-glas-2\/\"]}]},{\"@type\":\"ImageObject\",\"inLanguage\":\"de\",\"@id\":\"https:\/\/www.demosmobilia.ch\/de\/product\/praechtiger-stehtisch-aus-messing-und-glas-2\/#primaryimage\",\"url\":\"https:\/\/www.demosmobilia.ch\/wp-content\/uploads\/2025\/02\/azucena-corrado-corradi-dell-acqua-serving-table-bar-1950-01.jpg\",\"contentUrl\":\"https:\/\/www.demosmobilia.ch\/wp-content\/uploads\/2025\/02\/azucena-corrado-corradi-dell-acqua-serving-table-bar-1950-01.jpg\",\"width\":1200,\"height\":900},{\"@type\":\"BreadcrumbList\",\"@id\":\"https:\/\/www.demosmobilia.ch\/de\/product\/praechtiger-stehtisch-aus-messing-und-glas-2\/#breadcrumb\",\"itemListElement\":[{\"@type\":\"ListItem\",\"position\":1,\"name\":\"Home\",\"item\":\"https:\/\/www.demosmobilia.ch\/de\/\"},{\"@type\":\"ListItem\",\"position\":2,\"name\":\"Produkte\",\"item\":\"https:\/\/www.demosmobilia.ch\/de\/shop\/\"},{\"@type\":\"ListItem\",\"position\":3,\"name\":\"Pr\u00e4chtiger Stehtisch aus Messing und Glas\"}]},{\"@type\":\"WebSite\",\"@id\":\"https:\/\/www.demosmobilia.ch\/de\/#website\",\"url\":\"https:\/\/www.demosmobilia.ch\/de\/\",\"name\":\"demosmobilia\",\"description\":\"Vintage Mid Century Modern Design Furniture from the &#039;30s to the &#039;80s\",\"publisher\":{\"@id\":\"https:\/\/www.demosmobilia.ch\/de\/#organization\"},\"potentialAction\":[{\"@type\":\"SearchAction\",\"target\":{\"@type\":\"EntryPoint\",\"urlTemplate\":\"https:\/\/www.demosmobilia.ch\/de\/?s={search_term_string}\"},\"query-input\":{\"@type\":\"PropertyValueSpecification\",\"valueRequired\":true,\"valueName\":\"search_term_string\"}}],\"inLanguage\":\"de\"},{\"@type\":\"Organization\",\"@id\":\"https:\/\/www.demosmobilia.ch\/de\/#organization\",\"name\":\"demosmobilia\",\"url\":\"https:\/\/www.demosmobilia.ch\/de\/\",\"logo\":{\"@type\":\"ImageObject\",\"inLanguage\":\"de\",\"@id\":\"https:\/\/www.demosmobilia.ch\/de\/#\/schema\/logo\/image\/\",\"url\":\"https:\/\/www.demosmobilia.ch\/wp-content\/uploads\/2020\/07\/demosmobilia-logo-2020-230-160.png\",\"contentUrl\":\"https:\/\/www.demosmobilia.ch\/wp-content\/uploads\/2020\/07\/demosmobilia-logo-2020-230-160.png\",\"width\":230,\"height\":160,\"caption\":\"demosmobilia\"},\"image\":{\"@id\":\"https:\/\/www.demosmobilia.ch\/de\/#\/schema\/logo\/image\/\"},\"sameAs\":[\"https:\/\/www.facebook.com\/Demos-Mobilia-1137017453131445\/\",\"https:\/\/www.instagram.com\/demosmobilia\/\"]}]}<\/script>\n<!-- \/ Yoast SEO plugin. -->","yoast_head_json":{"title":"Pr\u00e4chtiger Stehtisch aus Messing und Glas &#8211; demosmobilia","robots":{"index":"index","follow":"follow","max-snippet":"max-snippet:-1","max-image-preview":"max-image-preview:large","max-video-preview":"max-video-preview:-1"},"canonical":"https:\/\/www.demosmobilia.ch\/de\/product\/praechtiger-stehtisch-aus-messing-und-glas-2\/","og_locale":"de_DE","og_type":"article","og_title":"Pr\u00e4chtiger Stehtisch aus Messing und Glas &#8211; demosmobilia","og_description":"Corrado Corradi dell\u2019Acqua (1902\u20131963) war ein italienischer Architekt und Designer, der im Umfeld des modernen italienischen Designs des 20. Jahrhunderts t\u00e4tig war. Mit seiner Arbeit entwickelte Corradi dell\u2019Acqua eine elegante und funktionale Formensprache und legte besonderen Wert auf Materialqualit\u00e4t, ausgewogene Proportionen und pr\u00e4zise Detailgestaltung. Zwischen den sp\u00e4ten 1940er- und den 1950er-Jahren arbeitete Corradi dell\u2019Acqua mit Azucena zusammen, dem 1947 gegr\u00fcndeten Designunternehmen und einem zentralen Bezugspunkt des italienischen Nachkriegsdesigns. In dieser fr\u00fchen und experimentellen Phase der Marke entwarf er hochwertige M\u00f6bel und Einrichtungselemente, die sich durch klare Linien, formale Ausgewogenheit und exzellente handwerkliche Ausf\u00fchrung auszeichnen. Die Zusammenarbeit mit Azucena best\u00e4tigt Corrado Corradi dell\u2019Acquas Rolle als VertreterRead More &rarr;","og_url":"https:\/\/www.demosmobilia.ch\/de\/product\/praechtiger-stehtisch-aus-messing-und-glas-2\/","og_site_name":"demosmobilia","article_publisher":"https:\/\/www.facebook.com\/Demos-Mobilia-1137017453131445\/","article_modified_time":"2026-01-17T16:36:27+00:00","og_image":[{"width":1200,"height":900,"url":"https:\/\/www.demosmobilia.ch\/wp-content\/uploads\/2025\/02\/azucena-corrado-corradi-dell-acqua-serving-table-bar-1950-01.jpg","type":"image\/jpeg"}],"twitter_card":"summary_large_image","twitter_misc":{"Gesch\u00e4tzte Lesezeit":"1\u00a0Minute"},"schema":{"@context":"https:\/\/schema.org","@graph":[{"@type":"WebPage","@id":"https:\/\/www.demosmobilia.ch\/de\/product\/praechtiger-stehtisch-aus-messing-und-glas-2\/","url":"https:\/\/www.demosmobilia.ch\/de\/product\/praechtiger-stehtisch-aus-messing-und-glas-2\/","name":"Pr\u00e4chtiger Stehtisch aus Messing und Glas &#8211; demosmobilia","isPartOf":{"@id":"https:\/\/www.demosmobilia.ch\/de\/#website"},"primaryImageOfPage":{"@id":"https:\/\/www.demosmobilia.ch\/de\/product\/praechtiger-stehtisch-aus-messing-und-glas-2\/#primaryimage"},"image":{"@id":"https:\/\/www.demosmobilia.ch\/de\/product\/praechtiger-stehtisch-aus-messing-und-glas-2\/#primaryimage"},"thumbnailUrl":"https:\/\/www.demosmobilia.ch\/wp-content\/uploads\/2025\/02\/azucena-corrado-corradi-dell-acqua-serving-table-bar-1950-01.jpg","datePublished":"2026-02-09T09:00:33+00:00","dateModified":"2026-01-17T16:36:27+00:00","breadcrumb":{"@id":"https:\/\/www.demosmobilia.ch\/de\/product\/praechtiger-stehtisch-aus-messing-und-glas-2\/#breadcrumb"},"inLanguage":"de","potentialAction":[{"@type":"ReadAction","target":["https:\/\/www.demosmobilia.ch\/de\/product\/praechtiger-stehtisch-aus-messing-und-glas-2\/"]}]},{"@type":"ImageObject","inLanguage":"de","@id":"https:\/\/www.demosmobilia.ch\/de\/product\/praechtiger-stehtisch-aus-messing-und-glas-2\/#primaryimage","url":"https:\/\/www.demosmobilia.ch\/wp-content\/uploads\/2025\/02\/azucena-corrado-corradi-dell-acqua-serving-table-bar-1950-01.jpg","contentUrl":"https:\/\/www.demosmobilia.ch\/wp-content\/uploads\/2025\/02\/azucena-corrado-corradi-dell-acqua-serving-table-bar-1950-01.jpg","width":1200,"height":900},{"@type":"BreadcrumbList","@id":"https:\/\/www.demosmobilia.ch\/de\/product\/praechtiger-stehtisch-aus-messing-und-glas-2\/#breadcrumb","itemListElement":[{"@type":"ListItem","position":1,"name":"Home","item":"https:\/\/www.demosmobilia.ch\/de\/"},{"@type":"ListItem","position":2,"name":"Produkte","item":"https:\/\/www.demosmobilia.ch\/de\/shop\/"},{"@type":"ListItem","position":3,"name":"Pr\u00e4chtiger Stehtisch aus Messing und Glas"}]},{"@type":"WebSite","@id":"https:\/\/www.demosmobilia.ch\/de\/#website","url":"https:\/\/www.demosmobilia.ch\/de\/","name":"demosmobilia","description":"Vintage Mid Century Modern Design Furniture from the &#039;30s to the &#039;80s","publisher":{"@id":"https:\/\/www.demosmobilia.ch\/de\/#organization"},"potentialAction":[{"@type":"SearchAction","target":{"@type":"EntryPoint","urlTemplate":"https:\/\/www.demosmobilia.ch\/de\/?s={search_term_string}"},"query-input":{"@type":"PropertyValueSpecification","valueRequired":true,"valueName":"search_term_string"}}],"inLanguage":"de"},{"@type":"Organization","@id":"https:\/\/www.demosmobilia.ch\/de\/#organization","name":"demosmobilia","url":"https:\/\/www.demosmobilia.ch\/de\/","logo":{"@type":"ImageObject","inLanguage":"de","@id":"https:\/\/www.demosmobilia.ch\/de\/#\/schema\/logo\/image\/","url":"https:\/\/www.demosmobilia.ch\/wp-content\/uploads\/2020\/07\/demosmobilia-logo-2020-230-160.png","contentUrl":"https:\/\/www.demosmobilia.ch\/wp-content\/uploads\/2020\/07\/demosmobilia-logo-2020-230-160.png","width":230,"height":160,"caption":"demosmobilia"},"image":{"@id":"https:\/\/www.demosmobilia.ch\/de\/#\/schema\/logo\/image\/"},"sameAs":["https:\/\/www.facebook.com\/Demos-Mobilia-1137017453131445\/","https:\/\/www.instagram.com\/demosmobilia\/"]}]}},"_links":{"self":[{"href":"https:\/\/www.demosmobilia.ch\/de\/wp-json\/wp\/v2\/product\/80795","targetHints":{"allow":["GET"]}}],"collection":[{"href":"https:\/\/www.demosmobilia.ch\/de\/wp-json\/wp\/v2\/product"}],"about":[{"href":"https:\/\/www.demosmobilia.ch\/de\/wp-json\/wp\/v2\/types\/product"}],"wp:featuredmedia":[{"embeddable":true,"href":"https:\/\/www.demosmobilia.ch\/de\/wp-json\/wp\/v2\/media\/80771"}],"wp:attachment":[{"href":"https:\/\/www.demosmobilia.ch\/de\/wp-json\/wp\/v2\/media?parent=80795"}],"wp:term":[{"taxonomy":"product_cat","embeddable":true,"href":"https:\/\/www.demosmobilia.ch\/de\/wp-json\/wp\/v2\/product_cat?post=80795"},{"taxonomy":"product_tag","embeddable":true,"href":"https:\/\/www.demosmobilia.ch\/de\/wp-json\/wp\/v2\/product_tag?post=80795"}],"curies":[{"name":"wp","href":"https:\/\/api.w.org\/{rel}","templated":true}]}}