{"id":78290,"date":"2024-11-13T13:50:27","date_gmt":"2024-11-13T12:50:27","guid":{"rendered":"https:\/\/www.demosmobilia.ch\/product\/paar-juwelenleuchter-modellnr-1774-mikro\/"},"modified":"2026-01-17T15:36:44","modified_gmt":"2026-01-17T14:36:44","slug":"paar-juwelenleuchter-modellnr-1774-mikro","status":"publish","type":"product","link":"https:\/\/www.demosmobilia.ch\/de\/product\/paar-juwelenleuchter-modellnr-1774-mikro\/","title":{"rendered":"Paar Juwelenleuchter Modellnr. 1774 Mikro"},"content":{"rendered":"<p><b>Max Ingrand (1908\u20131969) war ein in Frankreich geborener Designer, Dekorateur und Glask\u00fcnstler, der eine Schl\u00fcsselrolle bei der Gestaltung des modernen italienischen Designs spielte. Als ausgebildeter Glasmeister kam Ingrand Ende der 1930er Jahre zu Fontana Arte und wurde dort Art Director. Er f\u00fchrte das Unternehmen durch eine entscheidende Phase der Innovation und des internationalen Wachstums.<br \/>Bei Fontana Arte entwickelte Max Ingrand eine neue Designsprache, die auf Licht, Transparenz und raffinierter Handwerkskunst basierte. Er verband k\u00fcnstlerisches Experimentieren mit industrieller Produktion und schuf ikonische Leuchten, Spiegel und Glasm\u00f6bel, die sich durch klare Linien, ausgewogene Proportionen und fortschrittliche Glastechniken auszeichneten. Ingrands Arbeit machte Fontana Arte zu einem f\u00fchrenden Namen f\u00fcr hochwertiges italienisches Licht- und Glasdesign und hinterlie\u00df ein bleibendes Verm\u00e4chtnis im modernen Design der Mitte des Jahrhunderts.   <\/b><\/p>\n","protected":false},"excerpt":{"rendered":"<p>Max Ingrand (1908\u20131969) war ein in Frankreich geborener Designer, Dekorateur und Glask\u00fcnstler, der eine Schl\u00fcsselrolle bei der Gestaltung des modernen italienischen Designs spielte. Als ausgebildeter Glasmeister kam Ingrand Ende der 1930er Jahre zu Fontana Arte und wurde dort Art Director. Er f\u00fchrte das Unternehmen durch eine entscheidende Phase der Innovation und des internationalen Wachstums.Bei Fontana Arte entwickelte Max Ingrand eine neue Designsprache, die auf Licht, Transparenz und raffinierter Handwerkskunst basierte. Er verband k\u00fcnstlerisches Experimentieren mit industrieller Produktion und schuf ikonische Leuchten, Spiegel und Glasm\u00f6bel, die sich durch klare Linien, ausgewogene Proportionen und fortschrittliche Glastechniken auszeichneten. Ingrands Arbeit machte Fontana Arte zu einem f\u00fchrenden Namen f\u00fcr<a class=\"more-link\" href=\"https:\/\/www.demosmobilia.ch\/de\/product\/paar-juwelenleuchter-modellnr-1774-mikro\/\">Read More &rarr;<\/a><\/p>\n","protected":false},"featured_media":78720,"template":"","meta":{"_monsterinsights_skip_tracking":false,"_monsterinsights_sitenote_active":false,"_monsterinsights_sitenote_note":"","_monsterinsights_sitenote_category":0,"kk_blocks_editor_width":"","_kiokenblocks_attr":"","_kiokenblocks_dimensions":""},"product_cat":[4125],"product_tag":[6520],"class_list":{"0":"entry","1":"author-demosmobilia","2":"post-78290","3":"product","4":"type-product","5":"status-publish","6":"has-post-thumbnail","7":"product_production-fontana-arte","8":"product_year-2583","9":"product_nation-italien-de","10":"product_cat-kronleuchtern-deckleuchten-und-spots","11":"product_tag-ingrand-max-de","12":"pa_product_dimension-23-x-10-x-ht-45-cm-de","13":"pa_product_dimension-23-x-10-x-ht-53-cm-de","14":"pa_product_material-geatztes-und-poliertes-massivglas-messing","16":"first","17":"instock","18":"featured","19":"shipping-taxable","20":"product-type-simple"},"yoast_head":"<!-- This site is optimized with the Yoast SEO plugin v24.0 - https:\/\/yoast.com\/wordpress\/plugins\/seo\/ -->\n<title>Paar Juwelenleuchter Modellnr. 1774 Mikro &#8211; demosmobilia<\/title>\n<meta name=\"robots\" content=\"index, follow, max-snippet:-1, max-image-preview:large, max-video-preview:-1\" \/>\n<link rel=\"canonical\" href=\"https:\/\/www.demosmobilia.ch\/de\/product\/paar-juwelenleuchter-modellnr-1774-mikro\/\" \/>\n<meta property=\"og:locale\" content=\"de_DE\" \/>\n<meta property=\"og:type\" content=\"article\" \/>\n<meta property=\"og:title\" content=\"Paar Juwelenleuchter Modellnr. 1774 Mikro &#8211; demosmobilia\" \/>\n<meta property=\"og:description\" content=\"Max Ingrand (1908\u20131969) war ein in Frankreich geborener Designer, Dekorateur und Glask\u00fcnstler, der eine Schl\u00fcsselrolle bei der Gestaltung des modernen italienischen Designs spielte. Als ausgebildeter Glasmeister kam Ingrand Ende der 1930er Jahre zu Fontana Arte und wurde dort Art Director. Er f\u00fchrte das Unternehmen durch eine entscheidende Phase der Innovation und des internationalen Wachstums.Bei Fontana Arte entwickelte Max Ingrand eine neue Designsprache, die auf Licht, Transparenz und raffinierter Handwerkskunst basierte. Er verband k\u00fcnstlerisches Experimentieren mit industrieller Produktion und schuf ikonische Leuchten, Spiegel und Glasm\u00f6bel, die sich durch klare Linien, ausgewogene Proportionen und fortschrittliche Glastechniken auszeichneten. Ingrands Arbeit machte Fontana Arte zu einem f\u00fchrenden Namen f\u00fcrRead More &rarr;\" \/>\n<meta property=\"og:url\" content=\"https:\/\/www.demosmobilia.ch\/de\/product\/paar-juwelenleuchter-modellnr-1774-mikro\/\" \/>\n<meta property=\"og:site_name\" content=\"demosmobilia\" \/>\n<meta property=\"article:publisher\" content=\"https:\/\/www.facebook.com\/Demos-Mobilia-1137017453131445\/\" \/>\n<meta property=\"article:modified_time\" content=\"2026-01-17T14:36:44+00:00\" \/>\n<meta property=\"og:image\" content=\"https:\/\/www.demosmobilia.ch\/wp-content\/uploads\/2024\/11\/max-ingrand-fontana-arte-1961-pendant-light-model1933-micro-01AA-2.jpg\" \/>\n\t<meta property=\"og:image:width\" content=\"1200\" \/>\n\t<meta property=\"og:image:height\" content=\"900\" \/>\n\t<meta property=\"og:image:type\" content=\"image\/jpeg\" \/>\n<meta name=\"twitter:card\" content=\"summary_large_image\" \/>\n<meta name=\"twitter:label1\" content=\"Gesch\u00e4tzte Lesezeit\" \/>\n\t<meta name=\"twitter:data1\" content=\"1\u00a0Minute\" \/>\n<script type=\"application\/ld+json\" class=\"yoast-schema-graph\">{\"@context\":\"https:\/\/schema.org\",\"@graph\":[{\"@type\":\"WebPage\",\"@id\":\"https:\/\/www.demosmobilia.ch\/de\/product\/paar-juwelenleuchter-modellnr-1774-mikro\/\",\"url\":\"https:\/\/www.demosmobilia.ch\/de\/product\/paar-juwelenleuchter-modellnr-1774-mikro\/\",\"name\":\"Paar Juwelenleuchter Modellnr. 1774 Mikro &#8211; demosmobilia\",\"isPartOf\":{\"@id\":\"https:\/\/www.demosmobilia.ch\/de\/#website\"},\"primaryImageOfPage\":{\"@id\":\"https:\/\/www.demosmobilia.ch\/de\/product\/paar-juwelenleuchter-modellnr-1774-mikro\/#primaryimage\"},\"image\":{\"@id\":\"https:\/\/www.demosmobilia.ch\/de\/product\/paar-juwelenleuchter-modellnr-1774-mikro\/#primaryimage\"},\"thumbnailUrl\":\"https:\/\/www.demosmobilia.ch\/wp-content\/uploads\/2024\/11\/max-ingrand-fontana-arte-1961-pendant-light-model1933-micro-01AA-2.jpg\",\"datePublished\":\"2024-11-13T12:50:27+00:00\",\"dateModified\":\"2026-01-17T14:36:44+00:00\",\"breadcrumb\":{\"@id\":\"https:\/\/www.demosmobilia.ch\/de\/product\/paar-juwelenleuchter-modellnr-1774-mikro\/#breadcrumb\"},\"inLanguage\":\"de\",\"potentialAction\":[{\"@type\":\"ReadAction\",\"target\":[\"https:\/\/www.demosmobilia.ch\/de\/product\/paar-juwelenleuchter-modellnr-1774-mikro\/\"]}]},{\"@type\":\"ImageObject\",\"inLanguage\":\"de\",\"@id\":\"https:\/\/www.demosmobilia.ch\/de\/product\/paar-juwelenleuchter-modellnr-1774-mikro\/#primaryimage\",\"url\":\"https:\/\/www.demosmobilia.ch\/wp-content\/uploads\/2024\/11\/max-ingrand-fontana-arte-1961-pendant-light-model1933-micro-01AA-2.jpg\",\"contentUrl\":\"https:\/\/www.demosmobilia.ch\/wp-content\/uploads\/2024\/11\/max-ingrand-fontana-arte-1961-pendant-light-model1933-micro-01AA-2.jpg\",\"width\":1200,\"height\":900},{\"@type\":\"BreadcrumbList\",\"@id\":\"https:\/\/www.demosmobilia.ch\/de\/product\/paar-juwelenleuchter-modellnr-1774-mikro\/#breadcrumb\",\"itemListElement\":[{\"@type\":\"ListItem\",\"position\":1,\"name\":\"Home\",\"item\":\"https:\/\/www.demosmobilia.ch\/de\/\"},{\"@type\":\"ListItem\",\"position\":2,\"name\":\"Produkte\",\"item\":\"https:\/\/www.demosmobilia.ch\/de\/shop\/\"},{\"@type\":\"ListItem\",\"position\":3,\"name\":\"Paar Juwelenleuchter Modellnr. 1774 Mikro\"}]},{\"@type\":\"WebSite\",\"@id\":\"https:\/\/www.demosmobilia.ch\/de\/#website\",\"url\":\"https:\/\/www.demosmobilia.ch\/de\/\",\"name\":\"demosmobilia\",\"description\":\"Vintage Mid Century Modern Design Furniture from the &#039;30s to the &#039;80s\",\"publisher\":{\"@id\":\"https:\/\/www.demosmobilia.ch\/de\/#organization\"},\"potentialAction\":[{\"@type\":\"SearchAction\",\"target\":{\"@type\":\"EntryPoint\",\"urlTemplate\":\"https:\/\/www.demosmobilia.ch\/de\/?s={search_term_string}\"},\"query-input\":{\"@type\":\"PropertyValueSpecification\",\"valueRequired\":true,\"valueName\":\"search_term_string\"}}],\"inLanguage\":\"de\"},{\"@type\":\"Organization\",\"@id\":\"https:\/\/www.demosmobilia.ch\/de\/#organization\",\"name\":\"demosmobilia\",\"url\":\"https:\/\/www.demosmobilia.ch\/de\/\",\"logo\":{\"@type\":\"ImageObject\",\"inLanguage\":\"de\",\"@id\":\"https:\/\/www.demosmobilia.ch\/de\/#\/schema\/logo\/image\/\",\"url\":\"https:\/\/www.demosmobilia.ch\/wp-content\/uploads\/2020\/07\/demosmobilia-logo-2020-230-160.png\",\"contentUrl\":\"https:\/\/www.demosmobilia.ch\/wp-content\/uploads\/2020\/07\/demosmobilia-logo-2020-230-160.png\",\"width\":230,\"height\":160,\"caption\":\"demosmobilia\"},\"image\":{\"@id\":\"https:\/\/www.demosmobilia.ch\/de\/#\/schema\/logo\/image\/\"},\"sameAs\":[\"https:\/\/www.facebook.com\/Demos-Mobilia-1137017453131445\/\",\"https:\/\/www.instagram.com\/demosmobilia\/\"]}]}<\/script>\n<!-- \/ Yoast SEO plugin. -->","yoast_head_json":{"title":"Paar Juwelenleuchter Modellnr. 1774 Mikro &#8211; demosmobilia","robots":{"index":"index","follow":"follow","max-snippet":"max-snippet:-1","max-image-preview":"max-image-preview:large","max-video-preview":"max-video-preview:-1"},"canonical":"https:\/\/www.demosmobilia.ch\/de\/product\/paar-juwelenleuchter-modellnr-1774-mikro\/","og_locale":"de_DE","og_type":"article","og_title":"Paar Juwelenleuchter Modellnr. 1774 Mikro &#8211; demosmobilia","og_description":"Max Ingrand (1908\u20131969) war ein in Frankreich geborener Designer, Dekorateur und Glask\u00fcnstler, der eine Schl\u00fcsselrolle bei der Gestaltung des modernen italienischen Designs spielte. Als ausgebildeter Glasmeister kam Ingrand Ende der 1930er Jahre zu Fontana Arte und wurde dort Art Director. Er f\u00fchrte das Unternehmen durch eine entscheidende Phase der Innovation und des internationalen Wachstums.Bei Fontana Arte entwickelte Max Ingrand eine neue Designsprache, die auf Licht, Transparenz und raffinierter Handwerkskunst basierte. Er verband k\u00fcnstlerisches Experimentieren mit industrieller Produktion und schuf ikonische Leuchten, Spiegel und Glasm\u00f6bel, die sich durch klare Linien, ausgewogene Proportionen und fortschrittliche Glastechniken auszeichneten. Ingrands Arbeit machte Fontana Arte zu einem f\u00fchrenden Namen f\u00fcrRead More &rarr;","og_url":"https:\/\/www.demosmobilia.ch\/de\/product\/paar-juwelenleuchter-modellnr-1774-mikro\/","og_site_name":"demosmobilia","article_publisher":"https:\/\/www.facebook.com\/Demos-Mobilia-1137017453131445\/","article_modified_time":"2026-01-17T14:36:44+00:00","og_image":[{"width":1200,"height":900,"url":"https:\/\/www.demosmobilia.ch\/wp-content\/uploads\/2024\/11\/max-ingrand-fontana-arte-1961-pendant-light-model1933-micro-01AA-2.jpg","type":"image\/jpeg"}],"twitter_card":"summary_large_image","twitter_misc":{"Gesch\u00e4tzte Lesezeit":"1\u00a0Minute"},"schema":{"@context":"https:\/\/schema.org","@graph":[{"@type":"WebPage","@id":"https:\/\/www.demosmobilia.ch\/de\/product\/paar-juwelenleuchter-modellnr-1774-mikro\/","url":"https:\/\/www.demosmobilia.ch\/de\/product\/paar-juwelenleuchter-modellnr-1774-mikro\/","name":"Paar Juwelenleuchter Modellnr. 1774 Mikro &#8211; demosmobilia","isPartOf":{"@id":"https:\/\/www.demosmobilia.ch\/de\/#website"},"primaryImageOfPage":{"@id":"https:\/\/www.demosmobilia.ch\/de\/product\/paar-juwelenleuchter-modellnr-1774-mikro\/#primaryimage"},"image":{"@id":"https:\/\/www.demosmobilia.ch\/de\/product\/paar-juwelenleuchter-modellnr-1774-mikro\/#primaryimage"},"thumbnailUrl":"https:\/\/www.demosmobilia.ch\/wp-content\/uploads\/2024\/11\/max-ingrand-fontana-arte-1961-pendant-light-model1933-micro-01AA-2.jpg","datePublished":"2024-11-13T12:50:27+00:00","dateModified":"2026-01-17T14:36:44+00:00","breadcrumb":{"@id":"https:\/\/www.demosmobilia.ch\/de\/product\/paar-juwelenleuchter-modellnr-1774-mikro\/#breadcrumb"},"inLanguage":"de","potentialAction":[{"@type":"ReadAction","target":["https:\/\/www.demosmobilia.ch\/de\/product\/paar-juwelenleuchter-modellnr-1774-mikro\/"]}]},{"@type":"ImageObject","inLanguage":"de","@id":"https:\/\/www.demosmobilia.ch\/de\/product\/paar-juwelenleuchter-modellnr-1774-mikro\/#primaryimage","url":"https:\/\/www.demosmobilia.ch\/wp-content\/uploads\/2024\/11\/max-ingrand-fontana-arte-1961-pendant-light-model1933-micro-01AA-2.jpg","contentUrl":"https:\/\/www.demosmobilia.ch\/wp-content\/uploads\/2024\/11\/max-ingrand-fontana-arte-1961-pendant-light-model1933-micro-01AA-2.jpg","width":1200,"height":900},{"@type":"BreadcrumbList","@id":"https:\/\/www.demosmobilia.ch\/de\/product\/paar-juwelenleuchter-modellnr-1774-mikro\/#breadcrumb","itemListElement":[{"@type":"ListItem","position":1,"name":"Home","item":"https:\/\/www.demosmobilia.ch\/de\/"},{"@type":"ListItem","position":2,"name":"Produkte","item":"https:\/\/www.demosmobilia.ch\/de\/shop\/"},{"@type":"ListItem","position":3,"name":"Paar Juwelenleuchter Modellnr. 1774 Mikro"}]},{"@type":"WebSite","@id":"https:\/\/www.demosmobilia.ch\/de\/#website","url":"https:\/\/www.demosmobilia.ch\/de\/","name":"demosmobilia","description":"Vintage Mid Century Modern Design Furniture from the &#039;30s to the &#039;80s","publisher":{"@id":"https:\/\/www.demosmobilia.ch\/de\/#organization"},"potentialAction":[{"@type":"SearchAction","target":{"@type":"EntryPoint","urlTemplate":"https:\/\/www.demosmobilia.ch\/de\/?s={search_term_string}"},"query-input":{"@type":"PropertyValueSpecification","valueRequired":true,"valueName":"search_term_string"}}],"inLanguage":"de"},{"@type":"Organization","@id":"https:\/\/www.demosmobilia.ch\/de\/#organization","name":"demosmobilia","url":"https:\/\/www.demosmobilia.ch\/de\/","logo":{"@type":"ImageObject","inLanguage":"de","@id":"https:\/\/www.demosmobilia.ch\/de\/#\/schema\/logo\/image\/","url":"https:\/\/www.demosmobilia.ch\/wp-content\/uploads\/2020\/07\/demosmobilia-logo-2020-230-160.png","contentUrl":"https:\/\/www.demosmobilia.ch\/wp-content\/uploads\/2020\/07\/demosmobilia-logo-2020-230-160.png","width":230,"height":160,"caption":"demosmobilia"},"image":{"@id":"https:\/\/www.demosmobilia.ch\/de\/#\/schema\/logo\/image\/"},"sameAs":["https:\/\/www.facebook.com\/Demos-Mobilia-1137017453131445\/","https:\/\/www.instagram.com\/demosmobilia\/"]}]}},"_links":{"self":[{"href":"https:\/\/www.demosmobilia.ch\/de\/wp-json\/wp\/v2\/product\/78290","targetHints":{"allow":["GET"]}}],"collection":[{"href":"https:\/\/www.demosmobilia.ch\/de\/wp-json\/wp\/v2\/product"}],"about":[{"href":"https:\/\/www.demosmobilia.ch\/de\/wp-json\/wp\/v2\/types\/product"}],"wp:featuredmedia":[{"embeddable":true,"href":"https:\/\/www.demosmobilia.ch\/de\/wp-json\/wp\/v2\/media\/78720"}],"wp:attachment":[{"href":"https:\/\/www.demosmobilia.ch\/de\/wp-json\/wp\/v2\/media?parent=78290"}],"wp:term":[{"taxonomy":"product_cat","embeddable":true,"href":"https:\/\/www.demosmobilia.ch\/de\/wp-json\/wp\/v2\/product_cat?post=78290"},{"taxonomy":"product_tag","embeddable":true,"href":"https:\/\/www.demosmobilia.ch\/de\/wp-json\/wp\/v2\/product_tag?post=78290"}],"curies":[{"name":"wp","href":"https:\/\/api.w.org\/{rel}","templated":true}]}}