{"id":76544,"date":"2024-09-26T15:24:43","date_gmt":"2024-09-26T13:24:43","guid":{"rendered":"https:\/\/www.demosmobilia.ch\/product\/doppelter-runder-emaillierter-tuergriff-4-paar-verfuegbar\/"},"modified":"2026-01-17T15:58:05","modified_gmt":"2026-01-17T14:58:05","slug":"doppelter-runder-emaillierter-tuergriff-4-paar-verfuegbar","status":"publish","type":"product","link":"https:\/\/www.demosmobilia.ch\/de\/product\/doppelter-runder-emaillierter-tuergriff-4-paar-verfuegbar\/","title":{"rendered":"Runde emaillierte Griffe"},"content":{"rendered":"<p data-start=\"194\" data-end=\"567\">Gio Ponti (Mailand, 1891\u20131979) z\u00e4hlt zu den einflussreichsten italienischen Architekten und Designern des 20. Jahrhunderts und gilt als zentrale Figur des modernen italienischen Designs. Mit seinem Werk verband Gio Ponti aktiv Architektur, angewandte Kunst und h\u00f6chste handwerkliche Qualit\u00e4t und pr\u00e4gte eine innovative Vision, die Farbe, Materialforschung und \u00e4sthetische Experimentierfreude in den Mittelpunkt stellte. <\/p>\n<p data-start=\"569\" data-end=\"1067\">Nach seinem Architekturabschluss am Politecnico di Milano im Jahr 1921 etablierte sich Gio Ponti rasch auf internationaler Ebene. 1923 nahm er an der Biennale di Monza f\u00fcr dekorative K\u00fcnste teil und begann seine wegweisende Zusammenarbeit mit Richard Ginori, durch die er die Sprache der modernen Keramik entscheidend erneuerte. 1925 gewann er den Grand Prix der Pariser Weltausstellung und gr\u00fcndete die Zeitschrift Domus, die sich zu einer der weltweit bedeutendsten Publikationen f\u00fcr Architektur und Design entwickelte.  <\/p>\n<p data-start=\"1069\" data-end=\"1683\">In den 1930er-Jahren spielte Gio Ponti eine zentrale Rolle bei der Organisation der Mail\u00e4nder Triennale und erweiterte sein T\u00e4tigkeitsfeld auf M\u00f6bel, Leuchten, Designobjekte und Innenarchitektur. In dieser Phase begann auch die pr\u00e4gende Zusammenarbeit mit Paolo De Poli, dem Meister der Kupferemaille. Gemeinsam erforschten sie leuchtende Oberfl\u00e4chen, intensive Farbpaletten und innovative Emailliertechniken und verwandelten traditionelles Kunsthandwerk in eine moderne, zeitgem\u00e4\u00dfe Formensprache.   <\/p>\n<p data-start=\"1685\" data-end=\"2127\">In den 1950er-Jahren realisierte Gio Ponti einige seiner ikonischsten Architekturprojekte, darunter das Montecatini-Geb\u00e4ude und den Pirelli-Turm, und festigte damit seinen Rang als Meister des italienischen Modernismus und des Nachkriegsdesigns. Die Zusammenarbeit mit De Poli gilt bis heute als herausragendes Beispiel f\u00fcr die Verbindung von modernem Design und h\u00f6chster handwerklicher Kunstfertigkeit und hat das italienische Design sowie die Entwicklung der Emailkunst nachhaltig beeinflusst. <\/p>\n","protected":false},"excerpt":{"rendered":"<p>Preisangabe f\u00fcr ein Paar<a class=\"more-link\" href=\"https:\/\/www.demosmobilia.ch\/de\/product\/doppelter-runder-emaillierter-tuergriff-4-paar-verfuegbar\/\">Read More &rarr;<\/a><\/p>\n","protected":false},"featured_media":77951,"template":"","meta":{"_monsterinsights_skip_tracking":false,"_monsterinsights_sitenote_active":false,"_monsterinsights_sitenote_note":"","_monsterinsights_sitenote_category":0,"kk_blocks_editor_width":"","_kiokenblocks_attr":"","_kiokenblocks_dimensions":""},"product_cat":[4137],"product_tag":[6470],"class_list":{"0":"entry","1":"author-demosmobilia","2":"has-excerpt","3":"post-76544","4":"product","5":"type-product","6":"status-publish","7":"has-post-thumbnail","8":"product_production-de-poli","9":"product_year-2474","10":"product_nation-italien-de","11":"product_cat-turgriffe","12":"product_tag-ponti-gio-de","13":"pa_product_material-dia-125-x-85-cm-insgesamt","14":"pa_product_material-emailliertes-metall-messing","16":"first","17":"instock","18":"shipping-taxable","19":"product-type-simple"},"yoast_head":"<!-- This site is optimized with the Yoast SEO plugin v24.0 - https:\/\/yoast.com\/wordpress\/plugins\/seo\/ -->\n<title>Runde emaillierte Griffe &#8211; demosmobilia<\/title>\n<meta name=\"robots\" content=\"index, follow, max-snippet:-1, max-image-preview:large, max-video-preview:-1\" \/>\n<link rel=\"canonical\" href=\"https:\/\/www.demosmobilia.ch\/de\/product\/doppelter-runder-emaillierter-tuergriff-4-paar-verfuegbar\/\" \/>\n<meta property=\"og:locale\" content=\"de_DE\" \/>\n<meta property=\"og:type\" content=\"article\" \/>\n<meta property=\"og:title\" content=\"Runde emaillierte Griffe &#8211; demosmobilia\" \/>\n<meta property=\"og:description\" content=\"Preisangabe f\u00fcr ein PaarRead More &rarr;\" \/>\n<meta property=\"og:url\" content=\"https:\/\/www.demosmobilia.ch\/de\/product\/doppelter-runder-emaillierter-tuergriff-4-paar-verfuegbar\/\" \/>\n<meta property=\"og:site_name\" content=\"demosmobilia\" \/>\n<meta property=\"article:publisher\" content=\"https:\/\/www.facebook.com\/Demos-Mobilia-1137017453131445\/\" \/>\n<meta property=\"article:modified_time\" content=\"2026-01-17T14:58:05+00:00\" \/>\n<meta property=\"og:image\" content=\"https:\/\/www.demosmobilia.ch\/wp-content\/uploads\/2024\/09\/gio-ponti-de-poli-enameled-metal-round-handle-01A-4-scaled.jpg\" \/>\n\t<meta property=\"og:image:width\" content=\"2560\" \/>\n\t<meta property=\"og:image:height\" content=\"1920\" \/>\n\t<meta property=\"og:image:type\" content=\"image\/jpeg\" \/>\n<meta name=\"twitter:card\" content=\"summary_large_image\" \/>\n<meta name=\"twitter:label1\" content=\"Gesch\u00e4tzte Lesezeit\" \/>\n\t<meta name=\"twitter:data1\" content=\"1\u00a0Minute\" \/>\n<script type=\"application\/ld+json\" class=\"yoast-schema-graph\">{\"@context\":\"https:\/\/schema.org\",\"@graph\":[{\"@type\":\"WebPage\",\"@id\":\"https:\/\/www.demosmobilia.ch\/de\/product\/doppelter-runder-emaillierter-tuergriff-4-paar-verfuegbar\/\",\"url\":\"https:\/\/www.demosmobilia.ch\/de\/product\/doppelter-runder-emaillierter-tuergriff-4-paar-verfuegbar\/\",\"name\":\"Runde emaillierte Griffe &#8211; demosmobilia\",\"isPartOf\":{\"@id\":\"https:\/\/www.demosmobilia.ch\/de\/#website\"},\"primaryImageOfPage\":{\"@id\":\"https:\/\/www.demosmobilia.ch\/de\/product\/doppelter-runder-emaillierter-tuergriff-4-paar-verfuegbar\/#primaryimage\"},\"image\":{\"@id\":\"https:\/\/www.demosmobilia.ch\/de\/product\/doppelter-runder-emaillierter-tuergriff-4-paar-verfuegbar\/#primaryimage\"},\"thumbnailUrl\":\"https:\/\/www.demosmobilia.ch\/wp-content\/uploads\/2024\/09\/gio-ponti-de-poli-enameled-metal-round-handle-01A-4-scaled.jpg\",\"datePublished\":\"2024-09-26T13:24:43+00:00\",\"dateModified\":\"2026-01-17T14:58:05+00:00\",\"breadcrumb\":{\"@id\":\"https:\/\/www.demosmobilia.ch\/de\/product\/doppelter-runder-emaillierter-tuergriff-4-paar-verfuegbar\/#breadcrumb\"},\"inLanguage\":\"de\",\"potentialAction\":[{\"@type\":\"ReadAction\",\"target\":[\"https:\/\/www.demosmobilia.ch\/de\/product\/doppelter-runder-emaillierter-tuergriff-4-paar-verfuegbar\/\"]}]},{\"@type\":\"ImageObject\",\"inLanguage\":\"de\",\"@id\":\"https:\/\/www.demosmobilia.ch\/de\/product\/doppelter-runder-emaillierter-tuergriff-4-paar-verfuegbar\/#primaryimage\",\"url\":\"https:\/\/www.demosmobilia.ch\/wp-content\/uploads\/2024\/09\/gio-ponti-de-poli-enameled-metal-round-handle-01A-4-scaled.jpg\",\"contentUrl\":\"https:\/\/www.demosmobilia.ch\/wp-content\/uploads\/2024\/09\/gio-ponti-de-poli-enameled-metal-round-handle-01A-4-scaled.jpg\",\"width\":2560,\"height\":1920},{\"@type\":\"BreadcrumbList\",\"@id\":\"https:\/\/www.demosmobilia.ch\/de\/product\/doppelter-runder-emaillierter-tuergriff-4-paar-verfuegbar\/#breadcrumb\",\"itemListElement\":[{\"@type\":\"ListItem\",\"position\":1,\"name\":\"Home\",\"item\":\"https:\/\/www.demosmobilia.ch\/de\/\"},{\"@type\":\"ListItem\",\"position\":2,\"name\":\"Produkte\",\"item\":\"https:\/\/www.demosmobilia.ch\/de\/shop\/\"},{\"@type\":\"ListItem\",\"position\":3,\"name\":\"Runde emaillierte Griffe\"}]},{\"@type\":\"WebSite\",\"@id\":\"https:\/\/www.demosmobilia.ch\/de\/#website\",\"url\":\"https:\/\/www.demosmobilia.ch\/de\/\",\"name\":\"demosmobilia\",\"description\":\"Vintage Mid Century Modern Design Furniture from the &#039;30s to the &#039;80s\",\"publisher\":{\"@id\":\"https:\/\/www.demosmobilia.ch\/de\/#organization\"},\"potentialAction\":[{\"@type\":\"SearchAction\",\"target\":{\"@type\":\"EntryPoint\",\"urlTemplate\":\"https:\/\/www.demosmobilia.ch\/de\/?s={search_term_string}\"},\"query-input\":{\"@type\":\"PropertyValueSpecification\",\"valueRequired\":true,\"valueName\":\"search_term_string\"}}],\"inLanguage\":\"de\"},{\"@type\":\"Organization\",\"@id\":\"https:\/\/www.demosmobilia.ch\/de\/#organization\",\"name\":\"demosmobilia\",\"url\":\"https:\/\/www.demosmobilia.ch\/de\/\",\"logo\":{\"@type\":\"ImageObject\",\"inLanguage\":\"de\",\"@id\":\"https:\/\/www.demosmobilia.ch\/de\/#\/schema\/logo\/image\/\",\"url\":\"https:\/\/www.demosmobilia.ch\/wp-content\/uploads\/2020\/07\/demosmobilia-logo-2020-230-160.png\",\"contentUrl\":\"https:\/\/www.demosmobilia.ch\/wp-content\/uploads\/2020\/07\/demosmobilia-logo-2020-230-160.png\",\"width\":230,\"height\":160,\"caption\":\"demosmobilia\"},\"image\":{\"@id\":\"https:\/\/www.demosmobilia.ch\/de\/#\/schema\/logo\/image\/\"},\"sameAs\":[\"https:\/\/www.facebook.com\/Demos-Mobilia-1137017453131445\/\",\"https:\/\/www.instagram.com\/demosmobilia\/\"]}]}<\/script>\n<!-- \/ Yoast SEO plugin. -->","yoast_head_json":{"title":"Runde emaillierte Griffe &#8211; demosmobilia","robots":{"index":"index","follow":"follow","max-snippet":"max-snippet:-1","max-image-preview":"max-image-preview:large","max-video-preview":"max-video-preview:-1"},"canonical":"https:\/\/www.demosmobilia.ch\/de\/product\/doppelter-runder-emaillierter-tuergriff-4-paar-verfuegbar\/","og_locale":"de_DE","og_type":"article","og_title":"Runde emaillierte Griffe &#8211; demosmobilia","og_description":"Preisangabe f\u00fcr ein PaarRead More &rarr;","og_url":"https:\/\/www.demosmobilia.ch\/de\/product\/doppelter-runder-emaillierter-tuergriff-4-paar-verfuegbar\/","og_site_name":"demosmobilia","article_publisher":"https:\/\/www.facebook.com\/Demos-Mobilia-1137017453131445\/","article_modified_time":"2026-01-17T14:58:05+00:00","og_image":[{"width":2560,"height":1920,"url":"https:\/\/www.demosmobilia.ch\/wp-content\/uploads\/2024\/09\/gio-ponti-de-poli-enameled-metal-round-handle-01A-4-scaled.jpg","type":"image\/jpeg"}],"twitter_card":"summary_large_image","twitter_misc":{"Gesch\u00e4tzte Lesezeit":"1\u00a0Minute"},"schema":{"@context":"https:\/\/schema.org","@graph":[{"@type":"WebPage","@id":"https:\/\/www.demosmobilia.ch\/de\/product\/doppelter-runder-emaillierter-tuergriff-4-paar-verfuegbar\/","url":"https:\/\/www.demosmobilia.ch\/de\/product\/doppelter-runder-emaillierter-tuergriff-4-paar-verfuegbar\/","name":"Runde emaillierte Griffe &#8211; demosmobilia","isPartOf":{"@id":"https:\/\/www.demosmobilia.ch\/de\/#website"},"primaryImageOfPage":{"@id":"https:\/\/www.demosmobilia.ch\/de\/product\/doppelter-runder-emaillierter-tuergriff-4-paar-verfuegbar\/#primaryimage"},"image":{"@id":"https:\/\/www.demosmobilia.ch\/de\/product\/doppelter-runder-emaillierter-tuergriff-4-paar-verfuegbar\/#primaryimage"},"thumbnailUrl":"https:\/\/www.demosmobilia.ch\/wp-content\/uploads\/2024\/09\/gio-ponti-de-poli-enameled-metal-round-handle-01A-4-scaled.jpg","datePublished":"2024-09-26T13:24:43+00:00","dateModified":"2026-01-17T14:58:05+00:00","breadcrumb":{"@id":"https:\/\/www.demosmobilia.ch\/de\/product\/doppelter-runder-emaillierter-tuergriff-4-paar-verfuegbar\/#breadcrumb"},"inLanguage":"de","potentialAction":[{"@type":"ReadAction","target":["https:\/\/www.demosmobilia.ch\/de\/product\/doppelter-runder-emaillierter-tuergriff-4-paar-verfuegbar\/"]}]},{"@type":"ImageObject","inLanguage":"de","@id":"https:\/\/www.demosmobilia.ch\/de\/product\/doppelter-runder-emaillierter-tuergriff-4-paar-verfuegbar\/#primaryimage","url":"https:\/\/www.demosmobilia.ch\/wp-content\/uploads\/2024\/09\/gio-ponti-de-poli-enameled-metal-round-handle-01A-4-scaled.jpg","contentUrl":"https:\/\/www.demosmobilia.ch\/wp-content\/uploads\/2024\/09\/gio-ponti-de-poli-enameled-metal-round-handle-01A-4-scaled.jpg","width":2560,"height":1920},{"@type":"BreadcrumbList","@id":"https:\/\/www.demosmobilia.ch\/de\/product\/doppelter-runder-emaillierter-tuergriff-4-paar-verfuegbar\/#breadcrumb","itemListElement":[{"@type":"ListItem","position":1,"name":"Home","item":"https:\/\/www.demosmobilia.ch\/de\/"},{"@type":"ListItem","position":2,"name":"Produkte","item":"https:\/\/www.demosmobilia.ch\/de\/shop\/"},{"@type":"ListItem","position":3,"name":"Runde emaillierte Griffe"}]},{"@type":"WebSite","@id":"https:\/\/www.demosmobilia.ch\/de\/#website","url":"https:\/\/www.demosmobilia.ch\/de\/","name":"demosmobilia","description":"Vintage Mid Century Modern Design Furniture from the &#039;30s to the &#039;80s","publisher":{"@id":"https:\/\/www.demosmobilia.ch\/de\/#organization"},"potentialAction":[{"@type":"SearchAction","target":{"@type":"EntryPoint","urlTemplate":"https:\/\/www.demosmobilia.ch\/de\/?s={search_term_string}"},"query-input":{"@type":"PropertyValueSpecification","valueRequired":true,"valueName":"search_term_string"}}],"inLanguage":"de"},{"@type":"Organization","@id":"https:\/\/www.demosmobilia.ch\/de\/#organization","name":"demosmobilia","url":"https:\/\/www.demosmobilia.ch\/de\/","logo":{"@type":"ImageObject","inLanguage":"de","@id":"https:\/\/www.demosmobilia.ch\/de\/#\/schema\/logo\/image\/","url":"https:\/\/www.demosmobilia.ch\/wp-content\/uploads\/2020\/07\/demosmobilia-logo-2020-230-160.png","contentUrl":"https:\/\/www.demosmobilia.ch\/wp-content\/uploads\/2020\/07\/demosmobilia-logo-2020-230-160.png","width":230,"height":160,"caption":"demosmobilia"},"image":{"@id":"https:\/\/www.demosmobilia.ch\/de\/#\/schema\/logo\/image\/"},"sameAs":["https:\/\/www.facebook.com\/Demos-Mobilia-1137017453131445\/","https:\/\/www.instagram.com\/demosmobilia\/"]}]}},"_links":{"self":[{"href":"https:\/\/www.demosmobilia.ch\/de\/wp-json\/wp\/v2\/product\/76544","targetHints":{"allow":["GET"]}}],"collection":[{"href":"https:\/\/www.demosmobilia.ch\/de\/wp-json\/wp\/v2\/product"}],"about":[{"href":"https:\/\/www.demosmobilia.ch\/de\/wp-json\/wp\/v2\/types\/product"}],"wp:featuredmedia":[{"embeddable":true,"href":"https:\/\/www.demosmobilia.ch\/de\/wp-json\/wp\/v2\/media\/77951"}],"wp:attachment":[{"href":"https:\/\/www.demosmobilia.ch\/de\/wp-json\/wp\/v2\/media?parent=76544"}],"wp:term":[{"taxonomy":"product_cat","embeddable":true,"href":"https:\/\/www.demosmobilia.ch\/de\/wp-json\/wp\/v2\/product_cat?post=76544"},{"taxonomy":"product_tag","embeddable":true,"href":"https:\/\/www.demosmobilia.ch\/de\/wp-json\/wp\/v2\/product_tag?post=76544"}],"curies":[{"name":"wp","href":"https:\/\/api.w.org\/{rel}","templated":true}]}}