{"id":69582,"date":"2023-11-23T08:00:23","date_gmt":"2023-11-23T07:00:23","guid":{"rendered":"https:\/\/www.demosmobilia.ch\/product\/tapiorso-teppich-neuauflage-der-tapizoo-serie\/"},"modified":"2023-11-23T10:12:11","modified_gmt":"2023-11-23T09:12:11","slug":"tapiorso-teppich-neuauflage-der-tapizoo-serie","status":"publish","type":"product","link":"https:\/\/www.demosmobilia.ch\/de\/product\/tapiorso-teppich-neuauflage-der-tapizoo-serie\/","title":{"rendered":"Tapiorso-Teppich, Neuauflage der Tapizoo-Serie"},"content":{"rendered":"<p>Die von Amini neu aufgelegten Teppiche aus reiner Wolle, die urspr\u00fcnglich auf einem halbmechanischen Webstuhl hergestellt wurden, sind handgekn\u00fcpft und verf\u00fcgen \u00fcber einen zweistufigen, geschnitzten Flor. Die Kollektion zeichnet sich durch vier verschiedene Tiermotive aus: der Leopard, Tapipardo, in Orange auf blauem Grund; der L\u00f6we, Tapileo, in Ocker auf gelbem Grund; der B\u00e4r, Tapiorso, in Wei\u00df auf elfenbeinfarbenem Grund; der Drache, Tapidrago, in Gr\u00fcn auf wei\u00dfem Grund. Das letzte Exemplar, das sich von den anderen unterscheidet, ist in vier gleiche Teile unterteilt und kann je nach Bedarf zusammengesetzt werden: als L\u00e4ufer, um einen Eingang oder einen Flur zu versch\u00f6nern, oder als Teppich, der den perfekten Protagonisten f\u00fcr jeden Wohnbereich darstellt.<\/p>\n<p>Roberto Gabetti und Aimaro Isola<br \/>\nDas Architekturb\u00fcro Gabetti &#038; Isola, das von 1950 bis 2000 t\u00e4tig war, ist die Frucht einer der produktivsten Berufsvereinigungen im Panorama der modernen und zeitgen\u00f6ssischen Architektur, die auf nationaler und internationaler Ebene anerkannt ist. Die Sensibilit\u00e4t f\u00fcr den historischen Kontext und die Aufmerksamkeit, die den Themen Landschaft und Umwelt gewidmet ist, haben die zahlreichen und renommierten Werke des B\u00fcros ausgezeichnet. Ihre Entw\u00fcrfe, die im Gegensatz zur stereotypen Architektur der Zeit entstanden sind, haben eine umfassende Debatte \u00fcber das Verh\u00e4ltnis zwischen Moderne und Tradition ausgel\u00f6st.<\/p>\n","protected":false},"excerpt":{"rendered":"<p>Preis +MwSt. des Empf\u00e4ngerlandes<a class=\"more-link\" href=\"https:\/\/www.demosmobilia.ch\/de\/product\/tapiorso-teppich-neuauflage-der-tapizoo-serie\/\">Read More &rarr;<\/a><\/p>\n","protected":false},"featured_media":69526,"template":"","meta":{"_monsterinsights_skip_tracking":false,"_monsterinsights_sitenote_active":false,"_monsterinsights_sitenote_note":"","_monsterinsights_sitenote_category":0,"kk_blocks_editor_width":"","_kiokenblocks_attr":"","_kiokenblocks_dimensions":""},"product_cat":[4149],"product_tag":[11058],"class_list":{"0":"entry","1":"author-demosmobilia","2":"has-excerpt","3":"post-69582","4":"product","5":"type-product","6":"status-publish","7":"has-post-thumbnail","8":"product_production-amini-carpets","9":"product_year-1970-2023","10":"product_nation-italien-de","11":"product_cat-amini-teppiche","12":"product_tag-gabetti-isola-de","13":"pa_product_dimension-250-x-200-cm-de-2","14":"pa_product_material-reine-handgeknupfte-wolle","16":"first","17":"instock","18":"featured","19":"shipping-taxable","20":"purchasable","21":"product-type-simple"},"yoast_head":"<!-- This site is optimized with the Yoast SEO plugin v24.0 - https:\/\/yoast.com\/wordpress\/plugins\/seo\/ -->\n<title>Tapiorso-Teppich, Neuauflage der Tapizoo-Serie &#8211; demosmobilia<\/title>\n<meta name=\"robots\" content=\"index, follow, max-snippet:-1, max-image-preview:large, max-video-preview:-1\" \/>\n<link rel=\"canonical\" href=\"https:\/\/www.demosmobilia.ch\/de\/product\/tapiorso-teppich-neuauflage-der-tapizoo-serie\/\" \/>\n<meta property=\"og:locale\" content=\"de_DE\" \/>\n<meta property=\"og:type\" content=\"article\" \/>\n<meta property=\"og:title\" content=\"Tapiorso-Teppich, Neuauflage der Tapizoo-Serie &#8211; demosmobilia\" \/>\n<meta property=\"og:description\" content=\"Preis +MwSt. des Empf\u00e4ngerlandesRead More &rarr;\" \/>\n<meta property=\"og:url\" content=\"https:\/\/www.demosmobilia.ch\/de\/product\/tapiorso-teppich-neuauflage-der-tapizoo-serie\/\" \/>\n<meta property=\"og:site_name\" content=\"demosmobilia\" \/>\n<meta property=\"article:publisher\" content=\"https:\/\/www.facebook.com\/Demos-Mobilia-1137017453131445\/\" \/>\n<meta property=\"article:modified_time\" content=\"2023-11-23T09:12:11+00:00\" \/>\n<meta property=\"og:image\" content=\"https:\/\/www.demosmobilia.ch\/wp-content\/uploads\/2023\/11\/01_AMINI_Tapizoo_Tapiorso_design-by-GabettiIsola-scaled.jpg\" \/>\n\t<meta property=\"og:image:width\" content=\"2560\" \/>\n\t<meta property=\"og:image:height\" content=\"1920\" \/>\n\t<meta property=\"og:image:type\" content=\"image\/jpeg\" \/>\n<meta name=\"twitter:card\" content=\"summary_large_image\" \/>\n<meta name=\"twitter:label1\" content=\"Gesch\u00e4tzte Lesezeit\" \/>\n\t<meta name=\"twitter:data1\" content=\"1\u00a0Minute\" \/>\n<script type=\"application\/ld+json\" class=\"yoast-schema-graph\">{\"@context\":\"https:\/\/schema.org\",\"@graph\":[{\"@type\":\"WebPage\",\"@id\":\"https:\/\/www.demosmobilia.ch\/de\/product\/tapiorso-teppich-neuauflage-der-tapizoo-serie\/\",\"url\":\"https:\/\/www.demosmobilia.ch\/de\/product\/tapiorso-teppich-neuauflage-der-tapizoo-serie\/\",\"name\":\"Tapiorso-Teppich, Neuauflage der Tapizoo-Serie &#8211; demosmobilia\",\"isPartOf\":{\"@id\":\"https:\/\/www.demosmobilia.ch\/de\/#website\"},\"primaryImageOfPage\":{\"@id\":\"https:\/\/www.demosmobilia.ch\/de\/product\/tapiorso-teppich-neuauflage-der-tapizoo-serie\/#primaryimage\"},\"image\":{\"@id\":\"https:\/\/www.demosmobilia.ch\/de\/product\/tapiorso-teppich-neuauflage-der-tapizoo-serie\/#primaryimage\"},\"thumbnailUrl\":\"https:\/\/www.demosmobilia.ch\/wp-content\/uploads\/2023\/11\/01_AMINI_Tapizoo_Tapiorso_design-by-GabettiIsola-scaled.jpg\",\"datePublished\":\"2023-11-23T07:00:23+00:00\",\"dateModified\":\"2023-11-23T09:12:11+00:00\",\"breadcrumb\":{\"@id\":\"https:\/\/www.demosmobilia.ch\/de\/product\/tapiorso-teppich-neuauflage-der-tapizoo-serie\/#breadcrumb\"},\"inLanguage\":\"de\",\"potentialAction\":[{\"@type\":\"ReadAction\",\"target\":[\"https:\/\/www.demosmobilia.ch\/de\/product\/tapiorso-teppich-neuauflage-der-tapizoo-serie\/\"]}]},{\"@type\":\"ImageObject\",\"inLanguage\":\"de\",\"@id\":\"https:\/\/www.demosmobilia.ch\/de\/product\/tapiorso-teppich-neuauflage-der-tapizoo-serie\/#primaryimage\",\"url\":\"https:\/\/www.demosmobilia.ch\/wp-content\/uploads\/2023\/11\/01_AMINI_Tapizoo_Tapiorso_design-by-GabettiIsola-scaled.jpg\",\"contentUrl\":\"https:\/\/www.demosmobilia.ch\/wp-content\/uploads\/2023\/11\/01_AMINI_Tapizoo_Tapiorso_design-by-GabettiIsola-scaled.jpg\",\"width\":2560,\"height\":1920},{\"@type\":\"BreadcrumbList\",\"@id\":\"https:\/\/www.demosmobilia.ch\/de\/product\/tapiorso-teppich-neuauflage-der-tapizoo-serie\/#breadcrumb\",\"itemListElement\":[{\"@type\":\"ListItem\",\"position\":1,\"name\":\"Home\",\"item\":\"https:\/\/www.demosmobilia.ch\/de\/\"},{\"@type\":\"ListItem\",\"position\":2,\"name\":\"Produkte\",\"item\":\"https:\/\/www.demosmobilia.ch\/de\/shop\/\"},{\"@type\":\"ListItem\",\"position\":3,\"name\":\"Tapiorso-Teppich, Neuauflage der Tapizoo-Serie\"}]},{\"@type\":\"WebSite\",\"@id\":\"https:\/\/www.demosmobilia.ch\/de\/#website\",\"url\":\"https:\/\/www.demosmobilia.ch\/de\/\",\"name\":\"demosmobilia\",\"description\":\"Vintage Mid Century Modern Design Furniture from the &#039;30s to the &#039;80s\",\"publisher\":{\"@id\":\"https:\/\/www.demosmobilia.ch\/de\/#organization\"},\"potentialAction\":[{\"@type\":\"SearchAction\",\"target\":{\"@type\":\"EntryPoint\",\"urlTemplate\":\"https:\/\/www.demosmobilia.ch\/de\/?s={search_term_string}\"},\"query-input\":{\"@type\":\"PropertyValueSpecification\",\"valueRequired\":true,\"valueName\":\"search_term_string\"}}],\"inLanguage\":\"de\"},{\"@type\":\"Organization\",\"@id\":\"https:\/\/www.demosmobilia.ch\/de\/#organization\",\"name\":\"demosmobilia\",\"url\":\"https:\/\/www.demosmobilia.ch\/de\/\",\"logo\":{\"@type\":\"ImageObject\",\"inLanguage\":\"de\",\"@id\":\"https:\/\/www.demosmobilia.ch\/de\/#\/schema\/logo\/image\/\",\"url\":\"https:\/\/www.demosmobilia.ch\/wp-content\/uploads\/2020\/07\/demosmobilia-logo-2020-230-160.png\",\"contentUrl\":\"https:\/\/www.demosmobilia.ch\/wp-content\/uploads\/2020\/07\/demosmobilia-logo-2020-230-160.png\",\"width\":230,\"height\":160,\"caption\":\"demosmobilia\"},\"image\":{\"@id\":\"https:\/\/www.demosmobilia.ch\/de\/#\/schema\/logo\/image\/\"},\"sameAs\":[\"https:\/\/www.facebook.com\/Demos-Mobilia-1137017453131445\/\",\"https:\/\/www.instagram.com\/demosmobilia\/\"]}]}<\/script>\n<!-- \/ Yoast SEO plugin. -->","yoast_head_json":{"title":"Tapiorso-Teppich, Neuauflage der Tapizoo-Serie &#8211; demosmobilia","robots":{"index":"index","follow":"follow","max-snippet":"max-snippet:-1","max-image-preview":"max-image-preview:large","max-video-preview":"max-video-preview:-1"},"canonical":"https:\/\/www.demosmobilia.ch\/de\/product\/tapiorso-teppich-neuauflage-der-tapizoo-serie\/","og_locale":"de_DE","og_type":"article","og_title":"Tapiorso-Teppich, Neuauflage der Tapizoo-Serie &#8211; demosmobilia","og_description":"Preis +MwSt. des Empf\u00e4ngerlandesRead More &rarr;","og_url":"https:\/\/www.demosmobilia.ch\/de\/product\/tapiorso-teppich-neuauflage-der-tapizoo-serie\/","og_site_name":"demosmobilia","article_publisher":"https:\/\/www.facebook.com\/Demos-Mobilia-1137017453131445\/","article_modified_time":"2023-11-23T09:12:11+00:00","og_image":[{"width":2560,"height":1920,"url":"https:\/\/www.demosmobilia.ch\/wp-content\/uploads\/2023\/11\/01_AMINI_Tapizoo_Tapiorso_design-by-GabettiIsola-scaled.jpg","type":"image\/jpeg"}],"twitter_card":"summary_large_image","twitter_misc":{"Gesch\u00e4tzte Lesezeit":"1\u00a0Minute"},"schema":{"@context":"https:\/\/schema.org","@graph":[{"@type":"WebPage","@id":"https:\/\/www.demosmobilia.ch\/de\/product\/tapiorso-teppich-neuauflage-der-tapizoo-serie\/","url":"https:\/\/www.demosmobilia.ch\/de\/product\/tapiorso-teppich-neuauflage-der-tapizoo-serie\/","name":"Tapiorso-Teppich, Neuauflage der Tapizoo-Serie &#8211; demosmobilia","isPartOf":{"@id":"https:\/\/www.demosmobilia.ch\/de\/#website"},"primaryImageOfPage":{"@id":"https:\/\/www.demosmobilia.ch\/de\/product\/tapiorso-teppich-neuauflage-der-tapizoo-serie\/#primaryimage"},"image":{"@id":"https:\/\/www.demosmobilia.ch\/de\/product\/tapiorso-teppich-neuauflage-der-tapizoo-serie\/#primaryimage"},"thumbnailUrl":"https:\/\/www.demosmobilia.ch\/wp-content\/uploads\/2023\/11\/01_AMINI_Tapizoo_Tapiorso_design-by-GabettiIsola-scaled.jpg","datePublished":"2023-11-23T07:00:23+00:00","dateModified":"2023-11-23T09:12:11+00:00","breadcrumb":{"@id":"https:\/\/www.demosmobilia.ch\/de\/product\/tapiorso-teppich-neuauflage-der-tapizoo-serie\/#breadcrumb"},"inLanguage":"de","potentialAction":[{"@type":"ReadAction","target":["https:\/\/www.demosmobilia.ch\/de\/product\/tapiorso-teppich-neuauflage-der-tapizoo-serie\/"]}]},{"@type":"ImageObject","inLanguage":"de","@id":"https:\/\/www.demosmobilia.ch\/de\/product\/tapiorso-teppich-neuauflage-der-tapizoo-serie\/#primaryimage","url":"https:\/\/www.demosmobilia.ch\/wp-content\/uploads\/2023\/11\/01_AMINI_Tapizoo_Tapiorso_design-by-GabettiIsola-scaled.jpg","contentUrl":"https:\/\/www.demosmobilia.ch\/wp-content\/uploads\/2023\/11\/01_AMINI_Tapizoo_Tapiorso_design-by-GabettiIsola-scaled.jpg","width":2560,"height":1920},{"@type":"BreadcrumbList","@id":"https:\/\/www.demosmobilia.ch\/de\/product\/tapiorso-teppich-neuauflage-der-tapizoo-serie\/#breadcrumb","itemListElement":[{"@type":"ListItem","position":1,"name":"Home","item":"https:\/\/www.demosmobilia.ch\/de\/"},{"@type":"ListItem","position":2,"name":"Produkte","item":"https:\/\/www.demosmobilia.ch\/de\/shop\/"},{"@type":"ListItem","position":3,"name":"Tapiorso-Teppich, Neuauflage der Tapizoo-Serie"}]},{"@type":"WebSite","@id":"https:\/\/www.demosmobilia.ch\/de\/#website","url":"https:\/\/www.demosmobilia.ch\/de\/","name":"demosmobilia","description":"Vintage Mid Century Modern Design Furniture from the &#039;30s to the &#039;80s","publisher":{"@id":"https:\/\/www.demosmobilia.ch\/de\/#organization"},"potentialAction":[{"@type":"SearchAction","target":{"@type":"EntryPoint","urlTemplate":"https:\/\/www.demosmobilia.ch\/de\/?s={search_term_string}"},"query-input":{"@type":"PropertyValueSpecification","valueRequired":true,"valueName":"search_term_string"}}],"inLanguage":"de"},{"@type":"Organization","@id":"https:\/\/www.demosmobilia.ch\/de\/#organization","name":"demosmobilia","url":"https:\/\/www.demosmobilia.ch\/de\/","logo":{"@type":"ImageObject","inLanguage":"de","@id":"https:\/\/www.demosmobilia.ch\/de\/#\/schema\/logo\/image\/","url":"https:\/\/www.demosmobilia.ch\/wp-content\/uploads\/2020\/07\/demosmobilia-logo-2020-230-160.png","contentUrl":"https:\/\/www.demosmobilia.ch\/wp-content\/uploads\/2020\/07\/demosmobilia-logo-2020-230-160.png","width":230,"height":160,"caption":"demosmobilia"},"image":{"@id":"https:\/\/www.demosmobilia.ch\/de\/#\/schema\/logo\/image\/"},"sameAs":["https:\/\/www.facebook.com\/Demos-Mobilia-1137017453131445\/","https:\/\/www.instagram.com\/demosmobilia\/"]}]}},"_links":{"self":[{"href":"https:\/\/www.demosmobilia.ch\/de\/wp-json\/wp\/v2\/product\/69582","targetHints":{"allow":["GET"]}}],"collection":[{"href":"https:\/\/www.demosmobilia.ch\/de\/wp-json\/wp\/v2\/product"}],"about":[{"href":"https:\/\/www.demosmobilia.ch\/de\/wp-json\/wp\/v2\/types\/product"}],"wp:featuredmedia":[{"embeddable":true,"href":"https:\/\/www.demosmobilia.ch\/de\/wp-json\/wp\/v2\/media\/69526"}],"wp:attachment":[{"href":"https:\/\/www.demosmobilia.ch\/de\/wp-json\/wp\/v2\/media?parent=69582"}],"wp:term":[{"taxonomy":"product_cat","embeddable":true,"href":"https:\/\/www.demosmobilia.ch\/de\/wp-json\/wp\/v2\/product_cat?post=69582"},{"taxonomy":"product_tag","embeddable":true,"href":"https:\/\/www.demosmobilia.ch\/de\/wp-json\/wp\/v2\/product_tag?post=69582"}],"curies":[{"name":"wp","href":"https:\/\/api.w.org\/{rel}","templated":true}]}}