{"id":53079,"date":"2021-07-06T15:27:42","date_gmt":"2021-07-06T13:27:42","guid":{"rendered":"https:\/\/www.demosmobilia.ch\/product\/1923-bauhaus-multifunktions-tischleuchte\/"},"modified":"2021-07-06T15:27:42","modified_gmt":"2021-07-06T13:27:42","slug":"1923-bauhaus-multifunktions-tischleuchte","status":"publish","type":"product","link":"https:\/\/www.demosmobilia.ch\/de\/product\/1923-bauhaus-multifunktions-tischleuchte\/","title":{"rendered":"1923, Bauhaus Multifunktions-Tischleuchte"},"content":{"rendered":"<p>Gro\u00dfe Tischleuchte, die urspr\u00fcnglich 1923 entworfen wurde, aber aus einer sp\u00e4teren Produktion stammt, wahrscheinlich aus den 1970er Jahren. Diese Tischleuchte aus Metall kann in alle m\u00f6glichen Positionen gebracht werden. Der Schirm der Leuchte kann verstellt werden, ebenso die Position der Leuchte.<\/p>\n","protected":false},"excerpt":{"rendered":"<p>Gro\u00dfe Tischleuchte, die urspr\u00fcnglich 1923 entworfen wurde, aber aus einer sp\u00e4teren Produktion stammt, wahrscheinlich aus den 1970er Jahren. Diese Tischleuchte aus Metall kann in alle m\u00f6glichen Positionen gebracht werden. Der Schirm der Leuchte kann verstellt werden, ebenso die Position der Leuchte.<a class=\"more-link\" href=\"https:\/\/www.demosmobilia.ch\/de\/product\/1923-bauhaus-multifunktions-tischleuchte\/\">Read More &rarr;<\/a><\/p>\n","protected":false},"featured_media":53064,"template":"","meta":{"_monsterinsights_skip_tracking":false,"_monsterinsights_sitenote_active":false,"_monsterinsights_sitenote_note":"","_monsterinsights_sitenote_category":0,"kk_blocks_editor_width":"","_kiokenblocks_attr":"","_kiokenblocks_dimensions":""},"product_cat":[4127],"product_tag":[7296],"class_list":{"0":"entry","1":"author-demosmobilia","2":"post-53079","3":"product","4":"type-product","5":"status-publish","6":"has-post-thumbnail","7":"product_year-7289","8":"product_nation-deutschland","9":"product_cat-tischleuchten","10":"product_tag-jucker-carl-j-de","11":"pa_product_dimension-53-x-33-x-ht-47-cm-de","12":"pa_product_material-alluminium-stahl","14":"first","15":"instock","16":"shipping-taxable","17":"purchasable","18":"product-type-simple"},"yoast_head":"<!-- This site is optimized with the Yoast SEO plugin v24.0 - https:\/\/yoast.com\/wordpress\/plugins\/seo\/ -->\n<title>1923, Bauhaus Multifunktions-Tischleuchte &#8211; demosmobilia<\/title>\n<meta name=\"robots\" content=\"index, follow, max-snippet:-1, max-image-preview:large, max-video-preview:-1\" \/>\n<link rel=\"canonical\" href=\"https:\/\/www.demosmobilia.ch\/de\/product\/1923-bauhaus-multifunktions-tischleuchte\/\" \/>\n<meta property=\"og:locale\" content=\"de_DE\" \/>\n<meta property=\"og:type\" content=\"article\" \/>\n<meta property=\"og:title\" content=\"1923, Bauhaus Multifunktions-Tischleuchte &#8211; demosmobilia\" \/>\n<meta property=\"og:description\" content=\"Gro\u00dfe Tischleuchte, die urspr\u00fcnglich 1923 entworfen wurde, aber aus einer sp\u00e4teren Produktion stammt, wahrscheinlich aus den 1970er Jahren. Diese Tischleuchte aus Metall kann in alle m\u00f6glichen Positionen gebracht werden. Der Schirm der Leuchte kann verstellt werden, ebenso die Position der Leuchte.Read More &rarr;\" \/>\n<meta property=\"og:url\" content=\"https:\/\/www.demosmobilia.ch\/de\/product\/1923-bauhaus-multifunktions-tischleuchte\/\" \/>\n<meta property=\"og:site_name\" content=\"demosmobilia\" \/>\n<meta property=\"article:publisher\" content=\"https:\/\/www.facebook.com\/Demos-Mobilia-1137017453131445\/\" \/>\n<meta property=\"og:image\" content=\"https:\/\/www.demosmobilia.ch\/wp-content\/uploads\/2021\/07\/desk-table-lamp-carl-j-jucker-1960-design-01A.jpg\" \/>\n\t<meta property=\"og:image:width\" content=\"1200\" \/>\n\t<meta property=\"og:image:height\" content=\"900\" \/>\n\t<meta property=\"og:image:type\" content=\"image\/jpeg\" \/>\n<meta name=\"twitter:card\" content=\"summary_large_image\" \/>\n<script type=\"application\/ld+json\" class=\"yoast-schema-graph\">{\"@context\":\"https:\/\/schema.org\",\"@graph\":[{\"@type\":\"WebPage\",\"@id\":\"https:\/\/www.demosmobilia.ch\/de\/product\/1923-bauhaus-multifunktions-tischleuchte\/\",\"url\":\"https:\/\/www.demosmobilia.ch\/de\/product\/1923-bauhaus-multifunktions-tischleuchte\/\",\"name\":\"1923, Bauhaus Multifunktions-Tischleuchte &#8211; demosmobilia\",\"isPartOf\":{\"@id\":\"https:\/\/www.demosmobilia.ch\/de\/#website\"},\"primaryImageOfPage\":{\"@id\":\"https:\/\/www.demosmobilia.ch\/de\/product\/1923-bauhaus-multifunktions-tischleuchte\/#primaryimage\"},\"image\":{\"@id\":\"https:\/\/www.demosmobilia.ch\/de\/product\/1923-bauhaus-multifunktions-tischleuchte\/#primaryimage\"},\"thumbnailUrl\":\"https:\/\/www.demosmobilia.ch\/wp-content\/uploads\/2021\/07\/desk-table-lamp-carl-j-jucker-1960-design-01A.jpg\",\"datePublished\":\"2021-07-06T13:27:42+00:00\",\"dateModified\":\"2021-07-06T13:27:42+00:00\",\"breadcrumb\":{\"@id\":\"https:\/\/www.demosmobilia.ch\/de\/product\/1923-bauhaus-multifunktions-tischleuchte\/#breadcrumb\"},\"inLanguage\":\"de\",\"potentialAction\":[{\"@type\":\"ReadAction\",\"target\":[\"https:\/\/www.demosmobilia.ch\/de\/product\/1923-bauhaus-multifunktions-tischleuchte\/\"]}]},{\"@type\":\"ImageObject\",\"inLanguage\":\"de\",\"@id\":\"https:\/\/www.demosmobilia.ch\/de\/product\/1923-bauhaus-multifunktions-tischleuchte\/#primaryimage\",\"url\":\"https:\/\/www.demosmobilia.ch\/wp-content\/uploads\/2021\/07\/desk-table-lamp-carl-j-jucker-1960-design-01A.jpg\",\"contentUrl\":\"https:\/\/www.demosmobilia.ch\/wp-content\/uploads\/2021\/07\/desk-table-lamp-carl-j-jucker-1960-design-01A.jpg\",\"width\":1200,\"height\":900},{\"@type\":\"BreadcrumbList\",\"@id\":\"https:\/\/www.demosmobilia.ch\/de\/product\/1923-bauhaus-multifunktions-tischleuchte\/#breadcrumb\",\"itemListElement\":[{\"@type\":\"ListItem\",\"position\":1,\"name\":\"Home\",\"item\":\"https:\/\/www.demosmobilia.ch\/de\/\"},{\"@type\":\"ListItem\",\"position\":2,\"name\":\"Produkte\",\"item\":\"https:\/\/www.demosmobilia.ch\/de\/shop\/\"},{\"@type\":\"ListItem\",\"position\":3,\"name\":\"1923, Bauhaus Multifunktions-Tischleuchte\"}]},{\"@type\":\"WebSite\",\"@id\":\"https:\/\/www.demosmobilia.ch\/de\/#website\",\"url\":\"https:\/\/www.demosmobilia.ch\/de\/\",\"name\":\"demosmobilia\",\"description\":\"Vintage Mid Century Modern Design Furniture from the &#039;30s to the &#039;80s\",\"publisher\":{\"@id\":\"https:\/\/www.demosmobilia.ch\/de\/#organization\"},\"potentialAction\":[{\"@type\":\"SearchAction\",\"target\":{\"@type\":\"EntryPoint\",\"urlTemplate\":\"https:\/\/www.demosmobilia.ch\/de\/?s={search_term_string}\"},\"query-input\":{\"@type\":\"PropertyValueSpecification\",\"valueRequired\":true,\"valueName\":\"search_term_string\"}}],\"inLanguage\":\"de\"},{\"@type\":\"Organization\",\"@id\":\"https:\/\/www.demosmobilia.ch\/de\/#organization\",\"name\":\"demosmobilia\",\"url\":\"https:\/\/www.demosmobilia.ch\/de\/\",\"logo\":{\"@type\":\"ImageObject\",\"inLanguage\":\"de\",\"@id\":\"https:\/\/www.demosmobilia.ch\/de\/#\/schema\/logo\/image\/\",\"url\":\"https:\/\/www.demosmobilia.ch\/wp-content\/uploads\/2020\/07\/demosmobilia-logo-2020-230-160.png\",\"contentUrl\":\"https:\/\/www.demosmobilia.ch\/wp-content\/uploads\/2020\/07\/demosmobilia-logo-2020-230-160.png\",\"width\":230,\"height\":160,\"caption\":\"demosmobilia\"},\"image\":{\"@id\":\"https:\/\/www.demosmobilia.ch\/de\/#\/schema\/logo\/image\/\"},\"sameAs\":[\"https:\/\/www.facebook.com\/Demos-Mobilia-1137017453131445\/\",\"https:\/\/www.instagram.com\/demosmobilia\/\"]}]}<\/script>\n<!-- \/ Yoast SEO plugin. -->","yoast_head_json":{"title":"1923, Bauhaus Multifunktions-Tischleuchte &#8211; demosmobilia","robots":{"index":"index","follow":"follow","max-snippet":"max-snippet:-1","max-image-preview":"max-image-preview:large","max-video-preview":"max-video-preview:-1"},"canonical":"https:\/\/www.demosmobilia.ch\/de\/product\/1923-bauhaus-multifunktions-tischleuchte\/","og_locale":"de_DE","og_type":"article","og_title":"1923, Bauhaus Multifunktions-Tischleuchte &#8211; demosmobilia","og_description":"Gro\u00dfe Tischleuchte, die urspr\u00fcnglich 1923 entworfen wurde, aber aus einer sp\u00e4teren Produktion stammt, wahrscheinlich aus den 1970er Jahren. Diese Tischleuchte aus Metall kann in alle m\u00f6glichen Positionen gebracht werden. Der Schirm der Leuchte kann verstellt werden, ebenso die Position der Leuchte.Read More &rarr;","og_url":"https:\/\/www.demosmobilia.ch\/de\/product\/1923-bauhaus-multifunktions-tischleuchte\/","og_site_name":"demosmobilia","article_publisher":"https:\/\/www.facebook.com\/Demos-Mobilia-1137017453131445\/","og_image":[{"width":1200,"height":900,"url":"https:\/\/www.demosmobilia.ch\/wp-content\/uploads\/2021\/07\/desk-table-lamp-carl-j-jucker-1960-design-01A.jpg","type":"image\/jpeg"}],"twitter_card":"summary_large_image","schema":{"@context":"https:\/\/schema.org","@graph":[{"@type":"WebPage","@id":"https:\/\/www.demosmobilia.ch\/de\/product\/1923-bauhaus-multifunktions-tischleuchte\/","url":"https:\/\/www.demosmobilia.ch\/de\/product\/1923-bauhaus-multifunktions-tischleuchte\/","name":"1923, Bauhaus Multifunktions-Tischleuchte &#8211; demosmobilia","isPartOf":{"@id":"https:\/\/www.demosmobilia.ch\/de\/#website"},"primaryImageOfPage":{"@id":"https:\/\/www.demosmobilia.ch\/de\/product\/1923-bauhaus-multifunktions-tischleuchte\/#primaryimage"},"image":{"@id":"https:\/\/www.demosmobilia.ch\/de\/product\/1923-bauhaus-multifunktions-tischleuchte\/#primaryimage"},"thumbnailUrl":"https:\/\/www.demosmobilia.ch\/wp-content\/uploads\/2021\/07\/desk-table-lamp-carl-j-jucker-1960-design-01A.jpg","datePublished":"2021-07-06T13:27:42+00:00","dateModified":"2021-07-06T13:27:42+00:00","breadcrumb":{"@id":"https:\/\/www.demosmobilia.ch\/de\/product\/1923-bauhaus-multifunktions-tischleuchte\/#breadcrumb"},"inLanguage":"de","potentialAction":[{"@type":"ReadAction","target":["https:\/\/www.demosmobilia.ch\/de\/product\/1923-bauhaus-multifunktions-tischleuchte\/"]}]},{"@type":"ImageObject","inLanguage":"de","@id":"https:\/\/www.demosmobilia.ch\/de\/product\/1923-bauhaus-multifunktions-tischleuchte\/#primaryimage","url":"https:\/\/www.demosmobilia.ch\/wp-content\/uploads\/2021\/07\/desk-table-lamp-carl-j-jucker-1960-design-01A.jpg","contentUrl":"https:\/\/www.demosmobilia.ch\/wp-content\/uploads\/2021\/07\/desk-table-lamp-carl-j-jucker-1960-design-01A.jpg","width":1200,"height":900},{"@type":"BreadcrumbList","@id":"https:\/\/www.demosmobilia.ch\/de\/product\/1923-bauhaus-multifunktions-tischleuchte\/#breadcrumb","itemListElement":[{"@type":"ListItem","position":1,"name":"Home","item":"https:\/\/www.demosmobilia.ch\/de\/"},{"@type":"ListItem","position":2,"name":"Produkte","item":"https:\/\/www.demosmobilia.ch\/de\/shop\/"},{"@type":"ListItem","position":3,"name":"1923, Bauhaus Multifunktions-Tischleuchte"}]},{"@type":"WebSite","@id":"https:\/\/www.demosmobilia.ch\/de\/#website","url":"https:\/\/www.demosmobilia.ch\/de\/","name":"demosmobilia","description":"Vintage Mid Century Modern Design Furniture from the &#039;30s to the &#039;80s","publisher":{"@id":"https:\/\/www.demosmobilia.ch\/de\/#organization"},"potentialAction":[{"@type":"SearchAction","target":{"@type":"EntryPoint","urlTemplate":"https:\/\/www.demosmobilia.ch\/de\/?s={search_term_string}"},"query-input":{"@type":"PropertyValueSpecification","valueRequired":true,"valueName":"search_term_string"}}],"inLanguage":"de"},{"@type":"Organization","@id":"https:\/\/www.demosmobilia.ch\/de\/#organization","name":"demosmobilia","url":"https:\/\/www.demosmobilia.ch\/de\/","logo":{"@type":"ImageObject","inLanguage":"de","@id":"https:\/\/www.demosmobilia.ch\/de\/#\/schema\/logo\/image\/","url":"https:\/\/www.demosmobilia.ch\/wp-content\/uploads\/2020\/07\/demosmobilia-logo-2020-230-160.png","contentUrl":"https:\/\/www.demosmobilia.ch\/wp-content\/uploads\/2020\/07\/demosmobilia-logo-2020-230-160.png","width":230,"height":160,"caption":"demosmobilia"},"image":{"@id":"https:\/\/www.demosmobilia.ch\/de\/#\/schema\/logo\/image\/"},"sameAs":["https:\/\/www.facebook.com\/Demos-Mobilia-1137017453131445\/","https:\/\/www.instagram.com\/demosmobilia\/"]}]}},"_links":{"self":[{"href":"https:\/\/www.demosmobilia.ch\/de\/wp-json\/wp\/v2\/product\/53079","targetHints":{"allow":["GET"]}}],"collection":[{"href":"https:\/\/www.demosmobilia.ch\/de\/wp-json\/wp\/v2\/product"}],"about":[{"href":"https:\/\/www.demosmobilia.ch\/de\/wp-json\/wp\/v2\/types\/product"}],"wp:featuredmedia":[{"embeddable":true,"href":"https:\/\/www.demosmobilia.ch\/de\/wp-json\/wp\/v2\/media\/53064"}],"wp:attachment":[{"href":"https:\/\/www.demosmobilia.ch\/de\/wp-json\/wp\/v2\/media?parent=53079"}],"wp:term":[{"taxonomy":"product_cat","embeddable":true,"href":"https:\/\/www.demosmobilia.ch\/de\/wp-json\/wp\/v2\/product_cat?post=53079"},{"taxonomy":"product_tag","embeddable":true,"href":"https:\/\/www.demosmobilia.ch\/de\/wp-json\/wp\/v2\/product_tag?post=53079"}],"curies":[{"name":"wp","href":"https:\/\/api.w.org\/{rel}","templated":true}]}}