{"id":52668,"date":"2022-05-24T17:00:20","date_gmt":"2022-05-24T15:00:20","guid":{"rendered":"https:\/\/www.demosmobilia.ch\/product\/9-franzosische-stuhle-aus-geschnitztem-holz-und-wiener-stroh\/"},"modified":"2022-03-08T13:37:00","modified_gmt":"2022-03-08T12:37:00","slug":"franzosischer-stuhl-aus-geschnitztem-holz-und-wiener-stroh","status":"publish","type":"product","link":"https:\/\/www.demosmobilia.ch\/de\/product\/franzosischer-stuhl-aus-geschnitztem-holz-und-wiener-stroh\/","title":{"rendered":"Franz\u00f6sischer Stuhl aus geschnitztem Holz und Wiener Stroh"},"content":{"rendered":"<p>Auch 7 St\u00fchle mit Armlehnen erh\u00e4ltlich<\/p>\n","protected":false},"excerpt":{"rendered":"<p>Auch 7 St\u00fchle mit Armlehnen erh\u00e4ltlich<a class=\"more-link\" href=\"https:\/\/www.demosmobilia.ch\/de\/product\/franzosischer-stuhl-aus-geschnitztem-holz-und-wiener-stroh\/\">Read More &rarr;<\/a><\/p>\n","protected":false},"featured_media":52629,"template":"","meta":{"_monsterinsights_skip_tracking":false,"_monsterinsights_sitenote_active":false,"_monsterinsights_sitenote_note":"","_monsterinsights_sitenote_category":0,"kk_blocks_editor_width":"","_kiokenblocks_attr":"","_kiokenblocks_dimensions":""},"product_cat":[4161],"product_tag":[7157],"class_list":{"0":"entry","1":"author-demosmobilia","2":"post-52668","3":"product","4":"type-product","5":"status-publish","6":"has-post-thumbnail","7":"product_year-1950-approx","8":"product_nation-frankreich","9":"product_cat-stuhlen","10":"product_tag-royere-jean-boris-style-de","11":"pa_product_dimension-46-x-51-x-sitzflache-ht-41-x-gesamt-ht-80-5-cm","12":"pa_product_material-eiche-massiv-geschnitzt-stroh","14":"first","15":"outofstock","16":"shipping-taxable","17":"product-type-simple"},"yoast_head":"<!-- This site is optimized with the Yoast SEO plugin v24.0 - https:\/\/yoast.com\/wordpress\/plugins\/seo\/ -->\n<title>Franz\u00f6sischer Stuhl aus geschnitztem Holz und Wiener Stroh &#8211; demosmobilia<\/title>\n<meta name=\"robots\" content=\"index, follow, max-snippet:-1, max-image-preview:large, max-video-preview:-1\" \/>\n<link rel=\"canonical\" href=\"https:\/\/www.demosmobilia.ch\/de\/product\/franzosischer-stuhl-aus-geschnitztem-holz-und-wiener-stroh\/\" \/>\n<meta property=\"og:locale\" content=\"de_DE\" \/>\n<meta property=\"og:type\" content=\"article\" \/>\n<meta property=\"og:title\" content=\"Franz\u00f6sischer Stuhl aus geschnitztem Holz und Wiener Stroh &#8211; demosmobilia\" \/>\n<meta property=\"og:description\" content=\"Auch 7 St\u00fchle mit Armlehnen erh\u00e4ltlichRead More &rarr;\" \/>\n<meta property=\"og:url\" content=\"https:\/\/www.demosmobilia.ch\/de\/product\/franzosischer-stuhl-aus-geschnitztem-holz-und-wiener-stroh\/\" \/>\n<meta property=\"og:site_name\" content=\"demosmobilia\" \/>\n<meta property=\"article:publisher\" content=\"https:\/\/www.facebook.com\/Demos-Mobilia-1137017453131445\/\" \/>\n<meta property=\"article:modified_time\" content=\"2022-03-08T12:37:00+00:00\" \/>\n<meta property=\"og:image\" content=\"https:\/\/www.demosmobilia.ch\/wp-content\/uploads\/2021\/07\/royere-oak-straw-chairs-france-decoration-01.jpg\" \/>\n\t<meta property=\"og:image:width\" content=\"1200\" \/>\n\t<meta property=\"og:image:height\" content=\"900\" \/>\n\t<meta property=\"og:image:type\" content=\"image\/jpeg\" \/>\n<meta name=\"twitter:card\" content=\"summary_large_image\" \/>\n<script type=\"application\/ld+json\" class=\"yoast-schema-graph\">{\"@context\":\"https:\/\/schema.org\",\"@graph\":[{\"@type\":\"WebPage\",\"@id\":\"https:\/\/www.demosmobilia.ch\/de\/product\/franzosischer-stuhl-aus-geschnitztem-holz-und-wiener-stroh\/\",\"url\":\"https:\/\/www.demosmobilia.ch\/de\/product\/franzosischer-stuhl-aus-geschnitztem-holz-und-wiener-stroh\/\",\"name\":\"Franz\u00f6sischer Stuhl aus geschnitztem Holz und Wiener Stroh &#8211; demosmobilia\",\"isPartOf\":{\"@id\":\"https:\/\/www.demosmobilia.ch\/de\/#website\"},\"primaryImageOfPage\":{\"@id\":\"https:\/\/www.demosmobilia.ch\/de\/product\/franzosischer-stuhl-aus-geschnitztem-holz-und-wiener-stroh\/#primaryimage\"},\"image\":{\"@id\":\"https:\/\/www.demosmobilia.ch\/de\/product\/franzosischer-stuhl-aus-geschnitztem-holz-und-wiener-stroh\/#primaryimage\"},\"thumbnailUrl\":\"https:\/\/www.demosmobilia.ch\/wp-content\/uploads\/2021\/07\/royere-oak-straw-chairs-france-decoration-01.jpg\",\"datePublished\":\"2022-05-24T15:00:20+00:00\",\"dateModified\":\"2022-03-08T12:37:00+00:00\",\"breadcrumb\":{\"@id\":\"https:\/\/www.demosmobilia.ch\/de\/product\/franzosischer-stuhl-aus-geschnitztem-holz-und-wiener-stroh\/#breadcrumb\"},\"inLanguage\":\"de\",\"potentialAction\":[{\"@type\":\"ReadAction\",\"target\":[\"https:\/\/www.demosmobilia.ch\/de\/product\/franzosischer-stuhl-aus-geschnitztem-holz-und-wiener-stroh\/\"]}]},{\"@type\":\"ImageObject\",\"inLanguage\":\"de\",\"@id\":\"https:\/\/www.demosmobilia.ch\/de\/product\/franzosischer-stuhl-aus-geschnitztem-holz-und-wiener-stroh\/#primaryimage\",\"url\":\"https:\/\/www.demosmobilia.ch\/wp-content\/uploads\/2021\/07\/royere-oak-straw-chairs-france-decoration-01.jpg\",\"contentUrl\":\"https:\/\/www.demosmobilia.ch\/wp-content\/uploads\/2021\/07\/royere-oak-straw-chairs-france-decoration-01.jpg\",\"width\":1200,\"height\":900},{\"@type\":\"BreadcrumbList\",\"@id\":\"https:\/\/www.demosmobilia.ch\/de\/product\/franzosischer-stuhl-aus-geschnitztem-holz-und-wiener-stroh\/#breadcrumb\",\"itemListElement\":[{\"@type\":\"ListItem\",\"position\":1,\"name\":\"Home\",\"item\":\"https:\/\/www.demosmobilia.ch\/de\/\"},{\"@type\":\"ListItem\",\"position\":2,\"name\":\"Produkte\",\"item\":\"https:\/\/www.demosmobilia.ch\/de\/shop\/\"},{\"@type\":\"ListItem\",\"position\":3,\"name\":\"Franz\u00f6sischer Stuhl aus geschnitztem Holz und Wiener Stroh\"}]},{\"@type\":\"WebSite\",\"@id\":\"https:\/\/www.demosmobilia.ch\/de\/#website\",\"url\":\"https:\/\/www.demosmobilia.ch\/de\/\",\"name\":\"demosmobilia\",\"description\":\"Vintage Mid Century Modern Design Furniture from the &#039;30s to the &#039;80s\",\"publisher\":{\"@id\":\"https:\/\/www.demosmobilia.ch\/de\/#organization\"},\"potentialAction\":[{\"@type\":\"SearchAction\",\"target\":{\"@type\":\"EntryPoint\",\"urlTemplate\":\"https:\/\/www.demosmobilia.ch\/de\/?s={search_term_string}\"},\"query-input\":{\"@type\":\"PropertyValueSpecification\",\"valueRequired\":true,\"valueName\":\"search_term_string\"}}],\"inLanguage\":\"de\"},{\"@type\":\"Organization\",\"@id\":\"https:\/\/www.demosmobilia.ch\/de\/#organization\",\"name\":\"demosmobilia\",\"url\":\"https:\/\/www.demosmobilia.ch\/de\/\",\"logo\":{\"@type\":\"ImageObject\",\"inLanguage\":\"de\",\"@id\":\"https:\/\/www.demosmobilia.ch\/de\/#\/schema\/logo\/image\/\",\"url\":\"https:\/\/www.demosmobilia.ch\/wp-content\/uploads\/2020\/07\/demosmobilia-logo-2020-230-160.png\",\"contentUrl\":\"https:\/\/www.demosmobilia.ch\/wp-content\/uploads\/2020\/07\/demosmobilia-logo-2020-230-160.png\",\"width\":230,\"height\":160,\"caption\":\"demosmobilia\"},\"image\":{\"@id\":\"https:\/\/www.demosmobilia.ch\/de\/#\/schema\/logo\/image\/\"},\"sameAs\":[\"https:\/\/www.facebook.com\/Demos-Mobilia-1137017453131445\/\",\"https:\/\/www.instagram.com\/demosmobilia\/\"]}]}<\/script>\n<!-- \/ Yoast SEO plugin. -->","yoast_head_json":{"title":"Franz\u00f6sischer Stuhl aus geschnitztem Holz und Wiener Stroh &#8211; demosmobilia","robots":{"index":"index","follow":"follow","max-snippet":"max-snippet:-1","max-image-preview":"max-image-preview:large","max-video-preview":"max-video-preview:-1"},"canonical":"https:\/\/www.demosmobilia.ch\/de\/product\/franzosischer-stuhl-aus-geschnitztem-holz-und-wiener-stroh\/","og_locale":"de_DE","og_type":"article","og_title":"Franz\u00f6sischer Stuhl aus geschnitztem Holz und Wiener Stroh &#8211; demosmobilia","og_description":"Auch 7 St\u00fchle mit Armlehnen erh\u00e4ltlichRead More &rarr;","og_url":"https:\/\/www.demosmobilia.ch\/de\/product\/franzosischer-stuhl-aus-geschnitztem-holz-und-wiener-stroh\/","og_site_name":"demosmobilia","article_publisher":"https:\/\/www.facebook.com\/Demos-Mobilia-1137017453131445\/","article_modified_time":"2022-03-08T12:37:00+00:00","og_image":[{"width":1200,"height":900,"url":"https:\/\/www.demosmobilia.ch\/wp-content\/uploads\/2021\/07\/royere-oak-straw-chairs-france-decoration-01.jpg","type":"image\/jpeg"}],"twitter_card":"summary_large_image","schema":{"@context":"https:\/\/schema.org","@graph":[{"@type":"WebPage","@id":"https:\/\/www.demosmobilia.ch\/de\/product\/franzosischer-stuhl-aus-geschnitztem-holz-und-wiener-stroh\/","url":"https:\/\/www.demosmobilia.ch\/de\/product\/franzosischer-stuhl-aus-geschnitztem-holz-und-wiener-stroh\/","name":"Franz\u00f6sischer Stuhl aus geschnitztem Holz und Wiener Stroh &#8211; demosmobilia","isPartOf":{"@id":"https:\/\/www.demosmobilia.ch\/de\/#website"},"primaryImageOfPage":{"@id":"https:\/\/www.demosmobilia.ch\/de\/product\/franzosischer-stuhl-aus-geschnitztem-holz-und-wiener-stroh\/#primaryimage"},"image":{"@id":"https:\/\/www.demosmobilia.ch\/de\/product\/franzosischer-stuhl-aus-geschnitztem-holz-und-wiener-stroh\/#primaryimage"},"thumbnailUrl":"https:\/\/www.demosmobilia.ch\/wp-content\/uploads\/2021\/07\/royere-oak-straw-chairs-france-decoration-01.jpg","datePublished":"2022-05-24T15:00:20+00:00","dateModified":"2022-03-08T12:37:00+00:00","breadcrumb":{"@id":"https:\/\/www.demosmobilia.ch\/de\/product\/franzosischer-stuhl-aus-geschnitztem-holz-und-wiener-stroh\/#breadcrumb"},"inLanguage":"de","potentialAction":[{"@type":"ReadAction","target":["https:\/\/www.demosmobilia.ch\/de\/product\/franzosischer-stuhl-aus-geschnitztem-holz-und-wiener-stroh\/"]}]},{"@type":"ImageObject","inLanguage":"de","@id":"https:\/\/www.demosmobilia.ch\/de\/product\/franzosischer-stuhl-aus-geschnitztem-holz-und-wiener-stroh\/#primaryimage","url":"https:\/\/www.demosmobilia.ch\/wp-content\/uploads\/2021\/07\/royere-oak-straw-chairs-france-decoration-01.jpg","contentUrl":"https:\/\/www.demosmobilia.ch\/wp-content\/uploads\/2021\/07\/royere-oak-straw-chairs-france-decoration-01.jpg","width":1200,"height":900},{"@type":"BreadcrumbList","@id":"https:\/\/www.demosmobilia.ch\/de\/product\/franzosischer-stuhl-aus-geschnitztem-holz-und-wiener-stroh\/#breadcrumb","itemListElement":[{"@type":"ListItem","position":1,"name":"Home","item":"https:\/\/www.demosmobilia.ch\/de\/"},{"@type":"ListItem","position":2,"name":"Produkte","item":"https:\/\/www.demosmobilia.ch\/de\/shop\/"},{"@type":"ListItem","position":3,"name":"Franz\u00f6sischer Stuhl aus geschnitztem Holz und Wiener Stroh"}]},{"@type":"WebSite","@id":"https:\/\/www.demosmobilia.ch\/de\/#website","url":"https:\/\/www.demosmobilia.ch\/de\/","name":"demosmobilia","description":"Vintage Mid Century Modern Design Furniture from the &#039;30s to the &#039;80s","publisher":{"@id":"https:\/\/www.demosmobilia.ch\/de\/#organization"},"potentialAction":[{"@type":"SearchAction","target":{"@type":"EntryPoint","urlTemplate":"https:\/\/www.demosmobilia.ch\/de\/?s={search_term_string}"},"query-input":{"@type":"PropertyValueSpecification","valueRequired":true,"valueName":"search_term_string"}}],"inLanguage":"de"},{"@type":"Organization","@id":"https:\/\/www.demosmobilia.ch\/de\/#organization","name":"demosmobilia","url":"https:\/\/www.demosmobilia.ch\/de\/","logo":{"@type":"ImageObject","inLanguage":"de","@id":"https:\/\/www.demosmobilia.ch\/de\/#\/schema\/logo\/image\/","url":"https:\/\/www.demosmobilia.ch\/wp-content\/uploads\/2020\/07\/demosmobilia-logo-2020-230-160.png","contentUrl":"https:\/\/www.demosmobilia.ch\/wp-content\/uploads\/2020\/07\/demosmobilia-logo-2020-230-160.png","width":230,"height":160,"caption":"demosmobilia"},"image":{"@id":"https:\/\/www.demosmobilia.ch\/de\/#\/schema\/logo\/image\/"},"sameAs":["https:\/\/www.facebook.com\/Demos-Mobilia-1137017453131445\/","https:\/\/www.instagram.com\/demosmobilia\/"]}]}},"_links":{"self":[{"href":"https:\/\/www.demosmobilia.ch\/de\/wp-json\/wp\/v2\/product\/52668","targetHints":{"allow":["GET"]}}],"collection":[{"href":"https:\/\/www.demosmobilia.ch\/de\/wp-json\/wp\/v2\/product"}],"about":[{"href":"https:\/\/www.demosmobilia.ch\/de\/wp-json\/wp\/v2\/types\/product"}],"wp:featuredmedia":[{"embeddable":true,"href":"https:\/\/www.demosmobilia.ch\/de\/wp-json\/wp\/v2\/media\/52629"}],"wp:attachment":[{"href":"https:\/\/www.demosmobilia.ch\/de\/wp-json\/wp\/v2\/media?parent=52668"}],"wp:term":[{"taxonomy":"product_cat","embeddable":true,"href":"https:\/\/www.demosmobilia.ch\/de\/wp-json\/wp\/v2\/product_cat?post=52668"},{"taxonomy":"product_tag","embeddable":true,"href":"https:\/\/www.demosmobilia.ch\/de\/wp-json\/wp\/v2\/product_tag?post=52668"}],"curies":[{"name":"wp","href":"https:\/\/api.w.org\/{rel}","templated":true}]}}