{"id":45696,"date":"2019-01-28T12:00:00","date_gmt":"2019-01-28T11:00:00","guid":{"rendered":"https:\/\/www.demosmobilia.ch\/product\/teppichboden-mod-sorrento\/"},"modified":"2019-01-28T12:00:00","modified_gmt":"2019-01-28T11:00:00","slug":"teppichboden-mod-sorrento","status":"publish","type":"product","link":"https:\/\/www.demosmobilia.ch\/de\/product\/teppichboden-mod-sorrento\/","title":{"rendered":"Teppich mod. Sorrento"},"content":{"rendered":"<p>Ein Schachbrettmuster ist das Herzst\u00fcck von Sorrento, ein offener Verweis auf Gio Pontis Design von wertvollen Keramiken, das f\u00fcr die B\u00f6den des Hotels Parco Principi in der Stadt Vietri, Italien, realisiert wurde. Meisterwerke wie die tibetische Wolle und die nat\u00fcrlichen Seidenvarianten sind mehr als nur Einrichtungsaccessoires, denn sie bringen ein Gef\u00fchl der Harmonie und des Augenma\u00dfes in unser Zuhause, das durch die perfekte Balance zwischen Design, Form und Farbe entsteht.<\/p>\n","protected":false},"excerpt":{"rendered":"<p>Ein Schachbrettmuster ist das Herzst\u00fcck von Sorrento, ein offener Verweis auf Gio Pontis Design von wertvollen Keramiken, das f\u00fcr die B\u00f6den des Hotels Parco Principi in der Stadt Vietri, Italien, realisiert wurde. Meisterwerke wie die tibetische Wolle und die nat\u00fcrlichen Seidenvarianten sind mehr als nur Einrichtungsaccessoires, denn sie bringen ein Gef\u00fchl der Harmonie und des Augenma\u00dfes in unser Zuhause, das durch die perfekte Balance zwischen Design, Form und Farbe entsteht.<a class=\"more-link\" href=\"https:\/\/www.demosmobilia.ch\/de\/product\/teppichboden-mod-sorrento\/\">Read More &rarr;<\/a><\/p>\n","protected":false},"featured_media":45697,"template":"","meta":{"_monsterinsights_skip_tracking":false,"_monsterinsights_sitenote_active":false,"_monsterinsights_sitenote_note":"","_monsterinsights_sitenote_category":0,"kk_blocks_editor_width":"","_kiokenblocks_attr":"","_kiokenblocks_dimensions":""},"product_cat":[4149],"product_tag":[6470],"class_list":{"0":"entry","1":"author-demosmobilia","2":"post-45696","3":"product","4":"type-product","5":"status-publish","6":"has-post-thumbnail","7":"product_production-amini","8":"product_year-contemporary","9":"product_nation-italien-de","10":"product_cat-amini-teppiche","11":"product_tag-ponti-gio-de","13":"first","14":"instock","15":"shipping-taxable","16":"product-type-simple"},"yoast_head":"<!-- This site is optimized with the Yoast SEO plugin v24.0 - https:\/\/yoast.com\/wordpress\/plugins\/seo\/ -->\n<title>Teppich mod. Sorrento &#8211; demosmobilia<\/title>\n<meta name=\"robots\" content=\"index, follow, max-snippet:-1, max-image-preview:large, max-video-preview:-1\" \/>\n<link rel=\"canonical\" href=\"https:\/\/www.demosmobilia.ch\/de\/product\/teppichboden-mod-sorrento\/\" \/>\n<meta property=\"og:locale\" content=\"de_DE\" \/>\n<meta property=\"og:type\" content=\"article\" \/>\n<meta property=\"og:title\" content=\"Teppich mod. Sorrento &#8211; demosmobilia\" \/>\n<meta property=\"og:description\" content=\"Ein Schachbrettmuster ist das Herzst\u00fcck von Sorrento, ein offener Verweis auf Gio Pontis Design von wertvollen Keramiken, das f\u00fcr die B\u00f6den des Hotels Parco Principi in der Stadt Vietri, Italien, realisiert wurde. Meisterwerke wie die tibetische Wolle und die nat\u00fcrlichen Seidenvarianten sind mehr als nur Einrichtungsaccessoires, denn sie bringen ein Gef\u00fchl der Harmonie und des Augenma\u00dfes in unser Zuhause, das durch die perfekte Balance zwischen Design, Form und Farbe entsteht.Read More &rarr;\" \/>\n<meta property=\"og:url\" content=\"https:\/\/www.demosmobilia.ch\/de\/product\/teppichboden-mod-sorrento\/\" \/>\n<meta property=\"og:site_name\" content=\"demosmobilia\" \/>\n<meta property=\"article:publisher\" content=\"https:\/\/www.facebook.com\/Demos-Mobilia-1137017453131445\/\" \/>\n<meta property=\"og:image\" content=\"https:\/\/www.demosmobilia.ch\/wp-content\/uploads\/2020\/05\/sorrento_gio_ponti_amini_carpets_00.jpg\" \/>\n\t<meta property=\"og:image:width\" content=\"1200\" \/>\n\t<meta property=\"og:image:height\" content=\"900\" \/>\n\t<meta property=\"og:image:type\" content=\"image\/jpeg\" \/>\n<meta name=\"twitter:card\" content=\"summary_large_image\" \/>\n<script type=\"application\/ld+json\" class=\"yoast-schema-graph\">{\"@context\":\"https:\/\/schema.org\",\"@graph\":[{\"@type\":\"WebPage\",\"@id\":\"https:\/\/www.demosmobilia.ch\/de\/product\/teppichboden-mod-sorrento\/\",\"url\":\"https:\/\/www.demosmobilia.ch\/de\/product\/teppichboden-mod-sorrento\/\",\"name\":\"Teppich mod. Sorrento &#8211; demosmobilia\",\"isPartOf\":{\"@id\":\"https:\/\/www.demosmobilia.ch\/de\/#website\"},\"primaryImageOfPage\":{\"@id\":\"https:\/\/www.demosmobilia.ch\/de\/product\/teppichboden-mod-sorrento\/#primaryimage\"},\"image\":{\"@id\":\"https:\/\/www.demosmobilia.ch\/de\/product\/teppichboden-mod-sorrento\/#primaryimage\"},\"thumbnailUrl\":\"https:\/\/www.demosmobilia.ch\/wp-content\/uploads\/2020\/05\/sorrento_gio_ponti_amini_carpets_00.jpg\",\"datePublished\":\"2019-01-28T11:00:00+00:00\",\"dateModified\":\"2019-01-28T11:00:00+00:00\",\"breadcrumb\":{\"@id\":\"https:\/\/www.demosmobilia.ch\/de\/product\/teppichboden-mod-sorrento\/#breadcrumb\"},\"inLanguage\":\"de\",\"potentialAction\":[{\"@type\":\"ReadAction\",\"target\":[\"https:\/\/www.demosmobilia.ch\/de\/product\/teppichboden-mod-sorrento\/\"]}]},{\"@type\":\"ImageObject\",\"inLanguage\":\"de\",\"@id\":\"https:\/\/www.demosmobilia.ch\/de\/product\/teppichboden-mod-sorrento\/#primaryimage\",\"url\":\"https:\/\/www.demosmobilia.ch\/wp-content\/uploads\/2020\/05\/sorrento_gio_ponti_amini_carpets_00.jpg\",\"contentUrl\":\"https:\/\/www.demosmobilia.ch\/wp-content\/uploads\/2020\/05\/sorrento_gio_ponti_amini_carpets_00.jpg\",\"width\":1200,\"height\":900},{\"@type\":\"BreadcrumbList\",\"@id\":\"https:\/\/www.demosmobilia.ch\/de\/product\/teppichboden-mod-sorrento\/#breadcrumb\",\"itemListElement\":[{\"@type\":\"ListItem\",\"position\":1,\"name\":\"Home\",\"item\":\"https:\/\/www.demosmobilia.ch\/de\/\"},{\"@type\":\"ListItem\",\"position\":2,\"name\":\"Produkte\",\"item\":\"https:\/\/www.demosmobilia.ch\/de\/shop\/\"},{\"@type\":\"ListItem\",\"position\":3,\"name\":\"Teppich mod. Sorrento\"}]},{\"@type\":\"WebSite\",\"@id\":\"https:\/\/www.demosmobilia.ch\/de\/#website\",\"url\":\"https:\/\/www.demosmobilia.ch\/de\/\",\"name\":\"demosmobilia\",\"description\":\"Vintage Mid Century Modern Design Furniture from the &#039;30s to the &#039;80s\",\"publisher\":{\"@id\":\"https:\/\/www.demosmobilia.ch\/de\/#organization\"},\"potentialAction\":[{\"@type\":\"SearchAction\",\"target\":{\"@type\":\"EntryPoint\",\"urlTemplate\":\"https:\/\/www.demosmobilia.ch\/de\/?s={search_term_string}\"},\"query-input\":{\"@type\":\"PropertyValueSpecification\",\"valueRequired\":true,\"valueName\":\"search_term_string\"}}],\"inLanguage\":\"de\"},{\"@type\":\"Organization\",\"@id\":\"https:\/\/www.demosmobilia.ch\/de\/#organization\",\"name\":\"demosmobilia\",\"url\":\"https:\/\/www.demosmobilia.ch\/de\/\",\"logo\":{\"@type\":\"ImageObject\",\"inLanguage\":\"de\",\"@id\":\"https:\/\/www.demosmobilia.ch\/de\/#\/schema\/logo\/image\/\",\"url\":\"https:\/\/www.demosmobilia.ch\/wp-content\/uploads\/2020\/07\/demosmobilia-logo-2020-230-160.png\",\"contentUrl\":\"https:\/\/www.demosmobilia.ch\/wp-content\/uploads\/2020\/07\/demosmobilia-logo-2020-230-160.png\",\"width\":230,\"height\":160,\"caption\":\"demosmobilia\"},\"image\":{\"@id\":\"https:\/\/www.demosmobilia.ch\/de\/#\/schema\/logo\/image\/\"},\"sameAs\":[\"https:\/\/www.facebook.com\/Demos-Mobilia-1137017453131445\/\",\"https:\/\/www.instagram.com\/demosmobilia\/\"]}]}<\/script>\n<!-- \/ Yoast SEO plugin. -->","yoast_head_json":{"title":"Teppich mod. Sorrento &#8211; demosmobilia","robots":{"index":"index","follow":"follow","max-snippet":"max-snippet:-1","max-image-preview":"max-image-preview:large","max-video-preview":"max-video-preview:-1"},"canonical":"https:\/\/www.demosmobilia.ch\/de\/product\/teppichboden-mod-sorrento\/","og_locale":"de_DE","og_type":"article","og_title":"Teppich mod. Sorrento &#8211; demosmobilia","og_description":"Ein Schachbrettmuster ist das Herzst\u00fcck von Sorrento, ein offener Verweis auf Gio Pontis Design von wertvollen Keramiken, das f\u00fcr die B\u00f6den des Hotels Parco Principi in der Stadt Vietri, Italien, realisiert wurde. Meisterwerke wie die tibetische Wolle und die nat\u00fcrlichen Seidenvarianten sind mehr als nur Einrichtungsaccessoires, denn sie bringen ein Gef\u00fchl der Harmonie und des Augenma\u00dfes in unser Zuhause, das durch die perfekte Balance zwischen Design, Form und Farbe entsteht.Read More &rarr;","og_url":"https:\/\/www.demosmobilia.ch\/de\/product\/teppichboden-mod-sorrento\/","og_site_name":"demosmobilia","article_publisher":"https:\/\/www.facebook.com\/Demos-Mobilia-1137017453131445\/","og_image":[{"width":1200,"height":900,"url":"https:\/\/www.demosmobilia.ch\/wp-content\/uploads\/2020\/05\/sorrento_gio_ponti_amini_carpets_00.jpg","type":"image\/jpeg"}],"twitter_card":"summary_large_image","schema":{"@context":"https:\/\/schema.org","@graph":[{"@type":"WebPage","@id":"https:\/\/www.demosmobilia.ch\/de\/product\/teppichboden-mod-sorrento\/","url":"https:\/\/www.demosmobilia.ch\/de\/product\/teppichboden-mod-sorrento\/","name":"Teppich mod. Sorrento &#8211; demosmobilia","isPartOf":{"@id":"https:\/\/www.demosmobilia.ch\/de\/#website"},"primaryImageOfPage":{"@id":"https:\/\/www.demosmobilia.ch\/de\/product\/teppichboden-mod-sorrento\/#primaryimage"},"image":{"@id":"https:\/\/www.demosmobilia.ch\/de\/product\/teppichboden-mod-sorrento\/#primaryimage"},"thumbnailUrl":"https:\/\/www.demosmobilia.ch\/wp-content\/uploads\/2020\/05\/sorrento_gio_ponti_amini_carpets_00.jpg","datePublished":"2019-01-28T11:00:00+00:00","dateModified":"2019-01-28T11:00:00+00:00","breadcrumb":{"@id":"https:\/\/www.demosmobilia.ch\/de\/product\/teppichboden-mod-sorrento\/#breadcrumb"},"inLanguage":"de","potentialAction":[{"@type":"ReadAction","target":["https:\/\/www.demosmobilia.ch\/de\/product\/teppichboden-mod-sorrento\/"]}]},{"@type":"ImageObject","inLanguage":"de","@id":"https:\/\/www.demosmobilia.ch\/de\/product\/teppichboden-mod-sorrento\/#primaryimage","url":"https:\/\/www.demosmobilia.ch\/wp-content\/uploads\/2020\/05\/sorrento_gio_ponti_amini_carpets_00.jpg","contentUrl":"https:\/\/www.demosmobilia.ch\/wp-content\/uploads\/2020\/05\/sorrento_gio_ponti_amini_carpets_00.jpg","width":1200,"height":900},{"@type":"BreadcrumbList","@id":"https:\/\/www.demosmobilia.ch\/de\/product\/teppichboden-mod-sorrento\/#breadcrumb","itemListElement":[{"@type":"ListItem","position":1,"name":"Home","item":"https:\/\/www.demosmobilia.ch\/de\/"},{"@type":"ListItem","position":2,"name":"Produkte","item":"https:\/\/www.demosmobilia.ch\/de\/shop\/"},{"@type":"ListItem","position":3,"name":"Teppich mod. Sorrento"}]},{"@type":"WebSite","@id":"https:\/\/www.demosmobilia.ch\/de\/#website","url":"https:\/\/www.demosmobilia.ch\/de\/","name":"demosmobilia","description":"Vintage Mid Century Modern Design Furniture from the &#039;30s to the &#039;80s","publisher":{"@id":"https:\/\/www.demosmobilia.ch\/de\/#organization"},"potentialAction":[{"@type":"SearchAction","target":{"@type":"EntryPoint","urlTemplate":"https:\/\/www.demosmobilia.ch\/de\/?s={search_term_string}"},"query-input":{"@type":"PropertyValueSpecification","valueRequired":true,"valueName":"search_term_string"}}],"inLanguage":"de"},{"@type":"Organization","@id":"https:\/\/www.demosmobilia.ch\/de\/#organization","name":"demosmobilia","url":"https:\/\/www.demosmobilia.ch\/de\/","logo":{"@type":"ImageObject","inLanguage":"de","@id":"https:\/\/www.demosmobilia.ch\/de\/#\/schema\/logo\/image\/","url":"https:\/\/www.demosmobilia.ch\/wp-content\/uploads\/2020\/07\/demosmobilia-logo-2020-230-160.png","contentUrl":"https:\/\/www.demosmobilia.ch\/wp-content\/uploads\/2020\/07\/demosmobilia-logo-2020-230-160.png","width":230,"height":160,"caption":"demosmobilia"},"image":{"@id":"https:\/\/www.demosmobilia.ch\/de\/#\/schema\/logo\/image\/"},"sameAs":["https:\/\/www.facebook.com\/Demos-Mobilia-1137017453131445\/","https:\/\/www.instagram.com\/demosmobilia\/"]}]}},"_links":{"self":[{"href":"https:\/\/www.demosmobilia.ch\/de\/wp-json\/wp\/v2\/product\/45696","targetHints":{"allow":["GET"]}}],"collection":[{"href":"https:\/\/www.demosmobilia.ch\/de\/wp-json\/wp\/v2\/product"}],"about":[{"href":"https:\/\/www.demosmobilia.ch\/de\/wp-json\/wp\/v2\/types\/product"}],"wp:featuredmedia":[{"embeddable":true,"href":"https:\/\/www.demosmobilia.ch\/de\/wp-json\/wp\/v2\/media\/45697"}],"wp:attachment":[{"href":"https:\/\/www.demosmobilia.ch\/de\/wp-json\/wp\/v2\/media?parent=45696"}],"wp:term":[{"taxonomy":"product_cat","embeddable":true,"href":"https:\/\/www.demosmobilia.ch\/de\/wp-json\/wp\/v2\/product_cat?post=45696"},{"taxonomy":"product_tag","embeddable":true,"href":"https:\/\/www.demosmobilia.ch\/de\/wp-json\/wp\/v2\/product_tag?post=45696"}],"curies":[{"name":"wp","href":"https:\/\/api.w.org\/{rel}","templated":true}]}}