{"id":45636,"date":"2019-01-28T12:00:00","date_gmt":"2019-01-28T11:00:00","guid":{"rendered":"https:\/\/www.demosmobilia.ch\/product\/teppichboden-mod-sardinien-monde\/"},"modified":"2019-01-28T12:00:00","modified_gmt":"2019-01-28T11:00:00","slug":"teppichboden-mod-sardinien-monde","status":"publish","type":"product","link":"https:\/\/www.demosmobilia.ch\/de\/product\/teppichboden-mod-sardinien-monde\/","title":{"rendered":"Teppichboden mod. Sardinien Monde"},"content":{"rendered":"<p>In Bezug auf kreative Inspiration und praktische Umsetzung ist Lune die bei weitem typischste italienische Kollektion, die aus der etablierten exklusiven Zusammenarbeit zwischen dem Archivio Gio Ponti und Amini hervorgegangen ist: &#8222;Wir wollten eine Kollektion mit von Ponti inspirierten Mustern und Designs aus seinen Werken und Zeichnungen schaffen, die durch typisch italienische Handwerksmaterialien und -techniken lebendig werden. Dies ist unsere Hommage an die Raffinesse der sardischen Handwerkskunst im Besonderen sowie als Anerkennung von Gio Pontis Aufmerksamkeit f\u00fcr das italienische Kunsthandwerk, das er unerm\u00fcdlich mit Liebe und Enthusiasmus f\u00f6rderte und dessen Tugenden er in vielen Artikeln in der Fachzeitschrift Domus anpries, wo er jahrelang als Redakteur arbeitete&#8220;, erkl\u00e4rt Ferid Amini.<br \/>\nDie Kollektion ist eine beeindruckende Mischung aus pr\u00e4gnanten Linien, die an klassische Architektur erinnern, sowie essentiellen grafischen Markierungen, die sich nahtlos in zeitgen\u00f6ssische Interieurs einf\u00fcgen. Arena, Cara und Dote: drei Motive, die gleichzeitig essentiell, stilvoll und kontrastreich sind, perfekt ausbalanciert zwischen geraden und geschwungenen Linien, Rauten aus Kreissegmenten und allgemein Themen, die sofort an das gro\u00dfe grafische und kreative Erbe von Gio Ponti erinnern.<br \/>\nDie Kollektion Lune by Amini repr\u00e4sentiert eine Reihe von verschiedenen Werten, deren Summe das Beste in Design und Herstellung darstellt. Die Materie ist ein wesentliches Element in diesem kreativen Angebot: Sardische Wolle, die je nach Webart ausgew\u00e4hlt wird, und die vielen anpassbaren Farbkombinationen, die in dieser Kollektion erh\u00e4ltlich sind. Dieser ma\u00dfgeschneiderte Ansatz erstreckt sich auch auf die Gr\u00f6\u00dfen und Ma\u00dfe, die sich nicht auf die klassischen Ma\u00dfe 200&#215;300 cm und 250&#215;350 cm beschr\u00e4nken, sondern eine Reihe von verschiedenen Gr\u00f6\u00dfen umfassen, um die beste L\u00f6sung f\u00fcr das pers\u00f6nliche Einrichtungsprojekt zu finden.<br \/>\nDiese einzigartigen Teppiche werden aus sardischer Wolle gewebt und vollst\u00e4ndig in Handarbeit auf Sardinien hergestellt mit der traditionellen &#8222;a pibiones&#8220;-Technik gewebt, die einen visuellen Effekt erzeugt, der an Trauben erinnert (&#8222;pibiones&#8220; auf Sardisch).<\/p>\n","protected":false},"excerpt":{"rendered":"<p>In Bezug auf kreative Inspiration und praktische Umsetzung ist Lune die bei weitem typischste italienische Kollektion, die aus der etablierten exklusiven Zusammenarbeit zwischen dem Archivio Gio Ponti und Amini hervorgegangen ist: &#8222;Wir wollten eine Kollektion mit von Ponti inspirierten Mustern und Designs aus seinen Werken und Zeichnungen schaffen, die durch typisch italienische Handwerksmaterialien und -techniken lebendig werden. Dies ist unsere Hommage an die Raffinesse der sardischen Handwerkskunst im Besonderen sowie als Anerkennung von Gio Pontis Aufmerksamkeit f\u00fcr das italienische Kunsthandwerk, das er unerm\u00fcdlich mit Liebe und Enthusiasmus f\u00f6rderte und dessen Tugenden er in vielen Artikeln in der Fachzeitschrift Domus anpries, wo er jahrelang als Redakteur<a class=\"more-link\" href=\"https:\/\/www.demosmobilia.ch\/de\/product\/teppichboden-mod-sardinien-monde\/\">Read More &rarr;<\/a><\/p>\n","protected":false},"featured_media":45637,"template":"","meta":{"_monsterinsights_skip_tracking":false,"_monsterinsights_sitenote_active":false,"_monsterinsights_sitenote_note":"","_monsterinsights_sitenote_category":0,"kk_blocks_editor_width":"","_kiokenblocks_attr":"","_kiokenblocks_dimensions":""},"product_cat":[4149],"product_tag":[6470],"class_list":{"0":"entry","1":"author-demosmobilia","2":"post-45636","3":"product","4":"type-product","5":"status-publish","6":"has-post-thumbnail","7":"product_production-amini","8":"product_year-contemporary","9":"product_nation-italien-de","10":"product_cat-amini-teppiche","11":"product_tag-ponti-gio-de","13":"first","14":"instock","15":"shipping-taxable","16":"product-type-simple"},"yoast_head":"<!-- This site is optimized with the Yoast SEO plugin v24.0 - https:\/\/yoast.com\/wordpress\/plugins\/seo\/ -->\n<title>Teppichboden mod. Sardinien Monde &#8211; demosmobilia<\/title>\n<meta name=\"robots\" content=\"index, follow, max-snippet:-1, max-image-preview:large, max-video-preview:-1\" \/>\n<link rel=\"canonical\" href=\"https:\/\/www.demosmobilia.ch\/de\/product\/teppichboden-mod-sardinien-monde\/\" \/>\n<meta property=\"og:locale\" content=\"de_DE\" \/>\n<meta property=\"og:type\" content=\"article\" \/>\n<meta property=\"og:title\" content=\"Teppichboden mod. Sardinien Monde &#8211; demosmobilia\" \/>\n<meta property=\"og:description\" content=\"In Bezug auf kreative Inspiration und praktische Umsetzung ist Lune die bei weitem typischste italienische Kollektion, die aus der etablierten exklusiven Zusammenarbeit zwischen dem Archivio Gio Ponti und Amini hervorgegangen ist: &#8222;Wir wollten eine Kollektion mit von Ponti inspirierten Mustern und Designs aus seinen Werken und Zeichnungen schaffen, die durch typisch italienische Handwerksmaterialien und -techniken lebendig werden. Dies ist unsere Hommage an die Raffinesse der sardischen Handwerkskunst im Besonderen sowie als Anerkennung von Gio Pontis Aufmerksamkeit f\u00fcr das italienische Kunsthandwerk, das er unerm\u00fcdlich mit Liebe und Enthusiasmus f\u00f6rderte und dessen Tugenden er in vielen Artikeln in der Fachzeitschrift Domus anpries, wo er jahrelang als RedakteurRead More &rarr;\" \/>\n<meta property=\"og:url\" content=\"https:\/\/www.demosmobilia.ch\/de\/product\/teppichboden-mod-sardinien-monde\/\" \/>\n<meta property=\"og:site_name\" content=\"demosmobilia\" \/>\n<meta property=\"article:publisher\" content=\"https:\/\/www.facebook.com\/Demos-Mobilia-1137017453131445\/\" \/>\n<meta property=\"og:image\" content=\"https:\/\/www.demosmobilia.ch\/wp-content\/uploads\/2019\/01\/arena_black_gio_ponti_amini_carpets_01-0.jpg\" \/>\n\t<meta property=\"og:image:width\" content=\"1200\" \/>\n\t<meta property=\"og:image:height\" content=\"900\" \/>\n\t<meta property=\"og:image:type\" content=\"image\/jpeg\" \/>\n<meta name=\"twitter:card\" content=\"summary_large_image\" \/>\n<meta name=\"twitter:label1\" content=\"Gesch\u00e4tzte Lesezeit\" \/>\n\t<meta name=\"twitter:data1\" content=\"2\u00a0Minuten\" \/>\n<script type=\"application\/ld+json\" class=\"yoast-schema-graph\">{\"@context\":\"https:\/\/schema.org\",\"@graph\":[{\"@type\":\"WebPage\",\"@id\":\"https:\/\/www.demosmobilia.ch\/de\/product\/teppichboden-mod-sardinien-monde\/\",\"url\":\"https:\/\/www.demosmobilia.ch\/de\/product\/teppichboden-mod-sardinien-monde\/\",\"name\":\"Teppichboden mod. Sardinien Monde &#8211; demosmobilia\",\"isPartOf\":{\"@id\":\"https:\/\/www.demosmobilia.ch\/de\/#website\"},\"primaryImageOfPage\":{\"@id\":\"https:\/\/www.demosmobilia.ch\/de\/product\/teppichboden-mod-sardinien-monde\/#primaryimage\"},\"image\":{\"@id\":\"https:\/\/www.demosmobilia.ch\/de\/product\/teppichboden-mod-sardinien-monde\/#primaryimage\"},\"thumbnailUrl\":\"https:\/\/www.demosmobilia.ch\/wp-content\/uploads\/2019\/01\/arena_black_gio_ponti_amini_carpets_01-0.jpg\",\"datePublished\":\"2019-01-28T11:00:00+00:00\",\"dateModified\":\"2019-01-28T11:00:00+00:00\",\"breadcrumb\":{\"@id\":\"https:\/\/www.demosmobilia.ch\/de\/product\/teppichboden-mod-sardinien-monde\/#breadcrumb\"},\"inLanguage\":\"de\",\"potentialAction\":[{\"@type\":\"ReadAction\",\"target\":[\"https:\/\/www.demosmobilia.ch\/de\/product\/teppichboden-mod-sardinien-monde\/\"]}]},{\"@type\":\"ImageObject\",\"inLanguage\":\"de\",\"@id\":\"https:\/\/www.demosmobilia.ch\/de\/product\/teppichboden-mod-sardinien-monde\/#primaryimage\",\"url\":\"https:\/\/www.demosmobilia.ch\/wp-content\/uploads\/2019\/01\/arena_black_gio_ponti_amini_carpets_01-0.jpg\",\"contentUrl\":\"https:\/\/www.demosmobilia.ch\/wp-content\/uploads\/2019\/01\/arena_black_gio_ponti_amini_carpets_01-0.jpg\",\"width\":1200,\"height\":900},{\"@type\":\"BreadcrumbList\",\"@id\":\"https:\/\/www.demosmobilia.ch\/de\/product\/teppichboden-mod-sardinien-monde\/#breadcrumb\",\"itemListElement\":[{\"@type\":\"ListItem\",\"position\":1,\"name\":\"Home\",\"item\":\"https:\/\/www.demosmobilia.ch\/de\/\"},{\"@type\":\"ListItem\",\"position\":2,\"name\":\"Produkte\",\"item\":\"https:\/\/www.demosmobilia.ch\/de\/shop\/\"},{\"@type\":\"ListItem\",\"position\":3,\"name\":\"Teppichboden mod. Sardinien Monde\"}]},{\"@type\":\"WebSite\",\"@id\":\"https:\/\/www.demosmobilia.ch\/de\/#website\",\"url\":\"https:\/\/www.demosmobilia.ch\/de\/\",\"name\":\"demosmobilia\",\"description\":\"Vintage Mid Century Modern Design Furniture from the &#039;30s to the &#039;80s\",\"publisher\":{\"@id\":\"https:\/\/www.demosmobilia.ch\/de\/#organization\"},\"potentialAction\":[{\"@type\":\"SearchAction\",\"target\":{\"@type\":\"EntryPoint\",\"urlTemplate\":\"https:\/\/www.demosmobilia.ch\/de\/?s={search_term_string}\"},\"query-input\":{\"@type\":\"PropertyValueSpecification\",\"valueRequired\":true,\"valueName\":\"search_term_string\"}}],\"inLanguage\":\"de\"},{\"@type\":\"Organization\",\"@id\":\"https:\/\/www.demosmobilia.ch\/de\/#organization\",\"name\":\"demosmobilia\",\"url\":\"https:\/\/www.demosmobilia.ch\/de\/\",\"logo\":{\"@type\":\"ImageObject\",\"inLanguage\":\"de\",\"@id\":\"https:\/\/www.demosmobilia.ch\/de\/#\/schema\/logo\/image\/\",\"url\":\"https:\/\/www.demosmobilia.ch\/wp-content\/uploads\/2020\/07\/demosmobilia-logo-2020-230-160.png\",\"contentUrl\":\"https:\/\/www.demosmobilia.ch\/wp-content\/uploads\/2020\/07\/demosmobilia-logo-2020-230-160.png\",\"width\":230,\"height\":160,\"caption\":\"demosmobilia\"},\"image\":{\"@id\":\"https:\/\/www.demosmobilia.ch\/de\/#\/schema\/logo\/image\/\"},\"sameAs\":[\"https:\/\/www.facebook.com\/Demos-Mobilia-1137017453131445\/\",\"https:\/\/www.instagram.com\/demosmobilia\/\"]}]}<\/script>\n<!-- \/ Yoast SEO plugin. -->","yoast_head_json":{"title":"Teppichboden mod. Sardinien Monde &#8211; demosmobilia","robots":{"index":"index","follow":"follow","max-snippet":"max-snippet:-1","max-image-preview":"max-image-preview:large","max-video-preview":"max-video-preview:-1"},"canonical":"https:\/\/www.demosmobilia.ch\/de\/product\/teppichboden-mod-sardinien-monde\/","og_locale":"de_DE","og_type":"article","og_title":"Teppichboden mod. Sardinien Monde &#8211; demosmobilia","og_description":"In Bezug auf kreative Inspiration und praktische Umsetzung ist Lune die bei weitem typischste italienische Kollektion, die aus der etablierten exklusiven Zusammenarbeit zwischen dem Archivio Gio Ponti und Amini hervorgegangen ist: &#8222;Wir wollten eine Kollektion mit von Ponti inspirierten Mustern und Designs aus seinen Werken und Zeichnungen schaffen, die durch typisch italienische Handwerksmaterialien und -techniken lebendig werden. Dies ist unsere Hommage an die Raffinesse der sardischen Handwerkskunst im Besonderen sowie als Anerkennung von Gio Pontis Aufmerksamkeit f\u00fcr das italienische Kunsthandwerk, das er unerm\u00fcdlich mit Liebe und Enthusiasmus f\u00f6rderte und dessen Tugenden er in vielen Artikeln in der Fachzeitschrift Domus anpries, wo er jahrelang als RedakteurRead More &rarr;","og_url":"https:\/\/www.demosmobilia.ch\/de\/product\/teppichboden-mod-sardinien-monde\/","og_site_name":"demosmobilia","article_publisher":"https:\/\/www.facebook.com\/Demos-Mobilia-1137017453131445\/","og_image":[{"width":1200,"height":900,"url":"https:\/\/www.demosmobilia.ch\/wp-content\/uploads\/2019\/01\/arena_black_gio_ponti_amini_carpets_01-0.jpg","type":"image\/jpeg"}],"twitter_card":"summary_large_image","twitter_misc":{"Gesch\u00e4tzte Lesezeit":"2\u00a0Minuten"},"schema":{"@context":"https:\/\/schema.org","@graph":[{"@type":"WebPage","@id":"https:\/\/www.demosmobilia.ch\/de\/product\/teppichboden-mod-sardinien-monde\/","url":"https:\/\/www.demosmobilia.ch\/de\/product\/teppichboden-mod-sardinien-monde\/","name":"Teppichboden mod. Sardinien Monde &#8211; demosmobilia","isPartOf":{"@id":"https:\/\/www.demosmobilia.ch\/de\/#website"},"primaryImageOfPage":{"@id":"https:\/\/www.demosmobilia.ch\/de\/product\/teppichboden-mod-sardinien-monde\/#primaryimage"},"image":{"@id":"https:\/\/www.demosmobilia.ch\/de\/product\/teppichboden-mod-sardinien-monde\/#primaryimage"},"thumbnailUrl":"https:\/\/www.demosmobilia.ch\/wp-content\/uploads\/2019\/01\/arena_black_gio_ponti_amini_carpets_01-0.jpg","datePublished":"2019-01-28T11:00:00+00:00","dateModified":"2019-01-28T11:00:00+00:00","breadcrumb":{"@id":"https:\/\/www.demosmobilia.ch\/de\/product\/teppichboden-mod-sardinien-monde\/#breadcrumb"},"inLanguage":"de","potentialAction":[{"@type":"ReadAction","target":["https:\/\/www.demosmobilia.ch\/de\/product\/teppichboden-mod-sardinien-monde\/"]}]},{"@type":"ImageObject","inLanguage":"de","@id":"https:\/\/www.demosmobilia.ch\/de\/product\/teppichboden-mod-sardinien-monde\/#primaryimage","url":"https:\/\/www.demosmobilia.ch\/wp-content\/uploads\/2019\/01\/arena_black_gio_ponti_amini_carpets_01-0.jpg","contentUrl":"https:\/\/www.demosmobilia.ch\/wp-content\/uploads\/2019\/01\/arena_black_gio_ponti_amini_carpets_01-0.jpg","width":1200,"height":900},{"@type":"BreadcrumbList","@id":"https:\/\/www.demosmobilia.ch\/de\/product\/teppichboden-mod-sardinien-monde\/#breadcrumb","itemListElement":[{"@type":"ListItem","position":1,"name":"Home","item":"https:\/\/www.demosmobilia.ch\/de\/"},{"@type":"ListItem","position":2,"name":"Produkte","item":"https:\/\/www.demosmobilia.ch\/de\/shop\/"},{"@type":"ListItem","position":3,"name":"Teppichboden mod. Sardinien Monde"}]},{"@type":"WebSite","@id":"https:\/\/www.demosmobilia.ch\/de\/#website","url":"https:\/\/www.demosmobilia.ch\/de\/","name":"demosmobilia","description":"Vintage Mid Century Modern Design Furniture from the &#039;30s to the &#039;80s","publisher":{"@id":"https:\/\/www.demosmobilia.ch\/de\/#organization"},"potentialAction":[{"@type":"SearchAction","target":{"@type":"EntryPoint","urlTemplate":"https:\/\/www.demosmobilia.ch\/de\/?s={search_term_string}"},"query-input":{"@type":"PropertyValueSpecification","valueRequired":true,"valueName":"search_term_string"}}],"inLanguage":"de"},{"@type":"Organization","@id":"https:\/\/www.demosmobilia.ch\/de\/#organization","name":"demosmobilia","url":"https:\/\/www.demosmobilia.ch\/de\/","logo":{"@type":"ImageObject","inLanguage":"de","@id":"https:\/\/www.demosmobilia.ch\/de\/#\/schema\/logo\/image\/","url":"https:\/\/www.demosmobilia.ch\/wp-content\/uploads\/2020\/07\/demosmobilia-logo-2020-230-160.png","contentUrl":"https:\/\/www.demosmobilia.ch\/wp-content\/uploads\/2020\/07\/demosmobilia-logo-2020-230-160.png","width":230,"height":160,"caption":"demosmobilia"},"image":{"@id":"https:\/\/www.demosmobilia.ch\/de\/#\/schema\/logo\/image\/"},"sameAs":["https:\/\/www.facebook.com\/Demos-Mobilia-1137017453131445\/","https:\/\/www.instagram.com\/demosmobilia\/"]}]}},"_links":{"self":[{"href":"https:\/\/www.demosmobilia.ch\/de\/wp-json\/wp\/v2\/product\/45636","targetHints":{"allow":["GET"]}}],"collection":[{"href":"https:\/\/www.demosmobilia.ch\/de\/wp-json\/wp\/v2\/product"}],"about":[{"href":"https:\/\/www.demosmobilia.ch\/de\/wp-json\/wp\/v2\/types\/product"}],"wp:featuredmedia":[{"embeddable":true,"href":"https:\/\/www.demosmobilia.ch\/de\/wp-json\/wp\/v2\/media\/45637"}],"wp:attachment":[{"href":"https:\/\/www.demosmobilia.ch\/de\/wp-json\/wp\/v2\/media?parent=45636"}],"wp:term":[{"taxonomy":"product_cat","embeddable":true,"href":"https:\/\/www.demosmobilia.ch\/de\/wp-json\/wp\/v2\/product_cat?post=45636"},{"taxonomy":"product_tag","embeddable":true,"href":"https:\/\/www.demosmobilia.ch\/de\/wp-json\/wp\/v2\/product_tag?post=45636"}],"curies":[{"name":"wp","href":"https:\/\/api.w.org\/{rel}","templated":true}]}}