{"id":45437,"date":"2019-01-29T12:00:00","date_gmt":"2019-01-29T11:00:00","guid":{"rendered":"https:\/\/www.demosmobilia.ch\/product\/teppichboden-mod-composizione-57-10\/"},"modified":"2019-01-29T12:00:00","modified_gmt":"2019-01-29T11:00:00","slug":"teppichboden-mod-composizione-57-10","status":"publish","type":"product","link":"https:\/\/www.demosmobilia.ch\/de\/product\/teppichboden-mod-composizione-57-10\/","title":{"rendered":"Teppichboden mod. Composizione 57 10"},"content":{"rendered":"<p>Manlio Rho beginnt 1918 mit der Malerei und besch\u00e4ftigt sich auch mit Plakaten und Grafikdesign. Zwischen 1933 und &#8217;34, unter Abkehr von den anf\u00e4nglichen Trends des zwanzigsten Jahrhunderts, n\u00e4hert er sich 1935 der Abstraktion und nimmt mit Radice an einer Ausstellung in der Galerie Milione in Mailand teil. Im Jahr 1936 organisiert er in Como mit Sartoris Radice die Ausstellung der modernen italienischen Malerei. 1938 schlie\u00dft er sich der Gruppe Valori Primordiali an und unterzeichnet in den 40er Jahren das Manifest der Gruppo Primordiale Futuristi Sant&#8217;Elia mit Badiali, Cattaneo, Licini, Lingeri, Nizzoli, Prampolini, Radice und Sartoris. Er liebte seine Heimat, wo er geboren wurde und f\u00fcr immer lebte, aber er war auch sehr bewusst und sensibel f\u00fcr neue k\u00fcnstlerische Trends, die aus dem Ausland kamen. Wichtige Anregungen erhielt er durch das Beispiel des Bauhauses in Weimar und Dessau, aber auch durch den Neo-Plastizismus von Mondrian, mit dem er nicht nur den ethischen und theosophischen \u00dcberbau teilte, sondern auch das Konzept, Kunst durch reine Beziehungen von Formen und Farben zu machen.<\/p>\n","protected":false},"excerpt":{"rendered":"<p>Manlio Rho beginnt 1918 mit der Malerei und besch\u00e4ftigt sich auch mit Plakaten und Grafikdesign. Zwischen 1933 und &#8217;34, unter Abkehr von den anf\u00e4nglichen Trends des zwanzigsten Jahrhunderts, n\u00e4hert er sich 1935 der Abstraktion und nimmt mit Radice an einer Ausstellung in der Galerie Milione in Mailand teil. Im Jahr 1936 organisiert er in Como mit Sartoris Radice die Ausstellung der modernen italienischen Malerei. 1938 schlie\u00dft er sich der Gruppe Valori Primordiali an und unterzeichnet in den 40er Jahren das Manifest der Gruppo Primordiale Futuristi Sant&#8217;Elia mit Badiali, Cattaneo, Licini, Lingeri, Nizzoli, Prampolini, Radice und Sartoris. Er liebte seine Heimat, wo er geboren wurde und<a class=\"more-link\" href=\"https:\/\/www.demosmobilia.ch\/de\/product\/teppichboden-mod-composizione-57-10\/\">Read More &rarr;<\/a><\/p>\n","protected":false},"featured_media":45438,"template":"","meta":{"_monsterinsights_skip_tracking":false,"_monsterinsights_sitenote_active":false,"_monsterinsights_sitenote_note":"","_monsterinsights_sitenote_category":0,"kk_blocks_editor_width":"","_kiokenblocks_attr":"","_kiokenblocks_dimensions":""},"product_cat":[4149],"product_tag":[7044],"class_list":{"0":"entry","1":"author-demosmobilia","2":"post-45437","3":"product","4":"type-product","5":"status-publish","6":"has-post-thumbnail","7":"product_production-amini","8":"product_year-contemporary","9":"product_nation-italien-de","10":"product_cat-amini-teppiche","11":"product_tag-rho-manlio-de","13":"first","14":"instock","15":"shipping-taxable","16":"product-type-simple"},"yoast_head":"<!-- This site is optimized with the Yoast SEO plugin v24.0 - https:\/\/yoast.com\/wordpress\/plugins\/seo\/ -->\n<title>Teppichboden mod. Composizione 57 10 &#8211; demosmobilia<\/title>\n<meta name=\"robots\" content=\"index, follow, max-snippet:-1, max-image-preview:large, max-video-preview:-1\" \/>\n<link rel=\"canonical\" href=\"https:\/\/www.demosmobilia.ch\/de\/product\/teppichboden-mod-composizione-57-10\/\" \/>\n<meta property=\"og:locale\" content=\"de_DE\" \/>\n<meta property=\"og:type\" content=\"article\" \/>\n<meta property=\"og:title\" content=\"Teppichboden mod. Composizione 57 10 &#8211; demosmobilia\" \/>\n<meta property=\"og:description\" content=\"Manlio Rho beginnt 1918 mit der Malerei und besch\u00e4ftigt sich auch mit Plakaten und Grafikdesign. Zwischen 1933 und &#8217;34, unter Abkehr von den anf\u00e4nglichen Trends des zwanzigsten Jahrhunderts, n\u00e4hert er sich 1935 der Abstraktion und nimmt mit Radice an einer Ausstellung in der Galerie Milione in Mailand teil. Im Jahr 1936 organisiert er in Como mit Sartoris Radice die Ausstellung der modernen italienischen Malerei. 1938 schlie\u00dft er sich der Gruppe Valori Primordiali an und unterzeichnet in den 40er Jahren das Manifest der Gruppo Primordiale Futuristi Sant&#8217;Elia mit Badiali, Cattaneo, Licini, Lingeri, Nizzoli, Prampolini, Radice und Sartoris. Er liebte seine Heimat, wo er geboren wurde undRead More &rarr;\" \/>\n<meta property=\"og:url\" content=\"https:\/\/www.demosmobilia.ch\/de\/product\/teppichboden-mod-composizione-57-10\/\" \/>\n<meta property=\"og:site_name\" content=\"demosmobilia\" \/>\n<meta property=\"article:publisher\" content=\"https:\/\/www.facebook.com\/Demos-Mobilia-1137017453131445\/\" \/>\n<meta property=\"og:image\" content=\"https:\/\/www.demosmobilia.ch\/wp-content\/uploads\/2019\/01\/amini_rug_manlio_rho_carpet_5710_01.jpg\" \/>\n\t<meta property=\"og:image:width\" content=\"1200\" \/>\n\t<meta property=\"og:image:height\" content=\"900\" \/>\n\t<meta property=\"og:image:type\" content=\"image\/jpeg\" \/>\n<meta name=\"twitter:card\" content=\"summary_large_image\" \/>\n<meta name=\"twitter:label1\" content=\"Gesch\u00e4tzte Lesezeit\" \/>\n\t<meta name=\"twitter:data1\" content=\"1\u00a0Minute\" \/>\n<script type=\"application\/ld+json\" class=\"yoast-schema-graph\">{\"@context\":\"https:\/\/schema.org\",\"@graph\":[{\"@type\":\"WebPage\",\"@id\":\"https:\/\/www.demosmobilia.ch\/de\/product\/teppichboden-mod-composizione-57-10\/\",\"url\":\"https:\/\/www.demosmobilia.ch\/de\/product\/teppichboden-mod-composizione-57-10\/\",\"name\":\"Teppichboden mod. Composizione 57 10 &#8211; demosmobilia\",\"isPartOf\":{\"@id\":\"https:\/\/www.demosmobilia.ch\/de\/#website\"},\"primaryImageOfPage\":{\"@id\":\"https:\/\/www.demosmobilia.ch\/de\/product\/teppichboden-mod-composizione-57-10\/#primaryimage\"},\"image\":{\"@id\":\"https:\/\/www.demosmobilia.ch\/de\/product\/teppichboden-mod-composizione-57-10\/#primaryimage\"},\"thumbnailUrl\":\"https:\/\/www.demosmobilia.ch\/wp-content\/uploads\/2019\/01\/amini_rug_manlio_rho_carpet_5710_01.jpg\",\"datePublished\":\"2019-01-29T11:00:00+00:00\",\"dateModified\":\"2019-01-29T11:00:00+00:00\",\"breadcrumb\":{\"@id\":\"https:\/\/www.demosmobilia.ch\/de\/product\/teppichboden-mod-composizione-57-10\/#breadcrumb\"},\"inLanguage\":\"de\",\"potentialAction\":[{\"@type\":\"ReadAction\",\"target\":[\"https:\/\/www.demosmobilia.ch\/de\/product\/teppichboden-mod-composizione-57-10\/\"]}]},{\"@type\":\"ImageObject\",\"inLanguage\":\"de\",\"@id\":\"https:\/\/www.demosmobilia.ch\/de\/product\/teppichboden-mod-composizione-57-10\/#primaryimage\",\"url\":\"https:\/\/www.demosmobilia.ch\/wp-content\/uploads\/2019\/01\/amini_rug_manlio_rho_carpet_5710_01.jpg\",\"contentUrl\":\"https:\/\/www.demosmobilia.ch\/wp-content\/uploads\/2019\/01\/amini_rug_manlio_rho_carpet_5710_01.jpg\",\"width\":1200,\"height\":900},{\"@type\":\"BreadcrumbList\",\"@id\":\"https:\/\/www.demosmobilia.ch\/de\/product\/teppichboden-mod-composizione-57-10\/#breadcrumb\",\"itemListElement\":[{\"@type\":\"ListItem\",\"position\":1,\"name\":\"Home\",\"item\":\"https:\/\/www.demosmobilia.ch\/de\/\"},{\"@type\":\"ListItem\",\"position\":2,\"name\":\"Produkte\",\"item\":\"https:\/\/www.demosmobilia.ch\/de\/shop\/\"},{\"@type\":\"ListItem\",\"position\":3,\"name\":\"Teppichboden mod. Composizione 57 10\"}]},{\"@type\":\"WebSite\",\"@id\":\"https:\/\/www.demosmobilia.ch\/de\/#website\",\"url\":\"https:\/\/www.demosmobilia.ch\/de\/\",\"name\":\"demosmobilia\",\"description\":\"Vintage Mid Century Modern Design Furniture from the &#039;30s to the &#039;80s\",\"publisher\":{\"@id\":\"https:\/\/www.demosmobilia.ch\/de\/#organization\"},\"potentialAction\":[{\"@type\":\"SearchAction\",\"target\":{\"@type\":\"EntryPoint\",\"urlTemplate\":\"https:\/\/www.demosmobilia.ch\/de\/?s={search_term_string}\"},\"query-input\":{\"@type\":\"PropertyValueSpecification\",\"valueRequired\":true,\"valueName\":\"search_term_string\"}}],\"inLanguage\":\"de\"},{\"@type\":\"Organization\",\"@id\":\"https:\/\/www.demosmobilia.ch\/de\/#organization\",\"name\":\"demosmobilia\",\"url\":\"https:\/\/www.demosmobilia.ch\/de\/\",\"logo\":{\"@type\":\"ImageObject\",\"inLanguage\":\"de\",\"@id\":\"https:\/\/www.demosmobilia.ch\/de\/#\/schema\/logo\/image\/\",\"url\":\"https:\/\/www.demosmobilia.ch\/wp-content\/uploads\/2020\/07\/demosmobilia-logo-2020-230-160.png\",\"contentUrl\":\"https:\/\/www.demosmobilia.ch\/wp-content\/uploads\/2020\/07\/demosmobilia-logo-2020-230-160.png\",\"width\":230,\"height\":160,\"caption\":\"demosmobilia\"},\"image\":{\"@id\":\"https:\/\/www.demosmobilia.ch\/de\/#\/schema\/logo\/image\/\"},\"sameAs\":[\"https:\/\/www.facebook.com\/Demos-Mobilia-1137017453131445\/\",\"https:\/\/www.instagram.com\/demosmobilia\/\"]}]}<\/script>\n<!-- \/ Yoast SEO plugin. -->","yoast_head_json":{"title":"Teppichboden mod. Composizione 57 10 &#8211; demosmobilia","robots":{"index":"index","follow":"follow","max-snippet":"max-snippet:-1","max-image-preview":"max-image-preview:large","max-video-preview":"max-video-preview:-1"},"canonical":"https:\/\/www.demosmobilia.ch\/de\/product\/teppichboden-mod-composizione-57-10\/","og_locale":"de_DE","og_type":"article","og_title":"Teppichboden mod. Composizione 57 10 &#8211; demosmobilia","og_description":"Manlio Rho beginnt 1918 mit der Malerei und besch\u00e4ftigt sich auch mit Plakaten und Grafikdesign. Zwischen 1933 und &#8217;34, unter Abkehr von den anf\u00e4nglichen Trends des zwanzigsten Jahrhunderts, n\u00e4hert er sich 1935 der Abstraktion und nimmt mit Radice an einer Ausstellung in der Galerie Milione in Mailand teil. Im Jahr 1936 organisiert er in Como mit Sartoris Radice die Ausstellung der modernen italienischen Malerei. 1938 schlie\u00dft er sich der Gruppe Valori Primordiali an und unterzeichnet in den 40er Jahren das Manifest der Gruppo Primordiale Futuristi Sant&#8217;Elia mit Badiali, Cattaneo, Licini, Lingeri, Nizzoli, Prampolini, Radice und Sartoris. Er liebte seine Heimat, wo er geboren wurde undRead More &rarr;","og_url":"https:\/\/www.demosmobilia.ch\/de\/product\/teppichboden-mod-composizione-57-10\/","og_site_name":"demosmobilia","article_publisher":"https:\/\/www.facebook.com\/Demos-Mobilia-1137017453131445\/","og_image":[{"width":1200,"height":900,"url":"https:\/\/www.demosmobilia.ch\/wp-content\/uploads\/2019\/01\/amini_rug_manlio_rho_carpet_5710_01.jpg","type":"image\/jpeg"}],"twitter_card":"summary_large_image","twitter_misc":{"Gesch\u00e4tzte Lesezeit":"1\u00a0Minute"},"schema":{"@context":"https:\/\/schema.org","@graph":[{"@type":"WebPage","@id":"https:\/\/www.demosmobilia.ch\/de\/product\/teppichboden-mod-composizione-57-10\/","url":"https:\/\/www.demosmobilia.ch\/de\/product\/teppichboden-mod-composizione-57-10\/","name":"Teppichboden mod. Composizione 57 10 &#8211; demosmobilia","isPartOf":{"@id":"https:\/\/www.demosmobilia.ch\/de\/#website"},"primaryImageOfPage":{"@id":"https:\/\/www.demosmobilia.ch\/de\/product\/teppichboden-mod-composizione-57-10\/#primaryimage"},"image":{"@id":"https:\/\/www.demosmobilia.ch\/de\/product\/teppichboden-mod-composizione-57-10\/#primaryimage"},"thumbnailUrl":"https:\/\/www.demosmobilia.ch\/wp-content\/uploads\/2019\/01\/amini_rug_manlio_rho_carpet_5710_01.jpg","datePublished":"2019-01-29T11:00:00+00:00","dateModified":"2019-01-29T11:00:00+00:00","breadcrumb":{"@id":"https:\/\/www.demosmobilia.ch\/de\/product\/teppichboden-mod-composizione-57-10\/#breadcrumb"},"inLanguage":"de","potentialAction":[{"@type":"ReadAction","target":["https:\/\/www.demosmobilia.ch\/de\/product\/teppichboden-mod-composizione-57-10\/"]}]},{"@type":"ImageObject","inLanguage":"de","@id":"https:\/\/www.demosmobilia.ch\/de\/product\/teppichboden-mod-composizione-57-10\/#primaryimage","url":"https:\/\/www.demosmobilia.ch\/wp-content\/uploads\/2019\/01\/amini_rug_manlio_rho_carpet_5710_01.jpg","contentUrl":"https:\/\/www.demosmobilia.ch\/wp-content\/uploads\/2019\/01\/amini_rug_manlio_rho_carpet_5710_01.jpg","width":1200,"height":900},{"@type":"BreadcrumbList","@id":"https:\/\/www.demosmobilia.ch\/de\/product\/teppichboden-mod-composizione-57-10\/#breadcrumb","itemListElement":[{"@type":"ListItem","position":1,"name":"Home","item":"https:\/\/www.demosmobilia.ch\/de\/"},{"@type":"ListItem","position":2,"name":"Produkte","item":"https:\/\/www.demosmobilia.ch\/de\/shop\/"},{"@type":"ListItem","position":3,"name":"Teppichboden mod. Composizione 57 10"}]},{"@type":"WebSite","@id":"https:\/\/www.demosmobilia.ch\/de\/#website","url":"https:\/\/www.demosmobilia.ch\/de\/","name":"demosmobilia","description":"Vintage Mid Century Modern Design Furniture from the &#039;30s to the &#039;80s","publisher":{"@id":"https:\/\/www.demosmobilia.ch\/de\/#organization"},"potentialAction":[{"@type":"SearchAction","target":{"@type":"EntryPoint","urlTemplate":"https:\/\/www.demosmobilia.ch\/de\/?s={search_term_string}"},"query-input":{"@type":"PropertyValueSpecification","valueRequired":true,"valueName":"search_term_string"}}],"inLanguage":"de"},{"@type":"Organization","@id":"https:\/\/www.demosmobilia.ch\/de\/#organization","name":"demosmobilia","url":"https:\/\/www.demosmobilia.ch\/de\/","logo":{"@type":"ImageObject","inLanguage":"de","@id":"https:\/\/www.demosmobilia.ch\/de\/#\/schema\/logo\/image\/","url":"https:\/\/www.demosmobilia.ch\/wp-content\/uploads\/2020\/07\/demosmobilia-logo-2020-230-160.png","contentUrl":"https:\/\/www.demosmobilia.ch\/wp-content\/uploads\/2020\/07\/demosmobilia-logo-2020-230-160.png","width":230,"height":160,"caption":"demosmobilia"},"image":{"@id":"https:\/\/www.demosmobilia.ch\/de\/#\/schema\/logo\/image\/"},"sameAs":["https:\/\/www.facebook.com\/Demos-Mobilia-1137017453131445\/","https:\/\/www.instagram.com\/demosmobilia\/"]}]}},"_links":{"self":[{"href":"https:\/\/www.demosmobilia.ch\/de\/wp-json\/wp\/v2\/product\/45437","targetHints":{"allow":["GET"]}}],"collection":[{"href":"https:\/\/www.demosmobilia.ch\/de\/wp-json\/wp\/v2\/product"}],"about":[{"href":"https:\/\/www.demosmobilia.ch\/de\/wp-json\/wp\/v2\/types\/product"}],"wp:featuredmedia":[{"embeddable":true,"href":"https:\/\/www.demosmobilia.ch\/de\/wp-json\/wp\/v2\/media\/45438"}],"wp:attachment":[{"href":"https:\/\/www.demosmobilia.ch\/de\/wp-json\/wp\/v2\/media?parent=45437"}],"wp:term":[{"taxonomy":"product_cat","embeddable":true,"href":"https:\/\/www.demosmobilia.ch\/de\/wp-json\/wp\/v2\/product_cat?post=45437"},{"taxonomy":"product_tag","embeddable":true,"href":"https:\/\/www.demosmobilia.ch\/de\/wp-json\/wp\/v2\/product_tag?post=45437"}],"curies":[{"name":"wp","href":"https:\/\/api.w.org\/{rel}","templated":true}]}}