{"id":43639,"date":"2022-09-07T12:00:00","date_gmt":"2022-09-07T10:00:00","guid":{"rendered":"https:\/\/www.demosmobilia.ch\/product\/stehleuchte-mod-luminator\/"},"modified":"2019-09-14T12:00:00","modified_gmt":"2019-09-14T10:00:00","slug":"stehleuchte-mod-luminator","status":"publish","type":"product","link":"https:\/\/www.demosmobilia.ch\/de\/product\/stehleuchte-mod-luminator\/","title":{"rendered":"Stehleuchte mod. Luminator"},"content":{"rendered":"<p>Eine Leuchte mit einer so modernen Pers\u00f6nlichkeit, dass man ihr Geburtsdatum kaum glauben mag. Ein langer, schmaler Stiel \u00f6ffnet sich in einem Schwung nach oben und f\u00e4ngt einen nach oben gerichteten Kegel ein, der die Lichtquelle verbirgt. Luminator war das erste Beispiel einer indirekt strahlenden Stehleuchte auf dem Markt<\/p>\n","protected":false},"excerpt":{"rendered":"<p>Eine Leuchte mit einer so modernen Pers\u00f6nlichkeit, dass man ihr Geburtsdatum kaum glauben mag. Ein langer, schmaler Stiel \u00f6ffnet sich in einem Schwung nach oben und f\u00e4ngt einen nach oben gerichteten Kegel ein, der die Lichtquelle verbirgt. Luminator war das erste Beispiel einer indirekt strahlenden Stehleuchte auf dem Markt<a class=\"more-link\" href=\"https:\/\/www.demosmobilia.ch\/de\/product\/stehleuchte-mod-luminator\/\">Read More &rarr;<\/a><\/p>\n","protected":false},"featured_media":43640,"template":"","meta":{"_monsterinsights_skip_tracking":false,"_monsterinsights_sitenote_active":false,"_monsterinsights_sitenote_note":"","_monsterinsights_sitenote_category":0,"kk_blocks_editor_width":"","_kiokenblocks_attr":"","_kiokenblocks_dimensions":""},"product_cat":[4124],"product_tag":[6920],"class_list":{"0":"entry","1":"author-demosmobilia","2":"post-43639","3":"product","4":"type-product","5":"status-publish","6":"has-post-thumbnail","7":"product_production-fontana-arte","8":"product_year-3551","9":"product_nation-italien-de","10":"product_cat-stehleuchten","11":"product_tag-chiesa-pietro-de","13":"first","14":"outofstock","15":"shipping-taxable","16":"product-type-simple"},"yoast_head":"<!-- This site is optimized with the Yoast SEO plugin v24.0 - https:\/\/yoast.com\/wordpress\/plugins\/seo\/ -->\n<title>Stehleuchte mod. Luminator &#8211; demosmobilia<\/title>\n<meta name=\"robots\" content=\"index, follow, max-snippet:-1, max-image-preview:large, max-video-preview:-1\" \/>\n<link rel=\"canonical\" href=\"https:\/\/www.demosmobilia.ch\/de\/product\/stehleuchte-mod-luminator\/\" \/>\n<meta property=\"og:locale\" content=\"de_DE\" \/>\n<meta property=\"og:type\" content=\"article\" \/>\n<meta property=\"og:title\" content=\"Stehleuchte mod. Luminator &#8211; demosmobilia\" \/>\n<meta property=\"og:description\" content=\"Eine Leuchte mit einer so modernen Pers\u00f6nlichkeit, dass man ihr Geburtsdatum kaum glauben mag. Ein langer, schmaler Stiel \u00f6ffnet sich in einem Schwung nach oben und f\u00e4ngt einen nach oben gerichteten Kegel ein, der die Lichtquelle verbirgt. Luminator war das erste Beispiel einer indirekt strahlenden Stehleuchte auf dem MarktRead More &rarr;\" \/>\n<meta property=\"og:url\" content=\"https:\/\/www.demosmobilia.ch\/de\/product\/stehleuchte-mod-luminator\/\" \/>\n<meta property=\"og:site_name\" content=\"demosmobilia\" \/>\n<meta property=\"article:publisher\" content=\"https:\/\/www.facebook.com\/Demos-Mobilia-1137017453131445\/\" \/>\n<meta property=\"article:modified_time\" content=\"2019-09-14T10:00:00+00:00\" \/>\n<meta property=\"og:image\" content=\"https:\/\/www.demosmobilia.ch\/wp-content\/uploads\/2019\/09\/fontana_arte_pietro_chiesa_luminator_floor_lamp_01.jpg\" \/>\n\t<meta property=\"og:image:width\" content=\"1200\" \/>\n\t<meta property=\"og:image:height\" content=\"900\" \/>\n\t<meta property=\"og:image:type\" content=\"image\/jpeg\" \/>\n<meta name=\"twitter:card\" content=\"summary_large_image\" \/>\n<script type=\"application\/ld+json\" class=\"yoast-schema-graph\">{\"@context\":\"https:\/\/schema.org\",\"@graph\":[{\"@type\":\"WebPage\",\"@id\":\"https:\/\/www.demosmobilia.ch\/de\/product\/stehleuchte-mod-luminator\/\",\"url\":\"https:\/\/www.demosmobilia.ch\/de\/product\/stehleuchte-mod-luminator\/\",\"name\":\"Stehleuchte mod. Luminator &#8211; demosmobilia\",\"isPartOf\":{\"@id\":\"https:\/\/www.demosmobilia.ch\/de\/#website\"},\"primaryImageOfPage\":{\"@id\":\"https:\/\/www.demosmobilia.ch\/de\/product\/stehleuchte-mod-luminator\/#primaryimage\"},\"image\":{\"@id\":\"https:\/\/www.demosmobilia.ch\/de\/product\/stehleuchte-mod-luminator\/#primaryimage\"},\"thumbnailUrl\":\"https:\/\/www.demosmobilia.ch\/wp-content\/uploads\/2019\/09\/fontana_arte_pietro_chiesa_luminator_floor_lamp_01.jpg\",\"datePublished\":\"2022-09-07T10:00:00+00:00\",\"dateModified\":\"2019-09-14T10:00:00+00:00\",\"breadcrumb\":{\"@id\":\"https:\/\/www.demosmobilia.ch\/de\/product\/stehleuchte-mod-luminator\/#breadcrumb\"},\"inLanguage\":\"de\",\"potentialAction\":[{\"@type\":\"ReadAction\",\"target\":[\"https:\/\/www.demosmobilia.ch\/de\/product\/stehleuchte-mod-luminator\/\"]}]},{\"@type\":\"ImageObject\",\"inLanguage\":\"de\",\"@id\":\"https:\/\/www.demosmobilia.ch\/de\/product\/stehleuchte-mod-luminator\/#primaryimage\",\"url\":\"https:\/\/www.demosmobilia.ch\/wp-content\/uploads\/2019\/09\/fontana_arte_pietro_chiesa_luminator_floor_lamp_01.jpg\",\"contentUrl\":\"https:\/\/www.demosmobilia.ch\/wp-content\/uploads\/2019\/09\/fontana_arte_pietro_chiesa_luminator_floor_lamp_01.jpg\",\"width\":1200,\"height\":900},{\"@type\":\"BreadcrumbList\",\"@id\":\"https:\/\/www.demosmobilia.ch\/de\/product\/stehleuchte-mod-luminator\/#breadcrumb\",\"itemListElement\":[{\"@type\":\"ListItem\",\"position\":1,\"name\":\"Home\",\"item\":\"https:\/\/www.demosmobilia.ch\/de\/\"},{\"@type\":\"ListItem\",\"position\":2,\"name\":\"Produkte\",\"item\":\"https:\/\/www.demosmobilia.ch\/de\/shop\/\"},{\"@type\":\"ListItem\",\"position\":3,\"name\":\"Stehleuchte mod. Luminator\"}]},{\"@type\":\"WebSite\",\"@id\":\"https:\/\/www.demosmobilia.ch\/de\/#website\",\"url\":\"https:\/\/www.demosmobilia.ch\/de\/\",\"name\":\"demosmobilia\",\"description\":\"Vintage Mid Century Modern Design Furniture from the &#039;30s to the &#039;80s\",\"publisher\":{\"@id\":\"https:\/\/www.demosmobilia.ch\/de\/#organization\"},\"potentialAction\":[{\"@type\":\"SearchAction\",\"target\":{\"@type\":\"EntryPoint\",\"urlTemplate\":\"https:\/\/www.demosmobilia.ch\/de\/?s={search_term_string}\"},\"query-input\":{\"@type\":\"PropertyValueSpecification\",\"valueRequired\":true,\"valueName\":\"search_term_string\"}}],\"inLanguage\":\"de\"},{\"@type\":\"Organization\",\"@id\":\"https:\/\/www.demosmobilia.ch\/de\/#organization\",\"name\":\"demosmobilia\",\"url\":\"https:\/\/www.demosmobilia.ch\/de\/\",\"logo\":{\"@type\":\"ImageObject\",\"inLanguage\":\"de\",\"@id\":\"https:\/\/www.demosmobilia.ch\/de\/#\/schema\/logo\/image\/\",\"url\":\"https:\/\/www.demosmobilia.ch\/wp-content\/uploads\/2020\/07\/demosmobilia-logo-2020-230-160.png\",\"contentUrl\":\"https:\/\/www.demosmobilia.ch\/wp-content\/uploads\/2020\/07\/demosmobilia-logo-2020-230-160.png\",\"width\":230,\"height\":160,\"caption\":\"demosmobilia\"},\"image\":{\"@id\":\"https:\/\/www.demosmobilia.ch\/de\/#\/schema\/logo\/image\/\"},\"sameAs\":[\"https:\/\/www.facebook.com\/Demos-Mobilia-1137017453131445\/\",\"https:\/\/www.instagram.com\/demosmobilia\/\"]}]}<\/script>\n<!-- \/ Yoast SEO plugin. -->","yoast_head_json":{"title":"Stehleuchte mod. Luminator &#8211; demosmobilia","robots":{"index":"index","follow":"follow","max-snippet":"max-snippet:-1","max-image-preview":"max-image-preview:large","max-video-preview":"max-video-preview:-1"},"canonical":"https:\/\/www.demosmobilia.ch\/de\/product\/stehleuchte-mod-luminator\/","og_locale":"de_DE","og_type":"article","og_title":"Stehleuchte mod. Luminator &#8211; demosmobilia","og_description":"Eine Leuchte mit einer so modernen Pers\u00f6nlichkeit, dass man ihr Geburtsdatum kaum glauben mag. Ein langer, schmaler Stiel \u00f6ffnet sich in einem Schwung nach oben und f\u00e4ngt einen nach oben gerichteten Kegel ein, der die Lichtquelle verbirgt. Luminator war das erste Beispiel einer indirekt strahlenden Stehleuchte auf dem MarktRead More &rarr;","og_url":"https:\/\/www.demosmobilia.ch\/de\/product\/stehleuchte-mod-luminator\/","og_site_name":"demosmobilia","article_publisher":"https:\/\/www.facebook.com\/Demos-Mobilia-1137017453131445\/","article_modified_time":"2019-09-14T10:00:00+00:00","og_image":[{"width":1200,"height":900,"url":"https:\/\/www.demosmobilia.ch\/wp-content\/uploads\/2019\/09\/fontana_arte_pietro_chiesa_luminator_floor_lamp_01.jpg","type":"image\/jpeg"}],"twitter_card":"summary_large_image","schema":{"@context":"https:\/\/schema.org","@graph":[{"@type":"WebPage","@id":"https:\/\/www.demosmobilia.ch\/de\/product\/stehleuchte-mod-luminator\/","url":"https:\/\/www.demosmobilia.ch\/de\/product\/stehleuchte-mod-luminator\/","name":"Stehleuchte mod. Luminator &#8211; demosmobilia","isPartOf":{"@id":"https:\/\/www.demosmobilia.ch\/de\/#website"},"primaryImageOfPage":{"@id":"https:\/\/www.demosmobilia.ch\/de\/product\/stehleuchte-mod-luminator\/#primaryimage"},"image":{"@id":"https:\/\/www.demosmobilia.ch\/de\/product\/stehleuchte-mod-luminator\/#primaryimage"},"thumbnailUrl":"https:\/\/www.demosmobilia.ch\/wp-content\/uploads\/2019\/09\/fontana_arte_pietro_chiesa_luminator_floor_lamp_01.jpg","datePublished":"2022-09-07T10:00:00+00:00","dateModified":"2019-09-14T10:00:00+00:00","breadcrumb":{"@id":"https:\/\/www.demosmobilia.ch\/de\/product\/stehleuchte-mod-luminator\/#breadcrumb"},"inLanguage":"de","potentialAction":[{"@type":"ReadAction","target":["https:\/\/www.demosmobilia.ch\/de\/product\/stehleuchte-mod-luminator\/"]}]},{"@type":"ImageObject","inLanguage":"de","@id":"https:\/\/www.demosmobilia.ch\/de\/product\/stehleuchte-mod-luminator\/#primaryimage","url":"https:\/\/www.demosmobilia.ch\/wp-content\/uploads\/2019\/09\/fontana_arte_pietro_chiesa_luminator_floor_lamp_01.jpg","contentUrl":"https:\/\/www.demosmobilia.ch\/wp-content\/uploads\/2019\/09\/fontana_arte_pietro_chiesa_luminator_floor_lamp_01.jpg","width":1200,"height":900},{"@type":"BreadcrumbList","@id":"https:\/\/www.demosmobilia.ch\/de\/product\/stehleuchte-mod-luminator\/#breadcrumb","itemListElement":[{"@type":"ListItem","position":1,"name":"Home","item":"https:\/\/www.demosmobilia.ch\/de\/"},{"@type":"ListItem","position":2,"name":"Produkte","item":"https:\/\/www.demosmobilia.ch\/de\/shop\/"},{"@type":"ListItem","position":3,"name":"Stehleuchte mod. Luminator"}]},{"@type":"WebSite","@id":"https:\/\/www.demosmobilia.ch\/de\/#website","url":"https:\/\/www.demosmobilia.ch\/de\/","name":"demosmobilia","description":"Vintage Mid Century Modern Design Furniture from the &#039;30s to the &#039;80s","publisher":{"@id":"https:\/\/www.demosmobilia.ch\/de\/#organization"},"potentialAction":[{"@type":"SearchAction","target":{"@type":"EntryPoint","urlTemplate":"https:\/\/www.demosmobilia.ch\/de\/?s={search_term_string}"},"query-input":{"@type":"PropertyValueSpecification","valueRequired":true,"valueName":"search_term_string"}}],"inLanguage":"de"},{"@type":"Organization","@id":"https:\/\/www.demosmobilia.ch\/de\/#organization","name":"demosmobilia","url":"https:\/\/www.demosmobilia.ch\/de\/","logo":{"@type":"ImageObject","inLanguage":"de","@id":"https:\/\/www.demosmobilia.ch\/de\/#\/schema\/logo\/image\/","url":"https:\/\/www.demosmobilia.ch\/wp-content\/uploads\/2020\/07\/demosmobilia-logo-2020-230-160.png","contentUrl":"https:\/\/www.demosmobilia.ch\/wp-content\/uploads\/2020\/07\/demosmobilia-logo-2020-230-160.png","width":230,"height":160,"caption":"demosmobilia"},"image":{"@id":"https:\/\/www.demosmobilia.ch\/de\/#\/schema\/logo\/image\/"},"sameAs":["https:\/\/www.facebook.com\/Demos-Mobilia-1137017453131445\/","https:\/\/www.instagram.com\/demosmobilia\/"]}]}},"_links":{"self":[{"href":"https:\/\/www.demosmobilia.ch\/de\/wp-json\/wp\/v2\/product\/43639","targetHints":{"allow":["GET"]}}],"collection":[{"href":"https:\/\/www.demosmobilia.ch\/de\/wp-json\/wp\/v2\/product"}],"about":[{"href":"https:\/\/www.demosmobilia.ch\/de\/wp-json\/wp\/v2\/types\/product"}],"wp:featuredmedia":[{"embeddable":true,"href":"https:\/\/www.demosmobilia.ch\/de\/wp-json\/wp\/v2\/media\/43640"}],"wp:attachment":[{"href":"https:\/\/www.demosmobilia.ch\/de\/wp-json\/wp\/v2\/media?parent=43639"}],"wp:term":[{"taxonomy":"product_cat","embeddable":true,"href":"https:\/\/www.demosmobilia.ch\/de\/wp-json\/wp\/v2\/product_cat?post=43639"},{"taxonomy":"product_tag","embeddable":true,"href":"https:\/\/www.demosmobilia.ch\/de\/wp-json\/wp\/v2\/product_tag?post=43639"}],"curies":[{"name":"wp","href":"https:\/\/api.w.org\/{rel}","templated":true}]}}