{"id":43632,"date":"2019-09-16T12:00:00","date_gmt":"2019-09-16T10:00:00","guid":{"rendered":"https:\/\/www.demosmobilia.ch\/product\/rothko-mohair-filikli-tulu-teppich\/"},"modified":"2019-09-16T12:00:00","modified_gmt":"2019-09-16T10:00:00","slug":"rothko-mohair-filikli-tulu-teppich","status":"publish","type":"product","link":"https:\/\/www.demosmobilia.ch\/de\/product\/rothko-mohair-filikli-tulu-teppich\/","title":{"rendered":"Rothko&#8220; Mohair Filikli Tulu Teppich"},"content":{"rendered":"<p>Filikli&#8220;-Teppiche sind eine spezielle Art von Tulu-Teppich mit noch l\u00e4ngeren Mohair-Haaren als der Vollwoll-Tulu-Teppich. Es gibt Filikli-Teppiche, die aus einem oder mehreren Einzelteilen bestehen, die separat gef\u00e4rbt und dann von Hand zusammengen\u00e4ht werden. Der Begriff &#8222;Filik&#8220; bezieht sich auf die Haarstr\u00e4hnen an den Seiten der Mohairziegen. Eine Filikli-Bindung besteht aus Kette und Schuss und einem B\u00fcschel aus 20 bis 25 Zentimeter langen Ziegenfaserb\u00fcndeln, die mit Gordes-Knoten an den Kett- und Schussf\u00e4den befestigt sind. Wie die Tulu-Teppiche werden auch die Filikli-Teppiche f\u00fcr eine Vielzahl von Zwecken verwendet: Als Wanddekoration, zum \u00dcberziehen des Bettes oder Sofas und sogar als Gebetsteppich. Neben ihrer vielf\u00e4ltigen Verwendung sind Filikli-Teppiche auch als beliebte Sammlerst\u00fccke und Textilkunst bekannt. W\u00e4hrend einige durch ihre leuchtenden und gl\u00e4nzenden Farben ein echter Blickfang sind, sind andere einfach in ihren Naturt\u00f6nen belassen oder zeigen einfache geometrische Muster. Originale Tulu- und Filikli-Teppiche sind sehr selten.<\/p>\n","protected":false},"excerpt":{"rendered":"<p>Filikli&#8220;-Teppiche sind eine spezielle Art von Tulu-Teppich mit noch l\u00e4ngeren Mohair-Haaren als der Vollwoll-Tulu-Teppich. Es gibt Filikli-Teppiche, die aus einem oder mehreren Einzelteilen bestehen, die separat gef\u00e4rbt und dann von Hand zusammengen\u00e4ht werden. Der Begriff &#8222;Filik&#8220; bezieht sich auf die Haarstr\u00e4hnen an den Seiten der Mohairziegen. Eine Filikli-Bindung besteht aus Kette und Schuss und einem B\u00fcschel aus 20 bis 25 Zentimeter langen Ziegenfaserb\u00fcndeln, die mit Gordes-Knoten an den Kett- und Schussf\u00e4den befestigt sind. Wie die Tulu-Teppiche werden auch die Filikli-Teppiche f\u00fcr eine Vielzahl von Zwecken verwendet: Als Wanddekoration, zum \u00dcberziehen des Bettes oder Sofas und sogar als Gebetsteppich. Neben ihrer vielf\u00e4ltigen Verwendung sind Filikli-Teppiche auch<a class=\"more-link\" href=\"https:\/\/www.demosmobilia.ch\/de\/product\/rothko-mohair-filikli-tulu-teppich\/\">Read More &rarr;<\/a><\/p>\n","protected":false},"featured_media":43633,"template":"","meta":{"_monsterinsights_skip_tracking":false,"_monsterinsights_sitenote_active":false,"_monsterinsights_sitenote_note":"","_monsterinsights_sitenote_category":0,"kk_blocks_editor_width":"","_kiokenblocks_attr":"","_kiokenblocks_dimensions":""},"product_cat":[4145],"product_tag":[],"class_list":{"0":"entry","1":"author-demosmobilia","2":"post-43632","3":"product","4":"type-product","5":"status-publish","6":"has-post-thumbnail","7":"product_year-1960-approx","8":"product_nation-turkei","9":"product_cat-teppiche","11":"first","12":"instock","13":"sale","14":"shipping-taxable","15":"purchasable","16":"product-type-simple"},"yoast_head":"<!-- This site is optimized with the Yoast SEO plugin v24.0 - https:\/\/yoast.com\/wordpress\/plugins\/seo\/ -->\n<title>Rothko&quot; Mohair Filikli Tulu Teppich &#8211; demosmobilia<\/title>\n<meta name=\"robots\" content=\"index, follow, max-snippet:-1, max-image-preview:large, max-video-preview:-1\" \/>\n<link rel=\"canonical\" href=\"https:\/\/www.demosmobilia.ch\/de\/product\/rothko-mohair-filikli-tulu-teppich\/\" \/>\n<meta property=\"og:locale\" content=\"de_DE\" \/>\n<meta property=\"og:type\" content=\"article\" \/>\n<meta property=\"og:title\" content=\"Rothko&quot; Mohair Filikli Tulu Teppich &#8211; demosmobilia\" \/>\n<meta property=\"og:description\" content=\"Filikli&#8220;-Teppiche sind eine spezielle Art von Tulu-Teppich mit noch l\u00e4ngeren Mohair-Haaren als der Vollwoll-Tulu-Teppich. Es gibt Filikli-Teppiche, die aus einem oder mehreren Einzelteilen bestehen, die separat gef\u00e4rbt und dann von Hand zusammengen\u00e4ht werden. Der Begriff &#8222;Filik&#8220; bezieht sich auf die Haarstr\u00e4hnen an den Seiten der Mohairziegen. Eine Filikli-Bindung besteht aus Kette und Schuss und einem B\u00fcschel aus 20 bis 25 Zentimeter langen Ziegenfaserb\u00fcndeln, die mit Gordes-Knoten an den Kett- und Schussf\u00e4den befestigt sind. Wie die Tulu-Teppiche werden auch die Filikli-Teppiche f\u00fcr eine Vielzahl von Zwecken verwendet: Als Wanddekoration, zum \u00dcberziehen des Bettes oder Sofas und sogar als Gebetsteppich. Neben ihrer vielf\u00e4ltigen Verwendung sind Filikli-Teppiche auchRead More &rarr;\" \/>\n<meta property=\"og:url\" content=\"https:\/\/www.demosmobilia.ch\/de\/product\/rothko-mohair-filikli-tulu-teppich\/\" \/>\n<meta property=\"og:site_name\" content=\"demosmobilia\" \/>\n<meta property=\"article:publisher\" content=\"https:\/\/www.facebook.com\/Demos-Mobilia-1137017453131445\/\" \/>\n<meta property=\"og:image\" content=\"https:\/\/www.demosmobilia.ch\/wp-content\/uploads\/2019\/09\/tulu_rug_anatholia_1960_01-0.jpg\" \/>\n\t<meta property=\"og:image:width\" content=\"1200\" \/>\n\t<meta property=\"og:image:height\" content=\"900\" \/>\n\t<meta property=\"og:image:type\" content=\"image\/jpeg\" \/>\n<meta name=\"twitter:card\" content=\"summary_large_image\" \/>\n<meta name=\"twitter:label1\" content=\"Gesch\u00e4tzte Lesezeit\" \/>\n\t<meta name=\"twitter:data1\" content=\"1\u00a0Minute\" \/>\n<script type=\"application\/ld+json\" class=\"yoast-schema-graph\">{\"@context\":\"https:\/\/schema.org\",\"@graph\":[{\"@type\":\"WebPage\",\"@id\":\"https:\/\/www.demosmobilia.ch\/de\/product\/rothko-mohair-filikli-tulu-teppich\/\",\"url\":\"https:\/\/www.demosmobilia.ch\/de\/product\/rothko-mohair-filikli-tulu-teppich\/\",\"name\":\"Rothko\\\" Mohair Filikli Tulu Teppich &#8211; demosmobilia\",\"isPartOf\":{\"@id\":\"https:\/\/www.demosmobilia.ch\/de\/#website\"},\"primaryImageOfPage\":{\"@id\":\"https:\/\/www.demosmobilia.ch\/de\/product\/rothko-mohair-filikli-tulu-teppich\/#primaryimage\"},\"image\":{\"@id\":\"https:\/\/www.demosmobilia.ch\/de\/product\/rothko-mohair-filikli-tulu-teppich\/#primaryimage\"},\"thumbnailUrl\":\"https:\/\/www.demosmobilia.ch\/wp-content\/uploads\/2019\/09\/tulu_rug_anatholia_1960_01-0.jpg\",\"datePublished\":\"2019-09-16T10:00:00+00:00\",\"dateModified\":\"2019-09-16T10:00:00+00:00\",\"breadcrumb\":{\"@id\":\"https:\/\/www.demosmobilia.ch\/de\/product\/rothko-mohair-filikli-tulu-teppich\/#breadcrumb\"},\"inLanguage\":\"de\",\"potentialAction\":[{\"@type\":\"ReadAction\",\"target\":[\"https:\/\/www.demosmobilia.ch\/de\/product\/rothko-mohair-filikli-tulu-teppich\/\"]}]},{\"@type\":\"ImageObject\",\"inLanguage\":\"de\",\"@id\":\"https:\/\/www.demosmobilia.ch\/de\/product\/rothko-mohair-filikli-tulu-teppich\/#primaryimage\",\"url\":\"https:\/\/www.demosmobilia.ch\/wp-content\/uploads\/2019\/09\/tulu_rug_anatholia_1960_01-0.jpg\",\"contentUrl\":\"https:\/\/www.demosmobilia.ch\/wp-content\/uploads\/2019\/09\/tulu_rug_anatholia_1960_01-0.jpg\",\"width\":1200,\"height\":900},{\"@type\":\"BreadcrumbList\",\"@id\":\"https:\/\/www.demosmobilia.ch\/de\/product\/rothko-mohair-filikli-tulu-teppich\/#breadcrumb\",\"itemListElement\":[{\"@type\":\"ListItem\",\"position\":1,\"name\":\"Home\",\"item\":\"https:\/\/www.demosmobilia.ch\/de\/\"},{\"@type\":\"ListItem\",\"position\":2,\"name\":\"Produkte\",\"item\":\"https:\/\/www.demosmobilia.ch\/de\/shop\/\"},{\"@type\":\"ListItem\",\"position\":3,\"name\":\"Rothko&#8220; Mohair Filikli Tulu Teppich\"}]},{\"@type\":\"WebSite\",\"@id\":\"https:\/\/www.demosmobilia.ch\/de\/#website\",\"url\":\"https:\/\/www.demosmobilia.ch\/de\/\",\"name\":\"demosmobilia\",\"description\":\"Vintage Mid Century Modern Design Furniture from the &#039;30s to the &#039;80s\",\"publisher\":{\"@id\":\"https:\/\/www.demosmobilia.ch\/de\/#organization\"},\"potentialAction\":[{\"@type\":\"SearchAction\",\"target\":{\"@type\":\"EntryPoint\",\"urlTemplate\":\"https:\/\/www.demosmobilia.ch\/de\/?s={search_term_string}\"},\"query-input\":{\"@type\":\"PropertyValueSpecification\",\"valueRequired\":true,\"valueName\":\"search_term_string\"}}],\"inLanguage\":\"de\"},{\"@type\":\"Organization\",\"@id\":\"https:\/\/www.demosmobilia.ch\/de\/#organization\",\"name\":\"demosmobilia\",\"url\":\"https:\/\/www.demosmobilia.ch\/de\/\",\"logo\":{\"@type\":\"ImageObject\",\"inLanguage\":\"de\",\"@id\":\"https:\/\/www.demosmobilia.ch\/de\/#\/schema\/logo\/image\/\",\"url\":\"https:\/\/www.demosmobilia.ch\/wp-content\/uploads\/2020\/07\/demosmobilia-logo-2020-230-160.png\",\"contentUrl\":\"https:\/\/www.demosmobilia.ch\/wp-content\/uploads\/2020\/07\/demosmobilia-logo-2020-230-160.png\",\"width\":230,\"height\":160,\"caption\":\"demosmobilia\"},\"image\":{\"@id\":\"https:\/\/www.demosmobilia.ch\/de\/#\/schema\/logo\/image\/\"},\"sameAs\":[\"https:\/\/www.facebook.com\/Demos-Mobilia-1137017453131445\/\",\"https:\/\/www.instagram.com\/demosmobilia\/\"]}]}<\/script>\n<!-- \/ Yoast SEO plugin. -->","yoast_head_json":{"title":"Rothko\" Mohair Filikli Tulu Teppich &#8211; demosmobilia","robots":{"index":"index","follow":"follow","max-snippet":"max-snippet:-1","max-image-preview":"max-image-preview:large","max-video-preview":"max-video-preview:-1"},"canonical":"https:\/\/www.demosmobilia.ch\/de\/product\/rothko-mohair-filikli-tulu-teppich\/","og_locale":"de_DE","og_type":"article","og_title":"Rothko\" Mohair Filikli Tulu Teppich &#8211; demosmobilia","og_description":"Filikli&#8220;-Teppiche sind eine spezielle Art von Tulu-Teppich mit noch l\u00e4ngeren Mohair-Haaren als der Vollwoll-Tulu-Teppich. Es gibt Filikli-Teppiche, die aus einem oder mehreren Einzelteilen bestehen, die separat gef\u00e4rbt und dann von Hand zusammengen\u00e4ht werden. Der Begriff &#8222;Filik&#8220; bezieht sich auf die Haarstr\u00e4hnen an den Seiten der Mohairziegen. Eine Filikli-Bindung besteht aus Kette und Schuss und einem B\u00fcschel aus 20 bis 25 Zentimeter langen Ziegenfaserb\u00fcndeln, die mit Gordes-Knoten an den Kett- und Schussf\u00e4den befestigt sind. Wie die Tulu-Teppiche werden auch die Filikli-Teppiche f\u00fcr eine Vielzahl von Zwecken verwendet: Als Wanddekoration, zum \u00dcberziehen des Bettes oder Sofas und sogar als Gebetsteppich. Neben ihrer vielf\u00e4ltigen Verwendung sind Filikli-Teppiche auchRead More &rarr;","og_url":"https:\/\/www.demosmobilia.ch\/de\/product\/rothko-mohair-filikli-tulu-teppich\/","og_site_name":"demosmobilia","article_publisher":"https:\/\/www.facebook.com\/Demos-Mobilia-1137017453131445\/","og_image":[{"width":1200,"height":900,"url":"https:\/\/www.demosmobilia.ch\/wp-content\/uploads\/2019\/09\/tulu_rug_anatholia_1960_01-0.jpg","type":"image\/jpeg"}],"twitter_card":"summary_large_image","twitter_misc":{"Gesch\u00e4tzte Lesezeit":"1\u00a0Minute"},"schema":{"@context":"https:\/\/schema.org","@graph":[{"@type":"WebPage","@id":"https:\/\/www.demosmobilia.ch\/de\/product\/rothko-mohair-filikli-tulu-teppich\/","url":"https:\/\/www.demosmobilia.ch\/de\/product\/rothko-mohair-filikli-tulu-teppich\/","name":"Rothko\" Mohair Filikli Tulu Teppich &#8211; demosmobilia","isPartOf":{"@id":"https:\/\/www.demosmobilia.ch\/de\/#website"},"primaryImageOfPage":{"@id":"https:\/\/www.demosmobilia.ch\/de\/product\/rothko-mohair-filikli-tulu-teppich\/#primaryimage"},"image":{"@id":"https:\/\/www.demosmobilia.ch\/de\/product\/rothko-mohair-filikli-tulu-teppich\/#primaryimage"},"thumbnailUrl":"https:\/\/www.demosmobilia.ch\/wp-content\/uploads\/2019\/09\/tulu_rug_anatholia_1960_01-0.jpg","datePublished":"2019-09-16T10:00:00+00:00","dateModified":"2019-09-16T10:00:00+00:00","breadcrumb":{"@id":"https:\/\/www.demosmobilia.ch\/de\/product\/rothko-mohair-filikli-tulu-teppich\/#breadcrumb"},"inLanguage":"de","potentialAction":[{"@type":"ReadAction","target":["https:\/\/www.demosmobilia.ch\/de\/product\/rothko-mohair-filikli-tulu-teppich\/"]}]},{"@type":"ImageObject","inLanguage":"de","@id":"https:\/\/www.demosmobilia.ch\/de\/product\/rothko-mohair-filikli-tulu-teppich\/#primaryimage","url":"https:\/\/www.demosmobilia.ch\/wp-content\/uploads\/2019\/09\/tulu_rug_anatholia_1960_01-0.jpg","contentUrl":"https:\/\/www.demosmobilia.ch\/wp-content\/uploads\/2019\/09\/tulu_rug_anatholia_1960_01-0.jpg","width":1200,"height":900},{"@type":"BreadcrumbList","@id":"https:\/\/www.demosmobilia.ch\/de\/product\/rothko-mohair-filikli-tulu-teppich\/#breadcrumb","itemListElement":[{"@type":"ListItem","position":1,"name":"Home","item":"https:\/\/www.demosmobilia.ch\/de\/"},{"@type":"ListItem","position":2,"name":"Produkte","item":"https:\/\/www.demosmobilia.ch\/de\/shop\/"},{"@type":"ListItem","position":3,"name":"Rothko&#8220; Mohair Filikli Tulu Teppich"}]},{"@type":"WebSite","@id":"https:\/\/www.demosmobilia.ch\/de\/#website","url":"https:\/\/www.demosmobilia.ch\/de\/","name":"demosmobilia","description":"Vintage Mid Century Modern Design Furniture from the &#039;30s to the &#039;80s","publisher":{"@id":"https:\/\/www.demosmobilia.ch\/de\/#organization"},"potentialAction":[{"@type":"SearchAction","target":{"@type":"EntryPoint","urlTemplate":"https:\/\/www.demosmobilia.ch\/de\/?s={search_term_string}"},"query-input":{"@type":"PropertyValueSpecification","valueRequired":true,"valueName":"search_term_string"}}],"inLanguage":"de"},{"@type":"Organization","@id":"https:\/\/www.demosmobilia.ch\/de\/#organization","name":"demosmobilia","url":"https:\/\/www.demosmobilia.ch\/de\/","logo":{"@type":"ImageObject","inLanguage":"de","@id":"https:\/\/www.demosmobilia.ch\/de\/#\/schema\/logo\/image\/","url":"https:\/\/www.demosmobilia.ch\/wp-content\/uploads\/2020\/07\/demosmobilia-logo-2020-230-160.png","contentUrl":"https:\/\/www.demosmobilia.ch\/wp-content\/uploads\/2020\/07\/demosmobilia-logo-2020-230-160.png","width":230,"height":160,"caption":"demosmobilia"},"image":{"@id":"https:\/\/www.demosmobilia.ch\/de\/#\/schema\/logo\/image\/"},"sameAs":["https:\/\/www.facebook.com\/Demos-Mobilia-1137017453131445\/","https:\/\/www.instagram.com\/demosmobilia\/"]}]}},"_links":{"self":[{"href":"https:\/\/www.demosmobilia.ch\/de\/wp-json\/wp\/v2\/product\/43632","targetHints":{"allow":["GET"]}}],"collection":[{"href":"https:\/\/www.demosmobilia.ch\/de\/wp-json\/wp\/v2\/product"}],"about":[{"href":"https:\/\/www.demosmobilia.ch\/de\/wp-json\/wp\/v2\/types\/product"}],"wp:featuredmedia":[{"embeddable":true,"href":"https:\/\/www.demosmobilia.ch\/de\/wp-json\/wp\/v2\/media\/43633"}],"wp:attachment":[{"href":"https:\/\/www.demosmobilia.ch\/de\/wp-json\/wp\/v2\/media?parent=43632"}],"wp:term":[{"taxonomy":"product_cat","embeddable":true,"href":"https:\/\/www.demosmobilia.ch\/de\/wp-json\/wp\/v2\/product_cat?post=43632"},{"taxonomy":"product_tag","embeddable":true,"href":"https:\/\/www.demosmobilia.ch\/de\/wp-json\/wp\/v2\/product_tag?post=43632"}],"curies":[{"name":"wp","href":"https:\/\/api.w.org\/{rel}","templated":true}]}}